{"id":9754,"date":"2021-11-17T10:27:16","date_gmt":"2021-11-17T15:27:16","guid":{"rendered":"https:\/\/www.gpjbaker.com\/?page_id=9754"},"modified":"2026-02-27T20:10:09","modified_gmt":"2026-02-28T01:10:09","slug":"avondale","status":"publish","type":"page","link":"https:\/\/www.gpjbaker.com\/fr\/marques\/lee-jofa\/avondale\/","title":{"rendered":"Avondale"},"content":{"rendered":"<div class=\"wpb-content-wrapper\">[vc_row][vc_column][vc_column_text]Lee Jofa pr\u00e9sente sa derni\u00e8re collection, Avondale, offrant un assortiment sophistiqu\u00e9 de tissus et de rev\u00eatements muraux qui capture vraiment le charme du sud des \u00c9tats-Unis. Les motifs de cette collection \u00e9voquent une esth\u00e9tique traditionnelle fra\u00eeche, allant de motifs \u00e0 petite \u00e9chelle et de coordonn\u00e9es assorties, et ancr\u00e9s avec des imprim\u00e9s \u00e0 grande \u00e9chelle.[\/vc_column_text][\/vc_column][\/vc_row][vc_row][vc_column][vc_raw_js]JTNDc2NyaXB0JTIwdHlwZSUzRCUyMnRleHQlMkZqYXZhc2NyaXB0JTIyJTNFJTIwJTBBdmFyJTIwc2VhcmNoVVJMJTIwJTNEJTIwJTIyc29ydCUzRERBVEUlMjZ1c2UlM0RNdWx0aXB1cnBvc2UlMkNUcmltJTJDJTIwVXBob2xzdGVyeSUyQ1dhbGxjb3ZlcmluZyUyQ0N1cnRhaW5zJTI2Y29sbGVjdGlvbiUzREF2b25kYWxlJTIyJTBBJTIwJTNDJTJGc2NyaXB0JTNF[\/vc_raw_js][\/vc_column][\/vc_row]<\/div>","protected":false},"excerpt":{"rendered":"[vc_row][vc_column][vc_column_text]Lee Jofa pr\u00e9sente sa derni\u00e8re collection, Avondale, offrant un assortiment sophistiqu\u00e9 de tissus et de rev\u00eatements muraux qui capture vraiment le charme du sud des \u00c9tats-Unis. Les motifs de cette collection \u00e9voquent une esth\u00e9tique traditionnelle fra\u00eeche, allant de motifs \u00e0 petite \u00e9chelle et de coordonn\u00e9es assorties, et ancr\u00e9s avec des imprim\u00e9s \u00e0 grande \u00e9chelle.[\/vc_column_text][\/vc_column][\/vc_row][vc_row][vc_column][vc_raw_js]JTNDc2NyaXB0JTIwdHlwZSUzRCUyMnRleHQlMkZqYXZhc2NyaXB0JTIyJTNFJTIwJTBBdmFyJTIwc2VhcmNoVVJMJTIwJTNEJTIwJTIyc29ydCUzRERBVEUlMjZ1c2UlM0RNdWx0aXB1cnBvc2UlMkNUcmltJTJDJTIwVXBob2xzdGVyeSUyQ1dhbGxjb3ZlcmluZyUyQ0N1cnRhaW5zJTI2Y29sbGVjdGlvbiUzREF2b25kYWxlJTIyJTBBJTIwJTNDJTJGc2NyaXB0JTNF[\/vc_raw_js][\/vc_column][\/vc_row]","protected":false},"author":6,"featured_media":9773,"parent":5287,"menu_order":16,"comment_status":"closed","ping_status":"closed","template":"template-collections.php","meta":{"footnotes":""},"class_list":["post-9754","page","type-page","status-publish","has-post-thumbnail","hentry","page_language-fr"],"yoast_head":"<!-- This site is optimized with the Yoast SEO plugin v26.8 - https:\/\/yoast.com\/product\/yoast-seo-wordpress\/ -->\n<title>Avondale - G P &amp; J Baker<\/title>\n<meta name=\"description\" content=\"Lee Jofa introduces its latest collection, Avondale, offering a sophisticated assortment of fabric and wallcovering that truly captures the charm of the American south. The patterns in this collection evoke a fresh traditional aesthetic, ranging from small-scale motifs and go-with coordinates, and anchored with large scale prints.\" \/>\n<meta name=\"robots\" content=\"index, follow, max-snippet:-1, max-image-preview:large, max-video-preview:-1\" \/>\n<link rel=\"canonical\" href=\"https:\/\/www.gpjbaker.com\/fr\/marques\/lee-jofa\/avondale\/\" \/>\n<meta property=\"og:locale\" content=\"fr_FR\" \/>\n<meta property=\"og:type\" content=\"article\" \/>\n<meta property=\"og:title\" content=\"Avondale - G P &amp; J Baker\" \/>\n<meta property=\"og:description\" content=\"Lee Jofa introduces its latest collection, Avondale, offering a sophisticated assortment of fabric and wallcovering that truly captures the charm of the American south. The patterns in this collection evoke a fresh traditional aesthetic, ranging from small-scale motifs and go-with coordinates, and anchored with large scale prints.\" \/>\n<meta property=\"og:url\" content=\"https:\/\/www.gpjbaker.com\/fr\/marques\/lee-jofa\/avondale\/\" \/>\n<meta property=\"og:site_name\" content=\"G P &amp; J Baker\" \/>\n<meta property=\"article:modified_time\" content=\"2026-02-28T01:10:09+00:00\" \/>\n<meta property=\"og:image\" content=\"https:\/\/www.gpjbaker.com\/wp-content\/uploads\/2021\/11\/Avondale-Thumb-1.jpg\" \/>\n\t<meta property=\"og:image:width\" content=\"400\" \/>\n\t<meta property=\"og:image:height\" content=\"255\" \/>\n\t<meta property=\"og:image:type\" content=\"image\/jpeg\" \/>\n<meta name=\"twitter:card\" content=\"summary_large_image\" \/>\n<meta name=\"twitter:label1\" content=\"Est. reading time\" \/>\n\t<meta name=\"twitter:data1\" content=\"1 minute\" \/>\n<script type=\"application\/ld+json\" class=\"yoast-schema-graph\">{\"@context\":\"https:\/\/schema.org\",\"@graph\":[{\"@type\":\"WebPage\",\"@id\":\"https:\/\/www.gpjbaker.com\/fr\/marques\/lee-jofa\/avondale\/\",\"url\":\"https:\/\/www.gpjbaker.com\/fr\/marques\/lee-jofa\/avondale\/\",\"name\":\"Avondale - G P &amp; J Baker\",\"isPartOf\":{\"@id\":\"https:\/\/www.gpjbaker.com\/#website\"},\"primaryImageOfPage\":{\"@id\":\"https:\/\/www.gpjbaker.com\/fr\/marques\/lee-jofa\/avondale\/#primaryimage\"},\"image\":{\"@id\":\"https:\/\/www.gpjbaker.com\/fr\/marques\/lee-jofa\/avondale\/#primaryimage\"},\"thumbnailUrl\":\"https:\/\/www.gpjbaker.com\/wp-content\/uploads\/2021\/11\/Avondale-Thumb-1.jpg\",\"datePublished\":\"2021-11-17T15:27:16+00:00\",\"dateModified\":\"2026-02-28T01:10:09+00:00\",\"description\":\"Lee Jofa introduces its latest collection, Avondale, offering a sophisticated assortment of fabric and wallcovering that truly captures the charm of the American south. The patterns in this collection evoke a fresh traditional aesthetic, ranging from small-scale motifs and go-with coordinates, and anchored with large scale prints.\",\"breadcrumb\":{\"@id\":\"https:\/\/www.gpjbaker.com\/fr\/marques\/lee-jofa\/avondale\/#breadcrumb\"},\"inLanguage\":\"fr-FR\",\"potentialAction\":[{\"@type\":\"ReadAction\",\"target\":[\"https:\/\/www.gpjbaker.com\/fr\/marques\/lee-jofa\/avondale\/\"]}]},{\"@type\":\"ImageObject\",\"inLanguage\":\"fr-FR\",\"@id\":\"https:\/\/www.gpjbaker.com\/fr\/marques\/lee-jofa\/avondale\/#primaryimage\",\"url\":\"https:\/\/www.gpjbaker.com\/wp-content\/uploads\/2021\/11\/Avondale-Thumb-1.jpg\",\"contentUrl\":\"https:\/\/www.gpjbaker.com\/wp-content\/uploads\/2021\/11\/Avondale-Thumb-1.jpg\",\"width\":400,\"height\":255,\"caption\":\"Lee Jofa pr\u00e9sente sa derni\u00e8re collection, Avondale, offrant un assortiment sophistiqu\u00e9 de tissus et de rev\u00eatements muraux qui capture vraiment le charme du sud des \u00c9tats-Unis.\"},{\"@type\":\"BreadcrumbList\",\"@id\":\"https:\/\/www.gpjbaker.com\/fr\/marques\/lee-jofa\/avondale\/#breadcrumb\",\"itemListElement\":[{\"@type\":\"ListItem\",\"position\":1,\"name\":\"Home\",\"item\":\"https:\/\/www.gpjbaker.com\/fr\/\"},{\"@type\":\"ListItem\",\"position\":2,\"name\":\"Marques\",\"item\":\"https:\/\/www.gpjbaker.com\/fr\/marques\/\"},{\"@type\":\"ListItem\",\"position\":3,\"name\":\"Lee Jofa\",\"item\":\"https:\/\/www.gpjbaker.com\/fr\/marques\/lee-jofa\/\"},{\"@type\":\"ListItem\",\"position\":4,\"name\":\"Avondale\"}]},{\"@type\":\"WebSite\",\"@id\":\"https:\/\/www.gpjbaker.com\/#website\",\"url\":\"https:\/\/www.gpjbaker.com\/\",\"name\":\"G P &amp; J Baker\",\"description\":\"\",\"potentialAction\":[{\"@type\":\"SearchAction\",\"target\":{\"@type\":\"EntryPoint\",\"urlTemplate\":\"https:\/\/www.gpjbaker.com\/?s={search_term_string}\"},\"query-input\":{\"@type\":\"PropertyValueSpecification\",\"valueRequired\":true,\"valueName\":\"search_term_string\"}}],\"inLanguage\":\"fr-FR\"}]}<\/script>\n<!-- \/ Yoast SEO plugin. -->","yoast_head_json":{"title":"Avondale - G P &amp; J Baker","description":"Lee Jofa introduces its latest collection, Avondale, offering a sophisticated assortment of fabric and wallcovering that truly captures the charm of the American south. The patterns in this collection evoke a fresh traditional aesthetic, ranging from small-scale motifs and go-with coordinates, and anchored with large scale prints.","robots":{"index":"index","follow":"follow","max-snippet":"max-snippet:-1","max-image-preview":"max-image-preview:large","max-video-preview":"max-video-preview:-1"},"canonical":"https:\/\/www.gpjbaker.com\/fr\/marques\/lee-jofa\/avondale\/","og_locale":"fr_FR","og_type":"article","og_title":"Avondale - G P &amp; J Baker","og_description":"Lee Jofa introduces its latest collection, Avondale, offering a sophisticated assortment of fabric and wallcovering that truly captures the charm of the American south. The patterns in this collection evoke a fresh traditional aesthetic, ranging from small-scale motifs and go-with coordinates, and anchored with large scale prints.","og_url":"https:\/\/www.gpjbaker.com\/fr\/marques\/lee-jofa\/avondale\/","og_site_name":"G P &amp; J Baker","article_modified_time":"2026-02-28T01:10:09+00:00","og_image":[{"width":400,"height":255,"url":"https:\/\/www.gpjbaker.com\/wp-content\/uploads\/2021\/11\/Avondale-Thumb-1.jpg","type":"image\/jpeg"}],"twitter_card":"summary_large_image","twitter_misc":{"Est. reading time":"1 minute"},"schema":{"@context":"https:\/\/schema.org","@graph":[{"@type":"WebPage","@id":"https:\/\/www.gpjbaker.com\/fr\/marques\/lee-jofa\/avondale\/","url":"https:\/\/www.gpjbaker.com\/fr\/marques\/lee-jofa\/avondale\/","name":"Avondale - G P &amp; J Baker","isPartOf":{"@id":"https:\/\/www.gpjbaker.com\/#website"},"primaryImageOfPage":{"@id":"https:\/\/www.gpjbaker.com\/fr\/marques\/lee-jofa\/avondale\/#primaryimage"},"image":{"@id":"https:\/\/www.gpjbaker.com\/fr\/marques\/lee-jofa\/avondale\/#primaryimage"},"thumbnailUrl":"https:\/\/www.gpjbaker.com\/wp-content\/uploads\/2021\/11\/Avondale-Thumb-1.jpg","datePublished":"2021-11-17T15:27:16+00:00","dateModified":"2026-02-28T01:10:09+00:00","description":"Lee Jofa introduces its latest collection, Avondale, offering a sophisticated assortment of fabric and wallcovering that truly captures the charm of the American south. The patterns in this collection evoke a fresh traditional aesthetic, ranging from small-scale motifs and go-with coordinates, and anchored with large scale prints.","breadcrumb":{"@id":"https:\/\/www.gpjbaker.com\/fr\/marques\/lee-jofa\/avondale\/#breadcrumb"},"inLanguage":"fr-FR","potentialAction":[{"@type":"ReadAction","target":["https:\/\/www.gpjbaker.com\/fr\/marques\/lee-jofa\/avondale\/"]}]},{"@type":"ImageObject","inLanguage":"fr-FR","@id":"https:\/\/www.gpjbaker.com\/fr\/marques\/lee-jofa\/avondale\/#primaryimage","url":"https:\/\/www.gpjbaker.com\/wp-content\/uploads\/2021\/11\/Avondale-Thumb-1.jpg","contentUrl":"https:\/\/www.gpjbaker.com\/wp-content\/uploads\/2021\/11\/Avondale-Thumb-1.jpg","width":400,"height":255,"caption":"Lee Jofa pr\u00e9sente sa derni\u00e8re collection, Avondale, offrant un assortiment sophistiqu\u00e9 de tissus et de rev\u00eatements muraux qui capture vraiment le charme du sud des \u00c9tats-Unis."},{"@type":"BreadcrumbList","@id":"https:\/\/www.gpjbaker.com\/fr\/marques\/lee-jofa\/avondale\/#breadcrumb","itemListElement":[{"@type":"ListItem","position":1,"name":"Home","item":"https:\/\/www.gpjbaker.com\/fr\/"},{"@type":"ListItem","position":2,"name":"Marques","item":"https:\/\/www.gpjbaker.com\/fr\/marques\/"},{"@type":"ListItem","position":3,"name":"Lee Jofa","item":"https:\/\/www.gpjbaker.com\/fr\/marques\/lee-jofa\/"},{"@type":"ListItem","position":4,"name":"Avondale"}]},{"@type":"WebSite","@id":"https:\/\/www.gpjbaker.com\/#website","url":"https:\/\/www.gpjbaker.com\/","name":"G P &amp; J Baker","description":"","potentialAction":[{"@type":"SearchAction","target":{"@type":"EntryPoint","urlTemplate":"https:\/\/www.gpjbaker.com\/?s={search_term_string}"},"query-input":{"@type":"PropertyValueSpecification","valueRequired":true,"valueName":"search_term_string"}}],"inLanguage":"fr-FR"}]}},"_links":{"self":[{"href":"https:\/\/www.gpjbaker.com\/fr\/wp-json\/wp\/v2\/pages\/9754","targetHints":{"allow":["GET"]}}],"collection":[{"href":"https:\/\/www.gpjbaker.com\/fr\/wp-json\/wp\/v2\/pages"}],"about":[{"href":"https:\/\/www.gpjbaker.com\/fr\/wp-json\/wp\/v2\/types\/page"}],"author":[{"embeddable":true,"href":"https:\/\/www.gpjbaker.com\/fr\/wp-json\/wp\/v2\/users\/6"}],"replies":[{"embeddable":true,"href":"https:\/\/www.gpjbaker.com\/fr\/wp-json\/wp\/v2\/comments?post=9754"}],"version-history":[{"count":3,"href":"https:\/\/www.gpjbaker.com\/fr\/wp-json\/wp\/v2\/pages\/9754\/revisions"}],"predecessor-version":[{"id":9775,"href":"https:\/\/www.gpjbaker.com\/fr\/wp-json\/wp\/v2\/pages\/9754\/revisions\/9775"}],"up":[{"embeddable":true,"href":"https:\/\/www.gpjbaker.com\/fr\/wp-json\/wp\/v2\/pages\/5287"}],"wp:featuredmedia":[{"embeddable":true,"href":"https:\/\/www.gpjbaker.com\/fr\/wp-json\/wp\/v2\/media\/9773"}],"wp:attachment":[{"href":"https:\/\/www.gpjbaker.com\/fr\/wp-json\/wp\/v2\/media?parent=9754"}],"curies":[{"name":"wp","href":"https:\/\/api.w.org\/{rel}","templated":true}]}}