{"id":9689,"date":"2021-10-11T12:09:17","date_gmt":"2021-10-11T17:09:17","guid":{"rendered":"https:\/\/www.gpjbaker.com\/?page_id=9689"},"modified":"2025-09-09T12:48:48","modified_gmt":"2025-09-09T17:48:48","slug":"linherr-hollingsworth-boheme-ii","status":"publish","type":"page","link":"https:\/\/www.gpjbaker.com\/fr\/marques\/kravet\/linherr-hollingsworth-boheme-ii\/","title":{"rendered":"Linherr Hollingsworth Boheme II"},"content":{"rendered":"<div class=\"wpb-content-wrapper\">[vc_row][vc_column][vc_column_text]Kravet Couture pr\u00e9sente Boh\u00e8me II, sa deuxi\u00e8me collection avec l&#8217;architecte d&#8217;int\u00e9rieur Linherr Hollingsworth. Cette magnifique collection de tissus, de garnitures et de rev\u00eatements muraux reprend l\u00e0 o\u00f9 Hollingsworth s&#8217;est arr\u00eat\u00e9e avec sa premi\u00e8re collection de style de vie Boh\u00e8me I. Profond\u00e9ment enracin\u00e9e dans le classicisme avec une ambiance soul, Boh\u00e8me II partage une base similaire avec un fort accent sur l&#8217;art et l&#8217;architecture, exprim\u00e9 avec un main plus libre. Merveilleusement luxueuse et moderne, cette collection est d\u00e9contract\u00e9e et particuli\u00e8rement pertinente pour les int\u00e9rieurs d&#8217;aujourd&#8217;hui.[\/vc_column_text][\/vc_column][\/vc_row][vc_row][vc_column][vc_raw_js]JTNDc2NyaXB0JTIwdHlwZSUzRCUyMnRleHQlMkZqYXZhc2NyaXB0JTIyJTNFJTIwJTBBdmFyJTIwc2VhcmNoVVJMJTIwJTNEJTIwJTIyc29ydCUzRERBVEUlMjZ1c2UlM0RNdWx0aXB1cnBvc2UlMkNUcmltJTJDJTIwVXBob2xzdGVyeSUyQ1dhbGxjb3ZlcmluZyUyQ0N1cnRhaW5zJTI2Y29sbGVjdGlvbiUzRExpbmhlcnIlMjBIb2xsaW5nc3dvcnRoJTIwQm9oZW1lJTIwSWklMjIlMEElMjAlM0MlMkZzY3JpcHQlM0U=[\/vc_raw_js][\/vc_column][\/vc_row]<\/div>","protected":false},"excerpt":{"rendered":"[vc_row][vc_column][vc_column_text]Kravet Couture pr\u00e9sente Boh\u00e8me II, sa deuxi\u00e8me collection avec l&#8217;architecte d&#8217;int\u00e9rieur Linherr Hollingsworth. Cette magnifique collection de tissus, de garnitures et de rev\u00eatements muraux reprend l\u00e0 o\u00f9 Hollingsworth s&#8217;est arr\u00eat\u00e9e avec sa premi\u00e8re collection de style de vie Boh\u00e8me I. Profond\u00e9ment enracin\u00e9e dans le classicisme avec une ambiance soul, Boh\u00e8me II partage une base similaire&#8230; <a class=\"view-article\" href=\"https:\/\/www.gpjbaker.com\/fr\/marques\/kravet\/linherr-hollingsworth-boheme-ii\/\">Voir l&#8217;article<\/a>","protected":false},"author":6,"featured_media":9579,"parent":5291,"menu_order":0,"comment_status":"closed","ping_status":"closed","template":"template-collections.php","meta":{"footnotes":""},"class_list":["post-9689","page","type-page","status-publish","has-post-thumbnail","hentry","page_language-fr"],"yoast_head":"<!-- This site is optimized with the Yoast SEO plugin v26.8 - https:\/\/yoast.com\/product\/yoast-seo-wordpress\/ -->\n<title>Linherr Hollingsworth Boheme II - G P &amp; J Baker<\/title>\n<meta name=\"robots\" content=\"index, follow, max-snippet:-1, max-image-preview:large, max-video-preview:-1\" \/>\n<link rel=\"canonical\" href=\"https:\/\/www.gpjbaker.com\/fr\/marques\/kravet\/linherr-hollingsworth-boheme-ii\/\" \/>\n<meta property=\"og:locale\" content=\"fr_FR\" \/>\n<meta property=\"og:type\" content=\"article\" \/>\n<meta property=\"og:title\" content=\"Linherr Hollingsworth Boheme II - G P &amp; J Baker\" \/>\n<meta property=\"og:description\" content=\"[vc_row][vc_column][vc_column_text]Kravet Couture pr\u00e9sente Boh\u00e8me II, sa deuxi\u00e8me collection avec l&#8217;architecte d&#8217;int\u00e9rieur Linherr Hollingsworth. Cette magnifique collection de tissus, de garnitures et de rev\u00eatements muraux reprend l\u00e0 o\u00f9 Hollingsworth s&#8217;est arr\u00eat\u00e9e avec sa premi\u00e8re collection de style de vie Boh\u00e8me I. Profond\u00e9ment enracin\u00e9e dans le classicisme avec une ambiance soul, Boh\u00e8me II partage une base similaire... Voir l&#039;article\" \/>\n<meta property=\"og:url\" content=\"https:\/\/www.gpjbaker.com\/fr\/marques\/kravet\/linherr-hollingsworth-boheme-ii\/\" \/>\n<meta property=\"og:site_name\" content=\"G P &amp; J Baker\" \/>\n<meta property=\"article:modified_time\" content=\"2025-09-09T17:48:48+00:00\" \/>\n<meta property=\"og:image\" content=\"https:\/\/www.gpjbaker.com\/wp-content\/uploads\/2021\/09\/Boheme-II-Thumb.jpg\" \/>\n\t<meta property=\"og:image:width\" content=\"400\" \/>\n\t<meta property=\"og:image:height\" content=\"255\" \/>\n\t<meta property=\"og:image:type\" content=\"image\/jpeg\" \/>\n<meta name=\"twitter:card\" content=\"summary_large_image\" \/>\n<meta name=\"twitter:label1\" content=\"Est. reading time\" \/>\n\t<meta name=\"twitter:data1\" content=\"1 minute\" \/>\n<script type=\"application\/ld+json\" class=\"yoast-schema-graph\">{\"@context\":\"https:\/\/schema.org\",\"@graph\":[{\"@type\":\"WebPage\",\"@id\":\"https:\/\/www.gpjbaker.com\/fr\/marques\/kravet\/linherr-hollingsworth-boheme-ii\/\",\"url\":\"https:\/\/www.gpjbaker.com\/fr\/marques\/kravet\/linherr-hollingsworth-boheme-ii\/\",\"name\":\"Linherr Hollingsworth Boheme II - G P &amp; J Baker\",\"isPartOf\":{\"@id\":\"https:\/\/www.gpjbaker.com\/#website\"},\"primaryImageOfPage\":{\"@id\":\"https:\/\/www.gpjbaker.com\/fr\/marques\/kravet\/linherr-hollingsworth-boheme-ii\/#primaryimage\"},\"image\":{\"@id\":\"https:\/\/www.gpjbaker.com\/fr\/marques\/kravet\/linherr-hollingsworth-boheme-ii\/#primaryimage\"},\"thumbnailUrl\":\"https:\/\/www.gpjbaker.com\/wp-content\/uploads\/2021\/09\/Boheme-II-Thumb.jpg\",\"datePublished\":\"2021-10-11T17:09:17+00:00\",\"dateModified\":\"2025-09-09T17:48:48+00:00\",\"breadcrumb\":{\"@id\":\"https:\/\/www.gpjbaker.com\/fr\/marques\/kravet\/linherr-hollingsworth-boheme-ii\/#breadcrumb\"},\"inLanguage\":\"fr-FR\",\"potentialAction\":[{\"@type\":\"ReadAction\",\"target\":[\"https:\/\/www.gpjbaker.com\/fr\/marques\/kravet\/linherr-hollingsworth-boheme-ii\/\"]}]},{\"@type\":\"ImageObject\",\"inLanguage\":\"fr-FR\",\"@id\":\"https:\/\/www.gpjbaker.com\/fr\/marques\/kravet\/linherr-hollingsworth-boheme-ii\/#primaryimage\",\"url\":\"https:\/\/www.gpjbaker.com\/wp-content\/uploads\/2021\/09\/Boheme-II-Thumb.jpg\",\"contentUrl\":\"https:\/\/www.gpjbaker.com\/wp-content\/uploads\/2021\/09\/Boheme-II-Thumb.jpg\",\"width\":400,\"height\":255,\"caption\":\"Kravet Couture pr\u00e9sente Boh\u00e8me II, sa deuxi\u00e8me collection avec l'architecte d'int\u00e9rieur Linherr Hollingsworth.\"},{\"@type\":\"BreadcrumbList\",\"@id\":\"https:\/\/www.gpjbaker.com\/fr\/marques\/kravet\/linherr-hollingsworth-boheme-ii\/#breadcrumb\",\"itemListElement\":[{\"@type\":\"ListItem\",\"position\":1,\"name\":\"Home\",\"item\":\"https:\/\/www.gpjbaker.com\/fr\/\"},{\"@type\":\"ListItem\",\"position\":2,\"name\":\"Marques\",\"item\":\"https:\/\/www.gpjbaker.com\/fr\/marques\/\"},{\"@type\":\"ListItem\",\"position\":3,\"name\":\"Kravet\",\"item\":\"https:\/\/www.gpjbaker.com\/fr\/marques\/kravet\/\"},{\"@type\":\"ListItem\",\"position\":4,\"name\":\"Linherr Hollingsworth Boheme II\"}]},{\"@type\":\"WebSite\",\"@id\":\"https:\/\/www.gpjbaker.com\/#website\",\"url\":\"https:\/\/www.gpjbaker.com\/\",\"name\":\"G P &amp; J Baker\",\"description\":\"\",\"potentialAction\":[{\"@type\":\"SearchAction\",\"target\":{\"@type\":\"EntryPoint\",\"urlTemplate\":\"https:\/\/www.gpjbaker.com\/?s={search_term_string}\"},\"query-input\":{\"@type\":\"PropertyValueSpecification\",\"valueRequired\":true,\"valueName\":\"search_term_string\"}}],\"inLanguage\":\"fr-FR\"}]}<\/script>\n<!-- \/ Yoast SEO plugin. -->","yoast_head_json":{"title":"Linherr Hollingsworth Boheme II - G P &amp; J Baker","robots":{"index":"index","follow":"follow","max-snippet":"max-snippet:-1","max-image-preview":"max-image-preview:large","max-video-preview":"max-video-preview:-1"},"canonical":"https:\/\/www.gpjbaker.com\/fr\/marques\/kravet\/linherr-hollingsworth-boheme-ii\/","og_locale":"fr_FR","og_type":"article","og_title":"Linherr Hollingsworth Boheme II - G P &amp; J Baker","og_description":"[vc_row][vc_column][vc_column_text]Kravet Couture pr\u00e9sente Boh\u00e8me II, sa deuxi\u00e8me collection avec l&#8217;architecte d&#8217;int\u00e9rieur Linherr Hollingsworth. Cette magnifique collection de tissus, de garnitures et de rev\u00eatements muraux reprend l\u00e0 o\u00f9 Hollingsworth s&#8217;est arr\u00eat\u00e9e avec sa premi\u00e8re collection de style de vie Boh\u00e8me I. Profond\u00e9ment enracin\u00e9e dans le classicisme avec une ambiance soul, Boh\u00e8me II partage une base similaire... Voir l'article","og_url":"https:\/\/www.gpjbaker.com\/fr\/marques\/kravet\/linherr-hollingsworth-boheme-ii\/","og_site_name":"G P &amp; J Baker","article_modified_time":"2025-09-09T17:48:48+00:00","og_image":[{"width":400,"height":255,"url":"https:\/\/www.gpjbaker.com\/wp-content\/uploads\/2021\/09\/Boheme-II-Thumb.jpg","type":"image\/jpeg"}],"twitter_card":"summary_large_image","twitter_misc":{"Est. reading time":"1 minute"},"schema":{"@context":"https:\/\/schema.org","@graph":[{"@type":"WebPage","@id":"https:\/\/www.gpjbaker.com\/fr\/marques\/kravet\/linherr-hollingsworth-boheme-ii\/","url":"https:\/\/www.gpjbaker.com\/fr\/marques\/kravet\/linherr-hollingsworth-boheme-ii\/","name":"Linherr Hollingsworth Boheme II - G P &amp; J Baker","isPartOf":{"@id":"https:\/\/www.gpjbaker.com\/#website"},"primaryImageOfPage":{"@id":"https:\/\/www.gpjbaker.com\/fr\/marques\/kravet\/linherr-hollingsworth-boheme-ii\/#primaryimage"},"image":{"@id":"https:\/\/www.gpjbaker.com\/fr\/marques\/kravet\/linherr-hollingsworth-boheme-ii\/#primaryimage"},"thumbnailUrl":"https:\/\/www.gpjbaker.com\/wp-content\/uploads\/2021\/09\/Boheme-II-Thumb.jpg","datePublished":"2021-10-11T17:09:17+00:00","dateModified":"2025-09-09T17:48:48+00:00","breadcrumb":{"@id":"https:\/\/www.gpjbaker.com\/fr\/marques\/kravet\/linherr-hollingsworth-boheme-ii\/#breadcrumb"},"inLanguage":"fr-FR","potentialAction":[{"@type":"ReadAction","target":["https:\/\/www.gpjbaker.com\/fr\/marques\/kravet\/linherr-hollingsworth-boheme-ii\/"]}]},{"@type":"ImageObject","inLanguage":"fr-FR","@id":"https:\/\/www.gpjbaker.com\/fr\/marques\/kravet\/linherr-hollingsworth-boheme-ii\/#primaryimage","url":"https:\/\/www.gpjbaker.com\/wp-content\/uploads\/2021\/09\/Boheme-II-Thumb.jpg","contentUrl":"https:\/\/www.gpjbaker.com\/wp-content\/uploads\/2021\/09\/Boheme-II-Thumb.jpg","width":400,"height":255,"caption":"Kravet Couture pr\u00e9sente Boh\u00e8me II, sa deuxi\u00e8me collection avec l'architecte d'int\u00e9rieur Linherr Hollingsworth."},{"@type":"BreadcrumbList","@id":"https:\/\/www.gpjbaker.com\/fr\/marques\/kravet\/linherr-hollingsworth-boheme-ii\/#breadcrumb","itemListElement":[{"@type":"ListItem","position":1,"name":"Home","item":"https:\/\/www.gpjbaker.com\/fr\/"},{"@type":"ListItem","position":2,"name":"Marques","item":"https:\/\/www.gpjbaker.com\/fr\/marques\/"},{"@type":"ListItem","position":3,"name":"Kravet","item":"https:\/\/www.gpjbaker.com\/fr\/marques\/kravet\/"},{"@type":"ListItem","position":4,"name":"Linherr Hollingsworth Boheme II"}]},{"@type":"WebSite","@id":"https:\/\/www.gpjbaker.com\/#website","url":"https:\/\/www.gpjbaker.com\/","name":"G P &amp; J Baker","description":"","potentialAction":[{"@type":"SearchAction","target":{"@type":"EntryPoint","urlTemplate":"https:\/\/www.gpjbaker.com\/?s={search_term_string}"},"query-input":{"@type":"PropertyValueSpecification","valueRequired":true,"valueName":"search_term_string"}}],"inLanguage":"fr-FR"}]}},"_links":{"self":[{"href":"https:\/\/www.gpjbaker.com\/fr\/wp-json\/wp\/v2\/pages\/9689","targetHints":{"allow":["GET"]}}],"collection":[{"href":"https:\/\/www.gpjbaker.com\/fr\/wp-json\/wp\/v2\/pages"}],"about":[{"href":"https:\/\/www.gpjbaker.com\/fr\/wp-json\/wp\/v2\/types\/page"}],"author":[{"embeddable":true,"href":"https:\/\/www.gpjbaker.com\/fr\/wp-json\/wp\/v2\/users\/6"}],"replies":[{"embeddable":true,"href":"https:\/\/www.gpjbaker.com\/fr\/wp-json\/wp\/v2\/comments?post=9689"}],"version-history":[{"count":3,"href":"https:\/\/www.gpjbaker.com\/fr\/wp-json\/wp\/v2\/pages\/9689\/revisions"}],"predecessor-version":[{"id":9692,"href":"https:\/\/www.gpjbaker.com\/fr\/wp-json\/wp\/v2\/pages\/9689\/revisions\/9692"}],"up":[{"embeddable":true,"href":"https:\/\/www.gpjbaker.com\/fr\/wp-json\/wp\/v2\/pages\/5291"}],"wp:featuredmedia":[{"embeddable":true,"href":"https:\/\/www.gpjbaker.com\/fr\/wp-json\/wp\/v2\/media\/9579"}],"wp:attachment":[{"href":"https:\/\/www.gpjbaker.com\/fr\/wp-json\/wp\/v2\/media?parent=9689"}],"curies":[{"name":"wp","href":"https:\/\/api.w.org\/{rel}","templated":true}]}}