{"id":9646,"date":"2021-09-17T09:17:36","date_gmt":"2021-09-17T14:17:36","guid":{"rendered":"https:\/\/www.gpjbaker.com\/marques\/gp-j-baker\/portobello\/"},"modified":"2025-09-10T15:42:08","modified_gmt":"2025-09-10T20:42:08","slug":"portobello","status":"publish","type":"page","link":"https:\/\/www.gpjbaker.com\/fr\/marques\/gp-j-baker\/portobello\/","title":{"rendered":"Portobello"},"content":{"rendered":"<div class=\"wpb-content-wrapper\">[vc_row][vc_column][vc_column_text css=&#8221;&#8221;]\r\n<p data-pm-slice=\"1 1 []\">La collection Portobello est d&#8217;une \u00e9l\u00e9gance tranquille. Elle offre une touche de sophistication \u00e0 une collection champ\u00eatre et d\u00e9contract\u00e9e, con\u00e7ue pour cr\u00e9er une atmosph\u00e8re de confort et de simplicit\u00e9.<\/p>\r\n<p data-pm-slice=\"1 1 []\"><a style=\"text-decoration: underline;\" href=\"https:\/\/cloud.3dissue.com\/209583\/209767\/246228\/PORTOBELLO\/\">Voir le livre d&#8217;\u00e9chantillons virtuel<\/a><\/p>\r\n<script type=\"text\/javascript\"> \r\nvar searchURL = \"sort=DATE&use=Multipurpose,Trim, Upholstery,Wallcovering,Curtains&collection=Portobello\"\r\n <\/script>[\/vc_column_text][\/vc_column][\/vc_row]<\/div>","protected":false},"excerpt":{"rendered":"[vc_row][vc_column][vc_column_text css=&#8221;&#8221;] La collection Portobello est d&#8217;une \u00e9l\u00e9gance tranquille. Elle offre une touche de sophistication \u00e0 une collection champ\u00eatre et d\u00e9contract\u00e9e, con\u00e7ue pour cr\u00e9er une atmosph\u00e8re de confort et de simplicit\u00e9. Voir le livre d&#8217;\u00e9chantillons virtuel [\/vc_column_text][\/vc_column][\/vc_row]","protected":false},"author":6,"featured_media":9355,"parent":4605,"menu_order":0,"comment_status":"closed","ping_status":"closed","template":"template-collections.php","meta":{"footnotes":""},"class_list":["post-9646","page","type-page","status-publish","has-post-thumbnail","hentry","page_language-fr"],"yoast_head":"<!-- This site is optimized with the Yoast SEO plugin v26.8 - https:\/\/yoast.com\/product\/yoast-seo-wordpress\/ -->\n<title>Portobello - G P &amp; J Baker<\/title>\n<meta name=\"description\" content=\"La collection Portobello est d&#039;une \u00e9l\u00e9gance tranquille. Elle offre une touche de sophistication \u00e0 une collection champ\u00eatre et d\u00e9contract\u00e9e, con\u00e7ue pour cr\u00e9er une atmosph\u00e8re de confort et de simplicit\u00e9.\" \/>\n<meta name=\"robots\" content=\"index, follow, max-snippet:-1, max-image-preview:large, max-video-preview:-1\" \/>\n<link rel=\"canonical\" href=\"https:\/\/www.gpjbaker.com\/fr\/marques\/gp-j-baker\/portobello\/\" \/>\n<meta property=\"og:locale\" content=\"fr_FR\" \/>\n<meta property=\"og:type\" content=\"article\" \/>\n<meta property=\"og:title\" content=\"Portobello - G P &amp; J Baker\" \/>\n<meta property=\"og:description\" content=\"La collection Portobello est d&#039;une \u00e9l\u00e9gance tranquille. Elle offre une touche de sophistication \u00e0 une collection champ\u00eatre et d\u00e9contract\u00e9e, con\u00e7ue pour cr\u00e9er une atmosph\u00e8re de confort et de simplicit\u00e9.\" \/>\n<meta property=\"og:url\" content=\"https:\/\/www.gpjbaker.com\/fr\/marques\/gp-j-baker\/portobello\/\" \/>\n<meta property=\"og:site_name\" content=\"G P &amp; J Baker\" \/>\n<meta property=\"article:modified_time\" content=\"2025-09-10T20:42:08+00:00\" \/>\n<meta property=\"og:image\" content=\"https:\/\/www.gpjbaker.com\/wp-content\/uploads\/2021\/04\/Portobello-Thumb.jpg\" \/>\n\t<meta property=\"og:image:width\" content=\"400\" \/>\n\t<meta property=\"og:image:height\" content=\"255\" \/>\n\t<meta property=\"og:image:type\" content=\"image\/jpeg\" \/>\n<meta name=\"twitter:card\" content=\"summary_large_image\" \/>\n<meta name=\"twitter:label1\" content=\"Est. reading time\" \/>\n\t<meta name=\"twitter:data1\" content=\"1 minute\" \/>\n<script type=\"application\/ld+json\" class=\"yoast-schema-graph\">{\"@context\":\"https:\/\/schema.org\",\"@graph\":[{\"@type\":\"WebPage\",\"@id\":\"https:\/\/www.gpjbaker.com\/fr\/marques\/gp-j-baker\/portobello\/\",\"url\":\"https:\/\/www.gpjbaker.com\/fr\/marques\/gp-j-baker\/portobello\/\",\"name\":\"Portobello - G P &amp; J Baker\",\"isPartOf\":{\"@id\":\"https:\/\/www.gpjbaker.com\/#website\"},\"primaryImageOfPage\":{\"@id\":\"https:\/\/www.gpjbaker.com\/fr\/marques\/gp-j-baker\/portobello\/#primaryimage\"},\"image\":{\"@id\":\"https:\/\/www.gpjbaker.com\/fr\/marques\/gp-j-baker\/portobello\/#primaryimage\"},\"thumbnailUrl\":\"https:\/\/www.gpjbaker.com\/wp-content\/uploads\/2021\/04\/Portobello-Thumb.jpg\",\"datePublished\":\"2021-09-17T14:17:36+00:00\",\"dateModified\":\"2025-09-10T20:42:08+00:00\",\"description\":\"La collection Portobello est d'une \u00e9l\u00e9gance tranquille. Elle offre une touche de sophistication \u00e0 une collection champ\u00eatre et d\u00e9contract\u00e9e, con\u00e7ue pour cr\u00e9er une atmosph\u00e8re de confort et de simplicit\u00e9.\",\"breadcrumb\":{\"@id\":\"https:\/\/www.gpjbaker.com\/fr\/marques\/gp-j-baker\/portobello\/#breadcrumb\"},\"inLanguage\":\"fr-FR\",\"potentialAction\":[{\"@type\":\"ReadAction\",\"target\":[\"https:\/\/www.gpjbaker.com\/fr\/marques\/gp-j-baker\/portobello\/\"]}]},{\"@type\":\"ImageObject\",\"inLanguage\":\"fr-FR\",\"@id\":\"https:\/\/www.gpjbaker.com\/fr\/marques\/gp-j-baker\/portobello\/#primaryimage\",\"url\":\"https:\/\/www.gpjbaker.com\/wp-content\/uploads\/2021\/04\/Portobello-Thumb.jpg\",\"contentUrl\":\"https:\/\/www.gpjbaker.com\/wp-content\/uploads\/2021\/04\/Portobello-Thumb.jpg\",\"width\":400,\"height\":255,\"caption\":\"La collection Portobello est d'une \u00e9l\u00e9gance tranquille. Elle offre une touche de sophistication \u00e0 une collection champ\u00eatre et d\u00e9contract\u00e9e, con\u00e7ue pour cr\u00e9er une atmosph\u00e8re de confort et de simplicit\u00e9.\"},{\"@type\":\"BreadcrumbList\",\"@id\":\"https:\/\/www.gpjbaker.com\/fr\/marques\/gp-j-baker\/portobello\/#breadcrumb\",\"itemListElement\":[{\"@type\":\"ListItem\",\"position\":1,\"name\":\"Home\",\"item\":\"https:\/\/www.gpjbaker.com\/fr\/\"},{\"@type\":\"ListItem\",\"position\":2,\"name\":\"Marques\",\"item\":\"https:\/\/www.gpjbaker.com\/fr\/marques\/\"},{\"@type\":\"ListItem\",\"position\":3,\"name\":\"GP &#038; J Baker\",\"item\":\"https:\/\/www.gpjbaker.com\/fr\/marques\/gp-j-baker\/\"},{\"@type\":\"ListItem\",\"position\":4,\"name\":\"Portobello\"}]},{\"@type\":\"WebSite\",\"@id\":\"https:\/\/www.gpjbaker.com\/#website\",\"url\":\"https:\/\/www.gpjbaker.com\/\",\"name\":\"G P &amp; J Baker\",\"description\":\"\",\"potentialAction\":[{\"@type\":\"SearchAction\",\"target\":{\"@type\":\"EntryPoint\",\"urlTemplate\":\"https:\/\/www.gpjbaker.com\/?s={search_term_string}\"},\"query-input\":{\"@type\":\"PropertyValueSpecification\",\"valueRequired\":true,\"valueName\":\"search_term_string\"}}],\"inLanguage\":\"fr-FR\"}]}<\/script>\n<!-- \/ Yoast SEO plugin. -->","yoast_head_json":{"title":"Portobello - G P &amp; J Baker","description":"La collection Portobello est d'une \u00e9l\u00e9gance tranquille. Elle offre une touche de sophistication \u00e0 une collection champ\u00eatre et d\u00e9contract\u00e9e, con\u00e7ue pour cr\u00e9er une atmosph\u00e8re de confort et de simplicit\u00e9.","robots":{"index":"index","follow":"follow","max-snippet":"max-snippet:-1","max-image-preview":"max-image-preview:large","max-video-preview":"max-video-preview:-1"},"canonical":"https:\/\/www.gpjbaker.com\/fr\/marques\/gp-j-baker\/portobello\/","og_locale":"fr_FR","og_type":"article","og_title":"Portobello - G P &amp; J Baker","og_description":"La collection Portobello est d'une \u00e9l\u00e9gance tranquille. Elle offre une touche de sophistication \u00e0 une collection champ\u00eatre et d\u00e9contract\u00e9e, con\u00e7ue pour cr\u00e9er une atmosph\u00e8re de confort et de simplicit\u00e9.","og_url":"https:\/\/www.gpjbaker.com\/fr\/marques\/gp-j-baker\/portobello\/","og_site_name":"G P &amp; J Baker","article_modified_time":"2025-09-10T20:42:08+00:00","og_image":[{"width":400,"height":255,"url":"https:\/\/www.gpjbaker.com\/wp-content\/uploads\/2021\/04\/Portobello-Thumb.jpg","type":"image\/jpeg"}],"twitter_card":"summary_large_image","twitter_misc":{"Est. reading time":"1 minute"},"schema":{"@context":"https:\/\/schema.org","@graph":[{"@type":"WebPage","@id":"https:\/\/www.gpjbaker.com\/fr\/marques\/gp-j-baker\/portobello\/","url":"https:\/\/www.gpjbaker.com\/fr\/marques\/gp-j-baker\/portobello\/","name":"Portobello - G P &amp; J Baker","isPartOf":{"@id":"https:\/\/www.gpjbaker.com\/#website"},"primaryImageOfPage":{"@id":"https:\/\/www.gpjbaker.com\/fr\/marques\/gp-j-baker\/portobello\/#primaryimage"},"image":{"@id":"https:\/\/www.gpjbaker.com\/fr\/marques\/gp-j-baker\/portobello\/#primaryimage"},"thumbnailUrl":"https:\/\/www.gpjbaker.com\/wp-content\/uploads\/2021\/04\/Portobello-Thumb.jpg","datePublished":"2021-09-17T14:17:36+00:00","dateModified":"2025-09-10T20:42:08+00:00","description":"La collection Portobello est d'une \u00e9l\u00e9gance tranquille. Elle offre une touche de sophistication \u00e0 une collection champ\u00eatre et d\u00e9contract\u00e9e, con\u00e7ue pour cr\u00e9er une atmosph\u00e8re de confort et de simplicit\u00e9.","breadcrumb":{"@id":"https:\/\/www.gpjbaker.com\/fr\/marques\/gp-j-baker\/portobello\/#breadcrumb"},"inLanguage":"fr-FR","potentialAction":[{"@type":"ReadAction","target":["https:\/\/www.gpjbaker.com\/fr\/marques\/gp-j-baker\/portobello\/"]}]},{"@type":"ImageObject","inLanguage":"fr-FR","@id":"https:\/\/www.gpjbaker.com\/fr\/marques\/gp-j-baker\/portobello\/#primaryimage","url":"https:\/\/www.gpjbaker.com\/wp-content\/uploads\/2021\/04\/Portobello-Thumb.jpg","contentUrl":"https:\/\/www.gpjbaker.com\/wp-content\/uploads\/2021\/04\/Portobello-Thumb.jpg","width":400,"height":255,"caption":"La collection Portobello est d'une \u00e9l\u00e9gance tranquille. Elle offre une touche de sophistication \u00e0 une collection champ\u00eatre et d\u00e9contract\u00e9e, con\u00e7ue pour cr\u00e9er une atmosph\u00e8re de confort et de simplicit\u00e9."},{"@type":"BreadcrumbList","@id":"https:\/\/www.gpjbaker.com\/fr\/marques\/gp-j-baker\/portobello\/#breadcrumb","itemListElement":[{"@type":"ListItem","position":1,"name":"Home","item":"https:\/\/www.gpjbaker.com\/fr\/"},{"@type":"ListItem","position":2,"name":"Marques","item":"https:\/\/www.gpjbaker.com\/fr\/marques\/"},{"@type":"ListItem","position":3,"name":"GP &#038; J Baker","item":"https:\/\/www.gpjbaker.com\/fr\/marques\/gp-j-baker\/"},{"@type":"ListItem","position":4,"name":"Portobello"}]},{"@type":"WebSite","@id":"https:\/\/www.gpjbaker.com\/#website","url":"https:\/\/www.gpjbaker.com\/","name":"G P &amp; J Baker","description":"","potentialAction":[{"@type":"SearchAction","target":{"@type":"EntryPoint","urlTemplate":"https:\/\/www.gpjbaker.com\/?s={search_term_string}"},"query-input":{"@type":"PropertyValueSpecification","valueRequired":true,"valueName":"search_term_string"}}],"inLanguage":"fr-FR"}]}},"_links":{"self":[{"href":"https:\/\/www.gpjbaker.com\/fr\/wp-json\/wp\/v2\/pages\/9646","targetHints":{"allow":["GET"]}}],"collection":[{"href":"https:\/\/www.gpjbaker.com\/fr\/wp-json\/wp\/v2\/pages"}],"about":[{"href":"https:\/\/www.gpjbaker.com\/fr\/wp-json\/wp\/v2\/types\/page"}],"author":[{"embeddable":true,"href":"https:\/\/www.gpjbaker.com\/fr\/wp-json\/wp\/v2\/users\/6"}],"replies":[{"embeddable":true,"href":"https:\/\/www.gpjbaker.com\/fr\/wp-json\/wp\/v2\/comments?post=9646"}],"version-history":[{"count":4,"href":"https:\/\/www.gpjbaker.com\/fr\/wp-json\/wp\/v2\/pages\/9646\/revisions"}],"predecessor-version":[{"id":13172,"href":"https:\/\/www.gpjbaker.com\/fr\/wp-json\/wp\/v2\/pages\/9646\/revisions\/13172"}],"up":[{"embeddable":true,"href":"https:\/\/www.gpjbaker.com\/fr\/wp-json\/wp\/v2\/pages\/4605"}],"wp:featuredmedia":[{"embeddable":true,"href":"https:\/\/www.gpjbaker.com\/fr\/wp-json\/wp\/v2\/media\/9355"}],"wp:attachment":[{"href":"https:\/\/www.gpjbaker.com\/fr\/wp-json\/wp\/v2\/media?parent=9646"}],"curies":[{"name":"wp","href":"https:\/\/api.w.org\/{rel}","templated":true}]}}