{"id":9003,"date":"2020-08-24T09:38:57","date_gmt":"2020-08-24T14:38:57","guid":{"rendered":"https:\/\/www.gpjbaker.com\/marques\/gp-j-baker\/essential-colours-ii\/"},"modified":"2025-09-11T12:07:15","modified_gmt":"2025-09-11T17:07:15","slug":"essential-colours-ii","status":"publish","type":"page","link":"https:\/\/www.gpjbaker.com\/fr\/marques\/gp-j-baker\/essential-colours-ii\/","title":{"rendered":"Essential Colours II"},"content":{"rendered":"<div class=\"wpb-content-wrapper\">[vc_row][vc_column][vc_column_text css=&#8221;&#8221;]&#8221;Essential Colour II&#8221; un merveilleux m\u00e9lange de coloris et de textures. Cette collection, tr\u00e8s compl\u00e8te, propose de tr\u00e8s beaux tissus boucl\u00e9s, de douces chenilles, de luxueux velours, des lins tr\u00e8s chics et d&#8217;\u00e9l\u00e9gants chevrons mais aussi des unis tr\u00e8s polyvalents, dans une gamme de coloris neutres, chauds ou froids, gris doux, taupe, ivoire et bronze.\r\n\r\n<a style=\"text-decoration: underline;\" href=\"https:\/\/cloud.3dissue.com\/209583\/209767\/246228\/CHIFU-LOOK-BOOK\/index.html\" target=\"_blank\" rel=\"noopener noreferrer\">Voir le Look Book<\/a>\r\n\r\n<script type=\"text\/javascript\"> var searchURL = \"sort=DATE&use=Multipurpose,Upholstery,Curtains&collection=Essential Colours Ii\";<\/script>[\/vc_column_text][\/vc_column][\/vc_row]<\/div>","protected":false},"excerpt":{"rendered":"[vc_row][vc_column][vc_column_text css=&#8221;&#8221;]&#8221;Essential Colour II&#8221; un merveilleux m\u00e9lange de coloris et de textures. Cette collection, tr\u00e8s compl\u00e8te, propose de tr\u00e8s beaux tissus boucl\u00e9s, de douces chenilles, de luxueux velours, des lins tr\u00e8s chics et d&#8217;\u00e9l\u00e9gants chevrons mais aussi des unis tr\u00e8s polyvalents, dans une gamme de coloris neutres, chauds ou froids, gris doux, taupe, ivoire et&#8230; <a class=\"view-article\" href=\"https:\/\/www.gpjbaker.com\/fr\/marques\/gp-j-baker\/essential-colours-ii\/\">Voir l&#8217;article<\/a>","protected":false},"author":6,"featured_media":8952,"parent":4605,"menu_order":1,"comment_status":"closed","ping_status":"closed","template":"template-collections.php","meta":{"footnotes":""},"class_list":["post-9003","page","type-page","status-publish","has-post-thumbnail","hentry","page_language-fr"],"yoast_head":"<!-- This site is optimized with the Yoast SEO plugin v26.8 - https:\/\/yoast.com\/product\/yoast-seo-wordpress\/ -->\n<title>Essential Colours II - G P &amp; J Baker<\/title>\n<meta name=\"robots\" content=\"index, follow, max-snippet:-1, max-image-preview:large, max-video-preview:-1\" \/>\n<link rel=\"canonical\" href=\"https:\/\/www.gpjbaker.com\/fr\/marques\/gp-j-baker\/essential-colours-ii\/\" \/>\n<meta property=\"og:locale\" content=\"fr_FR\" \/>\n<meta property=\"og:type\" content=\"article\" \/>\n<meta property=\"og:title\" content=\"Essential Colours II - G P &amp; J Baker\" \/>\n<meta property=\"og:description\" content=\"[vc_row][vc_column][vc_column_text css=&#8221;&#8221;]&#8221;Essential Colour II&#8221; un merveilleux m\u00e9lange de coloris et de textures. Cette collection, tr\u00e8s compl\u00e8te, propose de tr\u00e8s beaux tissus boucl\u00e9s, de douces chenilles, de luxueux velours, des lins tr\u00e8s chics et d&#8217;\u00e9l\u00e9gants chevrons mais aussi des unis tr\u00e8s polyvalents, dans une gamme de coloris neutres, chauds ou froids, gris doux, taupe, ivoire et... Voir l&#039;article\" \/>\n<meta property=\"og:url\" content=\"https:\/\/www.gpjbaker.com\/fr\/marques\/gp-j-baker\/essential-colours-ii\/\" \/>\n<meta property=\"og:site_name\" content=\"G P &amp; J Baker\" \/>\n<meta property=\"article:modified_time\" content=\"2025-09-11T17:07:15+00:00\" \/>\n<meta property=\"og:image\" content=\"https:\/\/www.gpjbaker.com\/wp-content\/uploads\/2020\/08\/essential-colour-thumb-A.jpg\" \/>\n\t<meta property=\"og:image:width\" content=\"400\" \/>\n\t<meta property=\"og:image:height\" content=\"255\" \/>\n\t<meta property=\"og:image:type\" content=\"image\/jpeg\" \/>\n<meta name=\"twitter:card\" content=\"summary_large_image\" \/>\n<meta name=\"twitter:label1\" content=\"Est. reading time\" \/>\n\t<meta name=\"twitter:data1\" content=\"1 minute\" \/>\n<script type=\"application\/ld+json\" class=\"yoast-schema-graph\">{\"@context\":\"https:\/\/schema.org\",\"@graph\":[{\"@type\":\"WebPage\",\"@id\":\"https:\/\/www.gpjbaker.com\/fr\/marques\/gp-j-baker\/essential-colours-ii\/\",\"url\":\"https:\/\/www.gpjbaker.com\/fr\/marques\/gp-j-baker\/essential-colours-ii\/\",\"name\":\"Essential Colours II - G P &amp; J Baker\",\"isPartOf\":{\"@id\":\"https:\/\/www.gpjbaker.com\/#website\"},\"primaryImageOfPage\":{\"@id\":\"https:\/\/www.gpjbaker.com\/fr\/marques\/gp-j-baker\/essential-colours-ii\/#primaryimage\"},\"image\":{\"@id\":\"https:\/\/www.gpjbaker.com\/fr\/marques\/gp-j-baker\/essential-colours-ii\/#primaryimage\"},\"thumbnailUrl\":\"https:\/\/www.gpjbaker.com\/wp-content\/uploads\/2020\/08\/essential-colour-thumb-A.jpg\",\"datePublished\":\"2020-08-24T14:38:57+00:00\",\"dateModified\":\"2025-09-11T17:07:15+00:00\",\"breadcrumb\":{\"@id\":\"https:\/\/www.gpjbaker.com\/fr\/marques\/gp-j-baker\/essential-colours-ii\/#breadcrumb\"},\"inLanguage\":\"fr-FR\",\"potentialAction\":[{\"@type\":\"ReadAction\",\"target\":[\"https:\/\/www.gpjbaker.com\/fr\/marques\/gp-j-baker\/essential-colours-ii\/\"]}]},{\"@type\":\"ImageObject\",\"inLanguage\":\"fr-FR\",\"@id\":\"https:\/\/www.gpjbaker.com\/fr\/marques\/gp-j-baker\/essential-colours-ii\/#primaryimage\",\"url\":\"https:\/\/www.gpjbaker.com\/wp-content\/uploads\/2020\/08\/essential-colour-thumb-A.jpg\",\"contentUrl\":\"https:\/\/www.gpjbaker.com\/wp-content\/uploads\/2020\/08\/essential-colour-thumb-A.jpg\",\"width\":400,\"height\":255,\"caption\":\"Cette collection, tr\u00e8s compl\u00e8te, propose de tr\u00e8s beaux tissus boucl\u00e9s, de douces chenilles, de luxueux velours, des lins tr\u00e8s chics et d'\u00e9l\u00e9gants chevrons mais aussi des unis passe-partout\"},{\"@type\":\"BreadcrumbList\",\"@id\":\"https:\/\/www.gpjbaker.com\/fr\/marques\/gp-j-baker\/essential-colours-ii\/#breadcrumb\",\"itemListElement\":[{\"@type\":\"ListItem\",\"position\":1,\"name\":\"Home\",\"item\":\"https:\/\/www.gpjbaker.com\/fr\/\"},{\"@type\":\"ListItem\",\"position\":2,\"name\":\"Marques\",\"item\":\"https:\/\/www.gpjbaker.com\/fr\/marques\/\"},{\"@type\":\"ListItem\",\"position\":3,\"name\":\"GP &#038; J Baker\",\"item\":\"https:\/\/www.gpjbaker.com\/fr\/marques\/gp-j-baker\/\"},{\"@type\":\"ListItem\",\"position\":4,\"name\":\"Essential Colours II\"}]},{\"@type\":\"WebSite\",\"@id\":\"https:\/\/www.gpjbaker.com\/#website\",\"url\":\"https:\/\/www.gpjbaker.com\/\",\"name\":\"G P &amp; J Baker\",\"description\":\"\",\"potentialAction\":[{\"@type\":\"SearchAction\",\"target\":{\"@type\":\"EntryPoint\",\"urlTemplate\":\"https:\/\/www.gpjbaker.com\/?s={search_term_string}\"},\"query-input\":{\"@type\":\"PropertyValueSpecification\",\"valueRequired\":true,\"valueName\":\"search_term_string\"}}],\"inLanguage\":\"fr-FR\"}]}<\/script>\n<!-- \/ Yoast SEO plugin. -->","yoast_head_json":{"title":"Essential Colours II - G P &amp; J Baker","robots":{"index":"index","follow":"follow","max-snippet":"max-snippet:-1","max-image-preview":"max-image-preview:large","max-video-preview":"max-video-preview:-1"},"canonical":"https:\/\/www.gpjbaker.com\/fr\/marques\/gp-j-baker\/essential-colours-ii\/","og_locale":"fr_FR","og_type":"article","og_title":"Essential Colours II - G P &amp; J Baker","og_description":"[vc_row][vc_column][vc_column_text css=&#8221;&#8221;]&#8221;Essential Colour II&#8221; un merveilleux m\u00e9lange de coloris et de textures. Cette collection, tr\u00e8s compl\u00e8te, propose de tr\u00e8s beaux tissus boucl\u00e9s, de douces chenilles, de luxueux velours, des lins tr\u00e8s chics et d&#8217;\u00e9l\u00e9gants chevrons mais aussi des unis tr\u00e8s polyvalents, dans une gamme de coloris neutres, chauds ou froids, gris doux, taupe, ivoire et... Voir l'article","og_url":"https:\/\/www.gpjbaker.com\/fr\/marques\/gp-j-baker\/essential-colours-ii\/","og_site_name":"G P &amp; J Baker","article_modified_time":"2025-09-11T17:07:15+00:00","og_image":[{"width":400,"height":255,"url":"https:\/\/www.gpjbaker.com\/wp-content\/uploads\/2020\/08\/essential-colour-thumb-A.jpg","type":"image\/jpeg"}],"twitter_card":"summary_large_image","twitter_misc":{"Est. reading time":"1 minute"},"schema":{"@context":"https:\/\/schema.org","@graph":[{"@type":"WebPage","@id":"https:\/\/www.gpjbaker.com\/fr\/marques\/gp-j-baker\/essential-colours-ii\/","url":"https:\/\/www.gpjbaker.com\/fr\/marques\/gp-j-baker\/essential-colours-ii\/","name":"Essential Colours II - G P &amp; J Baker","isPartOf":{"@id":"https:\/\/www.gpjbaker.com\/#website"},"primaryImageOfPage":{"@id":"https:\/\/www.gpjbaker.com\/fr\/marques\/gp-j-baker\/essential-colours-ii\/#primaryimage"},"image":{"@id":"https:\/\/www.gpjbaker.com\/fr\/marques\/gp-j-baker\/essential-colours-ii\/#primaryimage"},"thumbnailUrl":"https:\/\/www.gpjbaker.com\/wp-content\/uploads\/2020\/08\/essential-colour-thumb-A.jpg","datePublished":"2020-08-24T14:38:57+00:00","dateModified":"2025-09-11T17:07:15+00:00","breadcrumb":{"@id":"https:\/\/www.gpjbaker.com\/fr\/marques\/gp-j-baker\/essential-colours-ii\/#breadcrumb"},"inLanguage":"fr-FR","potentialAction":[{"@type":"ReadAction","target":["https:\/\/www.gpjbaker.com\/fr\/marques\/gp-j-baker\/essential-colours-ii\/"]}]},{"@type":"ImageObject","inLanguage":"fr-FR","@id":"https:\/\/www.gpjbaker.com\/fr\/marques\/gp-j-baker\/essential-colours-ii\/#primaryimage","url":"https:\/\/www.gpjbaker.com\/wp-content\/uploads\/2020\/08\/essential-colour-thumb-A.jpg","contentUrl":"https:\/\/www.gpjbaker.com\/wp-content\/uploads\/2020\/08\/essential-colour-thumb-A.jpg","width":400,"height":255,"caption":"Cette collection, tr\u00e8s compl\u00e8te, propose de tr\u00e8s beaux tissus boucl\u00e9s, de douces chenilles, de luxueux velours, des lins tr\u00e8s chics et d'\u00e9l\u00e9gants chevrons mais aussi des unis passe-partout"},{"@type":"BreadcrumbList","@id":"https:\/\/www.gpjbaker.com\/fr\/marques\/gp-j-baker\/essential-colours-ii\/#breadcrumb","itemListElement":[{"@type":"ListItem","position":1,"name":"Home","item":"https:\/\/www.gpjbaker.com\/fr\/"},{"@type":"ListItem","position":2,"name":"Marques","item":"https:\/\/www.gpjbaker.com\/fr\/marques\/"},{"@type":"ListItem","position":3,"name":"GP &#038; J Baker","item":"https:\/\/www.gpjbaker.com\/fr\/marques\/gp-j-baker\/"},{"@type":"ListItem","position":4,"name":"Essential Colours II"}]},{"@type":"WebSite","@id":"https:\/\/www.gpjbaker.com\/#website","url":"https:\/\/www.gpjbaker.com\/","name":"G P &amp; J Baker","description":"","potentialAction":[{"@type":"SearchAction","target":{"@type":"EntryPoint","urlTemplate":"https:\/\/www.gpjbaker.com\/?s={search_term_string}"},"query-input":{"@type":"PropertyValueSpecification","valueRequired":true,"valueName":"search_term_string"}}],"inLanguage":"fr-FR"}]}},"_links":{"self":[{"href":"https:\/\/www.gpjbaker.com\/fr\/wp-json\/wp\/v2\/pages\/9003","targetHints":{"allow":["GET"]}}],"collection":[{"href":"https:\/\/www.gpjbaker.com\/fr\/wp-json\/wp\/v2\/pages"}],"about":[{"href":"https:\/\/www.gpjbaker.com\/fr\/wp-json\/wp\/v2\/types\/page"}],"author":[{"embeddable":true,"href":"https:\/\/www.gpjbaker.com\/fr\/wp-json\/wp\/v2\/users\/6"}],"replies":[{"embeddable":true,"href":"https:\/\/www.gpjbaker.com\/fr\/wp-json\/wp\/v2\/comments?post=9003"}],"version-history":[{"count":6,"href":"https:\/\/www.gpjbaker.com\/fr\/wp-json\/wp\/v2\/pages\/9003\/revisions"}],"predecessor-version":[{"id":13227,"href":"https:\/\/www.gpjbaker.com\/fr\/wp-json\/wp\/v2\/pages\/9003\/revisions\/13227"}],"up":[{"embeddable":true,"href":"https:\/\/www.gpjbaker.com\/fr\/wp-json\/wp\/v2\/pages\/4605"}],"wp:featuredmedia":[{"embeddable":true,"href":"https:\/\/www.gpjbaker.com\/fr\/wp-json\/wp\/v2\/media\/8952"}],"wp:attachment":[{"href":"https:\/\/www.gpjbaker.com\/fr\/wp-json\/wp\/v2\/media?parent=9003"}],"curies":[{"name":"wp","href":"https:\/\/api.w.org\/{rel}","templated":true}]}}