{"id":8998,"date":"2020-08-24T09:35:52","date_gmt":"2020-08-24T14:35:52","guid":{"rendered":"https:\/\/www.gpjbaker.com\/marques\/baker-lifestyle\/block-weaves\/"},"modified":"2025-09-08T12:49:50","modified_gmt":"2025-09-08T17:49:50","slug":"block-weaves","status":"publish","type":"page","link":"https:\/\/www.gpjbaker.com\/fr\/marques\/baker-lifestyle\/block-weaves\/","title":{"rendered":"Block Weaves"},"content":{"rendered":"<div class=\"wpb-content-wrapper\">[vc_row][vc_column][vc_column_text]Block Weaves est une collection \u00e0 part enti\u00e8re mais ses motifs \u00e9l\u00e9gants et contemporains s&#8217;assortissent parfaitement aux imprim\u00e9s artisanaux de Block Party. Outre un uni flamm\u00e9 simple, Ramble, des motifs g\u00e9om\u00e9triques, Garden Path, et un \u00e9l\u00e9gant Block Check, cette collection propose aussi un motif jacquard ikat, Honeycomb, ainsi que deux magnifiques tissus, Folly et Bower. Ses motifs se d\u00e9clinent dans d&#8217;harmonieuses tonalit\u00e9s tr\u00e8s \u00e9quilibr\u00e9es.\r\n\r\n<a style=\"text-decoration: underline;\" href=\"https:\/\/cloud.3dissue.com\/209583\/209767\/246228\/BLOCK-PARTY-LOOK-BOOK\/index.html\" target=\"_blank\" rel=\"noopener\">Voir le Look Book<\/a>[\/vc_column_text][\/vc_column][\/vc_row][vc_row][vc_column][vc_raw_js]JTNDc2NyaXB0JTIwdHlwZSUzRCUyMnRleHQlMkZqYXZhc2NyaXB0JTIyJTNFJTIwJTBBdmFyJTIwc2VhcmNoVVJMJTIwJTNEJTIwJTIyc29ydCUzRERBVEUlMjZ1c2UlM0RNdWx0aXB1cnBvc2UlMkNVcGhvbHN0ZXJ5JTJDQ3VydGFpbnMlMjZjb2xsZWN0aW9uJTNEQmxvY2slMjBXZWF2ZXMlMjIlMEElMjAlM0MlMkZzY3JpcHQlM0U=[\/vc_raw_js][\/vc_column][\/vc_row]<\/div>","protected":false},"excerpt":{"rendered":"[vc_row][vc_column][vc_column_text]Block Weaves est une collection \u00e0 part enti\u00e8re mais ses motifs \u00e9l\u00e9gants et contemporains s&#8217;assortissent parfaitement aux imprim\u00e9s artisanaux de Block Party. Outre un uni flamm\u00e9 simple, Ramble, des motifs g\u00e9om\u00e9triques, Garden Path, et un \u00e9l\u00e9gant Block Check, cette collection propose aussi un motif jacquard ikat, Honeycomb, ainsi que deux magnifiques tissus, Folly et Bower&#8230;. <a class=\"view-article\" href=\"https:\/\/www.gpjbaker.com\/fr\/marques\/baker-lifestyle\/block-weaves\/\">Voir l&#8217;article<\/a>","protected":false},"author":6,"featured_media":8957,"parent":5290,"menu_order":1,"comment_status":"closed","ping_status":"closed","template":"template-collections.php","meta":{"footnotes":""},"class_list":["post-8998","page","type-page","status-publish","has-post-thumbnail","hentry","page_language-fr"],"yoast_head":"<!-- This site is optimized with the Yoast SEO plugin v26.8 - https:\/\/yoast.com\/product\/yoast-seo-wordpress\/ -->\n<title>Block Weaves - G P &amp; J Baker<\/title>\n<meta name=\"description\" content=\"Baker Lifestyle - Block Weaves est une collection \u00e0 part enti\u00e8re mais ses motifs \u00e9l\u00e9gants et contemporains s&#039;assortissent parfaitement aux imprim\u00e9s artisanaux de Block Party.\" \/>\n<meta name=\"robots\" content=\"index, follow, max-snippet:-1, max-image-preview:large, max-video-preview:-1\" \/>\n<link rel=\"canonical\" href=\"https:\/\/www.gpjbaker.com\/fr\/marques\/baker-lifestyle\/block-weaves\/\" \/>\n<meta property=\"og:locale\" content=\"fr_FR\" \/>\n<meta property=\"og:type\" content=\"article\" \/>\n<meta property=\"og:title\" content=\"Block Weaves - G P &amp; J Baker\" \/>\n<meta property=\"og:description\" content=\"Baker Lifestyle - Block Weaves est une collection \u00e0 part enti\u00e8re mais ses motifs \u00e9l\u00e9gants et contemporains s&#039;assortissent parfaitement aux imprim\u00e9s artisanaux de Block Party.\" \/>\n<meta property=\"og:url\" content=\"https:\/\/www.gpjbaker.com\/fr\/marques\/baker-lifestyle\/block-weaves\/\" \/>\n<meta property=\"og:site_name\" content=\"G P &amp; J Baker\" \/>\n<meta property=\"article:modified_time\" content=\"2025-09-08T17:49:50+00:00\" \/>\n<meta property=\"og:image\" content=\"https:\/\/www.gpjbaker.com\/wp-content\/uploads\/2020\/08\/BL-Block-Weaves-1-THUMB-A.jpg\" \/>\n\t<meta property=\"og:image:width\" content=\"400\" \/>\n\t<meta property=\"og:image:height\" content=\"255\" \/>\n\t<meta property=\"og:image:type\" content=\"image\/jpeg\" \/>\n<meta name=\"twitter:card\" content=\"summary_large_image\" \/>\n<meta name=\"twitter:label1\" content=\"Est. reading time\" \/>\n\t<meta name=\"twitter:data1\" content=\"1 minute\" \/>\n<script type=\"application\/ld+json\" class=\"yoast-schema-graph\">{\"@context\":\"https:\/\/schema.org\",\"@graph\":[{\"@type\":\"WebPage\",\"@id\":\"https:\/\/www.gpjbaker.com\/fr\/marques\/baker-lifestyle\/block-weaves\/\",\"url\":\"https:\/\/www.gpjbaker.com\/fr\/marques\/baker-lifestyle\/block-weaves\/\",\"name\":\"Block Weaves - G P &amp; J Baker\",\"isPartOf\":{\"@id\":\"https:\/\/www.gpjbaker.com\/#website\"},\"primaryImageOfPage\":{\"@id\":\"https:\/\/www.gpjbaker.com\/fr\/marques\/baker-lifestyle\/block-weaves\/#primaryimage\"},\"image\":{\"@id\":\"https:\/\/www.gpjbaker.com\/fr\/marques\/baker-lifestyle\/block-weaves\/#primaryimage\"},\"thumbnailUrl\":\"https:\/\/www.gpjbaker.com\/wp-content\/uploads\/2020\/08\/BL-Block-Weaves-1-THUMB-A.jpg\",\"datePublished\":\"2020-08-24T14:35:52+00:00\",\"dateModified\":\"2025-09-08T17:49:50+00:00\",\"description\":\"Baker Lifestyle - Block Weaves est une collection \u00e0 part enti\u00e8re mais ses motifs \u00e9l\u00e9gants et contemporains s'assortissent parfaitement aux imprim\u00e9s artisanaux de Block Party.\",\"breadcrumb\":{\"@id\":\"https:\/\/www.gpjbaker.com\/fr\/marques\/baker-lifestyle\/block-weaves\/#breadcrumb\"},\"inLanguage\":\"fr-FR\",\"potentialAction\":[{\"@type\":\"ReadAction\",\"target\":[\"https:\/\/www.gpjbaker.com\/fr\/marques\/baker-lifestyle\/block-weaves\/\"]}]},{\"@type\":\"ImageObject\",\"inLanguage\":\"fr-FR\",\"@id\":\"https:\/\/www.gpjbaker.com\/fr\/marques\/baker-lifestyle\/block-weaves\/#primaryimage\",\"url\":\"https:\/\/www.gpjbaker.com\/wp-content\/uploads\/2020\/08\/BL-Block-Weaves-1-THUMB-A.jpg\",\"contentUrl\":\"https:\/\/www.gpjbaker.com\/wp-content\/uploads\/2020\/08\/BL-Block-Weaves-1-THUMB-A.jpg\",\"width\":400,\"height\":255,\"caption\":\"Block Weaves est une collection \u00e0 part enti\u00e8re mais ses sept tissus chics et contemporains s'assortissent parfaitement aux imprim\u00e9s artisanaux de Block Party.\"},{\"@type\":\"BreadcrumbList\",\"@id\":\"https:\/\/www.gpjbaker.com\/fr\/marques\/baker-lifestyle\/block-weaves\/#breadcrumb\",\"itemListElement\":[{\"@type\":\"ListItem\",\"position\":1,\"name\":\"Home\",\"item\":\"https:\/\/www.gpjbaker.com\/fr\/\"},{\"@type\":\"ListItem\",\"position\":2,\"name\":\"Marques\",\"item\":\"https:\/\/www.gpjbaker.com\/fr\/marques\/\"},{\"@type\":\"ListItem\",\"position\":3,\"name\":\"Baker Lifestyle\",\"item\":\"https:\/\/www.gpjbaker.com\/fr\/marques\/baker-lifestyle\/\"},{\"@type\":\"ListItem\",\"position\":4,\"name\":\"Block Weaves\"}]},{\"@type\":\"WebSite\",\"@id\":\"https:\/\/www.gpjbaker.com\/#website\",\"url\":\"https:\/\/www.gpjbaker.com\/\",\"name\":\"G P &amp; J Baker\",\"description\":\"\",\"potentialAction\":[{\"@type\":\"SearchAction\",\"target\":{\"@type\":\"EntryPoint\",\"urlTemplate\":\"https:\/\/www.gpjbaker.com\/?s={search_term_string}\"},\"query-input\":{\"@type\":\"PropertyValueSpecification\",\"valueRequired\":true,\"valueName\":\"search_term_string\"}}],\"inLanguage\":\"fr-FR\"}]}<\/script>\n<!-- \/ Yoast SEO plugin. -->","yoast_head_json":{"title":"Block Weaves - G P &amp; J Baker","description":"Baker Lifestyle - Block Weaves est une collection \u00e0 part enti\u00e8re mais ses motifs \u00e9l\u00e9gants et contemporains s'assortissent parfaitement aux imprim\u00e9s artisanaux de Block Party.","robots":{"index":"index","follow":"follow","max-snippet":"max-snippet:-1","max-image-preview":"max-image-preview:large","max-video-preview":"max-video-preview:-1"},"canonical":"https:\/\/www.gpjbaker.com\/fr\/marques\/baker-lifestyle\/block-weaves\/","og_locale":"fr_FR","og_type":"article","og_title":"Block Weaves - G P &amp; J Baker","og_description":"Baker Lifestyle - Block Weaves est une collection \u00e0 part enti\u00e8re mais ses motifs \u00e9l\u00e9gants et contemporains s'assortissent parfaitement aux imprim\u00e9s artisanaux de Block Party.","og_url":"https:\/\/www.gpjbaker.com\/fr\/marques\/baker-lifestyle\/block-weaves\/","og_site_name":"G P &amp; J Baker","article_modified_time":"2025-09-08T17:49:50+00:00","og_image":[{"width":400,"height":255,"url":"https:\/\/www.gpjbaker.com\/wp-content\/uploads\/2020\/08\/BL-Block-Weaves-1-THUMB-A.jpg","type":"image\/jpeg"}],"twitter_card":"summary_large_image","twitter_misc":{"Est. reading time":"1 minute"},"schema":{"@context":"https:\/\/schema.org","@graph":[{"@type":"WebPage","@id":"https:\/\/www.gpjbaker.com\/fr\/marques\/baker-lifestyle\/block-weaves\/","url":"https:\/\/www.gpjbaker.com\/fr\/marques\/baker-lifestyle\/block-weaves\/","name":"Block Weaves - G P &amp; J Baker","isPartOf":{"@id":"https:\/\/www.gpjbaker.com\/#website"},"primaryImageOfPage":{"@id":"https:\/\/www.gpjbaker.com\/fr\/marques\/baker-lifestyle\/block-weaves\/#primaryimage"},"image":{"@id":"https:\/\/www.gpjbaker.com\/fr\/marques\/baker-lifestyle\/block-weaves\/#primaryimage"},"thumbnailUrl":"https:\/\/www.gpjbaker.com\/wp-content\/uploads\/2020\/08\/BL-Block-Weaves-1-THUMB-A.jpg","datePublished":"2020-08-24T14:35:52+00:00","dateModified":"2025-09-08T17:49:50+00:00","description":"Baker Lifestyle - Block Weaves est une collection \u00e0 part enti\u00e8re mais ses motifs \u00e9l\u00e9gants et contemporains s'assortissent parfaitement aux imprim\u00e9s artisanaux de Block Party.","breadcrumb":{"@id":"https:\/\/www.gpjbaker.com\/fr\/marques\/baker-lifestyle\/block-weaves\/#breadcrumb"},"inLanguage":"fr-FR","potentialAction":[{"@type":"ReadAction","target":["https:\/\/www.gpjbaker.com\/fr\/marques\/baker-lifestyle\/block-weaves\/"]}]},{"@type":"ImageObject","inLanguage":"fr-FR","@id":"https:\/\/www.gpjbaker.com\/fr\/marques\/baker-lifestyle\/block-weaves\/#primaryimage","url":"https:\/\/www.gpjbaker.com\/wp-content\/uploads\/2020\/08\/BL-Block-Weaves-1-THUMB-A.jpg","contentUrl":"https:\/\/www.gpjbaker.com\/wp-content\/uploads\/2020\/08\/BL-Block-Weaves-1-THUMB-A.jpg","width":400,"height":255,"caption":"Block Weaves est une collection \u00e0 part enti\u00e8re mais ses sept tissus chics et contemporains s'assortissent parfaitement aux imprim\u00e9s artisanaux de Block Party."},{"@type":"BreadcrumbList","@id":"https:\/\/www.gpjbaker.com\/fr\/marques\/baker-lifestyle\/block-weaves\/#breadcrumb","itemListElement":[{"@type":"ListItem","position":1,"name":"Home","item":"https:\/\/www.gpjbaker.com\/fr\/"},{"@type":"ListItem","position":2,"name":"Marques","item":"https:\/\/www.gpjbaker.com\/fr\/marques\/"},{"@type":"ListItem","position":3,"name":"Baker Lifestyle","item":"https:\/\/www.gpjbaker.com\/fr\/marques\/baker-lifestyle\/"},{"@type":"ListItem","position":4,"name":"Block Weaves"}]},{"@type":"WebSite","@id":"https:\/\/www.gpjbaker.com\/#website","url":"https:\/\/www.gpjbaker.com\/","name":"G P &amp; J Baker","description":"","potentialAction":[{"@type":"SearchAction","target":{"@type":"EntryPoint","urlTemplate":"https:\/\/www.gpjbaker.com\/?s={search_term_string}"},"query-input":{"@type":"PropertyValueSpecification","valueRequired":true,"valueName":"search_term_string"}}],"inLanguage":"fr-FR"}]}},"_links":{"self":[{"href":"https:\/\/www.gpjbaker.com\/fr\/wp-json\/wp\/v2\/pages\/8998","targetHints":{"allow":["GET"]}}],"collection":[{"href":"https:\/\/www.gpjbaker.com\/fr\/wp-json\/wp\/v2\/pages"}],"about":[{"href":"https:\/\/www.gpjbaker.com\/fr\/wp-json\/wp\/v2\/types\/page"}],"author":[{"embeddable":true,"href":"https:\/\/www.gpjbaker.com\/fr\/wp-json\/wp\/v2\/users\/6"}],"replies":[{"embeddable":true,"href":"https:\/\/www.gpjbaker.com\/fr\/wp-json\/wp\/v2\/comments?post=8998"}],"version-history":[{"count":3,"href":"https:\/\/www.gpjbaker.com\/fr\/wp-json\/wp\/v2\/pages\/8998\/revisions"}],"predecessor-version":[{"id":9223,"href":"https:\/\/www.gpjbaker.com\/fr\/wp-json\/wp\/v2\/pages\/8998\/revisions\/9223"}],"up":[{"embeddable":true,"href":"https:\/\/www.gpjbaker.com\/fr\/wp-json\/wp\/v2\/pages\/5290"}],"wp:featuredmedia":[{"embeddable":true,"href":"https:\/\/www.gpjbaker.com\/fr\/wp-json\/wp\/v2\/media\/8957"}],"wp:attachment":[{"href":"https:\/\/www.gpjbaker.com\/fr\/wp-json\/wp\/v2\/media?parent=8998"}],"curies":[{"name":"wp","href":"https:\/\/api.w.org\/{rel}","templated":true}]}}