{"id":8996,"date":"2020-08-24T09:34:51","date_gmt":"2020-08-24T14:34:51","guid":{"rendered":"https:\/\/www.gpjbaker.com\/marques\/baker-lifestyle\/block-party\/"},"modified":"2025-09-08T12:49:51","modified_gmt":"2025-09-08T17:49:51","slug":"block-party","status":"publish","type":"page","link":"https:\/\/www.gpjbaker.com\/fr\/marques\/baker-lifestyle\/block-party\/","title":{"rendered":"Block Party"},"content":{"rendered":"<div class=\"wpb-content-wrapper\">[vc_row][vc_column][vc_column_text]Cinq imprim\u00e9s artisanaux, charmants et simples, ainsi qu&#8217;un motif aux fleurs et bourgeons exub\u00e9rants, constituent le c\u0153ur de cette collection fra\u00eeche et attrayante. Le graphisme moderne de Block Trellis et de Bumble Bee contraste avec le joli rameau de Wild Flower, le motif fleuri de Flower Press et la foug\u00e8re de Pollen Trail, tandis qu&#8217;Arbour, un attrayant motif \u00e0 fleurs fantaisie apporte une touche plus audacieuse. Ses diff\u00e9rents motifs inspir\u00e9s de la nature et qui se d\u00e9clinent en tonalit\u00e9s gaies et faciles \u00e0 vivre en font une collection accessible et polyvalente.\r\n\r\n<a style=\"text-decoration: underline;\" href=\"https:\/\/cloud.3dissue.com\/209583\/209767\/246228\/BLOCK-PARTY\/index.html\" target=\"_new\" rel=\"noopener noreferrer\">Afficher le livre de mod\u00e8les virtuels<\/a>\r\n\r\n<a style=\"text-decoration: underline;\" href=\"https:\/\/cloud.3dissue.com\/209583\/209767\/246228\/BLOCK-PARTY-LOOK-BOOK\/index.html\" target=\"_blank\" rel=\"noopener\">Voir le Look Book<\/a>[\/vc_column_text][\/vc_column][\/vc_row][vc_row][vc_column][vc_raw_js]JTNDc2NyaXB0JTIwdHlwZSUzRCUyMnRleHQlMkZqYXZhc2NyaXB0JTIyJTNFJTIwJTBBdmFyJTIwc2VhcmNoVVJMJTIwJTNEJTIwJTIyc29ydCUzRERBVEUlMjZ1c2UlM0RNdWx0aXB1cnBvc2UlMkNVcGhvbHN0ZXJ5JTJDQ3VydGFpbnMlMjZjb2xsZWN0aW9uJTNEQmxvY2slMjBQYXJ0eSUyMiUwQSUyMCUzQyUyRnNjcmlwdCUzRQ==[\/vc_raw_js][\/vc_column][\/vc_row]<\/div>","protected":false},"excerpt":{"rendered":"[vc_row][vc_column][vc_column_text]Cinq imprim\u00e9s artisanaux, charmants et simples, ainsi qu&#8217;un motif aux fleurs et bourgeons exub\u00e9rants, constituent le c\u0153ur de cette collection fra\u00eeche et attrayante. Le graphisme moderne de Block Trellis et de Bumble Bee contraste avec le joli rameau de Wild Flower, le motif fleuri de Flower Press et la foug\u00e8re de Pollen Trail, tandis qu&#8217;Arbour,&#8230; <a class=\"view-article\" href=\"https:\/\/www.gpjbaker.com\/fr\/marques\/baker-lifestyle\/block-party\/\">Voir l&#8217;article<\/a>","protected":false},"author":6,"featured_media":8960,"parent":5290,"menu_order":2,"comment_status":"closed","ping_status":"closed","template":"template-collections.php","meta":{"footnotes":""},"class_list":["post-8996","page","type-page","status-publish","has-post-thumbnail","hentry","page_language-fr"],"yoast_head":"<!-- This site is optimized with the Yoast SEO plugin v26.8 - https:\/\/yoast.com\/product\/yoast-seo-wordpress\/ -->\n<title>Block Party - G P &amp; J Baker<\/title>\n<meta name=\"robots\" content=\"index, follow, max-snippet:-1, max-image-preview:large, max-video-preview:-1\" \/>\n<link rel=\"canonical\" href=\"https:\/\/www.gpjbaker.com\/fr\/marques\/baker-lifestyle\/block-party\/\" \/>\n<meta property=\"og:locale\" content=\"fr_FR\" \/>\n<meta property=\"og:type\" content=\"article\" \/>\n<meta property=\"og:title\" content=\"Block Party - G P &amp; J Baker\" \/>\n<meta property=\"og:description\" content=\"[vc_row][vc_column][vc_column_text]Cinq imprim\u00e9s artisanaux, charmants et simples, ainsi qu&#8217;un motif aux fleurs et bourgeons exub\u00e9rants, constituent le c\u0153ur de cette collection fra\u00eeche et attrayante. Le graphisme moderne de Block Trellis et de Bumble Bee contraste avec le joli rameau de Wild Flower, le motif fleuri de Flower Press et la foug\u00e8re de Pollen Trail, tandis qu&#8217;Arbour,... Voir l&#039;article\" \/>\n<meta property=\"og:url\" content=\"https:\/\/www.gpjbaker.com\/fr\/marques\/baker-lifestyle\/block-party\/\" \/>\n<meta property=\"og:site_name\" content=\"G P &amp; J Baker\" \/>\n<meta property=\"article:modified_time\" content=\"2025-09-08T17:49:51+00:00\" \/>\n<meta property=\"og:image\" content=\"https:\/\/www.gpjbaker.com\/wp-content\/uploads\/2020\/08\/BL-Block-Party-Blue-Red-THUMBA.jpg\" \/>\n\t<meta property=\"og:image:width\" content=\"400\" \/>\n\t<meta property=\"og:image:height\" content=\"255\" \/>\n\t<meta property=\"og:image:type\" content=\"image\/jpeg\" \/>\n<meta name=\"twitter:card\" content=\"summary_large_image\" \/>\n<meta name=\"twitter:label1\" content=\"Est. reading time\" \/>\n\t<meta name=\"twitter:data1\" content=\"1 minute\" \/>\n<script type=\"application\/ld+json\" class=\"yoast-schema-graph\">{\"@context\":\"https:\/\/schema.org\",\"@graph\":[{\"@type\":\"WebPage\",\"@id\":\"https:\/\/www.gpjbaker.com\/fr\/marques\/baker-lifestyle\/block-party\/\",\"url\":\"https:\/\/www.gpjbaker.com\/fr\/marques\/baker-lifestyle\/block-party\/\",\"name\":\"Block Party - G P &amp; J Baker\",\"isPartOf\":{\"@id\":\"https:\/\/www.gpjbaker.com\/#website\"},\"primaryImageOfPage\":{\"@id\":\"https:\/\/www.gpjbaker.com\/fr\/marques\/baker-lifestyle\/block-party\/#primaryimage\"},\"image\":{\"@id\":\"https:\/\/www.gpjbaker.com\/fr\/marques\/baker-lifestyle\/block-party\/#primaryimage\"},\"thumbnailUrl\":\"https:\/\/www.gpjbaker.com\/wp-content\/uploads\/2020\/08\/BL-Block-Party-Blue-Red-THUMBA.jpg\",\"datePublished\":\"2020-08-24T14:34:51+00:00\",\"dateModified\":\"2025-09-08T17:49:51+00:00\",\"breadcrumb\":{\"@id\":\"https:\/\/www.gpjbaker.com\/fr\/marques\/baker-lifestyle\/block-party\/#breadcrumb\"},\"inLanguage\":\"fr-FR\",\"potentialAction\":[{\"@type\":\"ReadAction\",\"target\":[\"https:\/\/www.gpjbaker.com\/fr\/marques\/baker-lifestyle\/block-party\/\"]}]},{\"@type\":\"ImageObject\",\"inLanguage\":\"fr-FR\",\"@id\":\"https:\/\/www.gpjbaker.com\/fr\/marques\/baker-lifestyle\/block-party\/#primaryimage\",\"url\":\"https:\/\/www.gpjbaker.com\/wp-content\/uploads\/2020\/08\/BL-Block-Party-Blue-Red-THUMBA.jpg\",\"contentUrl\":\"https:\/\/www.gpjbaker.com\/wp-content\/uploads\/2020\/08\/BL-Block-Party-Blue-Red-THUMBA.jpg\",\"width\":400,\"height\":255,\"caption\":\"Cinq imprim\u00e9s artisanaux, simples et charmants, ainsi qu'un motif\"},{\"@type\":\"BreadcrumbList\",\"@id\":\"https:\/\/www.gpjbaker.com\/fr\/marques\/baker-lifestyle\/block-party\/#breadcrumb\",\"itemListElement\":[{\"@type\":\"ListItem\",\"position\":1,\"name\":\"Home\",\"item\":\"https:\/\/www.gpjbaker.com\/fr\/\"},{\"@type\":\"ListItem\",\"position\":2,\"name\":\"Marques\",\"item\":\"https:\/\/www.gpjbaker.com\/fr\/marques\/\"},{\"@type\":\"ListItem\",\"position\":3,\"name\":\"Baker Lifestyle\",\"item\":\"https:\/\/www.gpjbaker.com\/fr\/marques\/baker-lifestyle\/\"},{\"@type\":\"ListItem\",\"position\":4,\"name\":\"Block Party\"}]},{\"@type\":\"WebSite\",\"@id\":\"https:\/\/www.gpjbaker.com\/#website\",\"url\":\"https:\/\/www.gpjbaker.com\/\",\"name\":\"G P &amp; J Baker\",\"description\":\"\",\"potentialAction\":[{\"@type\":\"SearchAction\",\"target\":{\"@type\":\"EntryPoint\",\"urlTemplate\":\"https:\/\/www.gpjbaker.com\/?s={search_term_string}\"},\"query-input\":{\"@type\":\"PropertyValueSpecification\",\"valueRequired\":true,\"valueName\":\"search_term_string\"}}],\"inLanguage\":\"fr-FR\"}]}<\/script>\n<!-- \/ Yoast SEO plugin. -->","yoast_head_json":{"title":"Block Party - G P &amp; J Baker","robots":{"index":"index","follow":"follow","max-snippet":"max-snippet:-1","max-image-preview":"max-image-preview:large","max-video-preview":"max-video-preview:-1"},"canonical":"https:\/\/www.gpjbaker.com\/fr\/marques\/baker-lifestyle\/block-party\/","og_locale":"fr_FR","og_type":"article","og_title":"Block Party - G P &amp; J Baker","og_description":"[vc_row][vc_column][vc_column_text]Cinq imprim\u00e9s artisanaux, charmants et simples, ainsi qu&#8217;un motif aux fleurs et bourgeons exub\u00e9rants, constituent le c\u0153ur de cette collection fra\u00eeche et attrayante. Le graphisme moderne de Block Trellis et de Bumble Bee contraste avec le joli rameau de Wild Flower, le motif fleuri de Flower Press et la foug\u00e8re de Pollen Trail, tandis qu&#8217;Arbour,... Voir l'article","og_url":"https:\/\/www.gpjbaker.com\/fr\/marques\/baker-lifestyle\/block-party\/","og_site_name":"G P &amp; J Baker","article_modified_time":"2025-09-08T17:49:51+00:00","og_image":[{"width":400,"height":255,"url":"https:\/\/www.gpjbaker.com\/wp-content\/uploads\/2020\/08\/BL-Block-Party-Blue-Red-THUMBA.jpg","type":"image\/jpeg"}],"twitter_card":"summary_large_image","twitter_misc":{"Est. reading time":"1 minute"},"schema":{"@context":"https:\/\/schema.org","@graph":[{"@type":"WebPage","@id":"https:\/\/www.gpjbaker.com\/fr\/marques\/baker-lifestyle\/block-party\/","url":"https:\/\/www.gpjbaker.com\/fr\/marques\/baker-lifestyle\/block-party\/","name":"Block Party - G P &amp; J Baker","isPartOf":{"@id":"https:\/\/www.gpjbaker.com\/#website"},"primaryImageOfPage":{"@id":"https:\/\/www.gpjbaker.com\/fr\/marques\/baker-lifestyle\/block-party\/#primaryimage"},"image":{"@id":"https:\/\/www.gpjbaker.com\/fr\/marques\/baker-lifestyle\/block-party\/#primaryimage"},"thumbnailUrl":"https:\/\/www.gpjbaker.com\/wp-content\/uploads\/2020\/08\/BL-Block-Party-Blue-Red-THUMBA.jpg","datePublished":"2020-08-24T14:34:51+00:00","dateModified":"2025-09-08T17:49:51+00:00","breadcrumb":{"@id":"https:\/\/www.gpjbaker.com\/fr\/marques\/baker-lifestyle\/block-party\/#breadcrumb"},"inLanguage":"fr-FR","potentialAction":[{"@type":"ReadAction","target":["https:\/\/www.gpjbaker.com\/fr\/marques\/baker-lifestyle\/block-party\/"]}]},{"@type":"ImageObject","inLanguage":"fr-FR","@id":"https:\/\/www.gpjbaker.com\/fr\/marques\/baker-lifestyle\/block-party\/#primaryimage","url":"https:\/\/www.gpjbaker.com\/wp-content\/uploads\/2020\/08\/BL-Block-Party-Blue-Red-THUMBA.jpg","contentUrl":"https:\/\/www.gpjbaker.com\/wp-content\/uploads\/2020\/08\/BL-Block-Party-Blue-Red-THUMBA.jpg","width":400,"height":255,"caption":"Cinq imprim\u00e9s artisanaux, simples et charmants, ainsi qu'un motif"},{"@type":"BreadcrumbList","@id":"https:\/\/www.gpjbaker.com\/fr\/marques\/baker-lifestyle\/block-party\/#breadcrumb","itemListElement":[{"@type":"ListItem","position":1,"name":"Home","item":"https:\/\/www.gpjbaker.com\/fr\/"},{"@type":"ListItem","position":2,"name":"Marques","item":"https:\/\/www.gpjbaker.com\/fr\/marques\/"},{"@type":"ListItem","position":3,"name":"Baker Lifestyle","item":"https:\/\/www.gpjbaker.com\/fr\/marques\/baker-lifestyle\/"},{"@type":"ListItem","position":4,"name":"Block Party"}]},{"@type":"WebSite","@id":"https:\/\/www.gpjbaker.com\/#website","url":"https:\/\/www.gpjbaker.com\/","name":"G P &amp; J Baker","description":"","potentialAction":[{"@type":"SearchAction","target":{"@type":"EntryPoint","urlTemplate":"https:\/\/www.gpjbaker.com\/?s={search_term_string}"},"query-input":{"@type":"PropertyValueSpecification","valueRequired":true,"valueName":"search_term_string"}}],"inLanguage":"fr-FR"}]}},"_links":{"self":[{"href":"https:\/\/www.gpjbaker.com\/fr\/wp-json\/wp\/v2\/pages\/8996","targetHints":{"allow":["GET"]}}],"collection":[{"href":"https:\/\/www.gpjbaker.com\/fr\/wp-json\/wp\/v2\/pages"}],"about":[{"href":"https:\/\/www.gpjbaker.com\/fr\/wp-json\/wp\/v2\/types\/page"}],"author":[{"embeddable":true,"href":"https:\/\/www.gpjbaker.com\/fr\/wp-json\/wp\/v2\/users\/6"}],"replies":[{"embeddable":true,"href":"https:\/\/www.gpjbaker.com\/fr\/wp-json\/wp\/v2\/comments?post=8996"}],"version-history":[{"count":5,"href":"https:\/\/www.gpjbaker.com\/fr\/wp-json\/wp\/v2\/pages\/8996\/revisions"}],"predecessor-version":[{"id":9226,"href":"https:\/\/www.gpjbaker.com\/fr\/wp-json\/wp\/v2\/pages\/8996\/revisions\/9226"}],"up":[{"embeddable":true,"href":"https:\/\/www.gpjbaker.com\/fr\/wp-json\/wp\/v2\/pages\/5290"}],"wp:featuredmedia":[{"embeddable":true,"href":"https:\/\/www.gpjbaker.com\/fr\/wp-json\/wp\/v2\/media\/8960"}],"wp:attachment":[{"href":"https:\/\/www.gpjbaker.com\/fr\/wp-json\/wp\/v2\/media?parent=8996"}],"curies":[{"name":"wp","href":"https:\/\/api.w.org\/{rel}","templated":true}]}}