{"id":8980,"date":"2020-08-19T12:24:08","date_gmt":"2020-08-19T17:24:08","guid":{"rendered":"https:\/\/www.gpjbaker.com\/marques\/kravet\/barclay-butera-sagamore\/"},"modified":"2025-09-09T12:34:14","modified_gmt":"2025-09-09T17:34:14","slug":"barclay-butera-sagamore","status":"publish","type":"page","link":"https:\/\/www.gpjbaker.com\/fr\/marques\/kravet\/barclay-butera-sagamore\/","title":{"rendered":"Barclay Butera Sagamore"},"content":{"rendered":"<div class=\"wpb-content-wrapper\">[vc_row][vc_column][vc_column_text]Apr\u00e8s trois collections avec Kravet, Barclay Butera souhaitait cette fois-ci un peu plus de l\u00e9g\u00e8ret\u00e9. Avec la superbe collection Sagamore ce cr\u00e9ateur d&#8217;exception reste fid\u00e8le \u00e0 son image de marque tout en y ajoutant une touche de nouveaut\u00e9, Et c&#8217;est avec cette collection si r\u00e9ussie que Butera a r\u00e9cemment red\u00e9cor\u00e9 son int\u00e9rieur.[\/vc_column_text][\/vc_column][\/vc_row][vc_row][vc_column][vc_raw_js]JTNDc2NyaXB0JTIwdHlwZSUzRCUyMnRleHQlMkZqYXZhc2NyaXB0JTIyJTNFJTIwJTBBdmFyJTIwc2VhcmNoVVJMJTIwJTNEJTIwJTIyc29ydCUzRERBVEUlMjZ1c2UlM0RNdWx0aXB1cnBvc2UlMkNVcGhvbHN0ZXJ5JTJDQ3VydGFpbnMlMjZjb2xsZWN0aW9uJTNEQmFyY2xheSUyMEJ1dGVyYSUyMFNhZ2Ftb3JlJTIyJTBBJTIwJTNDJTJGc2NyaXB0JTNF[\/vc_raw_js][\/vc_column][\/vc_row]<\/div>","protected":false},"excerpt":{"rendered":"[vc_row][vc_column][vc_column_text]Apr\u00e8s trois collections avec Kravet, Barclay Butera souhaitait cette fois-ci un peu plus de l\u00e9g\u00e8ret\u00e9. Avec la superbe collection Sagamore ce cr\u00e9ateur d&#8217;exception reste fid\u00e8le \u00e0 son image de marque tout en y ajoutant une touche de nouveaut\u00e9, Et c&#8217;est avec cette collection si r\u00e9ussie que Butera a r\u00e9cemment red\u00e9cor\u00e9 son int\u00e9rieur.[\/vc_column_text][\/vc_column][\/vc_row][vc_row][vc_column][vc_raw_js]JTNDc2NyaXB0JTIwdHlwZSUzRCUyMnRleHQlMkZqYXZhc2NyaXB0JTIyJTNFJTIwJTBBdmFyJTIwc2VhcmNoVVJMJTIwJTNEJTIwJTIyc29ydCUzRERBVEUlMjZ1c2UlM0RNdWx0aXB1cnBvc2UlMkNVcGhvbHN0ZXJ5JTJDQ3VydGFpbnMlMjZjb2xsZWN0aW9uJTNEQmFyY2xheSUyMEJ1dGVyYSUyMFNhZ2Ftb3JlJTIyJTBBJTIwJTNDJTJGc2NyaXB0JTNF[\/vc_raw_js][\/vc_column][\/vc_row]","protected":false},"author":6,"featured_media":8702,"parent":5291,"menu_order":2,"comment_status":"closed","ping_status":"closed","template":"template-collections.php","meta":{"footnotes":""},"class_list":["post-8980","page","type-page","status-publish","has-post-thumbnail","hentry","page_language-fr"],"yoast_head":"<!-- This site is optimized with the Yoast SEO plugin v26.8 - https:\/\/yoast.com\/product\/yoast-seo-wordpress\/ -->\n<title>Barclay Butera Sagamore - G P &amp; J Baker<\/title>\n<meta name=\"robots\" content=\"index, follow, max-snippet:-1, max-image-preview:large, max-video-preview:-1\" \/>\n<link rel=\"canonical\" href=\"https:\/\/www.gpjbaker.com\/fr\/marques\/kravet\/barclay-butera-sagamore\/\" \/>\n<meta property=\"og:locale\" content=\"fr_FR\" \/>\n<meta property=\"og:type\" content=\"article\" \/>\n<meta property=\"og:title\" content=\"Barclay Butera Sagamore - G P &amp; J Baker\" \/>\n<meta property=\"og:description\" content=\"[vc_row][vc_column][vc_column_text]Apr\u00e8s trois collections avec Kravet, Barclay Butera souhaitait cette fois-ci un peu plus de l\u00e9g\u00e8ret\u00e9. Avec la superbe collection Sagamore ce cr\u00e9ateur d&#8217;exception reste fid\u00e8le \u00e0 son image de marque tout en y ajoutant une touche de nouveaut\u00e9, Et c&#8217;est avec cette collection si r\u00e9ussie que Butera a r\u00e9cemment red\u00e9cor\u00e9 son int\u00e9rieur.[\/vc_column_text][\/vc_column][\/vc_row][vc_row][vc_column][vc_raw_js]JTNDc2NyaXB0JTIwdHlwZSUzRCUyMnRleHQlMkZqYXZhc2NyaXB0JTIyJTNFJTIwJTBBdmFyJTIwc2VhcmNoVVJMJTIwJTNEJTIwJTIyc29ydCUzRERBVEUlMjZ1c2UlM0RNdWx0aXB1cnBvc2UlMkNVcGhvbHN0ZXJ5JTJDQ3VydGFpbnMlMjZjb2xsZWN0aW9uJTNEQmFyY2xheSUyMEJ1dGVyYSUyMFNhZ2Ftb3JlJTIyJTBBJTIwJTNDJTJGc2NyaXB0JTNF[\/vc_raw_js][\/vc_column][\/vc_row]\" \/>\n<meta property=\"og:url\" content=\"https:\/\/www.gpjbaker.com\/fr\/marques\/kravet\/barclay-butera-sagamore\/\" \/>\n<meta property=\"og:site_name\" content=\"G P &amp; J Baker\" \/>\n<meta property=\"article:modified_time\" content=\"2025-09-09T17:34:14+00:00\" \/>\n<meta property=\"og:image\" content=\"https:\/\/www.gpjbaker.com\/wp-content\/uploads\/2020\/02\/Thumb-KK-BB-Sagamore.jpg\" \/>\n\t<meta property=\"og:image:width\" content=\"400\" \/>\n\t<meta property=\"og:image:height\" content=\"255\" \/>\n\t<meta property=\"og:image:type\" content=\"image\/jpeg\" \/>\n<meta name=\"twitter:card\" content=\"summary_large_image\" \/>\n<meta name=\"twitter:label1\" content=\"Est. reading time\" \/>\n\t<meta name=\"twitter:data1\" content=\"1 minute\" \/>\n<script type=\"application\/ld+json\" class=\"yoast-schema-graph\">{\"@context\":\"https:\/\/schema.org\",\"@graph\":[{\"@type\":\"WebPage\",\"@id\":\"https:\/\/www.gpjbaker.com\/fr\/marques\/kravet\/barclay-butera-sagamore\/\",\"url\":\"https:\/\/www.gpjbaker.com\/fr\/marques\/kravet\/barclay-butera-sagamore\/\",\"name\":\"Barclay Butera Sagamore - G P &amp; J Baker\",\"isPartOf\":{\"@id\":\"https:\/\/www.gpjbaker.com\/#website\"},\"primaryImageOfPage\":{\"@id\":\"https:\/\/www.gpjbaker.com\/fr\/marques\/kravet\/barclay-butera-sagamore\/#primaryimage\"},\"image\":{\"@id\":\"https:\/\/www.gpjbaker.com\/fr\/marques\/kravet\/barclay-butera-sagamore\/#primaryimage\"},\"thumbnailUrl\":\"https:\/\/www.gpjbaker.com\/wp-content\/uploads\/2020\/02\/Thumb-KK-BB-Sagamore.jpg\",\"datePublished\":\"2020-08-19T17:24:08+00:00\",\"dateModified\":\"2025-09-09T17:34:14+00:00\",\"breadcrumb\":{\"@id\":\"https:\/\/www.gpjbaker.com\/fr\/marques\/kravet\/barclay-butera-sagamore\/#breadcrumb\"},\"inLanguage\":\"fr-FR\",\"potentialAction\":[{\"@type\":\"ReadAction\",\"target\":[\"https:\/\/www.gpjbaker.com\/fr\/marques\/kravet\/barclay-butera-sagamore\/\"]}]},{\"@type\":\"ImageObject\",\"inLanguage\":\"fr-FR\",\"@id\":\"https:\/\/www.gpjbaker.com\/fr\/marques\/kravet\/barclay-butera-sagamore\/#primaryimage\",\"url\":\"https:\/\/www.gpjbaker.com\/wp-content\/uploads\/2020\/02\/Thumb-KK-BB-Sagamore.jpg\",\"contentUrl\":\"https:\/\/www.gpjbaker.com\/wp-content\/uploads\/2020\/02\/Thumb-KK-BB-Sagamore.jpg\",\"width\":400,\"height\":255,\"caption\":\"Apr\u00e8s trois collections avec Kravet, Barclay Butera souhaitait cette fois-ci un peu plus de l\u00e9g\u00e8ret\u00e9.\"},{\"@type\":\"BreadcrumbList\",\"@id\":\"https:\/\/www.gpjbaker.com\/fr\/marques\/kravet\/barclay-butera-sagamore\/#breadcrumb\",\"itemListElement\":[{\"@type\":\"ListItem\",\"position\":1,\"name\":\"Home\",\"item\":\"https:\/\/www.gpjbaker.com\/fr\/\"},{\"@type\":\"ListItem\",\"position\":2,\"name\":\"Marques\",\"item\":\"https:\/\/www.gpjbaker.com\/fr\/marques\/\"},{\"@type\":\"ListItem\",\"position\":3,\"name\":\"Kravet\",\"item\":\"https:\/\/www.gpjbaker.com\/fr\/marques\/kravet\/\"},{\"@type\":\"ListItem\",\"position\":4,\"name\":\"Barclay Butera Sagamore\"}]},{\"@type\":\"WebSite\",\"@id\":\"https:\/\/www.gpjbaker.com\/#website\",\"url\":\"https:\/\/www.gpjbaker.com\/\",\"name\":\"G P &amp; J Baker\",\"description\":\"\",\"potentialAction\":[{\"@type\":\"SearchAction\",\"target\":{\"@type\":\"EntryPoint\",\"urlTemplate\":\"https:\/\/www.gpjbaker.com\/?s={search_term_string}\"},\"query-input\":{\"@type\":\"PropertyValueSpecification\",\"valueRequired\":true,\"valueName\":\"search_term_string\"}}],\"inLanguage\":\"fr-FR\"}]}<\/script>\n<!-- \/ Yoast SEO plugin. -->","yoast_head_json":{"title":"Barclay Butera Sagamore - G P &amp; J Baker","robots":{"index":"index","follow":"follow","max-snippet":"max-snippet:-1","max-image-preview":"max-image-preview:large","max-video-preview":"max-video-preview:-1"},"canonical":"https:\/\/www.gpjbaker.com\/fr\/marques\/kravet\/barclay-butera-sagamore\/","og_locale":"fr_FR","og_type":"article","og_title":"Barclay Butera Sagamore - G P &amp; J Baker","og_description":"[vc_row][vc_column][vc_column_text]Apr\u00e8s trois collections avec Kravet, Barclay Butera souhaitait cette fois-ci un peu plus de l\u00e9g\u00e8ret\u00e9. Avec la superbe collection Sagamore ce cr\u00e9ateur d&#8217;exception reste fid\u00e8le \u00e0 son image de marque tout en y ajoutant une touche de nouveaut\u00e9, Et c&#8217;est avec cette collection si r\u00e9ussie que Butera a r\u00e9cemment red\u00e9cor\u00e9 son int\u00e9rieur.[\/vc_column_text][\/vc_column][\/vc_row][vc_row][vc_column][vc_raw_js]JTNDc2NyaXB0JTIwdHlwZSUzRCUyMnRleHQlMkZqYXZhc2NyaXB0JTIyJTNFJTIwJTBBdmFyJTIwc2VhcmNoVVJMJTIwJTNEJTIwJTIyc29ydCUzRERBVEUlMjZ1c2UlM0RNdWx0aXB1cnBvc2UlMkNVcGhvbHN0ZXJ5JTJDQ3VydGFpbnMlMjZjb2xsZWN0aW9uJTNEQmFyY2xheSUyMEJ1dGVyYSUyMFNhZ2Ftb3JlJTIyJTBBJTIwJTNDJTJGc2NyaXB0JTNF[\/vc_raw_js][\/vc_column][\/vc_row]","og_url":"https:\/\/www.gpjbaker.com\/fr\/marques\/kravet\/barclay-butera-sagamore\/","og_site_name":"G P &amp; J Baker","article_modified_time":"2025-09-09T17:34:14+00:00","og_image":[{"width":400,"height":255,"url":"https:\/\/www.gpjbaker.com\/wp-content\/uploads\/2020\/02\/Thumb-KK-BB-Sagamore.jpg","type":"image\/jpeg"}],"twitter_card":"summary_large_image","twitter_misc":{"Est. reading time":"1 minute"},"schema":{"@context":"https:\/\/schema.org","@graph":[{"@type":"WebPage","@id":"https:\/\/www.gpjbaker.com\/fr\/marques\/kravet\/barclay-butera-sagamore\/","url":"https:\/\/www.gpjbaker.com\/fr\/marques\/kravet\/barclay-butera-sagamore\/","name":"Barclay Butera Sagamore - G P &amp; J Baker","isPartOf":{"@id":"https:\/\/www.gpjbaker.com\/#website"},"primaryImageOfPage":{"@id":"https:\/\/www.gpjbaker.com\/fr\/marques\/kravet\/barclay-butera-sagamore\/#primaryimage"},"image":{"@id":"https:\/\/www.gpjbaker.com\/fr\/marques\/kravet\/barclay-butera-sagamore\/#primaryimage"},"thumbnailUrl":"https:\/\/www.gpjbaker.com\/wp-content\/uploads\/2020\/02\/Thumb-KK-BB-Sagamore.jpg","datePublished":"2020-08-19T17:24:08+00:00","dateModified":"2025-09-09T17:34:14+00:00","breadcrumb":{"@id":"https:\/\/www.gpjbaker.com\/fr\/marques\/kravet\/barclay-butera-sagamore\/#breadcrumb"},"inLanguage":"fr-FR","potentialAction":[{"@type":"ReadAction","target":["https:\/\/www.gpjbaker.com\/fr\/marques\/kravet\/barclay-butera-sagamore\/"]}]},{"@type":"ImageObject","inLanguage":"fr-FR","@id":"https:\/\/www.gpjbaker.com\/fr\/marques\/kravet\/barclay-butera-sagamore\/#primaryimage","url":"https:\/\/www.gpjbaker.com\/wp-content\/uploads\/2020\/02\/Thumb-KK-BB-Sagamore.jpg","contentUrl":"https:\/\/www.gpjbaker.com\/wp-content\/uploads\/2020\/02\/Thumb-KK-BB-Sagamore.jpg","width":400,"height":255,"caption":"Apr\u00e8s trois collections avec Kravet, Barclay Butera souhaitait cette fois-ci un peu plus de l\u00e9g\u00e8ret\u00e9."},{"@type":"BreadcrumbList","@id":"https:\/\/www.gpjbaker.com\/fr\/marques\/kravet\/barclay-butera-sagamore\/#breadcrumb","itemListElement":[{"@type":"ListItem","position":1,"name":"Home","item":"https:\/\/www.gpjbaker.com\/fr\/"},{"@type":"ListItem","position":2,"name":"Marques","item":"https:\/\/www.gpjbaker.com\/fr\/marques\/"},{"@type":"ListItem","position":3,"name":"Kravet","item":"https:\/\/www.gpjbaker.com\/fr\/marques\/kravet\/"},{"@type":"ListItem","position":4,"name":"Barclay Butera Sagamore"}]},{"@type":"WebSite","@id":"https:\/\/www.gpjbaker.com\/#website","url":"https:\/\/www.gpjbaker.com\/","name":"G P &amp; J Baker","description":"","potentialAction":[{"@type":"SearchAction","target":{"@type":"EntryPoint","urlTemplate":"https:\/\/www.gpjbaker.com\/?s={search_term_string}"},"query-input":{"@type":"PropertyValueSpecification","valueRequired":true,"valueName":"search_term_string"}}],"inLanguage":"fr-FR"}]}},"_links":{"self":[{"href":"https:\/\/www.gpjbaker.com\/fr\/wp-json\/wp\/v2\/pages\/8980","targetHints":{"allow":["GET"]}}],"collection":[{"href":"https:\/\/www.gpjbaker.com\/fr\/wp-json\/wp\/v2\/pages"}],"about":[{"href":"https:\/\/www.gpjbaker.com\/fr\/wp-json\/wp\/v2\/types\/page"}],"author":[{"embeddable":true,"href":"https:\/\/www.gpjbaker.com\/fr\/wp-json\/wp\/v2\/users\/6"}],"replies":[{"embeddable":true,"href":"https:\/\/www.gpjbaker.com\/fr\/wp-json\/wp\/v2\/comments?post=8980"}],"version-history":[{"count":1,"href":"https:\/\/www.gpjbaker.com\/fr\/wp-json\/wp\/v2\/pages\/8980\/revisions"}],"predecessor-version":[{"id":8982,"href":"https:\/\/www.gpjbaker.com\/fr\/wp-json\/wp\/v2\/pages\/8980\/revisions\/8982"}],"up":[{"embeddable":true,"href":"https:\/\/www.gpjbaker.com\/fr\/wp-json\/wp\/v2\/pages\/5291"}],"wp:featuredmedia":[{"embeddable":true,"href":"https:\/\/www.gpjbaker.com\/fr\/wp-json\/wp\/v2\/media\/8702"}],"wp:attachment":[{"href":"https:\/\/www.gpjbaker.com\/fr\/wp-json\/wp\/v2\/media?parent=8980"}],"curies":[{"name":"wp","href":"https:\/\/api.w.org\/{rel}","templated":true}]}}