{"id":8501,"date":"2019-09-18T08:48:24","date_gmt":"2019-09-18T13:48:24","guid":{"rendered":"https:\/\/www.gpjbaker.com\/marques\/threads\/nala-linens\/"},"modified":"2025-09-08T14:41:00","modified_gmt":"2025-09-08T19:41:00","slug":"nala-linens","status":"publish","type":"page","link":"https:\/\/www.gpjbaker.com\/fr\/marques\/threads\/nala-linens\/","title":{"rendered":"Nala Linens"},"content":{"rendered":"<div class=\"wpb-content-wrapper\">[vc_row][vc_column][vc_column_text]Cette belle collection de trois voilages semi-transparents en grande largeur est propos\u00e9e dans un tissu pur lin. Nala Plain,avec sa palette de tonalit\u00e9s neutres et douces et ses jolis bleus s&#8217;associe harmonieusement \u00e0 l&#8217;\u00e9l\u00e9gante simplicit\u00e9 des larges rayures Nala.\r\n\r\n<a style=\"text-decoration: underline;\" href=\"https:\/\/cloud.3dissue.com\/209583\/209767\/246228\/NALA-LOOK-BOOK\/index.html\" target=\"new\" rel=\"noopener noreferrer\">Voir le Look Book<\/a>[\/vc_column_text][\/vc_column][\/vc_row][vc_row][vc_column][vc_raw_js]JTNDc2NyaXB0JTIwc3R5bGUlM0QlMjJ0ZXh0JTJGamF2YXNjcmlwdCUyMiUzRSUyMHZhciUyMHNlYXJjaFVSTCUyMCUzRCUyMCUyMnNvcnQlM0REQVRFJTI2dXNlJTNETXVsdGlwdXJwb3NlJTJDVXBob2xzdGVyeSUyQ0N1cnRhaW5zJTI2Y29sbGVjdGlvbiUzRE5hbGElMjBMaW5lbnMlMjIlM0IlM0MlMkZzY3JpcHQlM0U=[\/vc_raw_js][\/vc_column][\/vc_row]<\/div>","protected":false},"excerpt":{"rendered":"[vc_row][vc_column][vc_column_text]Cette belle collection de trois voilages semi-transparents en grande largeur est propos\u00e9e dans un tissu pur lin. Nala Plain,avec sa palette de tonalit\u00e9s neutres et douces et ses jolis bleus s&#8217;associe harmonieusement \u00e0 l&#8217;\u00e9l\u00e9gante simplicit\u00e9 des larges rayures Nala. Voir le Look Book[\/vc_column_text][\/vc_column][\/vc_row][vc_row][vc_column][vc_raw_js]JTNDc2NyaXB0JTIwc3R5bGUlM0QlMjJ0ZXh0JTJGamF2YXNjcmlwdCUyMiUzRSUyMHZhciUyMHNlYXJjaFVSTCUyMCUzRCUyMCUyMnNvcnQlM0REQVRFJTI2dXNlJTNETXVsdGlwdXJwb3NlJTJDVXBob2xzdGVyeSUyQ0N1cnRhaW5zJTI2Y29sbGVjdGlvbiUzRE5hbGElMjBMaW5lbnMlMjIlM0IlM0MlMkZzY3JpcHQlM0U=[\/vc_raw_js][\/vc_column][\/vc_row]","protected":false},"author":6,"featured_media":8408,"parent":5289,"menu_order":0,"comment_status":"closed","ping_status":"closed","template":"template-collections.php","meta":{"footnotes":""},"class_list":["post-8501","page","type-page","status-publish","has-post-thumbnail","hentry","page_language-fr"],"yoast_head":"<!-- This site is optimized with the Yoast SEO plugin v26.8 - https:\/\/yoast.com\/product\/yoast-seo-wordpress\/ -->\n<title>Nala Linens - G P &amp; J Baker<\/title>\n<meta name=\"robots\" content=\"index, follow, max-snippet:-1, max-image-preview:large, max-video-preview:-1\" \/>\n<link rel=\"canonical\" href=\"https:\/\/www.gpjbaker.com\/fr\/marques\/threads\/nala-linens\/\" \/>\n<meta property=\"og:locale\" content=\"fr_FR\" \/>\n<meta property=\"og:type\" content=\"article\" \/>\n<meta property=\"og:title\" content=\"Nala Linens - G P &amp; J Baker\" \/>\n<meta property=\"og:description\" content=\"[vc_row][vc_column][vc_column_text]Cette belle collection de trois voilages semi-transparents en grande largeur est propos\u00e9e dans un tissu pur lin. Nala Plain,avec sa palette de tonalit\u00e9s neutres et douces et ses jolis bleus s&#8217;associe harmonieusement \u00e0 l&#8217;\u00e9l\u00e9gante simplicit\u00e9 des larges rayures Nala. Voir le Look Book[\/vc_column_text][\/vc_column][\/vc_row][vc_row][vc_column][vc_raw_js]JTNDc2NyaXB0JTIwc3R5bGUlM0QlMjJ0ZXh0JTJGamF2YXNjcmlwdCUyMiUzRSUyMHZhciUyMHNlYXJjaFVSTCUyMCUzRCUyMCUyMnNvcnQlM0REQVRFJTI2dXNlJTNETXVsdGlwdXJwb3NlJTJDVXBob2xzdGVyeSUyQ0N1cnRhaW5zJTI2Y29sbGVjdGlvbiUzRE5hbGElMjBMaW5lbnMlMjIlM0IlM0MlMkZzY3JpcHQlM0U=[\/vc_raw_js][\/vc_column][\/vc_row]\" \/>\n<meta property=\"og:url\" content=\"https:\/\/www.gpjbaker.com\/fr\/marques\/threads\/nala-linens\/\" \/>\n<meta property=\"og:site_name\" content=\"G P &amp; J Baker\" \/>\n<meta property=\"article:modified_time\" content=\"2025-09-08T19:41:00+00:00\" \/>\n<meta property=\"og:image\" content=\"https:\/\/www.gpjbaker.com\/wp-content\/uploads\/2019\/08\/Nala-Linens-Thumb.jpg\" \/>\n\t<meta property=\"og:image:width\" content=\"400\" \/>\n\t<meta property=\"og:image:height\" content=\"255\" \/>\n\t<meta property=\"og:image:type\" content=\"image\/jpeg\" \/>\n<meta name=\"twitter:card\" content=\"summary_large_image\" \/>\n<meta name=\"twitter:label1\" content=\"Est. reading time\" \/>\n\t<meta name=\"twitter:data1\" content=\"1 minute\" \/>\n<script type=\"application\/ld+json\" class=\"yoast-schema-graph\">{\"@context\":\"https:\/\/schema.org\",\"@graph\":[{\"@type\":\"WebPage\",\"@id\":\"https:\/\/www.gpjbaker.com\/fr\/marques\/threads\/nala-linens\/\",\"url\":\"https:\/\/www.gpjbaker.com\/fr\/marques\/threads\/nala-linens\/\",\"name\":\"Nala Linens - G P &amp; J Baker\",\"isPartOf\":{\"@id\":\"https:\/\/www.gpjbaker.com\/#website\"},\"primaryImageOfPage\":{\"@id\":\"https:\/\/www.gpjbaker.com\/fr\/marques\/threads\/nala-linens\/#primaryimage\"},\"image\":{\"@id\":\"https:\/\/www.gpjbaker.com\/fr\/marques\/threads\/nala-linens\/#primaryimage\"},\"thumbnailUrl\":\"https:\/\/www.gpjbaker.com\/wp-content\/uploads\/2019\/08\/Nala-Linens-Thumb.jpg\",\"datePublished\":\"2019-09-18T13:48:24+00:00\",\"dateModified\":\"2025-09-08T19:41:00+00:00\",\"breadcrumb\":{\"@id\":\"https:\/\/www.gpjbaker.com\/fr\/marques\/threads\/nala-linens\/#breadcrumb\"},\"inLanguage\":\"fr-FR\",\"potentialAction\":[{\"@type\":\"ReadAction\",\"target\":[\"https:\/\/www.gpjbaker.com\/fr\/marques\/threads\/nala-linens\/\"]}]},{\"@type\":\"ImageObject\",\"inLanguage\":\"fr-FR\",\"@id\":\"https:\/\/www.gpjbaker.com\/fr\/marques\/threads\/nala-linens\/#primaryimage\",\"url\":\"https:\/\/www.gpjbaker.com\/wp-content\/uploads\/2019\/08\/Nala-Linens-Thumb.jpg\",\"contentUrl\":\"https:\/\/www.gpjbaker.com\/wp-content\/uploads\/2019\/08\/Nala-Linens-Thumb.jpg\",\"width\":400,\"height\":255,\"caption\":\"Cette belle collection de trois voilages semi-transparents en grande largeur est propos\u00e9e dans un tissu pur lin.\"},{\"@type\":\"BreadcrumbList\",\"@id\":\"https:\/\/www.gpjbaker.com\/fr\/marques\/threads\/nala-linens\/#breadcrumb\",\"itemListElement\":[{\"@type\":\"ListItem\",\"position\":1,\"name\":\"Home\",\"item\":\"https:\/\/www.gpjbaker.com\/fr\/\"},{\"@type\":\"ListItem\",\"position\":2,\"name\":\"Marques\",\"item\":\"https:\/\/www.gpjbaker.com\/fr\/marques\/\"},{\"@type\":\"ListItem\",\"position\":3,\"name\":\"Threads\",\"item\":\"https:\/\/www.gpjbaker.com\/fr\/marques\/threads\/\"},{\"@type\":\"ListItem\",\"position\":4,\"name\":\"Nala Linens\"}]},{\"@type\":\"WebSite\",\"@id\":\"https:\/\/www.gpjbaker.com\/#website\",\"url\":\"https:\/\/www.gpjbaker.com\/\",\"name\":\"G P &amp; J Baker\",\"description\":\"\",\"potentialAction\":[{\"@type\":\"SearchAction\",\"target\":{\"@type\":\"EntryPoint\",\"urlTemplate\":\"https:\/\/www.gpjbaker.com\/?s={search_term_string}\"},\"query-input\":{\"@type\":\"PropertyValueSpecification\",\"valueRequired\":true,\"valueName\":\"search_term_string\"}}],\"inLanguage\":\"fr-FR\"}]}<\/script>\n<!-- \/ Yoast SEO plugin. -->","yoast_head_json":{"title":"Nala Linens - G P &amp; J Baker","robots":{"index":"index","follow":"follow","max-snippet":"max-snippet:-1","max-image-preview":"max-image-preview:large","max-video-preview":"max-video-preview:-1"},"canonical":"https:\/\/www.gpjbaker.com\/fr\/marques\/threads\/nala-linens\/","og_locale":"fr_FR","og_type":"article","og_title":"Nala Linens - G P &amp; J Baker","og_description":"[vc_row][vc_column][vc_column_text]Cette belle collection de trois voilages semi-transparents en grande largeur est propos\u00e9e dans un tissu pur lin. Nala Plain,avec sa palette de tonalit\u00e9s neutres et douces et ses jolis bleus s&#8217;associe harmonieusement \u00e0 l&#8217;\u00e9l\u00e9gante simplicit\u00e9 des larges rayures Nala. Voir le Look Book[\/vc_column_text][\/vc_column][\/vc_row][vc_row][vc_column][vc_raw_js]JTNDc2NyaXB0JTIwc3R5bGUlM0QlMjJ0ZXh0JTJGamF2YXNjcmlwdCUyMiUzRSUyMHZhciUyMHNlYXJjaFVSTCUyMCUzRCUyMCUyMnNvcnQlM0REQVRFJTI2dXNlJTNETXVsdGlwdXJwb3NlJTJDVXBob2xzdGVyeSUyQ0N1cnRhaW5zJTI2Y29sbGVjdGlvbiUzRE5hbGElMjBMaW5lbnMlMjIlM0IlM0MlMkZzY3JpcHQlM0U=[\/vc_raw_js][\/vc_column][\/vc_row]","og_url":"https:\/\/www.gpjbaker.com\/fr\/marques\/threads\/nala-linens\/","og_site_name":"G P &amp; J Baker","article_modified_time":"2025-09-08T19:41:00+00:00","og_image":[{"width":400,"height":255,"url":"https:\/\/www.gpjbaker.com\/wp-content\/uploads\/2019\/08\/Nala-Linens-Thumb.jpg","type":"image\/jpeg"}],"twitter_card":"summary_large_image","twitter_misc":{"Est. reading time":"1 minute"},"schema":{"@context":"https:\/\/schema.org","@graph":[{"@type":"WebPage","@id":"https:\/\/www.gpjbaker.com\/fr\/marques\/threads\/nala-linens\/","url":"https:\/\/www.gpjbaker.com\/fr\/marques\/threads\/nala-linens\/","name":"Nala Linens - G P &amp; J Baker","isPartOf":{"@id":"https:\/\/www.gpjbaker.com\/#website"},"primaryImageOfPage":{"@id":"https:\/\/www.gpjbaker.com\/fr\/marques\/threads\/nala-linens\/#primaryimage"},"image":{"@id":"https:\/\/www.gpjbaker.com\/fr\/marques\/threads\/nala-linens\/#primaryimage"},"thumbnailUrl":"https:\/\/www.gpjbaker.com\/wp-content\/uploads\/2019\/08\/Nala-Linens-Thumb.jpg","datePublished":"2019-09-18T13:48:24+00:00","dateModified":"2025-09-08T19:41:00+00:00","breadcrumb":{"@id":"https:\/\/www.gpjbaker.com\/fr\/marques\/threads\/nala-linens\/#breadcrumb"},"inLanguage":"fr-FR","potentialAction":[{"@type":"ReadAction","target":["https:\/\/www.gpjbaker.com\/fr\/marques\/threads\/nala-linens\/"]}]},{"@type":"ImageObject","inLanguage":"fr-FR","@id":"https:\/\/www.gpjbaker.com\/fr\/marques\/threads\/nala-linens\/#primaryimage","url":"https:\/\/www.gpjbaker.com\/wp-content\/uploads\/2019\/08\/Nala-Linens-Thumb.jpg","contentUrl":"https:\/\/www.gpjbaker.com\/wp-content\/uploads\/2019\/08\/Nala-Linens-Thumb.jpg","width":400,"height":255,"caption":"Cette belle collection de trois voilages semi-transparents en grande largeur est propos\u00e9e dans un tissu pur lin."},{"@type":"BreadcrumbList","@id":"https:\/\/www.gpjbaker.com\/fr\/marques\/threads\/nala-linens\/#breadcrumb","itemListElement":[{"@type":"ListItem","position":1,"name":"Home","item":"https:\/\/www.gpjbaker.com\/fr\/"},{"@type":"ListItem","position":2,"name":"Marques","item":"https:\/\/www.gpjbaker.com\/fr\/marques\/"},{"@type":"ListItem","position":3,"name":"Threads","item":"https:\/\/www.gpjbaker.com\/fr\/marques\/threads\/"},{"@type":"ListItem","position":4,"name":"Nala Linens"}]},{"@type":"WebSite","@id":"https:\/\/www.gpjbaker.com\/#website","url":"https:\/\/www.gpjbaker.com\/","name":"G P &amp; J Baker","description":"","potentialAction":[{"@type":"SearchAction","target":{"@type":"EntryPoint","urlTemplate":"https:\/\/www.gpjbaker.com\/?s={search_term_string}"},"query-input":{"@type":"PropertyValueSpecification","valueRequired":true,"valueName":"search_term_string"}}],"inLanguage":"fr-FR"}]}},"_links":{"self":[{"href":"https:\/\/www.gpjbaker.com\/fr\/wp-json\/wp\/v2\/pages\/8501","targetHints":{"allow":["GET"]}}],"collection":[{"href":"https:\/\/www.gpjbaker.com\/fr\/wp-json\/wp\/v2\/pages"}],"about":[{"href":"https:\/\/www.gpjbaker.com\/fr\/wp-json\/wp\/v2\/types\/page"}],"author":[{"embeddable":true,"href":"https:\/\/www.gpjbaker.com\/fr\/wp-json\/wp\/v2\/users\/6"}],"replies":[{"embeddable":true,"href":"https:\/\/www.gpjbaker.com\/fr\/wp-json\/wp\/v2\/comments?post=8501"}],"version-history":[{"count":6,"href":"https:\/\/www.gpjbaker.com\/fr\/wp-json\/wp\/v2\/pages\/8501\/revisions"}],"predecessor-version":[{"id":9214,"href":"https:\/\/www.gpjbaker.com\/fr\/wp-json\/wp\/v2\/pages\/8501\/revisions\/9214"}],"up":[{"embeddable":true,"href":"https:\/\/www.gpjbaker.com\/fr\/wp-json\/wp\/v2\/pages\/5289"}],"wp:featuredmedia":[{"embeddable":true,"href":"https:\/\/www.gpjbaker.com\/fr\/wp-json\/wp\/v2\/media\/8408"}],"wp:attachment":[{"href":"https:\/\/www.gpjbaker.com\/fr\/wp-json\/wp\/v2\/media?parent=8501"}],"curies":[{"name":"wp","href":"https:\/\/api.w.org\/{rel}","templated":true}]}}