{"id":8500,"date":"2019-09-18T08:48:24","date_gmt":"2019-09-18T13:48:24","guid":{"rendered":"https:\/\/www.gpjbaker.com\/marques\/kravet\/terrae-prints\/"},"modified":"2025-09-10T12:27:31","modified_gmt":"2025-09-10T17:27:31","slug":"terrae-prints","status":"publish","type":"page","link":"https:\/\/www.gpjbaker.com\/fr\/marques\/kravet\/terrae-prints\/","title":{"rendered":"Terrae Prints"},"content":{"rendered":"<div class=\"wpb-content-wrapper\">[vc_row][vc_column][vc_column_text]Des fleurs, de riches textures marbre et des lignes courbes, comme peintes \u00e0 la main pour <em>Terrae Prints<\/em>, une collection qui s&#8217;inspire tr\u00e8s harmonieusement des mati\u00e8res organiques. Ces mod\u00e8les sont propos\u00e9s dans une large gamme de coloris, roses tr\u00e8s contemporains, lilas, teintes \u00e9pic\u00e9es, bleus froids et verts frais. Ces cr\u00e9ations proposent ainsi une palette compl\u00e8te de teintes neutres et sophistiqu\u00e9es. Ses imprim\u00e9s rappellent l&#8217;aquarelle et se d\u00e9clinent dans une palette exhaustive de dix tonalit\u00e9s[\/vc_column_text][\/vc_column][\/vc_row][vc_row][vc_column][vc_raw_js]JTNDc2NyaXB0JTIwc3R5bGUlM0QlMjJ0ZXh0JTJGamF2YXNjcmlwdCUyMiUzRSUyMHZhciUyMHNlYXJjaFVSTCUyMCUzRCUyMCUyMnNvcnQlM0REQVRFJTI2dXNlJTNETXVsdGlwdXJwb3NlJTJDVXBob2xzdGVyeSUyQ0N1cnRhaW5zJTI2Y29sbGVjdGlvbiUzRFRlcnJhZSUyMFByaW50cyUyMiUzQiUzQyUyRnNjcmlwdCUzRQ==[\/vc_raw_js][\/vc_column][\/vc_row]<\/div>","protected":false},"excerpt":{"rendered":"[vc_row][vc_column][vc_column_text]Des fleurs, de riches textures marbre et des lignes courbes, comme peintes \u00e0 la main pour Terrae Prints, une collection qui s&#8217;inspire tr\u00e8s harmonieusement des mati\u00e8res organiques. Ces mod\u00e8les sont propos\u00e9s dans une large gamme de coloris, roses tr\u00e8s contemporains, lilas, teintes \u00e9pic\u00e9es, bleus froids et verts frais. Ces cr\u00e9ations proposent ainsi une palette compl\u00e8te&#8230; <a class=\"view-article\" href=\"https:\/\/www.gpjbaker.com\/fr\/marques\/kravet\/terrae-prints\/\">Voir l&#8217;article<\/a>","protected":false},"author":6,"featured_media":8468,"parent":5291,"menu_order":1,"comment_status":"closed","ping_status":"closed","template":"template-collections.php","meta":{"footnotes":""},"class_list":["post-8500","page","type-page","status-publish","has-post-thumbnail","hentry","page_language-fr"],"yoast_head":"<!-- This site is optimized with the Yoast SEO plugin v26.8 - https:\/\/yoast.com\/product\/yoast-seo-wordpress\/ -->\n<title>Terrae Prints - G P &amp; J Baker<\/title>\n<meta name=\"robots\" content=\"index, follow, max-snippet:-1, max-image-preview:large, max-video-preview:-1\" \/>\n<link rel=\"canonical\" href=\"https:\/\/www.gpjbaker.com\/fr\/marques\/kravet\/terrae-prints\/\" \/>\n<meta property=\"og:locale\" content=\"fr_FR\" \/>\n<meta property=\"og:type\" content=\"article\" \/>\n<meta property=\"og:title\" content=\"Terrae Prints - G P &amp; J Baker\" \/>\n<meta property=\"og:description\" content=\"[vc_row][vc_column][vc_column_text]Des fleurs, de riches textures marbre et des lignes courbes, comme peintes \u00e0 la main pour Terrae Prints, une collection qui s&#8217;inspire tr\u00e8s harmonieusement des mati\u00e8res organiques. Ces mod\u00e8les sont propos\u00e9s dans une large gamme de coloris, roses tr\u00e8s contemporains, lilas, teintes \u00e9pic\u00e9es, bleus froids et verts frais. Ces cr\u00e9ations proposent ainsi une palette compl\u00e8te... Voir l&#039;article\" \/>\n<meta property=\"og:url\" content=\"https:\/\/www.gpjbaker.com\/fr\/marques\/kravet\/terrae-prints\/\" \/>\n<meta property=\"og:site_name\" content=\"G P &amp; J Baker\" \/>\n<meta property=\"article:modified_time\" content=\"2025-09-10T17:27:31+00:00\" \/>\n<meta property=\"og:image\" content=\"https:\/\/www.gpjbaker.com\/wp-content\/uploads\/2019\/09\/Kravet-Terrae-thumb.jpg\" \/>\n\t<meta property=\"og:image:width\" content=\"400\" \/>\n\t<meta property=\"og:image:height\" content=\"255\" \/>\n\t<meta property=\"og:image:type\" content=\"image\/jpeg\" \/>\n<meta name=\"twitter:card\" content=\"summary_large_image\" \/>\n<meta name=\"twitter:label1\" content=\"Est. reading time\" \/>\n\t<meta name=\"twitter:data1\" content=\"1 minute\" \/>\n<script type=\"application\/ld+json\" class=\"yoast-schema-graph\">{\"@context\":\"https:\/\/schema.org\",\"@graph\":[{\"@type\":\"WebPage\",\"@id\":\"https:\/\/www.gpjbaker.com\/fr\/marques\/kravet\/terrae-prints\/\",\"url\":\"https:\/\/www.gpjbaker.com\/fr\/marques\/kravet\/terrae-prints\/\",\"name\":\"Terrae Prints - G P &amp; J Baker\",\"isPartOf\":{\"@id\":\"https:\/\/www.gpjbaker.com\/#website\"},\"primaryImageOfPage\":{\"@id\":\"https:\/\/www.gpjbaker.com\/fr\/marques\/kravet\/terrae-prints\/#primaryimage\"},\"image\":{\"@id\":\"https:\/\/www.gpjbaker.com\/fr\/marques\/kravet\/terrae-prints\/#primaryimage\"},\"thumbnailUrl\":\"https:\/\/www.gpjbaker.com\/wp-content\/uploads\/2019\/09\/Kravet-Terrae-thumb.jpg\",\"datePublished\":\"2019-09-18T13:48:24+00:00\",\"dateModified\":\"2025-09-10T17:27:31+00:00\",\"breadcrumb\":{\"@id\":\"https:\/\/www.gpjbaker.com\/fr\/marques\/kravet\/terrae-prints\/#breadcrumb\"},\"inLanguage\":\"fr-FR\",\"potentialAction\":[{\"@type\":\"ReadAction\",\"target\":[\"https:\/\/www.gpjbaker.com\/fr\/marques\/kravet\/terrae-prints\/\"]}]},{\"@type\":\"ImageObject\",\"inLanguage\":\"fr-FR\",\"@id\":\"https:\/\/www.gpjbaker.com\/fr\/marques\/kravet\/terrae-prints\/#primaryimage\",\"url\":\"https:\/\/www.gpjbaker.com\/wp-content\/uploads\/2019\/09\/Kravet-Terrae-thumb.jpg\",\"contentUrl\":\"https:\/\/www.gpjbaker.com\/wp-content\/uploads\/2019\/09\/Kravet-Terrae-thumb.jpg\",\"width\":400,\"height\":255,\"caption\":\"Terrae Prints de Kravet Couture met l'accent sur des nuances qui font tout naturellement penser \u00e0 la nature.\"},{\"@type\":\"BreadcrumbList\",\"@id\":\"https:\/\/www.gpjbaker.com\/fr\/marques\/kravet\/terrae-prints\/#breadcrumb\",\"itemListElement\":[{\"@type\":\"ListItem\",\"position\":1,\"name\":\"Home\",\"item\":\"https:\/\/www.gpjbaker.com\/fr\/\"},{\"@type\":\"ListItem\",\"position\":2,\"name\":\"Marques\",\"item\":\"https:\/\/www.gpjbaker.com\/fr\/marques\/\"},{\"@type\":\"ListItem\",\"position\":3,\"name\":\"Kravet\",\"item\":\"https:\/\/www.gpjbaker.com\/fr\/marques\/kravet\/\"},{\"@type\":\"ListItem\",\"position\":4,\"name\":\"Terrae Prints\"}]},{\"@type\":\"WebSite\",\"@id\":\"https:\/\/www.gpjbaker.com\/#website\",\"url\":\"https:\/\/www.gpjbaker.com\/\",\"name\":\"G P &amp; J Baker\",\"description\":\"\",\"potentialAction\":[{\"@type\":\"SearchAction\",\"target\":{\"@type\":\"EntryPoint\",\"urlTemplate\":\"https:\/\/www.gpjbaker.com\/?s={search_term_string}\"},\"query-input\":{\"@type\":\"PropertyValueSpecification\",\"valueRequired\":true,\"valueName\":\"search_term_string\"}}],\"inLanguage\":\"fr-FR\"}]}<\/script>\n<!-- \/ Yoast SEO plugin. -->","yoast_head_json":{"title":"Terrae Prints - G P &amp; J Baker","robots":{"index":"index","follow":"follow","max-snippet":"max-snippet:-1","max-image-preview":"max-image-preview:large","max-video-preview":"max-video-preview:-1"},"canonical":"https:\/\/www.gpjbaker.com\/fr\/marques\/kravet\/terrae-prints\/","og_locale":"fr_FR","og_type":"article","og_title":"Terrae Prints - G P &amp; J Baker","og_description":"[vc_row][vc_column][vc_column_text]Des fleurs, de riches textures marbre et des lignes courbes, comme peintes \u00e0 la main pour Terrae Prints, une collection qui s&#8217;inspire tr\u00e8s harmonieusement des mati\u00e8res organiques. Ces mod\u00e8les sont propos\u00e9s dans une large gamme de coloris, roses tr\u00e8s contemporains, lilas, teintes \u00e9pic\u00e9es, bleus froids et verts frais. Ces cr\u00e9ations proposent ainsi une palette compl\u00e8te... Voir l'article","og_url":"https:\/\/www.gpjbaker.com\/fr\/marques\/kravet\/terrae-prints\/","og_site_name":"G P &amp; J Baker","article_modified_time":"2025-09-10T17:27:31+00:00","og_image":[{"width":400,"height":255,"url":"https:\/\/www.gpjbaker.com\/wp-content\/uploads\/2019\/09\/Kravet-Terrae-thumb.jpg","type":"image\/jpeg"}],"twitter_card":"summary_large_image","twitter_misc":{"Est. reading time":"1 minute"},"schema":{"@context":"https:\/\/schema.org","@graph":[{"@type":"WebPage","@id":"https:\/\/www.gpjbaker.com\/fr\/marques\/kravet\/terrae-prints\/","url":"https:\/\/www.gpjbaker.com\/fr\/marques\/kravet\/terrae-prints\/","name":"Terrae Prints - G P &amp; J Baker","isPartOf":{"@id":"https:\/\/www.gpjbaker.com\/#website"},"primaryImageOfPage":{"@id":"https:\/\/www.gpjbaker.com\/fr\/marques\/kravet\/terrae-prints\/#primaryimage"},"image":{"@id":"https:\/\/www.gpjbaker.com\/fr\/marques\/kravet\/terrae-prints\/#primaryimage"},"thumbnailUrl":"https:\/\/www.gpjbaker.com\/wp-content\/uploads\/2019\/09\/Kravet-Terrae-thumb.jpg","datePublished":"2019-09-18T13:48:24+00:00","dateModified":"2025-09-10T17:27:31+00:00","breadcrumb":{"@id":"https:\/\/www.gpjbaker.com\/fr\/marques\/kravet\/terrae-prints\/#breadcrumb"},"inLanguage":"fr-FR","potentialAction":[{"@type":"ReadAction","target":["https:\/\/www.gpjbaker.com\/fr\/marques\/kravet\/terrae-prints\/"]}]},{"@type":"ImageObject","inLanguage":"fr-FR","@id":"https:\/\/www.gpjbaker.com\/fr\/marques\/kravet\/terrae-prints\/#primaryimage","url":"https:\/\/www.gpjbaker.com\/wp-content\/uploads\/2019\/09\/Kravet-Terrae-thumb.jpg","contentUrl":"https:\/\/www.gpjbaker.com\/wp-content\/uploads\/2019\/09\/Kravet-Terrae-thumb.jpg","width":400,"height":255,"caption":"Terrae Prints de Kravet Couture met l'accent sur des nuances qui font tout naturellement penser \u00e0 la nature."},{"@type":"BreadcrumbList","@id":"https:\/\/www.gpjbaker.com\/fr\/marques\/kravet\/terrae-prints\/#breadcrumb","itemListElement":[{"@type":"ListItem","position":1,"name":"Home","item":"https:\/\/www.gpjbaker.com\/fr\/"},{"@type":"ListItem","position":2,"name":"Marques","item":"https:\/\/www.gpjbaker.com\/fr\/marques\/"},{"@type":"ListItem","position":3,"name":"Kravet","item":"https:\/\/www.gpjbaker.com\/fr\/marques\/kravet\/"},{"@type":"ListItem","position":4,"name":"Terrae Prints"}]},{"@type":"WebSite","@id":"https:\/\/www.gpjbaker.com\/#website","url":"https:\/\/www.gpjbaker.com\/","name":"G P &amp; J Baker","description":"","potentialAction":[{"@type":"SearchAction","target":{"@type":"EntryPoint","urlTemplate":"https:\/\/www.gpjbaker.com\/?s={search_term_string}"},"query-input":{"@type":"PropertyValueSpecification","valueRequired":true,"valueName":"search_term_string"}}],"inLanguage":"fr-FR"}]}},"_links":{"self":[{"href":"https:\/\/www.gpjbaker.com\/fr\/wp-json\/wp\/v2\/pages\/8500","targetHints":{"allow":["GET"]}}],"collection":[{"href":"https:\/\/www.gpjbaker.com\/fr\/wp-json\/wp\/v2\/pages"}],"about":[{"href":"https:\/\/www.gpjbaker.com\/fr\/wp-json\/wp\/v2\/types\/page"}],"author":[{"embeddable":true,"href":"https:\/\/www.gpjbaker.com\/fr\/wp-json\/wp\/v2\/users\/6"}],"replies":[{"embeddable":true,"href":"https:\/\/www.gpjbaker.com\/fr\/wp-json\/wp\/v2\/comments?post=8500"}],"version-history":[{"count":4,"href":"https:\/\/www.gpjbaker.com\/fr\/wp-json\/wp\/v2\/pages\/8500\/revisions"}],"predecessor-version":[{"id":8514,"href":"https:\/\/www.gpjbaker.com\/fr\/wp-json\/wp\/v2\/pages\/8500\/revisions\/8514"}],"up":[{"embeddable":true,"href":"https:\/\/www.gpjbaker.com\/fr\/wp-json\/wp\/v2\/pages\/5291"}],"wp:featuredmedia":[{"embeddable":true,"href":"https:\/\/www.gpjbaker.com\/fr\/wp-json\/wp\/v2\/media\/8468"}],"wp:attachment":[{"href":"https:\/\/www.gpjbaker.com\/fr\/wp-json\/wp\/v2\/media?parent=8500"}],"curies":[{"name":"wp","href":"https:\/\/api.w.org\/{rel}","templated":true}]}}