{"id":8269,"date":"2019-05-15T15:59:05","date_gmt":"2019-05-15T20:59:05","guid":{"rendered":"https:\/\/www.gpjbaker.com\/marques\/mulberry-home\/modern-country-velvets\/"},"modified":"2025-09-09T12:05:31","modified_gmt":"2025-09-09T17:05:31","slug":"modern-country-velvets","status":"publish","type":"page","link":"https:\/\/www.gpjbaker.com\/fr\/marques\/mulberry-home\/modern-country-velvets\/","title":{"rendered":"Modern Country Velvets"},"content":{"rendered":"<div class=\"wpb-content-wrapper\">[vc_row][vc_column][vc_column_text]\r\n<div>&#8220;Modern Country&#8221; est un s\u00e9duisant m\u00e9lange de superbes motifs floraux, de fabuleux velours imprim\u00e9s, de jolies broderies modernes et de larges rayures textur\u00e9es.<\/div>\r\n&nbsp;\r\n<div>C&#8217;est une collection pour tous les styles et toutes les saisons, avec des motifs harmonieusement contrast\u00e9s, des couleurs et textures judicieusement associ\u00e9es pour cr\u00e9er des int\u00e9rieurs originaux, \u00e0 la campagne comme \u00e0 la ville.<\/div>\r\n[\/vc_column_text][\/vc_column][\/vc_row][vc_row][vc_column][vc_raw_js]JTNDc2NyaXB0JTIwdHlwZSUzRCUyMnRleHQlMkZqYXZhc2NyaXB0JTIyJTNFJTIwJTBBJTBBdmFyJTIwc2VhcmNoVVJMJTIwJTNEJTIwJTIyc29ydCUzRERBVEUlMjZ1c2UlM0RNdWx0aXB1cnBvc2UlMkNVcGhvbHN0ZXJ5JTJDQ3VydGFpbnMlMjZjb2xsZWN0aW9uJTNETW9kZXJuJTIwQ291bnRyeSUyMFZlbHZldHMlMjIlM0IlMEElMEElM0MlMkZzY3JpcHQlM0U=[\/vc_raw_js][\/vc_column][\/vc_row]<\/div>","protected":false},"excerpt":{"rendered":"[vc_row][vc_column][vc_column_text] &#8220;Modern Country&#8221; est un s\u00e9duisant m\u00e9lange de superbes motifs floraux, de fabuleux velours imprim\u00e9s, de jolies broderies modernes et de larges rayures textur\u00e9es. &nbsp; C&#8217;est une collection pour tous les styles et toutes les saisons, avec des motifs harmonieusement contrast\u00e9s, des couleurs et textures judicieusement associ\u00e9es pour cr\u00e9er des int\u00e9rieurs originaux, \u00e0 la campagne&#8230; <a class=\"view-article\" href=\"https:\/\/www.gpjbaker.com\/fr\/marques\/mulberry-home\/modern-country-velvets\/\">Voir l&#8217;article<\/a>","protected":false},"author":6,"featured_media":8203,"parent":5294,"menu_order":0,"comment_status":"closed","ping_status":"closed","template":"template-collections.php","meta":{"footnotes":""},"class_list":["post-8269","page","type-page","status-publish","has-post-thumbnail","hentry","page_language-fr"],"yoast_head":"<!-- This site is optimized with the Yoast SEO plugin v26.8 - https:\/\/yoast.com\/product\/yoast-seo-wordpress\/ -->\n<title>Modern Country Velvets - G P &amp; J Baker<\/title>\n<meta name=\"robots\" content=\"index, follow, max-snippet:-1, max-image-preview:large, max-video-preview:-1\" \/>\n<link rel=\"canonical\" href=\"https:\/\/www.gpjbaker.com\/fr\/marques\/mulberry-home\/modern-country-velvets\/\" \/>\n<meta property=\"og:locale\" content=\"fr_FR\" \/>\n<meta property=\"og:type\" content=\"article\" \/>\n<meta property=\"og:title\" content=\"Modern Country Velvets - G P &amp; J Baker\" \/>\n<meta property=\"og:description\" content=\"[vc_row][vc_column][vc_column_text] &#8220;Modern Country&#8221; est un s\u00e9duisant m\u00e9lange de superbes motifs floraux, de fabuleux velours imprim\u00e9s, de jolies broderies modernes et de larges rayures textur\u00e9es. &nbsp; C&#8217;est une collection pour tous les styles et toutes les saisons, avec des motifs harmonieusement contrast\u00e9s, des couleurs et textures judicieusement associ\u00e9es pour cr\u00e9er des int\u00e9rieurs originaux, \u00e0 la campagne... Voir l&#039;article\" \/>\n<meta property=\"og:url\" content=\"https:\/\/www.gpjbaker.com\/fr\/marques\/mulberry-home\/modern-country-velvets\/\" \/>\n<meta property=\"og:site_name\" content=\"G P &amp; J Baker\" \/>\n<meta property=\"article:modified_time\" content=\"2025-09-09T17:05:31+00:00\" \/>\n<meta property=\"og:image\" content=\"https:\/\/www.gpjbaker.com\/wp-content\/uploads\/2019\/03\/Modern-Country-Velvet-Thumb.jpg\" \/>\n\t<meta property=\"og:image:width\" content=\"400\" \/>\n\t<meta property=\"og:image:height\" content=\"255\" \/>\n\t<meta property=\"og:image:type\" content=\"image\/jpeg\" \/>\n<meta name=\"twitter:card\" content=\"summary_large_image\" \/>\n<meta name=\"twitter:label1\" content=\"Est. reading time\" \/>\n\t<meta name=\"twitter:data1\" content=\"1 minute\" \/>\n<script type=\"application\/ld+json\" class=\"yoast-schema-graph\">{\"@context\":\"https:\/\/schema.org\",\"@graph\":[{\"@type\":\"WebPage\",\"@id\":\"https:\/\/www.gpjbaker.com\/fr\/marques\/mulberry-home\/modern-country-velvets\/\",\"url\":\"https:\/\/www.gpjbaker.com\/fr\/marques\/mulberry-home\/modern-country-velvets\/\",\"name\":\"Modern Country Velvets - G P &amp; J Baker\",\"isPartOf\":{\"@id\":\"https:\/\/www.gpjbaker.com\/#website\"},\"primaryImageOfPage\":{\"@id\":\"https:\/\/www.gpjbaker.com\/fr\/marques\/mulberry-home\/modern-country-velvets\/#primaryimage\"},\"image\":{\"@id\":\"https:\/\/www.gpjbaker.com\/fr\/marques\/mulberry-home\/modern-country-velvets\/#primaryimage\"},\"thumbnailUrl\":\"https:\/\/www.gpjbaker.com\/wp-content\/uploads\/2019\/03\/Modern-Country-Velvet-Thumb.jpg\",\"datePublished\":\"2019-05-15T20:59:05+00:00\",\"dateModified\":\"2025-09-09T17:05:31+00:00\",\"breadcrumb\":{\"@id\":\"https:\/\/www.gpjbaker.com\/fr\/marques\/mulberry-home\/modern-country-velvets\/#breadcrumb\"},\"inLanguage\":\"fr-FR\",\"potentialAction\":[{\"@type\":\"ReadAction\",\"target\":[\"https:\/\/www.gpjbaker.com\/fr\/marques\/mulberry-home\/modern-country-velvets\/\"]}]},{\"@type\":\"ImageObject\",\"inLanguage\":\"fr-FR\",\"@id\":\"https:\/\/www.gpjbaker.com\/fr\/marques\/mulberry-home\/modern-country-velvets\/#primaryimage\",\"url\":\"https:\/\/www.gpjbaker.com\/wp-content\/uploads\/2019\/03\/Modern-Country-Velvet-Thumb.jpg\",\"contentUrl\":\"https:\/\/www.gpjbaker.com\/wp-content\/uploads\/2019\/03\/Modern-Country-Velvet-Thumb.jpg\",\"width\":400,\"height\":255,\"caption\":\"Modern Country Velvets est un s\u00e9duisant m\u00e9lange de superbes motifs floraux et de fabuleux velours imprim\u00e9s.\"},{\"@type\":\"BreadcrumbList\",\"@id\":\"https:\/\/www.gpjbaker.com\/fr\/marques\/mulberry-home\/modern-country-velvets\/#breadcrumb\",\"itemListElement\":[{\"@type\":\"ListItem\",\"position\":1,\"name\":\"Home\",\"item\":\"https:\/\/www.gpjbaker.com\/fr\/\"},{\"@type\":\"ListItem\",\"position\":2,\"name\":\"Marques\",\"item\":\"https:\/\/www.gpjbaker.com\/fr\/marques\/\"},{\"@type\":\"ListItem\",\"position\":3,\"name\":\"Mulberry Home\",\"item\":\"https:\/\/www.gpjbaker.com\/fr\/marques\/mulberry-home\/\"},{\"@type\":\"ListItem\",\"position\":4,\"name\":\"Modern Country Velvets\"}]},{\"@type\":\"WebSite\",\"@id\":\"https:\/\/www.gpjbaker.com\/#website\",\"url\":\"https:\/\/www.gpjbaker.com\/\",\"name\":\"G P &amp; J Baker\",\"description\":\"\",\"potentialAction\":[{\"@type\":\"SearchAction\",\"target\":{\"@type\":\"EntryPoint\",\"urlTemplate\":\"https:\/\/www.gpjbaker.com\/?s={search_term_string}\"},\"query-input\":{\"@type\":\"PropertyValueSpecification\",\"valueRequired\":true,\"valueName\":\"search_term_string\"}}],\"inLanguage\":\"fr-FR\"}]}<\/script>\n<!-- \/ Yoast SEO plugin. -->","yoast_head_json":{"title":"Modern Country Velvets - G P &amp; J Baker","robots":{"index":"index","follow":"follow","max-snippet":"max-snippet:-1","max-image-preview":"max-image-preview:large","max-video-preview":"max-video-preview:-1"},"canonical":"https:\/\/www.gpjbaker.com\/fr\/marques\/mulberry-home\/modern-country-velvets\/","og_locale":"fr_FR","og_type":"article","og_title":"Modern Country Velvets - G P &amp; J Baker","og_description":"[vc_row][vc_column][vc_column_text] &#8220;Modern Country&#8221; est un s\u00e9duisant m\u00e9lange de superbes motifs floraux, de fabuleux velours imprim\u00e9s, de jolies broderies modernes et de larges rayures textur\u00e9es. &nbsp; C&#8217;est une collection pour tous les styles et toutes les saisons, avec des motifs harmonieusement contrast\u00e9s, des couleurs et textures judicieusement associ\u00e9es pour cr\u00e9er des int\u00e9rieurs originaux, \u00e0 la campagne... Voir l'article","og_url":"https:\/\/www.gpjbaker.com\/fr\/marques\/mulberry-home\/modern-country-velvets\/","og_site_name":"G P &amp; J Baker","article_modified_time":"2025-09-09T17:05:31+00:00","og_image":[{"width":400,"height":255,"url":"https:\/\/www.gpjbaker.com\/wp-content\/uploads\/2019\/03\/Modern-Country-Velvet-Thumb.jpg","type":"image\/jpeg"}],"twitter_card":"summary_large_image","twitter_misc":{"Est. reading time":"1 minute"},"schema":{"@context":"https:\/\/schema.org","@graph":[{"@type":"WebPage","@id":"https:\/\/www.gpjbaker.com\/fr\/marques\/mulberry-home\/modern-country-velvets\/","url":"https:\/\/www.gpjbaker.com\/fr\/marques\/mulberry-home\/modern-country-velvets\/","name":"Modern Country Velvets - G P &amp; J Baker","isPartOf":{"@id":"https:\/\/www.gpjbaker.com\/#website"},"primaryImageOfPage":{"@id":"https:\/\/www.gpjbaker.com\/fr\/marques\/mulberry-home\/modern-country-velvets\/#primaryimage"},"image":{"@id":"https:\/\/www.gpjbaker.com\/fr\/marques\/mulberry-home\/modern-country-velvets\/#primaryimage"},"thumbnailUrl":"https:\/\/www.gpjbaker.com\/wp-content\/uploads\/2019\/03\/Modern-Country-Velvet-Thumb.jpg","datePublished":"2019-05-15T20:59:05+00:00","dateModified":"2025-09-09T17:05:31+00:00","breadcrumb":{"@id":"https:\/\/www.gpjbaker.com\/fr\/marques\/mulberry-home\/modern-country-velvets\/#breadcrumb"},"inLanguage":"fr-FR","potentialAction":[{"@type":"ReadAction","target":["https:\/\/www.gpjbaker.com\/fr\/marques\/mulberry-home\/modern-country-velvets\/"]}]},{"@type":"ImageObject","inLanguage":"fr-FR","@id":"https:\/\/www.gpjbaker.com\/fr\/marques\/mulberry-home\/modern-country-velvets\/#primaryimage","url":"https:\/\/www.gpjbaker.com\/wp-content\/uploads\/2019\/03\/Modern-Country-Velvet-Thumb.jpg","contentUrl":"https:\/\/www.gpjbaker.com\/wp-content\/uploads\/2019\/03\/Modern-Country-Velvet-Thumb.jpg","width":400,"height":255,"caption":"Modern Country Velvets est un s\u00e9duisant m\u00e9lange de superbes motifs floraux et de fabuleux velours imprim\u00e9s."},{"@type":"BreadcrumbList","@id":"https:\/\/www.gpjbaker.com\/fr\/marques\/mulberry-home\/modern-country-velvets\/#breadcrumb","itemListElement":[{"@type":"ListItem","position":1,"name":"Home","item":"https:\/\/www.gpjbaker.com\/fr\/"},{"@type":"ListItem","position":2,"name":"Marques","item":"https:\/\/www.gpjbaker.com\/fr\/marques\/"},{"@type":"ListItem","position":3,"name":"Mulberry Home","item":"https:\/\/www.gpjbaker.com\/fr\/marques\/mulberry-home\/"},{"@type":"ListItem","position":4,"name":"Modern Country Velvets"}]},{"@type":"WebSite","@id":"https:\/\/www.gpjbaker.com\/#website","url":"https:\/\/www.gpjbaker.com\/","name":"G P &amp; J Baker","description":"","potentialAction":[{"@type":"SearchAction","target":{"@type":"EntryPoint","urlTemplate":"https:\/\/www.gpjbaker.com\/?s={search_term_string}"},"query-input":{"@type":"PropertyValueSpecification","valueRequired":true,"valueName":"search_term_string"}}],"inLanguage":"fr-FR"}]}},"_links":{"self":[{"href":"https:\/\/www.gpjbaker.com\/fr\/wp-json\/wp\/v2\/pages\/8269","targetHints":{"allow":["GET"]}}],"collection":[{"href":"https:\/\/www.gpjbaker.com\/fr\/wp-json\/wp\/v2\/pages"}],"about":[{"href":"https:\/\/www.gpjbaker.com\/fr\/wp-json\/wp\/v2\/types\/page"}],"author":[{"embeddable":true,"href":"https:\/\/www.gpjbaker.com\/fr\/wp-json\/wp\/v2\/users\/6"}],"replies":[{"embeddable":true,"href":"https:\/\/www.gpjbaker.com\/fr\/wp-json\/wp\/v2\/comments?post=8269"}],"version-history":[{"count":1,"href":"https:\/\/www.gpjbaker.com\/fr\/wp-json\/wp\/v2\/pages\/8269\/revisions"}],"predecessor-version":[{"id":8270,"href":"https:\/\/www.gpjbaker.com\/fr\/wp-json\/wp\/v2\/pages\/8269\/revisions\/8270"}],"up":[{"embeddable":true,"href":"https:\/\/www.gpjbaker.com\/fr\/wp-json\/wp\/v2\/pages\/5294"}],"wp:featuredmedia":[{"embeddable":true,"href":"https:\/\/www.gpjbaker.com\/fr\/wp-json\/wp\/v2\/media\/8203"}],"wp:attachment":[{"href":"https:\/\/www.gpjbaker.com\/fr\/wp-json\/wp\/v2\/media?parent=8269"}],"curies":[{"name":"wp","href":"https:\/\/api.w.org\/{rel}","templated":true}]}}