{"id":8158,"date":"2019-03-07T09:31:16","date_gmt":"2019-03-07T14:31:16","guid":{"rendered":"https:\/\/www.gpjbaker.com\/?page_id=8158"},"modified":"2025-09-11T16:21:06","modified_gmt":"2025-09-11T21:21:06","slug":"cevennes","status":"publish","type":"page","link":"https:\/\/www.gpjbaker.com\/fr\/marques\/brunschwig-fils\/cevennes\/","title":{"rendered":"Cevennes"},"content":{"rendered":"<div class=\"wpb-content-wrapper\">[vc_row][vc_column][vc_column_text]Adoptez la toute derni\u00e8re collection de Brunschwig &amp; Fils, Cevennes, inspir\u00e9e par la magnifique et mystique cha\u00eene de montagnes du sud de la France. Vall\u00e9es encaiss\u00e9es travers\u00e9es par de vifs cours d&#8217;eau, p\u00e2turages mousseux, vastes landes, cr\u00e9ent un d\u00e9cor empreint de tranquillit\u00e9 et d&#8217;extraordinaire libert\u00e9. Inspir\u00e9e par l&#8217;authenticit\u00e9 de sa flore et de sa faune et par la beaut\u00e9 de son histoire, la collection Cevennes propose ses c\u00e9l\u00e8bres imprim\u00e9s dans de nouveaux coloris, plus contemporains, ainsi que de nouvelles cr\u00e9ations en jacquards et velours.[\/vc_column_text][\/vc_column][\/vc_row][vc_row][vc_column][vc_raw_js]JTNDc2NyaXB0JTIwdHlwZSUzRCUyMnRleHQlMkZqYXZhc2NyaXB0JTIyJTNFJTIwJTBBdmFyJTIwc2VhcmNoVVJMJTIwJTNEJTIwJTIyc29ydCUzRERBVEUlMjZ1c2UlM0RNdWx0aXB1cnBvc2UlMkNVcGhvbHN0ZXJ5JTJDQ3VydGFpbnMlMjZjb2xsZWN0aW9uJTNEQ2V2ZW5uZXMlMjIlMEElMjAlM0MlMkZzY3JpcHQlM0U=[\/vc_raw_js][\/vc_column][\/vc_row]<\/div>","protected":false},"excerpt":{"rendered":"[vc_row][vc_column][vc_column_text]Adoptez la toute derni\u00e8re collection de Brunschwig &amp; Fils, Cevennes, inspir\u00e9e par la magnifique et mystique cha\u00eene de montagnes du sud de la France. Vall\u00e9es encaiss\u00e9es travers\u00e9es par de vifs cours d&#8217;eau, p\u00e2turages mousseux, vastes landes, cr\u00e9ent un d\u00e9cor empreint de tranquillit\u00e9 et d&#8217;extraordinaire libert\u00e9. Inspir\u00e9e par l&#8217;authenticit\u00e9 de sa flore et de sa faune&#8230; <a class=\"view-article\" href=\"https:\/\/www.gpjbaker.com\/fr\/marques\/brunschwig-fils\/cevennes\/\">Voir l&#8217;article<\/a>","protected":false},"author":6,"featured_media":8123,"parent":5288,"menu_order":0,"comment_status":"closed","ping_status":"closed","template":"template-collections.php","meta":{"footnotes":""},"class_list":["post-8158","page","type-page","status-publish","has-post-thumbnail","hentry","page_language-fr"],"yoast_head":"<!-- This site is optimized with the Yoast SEO plugin v26.8 - https:\/\/yoast.com\/product\/yoast-seo-wordpress\/ -->\n<title>Cevennes - G P &amp; J Baker<\/title>\n<meta name=\"robots\" content=\"index, follow, max-snippet:-1, max-image-preview:large, max-video-preview:-1\" \/>\n<link rel=\"canonical\" href=\"https:\/\/www.gpjbaker.com\/fr\/marques\/brunschwig-fils\/cevennes\/\" \/>\n<meta property=\"og:locale\" content=\"fr_FR\" \/>\n<meta property=\"og:type\" content=\"article\" \/>\n<meta property=\"og:title\" content=\"Cevennes - G P &amp; J Baker\" \/>\n<meta property=\"og:description\" content=\"[vc_row][vc_column][vc_column_text]Adoptez la toute derni\u00e8re collection de Brunschwig &amp; Fils, Cevennes, inspir\u00e9e par la magnifique et mystique cha\u00eene de montagnes du sud de la France. Vall\u00e9es encaiss\u00e9es travers\u00e9es par de vifs cours d&#8217;eau, p\u00e2turages mousseux, vastes landes, cr\u00e9ent un d\u00e9cor empreint de tranquillit\u00e9 et d&#8217;extraordinaire libert\u00e9. Inspir\u00e9e par l&#8217;authenticit\u00e9 de sa flore et de sa faune... Voir l&#039;article\" \/>\n<meta property=\"og:url\" content=\"https:\/\/www.gpjbaker.com\/fr\/marques\/brunschwig-fils\/cevennes\/\" \/>\n<meta property=\"og:site_name\" content=\"G P &amp; J Baker\" \/>\n<meta property=\"article:modified_time\" content=\"2025-09-11T21:21:06+00:00\" \/>\n<meta property=\"og:image\" content=\"https:\/\/www.gpjbaker.com\/wp-content\/uploads\/2019\/02\/Cevennes-Collection-Thumb.jpg\" \/>\n\t<meta property=\"og:image:width\" content=\"400\" \/>\n\t<meta property=\"og:image:height\" content=\"255\" \/>\n\t<meta property=\"og:image:type\" content=\"image\/jpeg\" \/>\n<meta name=\"twitter:card\" content=\"summary_large_image\" \/>\n<meta name=\"twitter:label1\" content=\"Est. reading time\" \/>\n\t<meta name=\"twitter:data1\" content=\"1 minute\" \/>\n<script type=\"application\/ld+json\" class=\"yoast-schema-graph\">{\"@context\":\"https:\/\/schema.org\",\"@graph\":[{\"@type\":\"WebPage\",\"@id\":\"https:\/\/www.gpjbaker.com\/fr\/marques\/brunschwig-fils\/cevennes\/\",\"url\":\"https:\/\/www.gpjbaker.com\/fr\/marques\/brunschwig-fils\/cevennes\/\",\"name\":\"Cevennes - G P &amp; J Baker\",\"isPartOf\":{\"@id\":\"https:\/\/www.gpjbaker.com\/#website\"},\"primaryImageOfPage\":{\"@id\":\"https:\/\/www.gpjbaker.com\/fr\/marques\/brunschwig-fils\/cevennes\/#primaryimage\"},\"image\":{\"@id\":\"https:\/\/www.gpjbaker.com\/fr\/marques\/brunschwig-fils\/cevennes\/#primaryimage\"},\"thumbnailUrl\":\"https:\/\/www.gpjbaker.com\/wp-content\/uploads\/2019\/02\/Cevennes-Collection-Thumb.jpg\",\"datePublished\":\"2019-03-07T14:31:16+00:00\",\"dateModified\":\"2025-09-11T21:21:06+00:00\",\"breadcrumb\":{\"@id\":\"https:\/\/www.gpjbaker.com\/fr\/marques\/brunschwig-fils\/cevennes\/#breadcrumb\"},\"inLanguage\":\"fr-FR\",\"potentialAction\":[{\"@type\":\"ReadAction\",\"target\":[\"https:\/\/www.gpjbaker.com\/fr\/marques\/brunschwig-fils\/cevennes\/\"]}]},{\"@type\":\"ImageObject\",\"inLanguage\":\"fr-FR\",\"@id\":\"https:\/\/www.gpjbaker.com\/fr\/marques\/brunschwig-fils\/cevennes\/#primaryimage\",\"url\":\"https:\/\/www.gpjbaker.com\/wp-content\/uploads\/2019\/02\/Cevennes-Collection-Thumb.jpg\",\"contentUrl\":\"https:\/\/www.gpjbaker.com\/wp-content\/uploads\/2019\/02\/Cevennes-Collection-Thumb.jpg\",\"width\":400,\"height\":255,\"caption\":\"Adoptez la toute derni\u00e8re collection de Brunschwig &amp; Fils, Cevennes, inspir\u00e9e par la magnifique et mystique cha\u00eene de montagnes du sud de la France.\"},{\"@type\":\"BreadcrumbList\",\"@id\":\"https:\/\/www.gpjbaker.com\/fr\/marques\/brunschwig-fils\/cevennes\/#breadcrumb\",\"itemListElement\":[{\"@type\":\"ListItem\",\"position\":1,\"name\":\"Home\",\"item\":\"https:\/\/www.gpjbaker.com\/fr\/\"},{\"@type\":\"ListItem\",\"position\":2,\"name\":\"Marques\",\"item\":\"https:\/\/www.gpjbaker.com\/fr\/marques\/\"},{\"@type\":\"ListItem\",\"position\":3,\"name\":\"Brunschwig &#038; Fils\",\"item\":\"https:\/\/www.gpjbaker.com\/fr\/marques\/brunschwig-fils\/\"},{\"@type\":\"ListItem\",\"position\":4,\"name\":\"Cevennes\"}]},{\"@type\":\"WebSite\",\"@id\":\"https:\/\/www.gpjbaker.com\/#website\",\"url\":\"https:\/\/www.gpjbaker.com\/\",\"name\":\"G P &amp; J Baker\",\"description\":\"\",\"potentialAction\":[{\"@type\":\"SearchAction\",\"target\":{\"@type\":\"EntryPoint\",\"urlTemplate\":\"https:\/\/www.gpjbaker.com\/?s={search_term_string}\"},\"query-input\":{\"@type\":\"PropertyValueSpecification\",\"valueRequired\":true,\"valueName\":\"search_term_string\"}}],\"inLanguage\":\"fr-FR\"}]}<\/script>\n<!-- \/ Yoast SEO plugin. -->","yoast_head_json":{"title":"Cevennes - G P &amp; J Baker","robots":{"index":"index","follow":"follow","max-snippet":"max-snippet:-1","max-image-preview":"max-image-preview:large","max-video-preview":"max-video-preview:-1"},"canonical":"https:\/\/www.gpjbaker.com\/fr\/marques\/brunschwig-fils\/cevennes\/","og_locale":"fr_FR","og_type":"article","og_title":"Cevennes - G P &amp; J Baker","og_description":"[vc_row][vc_column][vc_column_text]Adoptez la toute derni\u00e8re collection de Brunschwig &amp; Fils, Cevennes, inspir\u00e9e par la magnifique et mystique cha\u00eene de montagnes du sud de la France. Vall\u00e9es encaiss\u00e9es travers\u00e9es par de vifs cours d&#8217;eau, p\u00e2turages mousseux, vastes landes, cr\u00e9ent un d\u00e9cor empreint de tranquillit\u00e9 et d&#8217;extraordinaire libert\u00e9. Inspir\u00e9e par l&#8217;authenticit\u00e9 de sa flore et de sa faune... Voir l'article","og_url":"https:\/\/www.gpjbaker.com\/fr\/marques\/brunschwig-fils\/cevennes\/","og_site_name":"G P &amp; J Baker","article_modified_time":"2025-09-11T21:21:06+00:00","og_image":[{"width":400,"height":255,"url":"https:\/\/www.gpjbaker.com\/wp-content\/uploads\/2019\/02\/Cevennes-Collection-Thumb.jpg","type":"image\/jpeg"}],"twitter_card":"summary_large_image","twitter_misc":{"Est. reading time":"1 minute"},"schema":{"@context":"https:\/\/schema.org","@graph":[{"@type":"WebPage","@id":"https:\/\/www.gpjbaker.com\/fr\/marques\/brunschwig-fils\/cevennes\/","url":"https:\/\/www.gpjbaker.com\/fr\/marques\/brunschwig-fils\/cevennes\/","name":"Cevennes - G P &amp; J Baker","isPartOf":{"@id":"https:\/\/www.gpjbaker.com\/#website"},"primaryImageOfPage":{"@id":"https:\/\/www.gpjbaker.com\/fr\/marques\/brunschwig-fils\/cevennes\/#primaryimage"},"image":{"@id":"https:\/\/www.gpjbaker.com\/fr\/marques\/brunschwig-fils\/cevennes\/#primaryimage"},"thumbnailUrl":"https:\/\/www.gpjbaker.com\/wp-content\/uploads\/2019\/02\/Cevennes-Collection-Thumb.jpg","datePublished":"2019-03-07T14:31:16+00:00","dateModified":"2025-09-11T21:21:06+00:00","breadcrumb":{"@id":"https:\/\/www.gpjbaker.com\/fr\/marques\/brunschwig-fils\/cevennes\/#breadcrumb"},"inLanguage":"fr-FR","potentialAction":[{"@type":"ReadAction","target":["https:\/\/www.gpjbaker.com\/fr\/marques\/brunschwig-fils\/cevennes\/"]}]},{"@type":"ImageObject","inLanguage":"fr-FR","@id":"https:\/\/www.gpjbaker.com\/fr\/marques\/brunschwig-fils\/cevennes\/#primaryimage","url":"https:\/\/www.gpjbaker.com\/wp-content\/uploads\/2019\/02\/Cevennes-Collection-Thumb.jpg","contentUrl":"https:\/\/www.gpjbaker.com\/wp-content\/uploads\/2019\/02\/Cevennes-Collection-Thumb.jpg","width":400,"height":255,"caption":"Adoptez la toute derni\u00e8re collection de Brunschwig &amp; Fils, Cevennes, inspir\u00e9e par la magnifique et mystique cha\u00eene de montagnes du sud de la France."},{"@type":"BreadcrumbList","@id":"https:\/\/www.gpjbaker.com\/fr\/marques\/brunschwig-fils\/cevennes\/#breadcrumb","itemListElement":[{"@type":"ListItem","position":1,"name":"Home","item":"https:\/\/www.gpjbaker.com\/fr\/"},{"@type":"ListItem","position":2,"name":"Marques","item":"https:\/\/www.gpjbaker.com\/fr\/marques\/"},{"@type":"ListItem","position":3,"name":"Brunschwig &#038; Fils","item":"https:\/\/www.gpjbaker.com\/fr\/marques\/brunschwig-fils\/"},{"@type":"ListItem","position":4,"name":"Cevennes"}]},{"@type":"WebSite","@id":"https:\/\/www.gpjbaker.com\/#website","url":"https:\/\/www.gpjbaker.com\/","name":"G P &amp; J Baker","description":"","potentialAction":[{"@type":"SearchAction","target":{"@type":"EntryPoint","urlTemplate":"https:\/\/www.gpjbaker.com\/?s={search_term_string}"},"query-input":{"@type":"PropertyValueSpecification","valueRequired":true,"valueName":"search_term_string"}}],"inLanguage":"fr-FR"}]}},"_links":{"self":[{"href":"https:\/\/www.gpjbaker.com\/fr\/wp-json\/wp\/v2\/pages\/8158","targetHints":{"allow":["GET"]}}],"collection":[{"href":"https:\/\/www.gpjbaker.com\/fr\/wp-json\/wp\/v2\/pages"}],"about":[{"href":"https:\/\/www.gpjbaker.com\/fr\/wp-json\/wp\/v2\/types\/page"}],"author":[{"embeddable":true,"href":"https:\/\/www.gpjbaker.com\/fr\/wp-json\/wp\/v2\/users\/6"}],"replies":[{"embeddable":true,"href":"https:\/\/www.gpjbaker.com\/fr\/wp-json\/wp\/v2\/comments?post=8158"}],"version-history":[{"count":1,"href":"https:\/\/www.gpjbaker.com\/fr\/wp-json\/wp\/v2\/pages\/8158\/revisions"}],"predecessor-version":[{"id":8159,"href":"https:\/\/www.gpjbaker.com\/fr\/wp-json\/wp\/v2\/pages\/8158\/revisions\/8159"}],"up":[{"embeddable":true,"href":"https:\/\/www.gpjbaker.com\/fr\/wp-json\/wp\/v2\/pages\/5288"}],"wp:featuredmedia":[{"embeddable":true,"href":"https:\/\/www.gpjbaker.com\/fr\/wp-json\/wp\/v2\/media\/8123"}],"wp:attachment":[{"href":"https:\/\/www.gpjbaker.com\/fr\/wp-json\/wp\/v2\/media?parent=8158"}],"curies":[{"name":"wp","href":"https:\/\/api.w.org\/{rel}","templated":true}]}}