{"id":8044,"date":"2019-01-11T12:32:48","date_gmt":"2019-01-11T17:32:48","guid":{"rendered":"https:\/\/www.gpjbaker.com\/marques\/baker-lifestyle\/home-garden-iii\/"},"modified":"2025-09-08T12:50:27","modified_gmt":"2025-09-08T17:50:27","slug":"home-garden-iii","status":"publish","type":"page","link":"https:\/\/www.gpjbaker.com\/fr\/marques\/baker-lifestyle\/home-garden-iii\/","title":{"rendered":"Home &amp; Garden III"},"content":{"rendered":"<div class=\"wpb-content-wrapper\"><p>[vc_row][vc_column][vc_column_text]Notre troisi\u00e8me collection avec le magazine Homes and Gardens se d\u00e9cline en de superbes motifs stylis\u00e9s, de beaux coloris, pour un somptueux m\u00e9lange de styles. En associant la simplicit\u00e9 de motifs artisanaux faits main \u00e0 l&#8217;exub\u00e9rante complexit\u00e9 de broderies, la collection propose aussi d&#8217;audacieux motifs g\u00e9om\u00e9triques, de petits imprim\u00e9s abstraits, de subtils ikats, ainsi que des unis textur\u00e9s coordonn\u00e9s et de la passementerie.[\/vc_column_text][\/vc_column][\/vc_row][vc_row][vc_column][vc_raw_js]JTNDc2NyaXB0JTIwdHlwZSUzRCUyMnRleHQlMkZqYXZhc2NyaXB0JTIyJTNFJTIwJTBBdmFyJTIwc2VhcmNoVVJMJTIwJTNEJTIwJTIyc29ydCUzRERBVEUlMjZ1c2UlM0RNdWx0aXB1cnBvc2UlMkNVcGhvbHN0ZXJ5JTJDQ3VydGFpbnMlMjZjb2xsZWN0aW9uJTNESG9tZXMlMjBhbXAlMjBHYXJkZW5zJTIwSWlpJTIyJTNCJTBBJTNDJTJGc2NyaXB0JTNF[\/vc_raw_js][\/vc_column][\/vc_row]<\/p>\r\n<\/div>","protected":false},"excerpt":{"rendered":"[vc_row][vc_column][vc_column_text]Notre troisi\u00e8me collection avec le magazine Homes and Gardens se d\u00e9cline en de superbes motifs stylis\u00e9s, de beaux coloris, pour un somptueux m\u00e9lange de styles. En associant la simplicit\u00e9 de motifs artisanaux faits main \u00e0 l&#8217;exub\u00e9rante complexit\u00e9 de broderies, la collection propose aussi d&#8217;audacieux motifs g\u00e9om\u00e9triques, de petits imprim\u00e9s abstraits, de subtils ikats, ainsi que&#8230; <a class=\"view-article\" href=\"https:\/\/www.gpjbaker.com\/fr\/marques\/baker-lifestyle\/home-garden-iii\/\">Voir l&#8217;article<\/a>","protected":false},"author":6,"featured_media":8005,"parent":5290,"menu_order":10,"comment_status":"closed","ping_status":"closed","template":"template-collections.php","meta":{"footnotes":""},"class_list":["post-8044","page","type-page","status-publish","has-post-thumbnail","hentry","page_language-fr"],"yoast_head":"<!-- This site is optimized with the Yoast SEO plugin v26.8 - https:\/\/yoast.com\/product\/yoast-seo-wordpress\/ -->\n<title>Home &amp; Garden III - G P &amp; J Baker<\/title>\n<meta name=\"robots\" content=\"index, follow, max-snippet:-1, max-image-preview:large, max-video-preview:-1\" \/>\n<link rel=\"canonical\" href=\"https:\/\/www.gpjbaker.com\/fr\/marques\/baker-lifestyle\/home-garden-iii\/\" \/>\n<meta property=\"og:locale\" content=\"fr_FR\" \/>\n<meta property=\"og:type\" content=\"article\" \/>\n<meta property=\"og:title\" content=\"Home &amp; Garden III - G P &amp; J Baker\" \/>\n<meta property=\"og:description\" content=\"[vc_row][vc_column][vc_column_text]Notre troisi\u00e8me collection avec le magazine Homes and Gardens se d\u00e9cline en de superbes motifs stylis\u00e9s, de beaux coloris, pour un somptueux m\u00e9lange de styles. En associant la simplicit\u00e9 de motifs artisanaux faits main \u00e0 l&#8217;exub\u00e9rante complexit\u00e9 de broderies, la collection propose aussi d&#8217;audacieux motifs g\u00e9om\u00e9triques, de petits imprim\u00e9s abstraits, de subtils ikats, ainsi que... Voir l&#039;article\" \/>\n<meta property=\"og:url\" content=\"https:\/\/www.gpjbaker.com\/fr\/marques\/baker-lifestyle\/home-garden-iii\/\" \/>\n<meta property=\"og:site_name\" content=\"G P &amp; J Baker\" \/>\n<meta property=\"article:modified_time\" content=\"2025-09-08T17:50:27+00:00\" \/>\n<meta property=\"og:image\" content=\"https:\/\/www.gpjbaker.com\/wp-content\/uploads\/2018\/12\/BLS-HG-III-Thumb.jpg\" \/>\n\t<meta property=\"og:image:width\" content=\"400\" \/>\n\t<meta property=\"og:image:height\" content=\"255\" \/>\n\t<meta property=\"og:image:type\" content=\"image\/jpeg\" \/>\n<meta name=\"twitter:card\" content=\"summary_large_image\" \/>\n<meta name=\"twitter:label1\" content=\"Est. reading time\" \/>\n\t<meta name=\"twitter:data1\" content=\"1 minute\" \/>\n<script type=\"application\/ld+json\" class=\"yoast-schema-graph\">{\"@context\":\"https:\/\/schema.org\",\"@graph\":[{\"@type\":\"WebPage\",\"@id\":\"https:\/\/www.gpjbaker.com\/fr\/marques\/baker-lifestyle\/home-garden-iii\/\",\"url\":\"https:\/\/www.gpjbaker.com\/fr\/marques\/baker-lifestyle\/home-garden-iii\/\",\"name\":\"Home &amp; Garden III - G P &amp; J Baker\",\"isPartOf\":{\"@id\":\"https:\/\/www.gpjbaker.com\/#website\"},\"primaryImageOfPage\":{\"@id\":\"https:\/\/www.gpjbaker.com\/fr\/marques\/baker-lifestyle\/home-garden-iii\/#primaryimage\"},\"image\":{\"@id\":\"https:\/\/www.gpjbaker.com\/fr\/marques\/baker-lifestyle\/home-garden-iii\/#primaryimage\"},\"thumbnailUrl\":\"https:\/\/www.gpjbaker.com\/wp-content\/uploads\/2018\/12\/BLS-HG-III-Thumb.jpg\",\"datePublished\":\"2019-01-11T17:32:48+00:00\",\"dateModified\":\"2025-09-08T17:50:27+00:00\",\"breadcrumb\":{\"@id\":\"https:\/\/www.gpjbaker.com\/fr\/marques\/baker-lifestyle\/home-garden-iii\/#breadcrumb\"},\"inLanguage\":\"fr-FR\",\"potentialAction\":[{\"@type\":\"ReadAction\",\"target\":[\"https:\/\/www.gpjbaker.com\/fr\/marques\/baker-lifestyle\/home-garden-iii\/\"]}]},{\"@type\":\"ImageObject\",\"inLanguage\":\"fr-FR\",\"@id\":\"https:\/\/www.gpjbaker.com\/fr\/marques\/baker-lifestyle\/home-garden-iii\/#primaryimage\",\"url\":\"https:\/\/www.gpjbaker.com\/wp-content\/uploads\/2018\/12\/BLS-HG-III-Thumb.jpg\",\"contentUrl\":\"https:\/\/www.gpjbaker.com\/wp-content\/uploads\/2018\/12\/BLS-HG-III-Thumb.jpg\",\"width\":400,\"height\":255,\"caption\":\"Notre troisi\u00e8me collection avec le magazine Homes and Gardens se d\u00e9cline en de superbes motifs stylis\u00e9s, de beaux coloris, pour un somptueux m\u00e9lange de styles.\"},{\"@type\":\"BreadcrumbList\",\"@id\":\"https:\/\/www.gpjbaker.com\/fr\/marques\/baker-lifestyle\/home-garden-iii\/#breadcrumb\",\"itemListElement\":[{\"@type\":\"ListItem\",\"position\":1,\"name\":\"Home\",\"item\":\"https:\/\/www.gpjbaker.com\/fr\/\"},{\"@type\":\"ListItem\",\"position\":2,\"name\":\"Marques\",\"item\":\"https:\/\/www.gpjbaker.com\/fr\/marques\/\"},{\"@type\":\"ListItem\",\"position\":3,\"name\":\"Baker Lifestyle\",\"item\":\"https:\/\/www.gpjbaker.com\/fr\/marques\/baker-lifestyle\/\"},{\"@type\":\"ListItem\",\"position\":4,\"name\":\"Home &amp; Garden III\"}]},{\"@type\":\"WebSite\",\"@id\":\"https:\/\/www.gpjbaker.com\/#website\",\"url\":\"https:\/\/www.gpjbaker.com\/\",\"name\":\"G P &amp; J Baker\",\"description\":\"\",\"potentialAction\":[{\"@type\":\"SearchAction\",\"target\":{\"@type\":\"EntryPoint\",\"urlTemplate\":\"https:\/\/www.gpjbaker.com\/?s={search_term_string}\"},\"query-input\":{\"@type\":\"PropertyValueSpecification\",\"valueRequired\":true,\"valueName\":\"search_term_string\"}}],\"inLanguage\":\"fr-FR\"}]}<\/script>\n<!-- \/ Yoast SEO plugin. -->","yoast_head_json":{"title":"Home &amp; Garden III - G P &amp; J Baker","robots":{"index":"index","follow":"follow","max-snippet":"max-snippet:-1","max-image-preview":"max-image-preview:large","max-video-preview":"max-video-preview:-1"},"canonical":"https:\/\/www.gpjbaker.com\/fr\/marques\/baker-lifestyle\/home-garden-iii\/","og_locale":"fr_FR","og_type":"article","og_title":"Home &amp; Garden III - G P &amp; J Baker","og_description":"[vc_row][vc_column][vc_column_text]Notre troisi\u00e8me collection avec le magazine Homes and Gardens se d\u00e9cline en de superbes motifs stylis\u00e9s, de beaux coloris, pour un somptueux m\u00e9lange de styles. En associant la simplicit\u00e9 de motifs artisanaux faits main \u00e0 l&#8217;exub\u00e9rante complexit\u00e9 de broderies, la collection propose aussi d&#8217;audacieux motifs g\u00e9om\u00e9triques, de petits imprim\u00e9s abstraits, de subtils ikats, ainsi que... Voir l'article","og_url":"https:\/\/www.gpjbaker.com\/fr\/marques\/baker-lifestyle\/home-garden-iii\/","og_site_name":"G P &amp; J Baker","article_modified_time":"2025-09-08T17:50:27+00:00","og_image":[{"width":400,"height":255,"url":"https:\/\/www.gpjbaker.com\/wp-content\/uploads\/2018\/12\/BLS-HG-III-Thumb.jpg","type":"image\/jpeg"}],"twitter_card":"summary_large_image","twitter_misc":{"Est. reading time":"1 minute"},"schema":{"@context":"https:\/\/schema.org","@graph":[{"@type":"WebPage","@id":"https:\/\/www.gpjbaker.com\/fr\/marques\/baker-lifestyle\/home-garden-iii\/","url":"https:\/\/www.gpjbaker.com\/fr\/marques\/baker-lifestyle\/home-garden-iii\/","name":"Home &amp; Garden III - G P &amp; J Baker","isPartOf":{"@id":"https:\/\/www.gpjbaker.com\/#website"},"primaryImageOfPage":{"@id":"https:\/\/www.gpjbaker.com\/fr\/marques\/baker-lifestyle\/home-garden-iii\/#primaryimage"},"image":{"@id":"https:\/\/www.gpjbaker.com\/fr\/marques\/baker-lifestyle\/home-garden-iii\/#primaryimage"},"thumbnailUrl":"https:\/\/www.gpjbaker.com\/wp-content\/uploads\/2018\/12\/BLS-HG-III-Thumb.jpg","datePublished":"2019-01-11T17:32:48+00:00","dateModified":"2025-09-08T17:50:27+00:00","breadcrumb":{"@id":"https:\/\/www.gpjbaker.com\/fr\/marques\/baker-lifestyle\/home-garden-iii\/#breadcrumb"},"inLanguage":"fr-FR","potentialAction":[{"@type":"ReadAction","target":["https:\/\/www.gpjbaker.com\/fr\/marques\/baker-lifestyle\/home-garden-iii\/"]}]},{"@type":"ImageObject","inLanguage":"fr-FR","@id":"https:\/\/www.gpjbaker.com\/fr\/marques\/baker-lifestyle\/home-garden-iii\/#primaryimage","url":"https:\/\/www.gpjbaker.com\/wp-content\/uploads\/2018\/12\/BLS-HG-III-Thumb.jpg","contentUrl":"https:\/\/www.gpjbaker.com\/wp-content\/uploads\/2018\/12\/BLS-HG-III-Thumb.jpg","width":400,"height":255,"caption":"Notre troisi\u00e8me collection avec le magazine Homes and Gardens se d\u00e9cline en de superbes motifs stylis\u00e9s, de beaux coloris, pour un somptueux m\u00e9lange de styles."},{"@type":"BreadcrumbList","@id":"https:\/\/www.gpjbaker.com\/fr\/marques\/baker-lifestyle\/home-garden-iii\/#breadcrumb","itemListElement":[{"@type":"ListItem","position":1,"name":"Home","item":"https:\/\/www.gpjbaker.com\/fr\/"},{"@type":"ListItem","position":2,"name":"Marques","item":"https:\/\/www.gpjbaker.com\/fr\/marques\/"},{"@type":"ListItem","position":3,"name":"Baker Lifestyle","item":"https:\/\/www.gpjbaker.com\/fr\/marques\/baker-lifestyle\/"},{"@type":"ListItem","position":4,"name":"Home &amp; Garden III"}]},{"@type":"WebSite","@id":"https:\/\/www.gpjbaker.com\/#website","url":"https:\/\/www.gpjbaker.com\/","name":"G P &amp; J Baker","description":"","potentialAction":[{"@type":"SearchAction","target":{"@type":"EntryPoint","urlTemplate":"https:\/\/www.gpjbaker.com\/?s={search_term_string}"},"query-input":{"@type":"PropertyValueSpecification","valueRequired":true,"valueName":"search_term_string"}}],"inLanguage":"fr-FR"}]}},"_links":{"self":[{"href":"https:\/\/www.gpjbaker.com\/fr\/wp-json\/wp\/v2\/pages\/8044","targetHints":{"allow":["GET"]}}],"collection":[{"href":"https:\/\/www.gpjbaker.com\/fr\/wp-json\/wp\/v2\/pages"}],"about":[{"href":"https:\/\/www.gpjbaker.com\/fr\/wp-json\/wp\/v2\/types\/page"}],"author":[{"embeddable":true,"href":"https:\/\/www.gpjbaker.com\/fr\/wp-json\/wp\/v2\/users\/6"}],"replies":[{"embeddable":true,"href":"https:\/\/www.gpjbaker.com\/fr\/wp-json\/wp\/v2\/comments?post=8044"}],"version-history":[{"count":1,"href":"https:\/\/www.gpjbaker.com\/fr\/wp-json\/wp\/v2\/pages\/8044\/revisions"}],"predecessor-version":[{"id":8045,"href":"https:\/\/www.gpjbaker.com\/fr\/wp-json\/wp\/v2\/pages\/8044\/revisions\/8045"}],"up":[{"embeddable":true,"href":"https:\/\/www.gpjbaker.com\/fr\/wp-json\/wp\/v2\/pages\/5290"}],"wp:featuredmedia":[{"embeddable":true,"href":"https:\/\/www.gpjbaker.com\/fr\/wp-json\/wp\/v2\/media\/8005"}],"wp:attachment":[{"href":"https:\/\/www.gpjbaker.com\/fr\/wp-json\/wp\/v2\/media?parent=8044"}],"curies":[{"name":"wp","href":"https:\/\/api.w.org\/{rel}","templated":true}]}}