{"id":7850,"date":"2018-09-11T08:26:50","date_gmt":"2018-09-11T13:26:50","guid":{"rendered":"https:\/\/www.gpjbaker.com\/marques\/gp-j-baker\/revetements-muraux-signature\/"},"modified":"2025-09-10T14:35:12","modified_gmt":"2025-09-10T19:35:12","slug":"revetements-muraux-signature","status":"publish","type":"page","link":"https:\/\/www.gpjbaker.com\/fr\/marques\/gp-j-baker\/revetements-muraux-signature\/","title":{"rendered":"Rev\u00eatements muraux Signature"},"content":{"rendered":"<div class=\"wpb-content-wrapper\"><p>[vc_row full_width=&#8221;1&#8243;][vc_column][vc_column_text]GP &amp; J Baker s&#8217;est inspir\u00e9 de certaines de ses plus belles cr\u00e9ations pour cette superbe collection de rev\u00eatements muraux. De tous nouveaux coloris se d\u00e9clinent en teintes douces et subtiles mais aussi en nuances plus sombres qui conviennent tout particuli\u00e8rement \u00e0 un int\u00e9rieur contemporain.\u00a0Cette collection propose ainsi de superbes motifs chinoiseries ainsi qu&#8217;un tr\u00e8s beau motif floral de style Art d\u00e9co. Pour faire contraste, trois motifs g\u00e9om\u00e9triques et un motif classique \u2018toile de jute\u2019, ont \u00e9t\u00e9 sp\u00e9cialement cr\u00e9\u00e9s pour se coordonner \u00e0 ces superbes cr\u00e9ations.[\/vc_column_text][\/vc_column][\/vc_row]<\/p>\r\n<\/div>","protected":false},"excerpt":{"rendered":"[vc_row full_width=&#8221;1&#8243;][vc_column][vc_column_text]GP &amp; J Baker s&#8217;est inspir\u00e9 de certaines de ses plus belles cr\u00e9ations pour cette superbe collection de rev\u00eatements muraux. De tous nouveaux coloris se d\u00e9clinent en teintes douces et subtiles mais aussi en nuances plus sombres qui conviennent tout particuli\u00e8rement \u00e0 un int\u00e9rieur contemporain.\u00a0Cette collection propose ainsi de superbes motifs chinoiseries ainsi qu&#8217;un&#8230; <a class=\"view-article\" href=\"https:\/\/www.gpjbaker.com\/fr\/marques\/gp-j-baker\/revetements-muraux-signature\/\">Voir l&#8217;article<\/a>","protected":false},"author":6,"featured_media":7527,"parent":4605,"menu_order":1,"comment_status":"closed","ping_status":"closed","template":"template-collections.php","meta":{"footnotes":""},"class_list":["post-7850","page","type-page","status-publish","has-post-thumbnail","hentry","page_language-fr"],"yoast_head":"<!-- This site is optimized with the Yoast SEO plugin v26.8 - https:\/\/yoast.com\/product\/yoast-seo-wordpress\/ -->\n<title>Rev\u00eatements muraux Signature - G P &amp; J Baker<\/title>\n<meta name=\"robots\" content=\"index, follow, max-snippet:-1, max-image-preview:large, max-video-preview:-1\" \/>\n<link rel=\"canonical\" href=\"https:\/\/www.gpjbaker.com\/fr\/marques\/gp-j-baker\/revetements-muraux-signature\/\" \/>\n<meta property=\"og:locale\" content=\"fr_FR\" \/>\n<meta property=\"og:type\" content=\"article\" \/>\n<meta property=\"og:title\" content=\"Rev\u00eatements muraux Signature - G P &amp; J Baker\" \/>\n<meta property=\"og:description\" content=\"[vc_row full_width=&#8221;1&#8243;][vc_column][vc_column_text]GP &amp; J Baker s&#8217;est inspir\u00e9 de certaines de ses plus belles cr\u00e9ations pour cette superbe collection de rev\u00eatements muraux. De tous nouveaux coloris se d\u00e9clinent en teintes douces et subtiles mais aussi en nuances plus sombres qui conviennent tout particuli\u00e8rement \u00e0 un int\u00e9rieur contemporain.\u00a0Cette collection propose ainsi de superbes motifs chinoiseries ainsi qu&#8217;un... Voir l&#039;article\" \/>\n<meta property=\"og:url\" content=\"https:\/\/www.gpjbaker.com\/fr\/marques\/gp-j-baker\/revetements-muraux-signature\/\" \/>\n<meta property=\"og:site_name\" content=\"G P &amp; J Baker\" \/>\n<meta property=\"article:modified_time\" content=\"2025-09-10T19:35:12+00:00\" \/>\n<meta property=\"og:image\" content=\"https:\/\/www.gpjbaker.com\/wp-content\/uploads\/2018\/03\/signature-wallpaper-1-2.jpg\" \/>\n\t<meta property=\"og:image:width\" content=\"400\" \/>\n\t<meta property=\"og:image:height\" content=\"260\" \/>\n\t<meta property=\"og:image:type\" content=\"image\/jpeg\" \/>\n<meta name=\"twitter:card\" content=\"summary_large_image\" \/>\n<meta name=\"twitter:label1\" content=\"Est. reading time\" \/>\n\t<meta name=\"twitter:data1\" content=\"1 minute\" \/>\n<script type=\"application\/ld+json\" class=\"yoast-schema-graph\">{\"@context\":\"https:\/\/schema.org\",\"@graph\":[{\"@type\":\"WebPage\",\"@id\":\"https:\/\/www.gpjbaker.com\/fr\/marques\/gp-j-baker\/revetements-muraux-signature\/\",\"url\":\"https:\/\/www.gpjbaker.com\/fr\/marques\/gp-j-baker\/revetements-muraux-signature\/\",\"name\":\"Rev\u00eatements muraux Signature - G P &amp; J Baker\",\"isPartOf\":{\"@id\":\"https:\/\/www.gpjbaker.com\/#website\"},\"primaryImageOfPage\":{\"@id\":\"https:\/\/www.gpjbaker.com\/fr\/marques\/gp-j-baker\/revetements-muraux-signature\/#primaryimage\"},\"image\":{\"@id\":\"https:\/\/www.gpjbaker.com\/fr\/marques\/gp-j-baker\/revetements-muraux-signature\/#primaryimage\"},\"thumbnailUrl\":\"https:\/\/www.gpjbaker.com\/wp-content\/uploads\/2018\/03\/signature-wallpaper-1-2.jpg\",\"datePublished\":\"2018-09-11T13:26:50+00:00\",\"dateModified\":\"2025-09-10T19:35:12+00:00\",\"breadcrumb\":{\"@id\":\"https:\/\/www.gpjbaker.com\/fr\/marques\/gp-j-baker\/revetements-muraux-signature\/#breadcrumb\"},\"inLanguage\":\"fr-FR\",\"potentialAction\":[{\"@type\":\"ReadAction\",\"target\":[\"https:\/\/www.gpjbaker.com\/fr\/marques\/gp-j-baker\/revetements-muraux-signature\/\"]}]},{\"@type\":\"ImageObject\",\"inLanguage\":\"fr-FR\",\"@id\":\"https:\/\/www.gpjbaker.com\/fr\/marques\/gp-j-baker\/revetements-muraux-signature\/#primaryimage\",\"url\":\"https:\/\/www.gpjbaker.com\/wp-content\/uploads\/2018\/03\/signature-wallpaper-1-2.jpg\",\"contentUrl\":\"https:\/\/www.gpjbaker.com\/wp-content\/uploads\/2018\/03\/signature-wallpaper-1-2.jpg\",\"width\":400,\"height\":260,\"caption\":\"Ses c\u00e9l\u00e8bres motifs, \u00e0 la fois picturaux et g\u00e9om\u00e9triques, on inspir\u00e9 cette collection tr\u00e8s aboutie qui se d\u00e9cline dans de nouvelles teintes, pour de magnifiques rev\u00eatements muraux\"},{\"@type\":\"BreadcrumbList\",\"@id\":\"https:\/\/www.gpjbaker.com\/fr\/marques\/gp-j-baker\/revetements-muraux-signature\/#breadcrumb\",\"itemListElement\":[{\"@type\":\"ListItem\",\"position\":1,\"name\":\"Home\",\"item\":\"https:\/\/www.gpjbaker.com\/fr\/\"},{\"@type\":\"ListItem\",\"position\":2,\"name\":\"Marques\",\"item\":\"https:\/\/www.gpjbaker.com\/fr\/marques\/\"},{\"@type\":\"ListItem\",\"position\":3,\"name\":\"GP &#038; J Baker\",\"item\":\"https:\/\/www.gpjbaker.com\/fr\/marques\/gp-j-baker\/\"},{\"@type\":\"ListItem\",\"position\":4,\"name\":\"Rev\u00eatements muraux Signature\"}]},{\"@type\":\"WebSite\",\"@id\":\"https:\/\/www.gpjbaker.com\/#website\",\"url\":\"https:\/\/www.gpjbaker.com\/\",\"name\":\"G P &amp; J Baker\",\"description\":\"\",\"potentialAction\":[{\"@type\":\"SearchAction\",\"target\":{\"@type\":\"EntryPoint\",\"urlTemplate\":\"https:\/\/www.gpjbaker.com\/?s={search_term_string}\"},\"query-input\":{\"@type\":\"PropertyValueSpecification\",\"valueRequired\":true,\"valueName\":\"search_term_string\"}}],\"inLanguage\":\"fr-FR\"}]}<\/script>\n<!-- \/ Yoast SEO plugin. -->","yoast_head_json":{"title":"Rev\u00eatements muraux Signature - G P &amp; J Baker","robots":{"index":"index","follow":"follow","max-snippet":"max-snippet:-1","max-image-preview":"max-image-preview:large","max-video-preview":"max-video-preview:-1"},"canonical":"https:\/\/www.gpjbaker.com\/fr\/marques\/gp-j-baker\/revetements-muraux-signature\/","og_locale":"fr_FR","og_type":"article","og_title":"Rev\u00eatements muraux Signature - G P &amp; J Baker","og_description":"[vc_row full_width=&#8221;1&#8243;][vc_column][vc_column_text]GP &amp; J Baker s&#8217;est inspir\u00e9 de certaines de ses plus belles cr\u00e9ations pour cette superbe collection de rev\u00eatements muraux. De tous nouveaux coloris se d\u00e9clinent en teintes douces et subtiles mais aussi en nuances plus sombres qui conviennent tout particuli\u00e8rement \u00e0 un int\u00e9rieur contemporain.\u00a0Cette collection propose ainsi de superbes motifs chinoiseries ainsi qu&#8217;un... Voir l'article","og_url":"https:\/\/www.gpjbaker.com\/fr\/marques\/gp-j-baker\/revetements-muraux-signature\/","og_site_name":"G P &amp; J Baker","article_modified_time":"2025-09-10T19:35:12+00:00","og_image":[{"width":400,"height":260,"url":"https:\/\/www.gpjbaker.com\/wp-content\/uploads\/2018\/03\/signature-wallpaper-1-2.jpg","type":"image\/jpeg"}],"twitter_card":"summary_large_image","twitter_misc":{"Est. reading time":"1 minute"},"schema":{"@context":"https:\/\/schema.org","@graph":[{"@type":"WebPage","@id":"https:\/\/www.gpjbaker.com\/fr\/marques\/gp-j-baker\/revetements-muraux-signature\/","url":"https:\/\/www.gpjbaker.com\/fr\/marques\/gp-j-baker\/revetements-muraux-signature\/","name":"Rev\u00eatements muraux Signature - G P &amp; J Baker","isPartOf":{"@id":"https:\/\/www.gpjbaker.com\/#website"},"primaryImageOfPage":{"@id":"https:\/\/www.gpjbaker.com\/fr\/marques\/gp-j-baker\/revetements-muraux-signature\/#primaryimage"},"image":{"@id":"https:\/\/www.gpjbaker.com\/fr\/marques\/gp-j-baker\/revetements-muraux-signature\/#primaryimage"},"thumbnailUrl":"https:\/\/www.gpjbaker.com\/wp-content\/uploads\/2018\/03\/signature-wallpaper-1-2.jpg","datePublished":"2018-09-11T13:26:50+00:00","dateModified":"2025-09-10T19:35:12+00:00","breadcrumb":{"@id":"https:\/\/www.gpjbaker.com\/fr\/marques\/gp-j-baker\/revetements-muraux-signature\/#breadcrumb"},"inLanguage":"fr-FR","potentialAction":[{"@type":"ReadAction","target":["https:\/\/www.gpjbaker.com\/fr\/marques\/gp-j-baker\/revetements-muraux-signature\/"]}]},{"@type":"ImageObject","inLanguage":"fr-FR","@id":"https:\/\/www.gpjbaker.com\/fr\/marques\/gp-j-baker\/revetements-muraux-signature\/#primaryimage","url":"https:\/\/www.gpjbaker.com\/wp-content\/uploads\/2018\/03\/signature-wallpaper-1-2.jpg","contentUrl":"https:\/\/www.gpjbaker.com\/wp-content\/uploads\/2018\/03\/signature-wallpaper-1-2.jpg","width":400,"height":260,"caption":"Ses c\u00e9l\u00e8bres motifs, \u00e0 la fois picturaux et g\u00e9om\u00e9triques, on inspir\u00e9 cette collection tr\u00e8s aboutie qui se d\u00e9cline dans de nouvelles teintes, pour de magnifiques rev\u00eatements muraux"},{"@type":"BreadcrumbList","@id":"https:\/\/www.gpjbaker.com\/fr\/marques\/gp-j-baker\/revetements-muraux-signature\/#breadcrumb","itemListElement":[{"@type":"ListItem","position":1,"name":"Home","item":"https:\/\/www.gpjbaker.com\/fr\/"},{"@type":"ListItem","position":2,"name":"Marques","item":"https:\/\/www.gpjbaker.com\/fr\/marques\/"},{"@type":"ListItem","position":3,"name":"GP &#038; J Baker","item":"https:\/\/www.gpjbaker.com\/fr\/marques\/gp-j-baker\/"},{"@type":"ListItem","position":4,"name":"Rev\u00eatements muraux Signature"}]},{"@type":"WebSite","@id":"https:\/\/www.gpjbaker.com\/#website","url":"https:\/\/www.gpjbaker.com\/","name":"G P &amp; J Baker","description":"","potentialAction":[{"@type":"SearchAction","target":{"@type":"EntryPoint","urlTemplate":"https:\/\/www.gpjbaker.com\/?s={search_term_string}"},"query-input":{"@type":"PropertyValueSpecification","valueRequired":true,"valueName":"search_term_string"}}],"inLanguage":"fr-FR"}]}},"_links":{"self":[{"href":"https:\/\/www.gpjbaker.com\/fr\/wp-json\/wp\/v2\/pages\/7850","targetHints":{"allow":["GET"]}}],"collection":[{"href":"https:\/\/www.gpjbaker.com\/fr\/wp-json\/wp\/v2\/pages"}],"about":[{"href":"https:\/\/www.gpjbaker.com\/fr\/wp-json\/wp\/v2\/types\/page"}],"author":[{"embeddable":true,"href":"https:\/\/www.gpjbaker.com\/fr\/wp-json\/wp\/v2\/users\/6"}],"replies":[{"embeddable":true,"href":"https:\/\/www.gpjbaker.com\/fr\/wp-json\/wp\/v2\/comments?post=7850"}],"version-history":[{"count":7,"href":"https:\/\/www.gpjbaker.com\/fr\/wp-json\/wp\/v2\/pages\/7850\/revisions"}],"predecessor-version":[{"id":13132,"href":"https:\/\/www.gpjbaker.com\/fr\/wp-json\/wp\/v2\/pages\/7850\/revisions\/13132"}],"up":[{"embeddable":true,"href":"https:\/\/www.gpjbaker.com\/fr\/wp-json\/wp\/v2\/pages\/4605"}],"wp:featuredmedia":[{"embeddable":true,"href":"https:\/\/www.gpjbaker.com\/fr\/wp-json\/wp\/v2\/media\/7527"}],"wp:attachment":[{"href":"https:\/\/www.gpjbaker.com\/fr\/wp-json\/wp\/v2\/media?parent=7850"}],"curies":[{"name":"wp","href":"https:\/\/api.w.org\/{rel}","templated":true}]}}