{"id":7844,"date":"2018-09-11T08:23:44","date_gmt":"2018-09-11T13:23:44","guid":{"rendered":"https:\/\/www.gpjbaker.com\/marques\/kravet\/modern-tailor\/"},"modified":"2025-09-09T12:29:46","modified_gmt":"2025-09-09T17:29:46","slug":"modern-tailor","status":"publish","type":"page","link":"https:\/\/www.gpjbaker.com\/fr\/marques\/kravet\/modern-tailor\/","title":{"rendered":"Modern Tailor"},"content":{"rendered":"<div class=\"wpb-content-wrapper\">[vc_row][vc_column][vc_column_text]La collection Modern Tailor de Kravet Couture puise son inspiration dans les d\u00e9fil\u00e9s de mode en mettant l&#8217;accent sur le savoir-faire de la couture sur-mesure. De jolies broderies en piqu\u00e9, des tissus pliss\u00e9s, des lainages en patchwork, de confortables chenilles torsad\u00e9es et des mailles en laine m\u00e9lang\u00e9e ont \u00e9t\u00e9 revisit\u00e9s et sont propos\u00e9s dans de luxueux tissus parfaitement adapt\u00e9s \u00e0 la d\u00e9coration stylis\u00e9e d&#8217;aujourd&#8217;hui.[\/vc_column_text][\/vc_column][\/vc_row][vc_row][vc_column][vc_raw_js]JTNDc2NyaXB0JTIwdHlwZSUzRCUyMnRleHQlMkZqYXZhc2NyaXB0JTIyJTNFJTIwJTBBJTBBdmFyJTIwc2VhcmNoVVJMJTIwJTNEJTIwJTIyc29ydCUzRERBVEUlMjZ1c2UlM0RNdWx0aXB1cnBvc2UlMkNVcGhvbHN0ZXJ5JTJDQ3VydGFpbnMlMjZjb2xsZWN0aW9uJTNETW9kZXJuJTIwVGFpbG9yJTIyJTNCJTBBJTBBJTNDJTJGc2NyaXB0JTNF[\/vc_raw_js][\/vc_column][\/vc_row]<\/div>","protected":false},"excerpt":{"rendered":"[vc_row][vc_column][vc_column_text]La collection Modern Tailor de Kravet Couture puise son inspiration dans les d\u00e9fil\u00e9s de mode en mettant l&#8217;accent sur le savoir-faire de la couture sur-mesure. De jolies broderies en piqu\u00e9, des tissus pliss\u00e9s, des lainages en patchwork, de confortables chenilles torsad\u00e9es et des mailles en laine m\u00e9lang\u00e9e ont \u00e9t\u00e9 revisit\u00e9s et sont propos\u00e9s dans de&#8230; <a class=\"view-article\" href=\"https:\/\/www.gpjbaker.com\/fr\/marques\/kravet\/modern-tailor\/\">Voir l&#8217;article<\/a>","protected":false},"author":6,"featured_media":7629,"parent":5291,"menu_order":0,"comment_status":"closed","ping_status":"closed","template":"template-collections.php","meta":{"footnotes":""},"class_list":["post-7844","page","type-page","status-publish","has-post-thumbnail","hentry","page_language-fr"],"yoast_head":"<!-- This site is optimized with the Yoast SEO plugin v26.8 - https:\/\/yoast.com\/product\/yoast-seo-wordpress\/ -->\n<title>Modern Tailor - G P &amp; J Baker<\/title>\n<meta name=\"robots\" content=\"index, follow, max-snippet:-1, max-image-preview:large, max-video-preview:-1\" \/>\n<link rel=\"canonical\" href=\"https:\/\/www.gpjbaker.com\/fr\/marques\/kravet\/modern-tailor\/\" \/>\n<meta property=\"og:locale\" content=\"fr_FR\" \/>\n<meta property=\"og:type\" content=\"article\" \/>\n<meta property=\"og:title\" content=\"Modern Tailor - G P &amp; J Baker\" \/>\n<meta property=\"og:description\" content=\"[vc_row][vc_column][vc_column_text]La collection Modern Tailor de Kravet Couture puise son inspiration dans les d\u00e9fil\u00e9s de mode en mettant l&#8217;accent sur le savoir-faire de la couture sur-mesure. De jolies broderies en piqu\u00e9, des tissus pliss\u00e9s, des lainages en patchwork, de confortables chenilles torsad\u00e9es et des mailles en laine m\u00e9lang\u00e9e ont \u00e9t\u00e9 revisit\u00e9s et sont propos\u00e9s dans de... Voir l&#039;article\" \/>\n<meta property=\"og:url\" content=\"https:\/\/www.gpjbaker.com\/fr\/marques\/kravet\/modern-tailor\/\" \/>\n<meta property=\"og:site_name\" content=\"G P &amp; J Baker\" \/>\n<meta property=\"article:modified_time\" content=\"2025-09-09T17:29:46+00:00\" \/>\n<meta property=\"og:image\" content=\"https:\/\/www.gpjbaker.com\/wp-content\/uploads\/2018\/06\/KK-Modern-Tailor-Featured.jpg\" \/>\n\t<meta property=\"og:image:width\" content=\"393\" \/>\n\t<meta property=\"og:image:height\" content=\"255\" \/>\n\t<meta property=\"og:image:type\" content=\"image\/jpeg\" \/>\n<meta name=\"twitter:card\" content=\"summary_large_image\" \/>\n<meta name=\"twitter:label1\" content=\"Est. reading time\" \/>\n\t<meta name=\"twitter:data1\" content=\"1 minute\" \/>\n<script type=\"application\/ld+json\" class=\"yoast-schema-graph\">{\"@context\":\"https:\/\/schema.org\",\"@graph\":[{\"@type\":\"WebPage\",\"@id\":\"https:\/\/www.gpjbaker.com\/fr\/marques\/kravet\/modern-tailor\/\",\"url\":\"https:\/\/www.gpjbaker.com\/fr\/marques\/kravet\/modern-tailor\/\",\"name\":\"Modern Tailor - G P &amp; J Baker\",\"isPartOf\":{\"@id\":\"https:\/\/www.gpjbaker.com\/#website\"},\"primaryImageOfPage\":{\"@id\":\"https:\/\/www.gpjbaker.com\/fr\/marques\/kravet\/modern-tailor\/#primaryimage\"},\"image\":{\"@id\":\"https:\/\/www.gpjbaker.com\/fr\/marques\/kravet\/modern-tailor\/#primaryimage\"},\"thumbnailUrl\":\"https:\/\/www.gpjbaker.com\/wp-content\/uploads\/2018\/06\/KK-Modern-Tailor-Featured.jpg\",\"datePublished\":\"2018-09-11T13:23:44+00:00\",\"dateModified\":\"2025-09-09T17:29:46+00:00\",\"breadcrumb\":{\"@id\":\"https:\/\/www.gpjbaker.com\/fr\/marques\/kravet\/modern-tailor\/#breadcrumb\"},\"inLanguage\":\"fr-FR\",\"potentialAction\":[{\"@type\":\"ReadAction\",\"target\":[\"https:\/\/www.gpjbaker.com\/fr\/marques\/kravet\/modern-tailor\/\"]}]},{\"@type\":\"ImageObject\",\"inLanguage\":\"fr-FR\",\"@id\":\"https:\/\/www.gpjbaker.com\/fr\/marques\/kravet\/modern-tailor\/#primaryimage\",\"url\":\"https:\/\/www.gpjbaker.com\/wp-content\/uploads\/2018\/06\/KK-Modern-Tailor-Featured.jpg\",\"contentUrl\":\"https:\/\/www.gpjbaker.com\/wp-content\/uploads\/2018\/06\/KK-Modern-Tailor-Featured.jpg\",\"width\":393,\"height\":255,\"caption\":\"La collection Modern Tailor de Kravet Couture puise son inspiration dans les d\u00e9fil\u00e9s de mode en mettant l'accent sur le savoir-faire de la couture sur-mesure.\"},{\"@type\":\"BreadcrumbList\",\"@id\":\"https:\/\/www.gpjbaker.com\/fr\/marques\/kravet\/modern-tailor\/#breadcrumb\",\"itemListElement\":[{\"@type\":\"ListItem\",\"position\":1,\"name\":\"Home\",\"item\":\"https:\/\/www.gpjbaker.com\/fr\/\"},{\"@type\":\"ListItem\",\"position\":2,\"name\":\"Marques\",\"item\":\"https:\/\/www.gpjbaker.com\/fr\/marques\/\"},{\"@type\":\"ListItem\",\"position\":3,\"name\":\"Kravet\",\"item\":\"https:\/\/www.gpjbaker.com\/fr\/marques\/kravet\/\"},{\"@type\":\"ListItem\",\"position\":4,\"name\":\"Modern Tailor\"}]},{\"@type\":\"WebSite\",\"@id\":\"https:\/\/www.gpjbaker.com\/#website\",\"url\":\"https:\/\/www.gpjbaker.com\/\",\"name\":\"G P &amp; J Baker\",\"description\":\"\",\"potentialAction\":[{\"@type\":\"SearchAction\",\"target\":{\"@type\":\"EntryPoint\",\"urlTemplate\":\"https:\/\/www.gpjbaker.com\/?s={search_term_string}\"},\"query-input\":{\"@type\":\"PropertyValueSpecification\",\"valueRequired\":true,\"valueName\":\"search_term_string\"}}],\"inLanguage\":\"fr-FR\"}]}<\/script>\n<!-- \/ Yoast SEO plugin. -->","yoast_head_json":{"title":"Modern Tailor - G P &amp; J Baker","robots":{"index":"index","follow":"follow","max-snippet":"max-snippet:-1","max-image-preview":"max-image-preview:large","max-video-preview":"max-video-preview:-1"},"canonical":"https:\/\/www.gpjbaker.com\/fr\/marques\/kravet\/modern-tailor\/","og_locale":"fr_FR","og_type":"article","og_title":"Modern Tailor - G P &amp; J Baker","og_description":"[vc_row][vc_column][vc_column_text]La collection Modern Tailor de Kravet Couture puise son inspiration dans les d\u00e9fil\u00e9s de mode en mettant l&#8217;accent sur le savoir-faire de la couture sur-mesure. De jolies broderies en piqu\u00e9, des tissus pliss\u00e9s, des lainages en patchwork, de confortables chenilles torsad\u00e9es et des mailles en laine m\u00e9lang\u00e9e ont \u00e9t\u00e9 revisit\u00e9s et sont propos\u00e9s dans de... Voir l'article","og_url":"https:\/\/www.gpjbaker.com\/fr\/marques\/kravet\/modern-tailor\/","og_site_name":"G P &amp; J Baker","article_modified_time":"2025-09-09T17:29:46+00:00","og_image":[{"width":393,"height":255,"url":"https:\/\/www.gpjbaker.com\/wp-content\/uploads\/2018\/06\/KK-Modern-Tailor-Featured.jpg","type":"image\/jpeg"}],"twitter_card":"summary_large_image","twitter_misc":{"Est. reading time":"1 minute"},"schema":{"@context":"https:\/\/schema.org","@graph":[{"@type":"WebPage","@id":"https:\/\/www.gpjbaker.com\/fr\/marques\/kravet\/modern-tailor\/","url":"https:\/\/www.gpjbaker.com\/fr\/marques\/kravet\/modern-tailor\/","name":"Modern Tailor - G P &amp; J Baker","isPartOf":{"@id":"https:\/\/www.gpjbaker.com\/#website"},"primaryImageOfPage":{"@id":"https:\/\/www.gpjbaker.com\/fr\/marques\/kravet\/modern-tailor\/#primaryimage"},"image":{"@id":"https:\/\/www.gpjbaker.com\/fr\/marques\/kravet\/modern-tailor\/#primaryimage"},"thumbnailUrl":"https:\/\/www.gpjbaker.com\/wp-content\/uploads\/2018\/06\/KK-Modern-Tailor-Featured.jpg","datePublished":"2018-09-11T13:23:44+00:00","dateModified":"2025-09-09T17:29:46+00:00","breadcrumb":{"@id":"https:\/\/www.gpjbaker.com\/fr\/marques\/kravet\/modern-tailor\/#breadcrumb"},"inLanguage":"fr-FR","potentialAction":[{"@type":"ReadAction","target":["https:\/\/www.gpjbaker.com\/fr\/marques\/kravet\/modern-tailor\/"]}]},{"@type":"ImageObject","inLanguage":"fr-FR","@id":"https:\/\/www.gpjbaker.com\/fr\/marques\/kravet\/modern-tailor\/#primaryimage","url":"https:\/\/www.gpjbaker.com\/wp-content\/uploads\/2018\/06\/KK-Modern-Tailor-Featured.jpg","contentUrl":"https:\/\/www.gpjbaker.com\/wp-content\/uploads\/2018\/06\/KK-Modern-Tailor-Featured.jpg","width":393,"height":255,"caption":"La collection Modern Tailor de Kravet Couture puise son inspiration dans les d\u00e9fil\u00e9s de mode en mettant l'accent sur le savoir-faire de la couture sur-mesure."},{"@type":"BreadcrumbList","@id":"https:\/\/www.gpjbaker.com\/fr\/marques\/kravet\/modern-tailor\/#breadcrumb","itemListElement":[{"@type":"ListItem","position":1,"name":"Home","item":"https:\/\/www.gpjbaker.com\/fr\/"},{"@type":"ListItem","position":2,"name":"Marques","item":"https:\/\/www.gpjbaker.com\/fr\/marques\/"},{"@type":"ListItem","position":3,"name":"Kravet","item":"https:\/\/www.gpjbaker.com\/fr\/marques\/kravet\/"},{"@type":"ListItem","position":4,"name":"Modern Tailor"}]},{"@type":"WebSite","@id":"https:\/\/www.gpjbaker.com\/#website","url":"https:\/\/www.gpjbaker.com\/","name":"G P &amp; J Baker","description":"","potentialAction":[{"@type":"SearchAction","target":{"@type":"EntryPoint","urlTemplate":"https:\/\/www.gpjbaker.com\/?s={search_term_string}"},"query-input":{"@type":"PropertyValueSpecification","valueRequired":true,"valueName":"search_term_string"}}],"inLanguage":"fr-FR"}]}},"_links":{"self":[{"href":"https:\/\/www.gpjbaker.com\/fr\/wp-json\/wp\/v2\/pages\/7844","targetHints":{"allow":["GET"]}}],"collection":[{"href":"https:\/\/www.gpjbaker.com\/fr\/wp-json\/wp\/v2\/pages"}],"about":[{"href":"https:\/\/www.gpjbaker.com\/fr\/wp-json\/wp\/v2\/types\/page"}],"author":[{"embeddable":true,"href":"https:\/\/www.gpjbaker.com\/fr\/wp-json\/wp\/v2\/users\/6"}],"replies":[{"embeddable":true,"href":"https:\/\/www.gpjbaker.com\/fr\/wp-json\/wp\/v2\/comments?post=7844"}],"version-history":[{"count":1,"href":"https:\/\/www.gpjbaker.com\/fr\/wp-json\/wp\/v2\/pages\/7844\/revisions"}],"predecessor-version":[{"id":7845,"href":"https:\/\/www.gpjbaker.com\/fr\/wp-json\/wp\/v2\/pages\/7844\/revisions\/7845"}],"up":[{"embeddable":true,"href":"https:\/\/www.gpjbaker.com\/fr\/wp-json\/wp\/v2\/pages\/5291"}],"wp:featuredmedia":[{"embeddable":true,"href":"https:\/\/www.gpjbaker.com\/fr\/wp-json\/wp\/v2\/media\/7629"}],"wp:attachment":[{"href":"https:\/\/www.gpjbaker.com\/fr\/wp-json\/wp\/v2\/media?parent=7844"}],"curies":[{"name":"wp","href":"https:\/\/api.w.org\/{rel}","templated":true}]}}