{"id":7840,"date":"2018-09-17T09:01:50","date_gmt":"2018-09-17T14:01:50","guid":{"rendered":"https:\/\/www.gpjbaker.com\/?page_id=7840"},"modified":"2025-09-08T14:41:02","modified_gmt":"2025-09-08T19:41:02","slug":"vinyle-wallpaper","status":"publish","type":"page","link":"https:\/\/www.gpjbaker.com\/fr\/marques\/threads\/vinyle-wallpaper\/","title":{"rendered":"Vinyle Wallpaper"},"content":{"rendered":"<div class=\"wpb-content-wrapper\">[vc_row][vc_column][vc_column_text]&#8221;Threads Wallpaper Collection I \u2013 Vinyl&#8221; est une ligne exceptionnelle de rev\u00eatements muraux en vinyle avec impression en relief pour donner un aspect lin ou toile. Ces superbes rev\u00eatements sont extr\u00eamement r\u00e9sistants et peuvent \u00eatre utilis\u00e9s dans des endroits tr\u00e8s humides ou des zones tr\u00e8s fr\u00e9quent\u00e9es.[\/vc_column_text][\/vc_column][\/vc_row][vc_row][vc_column][vc_raw_js]JTNDc2NyaXB0JTIwdHlwZSUzRCUyMnRleHQlMkZqYXZhc2NyaXB0JTIyJTNFJTIwdmFyJTIwc2VhcmNoVVJMJTIwJTNEJTIwJTIyc29ydCUzRERBVEUlMjZ1c2UlM0RXYWxsY292ZXJpbmclMjZjb2xsZWN0aW9uJTNEVmlueWwlMjBXYWxscGFwZXIlMjBDb2xsZWN0aW9uJTIwSSUyMiUzQiUyMCUzQyUyRnNjcmlwdCUzRSUwQQ==[\/vc_raw_js][\/vc_column][\/vc_row]<\/div>","protected":false},"excerpt":{"rendered":"[vc_row][vc_column][vc_column_text]&#8221;Threads Wallpaper Collection I \u2013 Vinyl&#8221; est une ligne exceptionnelle de rev\u00eatements muraux en vinyle avec impression en relief pour donner un aspect lin ou toile. Ces superbes rev\u00eatements sont extr\u00eamement r\u00e9sistants et peuvent \u00eatre utilis\u00e9s dans des endroits tr\u00e8s humides ou des zones tr\u00e8s fr\u00e9quent\u00e9es.[\/vc_column_text][\/vc_column][\/vc_row][vc_row][vc_column][vc_raw_js]JTNDc2NyaXB0JTIwdHlwZSUzRCUyMnRleHQlMkZqYXZhc2NyaXB0JTIyJTNFJTIwdmFyJTIwc2VhcmNoVVJMJTIwJTNEJTIwJTIyc29ydCUzRERBVEUlMjZ1c2UlM0RXYWxsY292ZXJpbmclMjZjb2xsZWN0aW9uJTNEVmlueWwlMjBXYWxscGFwZXIlMjBDb2xsZWN0aW9uJTIwSSUyMiUzQiUyMCUzQyUyRnNjcmlwdCUzRSUwQQ==[\/vc_raw_js][\/vc_column][\/vc_row]","protected":false},"author":6,"featured_media":7685,"parent":5289,"menu_order":1,"comment_status":"closed","ping_status":"closed","template":"template-collections.php","meta":{"footnotes":""},"class_list":["post-7840","page","type-page","status-publish","has-post-thumbnail","hentry","page_language-fr"],"yoast_head":"<!-- This site is optimized with the Yoast SEO plugin v26.8 - https:\/\/yoast.com\/product\/yoast-seo-wordpress\/ -->\n<title>Vinyle Wallpaper - G P &amp; J Baker<\/title>\n<meta name=\"description\" content=\"&quot;Threads Wallpaper Collection I \u2013 Vinyl&quot; est une ligne exceptionnelle de rev\u00eatements muraux en vinyle avec impression en relief pour donner un aspect lin ou toile. Ces superbes rev\u00eatements sont extr\u00eamement r\u00e9sistants et peuvent \u00eatre utilis\u00e9s dans des endroits tr\u00e8s humides ou des zones tr\u00e8s fr\u00e9quent\u00e9es.\" \/>\n<meta name=\"robots\" content=\"index, follow, max-snippet:-1, max-image-preview:large, max-video-preview:-1\" \/>\n<link rel=\"canonical\" href=\"https:\/\/www.gpjbaker.com\/fr\/marques\/threads\/vinyle-wallpaper\/\" \/>\n<meta property=\"og:locale\" content=\"fr_FR\" \/>\n<meta property=\"og:type\" content=\"article\" \/>\n<meta property=\"og:title\" content=\"Vinyle Wallpaper - G P &amp; J Baker\" \/>\n<meta property=\"og:description\" content=\"&quot;Threads Wallpaper Collection I \u2013 Vinyl&quot; est une ligne exceptionnelle de rev\u00eatements muraux en vinyle avec impression en relief pour donner un aspect lin ou toile. Ces superbes rev\u00eatements sont extr\u00eamement r\u00e9sistants et peuvent \u00eatre utilis\u00e9s dans des endroits tr\u00e8s humides ou des zones tr\u00e8s fr\u00e9quent\u00e9es.\" \/>\n<meta property=\"og:url\" content=\"https:\/\/www.gpjbaker.com\/fr\/marques\/threads\/vinyle-wallpaper\/\" \/>\n<meta property=\"og:site_name\" content=\"G P &amp; J Baker\" \/>\n<meta property=\"article:modified_time\" content=\"2025-09-08T19:41:02+00:00\" \/>\n<meta property=\"og:image\" content=\"https:\/\/www.gpjbaker.com\/wp-content\/uploads\/2018\/08\/Threads-Vinyl-Wallpaper-Collection-Thumb.jpg\" \/>\n\t<meta property=\"og:image:width\" content=\"400\" \/>\n\t<meta property=\"og:image:height\" content=\"255\" \/>\n\t<meta property=\"og:image:type\" content=\"image\/jpeg\" \/>\n<meta name=\"twitter:card\" content=\"summary_large_image\" \/>\n<meta name=\"twitter:label1\" content=\"Est. reading time\" \/>\n\t<meta name=\"twitter:data1\" content=\"1 minute\" \/>\n<script type=\"application\/ld+json\" class=\"yoast-schema-graph\">{\"@context\":\"https:\/\/schema.org\",\"@graph\":[{\"@type\":\"WebPage\",\"@id\":\"https:\/\/www.gpjbaker.com\/fr\/marques\/threads\/vinyle-wallpaper\/\",\"url\":\"https:\/\/www.gpjbaker.com\/fr\/marques\/threads\/vinyle-wallpaper\/\",\"name\":\"Vinyle Wallpaper - G P &amp; J Baker\",\"isPartOf\":{\"@id\":\"https:\/\/www.gpjbaker.com\/#website\"},\"primaryImageOfPage\":{\"@id\":\"https:\/\/www.gpjbaker.com\/fr\/marques\/threads\/vinyle-wallpaper\/#primaryimage\"},\"image\":{\"@id\":\"https:\/\/www.gpjbaker.com\/fr\/marques\/threads\/vinyle-wallpaper\/#primaryimage\"},\"thumbnailUrl\":\"https:\/\/www.gpjbaker.com\/wp-content\/uploads\/2018\/08\/Threads-Vinyl-Wallpaper-Collection-Thumb.jpg\",\"datePublished\":\"2018-09-17T14:01:50+00:00\",\"dateModified\":\"2025-09-08T19:41:02+00:00\",\"description\":\"\\\"Threads Wallpaper Collection I \u2013 Vinyl\\\" est une ligne exceptionnelle de rev\u00eatements muraux en vinyle avec impression en relief pour donner un aspect lin ou toile. Ces superbes rev\u00eatements sont extr\u00eamement r\u00e9sistants et peuvent \u00eatre utilis\u00e9s dans des endroits tr\u00e8s humides ou des zones tr\u00e8s fr\u00e9quent\u00e9es.\",\"breadcrumb\":{\"@id\":\"https:\/\/www.gpjbaker.com\/fr\/marques\/threads\/vinyle-wallpaper\/#breadcrumb\"},\"inLanguage\":\"fr-FR\",\"potentialAction\":[{\"@type\":\"ReadAction\",\"target\":[\"https:\/\/www.gpjbaker.com\/fr\/marques\/threads\/vinyle-wallpaper\/\"]}]},{\"@type\":\"ImageObject\",\"inLanguage\":\"fr-FR\",\"@id\":\"https:\/\/www.gpjbaker.com\/fr\/marques\/threads\/vinyle-wallpaper\/#primaryimage\",\"url\":\"https:\/\/www.gpjbaker.com\/wp-content\/uploads\/2018\/08\/Threads-Vinyl-Wallpaper-Collection-Thumb.jpg\",\"contentUrl\":\"https:\/\/www.gpjbaker.com\/wp-content\/uploads\/2018\/08\/Threads-Vinyl-Wallpaper-Collection-Thumb.jpg\",\"width\":400,\"height\":255,\"caption\":\"Une ligne exceptionnelle de rev\u00eatements muraux abstraits en vinyle avec un fini qui ressemble aux textures naturelles du lin et de la toile.\"},{\"@type\":\"BreadcrumbList\",\"@id\":\"https:\/\/www.gpjbaker.com\/fr\/marques\/threads\/vinyle-wallpaper\/#breadcrumb\",\"itemListElement\":[{\"@type\":\"ListItem\",\"position\":1,\"name\":\"Home\",\"item\":\"https:\/\/www.gpjbaker.com\/fr\/\"},{\"@type\":\"ListItem\",\"position\":2,\"name\":\"Marques\",\"item\":\"https:\/\/www.gpjbaker.com\/fr\/marques\/\"},{\"@type\":\"ListItem\",\"position\":3,\"name\":\"Threads\",\"item\":\"https:\/\/www.gpjbaker.com\/fr\/marques\/threads\/\"},{\"@type\":\"ListItem\",\"position\":4,\"name\":\"Vinyle Wallpaper\"}]},{\"@type\":\"WebSite\",\"@id\":\"https:\/\/www.gpjbaker.com\/#website\",\"url\":\"https:\/\/www.gpjbaker.com\/\",\"name\":\"G P &amp; J Baker\",\"description\":\"\",\"potentialAction\":[{\"@type\":\"SearchAction\",\"target\":{\"@type\":\"EntryPoint\",\"urlTemplate\":\"https:\/\/www.gpjbaker.com\/?s={search_term_string}\"},\"query-input\":{\"@type\":\"PropertyValueSpecification\",\"valueRequired\":true,\"valueName\":\"search_term_string\"}}],\"inLanguage\":\"fr-FR\"}]}<\/script>\n<!-- \/ Yoast SEO plugin. -->","yoast_head_json":{"title":"Vinyle Wallpaper - G P &amp; J Baker","description":"\"Threads Wallpaper Collection I \u2013 Vinyl\" est une ligne exceptionnelle de rev\u00eatements muraux en vinyle avec impression en relief pour donner un aspect lin ou toile. Ces superbes rev\u00eatements sont extr\u00eamement r\u00e9sistants et peuvent \u00eatre utilis\u00e9s dans des endroits tr\u00e8s humides ou des zones tr\u00e8s fr\u00e9quent\u00e9es.","robots":{"index":"index","follow":"follow","max-snippet":"max-snippet:-1","max-image-preview":"max-image-preview:large","max-video-preview":"max-video-preview:-1"},"canonical":"https:\/\/www.gpjbaker.com\/fr\/marques\/threads\/vinyle-wallpaper\/","og_locale":"fr_FR","og_type":"article","og_title":"Vinyle Wallpaper - G P &amp; J Baker","og_description":"\"Threads Wallpaper Collection I \u2013 Vinyl\" est une ligne exceptionnelle de rev\u00eatements muraux en vinyle avec impression en relief pour donner un aspect lin ou toile. Ces superbes rev\u00eatements sont extr\u00eamement r\u00e9sistants et peuvent \u00eatre utilis\u00e9s dans des endroits tr\u00e8s humides ou des zones tr\u00e8s fr\u00e9quent\u00e9es.","og_url":"https:\/\/www.gpjbaker.com\/fr\/marques\/threads\/vinyle-wallpaper\/","og_site_name":"G P &amp; J Baker","article_modified_time":"2025-09-08T19:41:02+00:00","og_image":[{"width":400,"height":255,"url":"https:\/\/www.gpjbaker.com\/wp-content\/uploads\/2018\/08\/Threads-Vinyl-Wallpaper-Collection-Thumb.jpg","type":"image\/jpeg"}],"twitter_card":"summary_large_image","twitter_misc":{"Est. reading time":"1 minute"},"schema":{"@context":"https:\/\/schema.org","@graph":[{"@type":"WebPage","@id":"https:\/\/www.gpjbaker.com\/fr\/marques\/threads\/vinyle-wallpaper\/","url":"https:\/\/www.gpjbaker.com\/fr\/marques\/threads\/vinyle-wallpaper\/","name":"Vinyle Wallpaper - G P &amp; J Baker","isPartOf":{"@id":"https:\/\/www.gpjbaker.com\/#website"},"primaryImageOfPage":{"@id":"https:\/\/www.gpjbaker.com\/fr\/marques\/threads\/vinyle-wallpaper\/#primaryimage"},"image":{"@id":"https:\/\/www.gpjbaker.com\/fr\/marques\/threads\/vinyle-wallpaper\/#primaryimage"},"thumbnailUrl":"https:\/\/www.gpjbaker.com\/wp-content\/uploads\/2018\/08\/Threads-Vinyl-Wallpaper-Collection-Thumb.jpg","datePublished":"2018-09-17T14:01:50+00:00","dateModified":"2025-09-08T19:41:02+00:00","description":"\"Threads Wallpaper Collection I \u2013 Vinyl\" est une ligne exceptionnelle de rev\u00eatements muraux en vinyle avec impression en relief pour donner un aspect lin ou toile. Ces superbes rev\u00eatements sont extr\u00eamement r\u00e9sistants et peuvent \u00eatre utilis\u00e9s dans des endroits tr\u00e8s humides ou des zones tr\u00e8s fr\u00e9quent\u00e9es.","breadcrumb":{"@id":"https:\/\/www.gpjbaker.com\/fr\/marques\/threads\/vinyle-wallpaper\/#breadcrumb"},"inLanguage":"fr-FR","potentialAction":[{"@type":"ReadAction","target":["https:\/\/www.gpjbaker.com\/fr\/marques\/threads\/vinyle-wallpaper\/"]}]},{"@type":"ImageObject","inLanguage":"fr-FR","@id":"https:\/\/www.gpjbaker.com\/fr\/marques\/threads\/vinyle-wallpaper\/#primaryimage","url":"https:\/\/www.gpjbaker.com\/wp-content\/uploads\/2018\/08\/Threads-Vinyl-Wallpaper-Collection-Thumb.jpg","contentUrl":"https:\/\/www.gpjbaker.com\/wp-content\/uploads\/2018\/08\/Threads-Vinyl-Wallpaper-Collection-Thumb.jpg","width":400,"height":255,"caption":"Une ligne exceptionnelle de rev\u00eatements muraux abstraits en vinyle avec un fini qui ressemble aux textures naturelles du lin et de la toile."},{"@type":"BreadcrumbList","@id":"https:\/\/www.gpjbaker.com\/fr\/marques\/threads\/vinyle-wallpaper\/#breadcrumb","itemListElement":[{"@type":"ListItem","position":1,"name":"Home","item":"https:\/\/www.gpjbaker.com\/fr\/"},{"@type":"ListItem","position":2,"name":"Marques","item":"https:\/\/www.gpjbaker.com\/fr\/marques\/"},{"@type":"ListItem","position":3,"name":"Threads","item":"https:\/\/www.gpjbaker.com\/fr\/marques\/threads\/"},{"@type":"ListItem","position":4,"name":"Vinyle Wallpaper"}]},{"@type":"WebSite","@id":"https:\/\/www.gpjbaker.com\/#website","url":"https:\/\/www.gpjbaker.com\/","name":"G P &amp; J Baker","description":"","potentialAction":[{"@type":"SearchAction","target":{"@type":"EntryPoint","urlTemplate":"https:\/\/www.gpjbaker.com\/?s={search_term_string}"},"query-input":{"@type":"PropertyValueSpecification","valueRequired":true,"valueName":"search_term_string"}}],"inLanguage":"fr-FR"}]}},"_links":{"self":[{"href":"https:\/\/www.gpjbaker.com\/fr\/wp-json\/wp\/v2\/pages\/7840","targetHints":{"allow":["GET"]}}],"collection":[{"href":"https:\/\/www.gpjbaker.com\/fr\/wp-json\/wp\/v2\/pages"}],"about":[{"href":"https:\/\/www.gpjbaker.com\/fr\/wp-json\/wp\/v2\/types\/page"}],"author":[{"embeddable":true,"href":"https:\/\/www.gpjbaker.com\/fr\/wp-json\/wp\/v2\/users\/6"}],"replies":[{"embeddable":true,"href":"https:\/\/www.gpjbaker.com\/fr\/wp-json\/wp\/v2\/comments?post=7840"}],"version-history":[{"count":4,"href":"https:\/\/www.gpjbaker.com\/fr\/wp-json\/wp\/v2\/pages\/7840\/revisions"}],"predecessor-version":[{"id":8479,"href":"https:\/\/www.gpjbaker.com\/fr\/wp-json\/wp\/v2\/pages\/7840\/revisions\/8479"}],"up":[{"embeddable":true,"href":"https:\/\/www.gpjbaker.com\/fr\/wp-json\/wp\/v2\/pages\/5289"}],"wp:featuredmedia":[{"embeddable":true,"href":"https:\/\/www.gpjbaker.com\/fr\/wp-json\/wp\/v2\/media\/7685"}],"wp:attachment":[{"href":"https:\/\/www.gpjbaker.com\/fr\/wp-json\/wp\/v2\/media?parent=7840"}],"curies":[{"name":"wp","href":"https:\/\/api.w.org\/{rel}","templated":true}]}}