{"id":7833,"date":"2018-09-14T10:29:54","date_gmt":"2018-09-14T15:29:54","guid":{"rendered":"https:\/\/www.gpjbaker.com\/?page_id=7833"},"modified":"2025-09-11T12:13:29","modified_gmt":"2025-09-11T17:13:29","slug":"keswick-embroideries","status":"publish","type":"page","link":"https:\/\/www.gpjbaker.com\/fr\/marques\/gp-j-baker\/keswick-embroideries\/","title":{"rendered":"Keswick Embroideries"},"content":{"rendered":"<div class=\"wpb-content-wrapper\">[vc_row][vc_column][vc_column_text css=&#8221;&#8221;]Renomm\u00e9 pour ses merveilleuses broderies, GP &amp; J Baker a ajout\u00e9 six nouveaux motifs \u00e0 son catalogue qui propose de classiques indiennes classiques Baker mais aussi Lillington ou encore Montacute, un \u00e9tonnant damas ogee. Des techniques tr\u00e8s nouvelles et une large palette de points ont \u00e9t\u00e9 utilis\u00e9s pour cr\u00e9er ces motifs contemporains si attractifs.\r\n\r\n<script type=\"text\/javascript\"> var searchURL = \"sort=DATE&use=Multipurpose,Upholstery,Curtains&collection=Keswick Embroideries\";<\/script>[\/vc_column_text][\/vc_column][\/vc_row]<\/div>","protected":false},"excerpt":{"rendered":"[vc_row][vc_column][vc_column_text css=&#8221;&#8221;]Renomm\u00e9 pour ses merveilleuses broderies, GP &amp; J Baker a ajout\u00e9 six nouveaux motifs \u00e0 son catalogue qui propose de classiques indiennes classiques Baker mais aussi Lillington ou encore Montacute, un \u00e9tonnant damas ogee. Des techniques tr\u00e8s nouvelles et une large palette de points ont \u00e9t\u00e9 utilis\u00e9s pour cr\u00e9er ces motifs contemporains si attractifs&#8230;. <a class=\"view-article\" href=\"https:\/\/www.gpjbaker.com\/fr\/marques\/gp-j-baker\/keswick-embroideries\/\">Voir l&#8217;article<\/a>","protected":false},"author":6,"featured_media":7733,"parent":4605,"menu_order":2,"comment_status":"closed","ping_status":"closed","template":"template-collections.php","meta":{"footnotes":""},"class_list":["post-7833","page","type-page","status-publish","has-post-thumbnail","hentry","page_language-fr"],"yoast_head":"<!-- This site is optimized with the Yoast SEO plugin v26.8 - https:\/\/yoast.com\/product\/yoast-seo-wordpress\/ -->\n<title>Keswick Embroideries - G P &amp; J Baker<\/title>\n<meta name=\"description\" content=\"Renomm\u00e9 pour ses merveilleuses broderies, GP &amp; J Baker a ajout\u00e9 six nouveaux motifs \u00e0 son catalogue\" \/>\n<meta name=\"robots\" content=\"index, follow, max-snippet:-1, max-image-preview:large, max-video-preview:-1\" \/>\n<link rel=\"canonical\" href=\"https:\/\/www.gpjbaker.com\/fr\/marques\/gp-j-baker\/keswick-embroideries\/\" \/>\n<meta property=\"og:locale\" content=\"fr_FR\" \/>\n<meta property=\"og:type\" content=\"article\" \/>\n<meta property=\"og:title\" content=\"Keswick Embroideries - G P &amp; J Baker\" \/>\n<meta property=\"og:description\" content=\"Renomm\u00e9 pour ses merveilleuses broderies, GP &amp; J Baker a ajout\u00e9 six nouveaux motifs \u00e0 son catalogue\" \/>\n<meta property=\"og:url\" content=\"https:\/\/www.gpjbaker.com\/fr\/marques\/gp-j-baker\/keswick-embroideries\/\" \/>\n<meta property=\"og:site_name\" content=\"G P &amp; J Baker\" \/>\n<meta property=\"article:modified_time\" content=\"2025-09-11T17:13:29+00:00\" \/>\n<meta property=\"og:image\" content=\"https:\/\/www.gpjbaker.com\/wp-content\/uploads\/2018\/08\/Keswick-Embroderies-Collection-thumb.jpg\" \/>\n\t<meta property=\"og:image:width\" content=\"400\" \/>\n\t<meta property=\"og:image:height\" content=\"255\" \/>\n\t<meta property=\"og:image:type\" content=\"image\/jpeg\" \/>\n<meta name=\"twitter:card\" content=\"summary_large_image\" \/>\n<meta name=\"twitter:label1\" content=\"Est. reading time\" \/>\n\t<meta name=\"twitter:data1\" content=\"1 minute\" \/>\n<script type=\"application\/ld+json\" class=\"yoast-schema-graph\">{\"@context\":\"https:\/\/schema.org\",\"@graph\":[{\"@type\":\"WebPage\",\"@id\":\"https:\/\/www.gpjbaker.com\/fr\/marques\/gp-j-baker\/keswick-embroideries\/\",\"url\":\"https:\/\/www.gpjbaker.com\/fr\/marques\/gp-j-baker\/keswick-embroideries\/\",\"name\":\"Keswick Embroideries - G P &amp; J Baker\",\"isPartOf\":{\"@id\":\"https:\/\/www.gpjbaker.com\/#website\"},\"primaryImageOfPage\":{\"@id\":\"https:\/\/www.gpjbaker.com\/fr\/marques\/gp-j-baker\/keswick-embroideries\/#primaryimage\"},\"image\":{\"@id\":\"https:\/\/www.gpjbaker.com\/fr\/marques\/gp-j-baker\/keswick-embroideries\/#primaryimage\"},\"thumbnailUrl\":\"https:\/\/www.gpjbaker.com\/wp-content\/uploads\/2018\/08\/Keswick-Embroderies-Collection-thumb.jpg\",\"datePublished\":\"2018-09-14T15:29:54+00:00\",\"dateModified\":\"2025-09-11T17:13:29+00:00\",\"description\":\"Renomm\u00e9 pour ses merveilleuses broderies, GP & J Baker a ajout\u00e9 six nouveaux motifs \u00e0 son catalogue\",\"breadcrumb\":{\"@id\":\"https:\/\/www.gpjbaker.com\/fr\/marques\/gp-j-baker\/keswick-embroideries\/#breadcrumb\"},\"inLanguage\":\"fr-FR\",\"potentialAction\":[{\"@type\":\"ReadAction\",\"target\":[\"https:\/\/www.gpjbaker.com\/fr\/marques\/gp-j-baker\/keswick-embroideries\/\"]}]},{\"@type\":\"ImageObject\",\"inLanguage\":\"fr-FR\",\"@id\":\"https:\/\/www.gpjbaker.com\/fr\/marques\/gp-j-baker\/keswick-embroideries\/#primaryimage\",\"url\":\"https:\/\/www.gpjbaker.com\/wp-content\/uploads\/2018\/08\/Keswick-Embroderies-Collection-thumb.jpg\",\"contentUrl\":\"https:\/\/www.gpjbaker.com\/wp-content\/uploads\/2018\/08\/Keswick-Embroderies-Collection-thumb.jpg\",\"width\":400,\"height\":255,\"caption\":\"Renomm\u00e9 pour ses merveilleuses broderies, GP &amp; J Baker a ajout\u00e9 six nouveaux motifs \u00e0 son catalogue.\"},{\"@type\":\"BreadcrumbList\",\"@id\":\"https:\/\/www.gpjbaker.com\/fr\/marques\/gp-j-baker\/keswick-embroideries\/#breadcrumb\",\"itemListElement\":[{\"@type\":\"ListItem\",\"position\":1,\"name\":\"Home\",\"item\":\"https:\/\/www.gpjbaker.com\/fr\/\"},{\"@type\":\"ListItem\",\"position\":2,\"name\":\"Marques\",\"item\":\"https:\/\/www.gpjbaker.com\/fr\/marques\/\"},{\"@type\":\"ListItem\",\"position\":3,\"name\":\"GP &#038; J Baker\",\"item\":\"https:\/\/www.gpjbaker.com\/fr\/marques\/gp-j-baker\/\"},{\"@type\":\"ListItem\",\"position\":4,\"name\":\"Keswick Embroideries\"}]},{\"@type\":\"WebSite\",\"@id\":\"https:\/\/www.gpjbaker.com\/#website\",\"url\":\"https:\/\/www.gpjbaker.com\/\",\"name\":\"G P &amp; J Baker\",\"description\":\"\",\"potentialAction\":[{\"@type\":\"SearchAction\",\"target\":{\"@type\":\"EntryPoint\",\"urlTemplate\":\"https:\/\/www.gpjbaker.com\/?s={search_term_string}\"},\"query-input\":{\"@type\":\"PropertyValueSpecification\",\"valueRequired\":true,\"valueName\":\"search_term_string\"}}],\"inLanguage\":\"fr-FR\"}]}<\/script>\n<!-- \/ Yoast SEO plugin. -->","yoast_head_json":{"title":"Keswick Embroideries - G P &amp; J Baker","description":"Renomm\u00e9 pour ses merveilleuses broderies, GP & J Baker a ajout\u00e9 six nouveaux motifs \u00e0 son catalogue","robots":{"index":"index","follow":"follow","max-snippet":"max-snippet:-1","max-image-preview":"max-image-preview:large","max-video-preview":"max-video-preview:-1"},"canonical":"https:\/\/www.gpjbaker.com\/fr\/marques\/gp-j-baker\/keswick-embroideries\/","og_locale":"fr_FR","og_type":"article","og_title":"Keswick Embroideries - G P &amp; J Baker","og_description":"Renomm\u00e9 pour ses merveilleuses broderies, GP & J Baker a ajout\u00e9 six nouveaux motifs \u00e0 son catalogue","og_url":"https:\/\/www.gpjbaker.com\/fr\/marques\/gp-j-baker\/keswick-embroideries\/","og_site_name":"G P &amp; J Baker","article_modified_time":"2025-09-11T17:13:29+00:00","og_image":[{"width":400,"height":255,"url":"https:\/\/www.gpjbaker.com\/wp-content\/uploads\/2018\/08\/Keswick-Embroderies-Collection-thumb.jpg","type":"image\/jpeg"}],"twitter_card":"summary_large_image","twitter_misc":{"Est. reading time":"1 minute"},"schema":{"@context":"https:\/\/schema.org","@graph":[{"@type":"WebPage","@id":"https:\/\/www.gpjbaker.com\/fr\/marques\/gp-j-baker\/keswick-embroideries\/","url":"https:\/\/www.gpjbaker.com\/fr\/marques\/gp-j-baker\/keswick-embroideries\/","name":"Keswick Embroideries - G P &amp; J Baker","isPartOf":{"@id":"https:\/\/www.gpjbaker.com\/#website"},"primaryImageOfPage":{"@id":"https:\/\/www.gpjbaker.com\/fr\/marques\/gp-j-baker\/keswick-embroideries\/#primaryimage"},"image":{"@id":"https:\/\/www.gpjbaker.com\/fr\/marques\/gp-j-baker\/keswick-embroideries\/#primaryimage"},"thumbnailUrl":"https:\/\/www.gpjbaker.com\/wp-content\/uploads\/2018\/08\/Keswick-Embroderies-Collection-thumb.jpg","datePublished":"2018-09-14T15:29:54+00:00","dateModified":"2025-09-11T17:13:29+00:00","description":"Renomm\u00e9 pour ses merveilleuses broderies, GP & J Baker a ajout\u00e9 six nouveaux motifs \u00e0 son catalogue","breadcrumb":{"@id":"https:\/\/www.gpjbaker.com\/fr\/marques\/gp-j-baker\/keswick-embroideries\/#breadcrumb"},"inLanguage":"fr-FR","potentialAction":[{"@type":"ReadAction","target":["https:\/\/www.gpjbaker.com\/fr\/marques\/gp-j-baker\/keswick-embroideries\/"]}]},{"@type":"ImageObject","inLanguage":"fr-FR","@id":"https:\/\/www.gpjbaker.com\/fr\/marques\/gp-j-baker\/keswick-embroideries\/#primaryimage","url":"https:\/\/www.gpjbaker.com\/wp-content\/uploads\/2018\/08\/Keswick-Embroderies-Collection-thumb.jpg","contentUrl":"https:\/\/www.gpjbaker.com\/wp-content\/uploads\/2018\/08\/Keswick-Embroderies-Collection-thumb.jpg","width":400,"height":255,"caption":"Renomm\u00e9 pour ses merveilleuses broderies, GP &amp; J Baker a ajout\u00e9 six nouveaux motifs \u00e0 son catalogue."},{"@type":"BreadcrumbList","@id":"https:\/\/www.gpjbaker.com\/fr\/marques\/gp-j-baker\/keswick-embroideries\/#breadcrumb","itemListElement":[{"@type":"ListItem","position":1,"name":"Home","item":"https:\/\/www.gpjbaker.com\/fr\/"},{"@type":"ListItem","position":2,"name":"Marques","item":"https:\/\/www.gpjbaker.com\/fr\/marques\/"},{"@type":"ListItem","position":3,"name":"GP &#038; J Baker","item":"https:\/\/www.gpjbaker.com\/fr\/marques\/gp-j-baker\/"},{"@type":"ListItem","position":4,"name":"Keswick Embroideries"}]},{"@type":"WebSite","@id":"https:\/\/www.gpjbaker.com\/#website","url":"https:\/\/www.gpjbaker.com\/","name":"G P &amp; J Baker","description":"","potentialAction":[{"@type":"SearchAction","target":{"@type":"EntryPoint","urlTemplate":"https:\/\/www.gpjbaker.com\/?s={search_term_string}"},"query-input":{"@type":"PropertyValueSpecification","valueRequired":true,"valueName":"search_term_string"}}],"inLanguage":"fr-FR"}]}},"_links":{"self":[{"href":"https:\/\/www.gpjbaker.com\/fr\/wp-json\/wp\/v2\/pages\/7833","targetHints":{"allow":["GET"]}}],"collection":[{"href":"https:\/\/www.gpjbaker.com\/fr\/wp-json\/wp\/v2\/pages"}],"about":[{"href":"https:\/\/www.gpjbaker.com\/fr\/wp-json\/wp\/v2\/types\/page"}],"author":[{"embeddable":true,"href":"https:\/\/www.gpjbaker.com\/fr\/wp-json\/wp\/v2\/users\/6"}],"replies":[{"embeddable":true,"href":"https:\/\/www.gpjbaker.com\/fr\/wp-json\/wp\/v2\/comments?post=7833"}],"version-history":[{"count":3,"href":"https:\/\/www.gpjbaker.com\/fr\/wp-json\/wp\/v2\/pages\/7833\/revisions"}],"predecessor-version":[{"id":13238,"href":"https:\/\/www.gpjbaker.com\/fr\/wp-json\/wp\/v2\/pages\/7833\/revisions\/13238"}],"up":[{"embeddable":true,"href":"https:\/\/www.gpjbaker.com\/fr\/wp-json\/wp\/v2\/pages\/4605"}],"wp:featuredmedia":[{"embeddable":true,"href":"https:\/\/www.gpjbaker.com\/fr\/wp-json\/wp\/v2\/media\/7733"}],"wp:attachment":[{"href":"https:\/\/www.gpjbaker.com\/fr\/wp-json\/wp\/v2\/media?parent=7833"}],"curies":[{"name":"wp","href":"https:\/\/api.w.org\/{rel}","templated":true}]}}