{"id":7831,"date":"2018-09-14T10:44:28","date_gmt":"2018-09-14T15:44:28","guid":{"rendered":"https:\/\/www.gpjbaker.com\/?page_id=7831"},"modified":"2025-09-10T15:40:02","modified_gmt":"2025-09-10T20:40:02","slug":"coniston-velvet","status":"publish","type":"page","link":"https:\/\/www.gpjbaker.com\/fr\/marques\/gp-j-baker\/coniston-velvet\/","title":{"rendered":"Coniston Velvet"},"content":{"rendered":"<div class=\"wpb-content-wrapper\">[vc_row][vc_column][vc_column_text css=&#8221;&#8221;]\r\n\r\nLa collection Coniston propose un velours souple et chatoyant qui se d\u00e9cline en vingt-deux jolis coloris &#8211; des tonalit\u00e9s vives mais aussi d&#8217;\u00e9l\u00e9gantes teintes neutres. Extr\u00eamement robuste, ce velours intemporel apporte une merveilleuse touche \u00e0 tout int\u00e9rieur.\r\n\r\n<script type=\"text\/javascript\"> \r\nvar searchURL = \"sort=DATE&use=Multipurpose,Trim, Upholstery,Wallcovering,Curtains&collection=Coniston Velvet\"\r\n <\/script>[\/vc_column_text][\/vc_column][\/vc_row]<\/div>","protected":false},"excerpt":{"rendered":"[vc_row][vc_column][vc_column_text css=&#8221;&#8221;] La collection Coniston propose un velours souple et chatoyant qui se d\u00e9cline en vingt-deux jolis coloris &#8211; des tonalit\u00e9s vives mais aussi d&#8217;\u00e9l\u00e9gantes teintes neutres. Extr\u00eamement robuste, ce velours intemporel apporte une merveilleuse touche \u00e0 tout int\u00e9rieur. [\/vc_column_text][\/vc_column][\/vc_row]","protected":false},"author":6,"featured_media":7880,"parent":4605,"menu_order":4,"comment_status":"closed","ping_status":"closed","template":"template-collections.php","meta":{"footnotes":""},"class_list":["post-7831","page","type-page","status-publish","has-post-thumbnail","hentry","page_language-fr"],"yoast_head":"<!-- This site is optimized with the Yoast SEO plugin v26.8 - https:\/\/yoast.com\/product\/yoast-seo-wordpress\/ -->\n<title>Coniston Velvet - G P &amp; J Baker<\/title>\n<meta name=\"robots\" content=\"index, follow, max-snippet:-1, max-image-preview:large, max-video-preview:-1\" \/>\n<link rel=\"canonical\" href=\"https:\/\/www.gpjbaker.com\/fr\/marques\/gp-j-baker\/coniston-velvet\/\" \/>\n<meta property=\"og:locale\" content=\"fr_FR\" \/>\n<meta property=\"og:type\" content=\"article\" \/>\n<meta property=\"og:title\" content=\"Coniston Velvet - G P &amp; J Baker\" \/>\n<meta property=\"og:description\" content=\"[vc_row][vc_column][vc_column_text css=&#8221;&#8221;] La collection Coniston propose un velours souple et chatoyant qui se d\u00e9cline en vingt-deux jolis coloris &#8211; des tonalit\u00e9s vives mais aussi d&#8217;\u00e9l\u00e9gantes teintes neutres. Extr\u00eamement robuste, ce velours intemporel apporte une merveilleuse touche \u00e0 tout int\u00e9rieur. [\/vc_column_text][\/vc_column][\/vc_row]\" \/>\n<meta property=\"og:url\" content=\"https:\/\/www.gpjbaker.com\/fr\/marques\/gp-j-baker\/coniston-velvet\/\" \/>\n<meta property=\"og:site_name\" content=\"G P &amp; J Baker\" \/>\n<meta property=\"article:modified_time\" content=\"2025-09-10T20:40:02+00:00\" \/>\n<meta property=\"og:image\" content=\"https:\/\/www.gpjbaker.com\/wp-content\/uploads\/2018\/09\/Coniston-Velvet-Collection-Thumb-FR.jpg\" \/>\n\t<meta property=\"og:image:width\" content=\"400\" \/>\n\t<meta property=\"og:image:height\" content=\"255\" \/>\n\t<meta property=\"og:image:type\" content=\"image\/jpeg\" \/>\n<meta name=\"twitter:card\" content=\"summary_large_image\" \/>\n<meta name=\"twitter:label1\" content=\"Est. reading time\" \/>\n\t<meta name=\"twitter:data1\" content=\"1 minute\" \/>\n<script type=\"application\/ld+json\" class=\"yoast-schema-graph\">{\"@context\":\"https:\/\/schema.org\",\"@graph\":[{\"@type\":\"WebPage\",\"@id\":\"https:\/\/www.gpjbaker.com\/fr\/marques\/gp-j-baker\/coniston-velvet\/\",\"url\":\"https:\/\/www.gpjbaker.com\/fr\/marques\/gp-j-baker\/coniston-velvet\/\",\"name\":\"Coniston Velvet - G P &amp; J Baker\",\"isPartOf\":{\"@id\":\"https:\/\/www.gpjbaker.com\/#website\"},\"primaryImageOfPage\":{\"@id\":\"https:\/\/www.gpjbaker.com\/fr\/marques\/gp-j-baker\/coniston-velvet\/#primaryimage\"},\"image\":{\"@id\":\"https:\/\/www.gpjbaker.com\/fr\/marques\/gp-j-baker\/coniston-velvet\/#primaryimage\"},\"thumbnailUrl\":\"https:\/\/www.gpjbaker.com\/wp-content\/uploads\/2018\/09\/Coniston-Velvet-Collection-Thumb-FR.jpg\",\"datePublished\":\"2018-09-14T15:44:28+00:00\",\"dateModified\":\"2025-09-10T20:40:02+00:00\",\"breadcrumb\":{\"@id\":\"https:\/\/www.gpjbaker.com\/fr\/marques\/gp-j-baker\/coniston-velvet\/#breadcrumb\"},\"inLanguage\":\"fr-FR\",\"potentialAction\":[{\"@type\":\"ReadAction\",\"target\":[\"https:\/\/www.gpjbaker.com\/fr\/marques\/gp-j-baker\/coniston-velvet\/\"]}]},{\"@type\":\"ImageObject\",\"inLanguage\":\"fr-FR\",\"@id\":\"https:\/\/www.gpjbaker.com\/fr\/marques\/gp-j-baker\/coniston-velvet\/#primaryimage\",\"url\":\"https:\/\/www.gpjbaker.com\/wp-content\/uploads\/2018\/09\/Coniston-Velvet-Collection-Thumb-FR.jpg\",\"contentUrl\":\"https:\/\/www.gpjbaker.com\/wp-content\/uploads\/2018\/09\/Coniston-Velvet-Collection-Thumb-FR.jpg\",\"width\":400,\"height\":255,\"caption\":\"La collection Coniston propose un velours souple et chatoyant qui se d\u00e9cline en vingt-deux jolis coloris - des tonalit\u00e9s vives mais aussi d'\u00e9l\u00e9gantes teintes neutres.\"},{\"@type\":\"BreadcrumbList\",\"@id\":\"https:\/\/www.gpjbaker.com\/fr\/marques\/gp-j-baker\/coniston-velvet\/#breadcrumb\",\"itemListElement\":[{\"@type\":\"ListItem\",\"position\":1,\"name\":\"Home\",\"item\":\"https:\/\/www.gpjbaker.com\/fr\/\"},{\"@type\":\"ListItem\",\"position\":2,\"name\":\"Marques\",\"item\":\"https:\/\/www.gpjbaker.com\/fr\/marques\/\"},{\"@type\":\"ListItem\",\"position\":3,\"name\":\"GP &#038; J Baker\",\"item\":\"https:\/\/www.gpjbaker.com\/fr\/marques\/gp-j-baker\/\"},{\"@type\":\"ListItem\",\"position\":4,\"name\":\"Coniston Velvet\"}]},{\"@type\":\"WebSite\",\"@id\":\"https:\/\/www.gpjbaker.com\/#website\",\"url\":\"https:\/\/www.gpjbaker.com\/\",\"name\":\"G P &amp; J Baker\",\"description\":\"\",\"potentialAction\":[{\"@type\":\"SearchAction\",\"target\":{\"@type\":\"EntryPoint\",\"urlTemplate\":\"https:\/\/www.gpjbaker.com\/?s={search_term_string}\"},\"query-input\":{\"@type\":\"PropertyValueSpecification\",\"valueRequired\":true,\"valueName\":\"search_term_string\"}}],\"inLanguage\":\"fr-FR\"}]}<\/script>\n<!-- \/ Yoast SEO plugin. -->","yoast_head_json":{"title":"Coniston Velvet - G P &amp; J Baker","robots":{"index":"index","follow":"follow","max-snippet":"max-snippet:-1","max-image-preview":"max-image-preview:large","max-video-preview":"max-video-preview:-1"},"canonical":"https:\/\/www.gpjbaker.com\/fr\/marques\/gp-j-baker\/coniston-velvet\/","og_locale":"fr_FR","og_type":"article","og_title":"Coniston Velvet - G P &amp; J Baker","og_description":"[vc_row][vc_column][vc_column_text css=&#8221;&#8221;] La collection Coniston propose un velours souple et chatoyant qui se d\u00e9cline en vingt-deux jolis coloris &#8211; des tonalit\u00e9s vives mais aussi d&#8217;\u00e9l\u00e9gantes teintes neutres. Extr\u00eamement robuste, ce velours intemporel apporte une merveilleuse touche \u00e0 tout int\u00e9rieur. [\/vc_column_text][\/vc_column][\/vc_row]","og_url":"https:\/\/www.gpjbaker.com\/fr\/marques\/gp-j-baker\/coniston-velvet\/","og_site_name":"G P &amp; J Baker","article_modified_time":"2025-09-10T20:40:02+00:00","og_image":[{"width":400,"height":255,"url":"https:\/\/www.gpjbaker.com\/wp-content\/uploads\/2018\/09\/Coniston-Velvet-Collection-Thumb-FR.jpg","type":"image\/jpeg"}],"twitter_card":"summary_large_image","twitter_misc":{"Est. reading time":"1 minute"},"schema":{"@context":"https:\/\/schema.org","@graph":[{"@type":"WebPage","@id":"https:\/\/www.gpjbaker.com\/fr\/marques\/gp-j-baker\/coniston-velvet\/","url":"https:\/\/www.gpjbaker.com\/fr\/marques\/gp-j-baker\/coniston-velvet\/","name":"Coniston Velvet - G P &amp; J Baker","isPartOf":{"@id":"https:\/\/www.gpjbaker.com\/#website"},"primaryImageOfPage":{"@id":"https:\/\/www.gpjbaker.com\/fr\/marques\/gp-j-baker\/coniston-velvet\/#primaryimage"},"image":{"@id":"https:\/\/www.gpjbaker.com\/fr\/marques\/gp-j-baker\/coniston-velvet\/#primaryimage"},"thumbnailUrl":"https:\/\/www.gpjbaker.com\/wp-content\/uploads\/2018\/09\/Coniston-Velvet-Collection-Thumb-FR.jpg","datePublished":"2018-09-14T15:44:28+00:00","dateModified":"2025-09-10T20:40:02+00:00","breadcrumb":{"@id":"https:\/\/www.gpjbaker.com\/fr\/marques\/gp-j-baker\/coniston-velvet\/#breadcrumb"},"inLanguage":"fr-FR","potentialAction":[{"@type":"ReadAction","target":["https:\/\/www.gpjbaker.com\/fr\/marques\/gp-j-baker\/coniston-velvet\/"]}]},{"@type":"ImageObject","inLanguage":"fr-FR","@id":"https:\/\/www.gpjbaker.com\/fr\/marques\/gp-j-baker\/coniston-velvet\/#primaryimage","url":"https:\/\/www.gpjbaker.com\/wp-content\/uploads\/2018\/09\/Coniston-Velvet-Collection-Thumb-FR.jpg","contentUrl":"https:\/\/www.gpjbaker.com\/wp-content\/uploads\/2018\/09\/Coniston-Velvet-Collection-Thumb-FR.jpg","width":400,"height":255,"caption":"La collection Coniston propose un velours souple et chatoyant qui se d\u00e9cline en vingt-deux jolis coloris - des tonalit\u00e9s vives mais aussi d'\u00e9l\u00e9gantes teintes neutres."},{"@type":"BreadcrumbList","@id":"https:\/\/www.gpjbaker.com\/fr\/marques\/gp-j-baker\/coniston-velvet\/#breadcrumb","itemListElement":[{"@type":"ListItem","position":1,"name":"Home","item":"https:\/\/www.gpjbaker.com\/fr\/"},{"@type":"ListItem","position":2,"name":"Marques","item":"https:\/\/www.gpjbaker.com\/fr\/marques\/"},{"@type":"ListItem","position":3,"name":"GP &#038; J Baker","item":"https:\/\/www.gpjbaker.com\/fr\/marques\/gp-j-baker\/"},{"@type":"ListItem","position":4,"name":"Coniston Velvet"}]},{"@type":"WebSite","@id":"https:\/\/www.gpjbaker.com\/#website","url":"https:\/\/www.gpjbaker.com\/","name":"G P &amp; J Baker","description":"","potentialAction":[{"@type":"SearchAction","target":{"@type":"EntryPoint","urlTemplate":"https:\/\/www.gpjbaker.com\/?s={search_term_string}"},"query-input":{"@type":"PropertyValueSpecification","valueRequired":true,"valueName":"search_term_string"}}],"inLanguage":"fr-FR"}]}},"_links":{"self":[{"href":"https:\/\/www.gpjbaker.com\/fr\/wp-json\/wp\/v2\/pages\/7831","targetHints":{"allow":["GET"]}}],"collection":[{"href":"https:\/\/www.gpjbaker.com\/fr\/wp-json\/wp\/v2\/pages"}],"about":[{"href":"https:\/\/www.gpjbaker.com\/fr\/wp-json\/wp\/v2\/types\/page"}],"author":[{"embeddable":true,"href":"https:\/\/www.gpjbaker.com\/fr\/wp-json\/wp\/v2\/users\/6"}],"replies":[{"embeddable":true,"href":"https:\/\/www.gpjbaker.com\/fr\/wp-json\/wp\/v2\/comments?post=7831"}],"version-history":[{"count":3,"href":"https:\/\/www.gpjbaker.com\/fr\/wp-json\/wp\/v2\/pages\/7831\/revisions"}],"predecessor-version":[{"id":13170,"href":"https:\/\/www.gpjbaker.com\/fr\/wp-json\/wp\/v2\/pages\/7831\/revisions\/13170"}],"up":[{"embeddable":true,"href":"https:\/\/www.gpjbaker.com\/fr\/wp-json\/wp\/v2\/pages\/4605"}],"wp:featuredmedia":[{"embeddable":true,"href":"https:\/\/www.gpjbaker.com\/fr\/wp-json\/wp\/v2\/media\/7880"}],"wp:attachment":[{"href":"https:\/\/www.gpjbaker.com\/fr\/wp-json\/wp\/v2\/media?parent=7831"}],"curies":[{"name":"wp","href":"https:\/\/api.w.org\/{rel}","templated":true}]}}