{"id":7423,"date":"2018-02-07T10:47:56","date_gmt":"2018-02-07T15:47:56","guid":{"rendered":"https:\/\/www.gpjbaker.com\/?page_id=7423"},"modified":"2025-09-08T14:40:25","modified_gmt":"2025-09-08T19:40:25","slug":"barbara-barrys-panorama","status":"publish","type":"page","link":"https:\/\/www.gpjbaker.com\/fr\/marques\/kravet\/barbara-barrys-panorama\/","title":{"rendered":"Barbara Barry&#8217;s Panorama"},"content":{"rendered":"<div class=\"wpb-content-wrapper\">[vc_row full_width=&#8221;1&#8243;][vc_column][vc_column_text]\r\n<div>Avec PANORAMA, \u00e0 l&#8217;instar de la plupart de ses collections, Barbara, Californienne d&#8217;origine, s&#8217;est inspir\u00e9e de la nature, et du paysage californien en particulier. Cette collection propose un vaste choix de tissus, rev\u00eatements muraux et rev\u00eatements de sols, dans des tonalit\u00e9s feutr\u00e9es et des motifs graphiques.\u00a0\u201cPANORAMA est une collection plus d\u00e9contract\u00e9e parce que je le suis davantage aujourd&#8217;hui,\u201d ajoute Barry .\u00a0Cet \u00e9tat d&#8217;esprit se refl\u00e8te dans ses broderies modernes, ses frais motifs et ses imprim\u00e9s en lin. La qu\u00eate perp\u00e9tuelle d&#8217;originalit\u00e9 de Barry fait partager \u00e0 Kravet son univers si exceptionnel.<\/div>\r\n[\/vc_column_text][vc_raw_js]JTNDc2NyaXB0JTIwdHlwZSUzRCUyMnRleHQlMkZqYXZhc2NyaXB0JTIyJTNFJTIwJTBBJTBBdmFyJTIwc2VhcmNoVVJMJTIwJTNEJTIwJTIyc29ydCUzRERBVEUlMjZ1c2UlM0RNdWx0aXB1cnBvc2UlMkNVcGhvbHN0ZXJ5JTJDQ3VydGFpbnMlMjZjb2xsZWN0aW9uJTNEQmFyYmFyYSUyMEJhcnJ5JTIwUGFub3JhbWElMjIlM0IlMEElMEElM0MlMkZzY3JpcHQlM0U=[\/vc_raw_js][\/vc_column][\/vc_row]<\/div>","protected":false},"excerpt":{"rendered":"[vc_row full_width=&#8221;1&#8243;][vc_column][vc_column_text] Avec PANORAMA, \u00e0 l&#8217;instar de la plupart de ses collections, Barbara, Californienne d&#8217;origine, s&#8217;est inspir\u00e9e de la nature, et du paysage californien en particulier. Cette collection propose un vaste choix de tissus, rev\u00eatements muraux et rev\u00eatements de sols, dans des tonalit\u00e9s feutr\u00e9es et des motifs graphiques.\u00a0\u201cPANORAMA est une collection plus d\u00e9contract\u00e9e parce que&#8230; <a class=\"view-article\" href=\"https:\/\/www.gpjbaker.com\/fr\/marques\/kravet\/barbara-barrys-panorama\/\">Voir l&#8217;article<\/a>","protected":false},"author":6,"featured_media":7338,"parent":5291,"menu_order":2,"comment_status":"closed","ping_status":"closed","template":"template-collections.php","meta":{"footnotes":""},"class_list":["post-7423","page","type-page","status-publish","has-post-thumbnail","hentry","page_language-fr"],"yoast_head":"<!-- This site is optimized with the Yoast SEO plugin v26.8 - https:\/\/yoast.com\/product\/yoast-seo-wordpress\/ -->\n<title>Barbara Barry&#039;s Panorama - G P &amp; J Baker<\/title>\n<meta name=\"robots\" content=\"index, follow, max-snippet:-1, max-image-preview:large, max-video-preview:-1\" \/>\n<link rel=\"canonical\" href=\"https:\/\/www.gpjbaker.com\/fr\/marques\/kravet\/barbara-barrys-panorama\/\" \/>\n<meta property=\"og:locale\" content=\"fr_FR\" \/>\n<meta property=\"og:type\" content=\"article\" \/>\n<meta property=\"og:title\" content=\"Barbara Barry&#039;s Panorama - G P &amp; J Baker\" \/>\n<meta property=\"og:description\" content=\"[vc_row full_width=&#8221;1&#8243;][vc_column][vc_column_text] Avec PANORAMA, \u00e0 l&#8217;instar de la plupart de ses collections, Barbara, Californienne d&#8217;origine, s&#8217;est inspir\u00e9e de la nature, et du paysage californien en particulier. Cette collection propose un vaste choix de tissus, rev\u00eatements muraux et rev\u00eatements de sols, dans des tonalit\u00e9s feutr\u00e9es et des motifs graphiques.\u00a0\u201cPANORAMA est une collection plus d\u00e9contract\u00e9e parce que... Voir l&#039;article\" \/>\n<meta property=\"og:url\" content=\"https:\/\/www.gpjbaker.com\/fr\/marques\/kravet\/barbara-barrys-panorama\/\" \/>\n<meta property=\"og:site_name\" content=\"G P &amp; J Baker\" \/>\n<meta property=\"article:modified_time\" content=\"2025-09-08T19:40:25+00:00\" \/>\n<meta property=\"og:image\" content=\"https:\/\/www.gpjbaker.com\/wp-content\/uploads\/2018\/01\/panorama-thumb.jpg\" \/>\n\t<meta property=\"og:image:width\" content=\"500\" \/>\n\t<meta property=\"og:image:height\" content=\"325\" \/>\n\t<meta property=\"og:image:type\" content=\"image\/jpeg\" \/>\n<meta name=\"twitter:card\" content=\"summary_large_image\" \/>\n<meta name=\"twitter:label1\" content=\"Est. reading time\" \/>\n\t<meta name=\"twitter:data1\" content=\"1 minute\" \/>\n<script type=\"application\/ld+json\" class=\"yoast-schema-graph\">{\"@context\":\"https:\/\/schema.org\",\"@graph\":[{\"@type\":\"WebPage\",\"@id\":\"https:\/\/www.gpjbaker.com\/fr\/marques\/kravet\/barbara-barrys-panorama\/\",\"url\":\"https:\/\/www.gpjbaker.com\/fr\/marques\/kravet\/barbara-barrys-panorama\/\",\"name\":\"Barbara Barry's Panorama - G P &amp; J Baker\",\"isPartOf\":{\"@id\":\"https:\/\/www.gpjbaker.com\/#website\"},\"primaryImageOfPage\":{\"@id\":\"https:\/\/www.gpjbaker.com\/fr\/marques\/kravet\/barbara-barrys-panorama\/#primaryimage\"},\"image\":{\"@id\":\"https:\/\/www.gpjbaker.com\/fr\/marques\/kravet\/barbara-barrys-panorama\/#primaryimage\"},\"thumbnailUrl\":\"https:\/\/www.gpjbaker.com\/wp-content\/uploads\/2018\/01\/panorama-thumb.jpg\",\"datePublished\":\"2018-02-07T15:47:56+00:00\",\"dateModified\":\"2025-09-08T19:40:25+00:00\",\"breadcrumb\":{\"@id\":\"https:\/\/www.gpjbaker.com\/fr\/marques\/kravet\/barbara-barrys-panorama\/#breadcrumb\"},\"inLanguage\":\"fr-FR\",\"potentialAction\":[{\"@type\":\"ReadAction\",\"target\":[\"https:\/\/www.gpjbaker.com\/fr\/marques\/kravet\/barbara-barrys-panorama\/\"]}]},{\"@type\":\"ImageObject\",\"inLanguage\":\"fr-FR\",\"@id\":\"https:\/\/www.gpjbaker.com\/fr\/marques\/kravet\/barbara-barrys-panorama\/#primaryimage\",\"url\":\"https:\/\/www.gpjbaker.com\/wp-content\/uploads\/2018\/01\/panorama-thumb.jpg\",\"contentUrl\":\"https:\/\/www.gpjbaker.com\/wp-content\/uploads\/2018\/01\/panorama-thumb.jpg\",\"width\":500,\"height\":325,\"caption\":\"PANORAMA, une collection plus d\u00e9contract\u00e9e que les pr\u00e9c\u00e9dentes, et qui se d\u00e9cline en tonalit\u00e9s feutr\u00e9es et motifs graphiques\"},{\"@type\":\"BreadcrumbList\",\"@id\":\"https:\/\/www.gpjbaker.com\/fr\/marques\/kravet\/barbara-barrys-panorama\/#breadcrumb\",\"itemListElement\":[{\"@type\":\"ListItem\",\"position\":1,\"name\":\"Home\",\"item\":\"https:\/\/www.gpjbaker.com\/fr\/\"},{\"@type\":\"ListItem\",\"position\":2,\"name\":\"Marques\",\"item\":\"https:\/\/www.gpjbaker.com\/fr\/marques\/\"},{\"@type\":\"ListItem\",\"position\":3,\"name\":\"Kravet\",\"item\":\"https:\/\/www.gpjbaker.com\/fr\/marques\/kravet\/\"},{\"@type\":\"ListItem\",\"position\":4,\"name\":\"Barbara Barry&#8217;s Panorama\"}]},{\"@type\":\"WebSite\",\"@id\":\"https:\/\/www.gpjbaker.com\/#website\",\"url\":\"https:\/\/www.gpjbaker.com\/\",\"name\":\"G P &amp; J Baker\",\"description\":\"\",\"potentialAction\":[{\"@type\":\"SearchAction\",\"target\":{\"@type\":\"EntryPoint\",\"urlTemplate\":\"https:\/\/www.gpjbaker.com\/?s={search_term_string}\"},\"query-input\":{\"@type\":\"PropertyValueSpecification\",\"valueRequired\":true,\"valueName\":\"search_term_string\"}}],\"inLanguage\":\"fr-FR\"}]}<\/script>\n<!-- \/ Yoast SEO plugin. -->","yoast_head_json":{"title":"Barbara Barry's Panorama - G P &amp; J Baker","robots":{"index":"index","follow":"follow","max-snippet":"max-snippet:-1","max-image-preview":"max-image-preview:large","max-video-preview":"max-video-preview:-1"},"canonical":"https:\/\/www.gpjbaker.com\/fr\/marques\/kravet\/barbara-barrys-panorama\/","og_locale":"fr_FR","og_type":"article","og_title":"Barbara Barry's Panorama - G P &amp; J Baker","og_description":"[vc_row full_width=&#8221;1&#8243;][vc_column][vc_column_text] Avec PANORAMA, \u00e0 l&#8217;instar de la plupart de ses collections, Barbara, Californienne d&#8217;origine, s&#8217;est inspir\u00e9e de la nature, et du paysage californien en particulier. Cette collection propose un vaste choix de tissus, rev\u00eatements muraux et rev\u00eatements de sols, dans des tonalit\u00e9s feutr\u00e9es et des motifs graphiques.\u00a0\u201cPANORAMA est une collection plus d\u00e9contract\u00e9e parce que... Voir l'article","og_url":"https:\/\/www.gpjbaker.com\/fr\/marques\/kravet\/barbara-barrys-panorama\/","og_site_name":"G P &amp; J Baker","article_modified_time":"2025-09-08T19:40:25+00:00","og_image":[{"width":500,"height":325,"url":"https:\/\/www.gpjbaker.com\/wp-content\/uploads\/2018\/01\/panorama-thumb.jpg","type":"image\/jpeg"}],"twitter_card":"summary_large_image","twitter_misc":{"Est. reading time":"1 minute"},"schema":{"@context":"https:\/\/schema.org","@graph":[{"@type":"WebPage","@id":"https:\/\/www.gpjbaker.com\/fr\/marques\/kravet\/barbara-barrys-panorama\/","url":"https:\/\/www.gpjbaker.com\/fr\/marques\/kravet\/barbara-barrys-panorama\/","name":"Barbara Barry's Panorama - G P &amp; J Baker","isPartOf":{"@id":"https:\/\/www.gpjbaker.com\/#website"},"primaryImageOfPage":{"@id":"https:\/\/www.gpjbaker.com\/fr\/marques\/kravet\/barbara-barrys-panorama\/#primaryimage"},"image":{"@id":"https:\/\/www.gpjbaker.com\/fr\/marques\/kravet\/barbara-barrys-panorama\/#primaryimage"},"thumbnailUrl":"https:\/\/www.gpjbaker.com\/wp-content\/uploads\/2018\/01\/panorama-thumb.jpg","datePublished":"2018-02-07T15:47:56+00:00","dateModified":"2025-09-08T19:40:25+00:00","breadcrumb":{"@id":"https:\/\/www.gpjbaker.com\/fr\/marques\/kravet\/barbara-barrys-panorama\/#breadcrumb"},"inLanguage":"fr-FR","potentialAction":[{"@type":"ReadAction","target":["https:\/\/www.gpjbaker.com\/fr\/marques\/kravet\/barbara-barrys-panorama\/"]}]},{"@type":"ImageObject","inLanguage":"fr-FR","@id":"https:\/\/www.gpjbaker.com\/fr\/marques\/kravet\/barbara-barrys-panorama\/#primaryimage","url":"https:\/\/www.gpjbaker.com\/wp-content\/uploads\/2018\/01\/panorama-thumb.jpg","contentUrl":"https:\/\/www.gpjbaker.com\/wp-content\/uploads\/2018\/01\/panorama-thumb.jpg","width":500,"height":325,"caption":"PANORAMA, une collection plus d\u00e9contract\u00e9e que les pr\u00e9c\u00e9dentes, et qui se d\u00e9cline en tonalit\u00e9s feutr\u00e9es et motifs graphiques"},{"@type":"BreadcrumbList","@id":"https:\/\/www.gpjbaker.com\/fr\/marques\/kravet\/barbara-barrys-panorama\/#breadcrumb","itemListElement":[{"@type":"ListItem","position":1,"name":"Home","item":"https:\/\/www.gpjbaker.com\/fr\/"},{"@type":"ListItem","position":2,"name":"Marques","item":"https:\/\/www.gpjbaker.com\/fr\/marques\/"},{"@type":"ListItem","position":3,"name":"Kravet","item":"https:\/\/www.gpjbaker.com\/fr\/marques\/kravet\/"},{"@type":"ListItem","position":4,"name":"Barbara Barry&#8217;s Panorama"}]},{"@type":"WebSite","@id":"https:\/\/www.gpjbaker.com\/#website","url":"https:\/\/www.gpjbaker.com\/","name":"G P &amp; J Baker","description":"","potentialAction":[{"@type":"SearchAction","target":{"@type":"EntryPoint","urlTemplate":"https:\/\/www.gpjbaker.com\/?s={search_term_string}"},"query-input":{"@type":"PropertyValueSpecification","valueRequired":true,"valueName":"search_term_string"}}],"inLanguage":"fr-FR"}]}},"_links":{"self":[{"href":"https:\/\/www.gpjbaker.com\/fr\/wp-json\/wp\/v2\/pages\/7423","targetHints":{"allow":["GET"]}}],"collection":[{"href":"https:\/\/www.gpjbaker.com\/fr\/wp-json\/wp\/v2\/pages"}],"about":[{"href":"https:\/\/www.gpjbaker.com\/fr\/wp-json\/wp\/v2\/types\/page"}],"author":[{"embeddable":true,"href":"https:\/\/www.gpjbaker.com\/fr\/wp-json\/wp\/v2\/users\/6"}],"replies":[{"embeddable":true,"href":"https:\/\/www.gpjbaker.com\/fr\/wp-json\/wp\/v2\/comments?post=7423"}],"version-history":[{"count":3,"href":"https:\/\/www.gpjbaker.com\/fr\/wp-json\/wp\/v2\/pages\/7423\/revisions"}],"predecessor-version":[{"id":8164,"href":"https:\/\/www.gpjbaker.com\/fr\/wp-json\/wp\/v2\/pages\/7423\/revisions\/8164"}],"up":[{"embeddable":true,"href":"https:\/\/www.gpjbaker.com\/fr\/wp-json\/wp\/v2\/pages\/5291"}],"wp:featuredmedia":[{"embeddable":true,"href":"https:\/\/www.gpjbaker.com\/fr\/wp-json\/wp\/v2\/media\/7338"}],"wp:attachment":[{"href":"https:\/\/www.gpjbaker.com\/fr\/wp-json\/wp\/v2\/media?parent=7423"}],"curies":[{"name":"wp","href":"https:\/\/api.w.org\/{rel}","templated":true}]}}