{"id":7421,"date":"2018-02-07T10:45:44","date_gmt":"2018-02-07T15:45:44","guid":{"rendered":"https:\/\/www.gpjbaker.com\/?page_id=7421"},"modified":"2025-09-08T14:40:28","modified_gmt":"2025-09-08T19:40:28","slug":"thom-filicias-altitude","status":"publish","type":"page","link":"https:\/\/www.gpjbaker.com\/fr\/marques\/kravet\/thom-filicias-altitude\/","title":{"rendered":"Thom Filicia&#8217;s Altitude"},"content":{"rendered":"<div class=\"wpb-content-wrapper\">[vc_row full_width=&#8221;1&#8243;][vc_column][vc_column_text]D\u00e9corateur d\u2019int\u00e9rieur, Thom Filicia jouit d\u2019une r\u00e9putation mondiale pour ses d\u00e9corations \u00e0 la fois contemporaines et classiques, \u00e0 l\u2019esth\u00e9tisme chaleureux. Sa collection pour Kravet, au chic si am\u00e9ricain, se d\u00e9cline en tissus d&#8217;ameublement, passementerie, rev\u00eatements muraux et textiles pour tentures.[\/vc_column_text][vc_raw_js]JTNDc2NyaXB0JTIwdHlwZSUzRCUyMnRleHQlMkZqYXZhc2NyaXB0JTIyJTNFJTIwJTBBJTBBdmFyJTIwc2VhcmNoVVJMJTIwJTNEJTIwJTIyc29ydCUzRERBVEUlMjZ1c2UlM0RNdWx0aXB1cnBvc2UlMkNVcGhvbHN0ZXJ5JTJDQ3VydGFpbnMlMjZjb2xsZWN0aW9uJTNEVGhvbSUyMEZpbGljaWElMjBBbHRpdHVkZSUyMiUzQiUwQSUwQSUzQyUyRnNjcmlwdCUzRQ==[\/vc_raw_js][\/vc_column][\/vc_row]<\/div>","protected":false},"excerpt":{"rendered":"[vc_row full_width=&#8221;1&#8243;][vc_column][vc_column_text]D\u00e9corateur d\u2019int\u00e9rieur, Thom Filicia jouit d\u2019une r\u00e9putation mondiale pour ses d\u00e9corations \u00e0 la fois contemporaines et classiques, \u00e0 l\u2019esth\u00e9tisme chaleureux. Sa collection pour Kravet, au chic si am\u00e9ricain, se d\u00e9cline en tissus d&#8217;ameublement, passementerie, rev\u00eatements muraux et textiles pour tentures.[\/vc_column_text][vc_raw_js]JTNDc2NyaXB0JTIwdHlwZSUzRCUyMnRleHQlMkZqYXZhc2NyaXB0JTIyJTNFJTIwJTBBJTBBdmFyJTIwc2VhcmNoVVJMJTIwJTNEJTIwJTIyc29ydCUzRERBVEUlMjZ1c2UlM0RNdWx0aXB1cnBvc2UlMkNVcGhvbHN0ZXJ5JTJDQ3VydGFpbnMlMjZjb2xsZWN0aW9uJTNEVGhvbSUyMEZpbGljaWElMjBBbHRpdHVkZSUyMiUzQiUwQSUwQSUzQyUyRnNjcmlwdCUzRQ==[\/vc_raw_js][\/vc_column][\/vc_row]","protected":false},"author":6,"featured_media":7340,"parent":5291,"menu_order":2,"comment_status":"closed","ping_status":"closed","template":"template-collections.php","meta":{"footnotes":""},"class_list":["post-7421","page","type-page","status-publish","has-post-thumbnail","hentry","page_language-fr"],"yoast_head":"<!-- This site is optimized with the Yoast SEO plugin v26.8 - https:\/\/yoast.com\/product\/yoast-seo-wordpress\/ -->\n<title>Thom Filicia&#039;s Altitude - G P &amp; J Baker<\/title>\n<meta name=\"robots\" content=\"index, follow, max-snippet:-1, max-image-preview:large, max-video-preview:-1\" \/>\n<link rel=\"canonical\" href=\"https:\/\/www.gpjbaker.com\/fr\/marques\/kravet\/thom-filicias-altitude\/\" \/>\n<meta property=\"og:locale\" content=\"fr_FR\" \/>\n<meta property=\"og:type\" content=\"article\" \/>\n<meta property=\"og:title\" content=\"Thom Filicia&#039;s Altitude - G P &amp; J Baker\" \/>\n<meta property=\"og:description\" content=\"[vc_row full_width=&#8221;1&#8243;][vc_column][vc_column_text]D\u00e9corateur d\u2019int\u00e9rieur, Thom Filicia jouit d\u2019une r\u00e9putation mondiale pour ses d\u00e9corations \u00e0 la fois contemporaines et classiques, \u00e0 l\u2019esth\u00e9tisme chaleureux. Sa collection pour Kravet, au chic si am\u00e9ricain, se d\u00e9cline en tissus d&#8217;ameublement, passementerie, rev\u00eatements muraux et textiles pour tentures.[\/vc_column_text][vc_raw_js]JTNDc2NyaXB0JTIwdHlwZSUzRCUyMnRleHQlMkZqYXZhc2NyaXB0JTIyJTNFJTIwJTBBJTBBdmFyJTIwc2VhcmNoVVJMJTIwJTNEJTIwJTIyc29ydCUzRERBVEUlMjZ1c2UlM0RNdWx0aXB1cnBvc2UlMkNVcGhvbHN0ZXJ5JTJDQ3VydGFpbnMlMjZjb2xsZWN0aW9uJTNEVGhvbSUyMEZpbGljaWElMjBBbHRpdHVkZSUyMiUzQiUwQSUwQSUzQyUyRnNjcmlwdCUzRQ==[\/vc_raw_js][\/vc_column][\/vc_row]\" \/>\n<meta property=\"og:url\" content=\"https:\/\/www.gpjbaker.com\/fr\/marques\/kravet\/thom-filicias-altitude\/\" \/>\n<meta property=\"og:site_name\" content=\"G P &amp; J Baker\" \/>\n<meta property=\"article:modified_time\" content=\"2025-09-08T19:40:28+00:00\" \/>\n<meta property=\"og:image\" content=\"https:\/\/www.gpjbaker.com\/wp-content\/uploads\/2018\/01\/thom-filicia-thumb.jpg\" \/>\n\t<meta property=\"og:image:width\" content=\"500\" \/>\n\t<meta property=\"og:image:height\" content=\"325\" \/>\n\t<meta property=\"og:image:type\" content=\"image\/jpeg\" \/>\n<meta name=\"twitter:card\" content=\"summary_large_image\" \/>\n<script type=\"application\/ld+json\" class=\"yoast-schema-graph\">{\"@context\":\"https:\/\/schema.org\",\"@graph\":[{\"@type\":\"WebPage\",\"@id\":\"https:\/\/www.gpjbaker.com\/fr\/marques\/kravet\/thom-filicias-altitude\/\",\"url\":\"https:\/\/www.gpjbaker.com\/fr\/marques\/kravet\/thom-filicias-altitude\/\",\"name\":\"Thom Filicia's Altitude - G P &amp; J Baker\",\"isPartOf\":{\"@id\":\"https:\/\/www.gpjbaker.com\/#website\"},\"primaryImageOfPage\":{\"@id\":\"https:\/\/www.gpjbaker.com\/fr\/marques\/kravet\/thom-filicias-altitude\/#primaryimage\"},\"image\":{\"@id\":\"https:\/\/www.gpjbaker.com\/fr\/marques\/kravet\/thom-filicias-altitude\/#primaryimage\"},\"thumbnailUrl\":\"https:\/\/www.gpjbaker.com\/wp-content\/uploads\/2018\/01\/thom-filicia-thumb.jpg\",\"datePublished\":\"2018-02-07T15:45:44+00:00\",\"dateModified\":\"2025-09-08T19:40:28+00:00\",\"breadcrumb\":{\"@id\":\"https:\/\/www.gpjbaker.com\/fr\/marques\/kravet\/thom-filicias-altitude\/#breadcrumb\"},\"inLanguage\":\"fr-FR\",\"potentialAction\":[{\"@type\":\"ReadAction\",\"target\":[\"https:\/\/www.gpjbaker.com\/fr\/marques\/kravet\/thom-filicias-altitude\/\"]}]},{\"@type\":\"ImageObject\",\"inLanguage\":\"fr-FR\",\"@id\":\"https:\/\/www.gpjbaker.com\/fr\/marques\/kravet\/thom-filicias-altitude\/#primaryimage\",\"url\":\"https:\/\/www.gpjbaker.com\/wp-content\/uploads\/2018\/01\/thom-filicia-thumb.jpg\",\"contentUrl\":\"https:\/\/www.gpjbaker.com\/wp-content\/uploads\/2018\/01\/thom-filicia-thumb.jpg\",\"width\":500,\"height\":325,\"caption\":\"Pour des int\u00e9rieurs r\u00e9solument contemporains mais aussi classiques, \u00e0 l\u2019esth\u00e9tisme chaleureux\"},{\"@type\":\"BreadcrumbList\",\"@id\":\"https:\/\/www.gpjbaker.com\/fr\/marques\/kravet\/thom-filicias-altitude\/#breadcrumb\",\"itemListElement\":[{\"@type\":\"ListItem\",\"position\":1,\"name\":\"Home\",\"item\":\"https:\/\/www.gpjbaker.com\/fr\/\"},{\"@type\":\"ListItem\",\"position\":2,\"name\":\"Marques\",\"item\":\"https:\/\/www.gpjbaker.com\/fr\/marques\/\"},{\"@type\":\"ListItem\",\"position\":3,\"name\":\"Kravet\",\"item\":\"https:\/\/www.gpjbaker.com\/fr\/marques\/kravet\/\"},{\"@type\":\"ListItem\",\"position\":4,\"name\":\"Thom Filicia&#8217;s Altitude\"}]},{\"@type\":\"WebSite\",\"@id\":\"https:\/\/www.gpjbaker.com\/#website\",\"url\":\"https:\/\/www.gpjbaker.com\/\",\"name\":\"G P &amp; J Baker\",\"description\":\"\",\"potentialAction\":[{\"@type\":\"SearchAction\",\"target\":{\"@type\":\"EntryPoint\",\"urlTemplate\":\"https:\/\/www.gpjbaker.com\/?s={search_term_string}\"},\"query-input\":{\"@type\":\"PropertyValueSpecification\",\"valueRequired\":true,\"valueName\":\"search_term_string\"}}],\"inLanguage\":\"fr-FR\"}]}<\/script>\n<!-- \/ Yoast SEO plugin. -->","yoast_head_json":{"title":"Thom Filicia's Altitude - G P &amp; J Baker","robots":{"index":"index","follow":"follow","max-snippet":"max-snippet:-1","max-image-preview":"max-image-preview:large","max-video-preview":"max-video-preview:-1"},"canonical":"https:\/\/www.gpjbaker.com\/fr\/marques\/kravet\/thom-filicias-altitude\/","og_locale":"fr_FR","og_type":"article","og_title":"Thom Filicia's Altitude - G P &amp; J Baker","og_description":"[vc_row full_width=&#8221;1&#8243;][vc_column][vc_column_text]D\u00e9corateur d\u2019int\u00e9rieur, Thom Filicia jouit d\u2019une r\u00e9putation mondiale pour ses d\u00e9corations \u00e0 la fois contemporaines et classiques, \u00e0 l\u2019esth\u00e9tisme chaleureux. Sa collection pour Kravet, au chic si am\u00e9ricain, se d\u00e9cline en tissus d&#8217;ameublement, passementerie, rev\u00eatements muraux et textiles pour tentures.[\/vc_column_text][vc_raw_js]JTNDc2NyaXB0JTIwdHlwZSUzRCUyMnRleHQlMkZqYXZhc2NyaXB0JTIyJTNFJTIwJTBBJTBBdmFyJTIwc2VhcmNoVVJMJTIwJTNEJTIwJTIyc29ydCUzRERBVEUlMjZ1c2UlM0RNdWx0aXB1cnBvc2UlMkNVcGhvbHN0ZXJ5JTJDQ3VydGFpbnMlMjZjb2xsZWN0aW9uJTNEVGhvbSUyMEZpbGljaWElMjBBbHRpdHVkZSUyMiUzQiUwQSUwQSUzQyUyRnNjcmlwdCUzRQ==[\/vc_raw_js][\/vc_column][\/vc_row]","og_url":"https:\/\/www.gpjbaker.com\/fr\/marques\/kravet\/thom-filicias-altitude\/","og_site_name":"G P &amp; J Baker","article_modified_time":"2025-09-08T19:40:28+00:00","og_image":[{"width":500,"height":325,"url":"https:\/\/www.gpjbaker.com\/wp-content\/uploads\/2018\/01\/thom-filicia-thumb.jpg","type":"image\/jpeg"}],"twitter_card":"summary_large_image","schema":{"@context":"https:\/\/schema.org","@graph":[{"@type":"WebPage","@id":"https:\/\/www.gpjbaker.com\/fr\/marques\/kravet\/thom-filicias-altitude\/","url":"https:\/\/www.gpjbaker.com\/fr\/marques\/kravet\/thom-filicias-altitude\/","name":"Thom Filicia's Altitude - G P &amp; J Baker","isPartOf":{"@id":"https:\/\/www.gpjbaker.com\/#website"},"primaryImageOfPage":{"@id":"https:\/\/www.gpjbaker.com\/fr\/marques\/kravet\/thom-filicias-altitude\/#primaryimage"},"image":{"@id":"https:\/\/www.gpjbaker.com\/fr\/marques\/kravet\/thom-filicias-altitude\/#primaryimage"},"thumbnailUrl":"https:\/\/www.gpjbaker.com\/wp-content\/uploads\/2018\/01\/thom-filicia-thumb.jpg","datePublished":"2018-02-07T15:45:44+00:00","dateModified":"2025-09-08T19:40:28+00:00","breadcrumb":{"@id":"https:\/\/www.gpjbaker.com\/fr\/marques\/kravet\/thom-filicias-altitude\/#breadcrumb"},"inLanguage":"fr-FR","potentialAction":[{"@type":"ReadAction","target":["https:\/\/www.gpjbaker.com\/fr\/marques\/kravet\/thom-filicias-altitude\/"]}]},{"@type":"ImageObject","inLanguage":"fr-FR","@id":"https:\/\/www.gpjbaker.com\/fr\/marques\/kravet\/thom-filicias-altitude\/#primaryimage","url":"https:\/\/www.gpjbaker.com\/wp-content\/uploads\/2018\/01\/thom-filicia-thumb.jpg","contentUrl":"https:\/\/www.gpjbaker.com\/wp-content\/uploads\/2018\/01\/thom-filicia-thumb.jpg","width":500,"height":325,"caption":"Pour des int\u00e9rieurs r\u00e9solument contemporains mais aussi classiques, \u00e0 l\u2019esth\u00e9tisme chaleureux"},{"@type":"BreadcrumbList","@id":"https:\/\/www.gpjbaker.com\/fr\/marques\/kravet\/thom-filicias-altitude\/#breadcrumb","itemListElement":[{"@type":"ListItem","position":1,"name":"Home","item":"https:\/\/www.gpjbaker.com\/fr\/"},{"@type":"ListItem","position":2,"name":"Marques","item":"https:\/\/www.gpjbaker.com\/fr\/marques\/"},{"@type":"ListItem","position":3,"name":"Kravet","item":"https:\/\/www.gpjbaker.com\/fr\/marques\/kravet\/"},{"@type":"ListItem","position":4,"name":"Thom Filicia&#8217;s Altitude"}]},{"@type":"WebSite","@id":"https:\/\/www.gpjbaker.com\/#website","url":"https:\/\/www.gpjbaker.com\/","name":"G P &amp; J Baker","description":"","potentialAction":[{"@type":"SearchAction","target":{"@type":"EntryPoint","urlTemplate":"https:\/\/www.gpjbaker.com\/?s={search_term_string}"},"query-input":{"@type":"PropertyValueSpecification","valueRequired":true,"valueName":"search_term_string"}}],"inLanguage":"fr-FR"}]}},"_links":{"self":[{"href":"https:\/\/www.gpjbaker.com\/fr\/wp-json\/wp\/v2\/pages\/7421","targetHints":{"allow":["GET"]}}],"collection":[{"href":"https:\/\/www.gpjbaker.com\/fr\/wp-json\/wp\/v2\/pages"}],"about":[{"href":"https:\/\/www.gpjbaker.com\/fr\/wp-json\/wp\/v2\/types\/page"}],"author":[{"embeddable":true,"href":"https:\/\/www.gpjbaker.com\/fr\/wp-json\/wp\/v2\/users\/6"}],"replies":[{"embeddable":true,"href":"https:\/\/www.gpjbaker.com\/fr\/wp-json\/wp\/v2\/comments?post=7421"}],"version-history":[{"count":2,"href":"https:\/\/www.gpjbaker.com\/fr\/wp-json\/wp\/v2\/pages\/7421\/revisions"}],"predecessor-version":[{"id":7425,"href":"https:\/\/www.gpjbaker.com\/fr\/wp-json\/wp\/v2\/pages\/7421\/revisions\/7425"}],"up":[{"embeddable":true,"href":"https:\/\/www.gpjbaker.com\/fr\/wp-json\/wp\/v2\/pages\/5291"}],"wp:featuredmedia":[{"embeddable":true,"href":"https:\/\/www.gpjbaker.com\/fr\/wp-json\/wp\/v2\/media\/7340"}],"wp:attachment":[{"href":"https:\/\/www.gpjbaker.com\/fr\/wp-json\/wp\/v2\/media?parent=7421"}],"curies":[{"name":"wp","href":"https:\/\/api.w.org\/{rel}","templated":true}]}}