{"id":7260,"date":"2017-10-05T08:44:02","date_gmt":"2017-10-05T13:44:02","guid":{"rendered":"https:\/\/www.gpjbaker.com\/marques\/gp-j-baker\/east-to-west\/"},"modified":"2025-09-11T12:29:32","modified_gmt":"2025-09-11T17:29:32","slug":"east-to-west","status":"publish","type":"page","link":"https:\/\/www.gpjbaker.com\/fr\/marques\/gp-j-baker\/east-to-west\/","title":{"rendered":"East to West"},"content":{"rendered":"<div class=\"wpb-content-wrapper\">[vc_row][vc_column][vc_column_text css=&#8221;&#8221;]GP &amp; J Baker a cr\u00e9\u00e9 cette magnifique collection en puisant son inspiration dans ses archives personnelles, si renomm\u00e9es, et qui comportent de v\u00e9ritables tr\u00e9sors en mati\u00e8re de textile.\u00a0 <strong>\u2018East to West\u2019<\/strong> est un hommage \u00e0 la constante fascination pour les richesses venant de l&#8217;orient et rapport\u00e9es par d&#8217;intr\u00e9pides commer\u00e7ants au cours des si\u00e8cles.\u00a0De magnifiques motifs floraux et de broderies ethniques, d&#8217;opulents damas et fascinants imprim\u00e9s Chinoiserie sont associ\u00e9s \u00e0 des lins vintage aux superbes coloris, des velours et des trames textur\u00e9es.\r\n\r\n<script type=\"text\/javascript\"> \r\nvar searchURL = \"sort=DATE&use=Multipurpose,Trim, Upholstery,Wallcovering,Curtains&collection=East To West\"\r\n <\/script>[\/vc_column_text][\/vc_column][\/vc_row]<\/div>","protected":false},"excerpt":{"rendered":"[vc_row][vc_column][vc_column_text css=&#8221;&#8221;]GP &amp; J Baker a cr\u00e9\u00e9 cette magnifique collection en puisant son inspiration dans ses archives personnelles, si renomm\u00e9es, et qui comportent de v\u00e9ritables tr\u00e9sors en mati\u00e8re de textile.\u00a0 \u2018East to West\u2019 est un hommage \u00e0 la constante fascination pour les richesses venant de l&#8217;orient et rapport\u00e9es par d&#8217;intr\u00e9pides commer\u00e7ants au cours des si\u00e8cles.\u00a0De&#8230; <a class=\"view-article\" href=\"https:\/\/www.gpjbaker.com\/fr\/marques\/gp-j-baker\/east-to-west\/\">Voir l&#8217;article<\/a>","protected":false},"author":6,"featured_media":7281,"parent":4605,"menu_order":3,"comment_status":"closed","ping_status":"closed","template":"template-collections.php","meta":{"footnotes":""},"class_list":["post-7260","page","type-page","status-publish","has-post-thumbnail","hentry","page_language-fr"],"yoast_head":"<!-- This site is optimized with the Yoast SEO plugin v26.8 - https:\/\/yoast.com\/product\/yoast-seo-wordpress\/ -->\n<title>East to West - G P &amp; J Baker<\/title>\n<meta name=\"robots\" content=\"index, follow, max-snippet:-1, max-image-preview:large, max-video-preview:-1\" \/>\n<link rel=\"canonical\" href=\"https:\/\/www.gpjbaker.com\/fr\/marques\/gp-j-baker\/east-to-west\/\" \/>\n<meta property=\"og:locale\" content=\"fr_FR\" \/>\n<meta property=\"og:type\" content=\"article\" \/>\n<meta property=\"og:title\" content=\"East to West - G P &amp; J Baker\" \/>\n<meta property=\"og:description\" content=\"[vc_row][vc_column][vc_column_text css=&#8221;&#8221;]GP &amp; J Baker a cr\u00e9\u00e9 cette magnifique collection en puisant son inspiration dans ses archives personnelles, si renomm\u00e9es, et qui comportent de v\u00e9ritables tr\u00e9sors en mati\u00e8re de textile.\u00a0 \u2018East to West\u2019 est un hommage \u00e0 la constante fascination pour les richesses venant de l&#8217;orient et rapport\u00e9es par d&#8217;intr\u00e9pides commer\u00e7ants au cours des si\u00e8cles.\u00a0De... Voir l&#039;article\" \/>\n<meta property=\"og:url\" content=\"https:\/\/www.gpjbaker.com\/fr\/marques\/gp-j-baker\/east-to-west\/\" \/>\n<meta property=\"og:site_name\" content=\"G P &amp; J Baker\" \/>\n<meta property=\"article:modified_time\" content=\"2025-09-11T17:29:32+00:00\" \/>\n<meta property=\"og:image\" content=\"https:\/\/www.gpjbaker.com\/wp-content\/uploads\/2017\/10\/BAKER-EAST-WEST-NEWCOLLECTION-THUMBNAIL-400X255-FR.jpg\" \/>\n\t<meta property=\"og:image:width\" content=\"400\" \/>\n\t<meta property=\"og:image:height\" content=\"255\" \/>\n\t<meta property=\"og:image:type\" content=\"image\/jpeg\" \/>\n<meta name=\"twitter:card\" content=\"summary_large_image\" \/>\n<meta name=\"twitter:label1\" content=\"Est. reading time\" \/>\n\t<meta name=\"twitter:data1\" content=\"1 minute\" \/>\n<script type=\"application\/ld+json\" class=\"yoast-schema-graph\">{\"@context\":\"https:\/\/schema.org\",\"@graph\":[{\"@type\":\"WebPage\",\"@id\":\"https:\/\/www.gpjbaker.com\/fr\/marques\/gp-j-baker\/east-to-west\/\",\"url\":\"https:\/\/www.gpjbaker.com\/fr\/marques\/gp-j-baker\/east-to-west\/\",\"name\":\"East to West - G P &amp; J Baker\",\"isPartOf\":{\"@id\":\"https:\/\/www.gpjbaker.com\/#website\"},\"primaryImageOfPage\":{\"@id\":\"https:\/\/www.gpjbaker.com\/fr\/marques\/gp-j-baker\/east-to-west\/#primaryimage\"},\"image\":{\"@id\":\"https:\/\/www.gpjbaker.com\/fr\/marques\/gp-j-baker\/east-to-west\/#primaryimage\"},\"thumbnailUrl\":\"https:\/\/www.gpjbaker.com\/wp-content\/uploads\/2017\/10\/BAKER-EAST-WEST-NEWCOLLECTION-THUMBNAIL-400X255-FR.jpg\",\"datePublished\":\"2017-10-05T13:44:02+00:00\",\"dateModified\":\"2025-09-11T17:29:32+00:00\",\"breadcrumb\":{\"@id\":\"https:\/\/www.gpjbaker.com\/fr\/marques\/gp-j-baker\/east-to-west\/#breadcrumb\"},\"inLanguage\":\"fr-FR\",\"potentialAction\":[{\"@type\":\"ReadAction\",\"target\":[\"https:\/\/www.gpjbaker.com\/fr\/marques\/gp-j-baker\/east-to-west\/\"]}]},{\"@type\":\"ImageObject\",\"inLanguage\":\"fr-FR\",\"@id\":\"https:\/\/www.gpjbaker.com\/fr\/marques\/gp-j-baker\/east-to-west\/#primaryimage\",\"url\":\"https:\/\/www.gpjbaker.com\/wp-content\/uploads\/2017\/10\/BAKER-EAST-WEST-NEWCOLLECTION-THUMBNAIL-400X255-FR.jpg\",\"contentUrl\":\"https:\/\/www.gpjbaker.com\/wp-content\/uploads\/2017\/10\/BAKER-EAST-WEST-NEWCOLLECTION-THUMBNAIL-400X255-FR.jpg\",\"width\":400,\"height\":255,\"caption\":\"\u2018East to West\u2019 est un hommage \u00e0 la constante fascination pour les richesses venant de l'orient et rapport\u00e9es par d'intr\u00e9pides commer\u00e7ants au cours des si\u00e8cles\"},{\"@type\":\"BreadcrumbList\",\"@id\":\"https:\/\/www.gpjbaker.com\/fr\/marques\/gp-j-baker\/east-to-west\/#breadcrumb\",\"itemListElement\":[{\"@type\":\"ListItem\",\"position\":1,\"name\":\"Home\",\"item\":\"https:\/\/www.gpjbaker.com\/fr\/\"},{\"@type\":\"ListItem\",\"position\":2,\"name\":\"Marques\",\"item\":\"https:\/\/www.gpjbaker.com\/fr\/marques\/\"},{\"@type\":\"ListItem\",\"position\":3,\"name\":\"GP &#038; J Baker\",\"item\":\"https:\/\/www.gpjbaker.com\/fr\/marques\/gp-j-baker\/\"},{\"@type\":\"ListItem\",\"position\":4,\"name\":\"East to West\"}]},{\"@type\":\"WebSite\",\"@id\":\"https:\/\/www.gpjbaker.com\/#website\",\"url\":\"https:\/\/www.gpjbaker.com\/\",\"name\":\"G P &amp; J Baker\",\"description\":\"\",\"potentialAction\":[{\"@type\":\"SearchAction\",\"target\":{\"@type\":\"EntryPoint\",\"urlTemplate\":\"https:\/\/www.gpjbaker.com\/?s={search_term_string}\"},\"query-input\":{\"@type\":\"PropertyValueSpecification\",\"valueRequired\":true,\"valueName\":\"search_term_string\"}}],\"inLanguage\":\"fr-FR\"}]}<\/script>\n<!-- \/ Yoast SEO plugin. -->","yoast_head_json":{"title":"East to West - G P &amp; J Baker","robots":{"index":"index","follow":"follow","max-snippet":"max-snippet:-1","max-image-preview":"max-image-preview:large","max-video-preview":"max-video-preview:-1"},"canonical":"https:\/\/www.gpjbaker.com\/fr\/marques\/gp-j-baker\/east-to-west\/","og_locale":"fr_FR","og_type":"article","og_title":"East to West - G P &amp; J Baker","og_description":"[vc_row][vc_column][vc_column_text css=&#8221;&#8221;]GP &amp; J Baker a cr\u00e9\u00e9 cette magnifique collection en puisant son inspiration dans ses archives personnelles, si renomm\u00e9es, et qui comportent de v\u00e9ritables tr\u00e9sors en mati\u00e8re de textile.\u00a0 \u2018East to West\u2019 est un hommage \u00e0 la constante fascination pour les richesses venant de l&#8217;orient et rapport\u00e9es par d&#8217;intr\u00e9pides commer\u00e7ants au cours des si\u00e8cles.\u00a0De... Voir l'article","og_url":"https:\/\/www.gpjbaker.com\/fr\/marques\/gp-j-baker\/east-to-west\/","og_site_name":"G P &amp; J Baker","article_modified_time":"2025-09-11T17:29:32+00:00","og_image":[{"width":400,"height":255,"url":"https:\/\/www.gpjbaker.com\/wp-content\/uploads\/2017\/10\/BAKER-EAST-WEST-NEWCOLLECTION-THUMBNAIL-400X255-FR.jpg","type":"image\/jpeg"}],"twitter_card":"summary_large_image","twitter_misc":{"Est. reading time":"1 minute"},"schema":{"@context":"https:\/\/schema.org","@graph":[{"@type":"WebPage","@id":"https:\/\/www.gpjbaker.com\/fr\/marques\/gp-j-baker\/east-to-west\/","url":"https:\/\/www.gpjbaker.com\/fr\/marques\/gp-j-baker\/east-to-west\/","name":"East to West - G P &amp; J Baker","isPartOf":{"@id":"https:\/\/www.gpjbaker.com\/#website"},"primaryImageOfPage":{"@id":"https:\/\/www.gpjbaker.com\/fr\/marques\/gp-j-baker\/east-to-west\/#primaryimage"},"image":{"@id":"https:\/\/www.gpjbaker.com\/fr\/marques\/gp-j-baker\/east-to-west\/#primaryimage"},"thumbnailUrl":"https:\/\/www.gpjbaker.com\/wp-content\/uploads\/2017\/10\/BAKER-EAST-WEST-NEWCOLLECTION-THUMBNAIL-400X255-FR.jpg","datePublished":"2017-10-05T13:44:02+00:00","dateModified":"2025-09-11T17:29:32+00:00","breadcrumb":{"@id":"https:\/\/www.gpjbaker.com\/fr\/marques\/gp-j-baker\/east-to-west\/#breadcrumb"},"inLanguage":"fr-FR","potentialAction":[{"@type":"ReadAction","target":["https:\/\/www.gpjbaker.com\/fr\/marques\/gp-j-baker\/east-to-west\/"]}]},{"@type":"ImageObject","inLanguage":"fr-FR","@id":"https:\/\/www.gpjbaker.com\/fr\/marques\/gp-j-baker\/east-to-west\/#primaryimage","url":"https:\/\/www.gpjbaker.com\/wp-content\/uploads\/2017\/10\/BAKER-EAST-WEST-NEWCOLLECTION-THUMBNAIL-400X255-FR.jpg","contentUrl":"https:\/\/www.gpjbaker.com\/wp-content\/uploads\/2017\/10\/BAKER-EAST-WEST-NEWCOLLECTION-THUMBNAIL-400X255-FR.jpg","width":400,"height":255,"caption":"\u2018East to West\u2019 est un hommage \u00e0 la constante fascination pour les richesses venant de l'orient et rapport\u00e9es par d'intr\u00e9pides commer\u00e7ants au cours des si\u00e8cles"},{"@type":"BreadcrumbList","@id":"https:\/\/www.gpjbaker.com\/fr\/marques\/gp-j-baker\/east-to-west\/#breadcrumb","itemListElement":[{"@type":"ListItem","position":1,"name":"Home","item":"https:\/\/www.gpjbaker.com\/fr\/"},{"@type":"ListItem","position":2,"name":"Marques","item":"https:\/\/www.gpjbaker.com\/fr\/marques\/"},{"@type":"ListItem","position":3,"name":"GP &#038; J Baker","item":"https:\/\/www.gpjbaker.com\/fr\/marques\/gp-j-baker\/"},{"@type":"ListItem","position":4,"name":"East to West"}]},{"@type":"WebSite","@id":"https:\/\/www.gpjbaker.com\/#website","url":"https:\/\/www.gpjbaker.com\/","name":"G P &amp; J Baker","description":"","potentialAction":[{"@type":"SearchAction","target":{"@type":"EntryPoint","urlTemplate":"https:\/\/www.gpjbaker.com\/?s={search_term_string}"},"query-input":{"@type":"PropertyValueSpecification","valueRequired":true,"valueName":"search_term_string"}}],"inLanguage":"fr-FR"}]}},"_links":{"self":[{"href":"https:\/\/www.gpjbaker.com\/fr\/wp-json\/wp\/v2\/pages\/7260","targetHints":{"allow":["GET"]}}],"collection":[{"href":"https:\/\/www.gpjbaker.com\/fr\/wp-json\/wp\/v2\/pages"}],"about":[{"href":"https:\/\/www.gpjbaker.com\/fr\/wp-json\/wp\/v2\/types\/page"}],"author":[{"embeddable":true,"href":"https:\/\/www.gpjbaker.com\/fr\/wp-json\/wp\/v2\/users\/6"}],"replies":[{"embeddable":true,"href":"https:\/\/www.gpjbaker.com\/fr\/wp-json\/wp\/v2\/comments?post=7260"}],"version-history":[{"count":5,"href":"https:\/\/www.gpjbaker.com\/fr\/wp-json\/wp\/v2\/pages\/7260\/revisions"}],"predecessor-version":[{"id":7295,"href":"https:\/\/www.gpjbaker.com\/fr\/wp-json\/wp\/v2\/pages\/7260\/revisions\/7295"}],"up":[{"embeddable":true,"href":"https:\/\/www.gpjbaker.com\/fr\/wp-json\/wp\/v2\/pages\/4605"}],"wp:featuredmedia":[{"embeddable":true,"href":"https:\/\/www.gpjbaker.com\/fr\/wp-json\/wp\/v2\/media\/7281"}],"wp:attachment":[{"href":"https:\/\/www.gpjbaker.com\/fr\/wp-json\/wp\/v2\/media?parent=7260"}],"curies":[{"name":"wp","href":"https:\/\/api.w.org\/{rel}","templated":true}]}}