{"id":7258,"date":"2017-10-05T08:43:00","date_gmt":"2017-10-05T13:43:00","guid":{"rendered":"https:\/\/www.gpjbaker.com\/marques\/gp-j-baker\/vintage-textures\/"},"modified":"2025-09-11T11:57:20","modified_gmt":"2025-09-11T16:57:20","slug":"vintage-textures","status":"publish","type":"page","link":"https:\/\/www.gpjbaker.com\/fr\/marques\/gp-j-baker\/vintage-textures\/","title":{"rendered":"Vintage Textures"},"content":{"rendered":"<div class=\"wpb-content-wrapper\">[vc_row][vc_column][vc_column_text]Ces merveilleux tissus aux diverses textures et motifs g\u00e9om\u00e9triques comprennent la robuste simplicit\u00e9 de <strong>\u2018Vintage Texture\u2019, \u2018Camina\u2019 <\/strong>et<strong> \u2018Malabar\u2019<\/strong> compl\u00e9t\u00e9 par <strong>\u2018Vintage Damask\u2019,<\/strong> plus raffin\u00e9, pour rappeler le charme des tapisseries anciennes, <strong>\u2018Adana\u2019<\/strong>, un beau tweed haute couture et \u2018<strong>Dara\u2019,<\/strong> au joli motif \u00e0 carreaux discontinus.\u00a0Ses coloris \u00e0 la fois doux et sophistiqu\u00e9s se marient \u00e0 la perfection avec la collection \u2018East to West\u2019, mais s&#8217;associent \u00e9galement tout aussi facilement aux autres collections de GP &amp; J Baker.[\/vc_column_text][\/vc_column][\/vc_row][vc_row][vc_column][vc_raw_js]JTNDc2NyaXB0JTIwdHlwZSUzRCUyMnRleHQlMkZqYXZhc2NyaXB0JTIyJTNFJTIwdmFyJTIwc2VhcmNoVVJMJTIwJTNEJTIwJTIyc29ydCUzRERBVEUlMjZ1c2UlM0RNdWx0aXB1cnBvc2UlMkNVcGhvbHN0ZXJ5JTJDQ3VydGFpbnMlMjZjb2xsZWN0aW9uJTNEVmludGFnZSUyMFRleHR1cmVzJTIyJTNCJTNDJTJGc2NyaXB0JTNF[\/vc_raw_js][\/vc_column][\/vc_row]<\/div>","protected":false},"excerpt":{"rendered":"[vc_row][vc_column][vc_column_text]Ces merveilleux tissus aux diverses textures et motifs g\u00e9om\u00e9triques comprennent la robuste simplicit\u00e9 de \u2018Vintage Texture\u2019, \u2018Camina\u2019 et \u2018Malabar\u2019 compl\u00e9t\u00e9 par \u2018Vintage Damask\u2019, plus raffin\u00e9, pour rappeler le charme des tapisseries anciennes, \u2018Adana\u2019, un beau tweed haute couture et \u2018Dara\u2019, au joli motif \u00e0 carreaux discontinus.\u00a0Ses coloris \u00e0 la fois doux et sophistiqu\u00e9s se marient&#8230; <a class=\"view-article\" href=\"https:\/\/www.gpjbaker.com\/fr\/marques\/gp-j-baker\/vintage-textures\/\">Voir l&#8217;article<\/a>","protected":false},"author":6,"featured_media":7283,"parent":4605,"menu_order":1,"comment_status":"closed","ping_status":"closed","template":"template-collections.php","meta":{"footnotes":""},"class_list":["post-7258","page","type-page","status-publish","has-post-thumbnail","hentry","page_language-fr"],"yoast_head":"<!-- This site is optimized with the Yoast SEO plugin v26.8 - https:\/\/yoast.com\/product\/yoast-seo-wordpress\/ -->\n<title>Vintage Textures - G P &amp; J Baker<\/title>\n<meta name=\"description\" content=\"Ces merveilleux tissus aux diverses textures et motifs g\u00e9om\u00e9triques comprennent la robuste simplicit\u00e9 de \u2018Vintage Texture\u2019, \u2018Camina\u2019 et \u2018Malabar\u2019 compl\u00e9t\u00e9 par \u2018Vintage Damask\u2019, plus raffin\u00e9, pour rappeler le charme des tapisseries anciennes, \u2018Adana\u2019, un beau tweed haute couture et \u2018Dara\u2019, au joli motif \u00e0 carreaux discontinus.\u00a0 Ses coloris \u00e0 la fois doux et sophistiqu\u00e9s se marient \u00e0 la perfection avec la collection \u2018East to West\u2019, mais s&#039;associent \u00e9galement tout aussi facilement aux autres collections de GP &amp; J Baker.\" \/>\n<meta name=\"robots\" content=\"index, follow, max-snippet:-1, max-image-preview:large, max-video-preview:-1\" \/>\n<link rel=\"canonical\" href=\"https:\/\/www.gpjbaker.com\/fr\/marques\/gp-j-baker\/vintage-textures\/\" \/>\n<meta property=\"og:locale\" content=\"fr_FR\" \/>\n<meta property=\"og:type\" content=\"article\" \/>\n<meta property=\"og:title\" content=\"Vintage Textures - G P &amp; J Baker\" \/>\n<meta property=\"og:description\" content=\"Ces merveilleux tissus aux diverses textures et motifs g\u00e9om\u00e9triques comprennent la robuste simplicit\u00e9 de \u2018Vintage Texture\u2019, \u2018Camina\u2019 et \u2018Malabar\u2019 compl\u00e9t\u00e9 par \u2018Vintage Damask\u2019, plus raffin\u00e9, pour rappeler le charme des tapisseries anciennes, \u2018Adana\u2019, un beau tweed haute couture et \u2018Dara\u2019, au joli motif \u00e0 carreaux discontinus.\u00a0 Ses coloris \u00e0 la fois doux et sophistiqu\u00e9s se marient \u00e0 la perfection avec la collection \u2018East to West\u2019, mais s&#039;associent \u00e9galement tout aussi facilement aux autres collections de GP &amp; J Baker.\" \/>\n<meta property=\"og:url\" content=\"https:\/\/www.gpjbaker.com\/fr\/marques\/gp-j-baker\/vintage-textures\/\" \/>\n<meta property=\"og:site_name\" content=\"G P &amp; J Baker\" \/>\n<meta property=\"article:modified_time\" content=\"2025-09-11T16:57:20+00:00\" \/>\n<meta property=\"og:image\" content=\"https:\/\/www.gpjbaker.com\/wp-content\/uploads\/2017\/10\/Vintage-Textures-Collection-Thumb-FR.jpg\" \/>\n\t<meta property=\"og:image:width\" content=\"400\" \/>\n\t<meta property=\"og:image:height\" content=\"255\" \/>\n\t<meta property=\"og:image:type\" content=\"image\/jpeg\" \/>\n<meta name=\"twitter:card\" content=\"summary_large_image\" \/>\n<meta name=\"twitter:label1\" content=\"Est. reading time\" \/>\n\t<meta name=\"twitter:data1\" content=\"1 minute\" \/>\n<script type=\"application\/ld+json\" class=\"yoast-schema-graph\">{\"@context\":\"https:\/\/schema.org\",\"@graph\":[{\"@type\":\"WebPage\",\"@id\":\"https:\/\/www.gpjbaker.com\/fr\/marques\/gp-j-baker\/vintage-textures\/\",\"url\":\"https:\/\/www.gpjbaker.com\/fr\/marques\/gp-j-baker\/vintage-textures\/\",\"name\":\"Vintage Textures - G P &amp; J Baker\",\"isPartOf\":{\"@id\":\"https:\/\/www.gpjbaker.com\/#website\"},\"primaryImageOfPage\":{\"@id\":\"https:\/\/www.gpjbaker.com\/fr\/marques\/gp-j-baker\/vintage-textures\/#primaryimage\"},\"image\":{\"@id\":\"https:\/\/www.gpjbaker.com\/fr\/marques\/gp-j-baker\/vintage-textures\/#primaryimage\"},\"thumbnailUrl\":\"https:\/\/www.gpjbaker.com\/wp-content\/uploads\/2017\/10\/Vintage-Textures-Collection-Thumb-FR.jpg\",\"datePublished\":\"2017-10-05T13:43:00+00:00\",\"dateModified\":\"2025-09-11T16:57:20+00:00\",\"description\":\"Ces merveilleux tissus aux diverses textures et motifs g\u00e9om\u00e9triques comprennent la robuste simplicit\u00e9 de \u2018Vintage Texture\u2019, \u2018Camina\u2019 et \u2018Malabar\u2019 compl\u00e9t\u00e9 par \u2018Vintage Damask\u2019, plus raffin\u00e9, pour rappeler le charme des tapisseries anciennes, \u2018Adana\u2019, un beau tweed haute couture et \u2018Dara\u2019, au joli motif \u00e0 carreaux discontinus.\u00a0 Ses coloris \u00e0 la fois doux et sophistiqu\u00e9s se marient \u00e0 la perfection avec la collection \u2018East to West\u2019, mais s'associent \u00e9galement tout aussi facilement aux autres collections de GP & J Baker.\",\"breadcrumb\":{\"@id\":\"https:\/\/www.gpjbaker.com\/fr\/marques\/gp-j-baker\/vintage-textures\/#breadcrumb\"},\"inLanguage\":\"fr-FR\",\"potentialAction\":[{\"@type\":\"ReadAction\",\"target\":[\"https:\/\/www.gpjbaker.com\/fr\/marques\/gp-j-baker\/vintage-textures\/\"]}]},{\"@type\":\"ImageObject\",\"inLanguage\":\"fr-FR\",\"@id\":\"https:\/\/www.gpjbaker.com\/fr\/marques\/gp-j-baker\/vintage-textures\/#primaryimage\",\"url\":\"https:\/\/www.gpjbaker.com\/wp-content\/uploads\/2017\/10\/Vintage-Textures-Collection-Thumb-FR.jpg\",\"contentUrl\":\"https:\/\/www.gpjbaker.com\/wp-content\/uploads\/2017\/10\/Vintage-Textures-Collection-Thumb-FR.jpg\",\"width\":400,\"height\":255,\"caption\":\"Ces merveilleux tissus aux diverses textures et motifs g\u00e9om\u00e9triques comprennent la robuste simplicit\u00e9 de \u2018Vintage Texture\u2019, \u2018Camina\u2019 et \u2018Malabar\u2019\"},{\"@type\":\"BreadcrumbList\",\"@id\":\"https:\/\/www.gpjbaker.com\/fr\/marques\/gp-j-baker\/vintage-textures\/#breadcrumb\",\"itemListElement\":[{\"@type\":\"ListItem\",\"position\":1,\"name\":\"Home\",\"item\":\"https:\/\/www.gpjbaker.com\/fr\/\"},{\"@type\":\"ListItem\",\"position\":2,\"name\":\"Marques\",\"item\":\"https:\/\/www.gpjbaker.com\/fr\/marques\/\"},{\"@type\":\"ListItem\",\"position\":3,\"name\":\"GP &#038; J Baker\",\"item\":\"https:\/\/www.gpjbaker.com\/fr\/marques\/gp-j-baker\/\"},{\"@type\":\"ListItem\",\"position\":4,\"name\":\"Vintage Textures\"}]},{\"@type\":\"WebSite\",\"@id\":\"https:\/\/www.gpjbaker.com\/#website\",\"url\":\"https:\/\/www.gpjbaker.com\/\",\"name\":\"G P &amp; J Baker\",\"description\":\"\",\"potentialAction\":[{\"@type\":\"SearchAction\",\"target\":{\"@type\":\"EntryPoint\",\"urlTemplate\":\"https:\/\/www.gpjbaker.com\/?s={search_term_string}\"},\"query-input\":{\"@type\":\"PropertyValueSpecification\",\"valueRequired\":true,\"valueName\":\"search_term_string\"}}],\"inLanguage\":\"fr-FR\"}]}<\/script>\n<!-- \/ Yoast SEO plugin. -->","yoast_head_json":{"title":"Vintage Textures - G P &amp; J Baker","description":"Ces merveilleux tissus aux diverses textures et motifs g\u00e9om\u00e9triques comprennent la robuste simplicit\u00e9 de \u2018Vintage Texture\u2019, \u2018Camina\u2019 et \u2018Malabar\u2019 compl\u00e9t\u00e9 par \u2018Vintage Damask\u2019, plus raffin\u00e9, pour rappeler le charme des tapisseries anciennes, \u2018Adana\u2019, un beau tweed haute couture et \u2018Dara\u2019, au joli motif \u00e0 carreaux discontinus.\u00a0 Ses coloris \u00e0 la fois doux et sophistiqu\u00e9s se marient \u00e0 la perfection avec la collection \u2018East to West\u2019, mais s'associent \u00e9galement tout aussi facilement aux autres collections de GP & J Baker.","robots":{"index":"index","follow":"follow","max-snippet":"max-snippet:-1","max-image-preview":"max-image-preview:large","max-video-preview":"max-video-preview:-1"},"canonical":"https:\/\/www.gpjbaker.com\/fr\/marques\/gp-j-baker\/vintage-textures\/","og_locale":"fr_FR","og_type":"article","og_title":"Vintage Textures - G P &amp; J Baker","og_description":"Ces merveilleux tissus aux diverses textures et motifs g\u00e9om\u00e9triques comprennent la robuste simplicit\u00e9 de \u2018Vintage Texture\u2019, \u2018Camina\u2019 et \u2018Malabar\u2019 compl\u00e9t\u00e9 par \u2018Vintage Damask\u2019, plus raffin\u00e9, pour rappeler le charme des tapisseries anciennes, \u2018Adana\u2019, un beau tweed haute couture et \u2018Dara\u2019, au joli motif \u00e0 carreaux discontinus.\u00a0 Ses coloris \u00e0 la fois doux et sophistiqu\u00e9s se marient \u00e0 la perfection avec la collection \u2018East to West\u2019, mais s'associent \u00e9galement tout aussi facilement aux autres collections de GP & J Baker.","og_url":"https:\/\/www.gpjbaker.com\/fr\/marques\/gp-j-baker\/vintage-textures\/","og_site_name":"G P &amp; J Baker","article_modified_time":"2025-09-11T16:57:20+00:00","og_image":[{"width":400,"height":255,"url":"https:\/\/www.gpjbaker.com\/wp-content\/uploads\/2017\/10\/Vintage-Textures-Collection-Thumb-FR.jpg","type":"image\/jpeg"}],"twitter_card":"summary_large_image","twitter_misc":{"Est. reading time":"1 minute"},"schema":{"@context":"https:\/\/schema.org","@graph":[{"@type":"WebPage","@id":"https:\/\/www.gpjbaker.com\/fr\/marques\/gp-j-baker\/vintage-textures\/","url":"https:\/\/www.gpjbaker.com\/fr\/marques\/gp-j-baker\/vintage-textures\/","name":"Vintage Textures - G P &amp; J Baker","isPartOf":{"@id":"https:\/\/www.gpjbaker.com\/#website"},"primaryImageOfPage":{"@id":"https:\/\/www.gpjbaker.com\/fr\/marques\/gp-j-baker\/vintage-textures\/#primaryimage"},"image":{"@id":"https:\/\/www.gpjbaker.com\/fr\/marques\/gp-j-baker\/vintage-textures\/#primaryimage"},"thumbnailUrl":"https:\/\/www.gpjbaker.com\/wp-content\/uploads\/2017\/10\/Vintage-Textures-Collection-Thumb-FR.jpg","datePublished":"2017-10-05T13:43:00+00:00","dateModified":"2025-09-11T16:57:20+00:00","description":"Ces merveilleux tissus aux diverses textures et motifs g\u00e9om\u00e9triques comprennent la robuste simplicit\u00e9 de \u2018Vintage Texture\u2019, \u2018Camina\u2019 et \u2018Malabar\u2019 compl\u00e9t\u00e9 par \u2018Vintage Damask\u2019, plus raffin\u00e9, pour rappeler le charme des tapisseries anciennes, \u2018Adana\u2019, un beau tweed haute couture et \u2018Dara\u2019, au joli motif \u00e0 carreaux discontinus.\u00a0 Ses coloris \u00e0 la fois doux et sophistiqu\u00e9s se marient \u00e0 la perfection avec la collection \u2018East to West\u2019, mais s'associent \u00e9galement tout aussi facilement aux autres collections de GP & J Baker.","breadcrumb":{"@id":"https:\/\/www.gpjbaker.com\/fr\/marques\/gp-j-baker\/vintage-textures\/#breadcrumb"},"inLanguage":"fr-FR","potentialAction":[{"@type":"ReadAction","target":["https:\/\/www.gpjbaker.com\/fr\/marques\/gp-j-baker\/vintage-textures\/"]}]},{"@type":"ImageObject","inLanguage":"fr-FR","@id":"https:\/\/www.gpjbaker.com\/fr\/marques\/gp-j-baker\/vintage-textures\/#primaryimage","url":"https:\/\/www.gpjbaker.com\/wp-content\/uploads\/2017\/10\/Vintage-Textures-Collection-Thumb-FR.jpg","contentUrl":"https:\/\/www.gpjbaker.com\/wp-content\/uploads\/2017\/10\/Vintage-Textures-Collection-Thumb-FR.jpg","width":400,"height":255,"caption":"Ces merveilleux tissus aux diverses textures et motifs g\u00e9om\u00e9triques comprennent la robuste simplicit\u00e9 de \u2018Vintage Texture\u2019, \u2018Camina\u2019 et \u2018Malabar\u2019"},{"@type":"BreadcrumbList","@id":"https:\/\/www.gpjbaker.com\/fr\/marques\/gp-j-baker\/vintage-textures\/#breadcrumb","itemListElement":[{"@type":"ListItem","position":1,"name":"Home","item":"https:\/\/www.gpjbaker.com\/fr\/"},{"@type":"ListItem","position":2,"name":"Marques","item":"https:\/\/www.gpjbaker.com\/fr\/marques\/"},{"@type":"ListItem","position":3,"name":"GP &#038; J Baker","item":"https:\/\/www.gpjbaker.com\/fr\/marques\/gp-j-baker\/"},{"@type":"ListItem","position":4,"name":"Vintage Textures"}]},{"@type":"WebSite","@id":"https:\/\/www.gpjbaker.com\/#website","url":"https:\/\/www.gpjbaker.com\/","name":"G P &amp; J Baker","description":"","potentialAction":[{"@type":"SearchAction","target":{"@type":"EntryPoint","urlTemplate":"https:\/\/www.gpjbaker.com\/?s={search_term_string}"},"query-input":{"@type":"PropertyValueSpecification","valueRequired":true,"valueName":"search_term_string"}}],"inLanguage":"fr-FR"}]}},"_links":{"self":[{"href":"https:\/\/www.gpjbaker.com\/fr\/wp-json\/wp\/v2\/pages\/7258","targetHints":{"allow":["GET"]}}],"collection":[{"href":"https:\/\/www.gpjbaker.com\/fr\/wp-json\/wp\/v2\/pages"}],"about":[{"href":"https:\/\/www.gpjbaker.com\/fr\/wp-json\/wp\/v2\/types\/page"}],"author":[{"embeddable":true,"href":"https:\/\/www.gpjbaker.com\/fr\/wp-json\/wp\/v2\/users\/6"}],"replies":[{"embeddable":true,"href":"https:\/\/www.gpjbaker.com\/fr\/wp-json\/wp\/v2\/comments?post=7258"}],"version-history":[{"count":1,"href":"https:\/\/www.gpjbaker.com\/fr\/wp-json\/wp\/v2\/pages\/7258\/revisions"}],"predecessor-version":[{"id":7259,"href":"https:\/\/www.gpjbaker.com\/fr\/wp-json\/wp\/v2\/pages\/7258\/revisions\/7259"}],"up":[{"embeddable":true,"href":"https:\/\/www.gpjbaker.com\/fr\/wp-json\/wp\/v2\/pages\/4605"}],"wp:featuredmedia":[{"embeddable":true,"href":"https:\/\/www.gpjbaker.com\/fr\/wp-json\/wp\/v2\/media\/7283"}],"wp:attachment":[{"href":"https:\/\/www.gpjbaker.com\/fr\/wp-json\/wp\/v2\/media?parent=7258"}],"curies":[{"name":"wp","href":"https:\/\/api.w.org\/{rel}","templated":true}]}}