{"id":7256,"date":"2017-10-05T08:41:59","date_gmt":"2017-10-05T13:41:59","guid":{"rendered":"https:\/\/www.gpjbaker.com\/marques\/gp-j-baker\/vintage-velvet\/"},"modified":"2025-09-11T11:34:52","modified_gmt":"2025-09-11T16:34:52","slug":"vintage-velvet","status":"publish","type":"page","link":"https:\/\/www.gpjbaker.com\/fr\/marques\/gp-j-baker\/vintage-velvet\/","title":{"rendered":"Vintage Velvet"},"content":{"rendered":"<div class=\"wpb-content-wrapper\">[vc_row][vc_column][vc_column_text css=&#8221;&#8221;]Un somptueux velours flamm\u00e9 aux reflets moir\u00e9s, se d\u00e9cline en toute une palette de coloris qui se marie \u00e0 la perfection avec la collection \u2018East to West\u2019, mais s&#8217;associe \u00e9galement tout aussi facilement aux autres collections de GP &amp; J Baker.\r\n\r\n<script type=\"text\/javascript\"> \r\nvar searchURL = \"sort=DATE&use=Multipurpose,Trim, Upholstery,Wallcovering,Curtains&collection=Vintage Velvets\"\r\n <\/script>[\/vc_column_text][\/vc_column][\/vc_row]<\/div>","protected":false},"excerpt":{"rendered":"[vc_row][vc_column][vc_column_text css=&#8221;&#8221;]Un somptueux velours flamm\u00e9 aux reflets moir\u00e9s, se d\u00e9cline en toute une palette de coloris qui se marie \u00e0 la perfection avec la collection \u2018East to West\u2019, mais s&#8217;associe \u00e9galement tout aussi facilement aux autres collections de GP &amp; J Baker. [\/vc_column_text][\/vc_column][\/vc_row]","protected":false},"author":6,"featured_media":7292,"parent":4605,"menu_order":1,"comment_status":"closed","ping_status":"closed","template":"template-collections.php","meta":{"footnotes":""},"class_list":["post-7256","page","type-page","status-publish","has-post-thumbnail","hentry","page_language-fr"],"yoast_head":"<!-- This site is optimized with the Yoast SEO plugin v26.8 - https:\/\/yoast.com\/product\/yoast-seo-wordpress\/ -->\n<title>Vintage Velvet - G P &amp; J Baker<\/title>\n<meta name=\"robots\" content=\"index, follow, max-snippet:-1, max-image-preview:large, max-video-preview:-1\" \/>\n<link rel=\"canonical\" href=\"https:\/\/www.gpjbaker.com\/fr\/marques\/gp-j-baker\/vintage-velvet\/\" \/>\n<meta property=\"og:locale\" content=\"fr_FR\" \/>\n<meta property=\"og:type\" content=\"article\" \/>\n<meta property=\"og:title\" content=\"Vintage Velvet - G P &amp; J Baker\" \/>\n<meta property=\"og:description\" content=\"[vc_row][vc_column][vc_column_text css=&#8221;&#8221;]Un somptueux velours flamm\u00e9 aux reflets moir\u00e9s, se d\u00e9cline en toute une palette de coloris qui se marie \u00e0 la perfection avec la collection \u2018East to West\u2019, mais s&#8217;associe \u00e9galement tout aussi facilement aux autres collections de GP &amp; J Baker. [\/vc_column_text][\/vc_column][\/vc_row]\" \/>\n<meta property=\"og:url\" content=\"https:\/\/www.gpjbaker.com\/fr\/marques\/gp-j-baker\/vintage-velvet\/\" \/>\n<meta property=\"og:site_name\" content=\"G P &amp; J Baker\" \/>\n<meta property=\"article:modified_time\" content=\"2025-09-11T16:34:52+00:00\" \/>\n<meta property=\"og:image\" content=\"https:\/\/www.gpjbaker.com\/wp-content\/uploads\/2017\/09\/GPJBAKER-VINTAGE-VELVET-NEW-COLLECTION-THUMBNAILS-400X255.jpg\" \/>\n\t<meta property=\"og:image:width\" content=\"400\" \/>\n\t<meta property=\"og:image:height\" content=\"255\" \/>\n\t<meta property=\"og:image:type\" content=\"image\/jpeg\" \/>\n<meta name=\"twitter:card\" content=\"summary_large_image\" \/>\n<meta name=\"twitter:label1\" content=\"Est. reading time\" \/>\n\t<meta name=\"twitter:data1\" content=\"1 minute\" \/>\n<script type=\"application\/ld+json\" class=\"yoast-schema-graph\">{\"@context\":\"https:\/\/schema.org\",\"@graph\":[{\"@type\":\"WebPage\",\"@id\":\"https:\/\/www.gpjbaker.com\/fr\/marques\/gp-j-baker\/vintage-velvet\/\",\"url\":\"https:\/\/www.gpjbaker.com\/fr\/marques\/gp-j-baker\/vintage-velvet\/\",\"name\":\"Vintage Velvet - G P &amp; J Baker\",\"isPartOf\":{\"@id\":\"https:\/\/www.gpjbaker.com\/#website\"},\"primaryImageOfPage\":{\"@id\":\"https:\/\/www.gpjbaker.com\/fr\/marques\/gp-j-baker\/vintage-velvet\/#primaryimage\"},\"image\":{\"@id\":\"https:\/\/www.gpjbaker.com\/fr\/marques\/gp-j-baker\/vintage-velvet\/#primaryimage\"},\"thumbnailUrl\":\"https:\/\/www.gpjbaker.com\/wp-content\/uploads\/2017\/09\/GPJBAKER-VINTAGE-VELVET-NEW-COLLECTION-THUMBNAILS-400X255.jpg\",\"datePublished\":\"2017-10-05T13:41:59+00:00\",\"dateModified\":\"2025-09-11T16:34:52+00:00\",\"breadcrumb\":{\"@id\":\"https:\/\/www.gpjbaker.com\/fr\/marques\/gp-j-baker\/vintage-velvet\/#breadcrumb\"},\"inLanguage\":\"fr-FR\",\"potentialAction\":[{\"@type\":\"ReadAction\",\"target\":[\"https:\/\/www.gpjbaker.com\/fr\/marques\/gp-j-baker\/vintage-velvet\/\"]}]},{\"@type\":\"ImageObject\",\"inLanguage\":\"fr-FR\",\"@id\":\"https:\/\/www.gpjbaker.com\/fr\/marques\/gp-j-baker\/vintage-velvet\/#primaryimage\",\"url\":\"https:\/\/www.gpjbaker.com\/wp-content\/uploads\/2017\/09\/GPJBAKER-VINTAGE-VELVET-NEW-COLLECTION-THUMBNAILS-400X255.jpg\",\"contentUrl\":\"https:\/\/www.gpjbaker.com\/wp-content\/uploads\/2017\/09\/GPJBAKER-VINTAGE-VELVET-NEW-COLLECTION-THUMBNAILS-400X255.jpg\",\"width\":400,\"height\":255,\"caption\":\"Un somptueux velours flamm\u00e9 aux reflets moir\u00e9s, se d\u00e9cline en toute une palette de coloris qui se marie \u00e0 la perfection avec la collection \u2018East to West\u2019, mais s'associe \u00e9galement tout aussi facilement aux autres collections de GP & J Baker\"},{\"@type\":\"BreadcrumbList\",\"@id\":\"https:\/\/www.gpjbaker.com\/fr\/marques\/gp-j-baker\/vintage-velvet\/#breadcrumb\",\"itemListElement\":[{\"@type\":\"ListItem\",\"position\":1,\"name\":\"Home\",\"item\":\"https:\/\/www.gpjbaker.com\/fr\/\"},{\"@type\":\"ListItem\",\"position\":2,\"name\":\"Marques\",\"item\":\"https:\/\/www.gpjbaker.com\/fr\/marques\/\"},{\"@type\":\"ListItem\",\"position\":3,\"name\":\"GP &#038; J Baker\",\"item\":\"https:\/\/www.gpjbaker.com\/fr\/marques\/gp-j-baker\/\"},{\"@type\":\"ListItem\",\"position\":4,\"name\":\"Vintage Velvet\"}]},{\"@type\":\"WebSite\",\"@id\":\"https:\/\/www.gpjbaker.com\/#website\",\"url\":\"https:\/\/www.gpjbaker.com\/\",\"name\":\"G P &amp; J Baker\",\"description\":\"\",\"potentialAction\":[{\"@type\":\"SearchAction\",\"target\":{\"@type\":\"EntryPoint\",\"urlTemplate\":\"https:\/\/www.gpjbaker.com\/?s={search_term_string}\"},\"query-input\":{\"@type\":\"PropertyValueSpecification\",\"valueRequired\":true,\"valueName\":\"search_term_string\"}}],\"inLanguage\":\"fr-FR\"}]}<\/script>\n<!-- \/ Yoast SEO plugin. -->","yoast_head_json":{"title":"Vintage Velvet - G P &amp; J Baker","robots":{"index":"index","follow":"follow","max-snippet":"max-snippet:-1","max-image-preview":"max-image-preview:large","max-video-preview":"max-video-preview:-1"},"canonical":"https:\/\/www.gpjbaker.com\/fr\/marques\/gp-j-baker\/vintage-velvet\/","og_locale":"fr_FR","og_type":"article","og_title":"Vintage Velvet - G P &amp; J Baker","og_description":"[vc_row][vc_column][vc_column_text css=&#8221;&#8221;]Un somptueux velours flamm\u00e9 aux reflets moir\u00e9s, se d\u00e9cline en toute une palette de coloris qui se marie \u00e0 la perfection avec la collection \u2018East to West\u2019, mais s&#8217;associe \u00e9galement tout aussi facilement aux autres collections de GP &amp; J Baker. [\/vc_column_text][\/vc_column][\/vc_row]","og_url":"https:\/\/www.gpjbaker.com\/fr\/marques\/gp-j-baker\/vintage-velvet\/","og_site_name":"G P &amp; J Baker","article_modified_time":"2025-09-11T16:34:52+00:00","og_image":[{"width":400,"height":255,"url":"https:\/\/www.gpjbaker.com\/wp-content\/uploads\/2017\/09\/GPJBAKER-VINTAGE-VELVET-NEW-COLLECTION-THUMBNAILS-400X255.jpg","type":"image\/jpeg"}],"twitter_card":"summary_large_image","twitter_misc":{"Est. reading time":"1 minute"},"schema":{"@context":"https:\/\/schema.org","@graph":[{"@type":"WebPage","@id":"https:\/\/www.gpjbaker.com\/fr\/marques\/gp-j-baker\/vintage-velvet\/","url":"https:\/\/www.gpjbaker.com\/fr\/marques\/gp-j-baker\/vintage-velvet\/","name":"Vintage Velvet - G P &amp; J Baker","isPartOf":{"@id":"https:\/\/www.gpjbaker.com\/#website"},"primaryImageOfPage":{"@id":"https:\/\/www.gpjbaker.com\/fr\/marques\/gp-j-baker\/vintage-velvet\/#primaryimage"},"image":{"@id":"https:\/\/www.gpjbaker.com\/fr\/marques\/gp-j-baker\/vintage-velvet\/#primaryimage"},"thumbnailUrl":"https:\/\/www.gpjbaker.com\/wp-content\/uploads\/2017\/09\/GPJBAKER-VINTAGE-VELVET-NEW-COLLECTION-THUMBNAILS-400X255.jpg","datePublished":"2017-10-05T13:41:59+00:00","dateModified":"2025-09-11T16:34:52+00:00","breadcrumb":{"@id":"https:\/\/www.gpjbaker.com\/fr\/marques\/gp-j-baker\/vintage-velvet\/#breadcrumb"},"inLanguage":"fr-FR","potentialAction":[{"@type":"ReadAction","target":["https:\/\/www.gpjbaker.com\/fr\/marques\/gp-j-baker\/vintage-velvet\/"]}]},{"@type":"ImageObject","inLanguage":"fr-FR","@id":"https:\/\/www.gpjbaker.com\/fr\/marques\/gp-j-baker\/vintage-velvet\/#primaryimage","url":"https:\/\/www.gpjbaker.com\/wp-content\/uploads\/2017\/09\/GPJBAKER-VINTAGE-VELVET-NEW-COLLECTION-THUMBNAILS-400X255.jpg","contentUrl":"https:\/\/www.gpjbaker.com\/wp-content\/uploads\/2017\/09\/GPJBAKER-VINTAGE-VELVET-NEW-COLLECTION-THUMBNAILS-400X255.jpg","width":400,"height":255,"caption":"Un somptueux velours flamm\u00e9 aux reflets moir\u00e9s, se d\u00e9cline en toute une palette de coloris qui se marie \u00e0 la perfection avec la collection \u2018East to West\u2019, mais s'associe \u00e9galement tout aussi facilement aux autres collections de GP & J Baker"},{"@type":"BreadcrumbList","@id":"https:\/\/www.gpjbaker.com\/fr\/marques\/gp-j-baker\/vintage-velvet\/#breadcrumb","itemListElement":[{"@type":"ListItem","position":1,"name":"Home","item":"https:\/\/www.gpjbaker.com\/fr\/"},{"@type":"ListItem","position":2,"name":"Marques","item":"https:\/\/www.gpjbaker.com\/fr\/marques\/"},{"@type":"ListItem","position":3,"name":"GP &#038; J Baker","item":"https:\/\/www.gpjbaker.com\/fr\/marques\/gp-j-baker\/"},{"@type":"ListItem","position":4,"name":"Vintage Velvet"}]},{"@type":"WebSite","@id":"https:\/\/www.gpjbaker.com\/#website","url":"https:\/\/www.gpjbaker.com\/","name":"G P &amp; J Baker","description":"","potentialAction":[{"@type":"SearchAction","target":{"@type":"EntryPoint","urlTemplate":"https:\/\/www.gpjbaker.com\/?s={search_term_string}"},"query-input":{"@type":"PropertyValueSpecification","valueRequired":true,"valueName":"search_term_string"}}],"inLanguage":"fr-FR"}]}},"_links":{"self":[{"href":"https:\/\/www.gpjbaker.com\/fr\/wp-json\/wp\/v2\/pages\/7256","targetHints":{"allow":["GET"]}}],"collection":[{"href":"https:\/\/www.gpjbaker.com\/fr\/wp-json\/wp\/v2\/pages"}],"about":[{"href":"https:\/\/www.gpjbaker.com\/fr\/wp-json\/wp\/v2\/types\/page"}],"author":[{"embeddable":true,"href":"https:\/\/www.gpjbaker.com\/fr\/wp-json\/wp\/v2\/users\/6"}],"replies":[{"embeddable":true,"href":"https:\/\/www.gpjbaker.com\/fr\/wp-json\/wp\/v2\/comments?post=7256"}],"version-history":[{"count":4,"href":"https:\/\/www.gpjbaker.com\/fr\/wp-json\/wp\/v2\/pages\/7256\/revisions"}],"predecessor-version":[{"id":7275,"href":"https:\/\/www.gpjbaker.com\/fr\/wp-json\/wp\/v2\/pages\/7256\/revisions\/7275"}],"up":[{"embeddable":true,"href":"https:\/\/www.gpjbaker.com\/fr\/wp-json\/wp\/v2\/pages\/4605"}],"wp:featuredmedia":[{"embeddable":true,"href":"https:\/\/www.gpjbaker.com\/fr\/wp-json\/wp\/v2\/media\/7292"}],"wp:attachment":[{"href":"https:\/\/www.gpjbaker.com\/fr\/wp-json\/wp\/v2\/media?parent=7256"}],"curies":[{"name":"wp","href":"https:\/\/api.w.org\/{rel}","templated":true}]}}