{"id":7254,"date":"2017-10-05T08:40:57","date_gmt":"2017-10-05T13:40:57","guid":{"rendered":"https:\/\/www.gpjbaker.com\/marques\/gp-j-baker\/vintage-linen\/"},"modified":"2025-09-08T14:39:08","modified_gmt":"2025-09-08T19:39:08","slug":"vintage-linen","status":"publish","type":"page","link":"https:\/\/www.gpjbaker.com\/fr\/marques\/gp-j-baker\/vintage-linen\/","title":{"rendered":"Vintage Linen"},"content":{"rendered":"<div class=\"wpb-content-wrapper\">[vc_row][vc_column][vc_column_text]Reflet de la perfection artisanale des \u00e9toffes tiss\u00e9es \u00e0 la main, la gamme des coloris de <strong>\u2018Vintage Linen\u2019<\/strong>, <strong>\u2018Pera Linen\u2019<\/strong> et <strong>\u2019Halki\u2019<\/strong> refl\u00e8te l&#8217;usage des teintures traditionnelles pour une d\u00e9coration inimitable. Cette harmonieuse gamme de coloris se marie \u00e0 la perfection avec \u2018East to West\u2019, mais s&#8217;associe \u00e9galement tout aussi facilement aux autres collections de GP &amp; J Baker.[\/vc_column_text][\/vc_column][\/vc_row][vc_row][vc_column][vc_raw_js]JTNDc2NyaXB0JTIwdHlwZSUzRCUyMnRleHQlMkZqYXZhc2NyaXB0JTIyJTNFJTIwJTBBJTBBdmFyJTIwc2VhcmNoVVJMJTIwJTNEJTIwJTIyc29ydCUzRERBVEUlMjZ1c2UlM0RNdWx0aXB1cnBvc2UlMkNVcGhvbHN0ZXJ5JTJDQ3VydGFpbnMlMjZjb2xsZWN0aW9uJTNEQmFrZXIlMjBWaW50YWdlJTIwTGluZW5zJTIyJTNCJTBBJTBBJTNDJTJGc2NyaXB0JTNF[\/vc_raw_js][\/vc_column][\/vc_row]<\/div>","protected":false},"excerpt":{"rendered":"[vc_row][vc_column][vc_column_text]Reflet de la perfection artisanale des \u00e9toffes tiss\u00e9es \u00e0 la main, la gamme des coloris de \u2018Vintage Linen\u2019, \u2018Pera Linen\u2019 et \u2019Halki\u2019 refl\u00e8te l&#8217;usage des teintures traditionnelles pour une d\u00e9coration inimitable. Cette harmonieuse gamme de coloris se marie \u00e0 la perfection avec \u2018East to West\u2019, mais s&#8217;associe \u00e9galement tout aussi facilement aux autres collections de&#8230; <a class=\"view-article\" href=\"https:\/\/www.gpjbaker.com\/fr\/marques\/gp-j-baker\/vintage-linen\/\">Voir l&#8217;article<\/a>","protected":false},"author":6,"featured_media":7045,"parent":4605,"menu_order":4,"comment_status":"closed","ping_status":"closed","template":"template-collections.php","meta":{"footnotes":""},"class_list":["post-7254","page","type-page","status-publish","has-post-thumbnail","hentry","page_language-fr"],"yoast_head":"<!-- This site is optimized with the Yoast SEO plugin v26.8 - https:\/\/yoast.com\/product\/yoast-seo-wordpress\/ -->\n<title>Vintage Linen - G P &amp; J Baker<\/title>\n<meta name=\"robots\" content=\"index, follow, max-snippet:-1, max-image-preview:large, max-video-preview:-1\" \/>\n<link rel=\"canonical\" href=\"https:\/\/www.gpjbaker.com\/fr\/marques\/gp-j-baker\/vintage-linen\/\" \/>\n<meta property=\"og:locale\" content=\"fr_FR\" \/>\n<meta property=\"og:type\" content=\"article\" \/>\n<meta property=\"og:title\" content=\"Vintage Linen - G P &amp; J Baker\" \/>\n<meta property=\"og:description\" content=\"[vc_row][vc_column][vc_column_text]Reflet de la perfection artisanale des \u00e9toffes tiss\u00e9es \u00e0 la main, la gamme des coloris de \u2018Vintage Linen\u2019, \u2018Pera Linen\u2019 et \u2019Halki\u2019 refl\u00e8te l&#8217;usage des teintures traditionnelles pour une d\u00e9coration inimitable. Cette harmonieuse gamme de coloris se marie \u00e0 la perfection avec \u2018East to West\u2019, mais s&#8217;associe \u00e9galement tout aussi facilement aux autres collections de... Voir l&#039;article\" \/>\n<meta property=\"og:url\" content=\"https:\/\/www.gpjbaker.com\/fr\/marques\/gp-j-baker\/vintage-linen\/\" \/>\n<meta property=\"og:site_name\" content=\"G P &amp; J Baker\" \/>\n<meta property=\"article:modified_time\" content=\"2025-09-08T19:39:08+00:00\" \/>\n<meta property=\"og:image\" content=\"https:\/\/www.gpjbaker.com\/wp-content\/uploads\/2017\/09\/GPJ-Baker-Vintage-Linen-Featured-Iamge.jpg\" \/>\n\t<meta property=\"og:image:width\" content=\"400\" \/>\n\t<meta property=\"og:image:height\" content=\"255\" \/>\n\t<meta property=\"og:image:type\" content=\"image\/jpeg\" \/>\n<meta name=\"twitter:card\" content=\"summary_large_image\" \/>\n<meta name=\"twitter:label1\" content=\"Est. reading time\" \/>\n\t<meta name=\"twitter:data1\" content=\"1 minute\" \/>\n<script type=\"application\/ld+json\" class=\"yoast-schema-graph\">{\"@context\":\"https:\/\/schema.org\",\"@graph\":[{\"@type\":\"WebPage\",\"@id\":\"https:\/\/www.gpjbaker.com\/fr\/marques\/gp-j-baker\/vintage-linen\/\",\"url\":\"https:\/\/www.gpjbaker.com\/fr\/marques\/gp-j-baker\/vintage-linen\/\",\"name\":\"Vintage Linen - G P &amp; J Baker\",\"isPartOf\":{\"@id\":\"https:\/\/www.gpjbaker.com\/#website\"},\"primaryImageOfPage\":{\"@id\":\"https:\/\/www.gpjbaker.com\/fr\/marques\/gp-j-baker\/vintage-linen\/#primaryimage\"},\"image\":{\"@id\":\"https:\/\/www.gpjbaker.com\/fr\/marques\/gp-j-baker\/vintage-linen\/#primaryimage\"},\"thumbnailUrl\":\"https:\/\/www.gpjbaker.com\/wp-content\/uploads\/2017\/09\/GPJ-Baker-Vintage-Linen-Featured-Iamge.jpg\",\"datePublished\":\"2017-10-05T13:40:57+00:00\",\"dateModified\":\"2025-09-08T19:39:08+00:00\",\"breadcrumb\":{\"@id\":\"https:\/\/www.gpjbaker.com\/fr\/marques\/gp-j-baker\/vintage-linen\/#breadcrumb\"},\"inLanguage\":\"fr-FR\",\"potentialAction\":[{\"@type\":\"ReadAction\",\"target\":[\"https:\/\/www.gpjbaker.com\/fr\/marques\/gp-j-baker\/vintage-linen\/\"]}]},{\"@type\":\"ImageObject\",\"inLanguage\":\"fr-FR\",\"@id\":\"https:\/\/www.gpjbaker.com\/fr\/marques\/gp-j-baker\/vintage-linen\/#primaryimage\",\"url\":\"https:\/\/www.gpjbaker.com\/wp-content\/uploads\/2017\/09\/GPJ-Baker-Vintage-Linen-Featured-Iamge.jpg\",\"contentUrl\":\"https:\/\/www.gpjbaker.com\/wp-content\/uploads\/2017\/09\/GPJ-Baker-Vintage-Linen-Featured-Iamge.jpg\",\"width\":400,\"height\":255,\"caption\":\"Reflet de la perfection artisanale des \u00e9toffes tiss\u00e9es \u00e0 la main, la gamme des coloris de \u2018Vintage Linen\u2019, \u2018Pera Linen\u2019 et \u2019Halki\u2019 refl\u00e8te l'usage des teintures traditionnelles pour une d\u00e9coration inimitable\"},{\"@type\":\"BreadcrumbList\",\"@id\":\"https:\/\/www.gpjbaker.com\/fr\/marques\/gp-j-baker\/vintage-linen\/#breadcrumb\",\"itemListElement\":[{\"@type\":\"ListItem\",\"position\":1,\"name\":\"Home\",\"item\":\"https:\/\/www.gpjbaker.com\/fr\/\"},{\"@type\":\"ListItem\",\"position\":2,\"name\":\"Marques\",\"item\":\"https:\/\/www.gpjbaker.com\/fr\/marques\/\"},{\"@type\":\"ListItem\",\"position\":3,\"name\":\"GP &#038; J Baker\",\"item\":\"https:\/\/www.gpjbaker.com\/fr\/marques\/gp-j-baker\/\"},{\"@type\":\"ListItem\",\"position\":4,\"name\":\"Vintage Linen\"}]},{\"@type\":\"WebSite\",\"@id\":\"https:\/\/www.gpjbaker.com\/#website\",\"url\":\"https:\/\/www.gpjbaker.com\/\",\"name\":\"G P &amp; J Baker\",\"description\":\"\",\"potentialAction\":[{\"@type\":\"SearchAction\",\"target\":{\"@type\":\"EntryPoint\",\"urlTemplate\":\"https:\/\/www.gpjbaker.com\/?s={search_term_string}\"},\"query-input\":{\"@type\":\"PropertyValueSpecification\",\"valueRequired\":true,\"valueName\":\"search_term_string\"}}],\"inLanguage\":\"fr-FR\"}]}<\/script>\n<!-- \/ Yoast SEO plugin. -->","yoast_head_json":{"title":"Vintage Linen - G P &amp; J Baker","robots":{"index":"index","follow":"follow","max-snippet":"max-snippet:-1","max-image-preview":"max-image-preview:large","max-video-preview":"max-video-preview:-1"},"canonical":"https:\/\/www.gpjbaker.com\/fr\/marques\/gp-j-baker\/vintage-linen\/","og_locale":"fr_FR","og_type":"article","og_title":"Vintage Linen - G P &amp; J Baker","og_description":"[vc_row][vc_column][vc_column_text]Reflet de la perfection artisanale des \u00e9toffes tiss\u00e9es \u00e0 la main, la gamme des coloris de \u2018Vintage Linen\u2019, \u2018Pera Linen\u2019 et \u2019Halki\u2019 refl\u00e8te l&#8217;usage des teintures traditionnelles pour une d\u00e9coration inimitable. Cette harmonieuse gamme de coloris se marie \u00e0 la perfection avec \u2018East to West\u2019, mais s&#8217;associe \u00e9galement tout aussi facilement aux autres collections de... Voir l'article","og_url":"https:\/\/www.gpjbaker.com\/fr\/marques\/gp-j-baker\/vintage-linen\/","og_site_name":"G P &amp; J Baker","article_modified_time":"2025-09-08T19:39:08+00:00","og_image":[{"width":400,"height":255,"url":"https:\/\/www.gpjbaker.com\/wp-content\/uploads\/2017\/09\/GPJ-Baker-Vintage-Linen-Featured-Iamge.jpg","type":"image\/jpeg"}],"twitter_card":"summary_large_image","twitter_misc":{"Est. reading time":"1 minute"},"schema":{"@context":"https:\/\/schema.org","@graph":[{"@type":"WebPage","@id":"https:\/\/www.gpjbaker.com\/fr\/marques\/gp-j-baker\/vintage-linen\/","url":"https:\/\/www.gpjbaker.com\/fr\/marques\/gp-j-baker\/vintage-linen\/","name":"Vintage Linen - G P &amp; J Baker","isPartOf":{"@id":"https:\/\/www.gpjbaker.com\/#website"},"primaryImageOfPage":{"@id":"https:\/\/www.gpjbaker.com\/fr\/marques\/gp-j-baker\/vintage-linen\/#primaryimage"},"image":{"@id":"https:\/\/www.gpjbaker.com\/fr\/marques\/gp-j-baker\/vintage-linen\/#primaryimage"},"thumbnailUrl":"https:\/\/www.gpjbaker.com\/wp-content\/uploads\/2017\/09\/GPJ-Baker-Vintage-Linen-Featured-Iamge.jpg","datePublished":"2017-10-05T13:40:57+00:00","dateModified":"2025-09-08T19:39:08+00:00","breadcrumb":{"@id":"https:\/\/www.gpjbaker.com\/fr\/marques\/gp-j-baker\/vintage-linen\/#breadcrumb"},"inLanguage":"fr-FR","potentialAction":[{"@type":"ReadAction","target":["https:\/\/www.gpjbaker.com\/fr\/marques\/gp-j-baker\/vintage-linen\/"]}]},{"@type":"ImageObject","inLanguage":"fr-FR","@id":"https:\/\/www.gpjbaker.com\/fr\/marques\/gp-j-baker\/vintage-linen\/#primaryimage","url":"https:\/\/www.gpjbaker.com\/wp-content\/uploads\/2017\/09\/GPJ-Baker-Vintage-Linen-Featured-Iamge.jpg","contentUrl":"https:\/\/www.gpjbaker.com\/wp-content\/uploads\/2017\/09\/GPJ-Baker-Vintage-Linen-Featured-Iamge.jpg","width":400,"height":255,"caption":"Reflet de la perfection artisanale des \u00e9toffes tiss\u00e9es \u00e0 la main, la gamme des coloris de \u2018Vintage Linen\u2019, \u2018Pera Linen\u2019 et \u2019Halki\u2019 refl\u00e8te l'usage des teintures traditionnelles pour une d\u00e9coration inimitable"},{"@type":"BreadcrumbList","@id":"https:\/\/www.gpjbaker.com\/fr\/marques\/gp-j-baker\/vintage-linen\/#breadcrumb","itemListElement":[{"@type":"ListItem","position":1,"name":"Home","item":"https:\/\/www.gpjbaker.com\/fr\/"},{"@type":"ListItem","position":2,"name":"Marques","item":"https:\/\/www.gpjbaker.com\/fr\/marques\/"},{"@type":"ListItem","position":3,"name":"GP &#038; J Baker","item":"https:\/\/www.gpjbaker.com\/fr\/marques\/gp-j-baker\/"},{"@type":"ListItem","position":4,"name":"Vintage Linen"}]},{"@type":"WebSite","@id":"https:\/\/www.gpjbaker.com\/#website","url":"https:\/\/www.gpjbaker.com\/","name":"G P &amp; J Baker","description":"","potentialAction":[{"@type":"SearchAction","target":{"@type":"EntryPoint","urlTemplate":"https:\/\/www.gpjbaker.com\/?s={search_term_string}"},"query-input":{"@type":"PropertyValueSpecification","valueRequired":true,"valueName":"search_term_string"}}],"inLanguage":"fr-FR"}]}},"_links":{"self":[{"href":"https:\/\/www.gpjbaker.com\/fr\/wp-json\/wp\/v2\/pages\/7254","targetHints":{"allow":["GET"]}}],"collection":[{"href":"https:\/\/www.gpjbaker.com\/fr\/wp-json\/wp\/v2\/pages"}],"about":[{"href":"https:\/\/www.gpjbaker.com\/fr\/wp-json\/wp\/v2\/types\/page"}],"author":[{"embeddable":true,"href":"https:\/\/www.gpjbaker.com\/fr\/wp-json\/wp\/v2\/users\/6"}],"replies":[{"embeddable":true,"href":"https:\/\/www.gpjbaker.com\/fr\/wp-json\/wp\/v2\/comments?post=7254"}],"version-history":[{"count":1,"href":"https:\/\/www.gpjbaker.com\/fr\/wp-json\/wp\/v2\/pages\/7254\/revisions"}],"predecessor-version":[{"id":7255,"href":"https:\/\/www.gpjbaker.com\/fr\/wp-json\/wp\/v2\/pages\/7254\/revisions\/7255"}],"up":[{"embeddable":true,"href":"https:\/\/www.gpjbaker.com\/fr\/wp-json\/wp\/v2\/pages\/4605"}],"wp:featuredmedia":[{"embeddable":true,"href":"https:\/\/www.gpjbaker.com\/fr\/wp-json\/wp\/v2\/media\/7045"}],"wp:attachment":[{"href":"https:\/\/www.gpjbaker.com\/fr\/wp-json\/wp\/v2\/media?parent=7254"}],"curies":[{"name":"wp","href":"https:\/\/api.w.org\/{rel}","templated":true}]}}