{"id":7081,"date":"2017-09-19T15:03:08","date_gmt":"2017-09-19T20:03:08","guid":{"rendered":"https:\/\/www.gpjbaker.com\/marques\/lee-jofa\/oscar-de-la-renta-iii\/"},"modified":"2025-09-08T14:45:35","modified_gmt":"2025-09-08T19:45:35","slug":"oscar-de-la-renta-iii","status":"publish","type":"page","link":"https:\/\/www.gpjbaker.com\/fr\/marques\/lee-jofa\/oscar-de-la-renta-iii\/","title":{"rendered":"Oscar de la Renta III"},"content":{"rendered":"<div class=\"wpb-content-wrapper\">[vc_row][vc_column][vc_column_text]Avec un sens color\u00e9 d&#8217;\u00e9l\u00e9gance contemporaine et un clin d\u2019\u0153il au monde de la mode, la troisi\u00e8me collection d&#8217;Oscar de la Renta pour Lee Jofa refl\u00e8te la sensibilit\u00e9 \u00e9clectique et l&#8217;essence m\u00eame du style de son cr\u00e9ateur, toujours si original et exceptionnellement chic. La collection rend hommage \u00e0 l&#8217;incroyable talent de Monsieur de la Renta pour m\u00e9langer les styles, en proposant une collection unique de tissus et rev\u00eatements muraux intemporels et sophistiqu\u00e9s.[\/vc_column_text][\/vc_column][\/vc_row][vc_row][vc_column][vc_raw_js]JTNDc2NyaXB0JTIwdHlwZSUzRCUyMnRleHQlMkZqYXZhc2NyaXB0JTIyJTNFJTIwJTBBJTBBdmFyJTIwc2VhcmNoVVJMJTIwJTNEJTIwJTIyc29ydCUzRERBVEUlMjZ1c2UlM0RNdWx0aXB1cnBvc2UlMkNVcGhvbHN0ZXJ5JTJDQ3VydGFpbnMlMjZjb2xsZWN0aW9uJTNET3NjYXIlMjBEZSUyMExhJTIwUmVudGElMjBJaWklMjIlM0IlMEElMEElM0MlMkZzY3JpcHQlM0U=[\/vc_raw_js][\/vc_column][\/vc_row]<\/div>","protected":false},"excerpt":{"rendered":"[vc_row][vc_column][vc_column_text]Avec un sens color\u00e9 d&#8217;\u00e9l\u00e9gance contemporaine et un clin d\u2019\u0153il au monde de la mode, la troisi\u00e8me collection d&#8217;Oscar de la Renta pour Lee Jofa refl\u00e8te la sensibilit\u00e9 \u00e9clectique et l&#8217;essence m\u00eame du style de son cr\u00e9ateur, toujours si original et exceptionnellement chic. La collection rend hommage \u00e0 l&#8217;incroyable talent de Monsieur de la Renta&#8230; <a class=\"view-article\" href=\"https:\/\/www.gpjbaker.com\/fr\/marques\/lee-jofa\/oscar-de-la-renta-iii\/\">Voir l&#8217;article<\/a>","protected":false},"author":6,"featured_media":0,"parent":5287,"menu_order":11,"comment_status":"closed","ping_status":"closed","template":"template-collections.php","meta":{"footnotes":""},"class_list":["post-7081","page","type-page","status-publish","hentry","page_language-fr"],"yoast_head":"<!-- This site is optimized with the Yoast SEO plugin v26.8 - https:\/\/yoast.com\/product\/yoast-seo-wordpress\/ -->\n<title>Oscar de la Renta III - G P &amp; J Baker<\/title>\n<meta name=\"robots\" content=\"index, follow, max-snippet:-1, max-image-preview:large, max-video-preview:-1\" \/>\n<link rel=\"canonical\" href=\"https:\/\/www.gpjbaker.com\/fr\/marques\/lee-jofa\/oscar-de-la-renta-iii\/\" \/>\n<meta property=\"og:locale\" content=\"fr_FR\" \/>\n<meta property=\"og:type\" content=\"article\" \/>\n<meta property=\"og:title\" content=\"Oscar de la Renta III - G P &amp; J Baker\" \/>\n<meta property=\"og:description\" content=\"[vc_row][vc_column][vc_column_text]Avec un sens color\u00e9 d&#8217;\u00e9l\u00e9gance contemporaine et un clin d\u2019\u0153il au monde de la mode, la troisi\u00e8me collection d&#8217;Oscar de la Renta pour Lee Jofa refl\u00e8te la sensibilit\u00e9 \u00e9clectique et l&#8217;essence m\u00eame du style de son cr\u00e9ateur, toujours si original et exceptionnellement chic. La collection rend hommage \u00e0 l&#8217;incroyable talent de Monsieur de la Renta... Voir l&#039;article\" \/>\n<meta property=\"og:url\" content=\"https:\/\/www.gpjbaker.com\/fr\/marques\/lee-jofa\/oscar-de-la-renta-iii\/\" \/>\n<meta property=\"og:site_name\" content=\"G P &amp; J Baker\" \/>\n<meta property=\"article:modified_time\" content=\"2025-09-08T19:45:35+00:00\" \/>\n<meta name=\"twitter:card\" content=\"summary_large_image\" \/>\n<meta name=\"twitter:label1\" content=\"Est. reading time\" \/>\n\t<meta name=\"twitter:data1\" content=\"1 minute\" \/>\n<script type=\"application\/ld+json\" class=\"yoast-schema-graph\">{\"@context\":\"https:\/\/schema.org\",\"@graph\":[{\"@type\":\"WebPage\",\"@id\":\"https:\/\/www.gpjbaker.com\/fr\/marques\/lee-jofa\/oscar-de-la-renta-iii\/\",\"url\":\"https:\/\/www.gpjbaker.com\/fr\/marques\/lee-jofa\/oscar-de-la-renta-iii\/\",\"name\":\"Oscar de la Renta III - G P &amp; J Baker\",\"isPartOf\":{\"@id\":\"https:\/\/www.gpjbaker.com\/#website\"},\"datePublished\":\"2017-09-19T20:03:08+00:00\",\"dateModified\":\"2025-09-08T19:45:35+00:00\",\"breadcrumb\":{\"@id\":\"https:\/\/www.gpjbaker.com\/fr\/marques\/lee-jofa\/oscar-de-la-renta-iii\/#breadcrumb\"},\"inLanguage\":\"fr-FR\",\"potentialAction\":[{\"@type\":\"ReadAction\",\"target\":[\"https:\/\/www.gpjbaker.com\/fr\/marques\/lee-jofa\/oscar-de-la-renta-iii\/\"]}]},{\"@type\":\"BreadcrumbList\",\"@id\":\"https:\/\/www.gpjbaker.com\/fr\/marques\/lee-jofa\/oscar-de-la-renta-iii\/#breadcrumb\",\"itemListElement\":[{\"@type\":\"ListItem\",\"position\":1,\"name\":\"Home\",\"item\":\"https:\/\/www.gpjbaker.com\/fr\/\"},{\"@type\":\"ListItem\",\"position\":2,\"name\":\"Marques\",\"item\":\"https:\/\/www.gpjbaker.com\/fr\/marques\/\"},{\"@type\":\"ListItem\",\"position\":3,\"name\":\"Lee Jofa\",\"item\":\"https:\/\/www.gpjbaker.com\/fr\/marques\/lee-jofa\/\"},{\"@type\":\"ListItem\",\"position\":4,\"name\":\"Oscar de la Renta III\"}]},{\"@type\":\"WebSite\",\"@id\":\"https:\/\/www.gpjbaker.com\/#website\",\"url\":\"https:\/\/www.gpjbaker.com\/\",\"name\":\"G P &amp; J Baker\",\"description\":\"\",\"potentialAction\":[{\"@type\":\"SearchAction\",\"target\":{\"@type\":\"EntryPoint\",\"urlTemplate\":\"https:\/\/www.gpjbaker.com\/?s={search_term_string}\"},\"query-input\":{\"@type\":\"PropertyValueSpecification\",\"valueRequired\":true,\"valueName\":\"search_term_string\"}}],\"inLanguage\":\"fr-FR\"}]}<\/script>\n<!-- \/ Yoast SEO plugin. -->","yoast_head_json":{"title":"Oscar de la Renta III - G P &amp; J Baker","robots":{"index":"index","follow":"follow","max-snippet":"max-snippet:-1","max-image-preview":"max-image-preview:large","max-video-preview":"max-video-preview:-1"},"canonical":"https:\/\/www.gpjbaker.com\/fr\/marques\/lee-jofa\/oscar-de-la-renta-iii\/","og_locale":"fr_FR","og_type":"article","og_title":"Oscar de la Renta III - G P &amp; J Baker","og_description":"[vc_row][vc_column][vc_column_text]Avec un sens color\u00e9 d&#8217;\u00e9l\u00e9gance contemporaine et un clin d\u2019\u0153il au monde de la mode, la troisi\u00e8me collection d&#8217;Oscar de la Renta pour Lee Jofa refl\u00e8te la sensibilit\u00e9 \u00e9clectique et l&#8217;essence m\u00eame du style de son cr\u00e9ateur, toujours si original et exceptionnellement chic. La collection rend hommage \u00e0 l&#8217;incroyable talent de Monsieur de la Renta... Voir l'article","og_url":"https:\/\/www.gpjbaker.com\/fr\/marques\/lee-jofa\/oscar-de-la-renta-iii\/","og_site_name":"G P &amp; J Baker","article_modified_time":"2025-09-08T19:45:35+00:00","twitter_card":"summary_large_image","twitter_misc":{"Est. reading time":"1 minute"},"schema":{"@context":"https:\/\/schema.org","@graph":[{"@type":"WebPage","@id":"https:\/\/www.gpjbaker.com\/fr\/marques\/lee-jofa\/oscar-de-la-renta-iii\/","url":"https:\/\/www.gpjbaker.com\/fr\/marques\/lee-jofa\/oscar-de-la-renta-iii\/","name":"Oscar de la Renta III - G P &amp; J Baker","isPartOf":{"@id":"https:\/\/www.gpjbaker.com\/#website"},"datePublished":"2017-09-19T20:03:08+00:00","dateModified":"2025-09-08T19:45:35+00:00","breadcrumb":{"@id":"https:\/\/www.gpjbaker.com\/fr\/marques\/lee-jofa\/oscar-de-la-renta-iii\/#breadcrumb"},"inLanguage":"fr-FR","potentialAction":[{"@type":"ReadAction","target":["https:\/\/www.gpjbaker.com\/fr\/marques\/lee-jofa\/oscar-de-la-renta-iii\/"]}]},{"@type":"BreadcrumbList","@id":"https:\/\/www.gpjbaker.com\/fr\/marques\/lee-jofa\/oscar-de-la-renta-iii\/#breadcrumb","itemListElement":[{"@type":"ListItem","position":1,"name":"Home","item":"https:\/\/www.gpjbaker.com\/fr\/"},{"@type":"ListItem","position":2,"name":"Marques","item":"https:\/\/www.gpjbaker.com\/fr\/marques\/"},{"@type":"ListItem","position":3,"name":"Lee Jofa","item":"https:\/\/www.gpjbaker.com\/fr\/marques\/lee-jofa\/"},{"@type":"ListItem","position":4,"name":"Oscar de la Renta III"}]},{"@type":"WebSite","@id":"https:\/\/www.gpjbaker.com\/#website","url":"https:\/\/www.gpjbaker.com\/","name":"G P &amp; J Baker","description":"","potentialAction":[{"@type":"SearchAction","target":{"@type":"EntryPoint","urlTemplate":"https:\/\/www.gpjbaker.com\/?s={search_term_string}"},"query-input":{"@type":"PropertyValueSpecification","valueRequired":true,"valueName":"search_term_string"}}],"inLanguage":"fr-FR"}]}},"_links":{"self":[{"href":"https:\/\/www.gpjbaker.com\/fr\/wp-json\/wp\/v2\/pages\/7081","targetHints":{"allow":["GET"]}}],"collection":[{"href":"https:\/\/www.gpjbaker.com\/fr\/wp-json\/wp\/v2\/pages"}],"about":[{"href":"https:\/\/www.gpjbaker.com\/fr\/wp-json\/wp\/v2\/types\/page"}],"author":[{"embeddable":true,"href":"https:\/\/www.gpjbaker.com\/fr\/wp-json\/wp\/v2\/users\/6"}],"replies":[{"embeddable":true,"href":"https:\/\/www.gpjbaker.com\/fr\/wp-json\/wp\/v2\/comments?post=7081"}],"version-history":[{"count":2,"href":"https:\/\/www.gpjbaker.com\/fr\/wp-json\/wp\/v2\/pages\/7081\/revisions"}],"predecessor-version":[{"id":7083,"href":"https:\/\/www.gpjbaker.com\/fr\/wp-json\/wp\/v2\/pages\/7081\/revisions\/7083"}],"up":[{"embeddable":true,"href":"https:\/\/www.gpjbaker.com\/fr\/wp-json\/wp\/v2\/pages\/5287"}],"wp:attachment":[{"href":"https:\/\/www.gpjbaker.com\/fr\/wp-json\/wp\/v2\/media?parent=7081"}],"curies":[{"name":"wp","href":"https:\/\/api.w.org\/{rel}","templated":true}]}}