{"id":6745,"date":"2017-03-28T05:42:34","date_gmt":"2017-03-28T10:42:34","guid":{"rendered":"http:\/\/gpjbaker.kravet.us\/marques\/gp-j-baker\/essential-colours\/"},"modified":"2025-09-11T13:03:32","modified_gmt":"2025-09-11T18:03:32","slug":"essential-colours","status":"publish","type":"page","link":"https:\/\/www.gpjbaker.com\/fr\/marques\/gp-j-baker\/essential-colours\/","title":{"rendered":"Essential Colours"},"content":{"rendered":"<div class=\"wpb-content-wrapper\">[vc_row][vc_column][vc_column_text]&#8221;Essential Colours&#8221;, une collection tr\u00e8s compl\u00e8te de beaux tissus d\u00e9clin\u00e9s dans des coloris intemporels, faciles \u00e0 vivre.\u00a0\u00c9l\u00e9gante, contemporaine et extr\u00eamement polyvalente, cette collection propose de somptueux fils de maille chenilles, d&#8217;\u00e9l\u00e9gants chevrons, de petits motifs g\u00e9om\u00e9triques et de faux unis en jacquard.\r\n\r\nLa large palette de ses coloris propose des teintes neutres, \u00e9l\u00e9gantes et sophistiqu\u00e9es, des rouges somptueux, des bleus \u00e9clatants et de profonds indigos.\r\n\r\n&#8220;Essential Colours&#8221; a \u00e9t\u00e9 cr\u00e9\u00e9e pour \u00eatre assortie \u00e0 l&#8217;une des nombreuses collections de GP &amp; J Baker. C&#8217;est aussi une collection \u00e0 part enti\u00e8re. Cette collection tr\u00e8s compl\u00e8te constitue d&#8217;excellentes ressources pour toutes sortes de d\u00e9corations d&#8217;int\u00e9rieurs.[\/vc_column_text][\/vc_column][\/vc_row][vc_row][vc_column][vc_raw_js]JTNDc2NyaXB0JTIwdHlwZSUzRCUyMnRleHQlMkZqYXZhc2NyaXB0JTIyJTNFJTIwJTBBJTBBdmFyJTIwc2VhcmNoVVJMJTIwJTNEJTIwJTIyc29ydCUzRERBVEUlMjZ1c2UlM0RNdWx0aXB1cnBvc2UlMkNVcGhvbHN0ZXJ5JTJDQ3VydGFpbnMlMjZjb2xsZWN0aW9uJTNERXNzZW50aWFsJTIwQ29sb3VycyUyMiUzQiUwQSUwQSUzQyUyRnNjcmlwdCUzRSUwQQ==[\/vc_raw_js][\/vc_column][\/vc_row]<\/div>","protected":false},"excerpt":{"rendered":"[vc_row][vc_column][vc_column_text]&#8221;Essential Colours&#8221;, une collection tr\u00e8s compl\u00e8te de beaux tissus d\u00e9clin\u00e9s dans des coloris intemporels, faciles \u00e0 vivre.\u00a0\u00c9l\u00e9gante, contemporaine et extr\u00eamement polyvalente, cette collection propose de somptueux fils de maille chenilles, d&#8217;\u00e9l\u00e9gants chevrons, de petits motifs g\u00e9om\u00e9triques et de faux unis en jacquard. La large palette de ses coloris propose des teintes neutres, \u00e9l\u00e9gantes et sophistiqu\u00e9es,&#8230; <a class=\"view-article\" href=\"https:\/\/www.gpjbaker.com\/fr\/marques\/gp-j-baker\/essential-colours\/\">Voir l&#8217;article<\/a>","protected":false},"author":6,"featured_media":6702,"parent":4605,"menu_order":5,"comment_status":"closed","ping_status":"closed","template":"template-collections.php","meta":{"footnotes":""},"class_list":["post-6745","page","type-page","status-publish","has-post-thumbnail","hentry","page_language-fr"],"yoast_head":"<!-- This site is optimized with the Yoast SEO plugin v26.8 - https:\/\/yoast.com\/product\/yoast-seo-wordpress\/ -->\n<title>Essential Colours - G P &amp; J Baker<\/title>\n<meta name=\"robots\" content=\"index, follow, max-snippet:-1, max-image-preview:large, max-video-preview:-1\" \/>\n<link rel=\"canonical\" href=\"https:\/\/www.gpjbaker.com\/fr\/marques\/gp-j-baker\/essential-colours\/\" \/>\n<meta property=\"og:locale\" content=\"fr_FR\" \/>\n<meta property=\"og:type\" content=\"article\" \/>\n<meta property=\"og:title\" content=\"Essential Colours - G P &amp; J Baker\" \/>\n<meta property=\"og:description\" content=\"[vc_row][vc_column][vc_column_text]&#8221;Essential Colours&#8221;, une collection tr\u00e8s compl\u00e8te de beaux tissus d\u00e9clin\u00e9s dans des coloris intemporels, faciles \u00e0 vivre.\u00a0\u00c9l\u00e9gante, contemporaine et extr\u00eamement polyvalente, cette collection propose de somptueux fils de maille chenilles, d&#8217;\u00e9l\u00e9gants chevrons, de petits motifs g\u00e9om\u00e9triques et de faux unis en jacquard. La large palette de ses coloris propose des teintes neutres, \u00e9l\u00e9gantes et sophistiqu\u00e9es,... Voir l&#039;article\" \/>\n<meta property=\"og:url\" content=\"https:\/\/www.gpjbaker.com\/fr\/marques\/gp-j-baker\/essential-colours\/\" \/>\n<meta property=\"og:site_name\" content=\"G P &amp; J Baker\" \/>\n<meta property=\"article:modified_time\" content=\"2025-09-11T18:03:32+00:00\" \/>\n<meta property=\"og:image\" content=\"https:\/\/www.gpjbaker.com\/wp-content\/uploads\/2017\/03\/Essential-Colours-Thumb.jpg\" \/>\n\t<meta property=\"og:image:width\" content=\"400\" \/>\n\t<meta property=\"og:image:height\" content=\"255\" \/>\n\t<meta property=\"og:image:type\" content=\"image\/jpeg\" \/>\n<meta name=\"twitter:card\" content=\"summary_large_image\" \/>\n<meta name=\"twitter:label1\" content=\"Est. reading time\" \/>\n\t<meta name=\"twitter:data1\" content=\"1 minute\" \/>\n<script type=\"application\/ld+json\" class=\"yoast-schema-graph\">{\"@context\":\"https:\/\/schema.org\",\"@graph\":[{\"@type\":\"WebPage\",\"@id\":\"https:\/\/www.gpjbaker.com\/fr\/marques\/gp-j-baker\/essential-colours\/\",\"url\":\"https:\/\/www.gpjbaker.com\/fr\/marques\/gp-j-baker\/essential-colours\/\",\"name\":\"Essential Colours - G P &amp; J Baker\",\"isPartOf\":{\"@id\":\"https:\/\/www.gpjbaker.com\/#website\"},\"primaryImageOfPage\":{\"@id\":\"https:\/\/www.gpjbaker.com\/fr\/marques\/gp-j-baker\/essential-colours\/#primaryimage\"},\"image\":{\"@id\":\"https:\/\/www.gpjbaker.com\/fr\/marques\/gp-j-baker\/essential-colours\/#primaryimage\"},\"thumbnailUrl\":\"https:\/\/www.gpjbaker.com\/wp-content\/uploads\/2017\/03\/Essential-Colours-Thumb.jpg\",\"datePublished\":\"2017-03-28T10:42:34+00:00\",\"dateModified\":\"2025-09-11T18:03:32+00:00\",\"breadcrumb\":{\"@id\":\"https:\/\/www.gpjbaker.com\/fr\/marques\/gp-j-baker\/essential-colours\/#breadcrumb\"},\"inLanguage\":\"fr-FR\",\"potentialAction\":[{\"@type\":\"ReadAction\",\"target\":[\"https:\/\/www.gpjbaker.com\/fr\/marques\/gp-j-baker\/essential-colours\/\"]}]},{\"@type\":\"ImageObject\",\"inLanguage\":\"fr-FR\",\"@id\":\"https:\/\/www.gpjbaker.com\/fr\/marques\/gp-j-baker\/essential-colours\/#primaryimage\",\"url\":\"https:\/\/www.gpjbaker.com\/wp-content\/uploads\/2017\/03\/Essential-Colours-Thumb.jpg\",\"contentUrl\":\"https:\/\/www.gpjbaker.com\/wp-content\/uploads\/2017\/03\/Essential-Colours-Thumb.jpg\",\"width\":400,\"height\":255,\"caption\":\"Une \u00e9l\u00e9gante et large gamme de tissus contemporains d\u00e9clin\u00e9e en six palettes de couleurs distinctes\"},{\"@type\":\"BreadcrumbList\",\"@id\":\"https:\/\/www.gpjbaker.com\/fr\/marques\/gp-j-baker\/essential-colours\/#breadcrumb\",\"itemListElement\":[{\"@type\":\"ListItem\",\"position\":1,\"name\":\"Home\",\"item\":\"https:\/\/www.gpjbaker.com\/fr\/\"},{\"@type\":\"ListItem\",\"position\":2,\"name\":\"Marques\",\"item\":\"https:\/\/www.gpjbaker.com\/fr\/marques\/\"},{\"@type\":\"ListItem\",\"position\":3,\"name\":\"GP &#038; J Baker\",\"item\":\"https:\/\/www.gpjbaker.com\/fr\/marques\/gp-j-baker\/\"},{\"@type\":\"ListItem\",\"position\":4,\"name\":\"Essential Colours\"}]},{\"@type\":\"WebSite\",\"@id\":\"https:\/\/www.gpjbaker.com\/#website\",\"url\":\"https:\/\/www.gpjbaker.com\/\",\"name\":\"G P &amp; J Baker\",\"description\":\"\",\"potentialAction\":[{\"@type\":\"SearchAction\",\"target\":{\"@type\":\"EntryPoint\",\"urlTemplate\":\"https:\/\/www.gpjbaker.com\/?s={search_term_string}\"},\"query-input\":{\"@type\":\"PropertyValueSpecification\",\"valueRequired\":true,\"valueName\":\"search_term_string\"}}],\"inLanguage\":\"fr-FR\"}]}<\/script>\n<!-- \/ Yoast SEO plugin. -->","yoast_head_json":{"title":"Essential Colours - G P &amp; J Baker","robots":{"index":"index","follow":"follow","max-snippet":"max-snippet:-1","max-image-preview":"max-image-preview:large","max-video-preview":"max-video-preview:-1"},"canonical":"https:\/\/www.gpjbaker.com\/fr\/marques\/gp-j-baker\/essential-colours\/","og_locale":"fr_FR","og_type":"article","og_title":"Essential Colours - G P &amp; J Baker","og_description":"[vc_row][vc_column][vc_column_text]&#8221;Essential Colours&#8221;, une collection tr\u00e8s compl\u00e8te de beaux tissus d\u00e9clin\u00e9s dans des coloris intemporels, faciles \u00e0 vivre.\u00a0\u00c9l\u00e9gante, contemporaine et extr\u00eamement polyvalente, cette collection propose de somptueux fils de maille chenilles, d&#8217;\u00e9l\u00e9gants chevrons, de petits motifs g\u00e9om\u00e9triques et de faux unis en jacquard. La large palette de ses coloris propose des teintes neutres, \u00e9l\u00e9gantes et sophistiqu\u00e9es,... Voir l'article","og_url":"https:\/\/www.gpjbaker.com\/fr\/marques\/gp-j-baker\/essential-colours\/","og_site_name":"G P &amp; J Baker","article_modified_time":"2025-09-11T18:03:32+00:00","og_image":[{"width":400,"height":255,"url":"https:\/\/www.gpjbaker.com\/wp-content\/uploads\/2017\/03\/Essential-Colours-Thumb.jpg","type":"image\/jpeg"}],"twitter_card":"summary_large_image","twitter_misc":{"Est. reading time":"1 minute"},"schema":{"@context":"https:\/\/schema.org","@graph":[{"@type":"WebPage","@id":"https:\/\/www.gpjbaker.com\/fr\/marques\/gp-j-baker\/essential-colours\/","url":"https:\/\/www.gpjbaker.com\/fr\/marques\/gp-j-baker\/essential-colours\/","name":"Essential Colours - G P &amp; J Baker","isPartOf":{"@id":"https:\/\/www.gpjbaker.com\/#website"},"primaryImageOfPage":{"@id":"https:\/\/www.gpjbaker.com\/fr\/marques\/gp-j-baker\/essential-colours\/#primaryimage"},"image":{"@id":"https:\/\/www.gpjbaker.com\/fr\/marques\/gp-j-baker\/essential-colours\/#primaryimage"},"thumbnailUrl":"https:\/\/www.gpjbaker.com\/wp-content\/uploads\/2017\/03\/Essential-Colours-Thumb.jpg","datePublished":"2017-03-28T10:42:34+00:00","dateModified":"2025-09-11T18:03:32+00:00","breadcrumb":{"@id":"https:\/\/www.gpjbaker.com\/fr\/marques\/gp-j-baker\/essential-colours\/#breadcrumb"},"inLanguage":"fr-FR","potentialAction":[{"@type":"ReadAction","target":["https:\/\/www.gpjbaker.com\/fr\/marques\/gp-j-baker\/essential-colours\/"]}]},{"@type":"ImageObject","inLanguage":"fr-FR","@id":"https:\/\/www.gpjbaker.com\/fr\/marques\/gp-j-baker\/essential-colours\/#primaryimage","url":"https:\/\/www.gpjbaker.com\/wp-content\/uploads\/2017\/03\/Essential-Colours-Thumb.jpg","contentUrl":"https:\/\/www.gpjbaker.com\/wp-content\/uploads\/2017\/03\/Essential-Colours-Thumb.jpg","width":400,"height":255,"caption":"Une \u00e9l\u00e9gante et large gamme de tissus contemporains d\u00e9clin\u00e9e en six palettes de couleurs distinctes"},{"@type":"BreadcrumbList","@id":"https:\/\/www.gpjbaker.com\/fr\/marques\/gp-j-baker\/essential-colours\/#breadcrumb","itemListElement":[{"@type":"ListItem","position":1,"name":"Home","item":"https:\/\/www.gpjbaker.com\/fr\/"},{"@type":"ListItem","position":2,"name":"Marques","item":"https:\/\/www.gpjbaker.com\/fr\/marques\/"},{"@type":"ListItem","position":3,"name":"GP &#038; J Baker","item":"https:\/\/www.gpjbaker.com\/fr\/marques\/gp-j-baker\/"},{"@type":"ListItem","position":4,"name":"Essential Colours"}]},{"@type":"WebSite","@id":"https:\/\/www.gpjbaker.com\/#website","url":"https:\/\/www.gpjbaker.com\/","name":"G P &amp; J Baker","description":"","potentialAction":[{"@type":"SearchAction","target":{"@type":"EntryPoint","urlTemplate":"https:\/\/www.gpjbaker.com\/?s={search_term_string}"},"query-input":{"@type":"PropertyValueSpecification","valueRequired":true,"valueName":"search_term_string"}}],"inLanguage":"fr-FR"}]}},"_links":{"self":[{"href":"https:\/\/www.gpjbaker.com\/fr\/wp-json\/wp\/v2\/pages\/6745","targetHints":{"allow":["GET"]}}],"collection":[{"href":"https:\/\/www.gpjbaker.com\/fr\/wp-json\/wp\/v2\/pages"}],"about":[{"href":"https:\/\/www.gpjbaker.com\/fr\/wp-json\/wp\/v2\/types\/page"}],"author":[{"embeddable":true,"href":"https:\/\/www.gpjbaker.com\/fr\/wp-json\/wp\/v2\/users\/6"}],"replies":[{"embeddable":true,"href":"https:\/\/www.gpjbaker.com\/fr\/wp-json\/wp\/v2\/comments?post=6745"}],"version-history":[{"count":3,"href":"https:\/\/www.gpjbaker.com\/fr\/wp-json\/wp\/v2\/pages\/6745\/revisions"}],"predecessor-version":[{"id":6753,"href":"https:\/\/www.gpjbaker.com\/fr\/wp-json\/wp\/v2\/pages\/6745\/revisions\/6753"}],"up":[{"embeddable":true,"href":"https:\/\/www.gpjbaker.com\/fr\/wp-json\/wp\/v2\/pages\/4605"}],"wp:featuredmedia":[{"embeddable":true,"href":"https:\/\/www.gpjbaker.com\/fr\/wp-json\/wp\/v2\/media\/6702"}],"wp:attachment":[{"href":"https:\/\/www.gpjbaker.com\/fr\/wp-json\/wp\/v2\/media?parent=6745"}],"curies":[{"name":"wp","href":"https:\/\/api.w.org\/{rel}","templated":true}]}}