{"id":6744,"date":"2017-03-28T05:05:18","date_gmt":"2017-03-28T10:05:18","guid":{"rendered":"http:\/\/gpjbaker.kravet.us\/marques\/baker-lifestyle\/notebooks\/"},"modified":"2025-09-08T12:50:24","modified_gmt":"2025-09-08T17:50:24","slug":"notebooks","status":"publish","type":"page","link":"https:\/\/www.gpjbaker.com\/fr\/marques\/baker-lifestyle\/notebooks\/","title":{"rendered":"Notebooks"},"content":{"rendered":"<div class=\"wpb-content-wrapper\">[vc_row][vc_column][vc_column_text]Huit \u00e9l\u00e9gants motifs contemporains : passe-partout, lavables, robustes, d\u00e9clin\u00e9s dans toute une gamme de coloris, \u00e0 un prix tr\u00e8s \u00e9tudi\u00e9.\r\n\r\nBaker Lifestyle a cr\u00e9\u00e9 une collection de tissus extr\u00eamement r\u00e9sistants, d\u00e9clin\u00e9s dans des coloris vifs, des teintes unies, des imitations cuir tr\u00e8s tendances et des velours soyeux.\u00a0Tr\u00e8s polyvalente et d&#8217;un excellent rapport qualit\u00e9 prix, ses tr\u00e8s nombreux coloris, aux teintes \u00e9clatantes ou sourdes et neutres offrent un tr\u00e8s large choix.\r\n\r\nCette \u00e9l\u00e9gante collection contemporaine, passe-partout, lavable et extr\u00eamement r\u00e9sistante, convient aussi bien \u00e0 un usage domestique que commercial.[\/vc_column_text][\/vc_column][\/vc_row][vc_row][vc_column][vc_raw_js]JTNDc2NyaXB0JTIwdHlwZSUzRCUyMnRleHQlMkZqYXZhc2NyaXB0JTIyJTNFJTIwJTBBJTBBdmFyJTIwc2VhcmNoVVJMJTIwJTNEJTIwJTIyc29ydCUzRERBVEUlMjZ1c2UlM0RNdWx0aXB1cnBvc2UlMkNVcGhvbHN0ZXJ5JTJDQ3VydGFpbnMlMjZjb2xsZWN0aW9uJTNETm90ZWJvb2tzJTIyJTNCJTBBJTBBJTNDJTJGc2NyaXB0JTNF[\/vc_raw_js][\/vc_column][\/vc_row]<\/div>","protected":false},"excerpt":{"rendered":"[vc_row][vc_column][vc_column_text]Huit \u00e9l\u00e9gants motifs contemporains : passe-partout, lavables, robustes, d\u00e9clin\u00e9s dans toute une gamme de coloris, \u00e0 un prix tr\u00e8s \u00e9tudi\u00e9. Baker Lifestyle a cr\u00e9\u00e9 une collection de tissus extr\u00eamement r\u00e9sistants, d\u00e9clin\u00e9s dans des coloris vifs, des teintes unies, des imitations cuir tr\u00e8s tendances et des velours soyeux.\u00a0Tr\u00e8s polyvalente et d&#8217;un excellent rapport qualit\u00e9 prix, ses&#8230; <a class=\"view-article\" href=\"https:\/\/www.gpjbaker.com\/fr\/marques\/baker-lifestyle\/notebooks\/\">Voir l&#8217;article<\/a>","protected":false},"author":6,"featured_media":6697,"parent":5290,"menu_order":3,"comment_status":"closed","ping_status":"closed","template":"template-collections.php","meta":{"footnotes":""},"class_list":["post-6744","page","type-page","status-publish","has-post-thumbnail","hentry","page_language-fr"],"yoast_head":"<!-- This site is optimized with the Yoast SEO plugin v26.8 - https:\/\/yoast.com\/product\/yoast-seo-wordpress\/ -->\n<title>Notebooks - G P &amp; J Baker<\/title>\n<meta name=\"robots\" content=\"index, follow, max-snippet:-1, max-image-preview:large, max-video-preview:-1\" \/>\n<link rel=\"canonical\" href=\"https:\/\/www.gpjbaker.com\/fr\/marques\/baker-lifestyle\/notebooks\/\" \/>\n<meta property=\"og:locale\" content=\"fr_FR\" \/>\n<meta property=\"og:type\" content=\"article\" \/>\n<meta property=\"og:title\" content=\"Notebooks - G P &amp; J Baker\" \/>\n<meta property=\"og:description\" content=\"[vc_row][vc_column][vc_column_text]Huit \u00e9l\u00e9gants motifs contemporains : passe-partout, lavables, robustes, d\u00e9clin\u00e9s dans toute une gamme de coloris, \u00e0 un prix tr\u00e8s \u00e9tudi\u00e9. Baker Lifestyle a cr\u00e9\u00e9 une collection de tissus extr\u00eamement r\u00e9sistants, d\u00e9clin\u00e9s dans des coloris vifs, des teintes unies, des imitations cuir tr\u00e8s tendances et des velours soyeux.\u00a0Tr\u00e8s polyvalente et d&#8217;un excellent rapport qualit\u00e9 prix, ses... Voir l&#039;article\" \/>\n<meta property=\"og:url\" content=\"https:\/\/www.gpjbaker.com\/fr\/marques\/baker-lifestyle\/notebooks\/\" \/>\n<meta property=\"og:site_name\" content=\"G P &amp; J Baker\" \/>\n<meta property=\"article:modified_time\" content=\"2025-09-08T17:50:24+00:00\" \/>\n<meta property=\"og:image\" content=\"https:\/\/www.gpjbaker.com\/wp-content\/uploads\/2017\/03\/Notebooks-Thumb.jpg\" \/>\n\t<meta property=\"og:image:width\" content=\"400\" \/>\n\t<meta property=\"og:image:height\" content=\"255\" \/>\n\t<meta property=\"og:image:type\" content=\"image\/jpeg\" \/>\n<meta name=\"twitter:card\" content=\"summary_large_image\" \/>\n<meta name=\"twitter:label1\" content=\"Est. reading time\" \/>\n\t<meta name=\"twitter:data1\" content=\"1 minute\" \/>\n<script type=\"application\/ld+json\" class=\"yoast-schema-graph\">{\"@context\":\"https:\/\/schema.org\",\"@graph\":[{\"@type\":\"WebPage\",\"@id\":\"https:\/\/www.gpjbaker.com\/fr\/marques\/baker-lifestyle\/notebooks\/\",\"url\":\"https:\/\/www.gpjbaker.com\/fr\/marques\/baker-lifestyle\/notebooks\/\",\"name\":\"Notebooks - G P &amp; J Baker\",\"isPartOf\":{\"@id\":\"https:\/\/www.gpjbaker.com\/#website\"},\"primaryImageOfPage\":{\"@id\":\"https:\/\/www.gpjbaker.com\/fr\/marques\/baker-lifestyle\/notebooks\/#primaryimage\"},\"image\":{\"@id\":\"https:\/\/www.gpjbaker.com\/fr\/marques\/baker-lifestyle\/notebooks\/#primaryimage\"},\"thumbnailUrl\":\"https:\/\/www.gpjbaker.com\/wp-content\/uploads\/2017\/03\/Notebooks-Thumb.jpg\",\"datePublished\":\"2017-03-28T10:05:18+00:00\",\"dateModified\":\"2025-09-08T17:50:24+00:00\",\"breadcrumb\":{\"@id\":\"https:\/\/www.gpjbaker.com\/fr\/marques\/baker-lifestyle\/notebooks\/#breadcrumb\"},\"inLanguage\":\"fr-FR\",\"potentialAction\":[{\"@type\":\"ReadAction\",\"target\":[\"https:\/\/www.gpjbaker.com\/fr\/marques\/baker-lifestyle\/notebooks\/\"]}]},{\"@type\":\"ImageObject\",\"inLanguage\":\"fr-FR\",\"@id\":\"https:\/\/www.gpjbaker.com\/fr\/marques\/baker-lifestyle\/notebooks\/#primaryimage\",\"url\":\"https:\/\/www.gpjbaker.com\/wp-content\/uploads\/2017\/03\/Notebooks-Thumb.jpg\",\"contentUrl\":\"https:\/\/www.gpjbaker.com\/wp-content\/uploads\/2017\/03\/Notebooks-Thumb.jpg\",\"width\":400,\"height\":255,\"caption\":\"Huit \u00e9l\u00e9gants motifs contemporains : passe-partout, lavables, robustes, d\u00e9clin\u00e9s dans toute une gamme de coloris, \u00e0 un prix tr\u00e8s \u00e9tudi\u00e9\"},{\"@type\":\"BreadcrumbList\",\"@id\":\"https:\/\/www.gpjbaker.com\/fr\/marques\/baker-lifestyle\/notebooks\/#breadcrumb\",\"itemListElement\":[{\"@type\":\"ListItem\",\"position\":1,\"name\":\"Home\",\"item\":\"https:\/\/www.gpjbaker.com\/fr\/\"},{\"@type\":\"ListItem\",\"position\":2,\"name\":\"Marques\",\"item\":\"https:\/\/www.gpjbaker.com\/fr\/marques\/\"},{\"@type\":\"ListItem\",\"position\":3,\"name\":\"Baker Lifestyle\",\"item\":\"https:\/\/www.gpjbaker.com\/fr\/marques\/baker-lifestyle\/\"},{\"@type\":\"ListItem\",\"position\":4,\"name\":\"Notebooks\"}]},{\"@type\":\"WebSite\",\"@id\":\"https:\/\/www.gpjbaker.com\/#website\",\"url\":\"https:\/\/www.gpjbaker.com\/\",\"name\":\"G P &amp; J Baker\",\"description\":\"\",\"potentialAction\":[{\"@type\":\"SearchAction\",\"target\":{\"@type\":\"EntryPoint\",\"urlTemplate\":\"https:\/\/www.gpjbaker.com\/?s={search_term_string}\"},\"query-input\":{\"@type\":\"PropertyValueSpecification\",\"valueRequired\":true,\"valueName\":\"search_term_string\"}}],\"inLanguage\":\"fr-FR\"}]}<\/script>\n<!-- \/ Yoast SEO plugin. -->","yoast_head_json":{"title":"Notebooks - G P &amp; J Baker","robots":{"index":"index","follow":"follow","max-snippet":"max-snippet:-1","max-image-preview":"max-image-preview:large","max-video-preview":"max-video-preview:-1"},"canonical":"https:\/\/www.gpjbaker.com\/fr\/marques\/baker-lifestyle\/notebooks\/","og_locale":"fr_FR","og_type":"article","og_title":"Notebooks - G P &amp; J Baker","og_description":"[vc_row][vc_column][vc_column_text]Huit \u00e9l\u00e9gants motifs contemporains : passe-partout, lavables, robustes, d\u00e9clin\u00e9s dans toute une gamme de coloris, \u00e0 un prix tr\u00e8s \u00e9tudi\u00e9. Baker Lifestyle a cr\u00e9\u00e9 une collection de tissus extr\u00eamement r\u00e9sistants, d\u00e9clin\u00e9s dans des coloris vifs, des teintes unies, des imitations cuir tr\u00e8s tendances et des velours soyeux.\u00a0Tr\u00e8s polyvalente et d&#8217;un excellent rapport qualit\u00e9 prix, ses... Voir l'article","og_url":"https:\/\/www.gpjbaker.com\/fr\/marques\/baker-lifestyle\/notebooks\/","og_site_name":"G P &amp; J Baker","article_modified_time":"2025-09-08T17:50:24+00:00","og_image":[{"width":400,"height":255,"url":"https:\/\/www.gpjbaker.com\/wp-content\/uploads\/2017\/03\/Notebooks-Thumb.jpg","type":"image\/jpeg"}],"twitter_card":"summary_large_image","twitter_misc":{"Est. reading time":"1 minute"},"schema":{"@context":"https:\/\/schema.org","@graph":[{"@type":"WebPage","@id":"https:\/\/www.gpjbaker.com\/fr\/marques\/baker-lifestyle\/notebooks\/","url":"https:\/\/www.gpjbaker.com\/fr\/marques\/baker-lifestyle\/notebooks\/","name":"Notebooks - G P &amp; J Baker","isPartOf":{"@id":"https:\/\/www.gpjbaker.com\/#website"},"primaryImageOfPage":{"@id":"https:\/\/www.gpjbaker.com\/fr\/marques\/baker-lifestyle\/notebooks\/#primaryimage"},"image":{"@id":"https:\/\/www.gpjbaker.com\/fr\/marques\/baker-lifestyle\/notebooks\/#primaryimage"},"thumbnailUrl":"https:\/\/www.gpjbaker.com\/wp-content\/uploads\/2017\/03\/Notebooks-Thumb.jpg","datePublished":"2017-03-28T10:05:18+00:00","dateModified":"2025-09-08T17:50:24+00:00","breadcrumb":{"@id":"https:\/\/www.gpjbaker.com\/fr\/marques\/baker-lifestyle\/notebooks\/#breadcrumb"},"inLanguage":"fr-FR","potentialAction":[{"@type":"ReadAction","target":["https:\/\/www.gpjbaker.com\/fr\/marques\/baker-lifestyle\/notebooks\/"]}]},{"@type":"ImageObject","inLanguage":"fr-FR","@id":"https:\/\/www.gpjbaker.com\/fr\/marques\/baker-lifestyle\/notebooks\/#primaryimage","url":"https:\/\/www.gpjbaker.com\/wp-content\/uploads\/2017\/03\/Notebooks-Thumb.jpg","contentUrl":"https:\/\/www.gpjbaker.com\/wp-content\/uploads\/2017\/03\/Notebooks-Thumb.jpg","width":400,"height":255,"caption":"Huit \u00e9l\u00e9gants motifs contemporains : passe-partout, lavables, robustes, d\u00e9clin\u00e9s dans toute une gamme de coloris, \u00e0 un prix tr\u00e8s \u00e9tudi\u00e9"},{"@type":"BreadcrumbList","@id":"https:\/\/www.gpjbaker.com\/fr\/marques\/baker-lifestyle\/notebooks\/#breadcrumb","itemListElement":[{"@type":"ListItem","position":1,"name":"Home","item":"https:\/\/www.gpjbaker.com\/fr\/"},{"@type":"ListItem","position":2,"name":"Marques","item":"https:\/\/www.gpjbaker.com\/fr\/marques\/"},{"@type":"ListItem","position":3,"name":"Baker Lifestyle","item":"https:\/\/www.gpjbaker.com\/fr\/marques\/baker-lifestyle\/"},{"@type":"ListItem","position":4,"name":"Notebooks"}]},{"@type":"WebSite","@id":"https:\/\/www.gpjbaker.com\/#website","url":"https:\/\/www.gpjbaker.com\/","name":"G P &amp; J Baker","description":"","potentialAction":[{"@type":"SearchAction","target":{"@type":"EntryPoint","urlTemplate":"https:\/\/www.gpjbaker.com\/?s={search_term_string}"},"query-input":{"@type":"PropertyValueSpecification","valueRequired":true,"valueName":"search_term_string"}}],"inLanguage":"fr-FR"}]}},"_links":{"self":[{"href":"https:\/\/www.gpjbaker.com\/fr\/wp-json\/wp\/v2\/pages\/6744","targetHints":{"allow":["GET"]}}],"collection":[{"href":"https:\/\/www.gpjbaker.com\/fr\/wp-json\/wp\/v2\/pages"}],"about":[{"href":"https:\/\/www.gpjbaker.com\/fr\/wp-json\/wp\/v2\/types\/page"}],"author":[{"embeddable":true,"href":"https:\/\/www.gpjbaker.com\/fr\/wp-json\/wp\/v2\/users\/6"}],"replies":[{"embeddable":true,"href":"https:\/\/www.gpjbaker.com\/fr\/wp-json\/wp\/v2\/comments?post=6744"}],"version-history":[{"count":3,"href":"https:\/\/www.gpjbaker.com\/fr\/wp-json\/wp\/v2\/pages\/6744\/revisions"}],"predecessor-version":[{"id":6756,"href":"https:\/\/www.gpjbaker.com\/fr\/wp-json\/wp\/v2\/pages\/6744\/revisions\/6756"}],"up":[{"embeddable":true,"href":"https:\/\/www.gpjbaker.com\/fr\/wp-json\/wp\/v2\/pages\/5290"}],"wp:featuredmedia":[{"embeddable":true,"href":"https:\/\/www.gpjbaker.com\/fr\/wp-json\/wp\/v2\/media\/6697"}],"wp:attachment":[{"href":"https:\/\/www.gpjbaker.com\/fr\/wp-json\/wp\/v2\/media?parent=6744"}],"curies":[{"name":"wp","href":"https:\/\/api.w.org\/{rel}","templated":true}]}}