{"id":6684,"date":"2017-03-27T11:16:38","date_gmt":"2017-03-27T16:16:38","guid":{"rendered":"http:\/\/gpjbaker.kravet.us\/?page_id=6684\/"},"modified":"2025-09-08T14:41:01","modified_gmt":"2025-09-08T19:41:01","slug":"meridian","status":"publish","type":"page","link":"https:\/\/www.gpjbaker.com\/fr\/marques\/threads\/meridian\/","title":{"rendered":"Meridian"},"content":{"rendered":"<div class=\"wpb-content-wrapper\">[vc_row][vc_column][vc_column_text]&#8221;Meridian&#8221;, la nouvelle collection de Threads, est une \u00e9tonnante interpr\u00e9tation des formes organiques et des couleurs extraordinaires qui se trouvent dans la nature. La collection propose des merveilleux jacquards en soie, de beaux imprim\u00e9s en lin, de riches toiles de lin lav\u00e9e associ\u00e9es \u00e0 de superbes flammes de velours aux tonalit\u00e9s de bleus paon, de verts, de roses et de jaunes. Tous ses motifs, compl\u00e9t\u00e9s par une s\u00e9rie r\u00e9solument moderne de tissus transparents, d\u00e9clin\u00e9s dans une audacieuse palette de teintes min\u00e9rales, composent un ensemble parfait de textures et de teintes qui refl\u00e8te la cr\u00e9ativit\u00e9 in\u00e9gal\u00e9e de Threads.[\/vc_column_text][vc_raw_js]JTNDc2NyaXB0JTIwdHlwZSUzRCUyMnRleHQlMkZqYXZhc2NyaXB0JTIyJTNFJTIwJTBBJTBBdmFyJTIwc2VhcmNoVVJMJTIwJTNEJTIwJTIyc29ydCUzRERBVEUlMjZ1c2UlM0RNdWx0aXB1cnBvc2UlMkNVcGhvbHN0ZXJ5JTJDQ3VydGFpbnMlMjZjb2xsZWN0aW9uJTNETWVyaWRpYW4lMjIlM0IlMEElMEElM0MlMkZzY3JpcHQlM0U=[\/vc_raw_js][\/vc_column][\/vc_row]<\/div>","protected":false},"excerpt":{"rendered":"[vc_row][vc_column][vc_column_text]&#8221;Meridian&#8221;, la nouvelle collection de Threads, est une \u00e9tonnante interpr\u00e9tation des formes organiques et des couleurs extraordinaires qui se trouvent dans la nature. La collection propose des merveilleux jacquards en soie, de beaux imprim\u00e9s en lin, de riches toiles de lin lav\u00e9e associ\u00e9es \u00e0 de superbes flammes de velours aux tonalit\u00e9s de bleus paon, de&#8230; <a class=\"view-article\" href=\"https:\/\/www.gpjbaker.com\/fr\/marques\/threads\/meridian\/\">Voir l&#8217;article<\/a>","protected":false},"author":6,"featured_media":6673,"parent":5289,"menu_order":1,"comment_status":"closed","ping_status":"closed","template":"template-collections.php","meta":{"footnotes":""},"class_list":["post-6684","page","type-page","status-publish","has-post-thumbnail","hentry","page_language-fr"],"yoast_head":"<!-- This site is optimized with the Yoast SEO plugin v26.8 - https:\/\/yoast.com\/product\/yoast-seo-wordpress\/ -->\n<title>Meridian - G P &amp; J Baker<\/title>\n<meta name=\"robots\" content=\"index, follow, max-snippet:-1, max-image-preview:large, max-video-preview:-1\" \/>\n<link rel=\"canonical\" href=\"https:\/\/www.gpjbaker.com\/fr\/marques\/threads\/meridian\/\" \/>\n<meta property=\"og:locale\" content=\"fr_FR\" \/>\n<meta property=\"og:type\" content=\"article\" \/>\n<meta property=\"og:title\" content=\"Meridian - G P &amp; J Baker\" \/>\n<meta property=\"og:description\" content=\"[vc_row][vc_column][vc_column_text]&#8221;Meridian&#8221;, la nouvelle collection de Threads, est une \u00e9tonnante interpr\u00e9tation des formes organiques et des couleurs extraordinaires qui se trouvent dans la nature. La collection propose des merveilleux jacquards en soie, de beaux imprim\u00e9s en lin, de riches toiles de lin lav\u00e9e associ\u00e9es \u00e0 de superbes flammes de velours aux tonalit\u00e9s de bleus paon, de... Voir l&#039;article\" \/>\n<meta property=\"og:url\" content=\"https:\/\/www.gpjbaker.com\/fr\/marques\/threads\/meridian\/\" \/>\n<meta property=\"og:site_name\" content=\"G P &amp; J Baker\" \/>\n<meta property=\"article:modified_time\" content=\"2025-09-08T19:41:01+00:00\" \/>\n<meta property=\"og:image\" content=\"https:\/\/www.gpjbaker.com\/wp-content\/uploads\/2017\/03\/meridian-thumb.jpg\" \/>\n\t<meta property=\"og:image:width\" content=\"400\" \/>\n\t<meta property=\"og:image:height\" content=\"255\" \/>\n\t<meta property=\"og:image:type\" content=\"image\/jpeg\" \/>\n<meta name=\"twitter:card\" content=\"summary_large_image\" \/>\n<meta name=\"twitter:label1\" content=\"Est. reading time\" \/>\n\t<meta name=\"twitter:data1\" content=\"1 minute\" \/>\n<script type=\"application\/ld+json\" class=\"yoast-schema-graph\">{\"@context\":\"https:\/\/schema.org\",\"@graph\":[{\"@type\":\"WebPage\",\"@id\":\"https:\/\/www.gpjbaker.com\/fr\/marques\/threads\/meridian\/\",\"url\":\"https:\/\/www.gpjbaker.com\/fr\/marques\/threads\/meridian\/\",\"name\":\"Meridian - G P &amp; J Baker\",\"isPartOf\":{\"@id\":\"https:\/\/www.gpjbaker.com\/#website\"},\"primaryImageOfPage\":{\"@id\":\"https:\/\/www.gpjbaker.com\/fr\/marques\/threads\/meridian\/#primaryimage\"},\"image\":{\"@id\":\"https:\/\/www.gpjbaker.com\/fr\/marques\/threads\/meridian\/#primaryimage\"},\"thumbnailUrl\":\"https:\/\/www.gpjbaker.com\/wp-content\/uploads\/2017\/03\/meridian-thumb.jpg\",\"datePublished\":\"2017-03-27T16:16:38+00:00\",\"dateModified\":\"2025-09-08T19:41:01+00:00\",\"breadcrumb\":{\"@id\":\"https:\/\/www.gpjbaker.com\/fr\/marques\/threads\/meridian\/#breadcrumb\"},\"inLanguage\":\"fr-FR\",\"potentialAction\":[{\"@type\":\"ReadAction\",\"target\":[\"https:\/\/www.gpjbaker.com\/fr\/marques\/threads\/meridian\/\"]}]},{\"@type\":\"ImageObject\",\"inLanguage\":\"fr-FR\",\"@id\":\"https:\/\/www.gpjbaker.com\/fr\/marques\/threads\/meridian\/#primaryimage\",\"url\":\"https:\/\/www.gpjbaker.com\/wp-content\/uploads\/2017\/03\/meridian-thumb.jpg\",\"contentUrl\":\"https:\/\/www.gpjbaker.com\/wp-content\/uploads\/2017\/03\/meridian-thumb.jpg\",\"width\":400,\"height\":255,\"caption\":\"Une superbe interpr\u00e9tation des formes organiques et des extraordinaires couleurs du monde qui nous entoure\"},{\"@type\":\"BreadcrumbList\",\"@id\":\"https:\/\/www.gpjbaker.com\/fr\/marques\/threads\/meridian\/#breadcrumb\",\"itemListElement\":[{\"@type\":\"ListItem\",\"position\":1,\"name\":\"Home\",\"item\":\"https:\/\/www.gpjbaker.com\/fr\/\"},{\"@type\":\"ListItem\",\"position\":2,\"name\":\"Marques\",\"item\":\"https:\/\/www.gpjbaker.com\/fr\/marques\/\"},{\"@type\":\"ListItem\",\"position\":3,\"name\":\"Threads\",\"item\":\"https:\/\/www.gpjbaker.com\/fr\/marques\/threads\/\"},{\"@type\":\"ListItem\",\"position\":4,\"name\":\"Meridian\"}]},{\"@type\":\"WebSite\",\"@id\":\"https:\/\/www.gpjbaker.com\/#website\",\"url\":\"https:\/\/www.gpjbaker.com\/\",\"name\":\"G P &amp; J Baker\",\"description\":\"\",\"potentialAction\":[{\"@type\":\"SearchAction\",\"target\":{\"@type\":\"EntryPoint\",\"urlTemplate\":\"https:\/\/www.gpjbaker.com\/?s={search_term_string}\"},\"query-input\":{\"@type\":\"PropertyValueSpecification\",\"valueRequired\":true,\"valueName\":\"search_term_string\"}}],\"inLanguage\":\"fr-FR\"}]}<\/script>\n<!-- \/ Yoast SEO plugin. -->","yoast_head_json":{"title":"Meridian - G P &amp; J Baker","robots":{"index":"index","follow":"follow","max-snippet":"max-snippet:-1","max-image-preview":"max-image-preview:large","max-video-preview":"max-video-preview:-1"},"canonical":"https:\/\/www.gpjbaker.com\/fr\/marques\/threads\/meridian\/","og_locale":"fr_FR","og_type":"article","og_title":"Meridian - G P &amp; J Baker","og_description":"[vc_row][vc_column][vc_column_text]&#8221;Meridian&#8221;, la nouvelle collection de Threads, est une \u00e9tonnante interpr\u00e9tation des formes organiques et des couleurs extraordinaires qui se trouvent dans la nature. La collection propose des merveilleux jacquards en soie, de beaux imprim\u00e9s en lin, de riches toiles de lin lav\u00e9e associ\u00e9es \u00e0 de superbes flammes de velours aux tonalit\u00e9s de bleus paon, de... Voir l'article","og_url":"https:\/\/www.gpjbaker.com\/fr\/marques\/threads\/meridian\/","og_site_name":"G P &amp; J Baker","article_modified_time":"2025-09-08T19:41:01+00:00","og_image":[{"width":400,"height":255,"url":"https:\/\/www.gpjbaker.com\/wp-content\/uploads\/2017\/03\/meridian-thumb.jpg","type":"image\/jpeg"}],"twitter_card":"summary_large_image","twitter_misc":{"Est. reading time":"1 minute"},"schema":{"@context":"https:\/\/schema.org","@graph":[{"@type":"WebPage","@id":"https:\/\/www.gpjbaker.com\/fr\/marques\/threads\/meridian\/","url":"https:\/\/www.gpjbaker.com\/fr\/marques\/threads\/meridian\/","name":"Meridian - G P &amp; J Baker","isPartOf":{"@id":"https:\/\/www.gpjbaker.com\/#website"},"primaryImageOfPage":{"@id":"https:\/\/www.gpjbaker.com\/fr\/marques\/threads\/meridian\/#primaryimage"},"image":{"@id":"https:\/\/www.gpjbaker.com\/fr\/marques\/threads\/meridian\/#primaryimage"},"thumbnailUrl":"https:\/\/www.gpjbaker.com\/wp-content\/uploads\/2017\/03\/meridian-thumb.jpg","datePublished":"2017-03-27T16:16:38+00:00","dateModified":"2025-09-08T19:41:01+00:00","breadcrumb":{"@id":"https:\/\/www.gpjbaker.com\/fr\/marques\/threads\/meridian\/#breadcrumb"},"inLanguage":"fr-FR","potentialAction":[{"@type":"ReadAction","target":["https:\/\/www.gpjbaker.com\/fr\/marques\/threads\/meridian\/"]}]},{"@type":"ImageObject","inLanguage":"fr-FR","@id":"https:\/\/www.gpjbaker.com\/fr\/marques\/threads\/meridian\/#primaryimage","url":"https:\/\/www.gpjbaker.com\/wp-content\/uploads\/2017\/03\/meridian-thumb.jpg","contentUrl":"https:\/\/www.gpjbaker.com\/wp-content\/uploads\/2017\/03\/meridian-thumb.jpg","width":400,"height":255,"caption":"Une superbe interpr\u00e9tation des formes organiques et des extraordinaires couleurs du monde qui nous entoure"},{"@type":"BreadcrumbList","@id":"https:\/\/www.gpjbaker.com\/fr\/marques\/threads\/meridian\/#breadcrumb","itemListElement":[{"@type":"ListItem","position":1,"name":"Home","item":"https:\/\/www.gpjbaker.com\/fr\/"},{"@type":"ListItem","position":2,"name":"Marques","item":"https:\/\/www.gpjbaker.com\/fr\/marques\/"},{"@type":"ListItem","position":3,"name":"Threads","item":"https:\/\/www.gpjbaker.com\/fr\/marques\/threads\/"},{"@type":"ListItem","position":4,"name":"Meridian"}]},{"@type":"WebSite","@id":"https:\/\/www.gpjbaker.com\/#website","url":"https:\/\/www.gpjbaker.com\/","name":"G P &amp; J Baker","description":"","potentialAction":[{"@type":"SearchAction","target":{"@type":"EntryPoint","urlTemplate":"https:\/\/www.gpjbaker.com\/?s={search_term_string}"},"query-input":{"@type":"PropertyValueSpecification","valueRequired":true,"valueName":"search_term_string"}}],"inLanguage":"fr-FR"}]}},"_links":{"self":[{"href":"https:\/\/www.gpjbaker.com\/fr\/wp-json\/wp\/v2\/pages\/6684","targetHints":{"allow":["GET"]}}],"collection":[{"href":"https:\/\/www.gpjbaker.com\/fr\/wp-json\/wp\/v2\/pages"}],"about":[{"href":"https:\/\/www.gpjbaker.com\/fr\/wp-json\/wp\/v2\/types\/page"}],"author":[{"embeddable":true,"href":"https:\/\/www.gpjbaker.com\/fr\/wp-json\/wp\/v2\/users\/6"}],"replies":[{"embeddable":true,"href":"https:\/\/www.gpjbaker.com\/fr\/wp-json\/wp\/v2\/comments?post=6684"}],"version-history":[{"count":3,"href":"https:\/\/www.gpjbaker.com\/fr\/wp-json\/wp\/v2\/pages\/6684\/revisions"}],"predecessor-version":[{"id":6754,"href":"https:\/\/www.gpjbaker.com\/fr\/wp-json\/wp\/v2\/pages\/6684\/revisions\/6754"}],"up":[{"embeddable":true,"href":"https:\/\/www.gpjbaker.com\/fr\/wp-json\/wp\/v2\/pages\/5289"}],"wp:featuredmedia":[{"embeddable":true,"href":"https:\/\/www.gpjbaker.com\/fr\/wp-json\/wp\/v2\/media\/6673"}],"wp:attachment":[{"href":"https:\/\/www.gpjbaker.com\/fr\/wp-json\/wp\/v2\/media?parent=6684"}],"curies":[{"name":"wp","href":"https:\/\/api.w.org\/{rel}","templated":true}]}}