{"id":6614,"date":"2017-01-25T10:03:57","date_gmt":"2017-01-25T15:03:57","guid":{"rendered":"http:\/\/gpjbaker.kravet.us\/marques\/lee-jofa\/lilly-pulitzer-ii-2\/"},"modified":"2025-09-08T14:45:35","modified_gmt":"2025-09-08T19:45:35","slug":"lilly-pulitzer-ii","status":"publish","type":"page","link":"https:\/\/www.gpjbaker.com\/fr\/marques\/lee-jofa\/lilly-pulitzer-ii\/","title":{"rendered":"Lilly Pulitzer II"},"content":{"rendered":"<div class=\"wpb-content-wrapper\">[vc_row][vc_column][vc_column_text]Lilly Pulitzer II fait suite \u00e0 une premi\u00e8re collaboration tr\u00e8s r\u00e9ussie avec cette marque embl\u00e9matique de style vacances. Elle nous \u00e9blouit avec ses superbes tissus et ses tr\u00e8s beaux rev\u00eatements muraux coordonn\u00e9s. Une collection aux imprim\u00e9s p\u00e9tillants, aux tissages \u00e9clatants et aux superbes rev\u00eatements muraux coordonn\u00e9s, inspir\u00e9s par l&#8217;esprit boh\u00e8me de Lilly. Cette joyeuse collection inond\u00e9e de soleil s&#8217;inspire du style Palm Beach-chic artisanal et propose aussi un tr\u00e8s beau mod\u00e8le de style chinoiserie. L&#8217;esprit Lilly : de beaux coloris agr\u00e9ment\u00e9s par des touches de bleu piscine, cl\u00e9mentine, rose vif et vert palmier.[\/vc_column_text][\/vc_column][\/vc_row][vc_row][vc_column][vc_raw_js]JTNDc2NyaXB0JTIwdHlwZSUzRCUyMnRleHQlMkZqYXZhc2NyaXB0JTIyJTNFJTIwJTBBJTBBdmFyJTIwc2VhcmNoVVJMJTIwJTNEJTIwJTIyc29ydCUzRERBVEUlMjZ1c2UlM0RNdWx0aXB1cnBvc2UlMkNVcGhvbHN0ZXJ5JTJDQ3VydGFpbnMlMjZjb2xsZWN0aW9uJTNETGlsbHklMjBQdWxpdHplciUyMElpJTIyJTNCJTBBJTBBJTNDJTJGc2NyaXB0JTNF[\/vc_raw_js][\/vc_column][\/vc_row]<\/div>","protected":false},"excerpt":{"rendered":"[vc_row][vc_column][vc_column_text]Lilly Pulitzer II fait suite \u00e0 une premi\u00e8re collaboration tr\u00e8s r\u00e9ussie avec cette marque embl\u00e9matique de style vacances. Elle nous \u00e9blouit avec ses superbes tissus et ses tr\u00e8s beaux rev\u00eatements muraux coordonn\u00e9s. Une collection aux imprim\u00e9s p\u00e9tillants, aux tissages \u00e9clatants et aux superbes rev\u00eatements muraux coordonn\u00e9s, inspir\u00e9s par l&#8217;esprit boh\u00e8me de Lilly. Cette joyeuse collection&#8230; <a class=\"view-article\" href=\"https:\/\/www.gpjbaker.com\/fr\/marques\/lee-jofa\/lilly-pulitzer-ii\/\">Voir l&#8217;article<\/a>","protected":false},"author":6,"featured_media":6514,"parent":5287,"menu_order":10,"comment_status":"closed","ping_status":"closed","template":"template-collections.php","meta":{"footnotes":""},"class_list":["post-6614","page","type-page","status-publish","has-post-thumbnail","hentry","page_language-fr"],"yoast_head":"<!-- This site is optimized with the Yoast SEO plugin v26.8 - https:\/\/yoast.com\/product\/yoast-seo-wordpress\/ -->\n<title>Lilly Pulitzer II - G P &amp; J Baker<\/title>\n<meta name=\"robots\" content=\"index, follow, max-snippet:-1, max-image-preview:large, max-video-preview:-1\" \/>\n<link rel=\"canonical\" href=\"https:\/\/www.gpjbaker.com\/fr\/marques\/lee-jofa\/lilly-pulitzer-ii\/\" \/>\n<meta property=\"og:locale\" content=\"fr_FR\" \/>\n<meta property=\"og:type\" content=\"article\" \/>\n<meta property=\"og:title\" content=\"Lilly Pulitzer II - G P &amp; J Baker\" \/>\n<meta property=\"og:description\" content=\"[vc_row][vc_column][vc_column_text]Lilly Pulitzer II fait suite \u00e0 une premi\u00e8re collaboration tr\u00e8s r\u00e9ussie avec cette marque embl\u00e9matique de style vacances. Elle nous \u00e9blouit avec ses superbes tissus et ses tr\u00e8s beaux rev\u00eatements muraux coordonn\u00e9s. Une collection aux imprim\u00e9s p\u00e9tillants, aux tissages \u00e9clatants et aux superbes rev\u00eatements muraux coordonn\u00e9s, inspir\u00e9s par l&#8217;esprit boh\u00e8me de Lilly. Cette joyeuse collection... Voir l&#039;article\" \/>\n<meta property=\"og:url\" content=\"https:\/\/www.gpjbaker.com\/fr\/marques\/lee-jofa\/lilly-pulitzer-ii\/\" \/>\n<meta property=\"og:site_name\" content=\"G P &amp; J Baker\" \/>\n<meta property=\"article:modified_time\" content=\"2025-09-08T19:45:35+00:00\" \/>\n<meta property=\"og:image\" content=\"https:\/\/www.gpjbaker.com\/wp-content\/uploads\/2017\/01\/lilly-pulitzer-II.jpg\" \/>\n\t<meta property=\"og:image:width\" content=\"893\" \/>\n\t<meta property=\"og:image:height\" content=\"580\" \/>\n\t<meta property=\"og:image:type\" content=\"image\/jpeg\" \/>\n<meta name=\"twitter:card\" content=\"summary_large_image\" \/>\n<meta name=\"twitter:label1\" content=\"Est. reading time\" \/>\n\t<meta name=\"twitter:data1\" content=\"1 minute\" \/>\n<script type=\"application\/ld+json\" class=\"yoast-schema-graph\">{\"@context\":\"https:\/\/schema.org\",\"@graph\":[{\"@type\":\"WebPage\",\"@id\":\"https:\/\/www.gpjbaker.com\/fr\/marques\/lee-jofa\/lilly-pulitzer-ii\/\",\"url\":\"https:\/\/www.gpjbaker.com\/fr\/marques\/lee-jofa\/lilly-pulitzer-ii\/\",\"name\":\"Lilly Pulitzer II - G P &amp; J Baker\",\"isPartOf\":{\"@id\":\"https:\/\/www.gpjbaker.com\/#website\"},\"primaryImageOfPage\":{\"@id\":\"https:\/\/www.gpjbaker.com\/fr\/marques\/lee-jofa\/lilly-pulitzer-ii\/#primaryimage\"},\"image\":{\"@id\":\"https:\/\/www.gpjbaker.com\/fr\/marques\/lee-jofa\/lilly-pulitzer-ii\/#primaryimage\"},\"thumbnailUrl\":\"https:\/\/www.gpjbaker.com\/wp-content\/uploads\/2017\/01\/lilly-pulitzer-II.jpg\",\"datePublished\":\"2017-01-25T15:03:57+00:00\",\"dateModified\":\"2025-09-08T19:45:35+00:00\",\"breadcrumb\":{\"@id\":\"https:\/\/www.gpjbaker.com\/fr\/marques\/lee-jofa\/lilly-pulitzer-ii\/#breadcrumb\"},\"inLanguage\":\"fr-FR\",\"potentialAction\":[{\"@type\":\"ReadAction\",\"target\":[\"https:\/\/www.gpjbaker.com\/fr\/marques\/lee-jofa\/lilly-pulitzer-ii\/\"]}]},{\"@type\":\"ImageObject\",\"inLanguage\":\"fr-FR\",\"@id\":\"https:\/\/www.gpjbaker.com\/fr\/marques\/lee-jofa\/lilly-pulitzer-ii\/#primaryimage\",\"url\":\"https:\/\/www.gpjbaker.com\/wp-content\/uploads\/2017\/01\/lilly-pulitzer-II.jpg\",\"contentUrl\":\"https:\/\/www.gpjbaker.com\/wp-content\/uploads\/2017\/01\/lilly-pulitzer-II.jpg\",\"width\":893,\"height\":580,\"caption\":\"Lilly Pulitzer II fait suite \u00e0 une premi\u00e8re collaboration tr\u00e8s r\u00e9ussie avec cette marque embl\u00e9matique de style vacances\"},{\"@type\":\"BreadcrumbList\",\"@id\":\"https:\/\/www.gpjbaker.com\/fr\/marques\/lee-jofa\/lilly-pulitzer-ii\/#breadcrumb\",\"itemListElement\":[{\"@type\":\"ListItem\",\"position\":1,\"name\":\"Home\",\"item\":\"https:\/\/www.gpjbaker.com\/fr\/\"},{\"@type\":\"ListItem\",\"position\":2,\"name\":\"Marques\",\"item\":\"https:\/\/www.gpjbaker.com\/fr\/marques\/\"},{\"@type\":\"ListItem\",\"position\":3,\"name\":\"Lee Jofa\",\"item\":\"https:\/\/www.gpjbaker.com\/fr\/marques\/lee-jofa\/\"},{\"@type\":\"ListItem\",\"position\":4,\"name\":\"Lilly Pulitzer II\"}]},{\"@type\":\"WebSite\",\"@id\":\"https:\/\/www.gpjbaker.com\/#website\",\"url\":\"https:\/\/www.gpjbaker.com\/\",\"name\":\"G P &amp; J Baker\",\"description\":\"\",\"potentialAction\":[{\"@type\":\"SearchAction\",\"target\":{\"@type\":\"EntryPoint\",\"urlTemplate\":\"https:\/\/www.gpjbaker.com\/?s={search_term_string}\"},\"query-input\":{\"@type\":\"PropertyValueSpecification\",\"valueRequired\":true,\"valueName\":\"search_term_string\"}}],\"inLanguage\":\"fr-FR\"}]}<\/script>\n<!-- \/ Yoast SEO plugin. -->","yoast_head_json":{"title":"Lilly Pulitzer II - G P &amp; J Baker","robots":{"index":"index","follow":"follow","max-snippet":"max-snippet:-1","max-image-preview":"max-image-preview:large","max-video-preview":"max-video-preview:-1"},"canonical":"https:\/\/www.gpjbaker.com\/fr\/marques\/lee-jofa\/lilly-pulitzer-ii\/","og_locale":"fr_FR","og_type":"article","og_title":"Lilly Pulitzer II - G P &amp; J Baker","og_description":"[vc_row][vc_column][vc_column_text]Lilly Pulitzer II fait suite \u00e0 une premi\u00e8re collaboration tr\u00e8s r\u00e9ussie avec cette marque embl\u00e9matique de style vacances. Elle nous \u00e9blouit avec ses superbes tissus et ses tr\u00e8s beaux rev\u00eatements muraux coordonn\u00e9s. Une collection aux imprim\u00e9s p\u00e9tillants, aux tissages \u00e9clatants et aux superbes rev\u00eatements muraux coordonn\u00e9s, inspir\u00e9s par l&#8217;esprit boh\u00e8me de Lilly. Cette joyeuse collection... Voir l'article","og_url":"https:\/\/www.gpjbaker.com\/fr\/marques\/lee-jofa\/lilly-pulitzer-ii\/","og_site_name":"G P &amp; J Baker","article_modified_time":"2025-09-08T19:45:35+00:00","og_image":[{"width":893,"height":580,"url":"https:\/\/www.gpjbaker.com\/wp-content\/uploads\/2017\/01\/lilly-pulitzer-II.jpg","type":"image\/jpeg"}],"twitter_card":"summary_large_image","twitter_misc":{"Est. reading time":"1 minute"},"schema":{"@context":"https:\/\/schema.org","@graph":[{"@type":"WebPage","@id":"https:\/\/www.gpjbaker.com\/fr\/marques\/lee-jofa\/lilly-pulitzer-ii\/","url":"https:\/\/www.gpjbaker.com\/fr\/marques\/lee-jofa\/lilly-pulitzer-ii\/","name":"Lilly Pulitzer II - G P &amp; J Baker","isPartOf":{"@id":"https:\/\/www.gpjbaker.com\/#website"},"primaryImageOfPage":{"@id":"https:\/\/www.gpjbaker.com\/fr\/marques\/lee-jofa\/lilly-pulitzer-ii\/#primaryimage"},"image":{"@id":"https:\/\/www.gpjbaker.com\/fr\/marques\/lee-jofa\/lilly-pulitzer-ii\/#primaryimage"},"thumbnailUrl":"https:\/\/www.gpjbaker.com\/wp-content\/uploads\/2017\/01\/lilly-pulitzer-II.jpg","datePublished":"2017-01-25T15:03:57+00:00","dateModified":"2025-09-08T19:45:35+00:00","breadcrumb":{"@id":"https:\/\/www.gpjbaker.com\/fr\/marques\/lee-jofa\/lilly-pulitzer-ii\/#breadcrumb"},"inLanguage":"fr-FR","potentialAction":[{"@type":"ReadAction","target":["https:\/\/www.gpjbaker.com\/fr\/marques\/lee-jofa\/lilly-pulitzer-ii\/"]}]},{"@type":"ImageObject","inLanguage":"fr-FR","@id":"https:\/\/www.gpjbaker.com\/fr\/marques\/lee-jofa\/lilly-pulitzer-ii\/#primaryimage","url":"https:\/\/www.gpjbaker.com\/wp-content\/uploads\/2017\/01\/lilly-pulitzer-II.jpg","contentUrl":"https:\/\/www.gpjbaker.com\/wp-content\/uploads\/2017\/01\/lilly-pulitzer-II.jpg","width":893,"height":580,"caption":"Lilly Pulitzer II fait suite \u00e0 une premi\u00e8re collaboration tr\u00e8s r\u00e9ussie avec cette marque embl\u00e9matique de style vacances"},{"@type":"BreadcrumbList","@id":"https:\/\/www.gpjbaker.com\/fr\/marques\/lee-jofa\/lilly-pulitzer-ii\/#breadcrumb","itemListElement":[{"@type":"ListItem","position":1,"name":"Home","item":"https:\/\/www.gpjbaker.com\/fr\/"},{"@type":"ListItem","position":2,"name":"Marques","item":"https:\/\/www.gpjbaker.com\/fr\/marques\/"},{"@type":"ListItem","position":3,"name":"Lee Jofa","item":"https:\/\/www.gpjbaker.com\/fr\/marques\/lee-jofa\/"},{"@type":"ListItem","position":4,"name":"Lilly Pulitzer II"}]},{"@type":"WebSite","@id":"https:\/\/www.gpjbaker.com\/#website","url":"https:\/\/www.gpjbaker.com\/","name":"G P &amp; J Baker","description":"","potentialAction":[{"@type":"SearchAction","target":{"@type":"EntryPoint","urlTemplate":"https:\/\/www.gpjbaker.com\/?s={search_term_string}"},"query-input":{"@type":"PropertyValueSpecification","valueRequired":true,"valueName":"search_term_string"}}],"inLanguage":"fr-FR"}]}},"_links":{"self":[{"href":"https:\/\/www.gpjbaker.com\/fr\/wp-json\/wp\/v2\/pages\/6614","targetHints":{"allow":["GET"]}}],"collection":[{"href":"https:\/\/www.gpjbaker.com\/fr\/wp-json\/wp\/v2\/pages"}],"about":[{"href":"https:\/\/www.gpjbaker.com\/fr\/wp-json\/wp\/v2\/types\/page"}],"author":[{"embeddable":true,"href":"https:\/\/www.gpjbaker.com\/fr\/wp-json\/wp\/v2\/users\/6"}],"replies":[{"embeddable":true,"href":"https:\/\/www.gpjbaker.com\/fr\/wp-json\/wp\/v2\/comments?post=6614"}],"version-history":[{"count":2,"href":"https:\/\/www.gpjbaker.com\/fr\/wp-json\/wp\/v2\/pages\/6614\/revisions"}],"predecessor-version":[{"id":6616,"href":"https:\/\/www.gpjbaker.com\/fr\/wp-json\/wp\/v2\/pages\/6614\/revisions\/6616"}],"up":[{"embeddable":true,"href":"https:\/\/www.gpjbaker.com\/fr\/wp-json\/wp\/v2\/pages\/5287"}],"wp:featuredmedia":[{"embeddable":true,"href":"https:\/\/www.gpjbaker.com\/fr\/wp-json\/wp\/v2\/media\/6514"}],"wp:attachment":[{"href":"https:\/\/www.gpjbaker.com\/fr\/wp-json\/wp\/v2\/media?parent=6614"}],"curies":[{"name":"wp","href":"https:\/\/api.w.org\/{rel}","templated":true}]}}