{"id":6530,"date":"2017-01-26T14:27:20","date_gmt":"2017-01-26T19:27:20","guid":{"rendered":"http:\/\/gpjbaker.kravet.us\/marques\/lee-jofa\/kelly-wearstler-iii\/"},"modified":"2025-09-08T14:45:36","modified_gmt":"2025-09-08T19:45:36","slug":"kelly-wearstler-iii","status":"publish","type":"page","link":"https:\/\/www.gpjbaker.com\/fr\/marques\/lee-jofa\/kelly-wearstler-iii\/","title":{"rendered":"Kelly Wearstler III"},"content":{"rendered":"<div class=\"wpb-content-wrapper\">[vc_row][vc_column][vc_column_text]Dans cette troisi\u00e8me collection avec Groundworks, Kelly Wearstler rend un hommage tr\u00e8s contemporain \u00e0 la beaut\u00e9 d&#8217;\u00e9l\u00e9ments graphiques et organiques. Des formes architecturales \u00e0 la sophistication naturelle prennent vie dans des associations instinctives de lignes, couleurs, espaces pour des rev\u00eatements muraux et tissus coordonn\u00e9s. Des courbes simples et fluides, des lignes g\u00e9om\u00e9triques nettes offrent un v\u00e9ritable esprit d&#8217;originalit\u00e9 et de raffinement.\r\n\r\nAvec cette collection, aux tons sourds et neutres, compos\u00e9e de grands motifs audacieux, de petits d\u00e9tails et de touches m\u00e9talliques, Kelly Wearstler apporte sophistication et luxe \u00e0 tout int\u00e9rieur.[\/vc_column_text][vc_raw_js]JTNDc2NyaXB0JTIwdHlwZSUzRCUyMnRleHQlMkZqYXZhc2NyaXB0JTIyJTNFJTIwJTBBJTBBdmFyJTIwc2VhcmNoVVJMJTIwJTNEJTIwJTIyc29ydCUzRERBVEUlMjZ1c2UlM0RNdWx0aXB1cnBvc2UlMkNVcGhvbHN0ZXJ5JTJDQ3VydGFpbnMlMjZjb2xsZWN0aW9uJTNES2VsbHklMjBXZWFyc3RsZXIlMjBJaWklMjIlM0IlMEElMEF2YXIlMjB3YWxsVVJMJTIwJTNEJTIwc29ydCUzRCUyMkRBVEUlMjZ1c2UlM0RXYWxsY292ZXJpbmclMjZjb2xsZWN0aW9uJTNES2VsbHklMjBXZWFyc3RsZXIlMjBJaWklMjIlM0IlMEElMEElM0MlMkZzY3JpcHQlM0U=[\/vc_raw_js][\/vc_column][\/vc_row]<\/div>","protected":false},"excerpt":{"rendered":"[vc_row][vc_column][vc_column_text]Dans cette troisi\u00e8me collection avec Groundworks, Kelly Wearstler rend un hommage tr\u00e8s contemporain \u00e0 la beaut\u00e9 d&#8217;\u00e9l\u00e9ments graphiques et organiques. Des formes architecturales \u00e0 la sophistication naturelle prennent vie dans des associations instinctives de lignes, couleurs, espaces pour des rev\u00eatements muraux et tissus coordonn\u00e9s. Des courbes simples et fluides, des lignes g\u00e9om\u00e9triques nettes offrent un&#8230; <a class=\"view-article\" href=\"https:\/\/www.gpjbaker.com\/fr\/marques\/lee-jofa\/kelly-wearstler-iii\/\">Voir l&#8217;article<\/a>","protected":false},"author":6,"featured_media":6520,"parent":5287,"menu_order":13,"comment_status":"closed","ping_status":"closed","template":"template-collections.php","meta":{"footnotes":""},"class_list":["post-6530","page","type-page","status-publish","has-post-thumbnail","hentry","page_language-fr"],"yoast_head":"<!-- This site is optimized with the Yoast SEO plugin v26.8 - https:\/\/yoast.com\/product\/yoast-seo-wordpress\/ -->\n<title>Kelly Wearstler III - G P &amp; J Baker<\/title>\n<meta name=\"robots\" content=\"index, follow, max-snippet:-1, max-image-preview:large, max-video-preview:-1\" \/>\n<link rel=\"canonical\" href=\"https:\/\/www.gpjbaker.com\/fr\/marques\/lee-jofa\/kelly-wearstler-iii\/\" \/>\n<meta property=\"og:locale\" content=\"fr_FR\" \/>\n<meta property=\"og:type\" content=\"article\" \/>\n<meta property=\"og:title\" content=\"Kelly Wearstler III - G P &amp; J Baker\" \/>\n<meta property=\"og:description\" content=\"[vc_row][vc_column][vc_column_text]Dans cette troisi\u00e8me collection avec Groundworks, Kelly Wearstler rend un hommage tr\u00e8s contemporain \u00e0 la beaut\u00e9 d&#8217;\u00e9l\u00e9ments graphiques et organiques. Des formes architecturales \u00e0 la sophistication naturelle prennent vie dans des associations instinctives de lignes, couleurs, espaces pour des rev\u00eatements muraux et tissus coordonn\u00e9s. Des courbes simples et fluides, des lignes g\u00e9om\u00e9triques nettes offrent un... Voir l&#039;article\" \/>\n<meta property=\"og:url\" content=\"https:\/\/www.gpjbaker.com\/fr\/marques\/lee-jofa\/kelly-wearstler-iii\/\" \/>\n<meta property=\"og:site_name\" content=\"G P &amp; J Baker\" \/>\n<meta property=\"article:modified_time\" content=\"2025-09-08T19:45:36+00:00\" \/>\n<meta property=\"og:image\" content=\"https:\/\/www.gpjbaker.com\/wp-content\/uploads\/2017\/01\/KW_2.jpg\" \/>\n\t<meta property=\"og:image:width\" content=\"893\" \/>\n\t<meta property=\"og:image:height\" content=\"580\" \/>\n\t<meta property=\"og:image:type\" content=\"image\/jpeg\" \/>\n<meta name=\"twitter:card\" content=\"summary_large_image\" \/>\n<meta name=\"twitter:label1\" content=\"Est. reading time\" \/>\n\t<meta name=\"twitter:data1\" content=\"1 minute\" \/>\n<script type=\"application\/ld+json\" class=\"yoast-schema-graph\">{\"@context\":\"https:\/\/schema.org\",\"@graph\":[{\"@type\":\"WebPage\",\"@id\":\"https:\/\/www.gpjbaker.com\/fr\/marques\/lee-jofa\/kelly-wearstler-iii\/\",\"url\":\"https:\/\/www.gpjbaker.com\/fr\/marques\/lee-jofa\/kelly-wearstler-iii\/\",\"name\":\"Kelly Wearstler III - G P &amp; J Baker\",\"isPartOf\":{\"@id\":\"https:\/\/www.gpjbaker.com\/#website\"},\"primaryImageOfPage\":{\"@id\":\"https:\/\/www.gpjbaker.com\/fr\/marques\/lee-jofa\/kelly-wearstler-iii\/#primaryimage\"},\"image\":{\"@id\":\"https:\/\/www.gpjbaker.com\/fr\/marques\/lee-jofa\/kelly-wearstler-iii\/#primaryimage\"},\"thumbnailUrl\":\"https:\/\/www.gpjbaker.com\/wp-content\/uploads\/2017\/01\/KW_2.jpg\",\"datePublished\":\"2017-01-26T19:27:20+00:00\",\"dateModified\":\"2025-09-08T19:45:36+00:00\",\"breadcrumb\":{\"@id\":\"https:\/\/www.gpjbaker.com\/fr\/marques\/lee-jofa\/kelly-wearstler-iii\/#breadcrumb\"},\"inLanguage\":\"fr-FR\",\"potentialAction\":[{\"@type\":\"ReadAction\",\"target\":[\"https:\/\/www.gpjbaker.com\/fr\/marques\/lee-jofa\/kelly-wearstler-iii\/\"]}]},{\"@type\":\"ImageObject\",\"inLanguage\":\"fr-FR\",\"@id\":\"https:\/\/www.gpjbaker.com\/fr\/marques\/lee-jofa\/kelly-wearstler-iii\/#primaryimage\",\"url\":\"https:\/\/www.gpjbaker.com\/wp-content\/uploads\/2017\/01\/KW_2.jpg\",\"contentUrl\":\"https:\/\/www.gpjbaker.com\/wp-content\/uploads\/2017\/01\/KW_2.jpg\",\"width\":893,\"height\":580,\"caption\":\"Dans cette troisi\u00e8me collection avec Groundworks, Kelly Wearstler rend un hommage tr\u00e8s contemporain \u00e0 la beaut\u00e9 d'\u00e9l\u00e9ments graphiques et organiques\"},{\"@type\":\"BreadcrumbList\",\"@id\":\"https:\/\/www.gpjbaker.com\/fr\/marques\/lee-jofa\/kelly-wearstler-iii\/#breadcrumb\",\"itemListElement\":[{\"@type\":\"ListItem\",\"position\":1,\"name\":\"Home\",\"item\":\"https:\/\/www.gpjbaker.com\/fr\/\"},{\"@type\":\"ListItem\",\"position\":2,\"name\":\"Marques\",\"item\":\"https:\/\/www.gpjbaker.com\/fr\/marques\/\"},{\"@type\":\"ListItem\",\"position\":3,\"name\":\"Lee Jofa\",\"item\":\"https:\/\/www.gpjbaker.com\/fr\/marques\/lee-jofa\/\"},{\"@type\":\"ListItem\",\"position\":4,\"name\":\"Kelly Wearstler III\"}]},{\"@type\":\"WebSite\",\"@id\":\"https:\/\/www.gpjbaker.com\/#website\",\"url\":\"https:\/\/www.gpjbaker.com\/\",\"name\":\"G P &amp; J Baker\",\"description\":\"\",\"potentialAction\":[{\"@type\":\"SearchAction\",\"target\":{\"@type\":\"EntryPoint\",\"urlTemplate\":\"https:\/\/www.gpjbaker.com\/?s={search_term_string}\"},\"query-input\":{\"@type\":\"PropertyValueSpecification\",\"valueRequired\":true,\"valueName\":\"search_term_string\"}}],\"inLanguage\":\"fr-FR\"}]}<\/script>\n<!-- \/ Yoast SEO plugin. -->","yoast_head_json":{"title":"Kelly Wearstler III - G P &amp; J Baker","robots":{"index":"index","follow":"follow","max-snippet":"max-snippet:-1","max-image-preview":"max-image-preview:large","max-video-preview":"max-video-preview:-1"},"canonical":"https:\/\/www.gpjbaker.com\/fr\/marques\/lee-jofa\/kelly-wearstler-iii\/","og_locale":"fr_FR","og_type":"article","og_title":"Kelly Wearstler III - G P &amp; J Baker","og_description":"[vc_row][vc_column][vc_column_text]Dans cette troisi\u00e8me collection avec Groundworks, Kelly Wearstler rend un hommage tr\u00e8s contemporain \u00e0 la beaut\u00e9 d&#8217;\u00e9l\u00e9ments graphiques et organiques. Des formes architecturales \u00e0 la sophistication naturelle prennent vie dans des associations instinctives de lignes, couleurs, espaces pour des rev\u00eatements muraux et tissus coordonn\u00e9s. Des courbes simples et fluides, des lignes g\u00e9om\u00e9triques nettes offrent un... Voir l'article","og_url":"https:\/\/www.gpjbaker.com\/fr\/marques\/lee-jofa\/kelly-wearstler-iii\/","og_site_name":"G P &amp; J Baker","article_modified_time":"2025-09-08T19:45:36+00:00","og_image":[{"width":893,"height":580,"url":"https:\/\/www.gpjbaker.com\/wp-content\/uploads\/2017\/01\/KW_2.jpg","type":"image\/jpeg"}],"twitter_card":"summary_large_image","twitter_misc":{"Est. reading time":"1 minute"},"schema":{"@context":"https:\/\/schema.org","@graph":[{"@type":"WebPage","@id":"https:\/\/www.gpjbaker.com\/fr\/marques\/lee-jofa\/kelly-wearstler-iii\/","url":"https:\/\/www.gpjbaker.com\/fr\/marques\/lee-jofa\/kelly-wearstler-iii\/","name":"Kelly Wearstler III - G P &amp; J Baker","isPartOf":{"@id":"https:\/\/www.gpjbaker.com\/#website"},"primaryImageOfPage":{"@id":"https:\/\/www.gpjbaker.com\/fr\/marques\/lee-jofa\/kelly-wearstler-iii\/#primaryimage"},"image":{"@id":"https:\/\/www.gpjbaker.com\/fr\/marques\/lee-jofa\/kelly-wearstler-iii\/#primaryimage"},"thumbnailUrl":"https:\/\/www.gpjbaker.com\/wp-content\/uploads\/2017\/01\/KW_2.jpg","datePublished":"2017-01-26T19:27:20+00:00","dateModified":"2025-09-08T19:45:36+00:00","breadcrumb":{"@id":"https:\/\/www.gpjbaker.com\/fr\/marques\/lee-jofa\/kelly-wearstler-iii\/#breadcrumb"},"inLanguage":"fr-FR","potentialAction":[{"@type":"ReadAction","target":["https:\/\/www.gpjbaker.com\/fr\/marques\/lee-jofa\/kelly-wearstler-iii\/"]}]},{"@type":"ImageObject","inLanguage":"fr-FR","@id":"https:\/\/www.gpjbaker.com\/fr\/marques\/lee-jofa\/kelly-wearstler-iii\/#primaryimage","url":"https:\/\/www.gpjbaker.com\/wp-content\/uploads\/2017\/01\/KW_2.jpg","contentUrl":"https:\/\/www.gpjbaker.com\/wp-content\/uploads\/2017\/01\/KW_2.jpg","width":893,"height":580,"caption":"Dans cette troisi\u00e8me collection avec Groundworks, Kelly Wearstler rend un hommage tr\u00e8s contemporain \u00e0 la beaut\u00e9 d'\u00e9l\u00e9ments graphiques et organiques"},{"@type":"BreadcrumbList","@id":"https:\/\/www.gpjbaker.com\/fr\/marques\/lee-jofa\/kelly-wearstler-iii\/#breadcrumb","itemListElement":[{"@type":"ListItem","position":1,"name":"Home","item":"https:\/\/www.gpjbaker.com\/fr\/"},{"@type":"ListItem","position":2,"name":"Marques","item":"https:\/\/www.gpjbaker.com\/fr\/marques\/"},{"@type":"ListItem","position":3,"name":"Lee Jofa","item":"https:\/\/www.gpjbaker.com\/fr\/marques\/lee-jofa\/"},{"@type":"ListItem","position":4,"name":"Kelly Wearstler III"}]},{"@type":"WebSite","@id":"https:\/\/www.gpjbaker.com\/#website","url":"https:\/\/www.gpjbaker.com\/","name":"G P &amp; J Baker","description":"","potentialAction":[{"@type":"SearchAction","target":{"@type":"EntryPoint","urlTemplate":"https:\/\/www.gpjbaker.com\/?s={search_term_string}"},"query-input":{"@type":"PropertyValueSpecification","valueRequired":true,"valueName":"search_term_string"}}],"inLanguage":"fr-FR"}]}},"_links":{"self":[{"href":"https:\/\/www.gpjbaker.com\/fr\/wp-json\/wp\/v2\/pages\/6530","targetHints":{"allow":["GET"]}}],"collection":[{"href":"https:\/\/www.gpjbaker.com\/fr\/wp-json\/wp\/v2\/pages"}],"about":[{"href":"https:\/\/www.gpjbaker.com\/fr\/wp-json\/wp\/v2\/types\/page"}],"author":[{"embeddable":true,"href":"https:\/\/www.gpjbaker.com\/fr\/wp-json\/wp\/v2\/users\/6"}],"replies":[{"embeddable":true,"href":"https:\/\/www.gpjbaker.com\/fr\/wp-json\/wp\/v2\/comments?post=6530"}],"version-history":[{"count":2,"href":"https:\/\/www.gpjbaker.com\/fr\/wp-json\/wp\/v2\/pages\/6530\/revisions"}],"predecessor-version":[{"id":6536,"href":"https:\/\/www.gpjbaker.com\/fr\/wp-json\/wp\/v2\/pages\/6530\/revisions\/6536"}],"up":[{"embeddable":true,"href":"https:\/\/www.gpjbaker.com\/fr\/wp-json\/wp\/v2\/pages\/5287"}],"wp:featuredmedia":[{"embeddable":true,"href":"https:\/\/www.gpjbaker.com\/fr\/wp-json\/wp\/v2\/media\/6520"}],"wp:attachment":[{"href":"https:\/\/www.gpjbaker.com\/fr\/wp-json\/wp\/v2\/media?parent=6530"}],"curies":[{"name":"wp","href":"https:\/\/api.w.org\/{rel}","templated":true}]}}