{"id":6498,"date":"2017-01-24T16:53:16","date_gmt":"2017-01-24T21:53:16","guid":{"rendered":"http:\/\/gpjbaker.kravet.us\/marques\/kravet\/linherr-hollingsworth\/"},"modified":"2025-09-08T14:40:29","modified_gmt":"2025-09-08T19:40:29","slug":"linherr-hollingsworth","status":"publish","type":"page","link":"https:\/\/www.gpjbaker.com\/fr\/marques\/kravet\/linherr-hollingsworth\/","title":{"rendered":"Linherr Hollingsworth"},"content":{"rendered":"<div class=\"wpb-content-wrapper\">[vc_row][vc_column][vc_column_text]Des motifs g\u00e9om\u00e9triques, des formes fluides aux tons organiques sont soulign\u00e9s par de petites touches m\u00e9talliques.\u00a0Des formes abstraites et des associations dynamiques de textures, opulents velours, tissages exceptionnels, doux imprim\u00e9s en lin, s&#8217;associent harmonieusement pour un style \u00e0 la fois d\u00e9pouill\u00e9 et sophistiqu\u00e9.[\/vc_column_text][\/vc_column][\/vc_row][vc_row][vc_column][vc_raw_js]JTNDc2NyaXB0JTIwdHlwZSUzRCUyMnRleHQlMkZqYXZhc2NyaXB0JTIyJTNFJTIwJTBBJTBBdmFyJTIwc2VhcmNoVVJMJTIwJTNEJTIwJTIyc29ydCUzRERBVEUlMjZ1c2UlM0RNdWx0aXB1cnBvc2UlMkNVcGhvbHN0ZXJ5JTJDQ3VydGFpbnMlMjZjb2xsZWN0aW9uJTNETGluaGVyciUyMEhvbGxpbmdzd29ydGglMjBCb2hlbWUlMjIlM0IlMEElMEElM0MlMkZzY3JpcHQlM0UlMEE=[\/vc_raw_js][\/vc_column][\/vc_row]<\/div>","protected":false},"excerpt":{"rendered":"[vc_row][vc_column][vc_column_text]Des motifs g\u00e9om\u00e9triques, des formes fluides aux tons organiques sont soulign\u00e9s par de petites touches m\u00e9talliques.\u00a0Des formes abstraites et des associations dynamiques de textures, opulents velours, tissages exceptionnels, doux imprim\u00e9s en lin, s&#8217;associent harmonieusement pour un style \u00e0 la fois d\u00e9pouill\u00e9 et sophistiqu\u00e9.[\/vc_column_text][\/vc_column][\/vc_row][vc_row][vc_column][vc_raw_js]JTNDc2NyaXB0JTIwdHlwZSUzRCUyMnRleHQlMkZqYXZhc2NyaXB0JTIyJTNFJTIwJTBBJTBBdmFyJTIwc2VhcmNoVVJMJTIwJTNEJTIwJTIyc29ydCUzRERBVEUlMjZ1c2UlM0RNdWx0aXB1cnBvc2UlMkNVcGhvbHN0ZXJ5JTJDQ3VydGFpbnMlMjZjb2xsZWN0aW9uJTNETGluaGVyciUyMEhvbGxpbmdzd29ydGglMjBCb2hlbWUlMjIlM0IlMEElMEElM0MlMkZzY3JpcHQlM0UlMEE=[\/vc_raw_js][\/vc_column][\/vc_row]","protected":false},"author":6,"featured_media":6496,"parent":5291,"menu_order":5,"comment_status":"closed","ping_status":"closed","template":"template-collections.php","meta":{"footnotes":""},"class_list":["post-6498","page","type-page","status-publish","has-post-thumbnail","hentry","page_language-fr"],"yoast_head":"<!-- This site is optimized with the Yoast SEO plugin v26.8 - https:\/\/yoast.com\/product\/yoast-seo-wordpress\/ -->\n<title>Linherr Hollingsworth - G P &amp; J Baker<\/title>\n<meta name=\"robots\" content=\"index, follow, max-snippet:-1, max-image-preview:large, max-video-preview:-1\" \/>\n<link rel=\"canonical\" href=\"https:\/\/www.gpjbaker.com\/fr\/marques\/kravet\/linherr-hollingsworth\/\" \/>\n<meta property=\"og:locale\" content=\"fr_FR\" \/>\n<meta property=\"og:type\" content=\"article\" \/>\n<meta property=\"og:title\" content=\"Linherr Hollingsworth - G P &amp; J Baker\" \/>\n<meta property=\"og:description\" content=\"[vc_row][vc_column][vc_column_text]Des motifs g\u00e9om\u00e9triques, des formes fluides aux tons organiques sont soulign\u00e9s par de petites touches m\u00e9talliques.\u00a0Des formes abstraites et des associations dynamiques de textures, opulents velours, tissages exceptionnels, doux imprim\u00e9s en lin, s&#8217;associent harmonieusement pour un style \u00e0 la fois d\u00e9pouill\u00e9 et sophistiqu\u00e9.[\/vc_column_text][\/vc_column][\/vc_row][vc_row][vc_column][vc_raw_js]JTNDc2NyaXB0JTIwdHlwZSUzRCUyMnRleHQlMkZqYXZhc2NyaXB0JTIyJTNFJTIwJTBBJTBBdmFyJTIwc2VhcmNoVVJMJTIwJTNEJTIwJTIyc29ydCUzRERBVEUlMjZ1c2UlM0RNdWx0aXB1cnBvc2UlMkNVcGhvbHN0ZXJ5JTJDQ3VydGFpbnMlMjZjb2xsZWN0aW9uJTNETGluaGVyciUyMEhvbGxpbmdzd29ydGglMjBCb2hlbWUlMjIlM0IlMEElMEElM0MlMkZzY3JpcHQlM0UlMEE=[\/vc_raw_js][\/vc_column][\/vc_row]\" \/>\n<meta property=\"og:url\" content=\"https:\/\/www.gpjbaker.com\/fr\/marques\/kravet\/linherr-hollingsworth\/\" \/>\n<meta property=\"og:site_name\" content=\"G P &amp; J Baker\" \/>\n<meta property=\"article:modified_time\" content=\"2025-09-08T19:40:29+00:00\" \/>\n<meta property=\"og:image\" content=\"https:\/\/www.gpjbaker.com\/wp-content\/uploads\/2017\/01\/Linherr_thumb.jpg\" \/>\n\t<meta property=\"og:image:width\" content=\"500\" \/>\n\t<meta property=\"og:image:height\" content=\"325\" \/>\n\t<meta property=\"og:image:type\" content=\"image\/jpeg\" \/>\n<meta name=\"twitter:card\" content=\"summary_large_image\" \/>\n<meta name=\"twitter:label1\" content=\"Est. reading time\" \/>\n\t<meta name=\"twitter:data1\" content=\"1 minute\" \/>\n<script type=\"application\/ld+json\" class=\"yoast-schema-graph\">{\"@context\":\"https:\/\/schema.org\",\"@graph\":[{\"@type\":\"WebPage\",\"@id\":\"https:\/\/www.gpjbaker.com\/fr\/marques\/kravet\/linherr-hollingsworth\/\",\"url\":\"https:\/\/www.gpjbaker.com\/fr\/marques\/kravet\/linherr-hollingsworth\/\",\"name\":\"Linherr Hollingsworth - G P &amp; J Baker\",\"isPartOf\":{\"@id\":\"https:\/\/www.gpjbaker.com\/#website\"},\"primaryImageOfPage\":{\"@id\":\"https:\/\/www.gpjbaker.com\/fr\/marques\/kravet\/linherr-hollingsworth\/#primaryimage\"},\"image\":{\"@id\":\"https:\/\/www.gpjbaker.com\/fr\/marques\/kravet\/linherr-hollingsworth\/#primaryimage\"},\"thumbnailUrl\":\"https:\/\/www.gpjbaker.com\/wp-content\/uploads\/2017\/01\/Linherr_thumb.jpg\",\"datePublished\":\"2017-01-24T21:53:16+00:00\",\"dateModified\":\"2025-09-08T19:40:29+00:00\",\"breadcrumb\":{\"@id\":\"https:\/\/www.gpjbaker.com\/fr\/marques\/kravet\/linherr-hollingsworth\/#breadcrumb\"},\"inLanguage\":\"fr-FR\",\"potentialAction\":[{\"@type\":\"ReadAction\",\"target\":[\"https:\/\/www.gpjbaker.com\/fr\/marques\/kravet\/linherr-hollingsworth\/\"]}]},{\"@type\":\"ImageObject\",\"inLanguage\":\"fr-FR\",\"@id\":\"https:\/\/www.gpjbaker.com\/fr\/marques\/kravet\/linherr-hollingsworth\/#primaryimage\",\"url\":\"https:\/\/www.gpjbaker.com\/wp-content\/uploads\/2017\/01\/Linherr_thumb.jpg\",\"contentUrl\":\"https:\/\/www.gpjbaker.com\/wp-content\/uploads\/2017\/01\/Linherr_thumb.jpg\",\"width\":500,\"height\":325,\"caption\":\"Des motifs g\u00e9om\u00e9triques, des formes fluides aux tons organiques sont soulign\u00e9s par de petites touches m\u00e9talliques\"},{\"@type\":\"BreadcrumbList\",\"@id\":\"https:\/\/www.gpjbaker.com\/fr\/marques\/kravet\/linherr-hollingsworth\/#breadcrumb\",\"itemListElement\":[{\"@type\":\"ListItem\",\"position\":1,\"name\":\"Home\",\"item\":\"https:\/\/www.gpjbaker.com\/fr\/\"},{\"@type\":\"ListItem\",\"position\":2,\"name\":\"Marques\",\"item\":\"https:\/\/www.gpjbaker.com\/fr\/marques\/\"},{\"@type\":\"ListItem\",\"position\":3,\"name\":\"Kravet\",\"item\":\"https:\/\/www.gpjbaker.com\/fr\/marques\/kravet\/\"},{\"@type\":\"ListItem\",\"position\":4,\"name\":\"Linherr Hollingsworth\"}]},{\"@type\":\"WebSite\",\"@id\":\"https:\/\/www.gpjbaker.com\/#website\",\"url\":\"https:\/\/www.gpjbaker.com\/\",\"name\":\"G P &amp; J Baker\",\"description\":\"\",\"potentialAction\":[{\"@type\":\"SearchAction\",\"target\":{\"@type\":\"EntryPoint\",\"urlTemplate\":\"https:\/\/www.gpjbaker.com\/?s={search_term_string}\"},\"query-input\":{\"@type\":\"PropertyValueSpecification\",\"valueRequired\":true,\"valueName\":\"search_term_string\"}}],\"inLanguage\":\"fr-FR\"}]}<\/script>\n<!-- \/ Yoast SEO plugin. -->","yoast_head_json":{"title":"Linherr Hollingsworth - G P &amp; J Baker","robots":{"index":"index","follow":"follow","max-snippet":"max-snippet:-1","max-image-preview":"max-image-preview:large","max-video-preview":"max-video-preview:-1"},"canonical":"https:\/\/www.gpjbaker.com\/fr\/marques\/kravet\/linherr-hollingsworth\/","og_locale":"fr_FR","og_type":"article","og_title":"Linherr Hollingsworth - G P &amp; J Baker","og_description":"[vc_row][vc_column][vc_column_text]Des motifs g\u00e9om\u00e9triques, des formes fluides aux tons organiques sont soulign\u00e9s par de petites touches m\u00e9talliques.\u00a0Des formes abstraites et des associations dynamiques de textures, opulents velours, tissages exceptionnels, doux imprim\u00e9s en lin, s&#8217;associent harmonieusement pour un style \u00e0 la fois d\u00e9pouill\u00e9 et sophistiqu\u00e9.[\/vc_column_text][\/vc_column][\/vc_row][vc_row][vc_column][vc_raw_js]JTNDc2NyaXB0JTIwdHlwZSUzRCUyMnRleHQlMkZqYXZhc2NyaXB0JTIyJTNFJTIwJTBBJTBBdmFyJTIwc2VhcmNoVVJMJTIwJTNEJTIwJTIyc29ydCUzRERBVEUlMjZ1c2UlM0RNdWx0aXB1cnBvc2UlMkNVcGhvbHN0ZXJ5JTJDQ3VydGFpbnMlMjZjb2xsZWN0aW9uJTNETGluaGVyciUyMEhvbGxpbmdzd29ydGglMjBCb2hlbWUlMjIlM0IlMEElMEElM0MlMkZzY3JpcHQlM0UlMEE=[\/vc_raw_js][\/vc_column][\/vc_row]","og_url":"https:\/\/www.gpjbaker.com\/fr\/marques\/kravet\/linherr-hollingsworth\/","og_site_name":"G P &amp; J Baker","article_modified_time":"2025-09-08T19:40:29+00:00","og_image":[{"width":500,"height":325,"url":"https:\/\/www.gpjbaker.com\/wp-content\/uploads\/2017\/01\/Linherr_thumb.jpg","type":"image\/jpeg"}],"twitter_card":"summary_large_image","twitter_misc":{"Est. reading time":"1 minute"},"schema":{"@context":"https:\/\/schema.org","@graph":[{"@type":"WebPage","@id":"https:\/\/www.gpjbaker.com\/fr\/marques\/kravet\/linherr-hollingsworth\/","url":"https:\/\/www.gpjbaker.com\/fr\/marques\/kravet\/linherr-hollingsworth\/","name":"Linherr Hollingsworth - G P &amp; J Baker","isPartOf":{"@id":"https:\/\/www.gpjbaker.com\/#website"},"primaryImageOfPage":{"@id":"https:\/\/www.gpjbaker.com\/fr\/marques\/kravet\/linherr-hollingsworth\/#primaryimage"},"image":{"@id":"https:\/\/www.gpjbaker.com\/fr\/marques\/kravet\/linherr-hollingsworth\/#primaryimage"},"thumbnailUrl":"https:\/\/www.gpjbaker.com\/wp-content\/uploads\/2017\/01\/Linherr_thumb.jpg","datePublished":"2017-01-24T21:53:16+00:00","dateModified":"2025-09-08T19:40:29+00:00","breadcrumb":{"@id":"https:\/\/www.gpjbaker.com\/fr\/marques\/kravet\/linherr-hollingsworth\/#breadcrumb"},"inLanguage":"fr-FR","potentialAction":[{"@type":"ReadAction","target":["https:\/\/www.gpjbaker.com\/fr\/marques\/kravet\/linherr-hollingsworth\/"]}]},{"@type":"ImageObject","inLanguage":"fr-FR","@id":"https:\/\/www.gpjbaker.com\/fr\/marques\/kravet\/linherr-hollingsworth\/#primaryimage","url":"https:\/\/www.gpjbaker.com\/wp-content\/uploads\/2017\/01\/Linherr_thumb.jpg","contentUrl":"https:\/\/www.gpjbaker.com\/wp-content\/uploads\/2017\/01\/Linherr_thumb.jpg","width":500,"height":325,"caption":"Des motifs g\u00e9om\u00e9triques, des formes fluides aux tons organiques sont soulign\u00e9s par de petites touches m\u00e9talliques"},{"@type":"BreadcrumbList","@id":"https:\/\/www.gpjbaker.com\/fr\/marques\/kravet\/linherr-hollingsworth\/#breadcrumb","itemListElement":[{"@type":"ListItem","position":1,"name":"Home","item":"https:\/\/www.gpjbaker.com\/fr\/"},{"@type":"ListItem","position":2,"name":"Marques","item":"https:\/\/www.gpjbaker.com\/fr\/marques\/"},{"@type":"ListItem","position":3,"name":"Kravet","item":"https:\/\/www.gpjbaker.com\/fr\/marques\/kravet\/"},{"@type":"ListItem","position":4,"name":"Linherr Hollingsworth"}]},{"@type":"WebSite","@id":"https:\/\/www.gpjbaker.com\/#website","url":"https:\/\/www.gpjbaker.com\/","name":"G P &amp; J Baker","description":"","potentialAction":[{"@type":"SearchAction","target":{"@type":"EntryPoint","urlTemplate":"https:\/\/www.gpjbaker.com\/?s={search_term_string}"},"query-input":{"@type":"PropertyValueSpecification","valueRequired":true,"valueName":"search_term_string"}}],"inLanguage":"fr-FR"}]}},"_links":{"self":[{"href":"https:\/\/www.gpjbaker.com\/fr\/wp-json\/wp\/v2\/pages\/6498","targetHints":{"allow":["GET"]}}],"collection":[{"href":"https:\/\/www.gpjbaker.com\/fr\/wp-json\/wp\/v2\/pages"}],"about":[{"href":"https:\/\/www.gpjbaker.com\/fr\/wp-json\/wp\/v2\/types\/page"}],"author":[{"embeddable":true,"href":"https:\/\/www.gpjbaker.com\/fr\/wp-json\/wp\/v2\/users\/6"}],"replies":[{"embeddable":true,"href":"https:\/\/www.gpjbaker.com\/fr\/wp-json\/wp\/v2\/comments?post=6498"}],"version-history":[{"count":4,"href":"https:\/\/www.gpjbaker.com\/fr\/wp-json\/wp\/v2\/pages\/6498\/revisions"}],"predecessor-version":[{"id":6535,"href":"https:\/\/www.gpjbaker.com\/fr\/wp-json\/wp\/v2\/pages\/6498\/revisions\/6535"}],"up":[{"embeddable":true,"href":"https:\/\/www.gpjbaker.com\/fr\/wp-json\/wp\/v2\/pages\/5291"}],"wp:featuredmedia":[{"embeddable":true,"href":"https:\/\/www.gpjbaker.com\/fr\/wp-json\/wp\/v2\/media\/6496"}],"wp:attachment":[{"href":"https:\/\/www.gpjbaker.com\/fr\/wp-json\/wp\/v2\/media?parent=6498"}],"curies":[{"name":"wp","href":"https:\/\/api.w.org\/{rel}","templated":true}]}}