{"id":6471,"date":"2017-01-05T17:01:34","date_gmt":"2017-01-05T21:01:34","guid":{"rendered":"http:\/\/gpjbaker.kravet.us\/marques\/kravet\/kate-spade-new-york\/"},"modified":"2025-09-08T14:40:56","modified_gmt":"2025-09-08T19:40:56","slug":"kate-spade-new-york","status":"publish","type":"page","link":"https:\/\/www.gpjbaker.com\/fr\/marques\/kravet\/kate-spade-new-york\/","title":{"rendered":"Kate Spade New York"},"content":{"rendered":"<div class=\"wpb-content-wrapper\">[vc_row][vc_column][vc_column_text]Kate Spade New York, a puis\u00e9 dans ses anciennes collections d&#8217;imprim\u00e9s pour proposer des intemporels, transition tout en douceur entre accessoires de mode et d\u00e9coration d&#8217;int\u00e9rieur. Sa collection d&#8217;imprim\u00e9s, de tissage et parements nous conte l&#8217;histoire d&#8217;une kate spade new york classique, \u00e0 l&#8217;audacieuse f\u00e9minit\u00e9 et \u00e0 l&#8217;esprit d&#8217;aventure. Ses coloris vifs et nets sont embl\u00e9matiques du style de la marque.[\/vc_column_text][\/vc_column][\/vc_row][vc_row][vc_column][vc_raw_js]JTNDc2NyaXB0JTIwdHlwZSUzRCUyMnRleHQlMkZqYXZhc2NyaXB0JTIyJTNFJTIwJTBBJTBBdmFyJTIwZmFicmljc1VSTCUyMCUzRCUyMCUyMnNvcnQlM0REQVRFJTI2dXNlJTNETXVsdGlwdXJwb3NlJTJDVXBob2xzdGVyeSUyQ0N1cnRhaW5zJTJDVHJpbW1pbmdzRmFicmljJTI2Y29sbGVjdGlvbiUzREthdGUlMjBTcGFkZSUyMENvbGxlY3Rpb24lMkMlMjBLYXRlJTIwU3BhZGUlMjBDdXJpb3NpdGllcyUyQyUyMEthdGUlMjBTcGFkZSUyMFdoaW1zaWVzJTJDJTIwS2F0ZSUyMFNwYWRlJTIwQ2xhc3NpY3MlMjIlM0IlMEF2YXIlMjB0cmltVVJMJTIwJTNEJTIwJTIyc29ydCUzRERBVEUlMjZ1c2UlM0RUcmltJTI2Y29sbGVjdGlvbiUzREthdGUlMjBTcGFkZSUyMENvbGxlY3Rpb24lMjIlM0IlMEElMEElM0MlMkZzY3JpcHQlM0U=[\/vc_raw_js][\/vc_column][\/vc_row]<\/div>","protected":false},"excerpt":{"rendered":"[vc_row][vc_column][vc_column_text]Kate Spade New York, a puis\u00e9 dans ses anciennes collections d&#8217;imprim\u00e9s pour proposer des intemporels, transition tout en douceur entre accessoires de mode et d\u00e9coration d&#8217;int\u00e9rieur. Sa collection d&#8217;imprim\u00e9s, de tissage et parements nous conte l&#8217;histoire d&#8217;une kate spade new york classique, \u00e0 l&#8217;audacieuse f\u00e9minit\u00e9 et \u00e0 l&#8217;esprit d&#8217;aventure. Ses coloris vifs et nets sont&#8230; <a class=\"view-article\" href=\"https:\/\/www.gpjbaker.com\/fr\/marques\/kravet\/kate-spade-new-york\/\">Voir l&#8217;article<\/a>","protected":false},"author":1,"featured_media":6323,"parent":5291,"menu_order":15,"comment_status":"closed","ping_status":"closed","template":"template-collections.php","meta":{"footnotes":""},"class_list":["post-6471","page","type-page","status-publish","has-post-thumbnail","hentry","page_language-fr"],"yoast_head":"<!-- This site is optimized with the Yoast SEO plugin v26.8 - https:\/\/yoast.com\/product\/yoast-seo-wordpress\/ -->\n<title>Kate Spade New York - G P &amp; J Baker<\/title>\n<meta name=\"robots\" content=\"index, follow, max-snippet:-1, max-image-preview:large, max-video-preview:-1\" \/>\n<link rel=\"canonical\" href=\"https:\/\/www.gpjbaker.com\/fr\/marques\/kravet\/kate-spade-new-york\/\" \/>\n<meta property=\"og:locale\" content=\"fr_FR\" \/>\n<meta property=\"og:type\" content=\"article\" \/>\n<meta property=\"og:title\" content=\"Kate Spade New York - G P &amp; J Baker\" \/>\n<meta property=\"og:description\" content=\"[vc_row][vc_column][vc_column_text]Kate Spade New York, a puis\u00e9 dans ses anciennes collections d&#8217;imprim\u00e9s pour proposer des intemporels, transition tout en douceur entre accessoires de mode et d\u00e9coration d&#8217;int\u00e9rieur. Sa collection d&#8217;imprim\u00e9s, de tissage et parements nous conte l&#8217;histoire d&#8217;une kate spade new york classique, \u00e0 l&#8217;audacieuse f\u00e9minit\u00e9 et \u00e0 l&#8217;esprit d&#8217;aventure. Ses coloris vifs et nets sont... Voir l&#039;article\" \/>\n<meta property=\"og:url\" content=\"https:\/\/www.gpjbaker.com\/fr\/marques\/kravet\/kate-spade-new-york\/\" \/>\n<meta property=\"og:site_name\" content=\"G P &amp; J Baker\" \/>\n<meta property=\"article:modified_time\" content=\"2025-09-08T19:40:56+00:00\" \/>\n<meta property=\"og:image\" content=\"https:\/\/www.gpjbaker.com\/wp-content\/uploads\/2016\/09\/KateSpade-Bench-1.jpg\" \/>\n\t<meta property=\"og:image:width\" content=\"393\" \/>\n\t<meta property=\"og:image:height\" content=\"255\" \/>\n\t<meta property=\"og:image:type\" content=\"image\/jpeg\" \/>\n<meta name=\"twitter:card\" content=\"summary_large_image\" \/>\n<meta name=\"twitter:label1\" content=\"Est. reading time\" \/>\n\t<meta name=\"twitter:data1\" content=\"1 minute\" \/>\n<script type=\"application\/ld+json\" class=\"yoast-schema-graph\">{\"@context\":\"https:\/\/schema.org\",\"@graph\":[{\"@type\":\"WebPage\",\"@id\":\"https:\/\/www.gpjbaker.com\/fr\/marques\/kravet\/kate-spade-new-york\/\",\"url\":\"https:\/\/www.gpjbaker.com\/fr\/marques\/kravet\/kate-spade-new-york\/\",\"name\":\"Kate Spade New York - G P &amp; J Baker\",\"isPartOf\":{\"@id\":\"https:\/\/www.gpjbaker.com\/#website\"},\"primaryImageOfPage\":{\"@id\":\"https:\/\/www.gpjbaker.com\/fr\/marques\/kravet\/kate-spade-new-york\/#primaryimage\"},\"image\":{\"@id\":\"https:\/\/www.gpjbaker.com\/fr\/marques\/kravet\/kate-spade-new-york\/#primaryimage\"},\"thumbnailUrl\":\"https:\/\/www.gpjbaker.com\/wp-content\/uploads\/2016\/09\/KateSpade-Bench-1.jpg\",\"datePublished\":\"2017-01-05T21:01:34+00:00\",\"dateModified\":\"2025-09-08T19:40:56+00:00\",\"breadcrumb\":{\"@id\":\"https:\/\/www.gpjbaker.com\/fr\/marques\/kravet\/kate-spade-new-york\/#breadcrumb\"},\"inLanguage\":\"fr-FR\",\"potentialAction\":[{\"@type\":\"ReadAction\",\"target\":[\"https:\/\/www.gpjbaker.com\/fr\/marques\/kravet\/kate-spade-new-york\/\"]}]},{\"@type\":\"ImageObject\",\"inLanguage\":\"fr-FR\",\"@id\":\"https:\/\/www.gpjbaker.com\/fr\/marques\/kravet\/kate-spade-new-york\/#primaryimage\",\"url\":\"https:\/\/www.gpjbaker.com\/wp-content\/uploads\/2016\/09\/KateSpade-Bench-1.jpg\",\"contentUrl\":\"https:\/\/www.gpjbaker.com\/wp-content\/uploads\/2016\/09\/KateSpade-Bench-1.jpg\",\"width\":393,\"height\":255,\"caption\":\"Kate Spade New York, a puis\u00e9 dans ses anciennes collections d'imprim\u00e9s pour proposer des intemporels, transition tout en douceur entre accessoires de mode et d\u00e9coration d'int\u00e9rieur\"},{\"@type\":\"BreadcrumbList\",\"@id\":\"https:\/\/www.gpjbaker.com\/fr\/marques\/kravet\/kate-spade-new-york\/#breadcrumb\",\"itemListElement\":[{\"@type\":\"ListItem\",\"position\":1,\"name\":\"Home\",\"item\":\"https:\/\/www.gpjbaker.com\/fr\/\"},{\"@type\":\"ListItem\",\"position\":2,\"name\":\"Marques\",\"item\":\"https:\/\/www.gpjbaker.com\/fr\/marques\/\"},{\"@type\":\"ListItem\",\"position\":3,\"name\":\"Kravet\",\"item\":\"https:\/\/www.gpjbaker.com\/fr\/marques\/kravet\/\"},{\"@type\":\"ListItem\",\"position\":4,\"name\":\"Kate Spade New York\"}]},{\"@type\":\"WebSite\",\"@id\":\"https:\/\/www.gpjbaker.com\/#website\",\"url\":\"https:\/\/www.gpjbaker.com\/\",\"name\":\"G P &amp; J Baker\",\"description\":\"\",\"potentialAction\":[{\"@type\":\"SearchAction\",\"target\":{\"@type\":\"EntryPoint\",\"urlTemplate\":\"https:\/\/www.gpjbaker.com\/?s={search_term_string}\"},\"query-input\":{\"@type\":\"PropertyValueSpecification\",\"valueRequired\":true,\"valueName\":\"search_term_string\"}}],\"inLanguage\":\"fr-FR\"}]}<\/script>\n<!-- \/ Yoast SEO plugin. -->","yoast_head_json":{"title":"Kate Spade New York - G P &amp; J Baker","robots":{"index":"index","follow":"follow","max-snippet":"max-snippet:-1","max-image-preview":"max-image-preview:large","max-video-preview":"max-video-preview:-1"},"canonical":"https:\/\/www.gpjbaker.com\/fr\/marques\/kravet\/kate-spade-new-york\/","og_locale":"fr_FR","og_type":"article","og_title":"Kate Spade New York - G P &amp; J Baker","og_description":"[vc_row][vc_column][vc_column_text]Kate Spade New York, a puis\u00e9 dans ses anciennes collections d&#8217;imprim\u00e9s pour proposer des intemporels, transition tout en douceur entre accessoires de mode et d\u00e9coration d&#8217;int\u00e9rieur. Sa collection d&#8217;imprim\u00e9s, de tissage et parements nous conte l&#8217;histoire d&#8217;une kate spade new york classique, \u00e0 l&#8217;audacieuse f\u00e9minit\u00e9 et \u00e0 l&#8217;esprit d&#8217;aventure. Ses coloris vifs et nets sont... Voir l'article","og_url":"https:\/\/www.gpjbaker.com\/fr\/marques\/kravet\/kate-spade-new-york\/","og_site_name":"G P &amp; J Baker","article_modified_time":"2025-09-08T19:40:56+00:00","og_image":[{"width":393,"height":255,"url":"https:\/\/www.gpjbaker.com\/wp-content\/uploads\/2016\/09\/KateSpade-Bench-1.jpg","type":"image\/jpeg"}],"twitter_card":"summary_large_image","twitter_misc":{"Est. reading time":"1 minute"},"schema":{"@context":"https:\/\/schema.org","@graph":[{"@type":"WebPage","@id":"https:\/\/www.gpjbaker.com\/fr\/marques\/kravet\/kate-spade-new-york\/","url":"https:\/\/www.gpjbaker.com\/fr\/marques\/kravet\/kate-spade-new-york\/","name":"Kate Spade New York - G P &amp; J Baker","isPartOf":{"@id":"https:\/\/www.gpjbaker.com\/#website"},"primaryImageOfPage":{"@id":"https:\/\/www.gpjbaker.com\/fr\/marques\/kravet\/kate-spade-new-york\/#primaryimage"},"image":{"@id":"https:\/\/www.gpjbaker.com\/fr\/marques\/kravet\/kate-spade-new-york\/#primaryimage"},"thumbnailUrl":"https:\/\/www.gpjbaker.com\/wp-content\/uploads\/2016\/09\/KateSpade-Bench-1.jpg","datePublished":"2017-01-05T21:01:34+00:00","dateModified":"2025-09-08T19:40:56+00:00","breadcrumb":{"@id":"https:\/\/www.gpjbaker.com\/fr\/marques\/kravet\/kate-spade-new-york\/#breadcrumb"},"inLanguage":"fr-FR","potentialAction":[{"@type":"ReadAction","target":["https:\/\/www.gpjbaker.com\/fr\/marques\/kravet\/kate-spade-new-york\/"]}]},{"@type":"ImageObject","inLanguage":"fr-FR","@id":"https:\/\/www.gpjbaker.com\/fr\/marques\/kravet\/kate-spade-new-york\/#primaryimage","url":"https:\/\/www.gpjbaker.com\/wp-content\/uploads\/2016\/09\/KateSpade-Bench-1.jpg","contentUrl":"https:\/\/www.gpjbaker.com\/wp-content\/uploads\/2016\/09\/KateSpade-Bench-1.jpg","width":393,"height":255,"caption":"Kate Spade New York, a puis\u00e9 dans ses anciennes collections d'imprim\u00e9s pour proposer des intemporels, transition tout en douceur entre accessoires de mode et d\u00e9coration d'int\u00e9rieur"},{"@type":"BreadcrumbList","@id":"https:\/\/www.gpjbaker.com\/fr\/marques\/kravet\/kate-spade-new-york\/#breadcrumb","itemListElement":[{"@type":"ListItem","position":1,"name":"Home","item":"https:\/\/www.gpjbaker.com\/fr\/"},{"@type":"ListItem","position":2,"name":"Marques","item":"https:\/\/www.gpjbaker.com\/fr\/marques\/"},{"@type":"ListItem","position":3,"name":"Kravet","item":"https:\/\/www.gpjbaker.com\/fr\/marques\/kravet\/"},{"@type":"ListItem","position":4,"name":"Kate Spade New York"}]},{"@type":"WebSite","@id":"https:\/\/www.gpjbaker.com\/#website","url":"https:\/\/www.gpjbaker.com\/","name":"G P &amp; J Baker","description":"","potentialAction":[{"@type":"SearchAction","target":{"@type":"EntryPoint","urlTemplate":"https:\/\/www.gpjbaker.com\/?s={search_term_string}"},"query-input":{"@type":"PropertyValueSpecification","valueRequired":true,"valueName":"search_term_string"}}],"inLanguage":"fr-FR"}]}},"_links":{"self":[{"href":"https:\/\/www.gpjbaker.com\/fr\/wp-json\/wp\/v2\/pages\/6471","targetHints":{"allow":["GET"]}}],"collection":[{"href":"https:\/\/www.gpjbaker.com\/fr\/wp-json\/wp\/v2\/pages"}],"about":[{"href":"https:\/\/www.gpjbaker.com\/fr\/wp-json\/wp\/v2\/types\/page"}],"author":[{"embeddable":true,"href":"https:\/\/www.gpjbaker.com\/fr\/wp-json\/wp\/v2\/users\/1"}],"replies":[{"embeddable":true,"href":"https:\/\/www.gpjbaker.com\/fr\/wp-json\/wp\/v2\/comments?post=6471"}],"version-history":[{"count":2,"href":"https:\/\/www.gpjbaker.com\/fr\/wp-json\/wp\/v2\/pages\/6471\/revisions"}],"predecessor-version":[{"id":6505,"href":"https:\/\/www.gpjbaker.com\/fr\/wp-json\/wp\/v2\/pages\/6471\/revisions\/6505"}],"up":[{"embeddable":true,"href":"https:\/\/www.gpjbaker.com\/fr\/wp-json\/wp\/v2\/pages\/5291"}],"wp:featuredmedia":[{"embeddable":true,"href":"https:\/\/www.gpjbaker.com\/fr\/wp-json\/wp\/v2\/media\/6323"}],"wp:attachment":[{"href":"https:\/\/www.gpjbaker.com\/fr\/wp-json\/wp\/v2\/media?parent=6471"}],"curies":[{"name":"wp","href":"https:\/\/api.w.org\/{rel}","templated":true}]}}