{"id":6470,"date":"2017-01-05T17:01:33","date_gmt":"2017-01-05T21:01:33","guid":{"rendered":"http:\/\/gpjbaker.kravet.us\/marques\/kravet\/candice-olson\/"},"modified":"2025-09-09T12:26:20","modified_gmt":"2025-09-09T17:26:20","slug":"candice-olson","status":"publish","type":"page","link":"https:\/\/www.gpjbaker.com\/fr\/marques\/kravet\/candice-olson\/","title":{"rendered":"Candice Olson"},"content":{"rendered":"<div class=\"wpb-content-wrapper\">[vc_row][vc_column][vc_column_text]Une collection qui refl\u00e8te un sentiment d&#8217;insouciance, d&#8217;\u00e9l\u00e9gance au quotidien et de luxe d\u00e9contract\u00e9. Cette collection m\u00eale coh\u00e9sion et contrastes \u2013 une collection \u00e0 la fois contemporaine et confortable, informelle et sophistiqu\u00e9e, classique et contemporaine, avec une touche d&#8217;in\u00e9dit.[\/vc_column_text][\/vc_column][\/vc_row][vc_row][vc_column][vc_raw_js]JTNDc2NyaXB0JTIwdHlwZSUzRCUyMnRleHQlMkZqYXZhc2NyaXB0JTIyJTNFJTIwJTBBJTBBdmFyJTIwZmFicmljc1VSTCUyMCUzRCUyMCUyMnNvcnQlM0REQVRFJTI2dXNlJTNETXVsdGlwdXJwb3NlJTJDVXBob2xzdGVyeSUyQ0N1cnRhaW5zJTJDVHJpbW1pbmdzRmFicmljJTI2Y29sbGVjdGlvbiUzRENhbmRpY2UlMjBPbHNvbiUyMENvbGxlY3Rpb24lMjIlM0IlMEF2YXIlMjB0cmltVVJMJTIwJTNEJTIwJTIyc29ydCUzRERBVEUlMjZ1c2UlM0RUcmltJTI2Y29sbGVjdGlvbiUzRENhbmRpY2UlMjBPbHNvbiUyMENvbGxlY3Rpb24lMjIlM0IlMEElMEElM0MlMkZzY3JpcHQlM0U=[\/vc_raw_js][\/vc_column][\/vc_row]<\/div>","protected":false},"excerpt":{"rendered":"[vc_row][vc_column][vc_column_text]Une collection qui refl\u00e8te un sentiment d&#8217;insouciance, d&#8217;\u00e9l\u00e9gance au quotidien et de luxe d\u00e9contract\u00e9. Cette collection m\u00eale coh\u00e9sion et contrastes \u2013 une collection \u00e0 la fois contemporaine et confortable, informelle et sophistiqu\u00e9e, classique et contemporaine, avec une touche d&#8217;in\u00e9dit.[\/vc_column_text][\/vc_column][\/vc_row][vc_row][vc_column][vc_raw_js]JTNDc2NyaXB0JTIwdHlwZSUzRCUyMnRleHQlMkZqYXZhc2NyaXB0JTIyJTNFJTIwJTBBJTBBdmFyJTIwZmFicmljc1VSTCUyMCUzRCUyMCUyMnNvcnQlM0REQVRFJTI2dXNlJTNETXVsdGlwdXJwb3NlJTJDVXBob2xzdGVyeSUyQ0N1cnRhaW5zJTJDVHJpbW1pbmdzRmFicmljJTI2Y29sbGVjdGlvbiUzRENhbmRpY2UlMjBPbHNvbiUyMENvbGxlY3Rpb24lMjIlM0IlMEF2YXIlMjB0cmltVVJMJTIwJTNEJTIwJTIyc29ydCUzRERBVEUlMjZ1c2UlM0RUcmltJTI2Y29sbGVjdGlvbiUzRENhbmRpY2UlMjBPbHNvbiUyMENvbGxlY3Rpb24lMjIlM0IlMEElMEElM0MlMkZzY3JpcHQlM0U=[\/vc_raw_js][\/vc_column][\/vc_row]","protected":false},"author":1,"featured_media":6501,"parent":5291,"menu_order":12,"comment_status":"closed","ping_status":"closed","template":"template-collections.php","meta":{"footnotes":""},"class_list":["post-6470","page","type-page","status-publish","has-post-thumbnail","hentry","page_language-fr"],"yoast_head":"<!-- This site is optimized with the Yoast SEO plugin v26.8 - https:\/\/yoast.com\/product\/yoast-seo-wordpress\/ -->\n<title>Candice Olson - G P &amp; J Baker<\/title>\n<meta name=\"robots\" content=\"index, follow, max-snippet:-1, max-image-preview:large, max-video-preview:-1\" \/>\n<link rel=\"canonical\" href=\"https:\/\/www.gpjbaker.com\/fr\/marques\/kravet\/candice-olson\/\" \/>\n<meta property=\"og:locale\" content=\"fr_FR\" \/>\n<meta property=\"og:type\" content=\"article\" \/>\n<meta property=\"og:title\" content=\"Candice Olson - G P &amp; J Baker\" \/>\n<meta property=\"og:description\" content=\"[vc_row][vc_column][vc_column_text]Une collection qui refl\u00e8te un sentiment d&#8217;insouciance, d&#8217;\u00e9l\u00e9gance au quotidien et de luxe d\u00e9contract\u00e9. Cette collection m\u00eale coh\u00e9sion et contrastes \u2013 une collection \u00e0 la fois contemporaine et confortable, informelle et sophistiqu\u00e9e, classique et contemporaine, avec une touche d&#8217;in\u00e9dit.[\/vc_column_text][\/vc_column][\/vc_row][vc_row][vc_column][vc_raw_js]JTNDc2NyaXB0JTIwdHlwZSUzRCUyMnRleHQlMkZqYXZhc2NyaXB0JTIyJTNFJTIwJTBBJTBBdmFyJTIwZmFicmljc1VSTCUyMCUzRCUyMCUyMnNvcnQlM0REQVRFJTI2dXNlJTNETXVsdGlwdXJwb3NlJTJDVXBob2xzdGVyeSUyQ0N1cnRhaW5zJTJDVHJpbW1pbmdzRmFicmljJTI2Y29sbGVjdGlvbiUzRENhbmRpY2UlMjBPbHNvbiUyMENvbGxlY3Rpb24lMjIlM0IlMEF2YXIlMjB0cmltVVJMJTIwJTNEJTIwJTIyc29ydCUzRERBVEUlMjZ1c2UlM0RUcmltJTI2Y29sbGVjdGlvbiUzRENhbmRpY2UlMjBPbHNvbiUyMENvbGxlY3Rpb24lMjIlM0IlMEElMEElM0MlMkZzY3JpcHQlM0U=[\/vc_raw_js][\/vc_column][\/vc_row]\" \/>\n<meta property=\"og:url\" content=\"https:\/\/www.gpjbaker.com\/fr\/marques\/kravet\/candice-olson\/\" \/>\n<meta property=\"og:site_name\" content=\"G P &amp; J Baker\" \/>\n<meta property=\"article:modified_time\" content=\"2025-09-09T17:26:20+00:00\" \/>\n<meta property=\"og:image\" content=\"https:\/\/www.gpjbaker.com\/wp-content\/uploads\/2017\/01\/Candice-Olson-7-1.jpg\" \/>\n\t<meta property=\"og:image:width\" content=\"393\" \/>\n\t<meta property=\"og:image:height\" content=\"255\" \/>\n\t<meta property=\"og:image:type\" content=\"image\/jpeg\" \/>\n<meta name=\"twitter:card\" content=\"summary_large_image\" \/>\n<meta name=\"twitter:label1\" content=\"Est. reading time\" \/>\n\t<meta name=\"twitter:data1\" content=\"1 minute\" \/>\n<script type=\"application\/ld+json\" class=\"yoast-schema-graph\">{\"@context\":\"https:\/\/schema.org\",\"@graph\":[{\"@type\":\"WebPage\",\"@id\":\"https:\/\/www.gpjbaker.com\/fr\/marques\/kravet\/candice-olson\/\",\"url\":\"https:\/\/www.gpjbaker.com\/fr\/marques\/kravet\/candice-olson\/\",\"name\":\"Candice Olson - G P &amp; J Baker\",\"isPartOf\":{\"@id\":\"https:\/\/www.gpjbaker.com\/#website\"},\"primaryImageOfPage\":{\"@id\":\"https:\/\/www.gpjbaker.com\/fr\/marques\/kravet\/candice-olson\/#primaryimage\"},\"image\":{\"@id\":\"https:\/\/www.gpjbaker.com\/fr\/marques\/kravet\/candice-olson\/#primaryimage\"},\"thumbnailUrl\":\"https:\/\/www.gpjbaker.com\/wp-content\/uploads\/2017\/01\/Candice-Olson-7-1.jpg\",\"datePublished\":\"2017-01-05T21:01:33+00:00\",\"dateModified\":\"2025-09-09T17:26:20+00:00\",\"breadcrumb\":{\"@id\":\"https:\/\/www.gpjbaker.com\/fr\/marques\/kravet\/candice-olson\/#breadcrumb\"},\"inLanguage\":\"fr-FR\",\"potentialAction\":[{\"@type\":\"ReadAction\",\"target\":[\"https:\/\/www.gpjbaker.com\/fr\/marques\/kravet\/candice-olson\/\"]}]},{\"@type\":\"ImageObject\",\"inLanguage\":\"fr-FR\",\"@id\":\"https:\/\/www.gpjbaker.com\/fr\/marques\/kravet\/candice-olson\/#primaryimage\",\"url\":\"https:\/\/www.gpjbaker.com\/wp-content\/uploads\/2017\/01\/Candice-Olson-7-1.jpg\",\"contentUrl\":\"https:\/\/www.gpjbaker.com\/wp-content\/uploads\/2017\/01\/Candice-Olson-7-1.jpg\",\"width\":393,\"height\":255,\"caption\":\"Une collection qui refl\u00e8te un sentiment d'insouciance, d'\u00e9l\u00e9gance au quotidien et de luxe d\u00e9contract\u00e9. Cette collection m\u00eale coh\u00e9sion et contrastes\"},{\"@type\":\"BreadcrumbList\",\"@id\":\"https:\/\/www.gpjbaker.com\/fr\/marques\/kravet\/candice-olson\/#breadcrumb\",\"itemListElement\":[{\"@type\":\"ListItem\",\"position\":1,\"name\":\"Home\",\"item\":\"https:\/\/www.gpjbaker.com\/fr\/\"},{\"@type\":\"ListItem\",\"position\":2,\"name\":\"Marques\",\"item\":\"https:\/\/www.gpjbaker.com\/fr\/marques\/\"},{\"@type\":\"ListItem\",\"position\":3,\"name\":\"Kravet\",\"item\":\"https:\/\/www.gpjbaker.com\/fr\/marques\/kravet\/\"},{\"@type\":\"ListItem\",\"position\":4,\"name\":\"Candice Olson\"}]},{\"@type\":\"WebSite\",\"@id\":\"https:\/\/www.gpjbaker.com\/#website\",\"url\":\"https:\/\/www.gpjbaker.com\/\",\"name\":\"G P &amp; J Baker\",\"description\":\"\",\"potentialAction\":[{\"@type\":\"SearchAction\",\"target\":{\"@type\":\"EntryPoint\",\"urlTemplate\":\"https:\/\/www.gpjbaker.com\/?s={search_term_string}\"},\"query-input\":{\"@type\":\"PropertyValueSpecification\",\"valueRequired\":true,\"valueName\":\"search_term_string\"}}],\"inLanguage\":\"fr-FR\"}]}<\/script>\n<!-- \/ Yoast SEO plugin. -->","yoast_head_json":{"title":"Candice Olson - G P &amp; J Baker","robots":{"index":"index","follow":"follow","max-snippet":"max-snippet:-1","max-image-preview":"max-image-preview:large","max-video-preview":"max-video-preview:-1"},"canonical":"https:\/\/www.gpjbaker.com\/fr\/marques\/kravet\/candice-olson\/","og_locale":"fr_FR","og_type":"article","og_title":"Candice Olson - G P &amp; J Baker","og_description":"[vc_row][vc_column][vc_column_text]Une collection qui refl\u00e8te un sentiment d&#8217;insouciance, d&#8217;\u00e9l\u00e9gance au quotidien et de luxe d\u00e9contract\u00e9. Cette collection m\u00eale coh\u00e9sion et contrastes \u2013 une collection \u00e0 la fois contemporaine et confortable, informelle et sophistiqu\u00e9e, classique et contemporaine, avec une touche d&#8217;in\u00e9dit.[\/vc_column_text][\/vc_column][\/vc_row][vc_row][vc_column][vc_raw_js]JTNDc2NyaXB0JTIwdHlwZSUzRCUyMnRleHQlMkZqYXZhc2NyaXB0JTIyJTNFJTIwJTBBJTBBdmFyJTIwZmFicmljc1VSTCUyMCUzRCUyMCUyMnNvcnQlM0REQVRFJTI2dXNlJTNETXVsdGlwdXJwb3NlJTJDVXBob2xzdGVyeSUyQ0N1cnRhaW5zJTJDVHJpbW1pbmdzRmFicmljJTI2Y29sbGVjdGlvbiUzRENhbmRpY2UlMjBPbHNvbiUyMENvbGxlY3Rpb24lMjIlM0IlMEF2YXIlMjB0cmltVVJMJTIwJTNEJTIwJTIyc29ydCUzRERBVEUlMjZ1c2UlM0RUcmltJTI2Y29sbGVjdGlvbiUzRENhbmRpY2UlMjBPbHNvbiUyMENvbGxlY3Rpb24lMjIlM0IlMEElMEElM0MlMkZzY3JpcHQlM0U=[\/vc_raw_js][\/vc_column][\/vc_row]","og_url":"https:\/\/www.gpjbaker.com\/fr\/marques\/kravet\/candice-olson\/","og_site_name":"G P &amp; J Baker","article_modified_time":"2025-09-09T17:26:20+00:00","og_image":[{"width":393,"height":255,"url":"https:\/\/www.gpjbaker.com\/wp-content\/uploads\/2017\/01\/Candice-Olson-7-1.jpg","type":"image\/jpeg"}],"twitter_card":"summary_large_image","twitter_misc":{"Est. reading time":"1 minute"},"schema":{"@context":"https:\/\/schema.org","@graph":[{"@type":"WebPage","@id":"https:\/\/www.gpjbaker.com\/fr\/marques\/kravet\/candice-olson\/","url":"https:\/\/www.gpjbaker.com\/fr\/marques\/kravet\/candice-olson\/","name":"Candice Olson - G P &amp; J Baker","isPartOf":{"@id":"https:\/\/www.gpjbaker.com\/#website"},"primaryImageOfPage":{"@id":"https:\/\/www.gpjbaker.com\/fr\/marques\/kravet\/candice-olson\/#primaryimage"},"image":{"@id":"https:\/\/www.gpjbaker.com\/fr\/marques\/kravet\/candice-olson\/#primaryimage"},"thumbnailUrl":"https:\/\/www.gpjbaker.com\/wp-content\/uploads\/2017\/01\/Candice-Olson-7-1.jpg","datePublished":"2017-01-05T21:01:33+00:00","dateModified":"2025-09-09T17:26:20+00:00","breadcrumb":{"@id":"https:\/\/www.gpjbaker.com\/fr\/marques\/kravet\/candice-olson\/#breadcrumb"},"inLanguage":"fr-FR","potentialAction":[{"@type":"ReadAction","target":["https:\/\/www.gpjbaker.com\/fr\/marques\/kravet\/candice-olson\/"]}]},{"@type":"ImageObject","inLanguage":"fr-FR","@id":"https:\/\/www.gpjbaker.com\/fr\/marques\/kravet\/candice-olson\/#primaryimage","url":"https:\/\/www.gpjbaker.com\/wp-content\/uploads\/2017\/01\/Candice-Olson-7-1.jpg","contentUrl":"https:\/\/www.gpjbaker.com\/wp-content\/uploads\/2017\/01\/Candice-Olson-7-1.jpg","width":393,"height":255,"caption":"Une collection qui refl\u00e8te un sentiment d'insouciance, d'\u00e9l\u00e9gance au quotidien et de luxe d\u00e9contract\u00e9. Cette collection m\u00eale coh\u00e9sion et contrastes"},{"@type":"BreadcrumbList","@id":"https:\/\/www.gpjbaker.com\/fr\/marques\/kravet\/candice-olson\/#breadcrumb","itemListElement":[{"@type":"ListItem","position":1,"name":"Home","item":"https:\/\/www.gpjbaker.com\/fr\/"},{"@type":"ListItem","position":2,"name":"Marques","item":"https:\/\/www.gpjbaker.com\/fr\/marques\/"},{"@type":"ListItem","position":3,"name":"Kravet","item":"https:\/\/www.gpjbaker.com\/fr\/marques\/kravet\/"},{"@type":"ListItem","position":4,"name":"Candice Olson"}]},{"@type":"WebSite","@id":"https:\/\/www.gpjbaker.com\/#website","url":"https:\/\/www.gpjbaker.com\/","name":"G P &amp; J Baker","description":"","potentialAction":[{"@type":"SearchAction","target":{"@type":"EntryPoint","urlTemplate":"https:\/\/www.gpjbaker.com\/?s={search_term_string}"},"query-input":{"@type":"PropertyValueSpecification","valueRequired":true,"valueName":"search_term_string"}}],"inLanguage":"fr-FR"}]}},"_links":{"self":[{"href":"https:\/\/www.gpjbaker.com\/fr\/wp-json\/wp\/v2\/pages\/6470","targetHints":{"allow":["GET"]}}],"collection":[{"href":"https:\/\/www.gpjbaker.com\/fr\/wp-json\/wp\/v2\/pages"}],"about":[{"href":"https:\/\/www.gpjbaker.com\/fr\/wp-json\/wp\/v2\/types\/page"}],"author":[{"embeddable":true,"href":"https:\/\/www.gpjbaker.com\/fr\/wp-json\/wp\/v2\/users\/1"}],"replies":[{"embeddable":true,"href":"https:\/\/www.gpjbaker.com\/fr\/wp-json\/wp\/v2\/comments?post=6470"}],"version-history":[{"count":2,"href":"https:\/\/www.gpjbaker.com\/fr\/wp-json\/wp\/v2\/pages\/6470\/revisions"}],"predecessor-version":[{"id":6503,"href":"https:\/\/www.gpjbaker.com\/fr\/wp-json\/wp\/v2\/pages\/6470\/revisions\/6503"}],"up":[{"embeddable":true,"href":"https:\/\/www.gpjbaker.com\/fr\/wp-json\/wp\/v2\/pages\/5291"}],"wp:featuredmedia":[{"embeddable":true,"href":"https:\/\/www.gpjbaker.com\/fr\/wp-json\/wp\/v2\/media\/6501"}],"wp:attachment":[{"href":"https:\/\/www.gpjbaker.com\/fr\/wp-json\/wp\/v2\/media?parent=6470"}],"curies":[{"name":"wp","href":"https:\/\/api.w.org\/{rel}","templated":true}]}}