{"id":6468,"date":"2017-01-05T17:01:32","date_gmt":"2017-01-05T21:01:32","guid":{"rendered":"http:\/\/gpjbaker.kravet.us\/marques\/gp-j-baker\/palais-royaux-dexception\/"},"modified":"2025-09-11T11:54:00","modified_gmt":"2025-09-11T16:54:00","slug":"historic-royal-palaces","status":"publish","type":"page","link":"https:\/\/www.gpjbaker.com\/fr\/marques\/gp-j-baker\/historic-royal-palaces\/","title":{"rendered":"Historic Royal Palaces"},"content":{"rendered":"<div class=\"wpb-content-wrapper\">[vc_row][vc_column][vc_column_text css=&#8221;&#8221;]La collaboration de GP &amp; J Baker avec des palais royaux d&#8217;exception, tels que la Tour de Londres, le ch\u00e2teau d&#8217;Hampton Court et de Kensington, a \u00e9t\u00e9 une source d&#8217;inspiration pour cette collection tout \u00e0 fait exceptionnelle.\u00a0Des \u00e9l\u00e9ments de leur imposante architecture, jardins et int\u00e9rieurs ont \u00e9t\u00e9 r\u00e9unis pour cr\u00e9er des motifs \u00e9blouissants, tels que \u2018Royal Gardens\u2019, \u2018Royal Weaves\u2019 et \u2018King\u2019s Velvet\u2019.\r\n\r\n<script type=\"text\/javascript\"> \r\nvar searchURL = \"sort=DATE&use=Multipurpose,Trim, Upholstery,Wallcovering,Curtains&collection=Historic Royal Palaces\"\r\n <\/script>[\/vc_column_text][\/vc_column][\/vc_row]<\/div>","protected":false},"excerpt":{"rendered":"[vc_row][vc_column][vc_column_text css=&#8221;&#8221;]La collaboration de GP &amp; J Baker avec des palais royaux d&#8217;exception, tels que la Tour de Londres, le ch\u00e2teau d&#8217;Hampton Court et de Kensington, a \u00e9t\u00e9 une source d&#8217;inspiration pour cette collection tout \u00e0 fait exceptionnelle.\u00a0Des \u00e9l\u00e9ments de leur imposante architecture, jardins et int\u00e9rieurs ont \u00e9t\u00e9 r\u00e9unis pour cr\u00e9er des motifs \u00e9blouissants, tels&#8230; <a class=\"view-article\" href=\"https:\/\/www.gpjbaker.com\/fr\/marques\/gp-j-baker\/historic-royal-palaces\/\">Voir l&#8217;article<\/a>","protected":false},"author":1,"featured_media":6325,"parent":4605,"menu_order":1,"comment_status":"closed","ping_status":"closed","template":"template-collections.php","meta":{"footnotes":""},"class_list":["post-6468","page","type-page","status-publish","has-post-thumbnail","hentry","page_language-fr"],"yoast_head":"<!-- This site is optimized with the Yoast SEO plugin v26.8 - https:\/\/yoast.com\/product\/yoast-seo-wordpress\/ -->\n<title>Historic Royal Palaces - G P &amp; J Baker<\/title>\n<meta name=\"robots\" content=\"index, follow, max-snippet:-1, max-image-preview:large, max-video-preview:-1\" \/>\n<link rel=\"canonical\" href=\"https:\/\/www.gpjbaker.com\/fr\/marques\/gp-j-baker\/historic-royal-palaces\/\" \/>\n<meta property=\"og:locale\" content=\"fr_FR\" \/>\n<meta property=\"og:type\" content=\"article\" \/>\n<meta property=\"og:title\" content=\"Historic Royal Palaces - G P &amp; J Baker\" \/>\n<meta property=\"og:description\" content=\"[vc_row][vc_column][vc_column_text css=&#8221;&#8221;]La collaboration de GP &amp; J Baker avec des palais royaux d&#8217;exception, tels que la Tour de Londres, le ch\u00e2teau d&#8217;Hampton Court et de Kensington, a \u00e9t\u00e9 une source d&#8217;inspiration pour cette collection tout \u00e0 fait exceptionnelle.\u00a0Des \u00e9l\u00e9ments de leur imposante architecture, jardins et int\u00e9rieurs ont \u00e9t\u00e9 r\u00e9unis pour cr\u00e9er des motifs \u00e9blouissants, tels... Voir l&#039;article\" \/>\n<meta property=\"og:url\" content=\"https:\/\/www.gpjbaker.com\/fr\/marques\/gp-j-baker\/historic-royal-palaces\/\" \/>\n<meta property=\"og:site_name\" content=\"G P &amp; J Baker\" \/>\n<meta property=\"article:modified_time\" content=\"2025-09-11T16:54:00+00:00\" \/>\n<meta property=\"og:image\" content=\"https:\/\/www.gpjbaker.com\/wp-content\/uploads\/2016\/09\/historic_royal_palaces-893x580-1.jpg\" \/>\n\t<meta property=\"og:image:width\" content=\"393\" \/>\n\t<meta property=\"og:image:height\" content=\"255\" \/>\n\t<meta property=\"og:image:type\" content=\"image\/jpeg\" \/>\n<meta name=\"twitter:card\" content=\"summary_large_image\" \/>\n<meta name=\"twitter:label1\" content=\"Est. reading time\" \/>\n\t<meta name=\"twitter:data1\" content=\"1 minute\" \/>\n<script type=\"application\/ld+json\" class=\"yoast-schema-graph\">{\"@context\":\"https:\/\/schema.org\",\"@graph\":[{\"@type\":\"WebPage\",\"@id\":\"https:\/\/www.gpjbaker.com\/fr\/marques\/gp-j-baker\/historic-royal-palaces\/\",\"url\":\"https:\/\/www.gpjbaker.com\/fr\/marques\/gp-j-baker\/historic-royal-palaces\/\",\"name\":\"Historic Royal Palaces - G P &amp; J Baker\",\"isPartOf\":{\"@id\":\"https:\/\/www.gpjbaker.com\/#website\"},\"primaryImageOfPage\":{\"@id\":\"https:\/\/www.gpjbaker.com\/fr\/marques\/gp-j-baker\/historic-royal-palaces\/#primaryimage\"},\"image\":{\"@id\":\"https:\/\/www.gpjbaker.com\/fr\/marques\/gp-j-baker\/historic-royal-palaces\/#primaryimage\"},\"thumbnailUrl\":\"https:\/\/www.gpjbaker.com\/wp-content\/uploads\/2016\/09\/historic_royal_palaces-893x580-1.jpg\",\"datePublished\":\"2017-01-05T21:01:32+00:00\",\"dateModified\":\"2025-09-11T16:54:00+00:00\",\"breadcrumb\":{\"@id\":\"https:\/\/www.gpjbaker.com\/fr\/marques\/gp-j-baker\/historic-royal-palaces\/#breadcrumb\"},\"inLanguage\":\"fr-FR\",\"potentialAction\":[{\"@type\":\"ReadAction\",\"target\":[\"https:\/\/www.gpjbaker.com\/fr\/marques\/gp-j-baker\/historic-royal-palaces\/\"]}]},{\"@type\":\"ImageObject\",\"inLanguage\":\"fr-FR\",\"@id\":\"https:\/\/www.gpjbaker.com\/fr\/marques\/gp-j-baker\/historic-royal-palaces\/#primaryimage\",\"url\":\"https:\/\/www.gpjbaker.com\/wp-content\/uploads\/2016\/09\/historic_royal_palaces-893x580-1.jpg\",\"contentUrl\":\"https:\/\/www.gpjbaker.com\/wp-content\/uploads\/2016\/09\/historic_royal_palaces-893x580-1.jpg\",\"width\":393,\"height\":255,\"caption\":\"Des \u00e9l\u00e9ments de leur imposante architecture, jardins et int\u00e9rieurs ont \u00e9t\u00e9 r\u00e9unis pour cr\u00e9er des motifs \u00e9blouissants, tels que \u2018Royal Gardens\u2019, \u2018Royal Weaves\u2019 et \u2018King\u2019s Velvet\u2019\"},{\"@type\":\"BreadcrumbList\",\"@id\":\"https:\/\/www.gpjbaker.com\/fr\/marques\/gp-j-baker\/historic-royal-palaces\/#breadcrumb\",\"itemListElement\":[{\"@type\":\"ListItem\",\"position\":1,\"name\":\"Home\",\"item\":\"https:\/\/www.gpjbaker.com\/fr\/\"},{\"@type\":\"ListItem\",\"position\":2,\"name\":\"Marques\",\"item\":\"https:\/\/www.gpjbaker.com\/fr\/marques\/\"},{\"@type\":\"ListItem\",\"position\":3,\"name\":\"GP &#038; J Baker\",\"item\":\"https:\/\/www.gpjbaker.com\/fr\/marques\/gp-j-baker\/\"},{\"@type\":\"ListItem\",\"position\":4,\"name\":\"Historic Royal Palaces\"}]},{\"@type\":\"WebSite\",\"@id\":\"https:\/\/www.gpjbaker.com\/#website\",\"url\":\"https:\/\/www.gpjbaker.com\/\",\"name\":\"G P &amp; J Baker\",\"description\":\"\",\"potentialAction\":[{\"@type\":\"SearchAction\",\"target\":{\"@type\":\"EntryPoint\",\"urlTemplate\":\"https:\/\/www.gpjbaker.com\/?s={search_term_string}\"},\"query-input\":{\"@type\":\"PropertyValueSpecification\",\"valueRequired\":true,\"valueName\":\"search_term_string\"}}],\"inLanguage\":\"fr-FR\"}]}<\/script>\n<!-- \/ Yoast SEO plugin. -->","yoast_head_json":{"title":"Historic Royal Palaces - G P &amp; J Baker","robots":{"index":"index","follow":"follow","max-snippet":"max-snippet:-1","max-image-preview":"max-image-preview:large","max-video-preview":"max-video-preview:-1"},"canonical":"https:\/\/www.gpjbaker.com\/fr\/marques\/gp-j-baker\/historic-royal-palaces\/","og_locale":"fr_FR","og_type":"article","og_title":"Historic Royal Palaces - G P &amp; J Baker","og_description":"[vc_row][vc_column][vc_column_text css=&#8221;&#8221;]La collaboration de GP &amp; J Baker avec des palais royaux d&#8217;exception, tels que la Tour de Londres, le ch\u00e2teau d&#8217;Hampton Court et de Kensington, a \u00e9t\u00e9 une source d&#8217;inspiration pour cette collection tout \u00e0 fait exceptionnelle.\u00a0Des \u00e9l\u00e9ments de leur imposante architecture, jardins et int\u00e9rieurs ont \u00e9t\u00e9 r\u00e9unis pour cr\u00e9er des motifs \u00e9blouissants, tels... Voir l'article","og_url":"https:\/\/www.gpjbaker.com\/fr\/marques\/gp-j-baker\/historic-royal-palaces\/","og_site_name":"G P &amp; J Baker","article_modified_time":"2025-09-11T16:54:00+00:00","og_image":[{"width":393,"height":255,"url":"https:\/\/www.gpjbaker.com\/wp-content\/uploads\/2016\/09\/historic_royal_palaces-893x580-1.jpg","type":"image\/jpeg"}],"twitter_card":"summary_large_image","twitter_misc":{"Est. reading time":"1 minute"},"schema":{"@context":"https:\/\/schema.org","@graph":[{"@type":"WebPage","@id":"https:\/\/www.gpjbaker.com\/fr\/marques\/gp-j-baker\/historic-royal-palaces\/","url":"https:\/\/www.gpjbaker.com\/fr\/marques\/gp-j-baker\/historic-royal-palaces\/","name":"Historic Royal Palaces - G P &amp; J Baker","isPartOf":{"@id":"https:\/\/www.gpjbaker.com\/#website"},"primaryImageOfPage":{"@id":"https:\/\/www.gpjbaker.com\/fr\/marques\/gp-j-baker\/historic-royal-palaces\/#primaryimage"},"image":{"@id":"https:\/\/www.gpjbaker.com\/fr\/marques\/gp-j-baker\/historic-royal-palaces\/#primaryimage"},"thumbnailUrl":"https:\/\/www.gpjbaker.com\/wp-content\/uploads\/2016\/09\/historic_royal_palaces-893x580-1.jpg","datePublished":"2017-01-05T21:01:32+00:00","dateModified":"2025-09-11T16:54:00+00:00","breadcrumb":{"@id":"https:\/\/www.gpjbaker.com\/fr\/marques\/gp-j-baker\/historic-royal-palaces\/#breadcrumb"},"inLanguage":"fr-FR","potentialAction":[{"@type":"ReadAction","target":["https:\/\/www.gpjbaker.com\/fr\/marques\/gp-j-baker\/historic-royal-palaces\/"]}]},{"@type":"ImageObject","inLanguage":"fr-FR","@id":"https:\/\/www.gpjbaker.com\/fr\/marques\/gp-j-baker\/historic-royal-palaces\/#primaryimage","url":"https:\/\/www.gpjbaker.com\/wp-content\/uploads\/2016\/09\/historic_royal_palaces-893x580-1.jpg","contentUrl":"https:\/\/www.gpjbaker.com\/wp-content\/uploads\/2016\/09\/historic_royal_palaces-893x580-1.jpg","width":393,"height":255,"caption":"Des \u00e9l\u00e9ments de leur imposante architecture, jardins et int\u00e9rieurs ont \u00e9t\u00e9 r\u00e9unis pour cr\u00e9er des motifs \u00e9blouissants, tels que \u2018Royal Gardens\u2019, \u2018Royal Weaves\u2019 et \u2018King\u2019s Velvet\u2019"},{"@type":"BreadcrumbList","@id":"https:\/\/www.gpjbaker.com\/fr\/marques\/gp-j-baker\/historic-royal-palaces\/#breadcrumb","itemListElement":[{"@type":"ListItem","position":1,"name":"Home","item":"https:\/\/www.gpjbaker.com\/fr\/"},{"@type":"ListItem","position":2,"name":"Marques","item":"https:\/\/www.gpjbaker.com\/fr\/marques\/"},{"@type":"ListItem","position":3,"name":"GP &#038; J Baker","item":"https:\/\/www.gpjbaker.com\/fr\/marques\/gp-j-baker\/"},{"@type":"ListItem","position":4,"name":"Historic Royal Palaces"}]},{"@type":"WebSite","@id":"https:\/\/www.gpjbaker.com\/#website","url":"https:\/\/www.gpjbaker.com\/","name":"G P &amp; J Baker","description":"","potentialAction":[{"@type":"SearchAction","target":{"@type":"EntryPoint","urlTemplate":"https:\/\/www.gpjbaker.com\/?s={search_term_string}"},"query-input":{"@type":"PropertyValueSpecification","valueRequired":true,"valueName":"search_term_string"}}],"inLanguage":"fr-FR"}]}},"_links":{"self":[{"href":"https:\/\/www.gpjbaker.com\/fr\/wp-json\/wp\/v2\/pages\/6468","targetHints":{"allow":["GET"]}}],"collection":[{"href":"https:\/\/www.gpjbaker.com\/fr\/wp-json\/wp\/v2\/pages"}],"about":[{"href":"https:\/\/www.gpjbaker.com\/fr\/wp-json\/wp\/v2\/types\/page"}],"author":[{"embeddable":true,"href":"https:\/\/www.gpjbaker.com\/fr\/wp-json\/wp\/v2\/users\/1"}],"replies":[{"embeddable":true,"href":"https:\/\/www.gpjbaker.com\/fr\/wp-json\/wp\/v2\/comments?post=6468"}],"version-history":[{"count":4,"href":"https:\/\/www.gpjbaker.com\/fr\/wp-json\/wp\/v2\/pages\/6468\/revisions"}],"predecessor-version":[{"id":6486,"href":"https:\/\/www.gpjbaker.com\/fr\/wp-json\/wp\/v2\/pages\/6468\/revisions\/6486"}],"up":[{"embeddable":true,"href":"https:\/\/www.gpjbaker.com\/fr\/wp-json\/wp\/v2\/pages\/4605"}],"wp:featuredmedia":[{"embeddable":true,"href":"https:\/\/www.gpjbaker.com\/fr\/wp-json\/wp\/v2\/media\/6325"}],"wp:attachment":[{"href":"https:\/\/www.gpjbaker.com\/fr\/wp-json\/wp\/v2\/media?parent=6468"}],"curies":[{"name":"wp","href":"https:\/\/api.w.org\/{rel}","templated":true}]}}