{"id":5665,"date":"2016-03-09T16:59:13","date_gmt":"2016-03-09T21:59:13","guid":{"rendered":"http:\/\/gpjbaker.com\/fr\/?page_id=5665"},"modified":"2025-09-08T14:45:44","modified_gmt":"2025-09-08T19:45:44","slug":"notre-engagement","status":"publish","type":"page","link":"https:\/\/www.gpjbaker.com\/fr\/notre-engagement\/","title":{"rendered":"Notre engagement"},"content":{"rendered":"<div class=\"wpb-content-wrapper\">[vc_row full_width=&#8221;1&#8243;][vc_column width=&#8221;2\/6&#8243;][vc_custom_heading text=&#8221;Bienvenue&#8221; font_container=&#8221;tag:h2|font_size:26|text_align:left|color:%23676767&#8243; google_fonts=&#8221;font_family:Cinzel%3Aregular%2C700%2C900|font_style:400%20regular%3A400%3Anormal&#8221;][vc_column_text css=&#8221;.vc_custom_1445894858075{margin-top: 16px !important;}&#8221;]Entreprise leader sur le march\u00e9 des tissus et rev\u00eatements muraux, le portefeuille tr\u00e8s diversifi\u00e9 du groupe comprend sept marques : GP &amp; J Baker, Kravet, Mulberry Home, Threads, Baker Lifestyle, Lee Jofa et Brunschwig &amp; Fils. Chacune de ses marques a un style qui lui est propre, assurant ainsi au groupe un positionnement id\u00e9al pour r\u00e9pondre \u00e0 des demandes internationales. Nous proposons un choix unique de mod\u00e8les \u00e0 travers nos diff\u00e9rentes collections.\n\nNous disposons d&#8217;une grande exp\u00e9rience dans de nombreux secteurs d&#8217;activit\u00e9, h\u00f4tels, grands groupes internationaux, au Royaume-Uni et aussi dans le monde entier. Nous proposons \u00e9galement des produits personnalis\u00e9s.[\/vc_column_text][vc_column_text css=&#8221;.vc_custom_1488312131801{margin-top: -16px !important;margin-bottom: 16px !important;}&#8221;]<strong>Voici quelques exemples de notre client\u00e8le:<\/strong>[\/vc_column_text][vc_raw_html]JTNDc3R5bGUlM0UlMEElMDklMjNjbGllbnRMZWZ0JTJDJTIwJTIzY2xpZW50UmlnaHQlMjAlN0IlMEElMDklMDlkaXNwbGF5JTNBJTIwaW5saW5lLWJsb2NrJTNCJTBBJTIwJTIwJTIwJTIwJTIwJTIwJTIwJTIwJTIwJTIwJTIwJTIwJTIwJTIwJTIwJTIwZmxvYXQlM0ElMjBsZWZ0JTNCJTBBJTIwJTIwJTIwJTIwJTIwJTIwJTIwJTIwJTIwJTIwJTIwJTIwJTIwJTIwJTIwJTIwZm9udC1zaXplJTNBJTIwMTRweCUzQiUwQSUwOSUwOXBhZGRpbmclM0ElMjAwJTIwMCUyMDhweCUyMDAlM0IlMEElMDklN0QlMEElMEElMjAlMjAlMjAlMjAlMjAlMjAlMjAlMjAlMjNjbGllbnRMZWZ0JTIwJTdCJTBBJTIwJTIwJTIwJTIwJTIwJTIwJTIwJTIwJTIwJTIwJTIwJTIwcGFkZGluZy1yaWdodCUzQSUyMDI0cHglM0IlMEElMjAlMjAlMjAlMjAlMjAlMjAlMjAlMjAlN0QlMEElMEElMDklMjNjbGllbnRMZWZ0JTIwcCUyQyUyMCUyM2NsaWVudFJpZ2h0JTIwcCUyMCU3QiUwQSUwOSUwOWxpbmUtaGVpZ2h0JTNBJTIwMS41JTNCJTBBJTIwJTIwJTIwJTIwJTIwJTIwJTIwJTIwJTdEJTBBJTBBJTA5JTIzY2xpZW50TGVmdCUyMHAlMjBiciUyQyUyMCUyM2NsaWVudFJpZ2h0JTIwcCUyMGJyJTIwJTdCJTBBJTA5JTA5bWFyZ2luLXRvcCUzQSUyMC0ycHglM0IlMEElMjAlMjAlMjAlMjAlMjAlMjAlMjAlMjAlN0QlMEElMEElMjAlMjAlMjAlMjAlNDBtZWRpYSUyMHNjcmVlbiUyMGFuZCUyMCUyOG1pbi13aWR0aCUzQSUyMDMyMHB4JTI5JTIwYW5kJTIwJTI4bWF4LXdpZHRoJTNBJTIwODAwcHglMjklMjAlN0IlMEElMjAlMjAlMjAlMjAlMjAlMjAlMjAlMjAlMjNjbGllbnRSaWdodCUyMCU3QiUwQSUyMCUyMCUyMCUyMCUyMCUyMCUyMCUyMCUyMCUyMCUyMCUyMGRpc3BsYXklM0ElMjBub25lJTNCJTBBJTIwJTIwJTIwJTIwJTIwJTIwJTIwJTIwJTdEJTBBJTIwJTIwJTIwJTIwJTdEJTBBJTBBJTNDJTJGc3R5bGUlM0UlMEElMEElM0NkaXYlMjBpZCUzRCUyMmNsaWVudExlZnQlMjIlM0UlMEElMDklM0NwJTNFQXNoZm9yZCUyMENhc3RsZSUzQyUyRnAlM0UlMEElMDklM0NwJTNFQmF5JTIwTGElMjBTdW4lMjBIb3RlbCUyMCUyNiUyME1hcmluYSUzQyUyRnAlM0UlMEElMDklM0NwJTNFVGhlJTIwQmVya2VsZXklM0MlMkZwJTNFJTBBJTA5JTNDcCUzRUxlJTIwQnJpc3RvbCUyQyUyMFBhcmlzJTNDJTJGcCUzRSUwQSUwOSUzQ3AlM0VIb3RlbCUyMGR1JTIwQ2FwJTJDJTIwRWRlbiUyMFJvYyUyQyUyMCUzQ2JyJTJGJTNFRCUyN0FudGliZXMlM0MlMkZwJTNFJTBBJTA5JTNDcCUzRUNsYXJpZGdlJTI3cyUzQyUyRnAlM0UlMEElMDklM0NwJTNFVGhlJTIwQ29ubmF1Z2h0JTNDJTJGcCUzRSUwQSUwOSUzQ3AlM0VDb3JhbCUyMFJlZWYlMjBDbHViJTJDJTIwQmFyYmFkb3MlM0MlMkZwJTNFJTBBJTA5JTNDcCUzRUNyb3duZSUyMFBsYXphJTIwSG90ZWwlMjAlMjYlMjAlM0NiciUyRiUzRVJlc29ydHMlM0MlMkZwJTNFJTBBJTA5JTNDcCUzRVRoZSUyMERveWxlJTIwQ29sbGVjdGlvbnMlM0MlMkZwJTNFJTBBJTA5JTNDcCUzRUZpcm1kYWxlJTIwSG90ZWxzJTNDJTJGcCUzRSUwQSUzQyUyRmRpdiUzRSUwQSUwQSUzQ2RpdiUyMGlkJTNEJTIyY2xpZW50UmlnaHQlMjIlM0UlMEElMDklM0NwJTNFVGhlJTIwUGlnJTIwSG90ZWxzJTNDJTJGcCUzRSUwQSUwOSUzQ3AlM0VUaGUlMjBJZGxlJTIwUm9ja3MlMkMlMjBTdCUyME1hd2VzJTNDJTJGcCUzRSUwQSUwOSUzQ3AlM0VLZW1waW5za2klMjBIb3RlbCUyQyUyME1hbGwlMjBvZiUyMCUzQ2JyJTJGJTNFdGhlJTIwRW1pcmF0ZXMlMkMlMjBEdWJhaSUzQyUyRnAlM0UlMEElMDklM0NwJTNFVGhlJTIwTGFuZ2hhbSUzQyUyRnAlM0UlMEElMDklM0NwJTNFTWFjZG9uYWxkJTIwSG90ZWxzJTIwYW5kJTIwJTNDYnIlMkYlM0VSZXNvcnRzJTNDJTJGcCUzRSUwQSUwOSUzQ3AlM0VNYXJyaW90dCUzQyUyRnAlM0UlMEElMDklM0NwJTNFTWVuemllcyUyMEhvdGVscyUzQyUyRnAlM0UlMEElMDklM0NwJTNFVGhlJTIwUmVkJTIwQ2FybmF0aW9uJTIwSG90ZWxzJTNDJTJGcCUzRSUwQSUwOSUzQ3AlM0VTYW5keSUyMExhbmUlMkMlMjBCYXJiYWRvcyUzQyUyRnAlM0UlMEElMDklM0NwJTNFVGhlJTIwSG90ZWwlMjBWaWN0b3JpYSUzQyUyRnAlM0UlMEElM0MlMkZkaXYlM0U=[\/vc_raw_html][\/vc_column][vc_column width=&#8221;4\/6&#8243;][vc_single_image image=&#8221;6476&#8243; img_size=&#8221;full&#8221; alignment=&#8221;center&#8221;][vc_column_text css=&#8221;.vc_custom_1457560635353{margin-top: -8px !important;}&#8221;]Notre showroom \u00e9l\u00e9gant et ultramoderne, situ\u00e9 au Design Centre East, Chelsea Harbour est la vitrine des collections de GP &amp; J Baker, Mulberry Home, Brunschwig &amp; Fils, Baker Lifestyle, Lee Jofa et Threads.\u00a0Un showroom ind\u00e9pendant pour Kravet situ\u00e9 dans le North Dome du Design Centre offre une exceptionnelle gamme de tissus haute couture et pour professionnels.[\/vc_column_text][vc_row_inner][vc_column_inner width=&#8221;1\/2&#8243;][vc_column_text css=&#8221;.vc_custom_1457560667289{margin-top: -8px !important;}&#8221;]Chacune de nos marques est leader dans son propre segment de march\u00e9, en proposant des styles \u00e0 la fois classiques et contemporains ; des cr\u00e9ations tr\u00e8s personnelles et des gammes de coloris innovants.[\/vc_column_text][vc_single_image image=&#8221;7560&#8243; img_size=&#8221;full&#8221; alignment=&#8221;center&#8221;][\/vc_column_inner][vc_column_inner width=&#8221;1\/2&#8243;][vc_column_text css=&#8221;.vc_custom_1457560918923{margin-top: -8px !important;}&#8221;]Notre r\u00e9seau de distribution international, avec des agents pr\u00e9sents dans plus de 50 pays, nous permet de r\u00e9pondre aux divers besoins de notre client\u00e8le avec une tr\u00e8s grande r\u00e9activit\u00e9.[\/vc_column_text][vc_single_image image=&#8221;7561&#8243; img_size=&#8221;full&#8221; alignment=&#8221;center&#8221;][\/vc_column_inner][\/vc_row_inner][\/vc_column][\/vc_row][vc_row full_width=&#8221;1&#8243;][vc_column offset=&#8221;vc_col-lg-12 vc_col-md-12 vc_hidden-xs&#8221;][vc_separator color=&#8221;custom&#8221; accent_color=&#8221;#676767&#8243; css=&#8221;.vc_custom_1442332703116{margin-top: 32px !important;}&#8221;][\/vc_column][\/vc_row][vc_row full_width=&#8221;1&#8243; css=&#8221;.vc_custom_1444422809716{margin-top: 32px !important;}&#8221;][vc_column width=&#8221;2\/6&#8243;][vc_custom_heading text=&#8221;Nos services&#8221; font_container=&#8221;tag:h2|font_size:27|text_align:left|color:%23676767&#8243; google_fonts=&#8221;font_family:Cinzel%3Aregular%2C700%2C900|font_style:400%20regular%3A400%3Anormal&#8221; el_class=&#8221;full&#8221;][vc_column_text css=&#8221;.vc_custom_1442334018993{margin-top: 16px !important;margin-left: 16px !important;}&#8221;]\n<ul>\n \t<li>Des \u00e9quipes de commerciaux exp\u00e9riment\u00e9s au Royaume-Uni<\/li>\n<\/ul>\n[\/vc_column_text][vc_column_text css=&#8221;.vc_custom_1442334035261{margin-top: -24px !important;margin-left: 16px !important;}&#8221;]\n<ul>\n \t<li>Un service commercial d\u00e9di\u00e9<\/li>\n<\/ul>\n[\/vc_column_text][vc_column_text css=&#8221;.vc_custom_1442334048668{margin-top: -24px !important;margin-left: 16px !important;}&#8221;]\n<ul>\n \t<li>Un excellent service d&#8217;\u00e9chantillonnage<\/li>\n<\/ul>\n[\/vc_column_text][vc_column_text css=&#8221;.vc_custom_1442334087640{margin-top: -24px !important;margin-left: 16px !important;}&#8221;]\n<ul>\n \t<li>Des cr\u00e9ations exclusives sur mesure et un service fabrication pour des projets de plus grande envergure<\/li>\n<\/ul>\n[\/vc_column_text][vc_column_text css=&#8221;.vc_custom_1444682553453{margin-top: -24px !important;margin-left: 16px !important;}&#8221;]\n<ul>\n \t<li>Nous proposons aussi un service personnalis\u00e9 qui vous accompagne du d\u00e9but \u00e0 la fin pour tous vos besoins en tissus et en ameublement<\/li>\n<\/ul>\n[\/vc_column_text][vc_column_text css=&#8221;.vc_custom_1442334141333{margin-top: -24px !important;margin-left: 16px !important;}&#8221;]\n<ul>\n \t<li>De l&#8217;ameublement de qualit\u00e9 de fabrication britannique<\/li>\n<\/ul>\n[\/vc_column_text][vc_column_text css=&#8221;.vc_custom_1442337681709{margin-top: -16px !important;}&#8221;]\n<p style=\"font-size: 12px;\">Membre du British Contract Furnishing &amp; Design Association (BCFA), association professionnelle pour l&#8217;industrie, nous sommes tr\u00e8s attach\u00e9s \u00e0 l&#8217;esprit d&#8217;excellence qui caract\u00e9rise nos cr\u00e9ations, en proposant des produits de qualit\u00e9 et novateurs, et il nous tient particuli\u00e8rement \u00e0 c\u0153ur de servir notre client\u00e8le.<\/p>\n[\/vc_column_text][vc_single_image image=&#8221;5948&#8243; img_size=&#8221;full&#8221; alignment=&#8221;center&#8221;][\/vc_column][vc_column width=&#8221;4\/6&#8243;][vc_single_image image=&#8221;7562&#8243; img_size=&#8221;full&#8221; alignment=&#8221;center&#8221;][\/vc_column][\/vc_row][vc_row full_width=&#8221;1&#8243;][vc_column offset=&#8221;vc_col-lg-12 vc_col-md-12 vc_hidden-xs&#8221;][vc_separator color=&#8221;custom&#8221; accent_color=&#8221;#676767&#8243; css=&#8221;.vc_custom_1442332703116{margin-top: 32px !important;}&#8221;][\/vc_column][\/vc_row][vc_row full_width=&#8221;1&#8243; css=&#8221;.vc_custom_1444422827177{margin-top: 32px !important;}&#8221;][vc_column width=&#8221;2\/6&#8243;][vc_single_image image=&#8221;5931&#8243; img_size=&#8221;full&#8221;][vc_column_text css=&#8221;.vc_custom_1444685429069{margin-top: -20px !important;}&#8221;]<strong>GP &amp; J Baker<\/strong> fabrique de magnifiques imprim\u00e9s, \u00e9toffes et rev\u00eatements muraux depuis 130 ans, et est fi\u00e8re d&#8217;avoir \u00e9t\u00e9 nomm\u00e9e fournisseur officiel de la Cour royale depuis 1982.\n\nLes archives renomm\u00e9es de la soci\u00e9t\u00e9 fournissent des ressources importantes en motifs et cr\u00e9ations pouvant \u00eatre adapt\u00e9s aux standards du march\u00e9 et aux go\u00fbts et coloris d&#8217;aujourd&#8217;hui. De nombreux beaux rev\u00eatements muraux de GP &amp; J Baker, imprim\u00e9s sur de l&#8217;intiss\u00e9, conviennent parfaitement \u00e0 des usages commerciaux.\n\nEn d\u00e9veloppant sa &#8220;signature &#8221; inimitable, GP &amp; J Baker ne cesse d&#8217;accro\u00eetre sa r\u00e9putation, en devenant l&#8217;un des fabricants de tissus d&#8217;ameublement les plus cr\u00e9atifs au niveau mondial.[\/vc_column_text][vc_single_image image=&#8221;7569&#8243; img_size=&#8221;full&#8221; alignment=&#8221;center&#8221;][\/vc_column][vc_column width=&#8221;4\/6&#8243;][vc_row_inner][vc_column_inner width=&#8221;1\/2&#8243;][vc_single_image image=&#8221;7563&#8243; img_size=&#8221;full&#8221; alignment=&#8221;center&#8221;][\/vc_column_inner][vc_column_inner width=&#8221;1\/2&#8243;][vc_single_image image=&#8221;7564&#8243; img_size=&#8221;full&#8221; alignment=&#8221;center&#8221;][\/vc_column_inner][\/vc_row_inner][vc_single_image image=&#8221;7565&#8243; img_size=&#8221;full&#8221; alignment=&#8221;center&#8221;][\/vc_column][\/vc_row][vc_row full_width=&#8221;1&#8243;][vc_column offset=&#8221;vc_col-lg-12 vc_col-md-12 vc_hidden-xs&#8221;][vc_separator color=&#8221;custom&#8221; accent_color=&#8221;#676767&#8243; css=&#8221;.vc_custom_1442332703116{margin-top: 32px !important;}&#8221;][\/vc_column][\/vc_row][vc_row full_width=&#8221;1&#8243; css=&#8221;.vc_custom_1444422908948{margin-top: 32px !important;}&#8221;][vc_column width=&#8221;2\/6&#8243;][vc_single_image image=&#8221;5937&#8243; img_size=&#8221;full&#8221; el_class=&#8221;full&#8221;][vc_column_text css=&#8221;.vc_custom_1444407868279{margin-top: -20px !important;}&#8221;]<strong>Threads<\/strong>, une marque superbe tout \u00e0 fait unique \u00e0 \u00e9t\u00e9 cr\u00e9\u00e9e en 2008 pour ajouter son luxe discret aux marques du groupe d&#8217;inspiration plus classique, offrant ainsi une alternative \u00e9l\u00e9gante pour ceux qui d\u00e9sirent une approche plus contemporaine.\n\nStyl\u00e9e, subtile et ind\u00e9niablement luxueuse, Threads est synonyme d&#8217;\u00e9l\u00e9gance, de chic et de sophistication d\u00e9contract\u00e9e. Des \u00e9toffes innovantes, superbes soieries, \u00e9l\u00e9gants lainages, opulentes mailles chenille, superbes broderies et imprim\u00e9s artisanaux. Les collections de papiers peints imprim\u00e9s sur de l&#8217;intiss\u00e9 compl\u00e8tent le luxe discret et le parfait savoir-faire de ses collections de tissus.[\/vc_column_text][vc_single_image image=&#8221;7568&#8243; img_size=&#8221;full&#8221; alignment=&#8221;center&#8221;][\/vc_column][vc_column width=&#8221;4\/6&#8243;][vc_single_image image=&#8221;7572&#8243; img_size=&#8221;full&#8221; alignment=&#8221;center&#8221;][vc_row_inner][vc_column_inner width=&#8221;1\/2&#8243;][vc_single_image image=&#8221;7571&#8243; img_size=&#8221;full&#8221; alignment=&#8221;center&#8221;][\/vc_column_inner][vc_column_inner width=&#8221;1\/2&#8243;][vc_single_image image=&#8221;7570&#8243; img_size=&#8221;full&#8221; alignment=&#8221;center&#8221;][\/vc_column_inner][\/vc_row_inner][\/vc_column][\/vc_row][vc_row full_width=&#8221;1&#8243;][vc_column offset=&#8221;vc_col-lg-12 vc_col-md-12 vc_hidden-xs&#8221;][vc_separator color=&#8221;custom&#8221; accent_color=&#8221;#676767&#8243; css=&#8221;.vc_custom_1442332703116{margin-top: 32px !important;}&#8221;][\/vc_column][\/vc_row][vc_row full_width=&#8221;1&#8243; css=&#8221;.vc_custom_1444422928354{margin-top: 32px !important;}&#8221;][vc_column width=&#8221;2\/6&#8243;][vc_single_image image=&#8221;5936&#8243; img_size=&#8221;full&#8221;][vc_column_text css=&#8221;.vc_custom_1444407838251{margin-top: -20px !important;}&#8221;]<strong>Mulberry Home<\/strong> est une marque luxueuse inspir\u00e9e par son h\u00e9ritage anglais mais qui introduit aussi de nouvelles id\u00e9es interpr\u00e9t\u00e9es avec une touche de modernit\u00e9. Des tissus merveilleusement sensuels, alliant qualit\u00e9 et mode, proposent d&#8217;exquises broderies, des lainages traditionnels, tr\u00e8s doux, des velours tactiles et de charmants imprim\u00e9s \u00e0 fleur.\n\nSa toute derni\u00e8re collection, r\u00e9compens\u00e9e, propose des tissus sp\u00e9cifiques, lainages \u00e9cossais et velours imprim\u00e9s. Tous ces tissus conviennent aux int\u00e9rieurs classiques ou contemporains.[\/vc_column_text][vc_single_image image=&#8221;7575&#8243; img_size=&#8221;full&#8221; alignment=&#8221;center&#8221;][\/vc_column][vc_column width=&#8221;4\/6&#8243;][vc_row_inner][vc_column_inner width=&#8221;1\/2&#8243;][vc_single_image image=&#8221;7573&#8243; img_size=&#8221;full&#8221; alignment=&#8221;center&#8221;][\/vc_column_inner][vc_column_inner width=&#8221;1\/2&#8243;][vc_single_image image=&#8221;7574&#8243; img_size=&#8221;full&#8221; alignment=&#8221;center&#8221;][\/vc_column_inner][\/vc_row_inner][vc_single_image image=&#8221;7576&#8243; img_size=&#8221;full&#8221; alignment=&#8221;center&#8221;][\/vc_column][\/vc_row][vc_row full_width=&#8221;1&#8243;][vc_column offset=&#8221;vc_col-lg-12 vc_col-md-12 vc_hidden-xs&#8221;][vc_separator color=&#8221;custom&#8221; accent_color=&#8221;#676767&#8243; css=&#8221;.vc_custom_1442332703116{margin-top: 32px !important;}&#8221;][\/vc_column][\/vc_row][vc_row full_width=&#8221;1&#8243; css=&#8221;.vc_custom_1444422945454{margin-top: 32px !important;}&#8221;][vc_column width=&#8221;2\/6&#8243;][vc_single_image image=&#8221;5947&#8243; img_size=&#8221;full&#8221; el_class=&#8221;full&#8221;][vc_column_text css=&#8221;.vc_custom_1444407928073{margin-top: -20px !important;}&#8221;]<strong>Kravet Inc.<\/strong>, cr\u00e9\u00e9e en 1918, est le leader de la d\u00e9coration d&#8217;int\u00e9rieur. Cette entreprise familiale de la cinqui\u00e8me g\u00e9n\u00e9ration diffuse des tissus, des rev\u00eatements muraux et de la passementerie. L&#8217;engagement familial pour l&#8217;innovation, l&#8217;\u00e9l\u00e9gance et un savoir-faire de grande qualit\u00e9 a facilit\u00e9 son passage de petite entreprise familiale \u00e0 une entreprise leader mondial repr\u00e9sentant des cr\u00e9ateurs comme Diane von Furstenberg, Barbara Barry, Calvin Klein et Jonathan Adler.[\/vc_column_text][vc_single_image image=&#8221;7579&#8243; img_size=&#8221;full&#8221; alignment=&#8221;center&#8221;][\/vc_column][vc_column width=&#8221;4\/6&#8243;][vc_single_image image=&#8221;7578&#8243; img_size=&#8221;full&#8221; alignment=&#8221;center&#8221;][\/vc_column][\/vc_row]<\/div>","protected":false},"excerpt":{"rendered":"[vc_row full_width=&#8221;1&#8243;][vc_column width=&#8221;2\/6&#8243;][vc_custom_heading text=&#8221;Bienvenue&#8221; font_container=&#8221;tag:h2|font_size:26|text_align:left|color:%23676767&#8243; google_fonts=&#8221;font_family:Cinzel%3Aregular%2C700%2C900|font_style:400%20regular%3A400%3Anormal&#8221;][vc_column_text css=&#8221;.vc_custom_1445894858075{margin-top: 16px !important;}&#8221;]Entreprise leader sur le march\u00e9 des tissus et rev\u00eatements muraux, le portefeuille tr\u00e8s diversifi\u00e9 du groupe comprend sept marques : GP &amp; J Baker, Kravet, Mulberry Home, Threads, Baker Lifestyle, Lee Jofa et Brunschwig &amp; Fils. Chacune de ses marques a un style qui lui est propre,&#8230; <a class=\"view-article\" href=\"https:\/\/www.gpjbaker.com\/fr\/notre-engagement\/\">Voir l&#8217;article<\/a>","protected":false},"author":1,"featured_media":6476,"parent":0,"menu_order":0,"comment_status":"closed","ping_status":"closed","template":"","meta":{"footnotes":""},"class_list":["post-5665","page","type-page","status-publish","has-post-thumbnail","hentry","page_language-fr"],"yoast_head":"<!-- This site is optimized with the Yoast SEO plugin v26.8 - https:\/\/yoast.com\/product\/yoast-seo-wordpress\/ -->\n<title>Notre engagement - G P &amp; J Baker<\/title>\n<meta name=\"robots\" content=\"index, follow, max-snippet:-1, max-image-preview:large, max-video-preview:-1\" \/>\n<link rel=\"canonical\" href=\"https:\/\/www.gpjbaker.com\/fr\/notre-engagement\/\" \/>\n<meta property=\"og:locale\" content=\"fr_FR\" \/>\n<meta property=\"og:type\" content=\"article\" \/>\n<meta property=\"og:title\" content=\"Notre engagement - G P &amp; J Baker\" \/>\n<meta property=\"og:description\" content=\"[vc_row full_width=&#8221;1&#8243;][vc_column width=&#8221;2\/6&#8243;][vc_custom_heading text=&#8221;Bienvenue&#8221; font_container=&#8221;tag:h2|font_size:26|text_align:left|color:%23676767&#8243; google_fonts=&#8221;font_family:Cinzel%3Aregular%2C700%2C900|font_style:400%20regular%3A400%3Anormal&#8221;][vc_column_text css=&#8221;.vc_custom_1445894858075{margin-top: 16px !important;}&#8221;]Entreprise leader sur le march\u00e9 des tissus et rev\u00eatements muraux, le portefeuille tr\u00e8s diversifi\u00e9 du groupe comprend sept marques : GP &amp; J Baker, Kravet, Mulberry Home, Threads, Baker Lifestyle, Lee Jofa et Brunschwig &amp; Fils. Chacune de ses marques a un style qui lui est propre,... Voir l&#039;article\" \/>\n<meta property=\"og:url\" content=\"https:\/\/www.gpjbaker.com\/fr\/notre-engagement\/\" \/>\n<meta property=\"og:site_name\" content=\"G P &amp; J Baker\" \/>\n<meta property=\"article:modified_time\" content=\"2025-09-08T19:45:44+00:00\" \/>\n<meta property=\"og:image\" content=\"https:\/\/www.gpjbaker.com\/wp-content\/uploads\/2015\/07\/GPJ-Baker-showroom3988-1-1.jpg\" \/>\n\t<meta property=\"og:image:width\" content=\"800\" \/>\n\t<meta property=\"og:image:height\" content=\"450\" \/>\n\t<meta property=\"og:image:type\" content=\"image\/jpeg\" \/>\n<meta name=\"twitter:card\" content=\"summary_large_image\" \/>\n<meta name=\"twitter:label1\" content=\"Est. reading time\" \/>\n\t<meta name=\"twitter:data1\" content=\"9 minutes\" \/>\n<script type=\"application\/ld+json\" class=\"yoast-schema-graph\">{\"@context\":\"https:\/\/schema.org\",\"@graph\":[{\"@type\":\"WebPage\",\"@id\":\"https:\/\/www.gpjbaker.com\/fr\/notre-engagement\/\",\"url\":\"https:\/\/www.gpjbaker.com\/fr\/notre-engagement\/\",\"name\":\"Notre engagement - G P &amp; J Baker\",\"isPartOf\":{\"@id\":\"https:\/\/www.gpjbaker.com\/#website\"},\"primaryImageOfPage\":{\"@id\":\"https:\/\/www.gpjbaker.com\/fr\/notre-engagement\/#primaryimage\"},\"image\":{\"@id\":\"https:\/\/www.gpjbaker.com\/fr\/notre-engagement\/#primaryimage\"},\"thumbnailUrl\":\"https:\/\/www.gpjbaker.com\/wp-content\/uploads\/2015\/07\/GPJ-Baker-showroom3988-1-1.jpg\",\"datePublished\":\"2016-03-09T21:59:13+00:00\",\"dateModified\":\"2025-09-08T19:45:44+00:00\",\"breadcrumb\":{\"@id\":\"https:\/\/www.gpjbaker.com\/fr\/notre-engagement\/#breadcrumb\"},\"inLanguage\":\"fr-FR\",\"potentialAction\":[{\"@type\":\"ReadAction\",\"target\":[\"https:\/\/www.gpjbaker.com\/fr\/notre-engagement\/\"]}]},{\"@type\":\"ImageObject\",\"inLanguage\":\"fr-FR\",\"@id\":\"https:\/\/www.gpjbaker.com\/fr\/notre-engagement\/#primaryimage\",\"url\":\"https:\/\/www.gpjbaker.com\/wp-content\/uploads\/2015\/07\/GPJ-Baker-showroom3988-1-1.jpg\",\"contentUrl\":\"https:\/\/www.gpjbaker.com\/wp-content\/uploads\/2015\/07\/GPJ-Baker-showroom3988-1-1.jpg\",\"width\":800,\"height\":450,\"caption\":\"GP & J Baker - Contract\"},{\"@type\":\"BreadcrumbList\",\"@id\":\"https:\/\/www.gpjbaker.com\/fr\/notre-engagement\/#breadcrumb\",\"itemListElement\":[{\"@type\":\"ListItem\",\"position\":1,\"name\":\"Home\",\"item\":\"https:\/\/www.gpjbaker.com\/fr\/\"},{\"@type\":\"ListItem\",\"position\":2,\"name\":\"Notre engagement\"}]},{\"@type\":\"WebSite\",\"@id\":\"https:\/\/www.gpjbaker.com\/#website\",\"url\":\"https:\/\/www.gpjbaker.com\/\",\"name\":\"G P &amp; J Baker\",\"description\":\"\",\"potentialAction\":[{\"@type\":\"SearchAction\",\"target\":{\"@type\":\"EntryPoint\",\"urlTemplate\":\"https:\/\/www.gpjbaker.com\/?s={search_term_string}\"},\"query-input\":{\"@type\":\"PropertyValueSpecification\",\"valueRequired\":true,\"valueName\":\"search_term_string\"}}],\"inLanguage\":\"fr-FR\"}]}<\/script>\n<!-- \/ Yoast SEO plugin. -->","yoast_head_json":{"title":"Notre engagement - G P &amp; J Baker","robots":{"index":"index","follow":"follow","max-snippet":"max-snippet:-1","max-image-preview":"max-image-preview:large","max-video-preview":"max-video-preview:-1"},"canonical":"https:\/\/www.gpjbaker.com\/fr\/notre-engagement\/","og_locale":"fr_FR","og_type":"article","og_title":"Notre engagement - G P &amp; J Baker","og_description":"[vc_row full_width=&#8221;1&#8243;][vc_column width=&#8221;2\/6&#8243;][vc_custom_heading text=&#8221;Bienvenue&#8221; font_container=&#8221;tag:h2|font_size:26|text_align:left|color:%23676767&#8243; google_fonts=&#8221;font_family:Cinzel%3Aregular%2C700%2C900|font_style:400%20regular%3A400%3Anormal&#8221;][vc_column_text css=&#8221;.vc_custom_1445894858075{margin-top: 16px !important;}&#8221;]Entreprise leader sur le march\u00e9 des tissus et rev\u00eatements muraux, le portefeuille tr\u00e8s diversifi\u00e9 du groupe comprend sept marques : GP &amp; J Baker, Kravet, Mulberry Home, Threads, Baker Lifestyle, Lee Jofa et Brunschwig &amp; Fils. Chacune de ses marques a un style qui lui est propre,... Voir l'article","og_url":"https:\/\/www.gpjbaker.com\/fr\/notre-engagement\/","og_site_name":"G P &amp; J Baker","article_modified_time":"2025-09-08T19:45:44+00:00","og_image":[{"width":800,"height":450,"url":"https:\/\/www.gpjbaker.com\/wp-content\/uploads\/2015\/07\/GPJ-Baker-showroom3988-1-1.jpg","type":"image\/jpeg"}],"twitter_card":"summary_large_image","twitter_misc":{"Est. reading time":"9 minutes"},"schema":{"@context":"https:\/\/schema.org","@graph":[{"@type":"WebPage","@id":"https:\/\/www.gpjbaker.com\/fr\/notre-engagement\/","url":"https:\/\/www.gpjbaker.com\/fr\/notre-engagement\/","name":"Notre engagement - G P &amp; J Baker","isPartOf":{"@id":"https:\/\/www.gpjbaker.com\/#website"},"primaryImageOfPage":{"@id":"https:\/\/www.gpjbaker.com\/fr\/notre-engagement\/#primaryimage"},"image":{"@id":"https:\/\/www.gpjbaker.com\/fr\/notre-engagement\/#primaryimage"},"thumbnailUrl":"https:\/\/www.gpjbaker.com\/wp-content\/uploads\/2015\/07\/GPJ-Baker-showroom3988-1-1.jpg","datePublished":"2016-03-09T21:59:13+00:00","dateModified":"2025-09-08T19:45:44+00:00","breadcrumb":{"@id":"https:\/\/www.gpjbaker.com\/fr\/notre-engagement\/#breadcrumb"},"inLanguage":"fr-FR","potentialAction":[{"@type":"ReadAction","target":["https:\/\/www.gpjbaker.com\/fr\/notre-engagement\/"]}]},{"@type":"ImageObject","inLanguage":"fr-FR","@id":"https:\/\/www.gpjbaker.com\/fr\/notre-engagement\/#primaryimage","url":"https:\/\/www.gpjbaker.com\/wp-content\/uploads\/2015\/07\/GPJ-Baker-showroom3988-1-1.jpg","contentUrl":"https:\/\/www.gpjbaker.com\/wp-content\/uploads\/2015\/07\/GPJ-Baker-showroom3988-1-1.jpg","width":800,"height":450,"caption":"GP & J Baker - Contract"},{"@type":"BreadcrumbList","@id":"https:\/\/www.gpjbaker.com\/fr\/notre-engagement\/#breadcrumb","itemListElement":[{"@type":"ListItem","position":1,"name":"Home","item":"https:\/\/www.gpjbaker.com\/fr\/"},{"@type":"ListItem","position":2,"name":"Notre engagement"}]},{"@type":"WebSite","@id":"https:\/\/www.gpjbaker.com\/#website","url":"https:\/\/www.gpjbaker.com\/","name":"G P &amp; J Baker","description":"","potentialAction":[{"@type":"SearchAction","target":{"@type":"EntryPoint","urlTemplate":"https:\/\/www.gpjbaker.com\/?s={search_term_string}"},"query-input":{"@type":"PropertyValueSpecification","valueRequired":true,"valueName":"search_term_string"}}],"inLanguage":"fr-FR"}]}},"_links":{"self":[{"href":"https:\/\/www.gpjbaker.com\/fr\/wp-json\/wp\/v2\/pages\/5665","targetHints":{"allow":["GET"]}}],"collection":[{"href":"https:\/\/www.gpjbaker.com\/fr\/wp-json\/wp\/v2\/pages"}],"about":[{"href":"https:\/\/www.gpjbaker.com\/fr\/wp-json\/wp\/v2\/types\/page"}],"author":[{"embeddable":true,"href":"https:\/\/www.gpjbaker.com\/fr\/wp-json\/wp\/v2\/users\/1"}],"replies":[{"embeddable":true,"href":"https:\/\/www.gpjbaker.com\/fr\/wp-json\/wp\/v2\/comments?post=5665"}],"version-history":[{"count":5,"href":"https:\/\/www.gpjbaker.com\/fr\/wp-json\/wp\/v2\/pages\/5665\/revisions"}],"predecessor-version":[{"id":13015,"href":"https:\/\/www.gpjbaker.com\/fr\/wp-json\/wp\/v2\/pages\/5665\/revisions\/13015"}],"wp:featuredmedia":[{"embeddable":true,"href":"https:\/\/www.gpjbaker.com\/fr\/wp-json\/wp\/v2\/media\/6476"}],"wp:attachment":[{"href":"https:\/\/www.gpjbaker.com\/fr\/wp-json\/wp\/v2\/media?parent=5665"}],"curies":[{"name":"wp","href":"https:\/\/api.w.org\/{rel}","templated":true}]}}