{"id":5291,"date":"2016-03-07T11:56:05","date_gmt":"2016-03-07T16:56:05","guid":{"rendered":"http:\/\/gpjbaker.com\/fr\/?page_id=5291"},"modified":"2025-09-08T14:40:54","modified_gmt":"2025-09-08T19:40:54","slug":"kravet","status":"publish","type":"page","link":"https:\/\/www.gpjbaker.com\/fr\/marques\/kravet\/","title":{"rendered":"Kravet"},"content":{"rendered":"Innovation, luxe, \u00e9l\u00e9gance et superbe savoir-faire artisanal sont les fondamentaux de Kravet Inc, entreprise familiale am\u00e9ricaine de la 5\u00e8me g\u00e9n\u00e9ration, cr\u00e9\u00e9e en 1918. Ne travaillant exclusivement qu&#8217;avec des entreprises fabriquant des tissus, rev\u00eatements muraux, ameublement, tapis et accessoires, Kravet, petite entreprise \u00e0 ses d\u00e9buts est devenue maintenant leader mondial, en proposant des marques exclusives et des designers c\u00e9l\u00e8bres comme Diane von Furstenberg, Oscar de la Renta, Calvin Klein et Jonathan Adler.\r\n\r\n<style>\r\nimg:is([sizes=\"auto\" i], [sizes^=\"auto,\" i]) { contain-intrinsic-size: 276px 176px; }\r\n<\/style>","protected":false},"excerpt":{"rendered":"Innovation, luxe, \u00e9l\u00e9gance et superbe savoir-faire artisanal sont les fondamentaux de Kravet Inc, entreprise familiale am\u00e9ricaine de la 5\u00e8me g\u00e9n\u00e9ration, cr\u00e9\u00e9e en 1918. Ne travaillant exclusivement qu&#8217;avec des entreprises fabriquant des tissus, rev\u00eatements muraux, ameublement, tapis et accessoires, Kravet, petite entreprise \u00e0 ses d\u00e9buts est devenue maintenant leader mondial, en proposant des marques exclusives et&#8230; <a class=\"view-article\" href=\"https:\/\/www.gpjbaker.com\/fr\/marques\/kravet\/\">Voir l&#8217;article<\/a>","protected":false},"author":1,"featured_media":4385,"parent":4653,"menu_order":0,"comment_status":"closed","ping_status":"open","template":"template-brands.php","meta":{"footnotes":""},"class_list":["post-5291","page","type-page","status-publish","has-post-thumbnail","hentry","page_language-fr"],"yoast_head":"<!-- This site is optimized with the Yoast SEO plugin v26.8 - https:\/\/yoast.com\/product\/yoast-seo-wordpress\/ -->\n<title>Kravet - G P &amp; J Baker<\/title>\n<meta name=\"robots\" content=\"index, follow, max-snippet:-1, max-image-preview:large, max-video-preview:-1\" \/>\n<link rel=\"canonical\" href=\"https:\/\/www.gpjbaker.com\/fr\/marques\/kravet\/\" \/>\n<meta property=\"og:locale\" content=\"fr_FR\" \/>\n<meta property=\"og:type\" content=\"article\" \/>\n<meta property=\"og:title\" content=\"Kravet - G P &amp; J Baker\" \/>\n<meta property=\"og:description\" content=\"Innovation, luxe, \u00e9l\u00e9gance et superbe savoir-faire artisanal sont les fondamentaux de Kravet Inc, entreprise familiale am\u00e9ricaine de la 5\u00e8me g\u00e9n\u00e9ration, cr\u00e9\u00e9e en 1918. Ne travaillant exclusivement qu&#8217;avec des entreprises fabriquant des tissus, rev\u00eatements muraux, ameublement, tapis et accessoires, Kravet, petite entreprise \u00e0 ses d\u00e9buts est devenue maintenant leader mondial, en proposant des marques exclusives et... Voir l&#039;article\" \/>\n<meta property=\"og:url\" content=\"https:\/\/www.gpjbaker.com\/fr\/marques\/kravet\/\" \/>\n<meta property=\"og:site_name\" content=\"G P &amp; J Baker\" \/>\n<meta property=\"article:modified_time\" content=\"2025-09-08T19:40:54+00:00\" \/>\n<meta property=\"og:image\" content=\"https:\/\/www.gpjbaker.com\/wp-content\/uploads\/2015\/07\/kravet_collections_thumb.jpg\" \/>\n\t<meta property=\"og:image:width\" content=\"893\" \/>\n\t<meta property=\"og:image:height\" content=\"580\" \/>\n\t<meta property=\"og:image:type\" content=\"image\/jpeg\" \/>\n<meta name=\"twitter:card\" content=\"summary_large_image\" \/>\n<meta name=\"twitter:label1\" content=\"Est. reading time\" \/>\n\t<meta name=\"twitter:data1\" content=\"1 minute\" \/>\n<script type=\"application\/ld+json\" class=\"yoast-schema-graph\">{\"@context\":\"https:\/\/schema.org\",\"@graph\":[{\"@type\":\"WebPage\",\"@id\":\"https:\/\/www.gpjbaker.com\/fr\/marques\/kravet\/\",\"url\":\"https:\/\/www.gpjbaker.com\/fr\/marques\/kravet\/\",\"name\":\"Kravet - G P &amp; J Baker\",\"isPartOf\":{\"@id\":\"https:\/\/www.gpjbaker.com\/#website\"},\"primaryImageOfPage\":{\"@id\":\"https:\/\/www.gpjbaker.com\/fr\/marques\/kravet\/#primaryimage\"},\"image\":{\"@id\":\"https:\/\/www.gpjbaker.com\/fr\/marques\/kravet\/#primaryimage\"},\"thumbnailUrl\":\"https:\/\/www.gpjbaker.com\/wp-content\/uploads\/2015\/07\/kravet_collections_thumb.jpg\",\"datePublished\":\"2016-03-07T16:56:05+00:00\",\"dateModified\":\"2025-09-08T19:40:54+00:00\",\"breadcrumb\":{\"@id\":\"https:\/\/www.gpjbaker.com\/fr\/marques\/kravet\/#breadcrumb\"},\"inLanguage\":\"fr-FR\",\"potentialAction\":[{\"@type\":\"ReadAction\",\"target\":[\"https:\/\/www.gpjbaker.com\/fr\/marques\/kravet\/\"]}]},{\"@type\":\"ImageObject\",\"inLanguage\":\"fr-FR\",\"@id\":\"https:\/\/www.gpjbaker.com\/fr\/marques\/kravet\/#primaryimage\",\"url\":\"https:\/\/www.gpjbaker.com\/wp-content\/uploads\/2015\/07\/kravet_collections_thumb.jpg\",\"contentUrl\":\"https:\/\/www.gpjbaker.com\/wp-content\/uploads\/2015\/07\/kravet_collections_thumb.jpg\",\"width\":893,\"height\":580,\"caption\":\"Innovation, luxury, style and superb craftsmanship are the fundamental philosophies of Kravet Inc, a privately held, fifth generation American family business established in 1918.\"},{\"@type\":\"BreadcrumbList\",\"@id\":\"https:\/\/www.gpjbaker.com\/fr\/marques\/kravet\/#breadcrumb\",\"itemListElement\":[{\"@type\":\"ListItem\",\"position\":1,\"name\":\"Home\",\"item\":\"https:\/\/www.gpjbaker.com\/fr\/\"},{\"@type\":\"ListItem\",\"position\":2,\"name\":\"Marques\",\"item\":\"https:\/\/www.gpjbaker.com\/fr\/marques\/\"},{\"@type\":\"ListItem\",\"position\":3,\"name\":\"Kravet\"}]},{\"@type\":\"WebSite\",\"@id\":\"https:\/\/www.gpjbaker.com\/#website\",\"url\":\"https:\/\/www.gpjbaker.com\/\",\"name\":\"G P &amp; J Baker\",\"description\":\"\",\"potentialAction\":[{\"@type\":\"SearchAction\",\"target\":{\"@type\":\"EntryPoint\",\"urlTemplate\":\"https:\/\/www.gpjbaker.com\/?s={search_term_string}\"},\"query-input\":{\"@type\":\"PropertyValueSpecification\",\"valueRequired\":true,\"valueName\":\"search_term_string\"}}],\"inLanguage\":\"fr-FR\"}]}<\/script>\n<!-- \/ Yoast SEO plugin. -->","yoast_head_json":{"title":"Kravet - G P &amp; J Baker","robots":{"index":"index","follow":"follow","max-snippet":"max-snippet:-1","max-image-preview":"max-image-preview:large","max-video-preview":"max-video-preview:-1"},"canonical":"https:\/\/www.gpjbaker.com\/fr\/marques\/kravet\/","og_locale":"fr_FR","og_type":"article","og_title":"Kravet - G P &amp; J Baker","og_description":"Innovation, luxe, \u00e9l\u00e9gance et superbe savoir-faire artisanal sont les fondamentaux de Kravet Inc, entreprise familiale am\u00e9ricaine de la 5\u00e8me g\u00e9n\u00e9ration, cr\u00e9\u00e9e en 1918. Ne travaillant exclusivement qu&#8217;avec des entreprises fabriquant des tissus, rev\u00eatements muraux, ameublement, tapis et accessoires, Kravet, petite entreprise \u00e0 ses d\u00e9buts est devenue maintenant leader mondial, en proposant des marques exclusives et... Voir l'article","og_url":"https:\/\/www.gpjbaker.com\/fr\/marques\/kravet\/","og_site_name":"G P &amp; J Baker","article_modified_time":"2025-09-08T19:40:54+00:00","og_image":[{"width":893,"height":580,"url":"https:\/\/www.gpjbaker.com\/wp-content\/uploads\/2015\/07\/kravet_collections_thumb.jpg","type":"image\/jpeg"}],"twitter_card":"summary_large_image","twitter_misc":{"Est. reading time":"1 minute"},"schema":{"@context":"https:\/\/schema.org","@graph":[{"@type":"WebPage","@id":"https:\/\/www.gpjbaker.com\/fr\/marques\/kravet\/","url":"https:\/\/www.gpjbaker.com\/fr\/marques\/kravet\/","name":"Kravet - G P &amp; J Baker","isPartOf":{"@id":"https:\/\/www.gpjbaker.com\/#website"},"primaryImageOfPage":{"@id":"https:\/\/www.gpjbaker.com\/fr\/marques\/kravet\/#primaryimage"},"image":{"@id":"https:\/\/www.gpjbaker.com\/fr\/marques\/kravet\/#primaryimage"},"thumbnailUrl":"https:\/\/www.gpjbaker.com\/wp-content\/uploads\/2015\/07\/kravet_collections_thumb.jpg","datePublished":"2016-03-07T16:56:05+00:00","dateModified":"2025-09-08T19:40:54+00:00","breadcrumb":{"@id":"https:\/\/www.gpjbaker.com\/fr\/marques\/kravet\/#breadcrumb"},"inLanguage":"fr-FR","potentialAction":[{"@type":"ReadAction","target":["https:\/\/www.gpjbaker.com\/fr\/marques\/kravet\/"]}]},{"@type":"ImageObject","inLanguage":"fr-FR","@id":"https:\/\/www.gpjbaker.com\/fr\/marques\/kravet\/#primaryimage","url":"https:\/\/www.gpjbaker.com\/wp-content\/uploads\/2015\/07\/kravet_collections_thumb.jpg","contentUrl":"https:\/\/www.gpjbaker.com\/wp-content\/uploads\/2015\/07\/kravet_collections_thumb.jpg","width":893,"height":580,"caption":"Innovation, luxury, style and superb craftsmanship are the fundamental philosophies of Kravet Inc, a privately held, fifth generation American family business established in 1918."},{"@type":"BreadcrumbList","@id":"https:\/\/www.gpjbaker.com\/fr\/marques\/kravet\/#breadcrumb","itemListElement":[{"@type":"ListItem","position":1,"name":"Home","item":"https:\/\/www.gpjbaker.com\/fr\/"},{"@type":"ListItem","position":2,"name":"Marques","item":"https:\/\/www.gpjbaker.com\/fr\/marques\/"},{"@type":"ListItem","position":3,"name":"Kravet"}]},{"@type":"WebSite","@id":"https:\/\/www.gpjbaker.com\/#website","url":"https:\/\/www.gpjbaker.com\/","name":"G P &amp; J Baker","description":"","potentialAction":[{"@type":"SearchAction","target":{"@type":"EntryPoint","urlTemplate":"https:\/\/www.gpjbaker.com\/?s={search_term_string}"},"query-input":{"@type":"PropertyValueSpecification","valueRequired":true,"valueName":"search_term_string"}}],"inLanguage":"fr-FR"}]}},"_links":{"self":[{"href":"https:\/\/www.gpjbaker.com\/fr\/wp-json\/wp\/v2\/pages\/5291","targetHints":{"allow":["GET"]}}],"collection":[{"href":"https:\/\/www.gpjbaker.com\/fr\/wp-json\/wp\/v2\/pages"}],"about":[{"href":"https:\/\/www.gpjbaker.com\/fr\/wp-json\/wp\/v2\/types\/page"}],"author":[{"embeddable":true,"href":"https:\/\/www.gpjbaker.com\/fr\/wp-json\/wp\/v2\/users\/1"}],"replies":[{"embeddable":true,"href":"https:\/\/www.gpjbaker.com\/fr\/wp-json\/wp\/v2\/comments?post=5291"}],"version-history":[{"count":3,"href":"https:\/\/www.gpjbaker.com\/fr\/wp-json\/wp\/v2\/pages\/5291\/revisions"}],"predecessor-version":[{"id":12612,"href":"https:\/\/www.gpjbaker.com\/fr\/wp-json\/wp\/v2\/pages\/5291\/revisions\/12612"}],"up":[{"embeddable":true,"href":"https:\/\/www.gpjbaker.com\/fr\/wp-json\/wp\/v2\/pages\/4653"}],"wp:featuredmedia":[{"embeddable":true,"href":"https:\/\/www.gpjbaker.com\/fr\/wp-json\/wp\/v2\/media\/4385"}],"wp:attachment":[{"href":"https:\/\/www.gpjbaker.com\/fr\/wp-json\/wp\/v2\/media?parent=5291"}],"curies":[{"name":"wp","href":"https:\/\/api.w.org\/{rel}","templated":true}]}}