{"id":5290,"date":"2016-03-07T11:55:31","date_gmt":"2016-03-07T16:55:31","guid":{"rendered":"http:\/\/gpjbaker.com\/fr\/?page_id=5290"},"modified":"2025-09-08T12:50:23","modified_gmt":"2025-09-08T17:50:23","slug":"baker-lifestyle","status":"publish","type":"page","link":"https:\/\/www.gpjbaker.com\/fr\/marques\/baker-lifestyle\/","title":{"rendered":"Baker Lifestyle"},"content":{"rendered":"<div data-canvas-width=\"403.8907074122613\">Baker Lifestyle, aux jolis imprim\u00e9s jeunes et frais, est la collection grand public de GP &amp; J Baker. Cette ligne, plus accessible, convient \u00e0 tout style d&#8217;int\u00e9rieurs.\u00a0Ses collections illustrent la cr\u00e9ativit\u00e9 de la marque avec ses motifs pleins de gaiet\u00e9 et de fantaisie, ses tissus confortables ainsi que ses broderies botaniques sur des lins doux et des cotons impeccables. Avec sa large gamme de coloris, les tissus et rev\u00eatements muraux de Baker Lifestyle s&#8217;harmonisent parfaitement et facilement avec toutes sortes d&#8217;int\u00e9rieurs.<\/div>\r\n\r\n<style>\r\nimg:is([sizes=\"auto\" i], [sizes^=\"auto,\" i]) { contain-intrinsic-size: 276px 176px; }\r\n<\/style>","protected":false},"excerpt":{"rendered":"Baker Lifestyle, aux jolis imprim\u00e9s jeunes et frais, est la collection grand public de GP &amp; J Baker. Cette ligne, plus accessible, convient \u00e0 tout style d&#8217;int\u00e9rieurs.\u00a0Ses collections illustrent la cr\u00e9ativit\u00e9 de la marque avec ses motifs pleins de gaiet\u00e9 et de fantaisie, ses tissus confortables ainsi que ses broderies botaniques sur des lins doux&#8230; <a class=\"view-article\" href=\"https:\/\/www.gpjbaker.com\/fr\/marques\/baker-lifestyle\/\">Voir l&#8217;article<\/a>","protected":false},"author":1,"featured_media":0,"parent":4653,"menu_order":0,"comment_status":"closed","ping_status":"open","template":"template-brands.php","meta":{"footnotes":""},"class_list":["post-5290","page","type-page","status-publish","hentry","page_language-fr"],"yoast_head":"<!-- This site is optimized with the Yoast SEO plugin v26.8 - https:\/\/yoast.com\/product\/yoast-seo-wordpress\/ -->\n<title>Baker Lifestyle - G P &amp; J Baker<\/title>\n<meta name=\"robots\" content=\"index, follow, max-snippet:-1, max-image-preview:large, max-video-preview:-1\" \/>\n<link rel=\"canonical\" href=\"https:\/\/www.gpjbaker.com\/fr\/marques\/baker-lifestyle\/\" \/>\n<meta property=\"og:locale\" content=\"fr_FR\" \/>\n<meta property=\"og:type\" content=\"article\" \/>\n<meta property=\"og:title\" content=\"Baker Lifestyle - G P &amp; J Baker\" \/>\n<meta property=\"og:description\" content=\"Baker Lifestyle, aux jolis imprim\u00e9s jeunes et frais, est la collection grand public de GP &amp; J Baker. Cette ligne, plus accessible, convient \u00e0 tout style d&#8217;int\u00e9rieurs.\u00a0Ses collections illustrent la cr\u00e9ativit\u00e9 de la marque avec ses motifs pleins de gaiet\u00e9 et de fantaisie, ses tissus confortables ainsi que ses broderies botaniques sur des lins doux... Voir l&#039;article\" \/>\n<meta property=\"og:url\" content=\"https:\/\/www.gpjbaker.com\/fr\/marques\/baker-lifestyle\/\" \/>\n<meta property=\"og:site_name\" content=\"G P &amp; J Baker\" \/>\n<meta property=\"article:modified_time\" content=\"2025-09-08T17:50:23+00:00\" \/>\n<meta name=\"twitter:card\" content=\"summary_large_image\" \/>\n<meta name=\"twitter:label1\" content=\"Est. reading time\" \/>\n\t<meta name=\"twitter:data1\" content=\"1 minute\" \/>\n<script type=\"application\/ld+json\" class=\"yoast-schema-graph\">{\"@context\":\"https:\/\/schema.org\",\"@graph\":[{\"@type\":\"WebPage\",\"@id\":\"https:\/\/www.gpjbaker.com\/fr\/marques\/baker-lifestyle\/\",\"url\":\"https:\/\/www.gpjbaker.com\/fr\/marques\/baker-lifestyle\/\",\"name\":\"Baker Lifestyle - G P &amp; J Baker\",\"isPartOf\":{\"@id\":\"https:\/\/www.gpjbaker.com\/#website\"},\"datePublished\":\"2016-03-07T16:55:31+00:00\",\"dateModified\":\"2025-09-08T17:50:23+00:00\",\"breadcrumb\":{\"@id\":\"https:\/\/www.gpjbaker.com\/fr\/marques\/baker-lifestyle\/#breadcrumb\"},\"inLanguage\":\"fr-FR\",\"potentialAction\":[{\"@type\":\"ReadAction\",\"target\":[\"https:\/\/www.gpjbaker.com\/fr\/marques\/baker-lifestyle\/\"]}]},{\"@type\":\"BreadcrumbList\",\"@id\":\"https:\/\/www.gpjbaker.com\/fr\/marques\/baker-lifestyle\/#breadcrumb\",\"itemListElement\":[{\"@type\":\"ListItem\",\"position\":1,\"name\":\"Home\",\"item\":\"https:\/\/www.gpjbaker.com\/fr\/\"},{\"@type\":\"ListItem\",\"position\":2,\"name\":\"Marques\",\"item\":\"https:\/\/www.gpjbaker.com\/fr\/marques\/\"},{\"@type\":\"ListItem\",\"position\":3,\"name\":\"Baker Lifestyle\"}]},{\"@type\":\"WebSite\",\"@id\":\"https:\/\/www.gpjbaker.com\/#website\",\"url\":\"https:\/\/www.gpjbaker.com\/\",\"name\":\"G P &amp; J Baker\",\"description\":\"\",\"potentialAction\":[{\"@type\":\"SearchAction\",\"target\":{\"@type\":\"EntryPoint\",\"urlTemplate\":\"https:\/\/www.gpjbaker.com\/?s={search_term_string}\"},\"query-input\":{\"@type\":\"PropertyValueSpecification\",\"valueRequired\":true,\"valueName\":\"search_term_string\"}}],\"inLanguage\":\"fr-FR\"}]}<\/script>\n<!-- \/ Yoast SEO plugin. -->","yoast_head_json":{"title":"Baker Lifestyle - G P &amp; J Baker","robots":{"index":"index","follow":"follow","max-snippet":"max-snippet:-1","max-image-preview":"max-image-preview:large","max-video-preview":"max-video-preview:-1"},"canonical":"https:\/\/www.gpjbaker.com\/fr\/marques\/baker-lifestyle\/","og_locale":"fr_FR","og_type":"article","og_title":"Baker Lifestyle - G P &amp; J Baker","og_description":"Baker Lifestyle, aux jolis imprim\u00e9s jeunes et frais, est la collection grand public de GP &amp; J Baker. Cette ligne, plus accessible, convient \u00e0 tout style d&#8217;int\u00e9rieurs.\u00a0Ses collections illustrent la cr\u00e9ativit\u00e9 de la marque avec ses motifs pleins de gaiet\u00e9 et de fantaisie, ses tissus confortables ainsi que ses broderies botaniques sur des lins doux... Voir l'article","og_url":"https:\/\/www.gpjbaker.com\/fr\/marques\/baker-lifestyle\/","og_site_name":"G P &amp; J Baker","article_modified_time":"2025-09-08T17:50:23+00:00","twitter_card":"summary_large_image","twitter_misc":{"Est. reading time":"1 minute"},"schema":{"@context":"https:\/\/schema.org","@graph":[{"@type":"WebPage","@id":"https:\/\/www.gpjbaker.com\/fr\/marques\/baker-lifestyle\/","url":"https:\/\/www.gpjbaker.com\/fr\/marques\/baker-lifestyle\/","name":"Baker Lifestyle - G P &amp; J Baker","isPartOf":{"@id":"https:\/\/www.gpjbaker.com\/#website"},"datePublished":"2016-03-07T16:55:31+00:00","dateModified":"2025-09-08T17:50:23+00:00","breadcrumb":{"@id":"https:\/\/www.gpjbaker.com\/fr\/marques\/baker-lifestyle\/#breadcrumb"},"inLanguage":"fr-FR","potentialAction":[{"@type":"ReadAction","target":["https:\/\/www.gpjbaker.com\/fr\/marques\/baker-lifestyle\/"]}]},{"@type":"BreadcrumbList","@id":"https:\/\/www.gpjbaker.com\/fr\/marques\/baker-lifestyle\/#breadcrumb","itemListElement":[{"@type":"ListItem","position":1,"name":"Home","item":"https:\/\/www.gpjbaker.com\/fr\/"},{"@type":"ListItem","position":2,"name":"Marques","item":"https:\/\/www.gpjbaker.com\/fr\/marques\/"},{"@type":"ListItem","position":3,"name":"Baker Lifestyle"}]},{"@type":"WebSite","@id":"https:\/\/www.gpjbaker.com\/#website","url":"https:\/\/www.gpjbaker.com\/","name":"G P &amp; J Baker","description":"","potentialAction":[{"@type":"SearchAction","target":{"@type":"EntryPoint","urlTemplate":"https:\/\/www.gpjbaker.com\/?s={search_term_string}"},"query-input":{"@type":"PropertyValueSpecification","valueRequired":true,"valueName":"search_term_string"}}],"inLanguage":"fr-FR"}]}},"_links":{"self":[{"href":"https:\/\/www.gpjbaker.com\/fr\/wp-json\/wp\/v2\/pages\/5290","targetHints":{"allow":["GET"]}}],"collection":[{"href":"https:\/\/www.gpjbaker.com\/fr\/wp-json\/wp\/v2\/pages"}],"about":[{"href":"https:\/\/www.gpjbaker.com\/fr\/wp-json\/wp\/v2\/types\/page"}],"author":[{"embeddable":true,"href":"https:\/\/www.gpjbaker.com\/fr\/wp-json\/wp\/v2\/users\/1"}],"replies":[{"embeddable":true,"href":"https:\/\/www.gpjbaker.com\/fr\/wp-json\/wp\/v2\/comments?post=5290"}],"version-history":[{"count":3,"href":"https:\/\/www.gpjbaker.com\/fr\/wp-json\/wp\/v2\/pages\/5290\/revisions"}],"predecessor-version":[{"id":12618,"href":"https:\/\/www.gpjbaker.com\/fr\/wp-json\/wp\/v2\/pages\/5290\/revisions\/12618"}],"up":[{"embeddable":true,"href":"https:\/\/www.gpjbaker.com\/fr\/wp-json\/wp\/v2\/pages\/4653"}],"wp:attachment":[{"href":"https:\/\/www.gpjbaker.com\/fr\/wp-json\/wp\/v2\/media?parent=5290"}],"curies":[{"name":"wp","href":"https:\/\/api.w.org\/{rel}","templated":true}]}}