{"id":5289,"date":"2016-03-07T11:54:55","date_gmt":"2016-03-07T16:54:55","guid":{"rendered":"http:\/\/gpjbaker.com\/fr\/?page_id=5289"},"modified":"2025-09-08T14:44:11","modified_gmt":"2025-09-08T19:44:11","slug":"threads","status":"publish","type":"page","link":"https:\/\/www.gpjbaker.com\/fr\/marques\/threads\/","title":{"rendered":"Threads"},"content":{"rendered":"<div data-canvas-width=\"403.8907074122613\">Threads, synonyme de luxe, \u00e9l\u00e9gance et sophistication d\u00e9contract\u00e9e, a \u00e9t\u00e9 cr\u00e9\u00e9e pour apporter une touche de raffinement aux marques haut de gamme mais plus classiques du groupe Elle offre une \u00e9l\u00e9gante alternative \u00e0 ceux qui recherchent une approche plus contemporaine.<\/div>\r\n\r\n<style>\r\nimg:is([sizes=\"auto\" i], [sizes^=\"auto,\" i]) { contain-intrinsic-size: 276px 176px; }\r\n<\/style>\r\n","protected":false},"excerpt":{"rendered":"Threads, synonyme de luxe, \u00e9l\u00e9gance et sophistication d\u00e9contract\u00e9e, a \u00e9t\u00e9 cr\u00e9\u00e9e pour apporter une touche de raffinement aux marques haut de gamme mais plus classiques du groupe Elle offre une \u00e9l\u00e9gante alternative \u00e0 ceux qui recherchent une approche plus contemporaine.","protected":false},"author":1,"featured_media":0,"parent":4653,"menu_order":2,"comment_status":"closed","ping_status":"closed","template":"template-brands.php","meta":{"footnotes":""},"class_list":["post-5289","page","type-page","status-publish","hentry","page_language-fr"],"yoast_head":"<!-- This site is optimized with the Yoast SEO plugin v26.8 - https:\/\/yoast.com\/product\/yoast-seo-wordpress\/ -->\n<title>Threads - G P &amp; J Baker<\/title>\n<meta name=\"robots\" content=\"index, follow, max-snippet:-1, max-image-preview:large, max-video-preview:-1\" \/>\n<link rel=\"canonical\" href=\"https:\/\/www.gpjbaker.com\/fr\/marques\/threads\/\" \/>\n<meta property=\"og:locale\" content=\"fr_FR\" \/>\n<meta property=\"og:type\" content=\"article\" \/>\n<meta property=\"og:title\" content=\"Threads - G P &amp; J Baker\" \/>\n<meta property=\"og:description\" content=\"Threads, synonyme de luxe, \u00e9l\u00e9gance et sophistication d\u00e9contract\u00e9e, a \u00e9t\u00e9 cr\u00e9\u00e9e pour apporter une touche de raffinement aux marques haut de gamme mais plus classiques du groupe Elle offre une \u00e9l\u00e9gante alternative \u00e0 ceux qui recherchent une approche plus contemporaine.\" \/>\n<meta property=\"og:url\" content=\"https:\/\/www.gpjbaker.com\/fr\/marques\/threads\/\" \/>\n<meta property=\"og:site_name\" content=\"G P &amp; J Baker\" \/>\n<meta property=\"article:modified_time\" content=\"2025-09-08T19:44:11+00:00\" \/>\n<meta name=\"twitter:card\" content=\"summary_large_image\" \/>\n<meta name=\"twitter:label1\" content=\"Est. reading time\" \/>\n\t<meta name=\"twitter:data1\" content=\"1 minute\" \/>\n<script type=\"application\/ld+json\" class=\"yoast-schema-graph\">{\"@context\":\"https:\/\/schema.org\",\"@graph\":[{\"@type\":\"WebPage\",\"@id\":\"https:\/\/www.gpjbaker.com\/fr\/marques\/threads\/\",\"url\":\"https:\/\/www.gpjbaker.com\/fr\/marques\/threads\/\",\"name\":\"Threads - G P &amp; J Baker\",\"isPartOf\":{\"@id\":\"https:\/\/www.gpjbaker.com\/#website\"},\"datePublished\":\"2016-03-07T16:54:55+00:00\",\"dateModified\":\"2025-09-08T19:44:11+00:00\",\"breadcrumb\":{\"@id\":\"https:\/\/www.gpjbaker.com\/fr\/marques\/threads\/#breadcrumb\"},\"inLanguage\":\"fr-FR\",\"potentialAction\":[{\"@type\":\"ReadAction\",\"target\":[\"https:\/\/www.gpjbaker.com\/fr\/marques\/threads\/\"]}]},{\"@type\":\"BreadcrumbList\",\"@id\":\"https:\/\/www.gpjbaker.com\/fr\/marques\/threads\/#breadcrumb\",\"itemListElement\":[{\"@type\":\"ListItem\",\"position\":1,\"name\":\"Home\",\"item\":\"https:\/\/www.gpjbaker.com\/fr\/\"},{\"@type\":\"ListItem\",\"position\":2,\"name\":\"Marques\",\"item\":\"https:\/\/www.gpjbaker.com\/fr\/marques\/\"},{\"@type\":\"ListItem\",\"position\":3,\"name\":\"Threads\"}]},{\"@type\":\"WebSite\",\"@id\":\"https:\/\/www.gpjbaker.com\/#website\",\"url\":\"https:\/\/www.gpjbaker.com\/\",\"name\":\"G P &amp; J Baker\",\"description\":\"\",\"potentialAction\":[{\"@type\":\"SearchAction\",\"target\":{\"@type\":\"EntryPoint\",\"urlTemplate\":\"https:\/\/www.gpjbaker.com\/?s={search_term_string}\"},\"query-input\":{\"@type\":\"PropertyValueSpecification\",\"valueRequired\":true,\"valueName\":\"search_term_string\"}}],\"inLanguage\":\"fr-FR\"}]}<\/script>\n<!-- \/ Yoast SEO plugin. -->","yoast_head_json":{"title":"Threads - G P &amp; J Baker","robots":{"index":"index","follow":"follow","max-snippet":"max-snippet:-1","max-image-preview":"max-image-preview:large","max-video-preview":"max-video-preview:-1"},"canonical":"https:\/\/www.gpjbaker.com\/fr\/marques\/threads\/","og_locale":"fr_FR","og_type":"article","og_title":"Threads - G P &amp; J Baker","og_description":"Threads, synonyme de luxe, \u00e9l\u00e9gance et sophistication d\u00e9contract\u00e9e, a \u00e9t\u00e9 cr\u00e9\u00e9e pour apporter une touche de raffinement aux marques haut de gamme mais plus classiques du groupe Elle offre une \u00e9l\u00e9gante alternative \u00e0 ceux qui recherchent une approche plus contemporaine.","og_url":"https:\/\/www.gpjbaker.com\/fr\/marques\/threads\/","og_site_name":"G P &amp; J Baker","article_modified_time":"2025-09-08T19:44:11+00:00","twitter_card":"summary_large_image","twitter_misc":{"Est. reading time":"1 minute"},"schema":{"@context":"https:\/\/schema.org","@graph":[{"@type":"WebPage","@id":"https:\/\/www.gpjbaker.com\/fr\/marques\/threads\/","url":"https:\/\/www.gpjbaker.com\/fr\/marques\/threads\/","name":"Threads - G P &amp; J Baker","isPartOf":{"@id":"https:\/\/www.gpjbaker.com\/#website"},"datePublished":"2016-03-07T16:54:55+00:00","dateModified":"2025-09-08T19:44:11+00:00","breadcrumb":{"@id":"https:\/\/www.gpjbaker.com\/fr\/marques\/threads\/#breadcrumb"},"inLanguage":"fr-FR","potentialAction":[{"@type":"ReadAction","target":["https:\/\/www.gpjbaker.com\/fr\/marques\/threads\/"]}]},{"@type":"BreadcrumbList","@id":"https:\/\/www.gpjbaker.com\/fr\/marques\/threads\/#breadcrumb","itemListElement":[{"@type":"ListItem","position":1,"name":"Home","item":"https:\/\/www.gpjbaker.com\/fr\/"},{"@type":"ListItem","position":2,"name":"Marques","item":"https:\/\/www.gpjbaker.com\/fr\/marques\/"},{"@type":"ListItem","position":3,"name":"Threads"}]},{"@type":"WebSite","@id":"https:\/\/www.gpjbaker.com\/#website","url":"https:\/\/www.gpjbaker.com\/","name":"G P &amp; J Baker","description":"","potentialAction":[{"@type":"SearchAction","target":{"@type":"EntryPoint","urlTemplate":"https:\/\/www.gpjbaker.com\/?s={search_term_string}"},"query-input":{"@type":"PropertyValueSpecification","valueRequired":true,"valueName":"search_term_string"}}],"inLanguage":"fr-FR"}]}},"_links":{"self":[{"href":"https:\/\/www.gpjbaker.com\/fr\/wp-json\/wp\/v2\/pages\/5289","targetHints":{"allow":["GET"]}}],"collection":[{"href":"https:\/\/www.gpjbaker.com\/fr\/wp-json\/wp\/v2\/pages"}],"about":[{"href":"https:\/\/www.gpjbaker.com\/fr\/wp-json\/wp\/v2\/types\/page"}],"author":[{"embeddable":true,"href":"https:\/\/www.gpjbaker.com\/fr\/wp-json\/wp\/v2\/users\/1"}],"replies":[{"embeddable":true,"href":"https:\/\/www.gpjbaker.com\/fr\/wp-json\/wp\/v2\/comments?post=5289"}],"version-history":[{"count":4,"href":"https:\/\/www.gpjbaker.com\/fr\/wp-json\/wp\/v2\/pages\/5289\/revisions"}],"predecessor-version":[{"id":12604,"href":"https:\/\/www.gpjbaker.com\/fr\/wp-json\/wp\/v2\/pages\/5289\/revisions\/12604"}],"up":[{"embeddable":true,"href":"https:\/\/www.gpjbaker.com\/fr\/wp-json\/wp\/v2\/pages\/4653"}],"wp:attachment":[{"href":"https:\/\/www.gpjbaker.com\/fr\/wp-json\/wp\/v2\/media?parent=5289"}],"curies":[{"name":"wp","href":"https:\/\/api.w.org\/{rel}","templated":true}]}}