{"id":5288,"date":"2016-03-07T11:56:32","date_gmt":"2016-03-07T16:56:32","guid":{"rendered":"http:\/\/gpjbaker.com\/fr\/?page_id=5288"},"modified":"2025-09-08T14:44:37","modified_gmt":"2025-09-08T19:44:37","slug":"brunschwig-fils","status":"publish","type":"page","link":"https:\/\/www.gpjbaker.com\/fr\/marques\/brunschwig-fils\/","title":{"rendered":"Brunschwig &#038; Fils"},"content":{"rendered":"<p>Les tissus, rev\u00eatements muraux et meubles Brunschwig &#038; Fils sont apparus depuis plus d&#8217;un si\u00e8cle dans les int\u00e9rieurs les plus beaux et les plus embl\u00e9matiques du monde, des grandes pi\u00e8ces de la Maison Blanche et du ch\u00e2teau de Versailles aux retraites romantiques \u00e0 la campagne dans les cottages et les maisons en bord de mer.<\/p>\r\n\r\n<p>Brunschwig &amp; Fils a \u00e9t\u00e9 fond\u00e9e en France par Achille Brunschwig en 1899 et son fils Roger a ouvert un bureau \u00e0 New York en 1925. L&#8217;entreprise a toujours reconnu que le style fran\u00e7ais, dans la d\u00e9coration, la mode, le design, la couleur et l&#8217;art de vivre, est au c\u0153ur de l&#8217;entreprise.<\/p>\r\n\r\n<style>\r\nimg:is([sizes=\"auto\" i], [sizes^=\"auto,\" i]) { contain-intrinsic-size: 276px 176px; }\r\n<\/style>","protected":false},"excerpt":{"rendered":"Les tissus, rev\u00eatements muraux et meubles Brunschwig &#038; Fils sont apparus depuis plus d&#8217;un si\u00e8cle dans les int\u00e9rieurs les plus beaux et les plus embl\u00e9matiques du monde, des grandes pi\u00e8ces de la Maison Blanche et du ch\u00e2teau de Versailles aux retraites romantiques \u00e0 la campagne dans les cottages et les maisons en bord de mer&#8230;. <a class=\"view-article\" href=\"https:\/\/www.gpjbaker.com\/fr\/marques\/brunschwig-fils\/\">Voir l&#8217;article<\/a>","protected":false},"author":1,"featured_media":0,"parent":4653,"menu_order":4,"comment_status":"closed","ping_status":"closed","template":"template-brands.php","meta":{"footnotes":""},"class_list":["post-5288","page","type-page","status-publish","hentry","page_language-fr"],"yoast_head":"<!-- This site is optimized with the Yoast SEO plugin v26.8 - https:\/\/yoast.com\/product\/yoast-seo-wordpress\/ -->\n<title>Brunschwig &amp; Fils - G P &amp; J Baker<\/title>\n<meta name=\"robots\" content=\"index, follow, max-snippet:-1, max-image-preview:large, max-video-preview:-1\" \/>\n<link rel=\"canonical\" href=\"https:\/\/www.gpjbaker.com\/fr\/marques\/brunschwig-fils\/\" \/>\n<meta property=\"og:locale\" content=\"fr_FR\" \/>\n<meta property=\"og:type\" content=\"article\" \/>\n<meta property=\"og:title\" content=\"Brunschwig &amp; Fils - G P &amp; J Baker\" \/>\n<meta property=\"og:description\" content=\"Les tissus, rev\u00eatements muraux et meubles Brunschwig &#038; Fils sont apparus depuis plus d&#8217;un si\u00e8cle dans les int\u00e9rieurs les plus beaux et les plus embl\u00e9matiques du monde, des grandes pi\u00e8ces de la Maison Blanche et du ch\u00e2teau de Versailles aux retraites romantiques \u00e0 la campagne dans les cottages et les maisons en bord de mer.... Voir l&#039;article\" \/>\n<meta property=\"og:url\" content=\"https:\/\/www.gpjbaker.com\/fr\/marques\/brunschwig-fils\/\" \/>\n<meta property=\"og:site_name\" content=\"G P &amp; J Baker\" \/>\n<meta property=\"article:modified_time\" content=\"2025-09-08T19:44:37+00:00\" \/>\n<meta name=\"twitter:card\" content=\"summary_large_image\" \/>\n<meta name=\"twitter:label1\" content=\"Est. reading time\" \/>\n\t<meta name=\"twitter:data1\" content=\"1 minute\" \/>\n<script type=\"application\/ld+json\" class=\"yoast-schema-graph\">{\"@context\":\"https:\/\/schema.org\",\"@graph\":[{\"@type\":\"WebPage\",\"@id\":\"https:\/\/www.gpjbaker.com\/fr\/marques\/brunschwig-fils\/\",\"url\":\"https:\/\/www.gpjbaker.com\/fr\/marques\/brunschwig-fils\/\",\"name\":\"Brunschwig & Fils - G P &amp; J Baker\",\"isPartOf\":{\"@id\":\"https:\/\/www.gpjbaker.com\/#website\"},\"datePublished\":\"2016-03-07T16:56:32+00:00\",\"dateModified\":\"2025-09-08T19:44:37+00:00\",\"breadcrumb\":{\"@id\":\"https:\/\/www.gpjbaker.com\/fr\/marques\/brunschwig-fils\/#breadcrumb\"},\"inLanguage\":\"fr-FR\",\"potentialAction\":[{\"@type\":\"ReadAction\",\"target\":[\"https:\/\/www.gpjbaker.com\/fr\/marques\/brunschwig-fils\/\"]}]},{\"@type\":\"BreadcrumbList\",\"@id\":\"https:\/\/www.gpjbaker.com\/fr\/marques\/brunschwig-fils\/#breadcrumb\",\"itemListElement\":[{\"@type\":\"ListItem\",\"position\":1,\"name\":\"Home\",\"item\":\"https:\/\/www.gpjbaker.com\/fr\/\"},{\"@type\":\"ListItem\",\"position\":2,\"name\":\"Marques\",\"item\":\"https:\/\/www.gpjbaker.com\/fr\/marques\/\"},{\"@type\":\"ListItem\",\"position\":3,\"name\":\"Brunschwig &#038; Fils\"}]},{\"@type\":\"WebSite\",\"@id\":\"https:\/\/www.gpjbaker.com\/#website\",\"url\":\"https:\/\/www.gpjbaker.com\/\",\"name\":\"G P &amp; J Baker\",\"description\":\"\",\"potentialAction\":[{\"@type\":\"SearchAction\",\"target\":{\"@type\":\"EntryPoint\",\"urlTemplate\":\"https:\/\/www.gpjbaker.com\/?s={search_term_string}\"},\"query-input\":{\"@type\":\"PropertyValueSpecification\",\"valueRequired\":true,\"valueName\":\"search_term_string\"}}],\"inLanguage\":\"fr-FR\"}]}<\/script>\n<!-- \/ Yoast SEO plugin. -->","yoast_head_json":{"title":"Brunschwig & Fils - G P &amp; J Baker","robots":{"index":"index","follow":"follow","max-snippet":"max-snippet:-1","max-image-preview":"max-image-preview:large","max-video-preview":"max-video-preview:-1"},"canonical":"https:\/\/www.gpjbaker.com\/fr\/marques\/brunschwig-fils\/","og_locale":"fr_FR","og_type":"article","og_title":"Brunschwig & Fils - G P &amp; J Baker","og_description":"Les tissus, rev\u00eatements muraux et meubles Brunschwig &#038; Fils sont apparus depuis plus d&#8217;un si\u00e8cle dans les int\u00e9rieurs les plus beaux et les plus embl\u00e9matiques du monde, des grandes pi\u00e8ces de la Maison Blanche et du ch\u00e2teau de Versailles aux retraites romantiques \u00e0 la campagne dans les cottages et les maisons en bord de mer.... Voir l'article","og_url":"https:\/\/www.gpjbaker.com\/fr\/marques\/brunschwig-fils\/","og_site_name":"G P &amp; J Baker","article_modified_time":"2025-09-08T19:44:37+00:00","twitter_card":"summary_large_image","twitter_misc":{"Est. reading time":"1 minute"},"schema":{"@context":"https:\/\/schema.org","@graph":[{"@type":"WebPage","@id":"https:\/\/www.gpjbaker.com\/fr\/marques\/brunschwig-fils\/","url":"https:\/\/www.gpjbaker.com\/fr\/marques\/brunschwig-fils\/","name":"Brunschwig & Fils - G P &amp; J Baker","isPartOf":{"@id":"https:\/\/www.gpjbaker.com\/#website"},"datePublished":"2016-03-07T16:56:32+00:00","dateModified":"2025-09-08T19:44:37+00:00","breadcrumb":{"@id":"https:\/\/www.gpjbaker.com\/fr\/marques\/brunschwig-fils\/#breadcrumb"},"inLanguage":"fr-FR","potentialAction":[{"@type":"ReadAction","target":["https:\/\/www.gpjbaker.com\/fr\/marques\/brunschwig-fils\/"]}]},{"@type":"BreadcrumbList","@id":"https:\/\/www.gpjbaker.com\/fr\/marques\/brunschwig-fils\/#breadcrumb","itemListElement":[{"@type":"ListItem","position":1,"name":"Home","item":"https:\/\/www.gpjbaker.com\/fr\/"},{"@type":"ListItem","position":2,"name":"Marques","item":"https:\/\/www.gpjbaker.com\/fr\/marques\/"},{"@type":"ListItem","position":3,"name":"Brunschwig &#038; Fils"}]},{"@type":"WebSite","@id":"https:\/\/www.gpjbaker.com\/#website","url":"https:\/\/www.gpjbaker.com\/","name":"G P &amp; J Baker","description":"","potentialAction":[{"@type":"SearchAction","target":{"@type":"EntryPoint","urlTemplate":"https:\/\/www.gpjbaker.com\/?s={search_term_string}"},"query-input":{"@type":"PropertyValueSpecification","valueRequired":true,"valueName":"search_term_string"}}],"inLanguage":"fr-FR"}]}},"_links":{"self":[{"href":"https:\/\/www.gpjbaker.com\/fr\/wp-json\/wp\/v2\/pages\/5288","targetHints":{"allow":["GET"]}}],"collection":[{"href":"https:\/\/www.gpjbaker.com\/fr\/wp-json\/wp\/v2\/pages"}],"about":[{"href":"https:\/\/www.gpjbaker.com\/fr\/wp-json\/wp\/v2\/types\/page"}],"author":[{"embeddable":true,"href":"https:\/\/www.gpjbaker.com\/fr\/wp-json\/wp\/v2\/users\/1"}],"replies":[{"embeddable":true,"href":"https:\/\/www.gpjbaker.com\/fr\/wp-json\/wp\/v2\/comments?post=5288"}],"version-history":[{"count":4,"href":"https:\/\/www.gpjbaker.com\/fr\/wp-json\/wp\/v2\/pages\/5288\/revisions"}],"predecessor-version":[{"id":12610,"href":"https:\/\/www.gpjbaker.com\/fr\/wp-json\/wp\/v2\/pages\/5288\/revisions\/12610"}],"up":[{"embeddable":true,"href":"https:\/\/www.gpjbaker.com\/fr\/wp-json\/wp\/v2\/pages\/4653"}],"wp:attachment":[{"href":"https:\/\/www.gpjbaker.com\/fr\/wp-json\/wp\/v2\/media?parent=5288"}],"curies":[{"name":"wp","href":"https:\/\/api.w.org\/{rel}","templated":true}]}}