{"id":5287,"date":"2016-03-07T11:40:22","date_gmt":"2016-03-07T16:40:22","guid":{"rendered":"http:\/\/gpjbaker.com\/fr\/?page_id=5287"},"modified":"2025-09-16T11:00:34","modified_gmt":"2025-09-16T16:00:34","slug":"lee-jofa","status":"publish","type":"page","link":"https:\/\/www.gpjbaker.com\/fr\/marques\/lee-jofa\/","title":{"rendered":"Lee Jofa"},"content":{"rendered":"<div data-canvas-width=\"403.8907074122613\">Deux si\u00e8cles et demi d&#8217;expertise dans le domaine du textile ont fa\u00e7onn\u00e9 cette marque exclusive. La cr\u00e9ation de Lee Jofa remonte au tout d\u00e9but du 19\u00e8me si\u00e8cle lorsqu&#8217;en partenariat avec Johnson and Faulkner (devenu ensuite Jofa) elle importait d&#8217;\u00e9l\u00e9gants tissus de d\u00e9coration aux \u00c9tats-Unis. Ces prestigieux imprim\u00e9s sont pr\u00e9cieusement conserv\u00e9s au sein de la soci\u00e9t\u00e9. L&#8217;entreprise a \u00e9t\u00e9 rachet\u00e9e en 1965 par Arthur H Lee &amp; Sons, aux techniques de tissage innovantes, cr\u00e9ant ainsi une synergie propice \u00e0 la fabrication d&#8217;\u00e9toffes de renomm\u00e9e internationale.<\/div>\r\n\r\n<style>\r\nimg:is([sizes=\"auto\" i], [sizes^=\"auto,\" i]) { contain-intrinsic-size: 276px 176px; }\r\n<\/style>\r\n","protected":false},"excerpt":{"rendered":"Deux si\u00e8cles et demi d&#8217;expertise dans le domaine du textile ont fa\u00e7onn\u00e9 cette marque exclusive. La cr\u00e9ation de Lee Jofa remonte au tout d\u00e9but du 19\u00e8me si\u00e8cle lorsqu&#8217;en partenariat avec Johnson and Faulkner (devenu ensuite Jofa) elle importait d&#8217;\u00e9l\u00e9gants tissus de d\u00e9coration aux \u00c9tats-Unis. Ces prestigieux imprim\u00e9s sont pr\u00e9cieusement conserv\u00e9s au sein de la soci\u00e9t\u00e9&#8230;. <a class=\"view-article\" href=\"https:\/\/www.gpjbaker.com\/fr\/marques\/lee-jofa\/\">Voir l&#8217;article<\/a>","protected":false},"author":1,"featured_media":10909,"parent":4653,"menu_order":7,"comment_status":"closed","ping_status":"closed","template":"template-brands.php","meta":{"footnotes":""},"class_list":["post-5287","page","type-page","status-publish","has-post-thumbnail","hentry","page_language-fr"],"yoast_head":"<!-- This site is optimized with the Yoast SEO plugin v26.8 - https:\/\/yoast.com\/product\/yoast-seo-wordpress\/ -->\n<title>Lee Jofa - G P &amp; J Baker<\/title>\n<meta name=\"robots\" content=\"index, follow, max-snippet:-1, max-image-preview:large, max-video-preview:-1\" \/>\n<link rel=\"canonical\" href=\"https:\/\/www.gpjbaker.com\/fr\/marques\/lee-jofa\/\" \/>\n<meta property=\"og:locale\" content=\"fr_FR\" \/>\n<meta property=\"og:type\" content=\"article\" \/>\n<meta property=\"og:title\" content=\"Lee Jofa - G P &amp; J Baker\" \/>\n<meta property=\"og:description\" content=\"Deux si\u00e8cles et demi d&#8217;expertise dans le domaine du textile ont fa\u00e7onn\u00e9 cette marque exclusive. La cr\u00e9ation de Lee Jofa remonte au tout d\u00e9but du 19\u00e8me si\u00e8cle lorsqu&#8217;en partenariat avec Johnson and Faulkner (devenu ensuite Jofa) elle importait d&#8217;\u00e9l\u00e9gants tissus de d\u00e9coration aux \u00c9tats-Unis. Ces prestigieux imprim\u00e9s sont pr\u00e9cieusement conserv\u00e9s au sein de la soci\u00e9t\u00e9.... Voir l&#039;article\" \/>\n<meta property=\"og:url\" content=\"https:\/\/www.gpjbaker.com\/fr\/marques\/lee-jofa\/\" \/>\n<meta property=\"og:site_name\" content=\"G P &amp; J Baker\" \/>\n<meta property=\"article:modified_time\" content=\"2025-09-16T16:00:34+00:00\" \/>\n<meta property=\"og:image\" content=\"https:\/\/www.gpjbaker.com\/wp-content\/uploads\/2015\/07\/lee_jofa_brand_thumb.jpg\" \/>\n\t<meta property=\"og:image:width\" content=\"400\" \/>\n\t<meta property=\"og:image:height\" content=\"255\" \/>\n\t<meta property=\"og:image:type\" content=\"image\/jpeg\" \/>\n<meta name=\"twitter:card\" content=\"summary_large_image\" \/>\n<meta name=\"twitter:label1\" content=\"Est. reading time\" \/>\n\t<meta name=\"twitter:data1\" content=\"1 minute\" \/>\n<script type=\"application\/ld+json\" class=\"yoast-schema-graph\">{\"@context\":\"https:\/\/schema.org\",\"@graph\":[{\"@type\":\"WebPage\",\"@id\":\"https:\/\/www.gpjbaker.com\/fr\/marques\/lee-jofa\/\",\"url\":\"https:\/\/www.gpjbaker.com\/fr\/marques\/lee-jofa\/\",\"name\":\"Lee Jofa - G P &amp; J Baker\",\"isPartOf\":{\"@id\":\"https:\/\/www.gpjbaker.com\/#website\"},\"primaryImageOfPage\":{\"@id\":\"https:\/\/www.gpjbaker.com\/fr\/marques\/lee-jofa\/#primaryimage\"},\"image\":{\"@id\":\"https:\/\/www.gpjbaker.com\/fr\/marques\/lee-jofa\/#primaryimage\"},\"thumbnailUrl\":\"https:\/\/www.gpjbaker.com\/wp-content\/uploads\/2015\/07\/lee_jofa_brand_thumb.jpg\",\"datePublished\":\"2016-03-07T16:40:22+00:00\",\"dateModified\":\"2025-09-16T16:00:34+00:00\",\"breadcrumb\":{\"@id\":\"https:\/\/www.gpjbaker.com\/fr\/marques\/lee-jofa\/#breadcrumb\"},\"inLanguage\":\"fr-FR\",\"potentialAction\":[{\"@type\":\"ReadAction\",\"target\":[\"https:\/\/www.gpjbaker.com\/fr\/marques\/lee-jofa\/\"]}]},{\"@type\":\"ImageObject\",\"inLanguage\":\"fr-FR\",\"@id\":\"https:\/\/www.gpjbaker.com\/fr\/marques\/lee-jofa\/#primaryimage\",\"url\":\"https:\/\/www.gpjbaker.com\/wp-content\/uploads\/2015\/07\/lee_jofa_brand_thumb.jpg\",\"contentUrl\":\"https:\/\/www.gpjbaker.com\/wp-content\/uploads\/2015\/07\/lee_jofa_brand_thumb.jpg\",\"width\":400,\"height\":255,\"caption\":\"Building on the outstanding success of the first, this second collection exhibits the couture detailing and fine tailoring that is the Oscar de la Renta signature.\"},{\"@type\":\"BreadcrumbList\",\"@id\":\"https:\/\/www.gpjbaker.com\/fr\/marques\/lee-jofa\/#breadcrumb\",\"itemListElement\":[{\"@type\":\"ListItem\",\"position\":1,\"name\":\"Home\",\"item\":\"https:\/\/www.gpjbaker.com\/fr\/\"},{\"@type\":\"ListItem\",\"position\":2,\"name\":\"Marques\",\"item\":\"https:\/\/www.gpjbaker.com\/fr\/marques\/\"},{\"@type\":\"ListItem\",\"position\":3,\"name\":\"Lee Jofa\"}]},{\"@type\":\"WebSite\",\"@id\":\"https:\/\/www.gpjbaker.com\/#website\",\"url\":\"https:\/\/www.gpjbaker.com\/\",\"name\":\"G P &amp; J Baker\",\"description\":\"\",\"potentialAction\":[{\"@type\":\"SearchAction\",\"target\":{\"@type\":\"EntryPoint\",\"urlTemplate\":\"https:\/\/www.gpjbaker.com\/?s={search_term_string}\"},\"query-input\":{\"@type\":\"PropertyValueSpecification\",\"valueRequired\":true,\"valueName\":\"search_term_string\"}}],\"inLanguage\":\"fr-FR\"}]}<\/script>\n<!-- \/ Yoast SEO plugin. -->","yoast_head_json":{"title":"Lee Jofa - G P &amp; J Baker","robots":{"index":"index","follow":"follow","max-snippet":"max-snippet:-1","max-image-preview":"max-image-preview:large","max-video-preview":"max-video-preview:-1"},"canonical":"https:\/\/www.gpjbaker.com\/fr\/marques\/lee-jofa\/","og_locale":"fr_FR","og_type":"article","og_title":"Lee Jofa - G P &amp; J Baker","og_description":"Deux si\u00e8cles et demi d&#8217;expertise dans le domaine du textile ont fa\u00e7onn\u00e9 cette marque exclusive. La cr\u00e9ation de Lee Jofa remonte au tout d\u00e9but du 19\u00e8me si\u00e8cle lorsqu&#8217;en partenariat avec Johnson and Faulkner (devenu ensuite Jofa) elle importait d&#8217;\u00e9l\u00e9gants tissus de d\u00e9coration aux \u00c9tats-Unis. Ces prestigieux imprim\u00e9s sont pr\u00e9cieusement conserv\u00e9s au sein de la soci\u00e9t\u00e9.... Voir l'article","og_url":"https:\/\/www.gpjbaker.com\/fr\/marques\/lee-jofa\/","og_site_name":"G P &amp; J Baker","article_modified_time":"2025-09-16T16:00:34+00:00","og_image":[{"width":400,"height":255,"url":"https:\/\/www.gpjbaker.com\/wp-content\/uploads\/2015\/07\/lee_jofa_brand_thumb.jpg","type":"image\/jpeg"}],"twitter_card":"summary_large_image","twitter_misc":{"Est. reading time":"1 minute"},"schema":{"@context":"https:\/\/schema.org","@graph":[{"@type":"WebPage","@id":"https:\/\/www.gpjbaker.com\/fr\/marques\/lee-jofa\/","url":"https:\/\/www.gpjbaker.com\/fr\/marques\/lee-jofa\/","name":"Lee Jofa - G P &amp; J Baker","isPartOf":{"@id":"https:\/\/www.gpjbaker.com\/#website"},"primaryImageOfPage":{"@id":"https:\/\/www.gpjbaker.com\/fr\/marques\/lee-jofa\/#primaryimage"},"image":{"@id":"https:\/\/www.gpjbaker.com\/fr\/marques\/lee-jofa\/#primaryimage"},"thumbnailUrl":"https:\/\/www.gpjbaker.com\/wp-content\/uploads\/2015\/07\/lee_jofa_brand_thumb.jpg","datePublished":"2016-03-07T16:40:22+00:00","dateModified":"2025-09-16T16:00:34+00:00","breadcrumb":{"@id":"https:\/\/www.gpjbaker.com\/fr\/marques\/lee-jofa\/#breadcrumb"},"inLanguage":"fr-FR","potentialAction":[{"@type":"ReadAction","target":["https:\/\/www.gpjbaker.com\/fr\/marques\/lee-jofa\/"]}]},{"@type":"ImageObject","inLanguage":"fr-FR","@id":"https:\/\/www.gpjbaker.com\/fr\/marques\/lee-jofa\/#primaryimage","url":"https:\/\/www.gpjbaker.com\/wp-content\/uploads\/2015\/07\/lee_jofa_brand_thumb.jpg","contentUrl":"https:\/\/www.gpjbaker.com\/wp-content\/uploads\/2015\/07\/lee_jofa_brand_thumb.jpg","width":400,"height":255,"caption":"Building on the outstanding success of the first, this second collection exhibits the couture detailing and fine tailoring that is the Oscar de la Renta signature."},{"@type":"BreadcrumbList","@id":"https:\/\/www.gpjbaker.com\/fr\/marques\/lee-jofa\/#breadcrumb","itemListElement":[{"@type":"ListItem","position":1,"name":"Home","item":"https:\/\/www.gpjbaker.com\/fr\/"},{"@type":"ListItem","position":2,"name":"Marques","item":"https:\/\/www.gpjbaker.com\/fr\/marques\/"},{"@type":"ListItem","position":3,"name":"Lee Jofa"}]},{"@type":"WebSite","@id":"https:\/\/www.gpjbaker.com\/#website","url":"https:\/\/www.gpjbaker.com\/","name":"G P &amp; J Baker","description":"","potentialAction":[{"@type":"SearchAction","target":{"@type":"EntryPoint","urlTemplate":"https:\/\/www.gpjbaker.com\/?s={search_term_string}"},"query-input":{"@type":"PropertyValueSpecification","valueRequired":true,"valueName":"search_term_string"}}],"inLanguage":"fr-FR"}]}},"_links":{"self":[{"href":"https:\/\/www.gpjbaker.com\/fr\/wp-json\/wp\/v2\/pages\/5287","targetHints":{"allow":["GET"]}}],"collection":[{"href":"https:\/\/www.gpjbaker.com\/fr\/wp-json\/wp\/v2\/pages"}],"about":[{"href":"https:\/\/www.gpjbaker.com\/fr\/wp-json\/wp\/v2\/types\/page"}],"author":[{"embeddable":true,"href":"https:\/\/www.gpjbaker.com\/fr\/wp-json\/wp\/v2\/users\/1"}],"replies":[{"embeddable":true,"href":"https:\/\/www.gpjbaker.com\/fr\/wp-json\/wp\/v2\/comments?post=5287"}],"version-history":[{"count":6,"href":"https:\/\/www.gpjbaker.com\/fr\/wp-json\/wp\/v2\/pages\/5287\/revisions"}],"predecessor-version":[{"id":12609,"href":"https:\/\/www.gpjbaker.com\/fr\/wp-json\/wp\/v2\/pages\/5287\/revisions\/12609"}],"up":[{"embeddable":true,"href":"https:\/\/www.gpjbaker.com\/fr\/wp-json\/wp\/v2\/pages\/4653"}],"wp:featuredmedia":[{"embeddable":true,"href":"https:\/\/www.gpjbaker.com\/fr\/wp-json\/wp\/v2\/media\/10909"}],"wp:attachment":[{"href":"https:\/\/www.gpjbaker.com\/fr\/wp-json\/wp\/v2\/media?parent=5287"}],"curies":[{"name":"wp","href":"https:\/\/api.w.org\/{rel}","templated":true}]}}