{"id":5285,"date":"2016-03-07T16:47:28","date_gmt":"2016-03-07T21:47:28","guid":{"rendered":"http:\/\/gpjbaker.com\/fr\/?page_id=5285"},"modified":"2025-09-09T11:31:57","modified_gmt":"2025-09-09T16:31:57","slug":"country-weekend","status":"publish","type":"page","link":"https:\/\/www.gpjbaker.com\/fr\/marques\/mulberry-home\/country-weekend\/","title":{"rendered":"Country Weekend"},"content":{"rendered":"<div class=\"wpb-content-wrapper\">[vc_row full_width=&#8221;1&#8243;][vc_column][vc_column_text]Cette collection exceptionnelle d&#8217;imprim\u00e9s uniques et plein de fantaisie, d&#8217;exceptionnelles broderies finies \u00e0 la main et de superbes et douces \u00e9toffes r\u00e9sument l&#8217;h\u00e9ritage anglais exceptionnel de Mulberry Home. Les trois grands classiques de Mulberry, \u201cFloral Bouquet\u201d,\u00a0\u201cFloral Rococo\u201d et\u201cAncient Tartan\u201d soulignent la pertinence de ces tissus exceptionnels dans des int\u00e9rieurs contemporains. On peut aussi assortir ces superbes imprim\u00e9s et broderies \u00e0 de magnifiques \u00e9toffes en lin disponibles dans toute une gamme de coloris.[\/vc_column_text][vc_raw_js]JTNDc2NyaXB0JTIwdHlwZSUzRCUyMnRleHQlMkZqYXZhc2NyaXB0JTIyJTNFJTIwJTBBJTBBdmFyJTIwc2VhcmNoVVJMJTIwJTNEJTIwJTIyc29ydCUzRERBVEUlMjZ1c2UlM0RNdWx0aXB1cnBvc2UlMkNVcGhvbHN0ZXJ5JTJDQ3VydGFpbnMlMjZjb2xsZWN0aW9uJTNEQ291bnRyeSUyMFdlZWtlbmQlMjIlM0IlMEElMEElM0MlMkZzY3JpcHQlM0U=[\/vc_raw_js][\/vc_column][\/vc_row]<\/div>","protected":false},"excerpt":{"rendered":"[vc_row full_width=&#8221;1&#8243;][vc_column][vc_column_text]Cette collection exceptionnelle d&#8217;imprim\u00e9s uniques et plein de fantaisie, d&#8217;exceptionnelles broderies finies \u00e0 la main et de superbes et douces \u00e9toffes r\u00e9sument l&#8217;h\u00e9ritage anglais exceptionnel de Mulberry Home. Les trois grands classiques de Mulberry, \u201cFloral Bouquet\u201d,\u00a0\u201cFloral Rococo\u201d et\u201cAncient Tartan\u201d soulignent la pertinence de ces tissus exceptionnels dans des int\u00e9rieurs contemporains. On peut aussi assortir&#8230; <a class=\"view-article\" href=\"https:\/\/www.gpjbaker.com\/fr\/marques\/mulberry-home\/country-weekend\/\">Voir l&#8217;article<\/a>","protected":false},"author":1,"featured_media":4945,"parent":5294,"menu_order":6,"comment_status":"closed","ping_status":"closed","template":"template-collections.php","meta":{"footnotes":""},"class_list":["post-5285","page","type-page","status-publish","has-post-thumbnail","hentry","page_language-fr"],"yoast_head":"<!-- This site is optimized with the Yoast SEO plugin v26.8 - https:\/\/yoast.com\/product\/yoast-seo-wordpress\/ -->\n<title>Country Weekend - G P &amp; J Baker<\/title>\n<meta name=\"robots\" content=\"index, follow, max-snippet:-1, max-image-preview:large, max-video-preview:-1\" \/>\n<link rel=\"canonical\" href=\"https:\/\/www.gpjbaker.com\/fr\/marques\/mulberry-home\/country-weekend\/\" \/>\n<meta property=\"og:locale\" content=\"fr_FR\" \/>\n<meta property=\"og:type\" content=\"article\" \/>\n<meta property=\"og:title\" content=\"Country Weekend - G P &amp; J Baker\" \/>\n<meta property=\"og:description\" content=\"[vc_row full_width=&#8221;1&#8243;][vc_column][vc_column_text]Cette collection exceptionnelle d&#8217;imprim\u00e9s uniques et plein de fantaisie, d&#8217;exceptionnelles broderies finies \u00e0 la main et de superbes et douces \u00e9toffes r\u00e9sument l&#8217;h\u00e9ritage anglais exceptionnel de Mulberry Home. Les trois grands classiques de Mulberry, \u201cFloral Bouquet\u201d,\u00a0\u201cFloral Rococo\u201d et\u201cAncient Tartan\u201d soulignent la pertinence de ces tissus exceptionnels dans des int\u00e9rieurs contemporains. On peut aussi assortir... Voir l&#039;article\" \/>\n<meta property=\"og:url\" content=\"https:\/\/www.gpjbaker.com\/fr\/marques\/mulberry-home\/country-weekend\/\" \/>\n<meta property=\"og:site_name\" content=\"G P &amp; J Baker\" \/>\n<meta property=\"article:modified_time\" content=\"2025-09-09T16:31:57+00:00\" \/>\n<meta property=\"og:image\" content=\"https:\/\/www.gpjbaker.com\/wp-content\/uploads\/2015\/07\/col-country-weekend-1-e1478897013934.jpg\" \/>\n\t<meta property=\"og:image:width\" content=\"400\" \/>\n\t<meta property=\"og:image:height\" content=\"256\" \/>\n\t<meta property=\"og:image:type\" content=\"image\/jpeg\" \/>\n<meta name=\"twitter:card\" content=\"summary_large_image\" \/>\n<meta name=\"twitter:label1\" content=\"Est. reading time\" \/>\n\t<meta name=\"twitter:data1\" content=\"1 minute\" \/>\n<script type=\"application\/ld+json\" class=\"yoast-schema-graph\">{\"@context\":\"https:\/\/schema.org\",\"@graph\":[{\"@type\":\"WebPage\",\"@id\":\"https:\/\/www.gpjbaker.com\/fr\/marques\/mulberry-home\/country-weekend\/\",\"url\":\"https:\/\/www.gpjbaker.com\/fr\/marques\/mulberry-home\/country-weekend\/\",\"name\":\"Country Weekend - G P &amp; J Baker\",\"isPartOf\":{\"@id\":\"https:\/\/www.gpjbaker.com\/#website\"},\"primaryImageOfPage\":{\"@id\":\"https:\/\/www.gpjbaker.com\/fr\/marques\/mulberry-home\/country-weekend\/#primaryimage\"},\"image\":{\"@id\":\"https:\/\/www.gpjbaker.com\/fr\/marques\/mulberry-home\/country-weekend\/#primaryimage\"},\"thumbnailUrl\":\"https:\/\/www.gpjbaker.com\/wp-content\/uploads\/2015\/07\/col-country-weekend-1-e1478897013934.jpg\",\"datePublished\":\"2016-03-07T21:47:28+00:00\",\"dateModified\":\"2025-09-09T16:31:57+00:00\",\"breadcrumb\":{\"@id\":\"https:\/\/www.gpjbaker.com\/fr\/marques\/mulberry-home\/country-weekend\/#breadcrumb\"},\"inLanguage\":\"fr-FR\",\"potentialAction\":[{\"@type\":\"ReadAction\",\"target\":[\"https:\/\/www.gpjbaker.com\/fr\/marques\/mulberry-home\/country-weekend\/\"]}]},{\"@type\":\"ImageObject\",\"inLanguage\":\"fr-FR\",\"@id\":\"https:\/\/www.gpjbaker.com\/fr\/marques\/mulberry-home\/country-weekend\/#primaryimage\",\"url\":\"https:\/\/www.gpjbaker.com\/wp-content\/uploads\/2015\/07\/col-country-weekend-1-e1478897013934.jpg\",\"contentUrl\":\"https:\/\/www.gpjbaker.com\/wp-content\/uploads\/2015\/07\/col-country-weekend-1-e1478897013934.jpg\",\"width\":400,\"height\":256,\"caption\":\"De superbes velours, doux au toucher, aux tons et motifs revisit\u00e9s pour une touche de modernit\u00e9\"},{\"@type\":\"BreadcrumbList\",\"@id\":\"https:\/\/www.gpjbaker.com\/fr\/marques\/mulberry-home\/country-weekend\/#breadcrumb\",\"itemListElement\":[{\"@type\":\"ListItem\",\"position\":1,\"name\":\"Home\",\"item\":\"https:\/\/www.gpjbaker.com\/fr\/\"},{\"@type\":\"ListItem\",\"position\":2,\"name\":\"Marques\",\"item\":\"https:\/\/www.gpjbaker.com\/fr\/marques\/\"},{\"@type\":\"ListItem\",\"position\":3,\"name\":\"Mulberry Home\",\"item\":\"https:\/\/www.gpjbaker.com\/fr\/marques\/mulberry-home\/\"},{\"@type\":\"ListItem\",\"position\":4,\"name\":\"Country Weekend\"}]},{\"@type\":\"WebSite\",\"@id\":\"https:\/\/www.gpjbaker.com\/#website\",\"url\":\"https:\/\/www.gpjbaker.com\/\",\"name\":\"G P &amp; J Baker\",\"description\":\"\",\"potentialAction\":[{\"@type\":\"SearchAction\",\"target\":{\"@type\":\"EntryPoint\",\"urlTemplate\":\"https:\/\/www.gpjbaker.com\/?s={search_term_string}\"},\"query-input\":{\"@type\":\"PropertyValueSpecification\",\"valueRequired\":true,\"valueName\":\"search_term_string\"}}],\"inLanguage\":\"fr-FR\"}]}<\/script>\n<!-- \/ Yoast SEO plugin. -->","yoast_head_json":{"title":"Country Weekend - G P &amp; J Baker","robots":{"index":"index","follow":"follow","max-snippet":"max-snippet:-1","max-image-preview":"max-image-preview:large","max-video-preview":"max-video-preview:-1"},"canonical":"https:\/\/www.gpjbaker.com\/fr\/marques\/mulberry-home\/country-weekend\/","og_locale":"fr_FR","og_type":"article","og_title":"Country Weekend - G P &amp; J Baker","og_description":"[vc_row full_width=&#8221;1&#8243;][vc_column][vc_column_text]Cette collection exceptionnelle d&#8217;imprim\u00e9s uniques et plein de fantaisie, d&#8217;exceptionnelles broderies finies \u00e0 la main et de superbes et douces \u00e9toffes r\u00e9sument l&#8217;h\u00e9ritage anglais exceptionnel de Mulberry Home. Les trois grands classiques de Mulberry, \u201cFloral Bouquet\u201d,\u00a0\u201cFloral Rococo\u201d et\u201cAncient Tartan\u201d soulignent la pertinence de ces tissus exceptionnels dans des int\u00e9rieurs contemporains. On peut aussi assortir... Voir l'article","og_url":"https:\/\/www.gpjbaker.com\/fr\/marques\/mulberry-home\/country-weekend\/","og_site_name":"G P &amp; J Baker","article_modified_time":"2025-09-09T16:31:57+00:00","og_image":[{"width":400,"height":256,"url":"https:\/\/www.gpjbaker.com\/wp-content\/uploads\/2015\/07\/col-country-weekend-1-e1478897013934.jpg","type":"image\/jpeg"}],"twitter_card":"summary_large_image","twitter_misc":{"Est. reading time":"1 minute"},"schema":{"@context":"https:\/\/schema.org","@graph":[{"@type":"WebPage","@id":"https:\/\/www.gpjbaker.com\/fr\/marques\/mulberry-home\/country-weekend\/","url":"https:\/\/www.gpjbaker.com\/fr\/marques\/mulberry-home\/country-weekend\/","name":"Country Weekend - G P &amp; J Baker","isPartOf":{"@id":"https:\/\/www.gpjbaker.com\/#website"},"primaryImageOfPage":{"@id":"https:\/\/www.gpjbaker.com\/fr\/marques\/mulberry-home\/country-weekend\/#primaryimage"},"image":{"@id":"https:\/\/www.gpjbaker.com\/fr\/marques\/mulberry-home\/country-weekend\/#primaryimage"},"thumbnailUrl":"https:\/\/www.gpjbaker.com\/wp-content\/uploads\/2015\/07\/col-country-weekend-1-e1478897013934.jpg","datePublished":"2016-03-07T21:47:28+00:00","dateModified":"2025-09-09T16:31:57+00:00","breadcrumb":{"@id":"https:\/\/www.gpjbaker.com\/fr\/marques\/mulberry-home\/country-weekend\/#breadcrumb"},"inLanguage":"fr-FR","potentialAction":[{"@type":"ReadAction","target":["https:\/\/www.gpjbaker.com\/fr\/marques\/mulberry-home\/country-weekend\/"]}]},{"@type":"ImageObject","inLanguage":"fr-FR","@id":"https:\/\/www.gpjbaker.com\/fr\/marques\/mulberry-home\/country-weekend\/#primaryimage","url":"https:\/\/www.gpjbaker.com\/wp-content\/uploads\/2015\/07\/col-country-weekend-1-e1478897013934.jpg","contentUrl":"https:\/\/www.gpjbaker.com\/wp-content\/uploads\/2015\/07\/col-country-weekend-1-e1478897013934.jpg","width":400,"height":256,"caption":"De superbes velours, doux au toucher, aux tons et motifs revisit\u00e9s pour une touche de modernit\u00e9"},{"@type":"BreadcrumbList","@id":"https:\/\/www.gpjbaker.com\/fr\/marques\/mulberry-home\/country-weekend\/#breadcrumb","itemListElement":[{"@type":"ListItem","position":1,"name":"Home","item":"https:\/\/www.gpjbaker.com\/fr\/"},{"@type":"ListItem","position":2,"name":"Marques","item":"https:\/\/www.gpjbaker.com\/fr\/marques\/"},{"@type":"ListItem","position":3,"name":"Mulberry Home","item":"https:\/\/www.gpjbaker.com\/fr\/marques\/mulberry-home\/"},{"@type":"ListItem","position":4,"name":"Country Weekend"}]},{"@type":"WebSite","@id":"https:\/\/www.gpjbaker.com\/#website","url":"https:\/\/www.gpjbaker.com\/","name":"G P &amp; J Baker","description":"","potentialAction":[{"@type":"SearchAction","target":{"@type":"EntryPoint","urlTemplate":"https:\/\/www.gpjbaker.com\/?s={search_term_string}"},"query-input":{"@type":"PropertyValueSpecification","valueRequired":true,"valueName":"search_term_string"}}],"inLanguage":"fr-FR"}]}},"_links":{"self":[{"href":"https:\/\/www.gpjbaker.com\/fr\/wp-json\/wp\/v2\/pages\/5285","targetHints":{"allow":["GET"]}}],"collection":[{"href":"https:\/\/www.gpjbaker.com\/fr\/wp-json\/wp\/v2\/pages"}],"about":[{"href":"https:\/\/www.gpjbaker.com\/fr\/wp-json\/wp\/v2\/types\/page"}],"author":[{"embeddable":true,"href":"https:\/\/www.gpjbaker.com\/fr\/wp-json\/wp\/v2\/users\/1"}],"replies":[{"embeddable":true,"href":"https:\/\/www.gpjbaker.com\/fr\/wp-json\/wp\/v2\/comments?post=5285"}],"version-history":[{"count":1,"href":"https:\/\/www.gpjbaker.com\/fr\/wp-json\/wp\/v2\/pages\/5285\/revisions"}],"predecessor-version":[{"id":6174,"href":"https:\/\/www.gpjbaker.com\/fr\/wp-json\/wp\/v2\/pages\/5285\/revisions\/6174"}],"up":[{"embeddable":true,"href":"https:\/\/www.gpjbaker.com\/fr\/wp-json\/wp\/v2\/pages\/5294"}],"wp:featuredmedia":[{"embeddable":true,"href":"https:\/\/www.gpjbaker.com\/fr\/wp-json\/wp\/v2\/media\/4945"}],"wp:attachment":[{"href":"https:\/\/www.gpjbaker.com\/fr\/wp-json\/wp\/v2\/media?parent=5285"}],"curies":[{"name":"wp","href":"https:\/\/api.w.org\/{rel}","templated":true}]}}