{"id":5274,"date":"2016-03-07T10:54:25","date_gmt":"2016-03-07T15:54:25","guid":{"rendered":"http:\/\/gpjbaker.com\/fr\/?page_id=5274"},"modified":"2025-09-11T13:17:13","modified_gmt":"2025-09-11T18:17:13","slug":"david-hicks-by-ashley-hicks","status":"publish","type":"page","link":"https:\/\/www.gpjbaker.com\/fr\/marques\/gp-j-baker\/david-hicks-by-ashley-hicks\/","title":{"rendered":"David Hicks by Ashley Hicks"},"content":{"rendered":"<div class=\"wpb-content-wrapper\">[vc_row full_width=&#8221;1&#8243;][vc_column][vc_column_text]R\u00e9put\u00e9 pour son usage audacieux de la couleur, son \u00e9clectisme et ses motifs g\u00e9om\u00e9triques, David Hicks est reconnu comme l&#8217;un des designers britanniques les plus talentueux et novateurs de la fin du 20\u00e8me si\u00e8cle. Les magnifiques collections de tissus et de papiers peints de David Hicks ont \u00e9t\u00e9 cr\u00e9\u00e9es par GP &amp; J Baker en collaboration avec son fils, Ashley Hicks. Elles proposent des motifs g\u00e9om\u00e9triques dynamiques tr\u00e8s personnels, du lin imprim\u00e9 floral et aussi de luxueux velours aux larges broderies sym\u00e9triques.[\/vc_column_text][vc_raw_js]JTNDc2NyaXB0JTIwdHlwZSUzRCUyMnRleHQlMkZqYXZhc2NyaXB0JTIyJTNFJTIwJTBBJTBBdmFyJTIwc2VhcmNoVVJMJTIwJTNEJTIwJTIyc29ydCUzRERBVEUlMjZ1c2UlM0RNdWx0aXB1cnBvc2UlMkNVcGhvbHN0ZXJ5JTJDQ3VydGFpbnMlMjZjb2xsZWN0aW9uJTNERGF2aWQlMjBIaWNrcyUyMEJ5JTIwQXNobGV5JTIwSGlja3MlMkNEYXZpZCUyMEhpY2tzJTIwMiUyMEJ5JTIwQXNobGV5JTIwSGlja3MlMkNEYXZpZCUyMEhpY2tzJTIwMyUyMEJ5JTIwQXNobGV5JTIwSGlja3MlMkNEYXZpZCUyMEhpY2tzJTIwQ29sbGVjdGlvbiUyMiUzQiUwQSUwQSUzQyUyRnNjcmlwdCUzRQ==[\/vc_raw_js][\/vc_column][\/vc_row]<\/div>","protected":false},"excerpt":{"rendered":"[vc_row full_width=&#8221;1&#8243;][vc_column][vc_column_text]R\u00e9put\u00e9 pour son usage audacieux de la couleur, son \u00e9clectisme et ses motifs g\u00e9om\u00e9triques, David Hicks est reconnu comme l&#8217;un des designers britanniques les plus talentueux et novateurs de la fin du 20\u00e8me si\u00e8cle. Les magnifiques collections de tissus et de papiers peints de David Hicks ont \u00e9t\u00e9 cr\u00e9\u00e9es par GP &amp; J Baker&#8230; <a class=\"view-article\" href=\"https:\/\/www.gpjbaker.com\/fr\/marques\/gp-j-baker\/david-hicks-by-ashley-hicks\/\">Voir l&#8217;article<\/a>","protected":false},"author":1,"featured_media":4931,"parent":4605,"menu_order":6,"comment_status":"closed","ping_status":"closed","template":"template-collections.php","meta":{"footnotes":""},"class_list":["post-5274","page","type-page","status-publish","has-post-thumbnail","hentry","page_language-fr"],"yoast_head":"<!-- This site is optimized with the Yoast SEO plugin v26.8 - https:\/\/yoast.com\/product\/yoast-seo-wordpress\/ -->\n<title>David Hicks by Ashley Hicks - G P &amp; J Baker<\/title>\n<meta name=\"robots\" content=\"index, follow, max-snippet:-1, max-image-preview:large, max-video-preview:-1\" \/>\n<link rel=\"canonical\" href=\"https:\/\/www.gpjbaker.com\/fr\/marques\/gp-j-baker\/david-hicks-by-ashley-hicks\/\" \/>\n<meta property=\"og:locale\" content=\"fr_FR\" \/>\n<meta property=\"og:type\" content=\"article\" \/>\n<meta property=\"og:title\" content=\"David Hicks by Ashley Hicks - G P &amp; J Baker\" \/>\n<meta property=\"og:description\" content=\"[vc_row full_width=&#8221;1&#8243;][vc_column][vc_column_text]R\u00e9put\u00e9 pour son usage audacieux de la couleur, son \u00e9clectisme et ses motifs g\u00e9om\u00e9triques, David Hicks est reconnu comme l&#8217;un des designers britanniques les plus talentueux et novateurs de la fin du 20\u00e8me si\u00e8cle. Les magnifiques collections de tissus et de papiers peints de David Hicks ont \u00e9t\u00e9 cr\u00e9\u00e9es par GP &amp; J Baker... Voir l&#039;article\" \/>\n<meta property=\"og:url\" content=\"https:\/\/www.gpjbaker.com\/fr\/marques\/gp-j-baker\/david-hicks-by-ashley-hicks\/\" \/>\n<meta property=\"og:site_name\" content=\"G P &amp; J Baker\" \/>\n<meta property=\"article:modified_time\" content=\"2025-09-11T18:17:13+00:00\" \/>\n<meta property=\"og:image\" content=\"https:\/\/www.gpjbaker.com\/wp-content\/uploads\/2015\/09\/col-david-hicks-1.jpg\" \/>\n\t<meta property=\"og:image:width\" content=\"400\" \/>\n\t<meta property=\"og:image:height\" content=\"255\" \/>\n\t<meta property=\"og:image:type\" content=\"image\/jpeg\" \/>\n<meta name=\"twitter:card\" content=\"summary_large_image\" \/>\n<meta name=\"twitter:label1\" content=\"Est. reading time\" \/>\n\t<meta name=\"twitter:data1\" content=\"1 minute\" \/>\n<script type=\"application\/ld+json\" class=\"yoast-schema-graph\">{\"@context\":\"https:\/\/schema.org\",\"@graph\":[{\"@type\":\"WebPage\",\"@id\":\"https:\/\/www.gpjbaker.com\/fr\/marques\/gp-j-baker\/david-hicks-by-ashley-hicks\/\",\"url\":\"https:\/\/www.gpjbaker.com\/fr\/marques\/gp-j-baker\/david-hicks-by-ashley-hicks\/\",\"name\":\"David Hicks by Ashley Hicks - G P &amp; J Baker\",\"isPartOf\":{\"@id\":\"https:\/\/www.gpjbaker.com\/#website\"},\"primaryImageOfPage\":{\"@id\":\"https:\/\/www.gpjbaker.com\/fr\/marques\/gp-j-baker\/david-hicks-by-ashley-hicks\/#primaryimage\"},\"image\":{\"@id\":\"https:\/\/www.gpjbaker.com\/fr\/marques\/gp-j-baker\/david-hicks-by-ashley-hicks\/#primaryimage\"},\"thumbnailUrl\":\"https:\/\/www.gpjbaker.com\/wp-content\/uploads\/2015\/09\/col-david-hicks-1.jpg\",\"datePublished\":\"2016-03-07T15:54:25+00:00\",\"dateModified\":\"2025-09-11T18:17:13+00:00\",\"breadcrumb\":{\"@id\":\"https:\/\/www.gpjbaker.com\/fr\/marques\/gp-j-baker\/david-hicks-by-ashley-hicks\/#breadcrumb\"},\"inLanguage\":\"fr-FR\",\"potentialAction\":[{\"@type\":\"ReadAction\",\"target\":[\"https:\/\/www.gpjbaker.com\/fr\/marques\/gp-j-baker\/david-hicks-by-ashley-hicks\/\"]}]},{\"@type\":\"ImageObject\",\"inLanguage\":\"fr-FR\",\"@id\":\"https:\/\/www.gpjbaker.com\/fr\/marques\/gp-j-baker\/david-hicks-by-ashley-hicks\/#primaryimage\",\"url\":\"https:\/\/www.gpjbaker.com\/wp-content\/uploads\/2015\/09\/col-david-hicks-1.jpg\",\"contentUrl\":\"https:\/\/www.gpjbaker.com\/wp-content\/uploads\/2015\/09\/col-david-hicks-1.jpg\",\"width\":400,\"height\":255,\"caption\":\"Couleur, \u00e9clectisme, et motifs g\u00e9om\u00e9triques inspir\u00e9s des dessins d'archives de David Hicks par Ashley Hicks\"},{\"@type\":\"BreadcrumbList\",\"@id\":\"https:\/\/www.gpjbaker.com\/fr\/marques\/gp-j-baker\/david-hicks-by-ashley-hicks\/#breadcrumb\",\"itemListElement\":[{\"@type\":\"ListItem\",\"position\":1,\"name\":\"Home\",\"item\":\"https:\/\/www.gpjbaker.com\/fr\/\"},{\"@type\":\"ListItem\",\"position\":2,\"name\":\"Marques\",\"item\":\"https:\/\/www.gpjbaker.com\/fr\/marques\/\"},{\"@type\":\"ListItem\",\"position\":3,\"name\":\"GP &#038; J Baker\",\"item\":\"https:\/\/www.gpjbaker.com\/fr\/marques\/gp-j-baker\/\"},{\"@type\":\"ListItem\",\"position\":4,\"name\":\"David Hicks by Ashley Hicks\"}]},{\"@type\":\"WebSite\",\"@id\":\"https:\/\/www.gpjbaker.com\/#website\",\"url\":\"https:\/\/www.gpjbaker.com\/\",\"name\":\"G P &amp; J Baker\",\"description\":\"\",\"potentialAction\":[{\"@type\":\"SearchAction\",\"target\":{\"@type\":\"EntryPoint\",\"urlTemplate\":\"https:\/\/www.gpjbaker.com\/?s={search_term_string}\"},\"query-input\":{\"@type\":\"PropertyValueSpecification\",\"valueRequired\":true,\"valueName\":\"search_term_string\"}}],\"inLanguage\":\"fr-FR\"}]}<\/script>\n<!-- \/ Yoast SEO plugin. -->","yoast_head_json":{"title":"David Hicks by Ashley Hicks - G P &amp; J Baker","robots":{"index":"index","follow":"follow","max-snippet":"max-snippet:-1","max-image-preview":"max-image-preview:large","max-video-preview":"max-video-preview:-1"},"canonical":"https:\/\/www.gpjbaker.com\/fr\/marques\/gp-j-baker\/david-hicks-by-ashley-hicks\/","og_locale":"fr_FR","og_type":"article","og_title":"David Hicks by Ashley Hicks - G P &amp; J Baker","og_description":"[vc_row full_width=&#8221;1&#8243;][vc_column][vc_column_text]R\u00e9put\u00e9 pour son usage audacieux de la couleur, son \u00e9clectisme et ses motifs g\u00e9om\u00e9triques, David Hicks est reconnu comme l&#8217;un des designers britanniques les plus talentueux et novateurs de la fin du 20\u00e8me si\u00e8cle. Les magnifiques collections de tissus et de papiers peints de David Hicks ont \u00e9t\u00e9 cr\u00e9\u00e9es par GP &amp; J Baker... Voir l'article","og_url":"https:\/\/www.gpjbaker.com\/fr\/marques\/gp-j-baker\/david-hicks-by-ashley-hicks\/","og_site_name":"G P &amp; J Baker","article_modified_time":"2025-09-11T18:17:13+00:00","og_image":[{"width":400,"height":255,"url":"https:\/\/www.gpjbaker.com\/wp-content\/uploads\/2015\/09\/col-david-hicks-1.jpg","type":"image\/jpeg"}],"twitter_card":"summary_large_image","twitter_misc":{"Est. reading time":"1 minute"},"schema":{"@context":"https:\/\/schema.org","@graph":[{"@type":"WebPage","@id":"https:\/\/www.gpjbaker.com\/fr\/marques\/gp-j-baker\/david-hicks-by-ashley-hicks\/","url":"https:\/\/www.gpjbaker.com\/fr\/marques\/gp-j-baker\/david-hicks-by-ashley-hicks\/","name":"David Hicks by Ashley Hicks - G P &amp; J Baker","isPartOf":{"@id":"https:\/\/www.gpjbaker.com\/#website"},"primaryImageOfPage":{"@id":"https:\/\/www.gpjbaker.com\/fr\/marques\/gp-j-baker\/david-hicks-by-ashley-hicks\/#primaryimage"},"image":{"@id":"https:\/\/www.gpjbaker.com\/fr\/marques\/gp-j-baker\/david-hicks-by-ashley-hicks\/#primaryimage"},"thumbnailUrl":"https:\/\/www.gpjbaker.com\/wp-content\/uploads\/2015\/09\/col-david-hicks-1.jpg","datePublished":"2016-03-07T15:54:25+00:00","dateModified":"2025-09-11T18:17:13+00:00","breadcrumb":{"@id":"https:\/\/www.gpjbaker.com\/fr\/marques\/gp-j-baker\/david-hicks-by-ashley-hicks\/#breadcrumb"},"inLanguage":"fr-FR","potentialAction":[{"@type":"ReadAction","target":["https:\/\/www.gpjbaker.com\/fr\/marques\/gp-j-baker\/david-hicks-by-ashley-hicks\/"]}]},{"@type":"ImageObject","inLanguage":"fr-FR","@id":"https:\/\/www.gpjbaker.com\/fr\/marques\/gp-j-baker\/david-hicks-by-ashley-hicks\/#primaryimage","url":"https:\/\/www.gpjbaker.com\/wp-content\/uploads\/2015\/09\/col-david-hicks-1.jpg","contentUrl":"https:\/\/www.gpjbaker.com\/wp-content\/uploads\/2015\/09\/col-david-hicks-1.jpg","width":400,"height":255,"caption":"Couleur, \u00e9clectisme, et motifs g\u00e9om\u00e9triques inspir\u00e9s des dessins d'archives de David Hicks par Ashley Hicks"},{"@type":"BreadcrumbList","@id":"https:\/\/www.gpjbaker.com\/fr\/marques\/gp-j-baker\/david-hicks-by-ashley-hicks\/#breadcrumb","itemListElement":[{"@type":"ListItem","position":1,"name":"Home","item":"https:\/\/www.gpjbaker.com\/fr\/"},{"@type":"ListItem","position":2,"name":"Marques","item":"https:\/\/www.gpjbaker.com\/fr\/marques\/"},{"@type":"ListItem","position":3,"name":"GP &#038; J Baker","item":"https:\/\/www.gpjbaker.com\/fr\/marques\/gp-j-baker\/"},{"@type":"ListItem","position":4,"name":"David Hicks by Ashley Hicks"}]},{"@type":"WebSite","@id":"https:\/\/www.gpjbaker.com\/#website","url":"https:\/\/www.gpjbaker.com\/","name":"G P &amp; J Baker","description":"","potentialAction":[{"@type":"SearchAction","target":{"@type":"EntryPoint","urlTemplate":"https:\/\/www.gpjbaker.com\/?s={search_term_string}"},"query-input":{"@type":"PropertyValueSpecification","valueRequired":true,"valueName":"search_term_string"}}],"inLanguage":"fr-FR"}]}},"_links":{"self":[{"href":"https:\/\/www.gpjbaker.com\/fr\/wp-json\/wp\/v2\/pages\/5274","targetHints":{"allow":["GET"]}}],"collection":[{"href":"https:\/\/www.gpjbaker.com\/fr\/wp-json\/wp\/v2\/pages"}],"about":[{"href":"https:\/\/www.gpjbaker.com\/fr\/wp-json\/wp\/v2\/types\/page"}],"author":[{"embeddable":true,"href":"https:\/\/www.gpjbaker.com\/fr\/wp-json\/wp\/v2\/users\/1"}],"replies":[{"embeddable":true,"href":"https:\/\/www.gpjbaker.com\/fr\/wp-json\/wp\/v2\/comments?post=5274"}],"version-history":[{"count":1,"href":"https:\/\/www.gpjbaker.com\/fr\/wp-json\/wp\/v2\/pages\/5274\/revisions"}],"predecessor-version":[{"id":6107,"href":"https:\/\/www.gpjbaker.com\/fr\/wp-json\/wp\/v2\/pages\/5274\/revisions\/6107"}],"up":[{"embeddable":true,"href":"https:\/\/www.gpjbaker.com\/fr\/wp-json\/wp\/v2\/pages\/4605"}],"wp:featuredmedia":[{"embeddable":true,"href":"https:\/\/www.gpjbaker.com\/fr\/wp-json\/wp\/v2\/media\/4931"}],"wp:attachment":[{"href":"https:\/\/www.gpjbaker.com\/fr\/wp-json\/wp\/v2\/media?parent=5274"}],"curies":[{"name":"wp","href":"https:\/\/api.w.org\/{rel}","templated":true}]}}