{"id":5271,"date":"2016-03-07T14:09:06","date_gmt":"2016-03-07T19:09:06","guid":{"rendered":"http:\/\/gpjbaker.com\/fr\/?page_id=5271"},"modified":"2025-09-11T15:00:29","modified_gmt":"2025-09-11T20:00:29","slug":"marwood","status":"publish","type":"page","link":"https:\/\/www.gpjbaker.com\/fr\/marques\/gp-j-baker\/marwood\/","title":{"rendered":"Marwood"},"content":{"rendered":"<div class=\"wpb-content-wrapper\">[vc_row full_width=&#8221;1&#8243;][vc_column][vc_column_text]Les collections Marwood, au charme d\u00e9contract\u00e9 ou \u00e0 l&#8217;\u00e9l\u00e9gance styl\u00e9e r\u00e9pondent parfaitement aux exigences des int\u00e9rieurs contemporains classiques en leur proposant une large palette de tonalit\u00e9s pour des ambiances uniques. Leurs exquises broderies font appel aux toutes derni\u00e8res techniques, cr\u00e9ant ainsi de superbes motifs floraux \u00e0 la touche contemporaine. Valoris\u00e9e par ses \u00e9toffes souples et de superbes velours, la gamme de coloris de Marwood, au rouge profond, ocre, bleu glacier, ciel ou aux tonalit\u00e9s douces et neutres, refl\u00e8te les derni\u00e8res tendances du moment tout en se mariant \u00e0 la perfection avec les autres collections de GP &amp; J Baker.[\/vc_column_text][vc_raw_js]JTNDc2NyaXB0JTIwdHlwZSUzRCUyMnRleHQlMkZqYXZhc2NyaXB0JTIyJTNFJTIwJTBBJTBBdmFyJTIwc2VhcmNoVVJMJTIwJTNEJTIwJTIyc29ydCUzRERBVEUlMjZ1c2UlM0RNdWx0aXB1cnBvc2UlMkNVcGhvbHN0ZXJ5JTJDQ3VydGFpbnMlMjZjb2xsZWN0aW9uJTNETWFyd29vZCUyMEklMkNNYXJ3b29kJTIwSWklMkMlMjBNYXJ3b29kJTIwVmVsdmV0cyUyQyUyME1hcndvb2QlMjBXZWF2ZXMlMjIlM0IlMEElMEElM0MlMkZzY3JpcHQlM0U=[\/vc_raw_js][\/vc_column][\/vc_row]<\/div>","protected":false},"excerpt":{"rendered":"[vc_row full_width=&#8221;1&#8243;][vc_column][vc_column_text]Les collections Marwood, au charme d\u00e9contract\u00e9 ou \u00e0 l&#8217;\u00e9l\u00e9gance styl\u00e9e r\u00e9pondent parfaitement aux exigences des int\u00e9rieurs contemporains classiques en leur proposant une large palette de tonalit\u00e9s pour des ambiances uniques. Leurs exquises broderies font appel aux toutes derni\u00e8res techniques, cr\u00e9ant ainsi de superbes motifs floraux \u00e0 la touche contemporaine. Valoris\u00e9e par ses \u00e9toffes souples&#8230; <a class=\"view-article\" href=\"https:\/\/www.gpjbaker.com\/fr\/marques\/gp-j-baker\/marwood\/\">Voir l&#8217;article<\/a>","protected":false},"author":1,"featured_media":5534,"parent":4605,"menu_order":12,"comment_status":"closed","ping_status":"closed","template":"template-collections.php","meta":{"footnotes":""},"class_list":["post-5271","page","type-page","status-publish","has-post-thumbnail","hentry","page_language-fr"],"yoast_head":"<!-- This site is optimized with the Yoast SEO plugin v26.8 - https:\/\/yoast.com\/product\/yoast-seo-wordpress\/ -->\n<title>Marwood - G P &amp; J Baker<\/title>\n<meta name=\"robots\" content=\"index, follow, max-snippet:-1, max-image-preview:large, max-video-preview:-1\" \/>\n<link rel=\"canonical\" href=\"https:\/\/www.gpjbaker.com\/fr\/marques\/gp-j-baker\/marwood\/\" \/>\n<meta property=\"og:locale\" content=\"fr_FR\" \/>\n<meta property=\"og:type\" content=\"article\" \/>\n<meta property=\"og:title\" content=\"Marwood - G P &amp; J Baker\" \/>\n<meta property=\"og:description\" content=\"[vc_row full_width=&#8221;1&#8243;][vc_column][vc_column_text]Les collections Marwood, au charme d\u00e9contract\u00e9 ou \u00e0 l&#8217;\u00e9l\u00e9gance styl\u00e9e r\u00e9pondent parfaitement aux exigences des int\u00e9rieurs contemporains classiques en leur proposant une large palette de tonalit\u00e9s pour des ambiances uniques. Leurs exquises broderies font appel aux toutes derni\u00e8res techniques, cr\u00e9ant ainsi de superbes motifs floraux \u00e0 la touche contemporaine. Valoris\u00e9e par ses \u00e9toffes souples... Voir l&#039;article\" \/>\n<meta property=\"og:url\" content=\"https:\/\/www.gpjbaker.com\/fr\/marques\/gp-j-baker\/marwood\/\" \/>\n<meta property=\"og:site_name\" content=\"G P &amp; J Baker\" \/>\n<meta property=\"article:modified_time\" content=\"2025-09-11T20:00:29+00:00\" \/>\n<meta property=\"og:image\" content=\"https:\/\/www.gpjbaker.com\/wp-content\/uploads\/2016\/03\/col-marwood2.jpg\" \/>\n\t<meta property=\"og:image:width\" content=\"400\" \/>\n\t<meta property=\"og:image:height\" content=\"255\" \/>\n\t<meta property=\"og:image:type\" content=\"image\/jpeg\" \/>\n<meta name=\"twitter:card\" content=\"summary_large_image\" \/>\n<meta name=\"twitter:label1\" content=\"Est. reading time\" \/>\n\t<meta name=\"twitter:data1\" content=\"1 minute\" \/>\n<script type=\"application\/ld+json\" class=\"yoast-schema-graph\">{\"@context\":\"https:\/\/schema.org\",\"@graph\":[{\"@type\":\"WebPage\",\"@id\":\"https:\/\/www.gpjbaker.com\/fr\/marques\/gp-j-baker\/marwood\/\",\"url\":\"https:\/\/www.gpjbaker.com\/fr\/marques\/gp-j-baker\/marwood\/\",\"name\":\"Marwood - G P &amp; J Baker\",\"isPartOf\":{\"@id\":\"https:\/\/www.gpjbaker.com\/#website\"},\"primaryImageOfPage\":{\"@id\":\"https:\/\/www.gpjbaker.com\/fr\/marques\/gp-j-baker\/marwood\/#primaryimage\"},\"image\":{\"@id\":\"https:\/\/www.gpjbaker.com\/fr\/marques\/gp-j-baker\/marwood\/#primaryimage\"},\"thumbnailUrl\":\"https:\/\/www.gpjbaker.com\/wp-content\/uploads\/2016\/03\/col-marwood2.jpg\",\"datePublished\":\"2016-03-07T19:09:06+00:00\",\"dateModified\":\"2025-09-11T20:00:29+00:00\",\"breadcrumb\":{\"@id\":\"https:\/\/www.gpjbaker.com\/fr\/marques\/gp-j-baker\/marwood\/#breadcrumb\"},\"inLanguage\":\"fr-FR\",\"potentialAction\":[{\"@type\":\"ReadAction\",\"target\":[\"https:\/\/www.gpjbaker.com\/fr\/marques\/gp-j-baker\/marwood\/\"]}]},{\"@type\":\"ImageObject\",\"inLanguage\":\"fr-FR\",\"@id\":\"https:\/\/www.gpjbaker.com\/fr\/marques\/gp-j-baker\/marwood\/#primaryimage\",\"url\":\"https:\/\/www.gpjbaker.com\/wp-content\/uploads\/2016\/03\/col-marwood2.jpg\",\"contentUrl\":\"https:\/\/www.gpjbaker.com\/wp-content\/uploads\/2016\/03\/col-marwood2.jpg\",\"width\":400,\"height\":255,\"caption\":\"Des broderies contemporaines et intemporelles et des \u00e9toffes pouvant se pr\u00eater \u00e0 toutes sortes d'interpr\u00e9tations\"},{\"@type\":\"BreadcrumbList\",\"@id\":\"https:\/\/www.gpjbaker.com\/fr\/marques\/gp-j-baker\/marwood\/#breadcrumb\",\"itemListElement\":[{\"@type\":\"ListItem\",\"position\":1,\"name\":\"Home\",\"item\":\"https:\/\/www.gpjbaker.com\/fr\/\"},{\"@type\":\"ListItem\",\"position\":2,\"name\":\"Marques\",\"item\":\"https:\/\/www.gpjbaker.com\/fr\/marques\/\"},{\"@type\":\"ListItem\",\"position\":3,\"name\":\"GP &#038; J Baker\",\"item\":\"https:\/\/www.gpjbaker.com\/fr\/marques\/gp-j-baker\/\"},{\"@type\":\"ListItem\",\"position\":4,\"name\":\"Marwood\"}]},{\"@type\":\"WebSite\",\"@id\":\"https:\/\/www.gpjbaker.com\/#website\",\"url\":\"https:\/\/www.gpjbaker.com\/\",\"name\":\"G P &amp; J Baker\",\"description\":\"\",\"potentialAction\":[{\"@type\":\"SearchAction\",\"target\":{\"@type\":\"EntryPoint\",\"urlTemplate\":\"https:\/\/www.gpjbaker.com\/?s={search_term_string}\"},\"query-input\":{\"@type\":\"PropertyValueSpecification\",\"valueRequired\":true,\"valueName\":\"search_term_string\"}}],\"inLanguage\":\"fr-FR\"}]}<\/script>\n<!-- \/ Yoast SEO plugin. -->","yoast_head_json":{"title":"Marwood - G P &amp; J Baker","robots":{"index":"index","follow":"follow","max-snippet":"max-snippet:-1","max-image-preview":"max-image-preview:large","max-video-preview":"max-video-preview:-1"},"canonical":"https:\/\/www.gpjbaker.com\/fr\/marques\/gp-j-baker\/marwood\/","og_locale":"fr_FR","og_type":"article","og_title":"Marwood - G P &amp; J Baker","og_description":"[vc_row full_width=&#8221;1&#8243;][vc_column][vc_column_text]Les collections Marwood, au charme d\u00e9contract\u00e9 ou \u00e0 l&#8217;\u00e9l\u00e9gance styl\u00e9e r\u00e9pondent parfaitement aux exigences des int\u00e9rieurs contemporains classiques en leur proposant une large palette de tonalit\u00e9s pour des ambiances uniques. Leurs exquises broderies font appel aux toutes derni\u00e8res techniques, cr\u00e9ant ainsi de superbes motifs floraux \u00e0 la touche contemporaine. Valoris\u00e9e par ses \u00e9toffes souples... Voir l'article","og_url":"https:\/\/www.gpjbaker.com\/fr\/marques\/gp-j-baker\/marwood\/","og_site_name":"G P &amp; J Baker","article_modified_time":"2025-09-11T20:00:29+00:00","og_image":[{"width":400,"height":255,"url":"https:\/\/www.gpjbaker.com\/wp-content\/uploads\/2016\/03\/col-marwood2.jpg","type":"image\/jpeg"}],"twitter_card":"summary_large_image","twitter_misc":{"Est. reading time":"1 minute"},"schema":{"@context":"https:\/\/schema.org","@graph":[{"@type":"WebPage","@id":"https:\/\/www.gpjbaker.com\/fr\/marques\/gp-j-baker\/marwood\/","url":"https:\/\/www.gpjbaker.com\/fr\/marques\/gp-j-baker\/marwood\/","name":"Marwood - G P &amp; J Baker","isPartOf":{"@id":"https:\/\/www.gpjbaker.com\/#website"},"primaryImageOfPage":{"@id":"https:\/\/www.gpjbaker.com\/fr\/marques\/gp-j-baker\/marwood\/#primaryimage"},"image":{"@id":"https:\/\/www.gpjbaker.com\/fr\/marques\/gp-j-baker\/marwood\/#primaryimage"},"thumbnailUrl":"https:\/\/www.gpjbaker.com\/wp-content\/uploads\/2016\/03\/col-marwood2.jpg","datePublished":"2016-03-07T19:09:06+00:00","dateModified":"2025-09-11T20:00:29+00:00","breadcrumb":{"@id":"https:\/\/www.gpjbaker.com\/fr\/marques\/gp-j-baker\/marwood\/#breadcrumb"},"inLanguage":"fr-FR","potentialAction":[{"@type":"ReadAction","target":["https:\/\/www.gpjbaker.com\/fr\/marques\/gp-j-baker\/marwood\/"]}]},{"@type":"ImageObject","inLanguage":"fr-FR","@id":"https:\/\/www.gpjbaker.com\/fr\/marques\/gp-j-baker\/marwood\/#primaryimage","url":"https:\/\/www.gpjbaker.com\/wp-content\/uploads\/2016\/03\/col-marwood2.jpg","contentUrl":"https:\/\/www.gpjbaker.com\/wp-content\/uploads\/2016\/03\/col-marwood2.jpg","width":400,"height":255,"caption":"Des broderies contemporaines et intemporelles et des \u00e9toffes pouvant se pr\u00eater \u00e0 toutes sortes d'interpr\u00e9tations"},{"@type":"BreadcrumbList","@id":"https:\/\/www.gpjbaker.com\/fr\/marques\/gp-j-baker\/marwood\/#breadcrumb","itemListElement":[{"@type":"ListItem","position":1,"name":"Home","item":"https:\/\/www.gpjbaker.com\/fr\/"},{"@type":"ListItem","position":2,"name":"Marques","item":"https:\/\/www.gpjbaker.com\/fr\/marques\/"},{"@type":"ListItem","position":3,"name":"GP &#038; J Baker","item":"https:\/\/www.gpjbaker.com\/fr\/marques\/gp-j-baker\/"},{"@type":"ListItem","position":4,"name":"Marwood"}]},{"@type":"WebSite","@id":"https:\/\/www.gpjbaker.com\/#website","url":"https:\/\/www.gpjbaker.com\/","name":"G P &amp; J Baker","description":"","potentialAction":[{"@type":"SearchAction","target":{"@type":"EntryPoint","urlTemplate":"https:\/\/www.gpjbaker.com\/?s={search_term_string}"},"query-input":{"@type":"PropertyValueSpecification","valueRequired":true,"valueName":"search_term_string"}}],"inLanguage":"fr-FR"}]}},"_links":{"self":[{"href":"https:\/\/www.gpjbaker.com\/fr\/wp-json\/wp\/v2\/pages\/5271","targetHints":{"allow":["GET"]}}],"collection":[{"href":"https:\/\/www.gpjbaker.com\/fr\/wp-json\/wp\/v2\/pages"}],"about":[{"href":"https:\/\/www.gpjbaker.com\/fr\/wp-json\/wp\/v2\/types\/page"}],"author":[{"embeddable":true,"href":"https:\/\/www.gpjbaker.com\/fr\/wp-json\/wp\/v2\/users\/1"}],"replies":[{"embeddable":true,"href":"https:\/\/www.gpjbaker.com\/fr\/wp-json\/wp\/v2\/comments?post=5271"}],"version-history":[{"count":1,"href":"https:\/\/www.gpjbaker.com\/fr\/wp-json\/wp\/v2\/pages\/5271\/revisions"}],"predecessor-version":[{"id":6120,"href":"https:\/\/www.gpjbaker.com\/fr\/wp-json\/wp\/v2\/pages\/5271\/revisions\/6120"}],"up":[{"embeddable":true,"href":"https:\/\/www.gpjbaker.com\/fr\/wp-json\/wp\/v2\/pages\/4605"}],"wp:featuredmedia":[{"embeddable":true,"href":"https:\/\/www.gpjbaker.com\/fr\/wp-json\/wp\/v2\/media\/5534"}],"wp:attachment":[{"href":"https:\/\/www.gpjbaker.com\/fr\/wp-json\/wp\/v2\/media?parent=5271"}],"curies":[{"name":"wp","href":"https:\/\/api.w.org\/{rel}","templated":true}]}}