{"id":5266,"date":"2016-03-07T16:41:44","date_gmt":"2016-03-07T21:41:44","guid":{"rendered":"http:\/\/gpjbaker.com\/fr\/?page_id=5266"},"modified":"2025-09-09T11:21:07","modified_gmt":"2025-09-09T16:21:07","slug":"bohemian-wallpaper","status":"publish","type":"page","link":"https:\/\/www.gpjbaker.com\/fr\/marques\/mulberry-home\/bohemian-wallpaper\/","title":{"rendered":"Bohemian Wallpaper"},"content":{"rendered":"<div class=\"wpb-content-wrapper\">[vc_row full_width=&#8221;1&#8243;][vc_column][vc_column_text]Ces tr\u00e8s belles collections de Mulberry Home puisent leur inspiration dans un style boh\u00e9mien sophistiqu\u00e9.\u00a0Les superbes coloris et motifs de la collection \u201cBohemian Romance\u201d, ainsi que ses magnifiques velours imprim\u00e9s, mailles chenille sensuelles, \u00e9toffes informelles confortables et subtiles laines d&#8217;\u00c9cosse se marient harmonieusement pour cr\u00e9er des int\u00e9rieurs d&#8217;exception. Pour faire \u00e9cho \u00e0 cette ambiance exotique, une collection de rev\u00eatements muraux, uniques et originaux, illustre le summum du charme boh\u00e9mien, dans un esprit tr\u00e8s personnel.[\/vc_column_text][vc_raw_js]JTNDc2NyaXB0JTIwdHlwZSUzRCUyMnRleHQlMkZqYXZhc2NyaXB0JTIyJTNFJTIwJTBBJTBBdmFyJTIwc2VhcmNoVVJMJTIwJTNEJTIwJTIyc29ydCUzRERBVEUlMjZ1c2UlM0RXYWxsY292ZXJpbmclMjZjb2xsZWN0aW9uJTNEQm9oZW1pYW4lMjBSb21hbmNlJTJDQm9oZW1pYW4lMjBUcmF2ZWxzJTJDQm9oZW1pYW4lMjBXZWF2ZXMlMjIlM0IlMEElMEElM0MlMkZzY3JpcHQlM0UlMEE=[\/vc_raw_js][\/vc_column][\/vc_row]<\/div>","protected":false},"excerpt":{"rendered":"[vc_row full_width=&#8221;1&#8243;][vc_column][vc_column_text]Ces tr\u00e8s belles collections de Mulberry Home puisent leur inspiration dans un style boh\u00e9mien sophistiqu\u00e9.\u00a0Les superbes coloris et motifs de la collection \u201cBohemian Romance\u201d, ainsi que ses magnifiques velours imprim\u00e9s, mailles chenille sensuelles, \u00e9toffes informelles confortables et subtiles laines d&#8217;\u00c9cosse se marient harmonieusement pour cr\u00e9er des int\u00e9rieurs d&#8217;exception. Pour faire \u00e9cho \u00e0 cette ambiance&#8230; <a class=\"view-article\" href=\"https:\/\/www.gpjbaker.com\/fr\/marques\/mulberry-home\/bohemian-wallpaper\/\">Voir l&#8217;article<\/a>","protected":false},"author":1,"featured_media":6433,"parent":5294,"menu_order":7,"comment_status":"closed","ping_status":"closed","template":"template-collections.php","meta":{"footnotes":""},"class_list":["post-5266","page","type-page","status-publish","has-post-thumbnail","hentry","page_language-fr"],"yoast_head":"<!-- This site is optimized with the Yoast SEO plugin v26.8 - https:\/\/yoast.com\/product\/yoast-seo-wordpress\/ -->\n<title>Bohemian Wallpaper - G P &amp; J Baker<\/title>\n<meta name=\"robots\" content=\"index, follow, max-snippet:-1, max-image-preview:large, max-video-preview:-1\" \/>\n<link rel=\"canonical\" href=\"https:\/\/www.gpjbaker.com\/fr\/marques\/mulberry-home\/bohemian-wallpaper\/\" \/>\n<meta property=\"og:locale\" content=\"fr_FR\" \/>\n<meta property=\"og:type\" content=\"article\" \/>\n<meta property=\"og:title\" content=\"Bohemian Wallpaper - G P &amp; J Baker\" \/>\n<meta property=\"og:description\" content=\"[vc_row full_width=&#8221;1&#8243;][vc_column][vc_column_text]Ces tr\u00e8s belles collections de Mulberry Home puisent leur inspiration dans un style boh\u00e9mien sophistiqu\u00e9.\u00a0Les superbes coloris et motifs de la collection \u201cBohemian Romance\u201d, ainsi que ses magnifiques velours imprim\u00e9s, mailles chenille sensuelles, \u00e9toffes informelles confortables et subtiles laines d&#8217;\u00c9cosse se marient harmonieusement pour cr\u00e9er des int\u00e9rieurs d&#8217;exception. Pour faire \u00e9cho \u00e0 cette ambiance... Voir l&#039;article\" \/>\n<meta property=\"og:url\" content=\"https:\/\/www.gpjbaker.com\/fr\/marques\/mulberry-home\/bohemian-wallpaper\/\" \/>\n<meta property=\"og:site_name\" content=\"G P &amp; J Baker\" \/>\n<meta property=\"article:modified_time\" content=\"2025-09-09T16:21:07+00:00\" \/>\n<meta property=\"og:image\" content=\"https:\/\/www.gpjbaker.com\/wp-content\/uploads\/2016\/03\/col-bohemian-wallpaper.jpg\" \/>\n\t<meta property=\"og:image:width\" content=\"400\" \/>\n\t<meta property=\"og:image:height\" content=\"255\" \/>\n\t<meta property=\"og:image:type\" content=\"image\/jpeg\" \/>\n<meta name=\"twitter:card\" content=\"summary_large_image\" \/>\n<meta name=\"twitter:label1\" content=\"Est. reading time\" \/>\n\t<meta name=\"twitter:data1\" content=\"1 minute\" \/>\n<script type=\"application\/ld+json\" class=\"yoast-schema-graph\">{\"@context\":\"https:\/\/schema.org\",\"@graph\":[{\"@type\":\"WebPage\",\"@id\":\"https:\/\/www.gpjbaker.com\/fr\/marques\/mulberry-home\/bohemian-wallpaper\/\",\"url\":\"https:\/\/www.gpjbaker.com\/fr\/marques\/mulberry-home\/bohemian-wallpaper\/\",\"name\":\"Bohemian Wallpaper - G P &amp; J Baker\",\"isPartOf\":{\"@id\":\"https:\/\/www.gpjbaker.com\/#website\"},\"primaryImageOfPage\":{\"@id\":\"https:\/\/www.gpjbaker.com\/fr\/marques\/mulberry-home\/bohemian-wallpaper\/#primaryimage\"},\"image\":{\"@id\":\"https:\/\/www.gpjbaker.com\/fr\/marques\/mulberry-home\/bohemian-wallpaper\/#primaryimage\"},\"thumbnailUrl\":\"https:\/\/www.gpjbaker.com\/wp-content\/uploads\/2016\/03\/col-bohemian-wallpaper.jpg\",\"datePublished\":\"2016-03-07T21:41:44+00:00\",\"dateModified\":\"2025-09-09T16:21:07+00:00\",\"breadcrumb\":{\"@id\":\"https:\/\/www.gpjbaker.com\/fr\/marques\/mulberry-home\/bohemian-wallpaper\/#breadcrumb\"},\"inLanguage\":\"fr-FR\",\"potentialAction\":[{\"@type\":\"ReadAction\",\"target\":[\"https:\/\/www.gpjbaker.com\/fr\/marques\/mulberry-home\/bohemian-wallpaper\/\"]}]},{\"@type\":\"ImageObject\",\"inLanguage\":\"fr-FR\",\"@id\":\"https:\/\/www.gpjbaker.com\/fr\/marques\/mulberry-home\/bohemian-wallpaper\/#primaryimage\",\"url\":\"https:\/\/www.gpjbaker.com\/wp-content\/uploads\/2016\/03\/col-bohemian-wallpaper.jpg\",\"contentUrl\":\"https:\/\/www.gpjbaker.com\/wp-content\/uploads\/2016\/03\/col-bohemian-wallpaper.jpg\",\"width\":400,\"height\":255,\"caption\":\"Des papiers peints uniques et originaux qui illustrent magnifiquement le charme boh\u00e9mien\"},{\"@type\":\"BreadcrumbList\",\"@id\":\"https:\/\/www.gpjbaker.com\/fr\/marques\/mulberry-home\/bohemian-wallpaper\/#breadcrumb\",\"itemListElement\":[{\"@type\":\"ListItem\",\"position\":1,\"name\":\"Home\",\"item\":\"https:\/\/www.gpjbaker.com\/fr\/\"},{\"@type\":\"ListItem\",\"position\":2,\"name\":\"Marques\",\"item\":\"https:\/\/www.gpjbaker.com\/fr\/marques\/\"},{\"@type\":\"ListItem\",\"position\":3,\"name\":\"Mulberry Home\",\"item\":\"https:\/\/www.gpjbaker.com\/fr\/marques\/mulberry-home\/\"},{\"@type\":\"ListItem\",\"position\":4,\"name\":\"Bohemian Wallpaper\"}]},{\"@type\":\"WebSite\",\"@id\":\"https:\/\/www.gpjbaker.com\/#website\",\"url\":\"https:\/\/www.gpjbaker.com\/\",\"name\":\"G P &amp; J Baker\",\"description\":\"\",\"potentialAction\":[{\"@type\":\"SearchAction\",\"target\":{\"@type\":\"EntryPoint\",\"urlTemplate\":\"https:\/\/www.gpjbaker.com\/?s={search_term_string}\"},\"query-input\":{\"@type\":\"PropertyValueSpecification\",\"valueRequired\":true,\"valueName\":\"search_term_string\"}}],\"inLanguage\":\"fr-FR\"}]}<\/script>\n<!-- \/ Yoast SEO plugin. -->","yoast_head_json":{"title":"Bohemian Wallpaper - G P &amp; J Baker","robots":{"index":"index","follow":"follow","max-snippet":"max-snippet:-1","max-image-preview":"max-image-preview:large","max-video-preview":"max-video-preview:-1"},"canonical":"https:\/\/www.gpjbaker.com\/fr\/marques\/mulberry-home\/bohemian-wallpaper\/","og_locale":"fr_FR","og_type":"article","og_title":"Bohemian Wallpaper - G P &amp; J Baker","og_description":"[vc_row full_width=&#8221;1&#8243;][vc_column][vc_column_text]Ces tr\u00e8s belles collections de Mulberry Home puisent leur inspiration dans un style boh\u00e9mien sophistiqu\u00e9.\u00a0Les superbes coloris et motifs de la collection \u201cBohemian Romance\u201d, ainsi que ses magnifiques velours imprim\u00e9s, mailles chenille sensuelles, \u00e9toffes informelles confortables et subtiles laines d&#8217;\u00c9cosse se marient harmonieusement pour cr\u00e9er des int\u00e9rieurs d&#8217;exception. Pour faire \u00e9cho \u00e0 cette ambiance... Voir l'article","og_url":"https:\/\/www.gpjbaker.com\/fr\/marques\/mulberry-home\/bohemian-wallpaper\/","og_site_name":"G P &amp; J Baker","article_modified_time":"2025-09-09T16:21:07+00:00","og_image":[{"width":400,"height":255,"url":"https:\/\/www.gpjbaker.com\/wp-content\/uploads\/2016\/03\/col-bohemian-wallpaper.jpg","type":"image\/jpeg"}],"twitter_card":"summary_large_image","twitter_misc":{"Est. reading time":"1 minute"},"schema":{"@context":"https:\/\/schema.org","@graph":[{"@type":"WebPage","@id":"https:\/\/www.gpjbaker.com\/fr\/marques\/mulberry-home\/bohemian-wallpaper\/","url":"https:\/\/www.gpjbaker.com\/fr\/marques\/mulberry-home\/bohemian-wallpaper\/","name":"Bohemian Wallpaper - G P &amp; J Baker","isPartOf":{"@id":"https:\/\/www.gpjbaker.com\/#website"},"primaryImageOfPage":{"@id":"https:\/\/www.gpjbaker.com\/fr\/marques\/mulberry-home\/bohemian-wallpaper\/#primaryimage"},"image":{"@id":"https:\/\/www.gpjbaker.com\/fr\/marques\/mulberry-home\/bohemian-wallpaper\/#primaryimage"},"thumbnailUrl":"https:\/\/www.gpjbaker.com\/wp-content\/uploads\/2016\/03\/col-bohemian-wallpaper.jpg","datePublished":"2016-03-07T21:41:44+00:00","dateModified":"2025-09-09T16:21:07+00:00","breadcrumb":{"@id":"https:\/\/www.gpjbaker.com\/fr\/marques\/mulberry-home\/bohemian-wallpaper\/#breadcrumb"},"inLanguage":"fr-FR","potentialAction":[{"@type":"ReadAction","target":["https:\/\/www.gpjbaker.com\/fr\/marques\/mulberry-home\/bohemian-wallpaper\/"]}]},{"@type":"ImageObject","inLanguage":"fr-FR","@id":"https:\/\/www.gpjbaker.com\/fr\/marques\/mulberry-home\/bohemian-wallpaper\/#primaryimage","url":"https:\/\/www.gpjbaker.com\/wp-content\/uploads\/2016\/03\/col-bohemian-wallpaper.jpg","contentUrl":"https:\/\/www.gpjbaker.com\/wp-content\/uploads\/2016\/03\/col-bohemian-wallpaper.jpg","width":400,"height":255,"caption":"Des papiers peints uniques et originaux qui illustrent magnifiquement le charme boh\u00e9mien"},{"@type":"BreadcrumbList","@id":"https:\/\/www.gpjbaker.com\/fr\/marques\/mulberry-home\/bohemian-wallpaper\/#breadcrumb","itemListElement":[{"@type":"ListItem","position":1,"name":"Home","item":"https:\/\/www.gpjbaker.com\/fr\/"},{"@type":"ListItem","position":2,"name":"Marques","item":"https:\/\/www.gpjbaker.com\/fr\/marques\/"},{"@type":"ListItem","position":3,"name":"Mulberry Home","item":"https:\/\/www.gpjbaker.com\/fr\/marques\/mulberry-home\/"},{"@type":"ListItem","position":4,"name":"Bohemian Wallpaper"}]},{"@type":"WebSite","@id":"https:\/\/www.gpjbaker.com\/#website","url":"https:\/\/www.gpjbaker.com\/","name":"G P &amp; J Baker","description":"","potentialAction":[{"@type":"SearchAction","target":{"@type":"EntryPoint","urlTemplate":"https:\/\/www.gpjbaker.com\/?s={search_term_string}"},"query-input":{"@type":"PropertyValueSpecification","valueRequired":true,"valueName":"search_term_string"}}],"inLanguage":"fr-FR"}]}},"_links":{"self":[{"href":"https:\/\/www.gpjbaker.com\/fr\/wp-json\/wp\/v2\/pages\/5266","targetHints":{"allow":["GET"]}}],"collection":[{"href":"https:\/\/www.gpjbaker.com\/fr\/wp-json\/wp\/v2\/pages"}],"about":[{"href":"https:\/\/www.gpjbaker.com\/fr\/wp-json\/wp\/v2\/types\/page"}],"author":[{"embeddable":true,"href":"https:\/\/www.gpjbaker.com\/fr\/wp-json\/wp\/v2\/users\/1"}],"replies":[{"embeddable":true,"href":"https:\/\/www.gpjbaker.com\/fr\/wp-json\/wp\/v2\/comments?post=5266"}],"version-history":[{"count":1,"href":"https:\/\/www.gpjbaker.com\/fr\/wp-json\/wp\/v2\/pages\/5266\/revisions"}],"predecessor-version":[{"id":6170,"href":"https:\/\/www.gpjbaker.com\/fr\/wp-json\/wp\/v2\/pages\/5266\/revisions\/6170"}],"up":[{"embeddable":true,"href":"https:\/\/www.gpjbaker.com\/fr\/wp-json\/wp\/v2\/pages\/5294"}],"wp:featuredmedia":[{"embeddable":true,"href":"https:\/\/www.gpjbaker.com\/fr\/wp-json\/wp\/v2\/media\/6433"}],"wp:attachment":[{"href":"https:\/\/www.gpjbaker.com\/fr\/wp-json\/wp\/v2\/media?parent=5266"}],"curies":[{"name":"wp","href":"https:\/\/api.w.org\/{rel}","templated":true}]}}