{"id":5264,"date":"2016-03-07T11:39:39","date_gmt":"2016-03-07T16:39:39","guid":{"rendered":"http:\/\/gpjbaker.com\/fr\/?page_id=5264"},"modified":"2025-09-08T12:49:51","modified_gmt":"2025-09-08T17:49:51","slug":"waterside","status":"publish","type":"page","link":"https:\/\/www.gpjbaker.com\/fr\/marques\/baker-lifestyle\/waterside\/","title":{"rendered":"Waterside"},"content":{"rendered":"Tel un paysage de bord de mer, la collection \u201cWaterside\u201d, \u00e9l\u00e9gante et sophistiqu\u00e9e, marie \u00e0 la perfection lignes simples et harmonieuses proportions classiques. Une gamme de beaux imprim\u00e9s tr\u00e8s originaux sur d&#8217;impeccables toiles de lin et de coton, rehauss\u00e9s de broderies subtiles, \u00e0 coordonner \u00e0 des \u00e9toffes confortables et passe-partout. Les coloris se d\u00e9clinent en bleus tr\u00e8s doux, verts \u00e9meraude, jaunes aux chaudes tonalit\u00e9s, rouges corail et aussi en de subtiles tonalit\u00e9s sable et en un blanc patin\u00e9 par le soleil.\r\n<script type=\"text\/javascript\"> var searchURL = \"sort=DATE&use=Multipurpose,Upholstery,Curtains&collection=Waterside\";<\/script>","protected":false},"excerpt":{"rendered":"Tel un paysage de bord de mer, la collection \u201cWaterside\u201d, \u00e9l\u00e9gante et sophistiqu\u00e9e, marie \u00e0 la perfection lignes simples et harmonieuses proportions classiques. Une gamme de beaux imprim\u00e9s tr\u00e8s originaux sur d&#8217;impeccables toiles de lin et de coton, rehauss\u00e9s de broderies subtiles, \u00e0 coordonner \u00e0 des \u00e9toffes confortables et passe-partout. Les coloris se d\u00e9clinent en&#8230; <a class=\"view-article\" href=\"https:\/\/www.gpjbaker.com\/fr\/marques\/baker-lifestyle\/waterside\/\">Voir l&#8217;article<\/a>","protected":false},"author":1,"featured_media":4917,"parent":5290,"menu_order":1,"comment_status":"closed","ping_status":"closed","template":"template-collections.php","meta":{"footnotes":""},"class_list":["post-5264","page","type-page","status-publish","has-post-thumbnail","hentry","page_language-fr"],"yoast_head":"<!-- This site is optimized with the Yoast SEO plugin v26.8 - https:\/\/yoast.com\/product\/yoast-seo-wordpress\/ -->\n<title>Waterside - G P &amp; J Baker<\/title>\n<meta name=\"robots\" content=\"index, follow, max-snippet:-1, max-image-preview:large, max-video-preview:-1\" \/>\n<link rel=\"canonical\" href=\"https:\/\/www.gpjbaker.com\/fr\/marques\/baker-lifestyle\/waterside\/\" \/>\n<meta property=\"og:locale\" content=\"fr_FR\" \/>\n<meta property=\"og:type\" content=\"article\" \/>\n<meta property=\"og:title\" content=\"Waterside - G P &amp; J Baker\" \/>\n<meta property=\"og:description\" content=\"Tel un paysage de bord de mer, la collection \u201cWaterside\u201d, \u00e9l\u00e9gante et sophistiqu\u00e9e, marie \u00e0 la perfection lignes simples et harmonieuses proportions classiques. Une gamme de beaux imprim\u00e9s tr\u00e8s originaux sur d&#8217;impeccables toiles de lin et de coton, rehauss\u00e9s de broderies subtiles, \u00e0 coordonner \u00e0 des \u00e9toffes confortables et passe-partout. Les coloris se d\u00e9clinent en... Voir l&#039;article\" \/>\n<meta property=\"og:url\" content=\"https:\/\/www.gpjbaker.com\/fr\/marques\/baker-lifestyle\/waterside\/\" \/>\n<meta property=\"og:site_name\" content=\"G P &amp; J Baker\" \/>\n<meta property=\"article:modified_time\" content=\"2025-09-08T17:49:51+00:00\" \/>\n<meta property=\"og:image\" content=\"https:\/\/www.gpjbaker.com\/wp-content\/uploads\/2015\/09\/col-waterworks-1.jpg\" \/>\n\t<meta property=\"og:image:width\" content=\"400\" \/>\n\t<meta property=\"og:image:height\" content=\"255\" \/>\n\t<meta property=\"og:image:type\" content=\"image\/jpeg\" \/>\n<meta name=\"twitter:card\" content=\"summary_large_image\" \/>\n<script type=\"application\/ld+json\" class=\"yoast-schema-graph\">{\"@context\":\"https:\/\/schema.org\",\"@graph\":[{\"@type\":\"WebPage\",\"@id\":\"https:\/\/www.gpjbaker.com\/fr\/marques\/baker-lifestyle\/waterside\/\",\"url\":\"https:\/\/www.gpjbaker.com\/fr\/marques\/baker-lifestyle\/waterside\/\",\"name\":\"Waterside - G P &amp; J Baker\",\"isPartOf\":{\"@id\":\"https:\/\/www.gpjbaker.com\/#website\"},\"primaryImageOfPage\":{\"@id\":\"https:\/\/www.gpjbaker.com\/fr\/marques\/baker-lifestyle\/waterside\/#primaryimage\"},\"image\":{\"@id\":\"https:\/\/www.gpjbaker.com\/fr\/marques\/baker-lifestyle\/waterside\/#primaryimage\"},\"thumbnailUrl\":\"https:\/\/www.gpjbaker.com\/wp-content\/uploads\/2015\/09\/col-waterworks-1.jpg\",\"datePublished\":\"2016-03-07T16:39:39+00:00\",\"dateModified\":\"2025-09-08T17:49:51+00:00\",\"breadcrumb\":{\"@id\":\"https:\/\/www.gpjbaker.com\/fr\/marques\/baker-lifestyle\/waterside\/#breadcrumb\"},\"inLanguage\":\"fr-FR\",\"potentialAction\":[{\"@type\":\"ReadAction\",\"target\":[\"https:\/\/www.gpjbaker.com\/fr\/marques\/baker-lifestyle\/waterside\/\"]}]},{\"@type\":\"ImageObject\",\"inLanguage\":\"fr-FR\",\"@id\":\"https:\/\/www.gpjbaker.com\/fr\/marques\/baker-lifestyle\/waterside\/#primaryimage\",\"url\":\"https:\/\/www.gpjbaker.com\/wp-content\/uploads\/2015\/09\/col-waterworks-1.jpg\",\"contentUrl\":\"https:\/\/www.gpjbaker.com\/wp-content\/uploads\/2015\/09\/col-waterworks-1.jpg\",\"width\":400,\"height\":255,\"caption\":\"Tel un paysage de bord de mer, des imprim\u00e9s originaux, de subtiles broderies et des \u00e9toffes aux tons naturels\"},{\"@type\":\"BreadcrumbList\",\"@id\":\"https:\/\/www.gpjbaker.com\/fr\/marques\/baker-lifestyle\/waterside\/#breadcrumb\",\"itemListElement\":[{\"@type\":\"ListItem\",\"position\":1,\"name\":\"Home\",\"item\":\"https:\/\/www.gpjbaker.com\/fr\/\"},{\"@type\":\"ListItem\",\"position\":2,\"name\":\"Marques\",\"item\":\"https:\/\/www.gpjbaker.com\/fr\/marques\/\"},{\"@type\":\"ListItem\",\"position\":3,\"name\":\"Baker Lifestyle\",\"item\":\"https:\/\/www.gpjbaker.com\/fr\/marques\/baker-lifestyle\/\"},{\"@type\":\"ListItem\",\"position\":4,\"name\":\"Waterside\"}]},{\"@type\":\"WebSite\",\"@id\":\"https:\/\/www.gpjbaker.com\/#website\",\"url\":\"https:\/\/www.gpjbaker.com\/\",\"name\":\"G P &amp; J Baker\",\"description\":\"\",\"potentialAction\":[{\"@type\":\"SearchAction\",\"target\":{\"@type\":\"EntryPoint\",\"urlTemplate\":\"https:\/\/www.gpjbaker.com\/?s={search_term_string}\"},\"query-input\":{\"@type\":\"PropertyValueSpecification\",\"valueRequired\":true,\"valueName\":\"search_term_string\"}}],\"inLanguage\":\"fr-FR\"}]}<\/script>\n<!-- \/ Yoast SEO plugin. -->","yoast_head_json":{"title":"Waterside - G P &amp; J Baker","robots":{"index":"index","follow":"follow","max-snippet":"max-snippet:-1","max-image-preview":"max-image-preview:large","max-video-preview":"max-video-preview:-1"},"canonical":"https:\/\/www.gpjbaker.com\/fr\/marques\/baker-lifestyle\/waterside\/","og_locale":"fr_FR","og_type":"article","og_title":"Waterside - G P &amp; J Baker","og_description":"Tel un paysage de bord de mer, la collection \u201cWaterside\u201d, \u00e9l\u00e9gante et sophistiqu\u00e9e, marie \u00e0 la perfection lignes simples et harmonieuses proportions classiques. Une gamme de beaux imprim\u00e9s tr\u00e8s originaux sur d&#8217;impeccables toiles de lin et de coton, rehauss\u00e9s de broderies subtiles, \u00e0 coordonner \u00e0 des \u00e9toffes confortables et passe-partout. Les coloris se d\u00e9clinent en... Voir l'article","og_url":"https:\/\/www.gpjbaker.com\/fr\/marques\/baker-lifestyle\/waterside\/","og_site_name":"G P &amp; J Baker","article_modified_time":"2025-09-08T17:49:51+00:00","og_image":[{"width":400,"height":255,"url":"https:\/\/www.gpjbaker.com\/wp-content\/uploads\/2015\/09\/col-waterworks-1.jpg","type":"image\/jpeg"}],"twitter_card":"summary_large_image","schema":{"@context":"https:\/\/schema.org","@graph":[{"@type":"WebPage","@id":"https:\/\/www.gpjbaker.com\/fr\/marques\/baker-lifestyle\/waterside\/","url":"https:\/\/www.gpjbaker.com\/fr\/marques\/baker-lifestyle\/waterside\/","name":"Waterside - G P &amp; J Baker","isPartOf":{"@id":"https:\/\/www.gpjbaker.com\/#website"},"primaryImageOfPage":{"@id":"https:\/\/www.gpjbaker.com\/fr\/marques\/baker-lifestyle\/waterside\/#primaryimage"},"image":{"@id":"https:\/\/www.gpjbaker.com\/fr\/marques\/baker-lifestyle\/waterside\/#primaryimage"},"thumbnailUrl":"https:\/\/www.gpjbaker.com\/wp-content\/uploads\/2015\/09\/col-waterworks-1.jpg","datePublished":"2016-03-07T16:39:39+00:00","dateModified":"2025-09-08T17:49:51+00:00","breadcrumb":{"@id":"https:\/\/www.gpjbaker.com\/fr\/marques\/baker-lifestyle\/waterside\/#breadcrumb"},"inLanguage":"fr-FR","potentialAction":[{"@type":"ReadAction","target":["https:\/\/www.gpjbaker.com\/fr\/marques\/baker-lifestyle\/waterside\/"]}]},{"@type":"ImageObject","inLanguage":"fr-FR","@id":"https:\/\/www.gpjbaker.com\/fr\/marques\/baker-lifestyle\/waterside\/#primaryimage","url":"https:\/\/www.gpjbaker.com\/wp-content\/uploads\/2015\/09\/col-waterworks-1.jpg","contentUrl":"https:\/\/www.gpjbaker.com\/wp-content\/uploads\/2015\/09\/col-waterworks-1.jpg","width":400,"height":255,"caption":"Tel un paysage de bord de mer, des imprim\u00e9s originaux, de subtiles broderies et des \u00e9toffes aux tons naturels"},{"@type":"BreadcrumbList","@id":"https:\/\/www.gpjbaker.com\/fr\/marques\/baker-lifestyle\/waterside\/#breadcrumb","itemListElement":[{"@type":"ListItem","position":1,"name":"Home","item":"https:\/\/www.gpjbaker.com\/fr\/"},{"@type":"ListItem","position":2,"name":"Marques","item":"https:\/\/www.gpjbaker.com\/fr\/marques\/"},{"@type":"ListItem","position":3,"name":"Baker Lifestyle","item":"https:\/\/www.gpjbaker.com\/fr\/marques\/baker-lifestyle\/"},{"@type":"ListItem","position":4,"name":"Waterside"}]},{"@type":"WebSite","@id":"https:\/\/www.gpjbaker.com\/#website","url":"https:\/\/www.gpjbaker.com\/","name":"G P &amp; J Baker","description":"","potentialAction":[{"@type":"SearchAction","target":{"@type":"EntryPoint","urlTemplate":"https:\/\/www.gpjbaker.com\/?s={search_term_string}"},"query-input":{"@type":"PropertyValueSpecification","valueRequired":true,"valueName":"search_term_string"}}],"inLanguage":"fr-FR"}]}},"_links":{"self":[{"href":"https:\/\/www.gpjbaker.com\/fr\/wp-json\/wp\/v2\/pages\/5264","targetHints":{"allow":["GET"]}}],"collection":[{"href":"https:\/\/www.gpjbaker.com\/fr\/wp-json\/wp\/v2\/pages"}],"about":[{"href":"https:\/\/www.gpjbaker.com\/fr\/wp-json\/wp\/v2\/types\/page"}],"author":[{"embeddable":true,"href":"https:\/\/www.gpjbaker.com\/fr\/wp-json\/wp\/v2\/users\/1"}],"replies":[{"embeddable":true,"href":"https:\/\/www.gpjbaker.com\/fr\/wp-json\/wp\/v2\/comments?post=5264"}],"version-history":[{"count":2,"href":"https:\/\/www.gpjbaker.com\/fr\/wp-json\/wp\/v2\/pages\/5264\/revisions"}],"predecessor-version":[{"id":6129,"href":"https:\/\/www.gpjbaker.com\/fr\/wp-json\/wp\/v2\/pages\/5264\/revisions\/6129"}],"up":[{"embeddable":true,"href":"https:\/\/www.gpjbaker.com\/fr\/wp-json\/wp\/v2\/pages\/5290"}],"wp:featuredmedia":[{"embeddable":true,"href":"https:\/\/www.gpjbaker.com\/fr\/wp-json\/wp\/v2\/media\/4917"}],"wp:attachment":[{"href":"https:\/\/www.gpjbaker.com\/fr\/wp-json\/wp\/v2\/media?parent=5264"}],"curies":[{"name":"wp","href":"https:\/\/api.w.org\/{rel}","templated":true}]}}