{"id":5258,"date":"2016-03-07T12:17:10","date_gmt":"2016-03-07T17:17:10","guid":{"rendered":"http:\/\/gpjbaker.com\/fr\/?page_id=5258"},"modified":"2025-09-08T12:50:26","modified_gmt":"2025-09-08T17:50:26","slug":"opera-garden-fabric","status":"publish","type":"page","link":"https:\/\/www.gpjbaker.com\/fr\/marques\/baker-lifestyle\/opera-garden-fabric\/","title":{"rendered":"Opera Garden Fabric"},"content":{"rendered":"<div class=\"wpb-content-wrapper\">[vc_row full_width=&#8221;1&#8243;][vc_column][vc_column_text]Inspir\u00e9e par les magnifiques jardins de West Green House et sa superbe saison musicale estivale d&#8217;op\u00e9ras baroque, la collection Opera Garden c\u00e9l\u00e8bre l&#8217;harmonie entre la musique et la nature avec des motifs fantaisistes et spirituels. Le paysage charmant de ses jardins, arbustes, potagers, lacs sereins et vifs cours d&#8217;eau se refl\u00e8te dans une collection d&#8217;imprim\u00e9s, broderies et papiers peints attrayants. \u00a0Les motifs, sur coton et lin, brod\u00e9s ou imprim\u00e9s, sont assortis \u00e0 de jolis papiers peints qui c\u00e9l\u00e8brent les fleurs de ses jardins, ses pavillons et m\u00eame ses poules.[\/vc_column_text][vc_raw_js]JTNDc2NyaXB0JTIwdHlwZSUzRCUyMnRleHQlMkZqYXZhc2NyaXB0JTIyJTNFJTIwdmFyJTIwZmFicmljc1VSTCUyMCUzRCUyMCUyMnNvcnQlM0REQVRFJTI2dXNlJTNETXVsdGlwdXJwb3NlJTJDVXBob2xzdGVyeSUyQ0N1cnRhaW5zJTI2Y29sbGVjdGlvbiUzRE9wZXJhJTIwR2FyZGVuJTIyJTNCJTBBdmFyJTIwd2FsbFVSTCUyMCUzRCUyMCUyMnNvcnQlM0REQVRFJTI2dXNlJTNEV2FsbGNvdmVyaW5nJTI2Y29sbGVjdGlvbiUzRE9wZXJhJTIwR2FyZGVuJTIyJTNCJTNDJTJGc2NyaXB0JTNF[\/vc_raw_js][\/vc_column][\/vc_row]<\/div>","protected":false},"excerpt":{"rendered":"[vc_row full_width=&#8221;1&#8243;][vc_column][vc_column_text]Inspir\u00e9e par les magnifiques jardins de West Green House et sa superbe saison musicale estivale d&#8217;op\u00e9ras baroque, la collection Opera Garden c\u00e9l\u00e8bre l&#8217;harmonie entre la musique et la nature avec des motifs fantaisistes et spirituels. Le paysage charmant de ses jardins, arbustes, potagers, lacs sereins et vifs cours d&#8217;eau se refl\u00e8te dans une collection&#8230; <a class=\"view-article\" href=\"https:\/\/www.gpjbaker.com\/fr\/marques\/baker-lifestyle\/opera-garden-fabric\/\">Voir l&#8217;article<\/a>","protected":false},"author":1,"featured_media":5560,"parent":5290,"menu_order":8,"comment_status":"closed","ping_status":"closed","template":"template-collections.php","meta":{"footnotes":""},"class_list":["post-5258","page","type-page","status-publish","has-post-thumbnail","hentry","page_language-fr"],"yoast_head":"<!-- This site is optimized with the Yoast SEO plugin v26.8 - https:\/\/yoast.com\/product\/yoast-seo-wordpress\/ -->\n<title>Opera Garden Fabric - G P &amp; J Baker<\/title>\n<meta name=\"robots\" content=\"index, follow, max-snippet:-1, max-image-preview:large, max-video-preview:-1\" \/>\n<link rel=\"canonical\" href=\"https:\/\/www.gpjbaker.com\/fr\/marques\/baker-lifestyle\/opera-garden-fabric\/\" \/>\n<meta property=\"og:locale\" content=\"fr_FR\" \/>\n<meta property=\"og:type\" content=\"article\" \/>\n<meta property=\"og:title\" content=\"Opera Garden Fabric - G P &amp; J Baker\" \/>\n<meta property=\"og:description\" content=\"[vc_row full_width=&#8221;1&#8243;][vc_column][vc_column_text]Inspir\u00e9e par les magnifiques jardins de West Green House et sa superbe saison musicale estivale d&#8217;op\u00e9ras baroque, la collection Opera Garden c\u00e9l\u00e8bre l&#8217;harmonie entre la musique et la nature avec des motifs fantaisistes et spirituels. Le paysage charmant de ses jardins, arbustes, potagers, lacs sereins et vifs cours d&#8217;eau se refl\u00e8te dans une collection... Voir l&#039;article\" \/>\n<meta property=\"og:url\" content=\"https:\/\/www.gpjbaker.com\/fr\/marques\/baker-lifestyle\/opera-garden-fabric\/\" \/>\n<meta property=\"og:site_name\" content=\"G P &amp; J Baker\" \/>\n<meta property=\"article:modified_time\" content=\"2025-09-08T17:50:26+00:00\" \/>\n<meta property=\"og:image\" content=\"https:\/\/www.gpjbaker.com\/wp-content\/uploads\/2016\/03\/col-opera-garden.jpg\" \/>\n\t<meta property=\"og:image:width\" content=\"400\" \/>\n\t<meta property=\"og:image:height\" content=\"255\" \/>\n\t<meta property=\"og:image:type\" content=\"image\/jpeg\" \/>\n<meta name=\"twitter:card\" content=\"summary_large_image\" \/>\n<meta name=\"twitter:label1\" content=\"Est. reading time\" \/>\n\t<meta name=\"twitter:data1\" content=\"1 minute\" \/>\n<script type=\"application\/ld+json\" class=\"yoast-schema-graph\">{\"@context\":\"https:\/\/schema.org\",\"@graph\":[{\"@type\":\"WebPage\",\"@id\":\"https:\/\/www.gpjbaker.com\/fr\/marques\/baker-lifestyle\/opera-garden-fabric\/\",\"url\":\"https:\/\/www.gpjbaker.com\/fr\/marques\/baker-lifestyle\/opera-garden-fabric\/\",\"name\":\"Opera Garden Fabric - G P &amp; J Baker\",\"isPartOf\":{\"@id\":\"https:\/\/www.gpjbaker.com\/#website\"},\"primaryImageOfPage\":{\"@id\":\"https:\/\/www.gpjbaker.com\/fr\/marques\/baker-lifestyle\/opera-garden-fabric\/#primaryimage\"},\"image\":{\"@id\":\"https:\/\/www.gpjbaker.com\/fr\/marques\/baker-lifestyle\/opera-garden-fabric\/#primaryimage\"},\"thumbnailUrl\":\"https:\/\/www.gpjbaker.com\/wp-content\/uploads\/2016\/03\/col-opera-garden.jpg\",\"datePublished\":\"2016-03-07T17:17:10+00:00\",\"dateModified\":\"2025-09-08T17:50:26+00:00\",\"breadcrumb\":{\"@id\":\"https:\/\/www.gpjbaker.com\/fr\/marques\/baker-lifestyle\/opera-garden-fabric\/#breadcrumb\"},\"inLanguage\":\"fr-FR\",\"potentialAction\":[{\"@type\":\"ReadAction\",\"target\":[\"https:\/\/www.gpjbaker.com\/fr\/marques\/baker-lifestyle\/opera-garden-fabric\/\"]}]},{\"@type\":\"ImageObject\",\"inLanguage\":\"fr-FR\",\"@id\":\"https:\/\/www.gpjbaker.com\/fr\/marques\/baker-lifestyle\/opera-garden-fabric\/#primaryimage\",\"url\":\"https:\/\/www.gpjbaker.com\/wp-content\/uploads\/2016\/03\/col-opera-garden.jpg\",\"contentUrl\":\"https:\/\/www.gpjbaker.com\/wp-content\/uploads\/2016\/03\/col-opera-garden.jpg\",\"width\":400,\"height\":255,\"caption\":\"Elle c\u00e9l\u00e8bre l'harmonie entre la musique et la nature avec des imprim\u00e9s fantaisistes et spirituels sur \u00e9toffes et papiers peints\"},{\"@type\":\"BreadcrumbList\",\"@id\":\"https:\/\/www.gpjbaker.com\/fr\/marques\/baker-lifestyle\/opera-garden-fabric\/#breadcrumb\",\"itemListElement\":[{\"@type\":\"ListItem\",\"position\":1,\"name\":\"Home\",\"item\":\"https:\/\/www.gpjbaker.com\/fr\/\"},{\"@type\":\"ListItem\",\"position\":2,\"name\":\"Marques\",\"item\":\"https:\/\/www.gpjbaker.com\/fr\/marques\/\"},{\"@type\":\"ListItem\",\"position\":3,\"name\":\"Baker Lifestyle\",\"item\":\"https:\/\/www.gpjbaker.com\/fr\/marques\/baker-lifestyle\/\"},{\"@type\":\"ListItem\",\"position\":4,\"name\":\"Opera Garden Fabric\"}]},{\"@type\":\"WebSite\",\"@id\":\"https:\/\/www.gpjbaker.com\/#website\",\"url\":\"https:\/\/www.gpjbaker.com\/\",\"name\":\"G P &amp; J Baker\",\"description\":\"\",\"potentialAction\":[{\"@type\":\"SearchAction\",\"target\":{\"@type\":\"EntryPoint\",\"urlTemplate\":\"https:\/\/www.gpjbaker.com\/?s={search_term_string}\"},\"query-input\":{\"@type\":\"PropertyValueSpecification\",\"valueRequired\":true,\"valueName\":\"search_term_string\"}}],\"inLanguage\":\"fr-FR\"}]}<\/script>\n<!-- \/ Yoast SEO plugin. -->","yoast_head_json":{"title":"Opera Garden Fabric - G P &amp; J Baker","robots":{"index":"index","follow":"follow","max-snippet":"max-snippet:-1","max-image-preview":"max-image-preview:large","max-video-preview":"max-video-preview:-1"},"canonical":"https:\/\/www.gpjbaker.com\/fr\/marques\/baker-lifestyle\/opera-garden-fabric\/","og_locale":"fr_FR","og_type":"article","og_title":"Opera Garden Fabric - G P &amp; J Baker","og_description":"[vc_row full_width=&#8221;1&#8243;][vc_column][vc_column_text]Inspir\u00e9e par les magnifiques jardins de West Green House et sa superbe saison musicale estivale d&#8217;op\u00e9ras baroque, la collection Opera Garden c\u00e9l\u00e8bre l&#8217;harmonie entre la musique et la nature avec des motifs fantaisistes et spirituels. Le paysage charmant de ses jardins, arbustes, potagers, lacs sereins et vifs cours d&#8217;eau se refl\u00e8te dans une collection... Voir l'article","og_url":"https:\/\/www.gpjbaker.com\/fr\/marques\/baker-lifestyle\/opera-garden-fabric\/","og_site_name":"G P &amp; J Baker","article_modified_time":"2025-09-08T17:50:26+00:00","og_image":[{"width":400,"height":255,"url":"https:\/\/www.gpjbaker.com\/wp-content\/uploads\/2016\/03\/col-opera-garden.jpg","type":"image\/jpeg"}],"twitter_card":"summary_large_image","twitter_misc":{"Est. reading time":"1 minute"},"schema":{"@context":"https:\/\/schema.org","@graph":[{"@type":"WebPage","@id":"https:\/\/www.gpjbaker.com\/fr\/marques\/baker-lifestyle\/opera-garden-fabric\/","url":"https:\/\/www.gpjbaker.com\/fr\/marques\/baker-lifestyle\/opera-garden-fabric\/","name":"Opera Garden Fabric - G P &amp; J Baker","isPartOf":{"@id":"https:\/\/www.gpjbaker.com\/#website"},"primaryImageOfPage":{"@id":"https:\/\/www.gpjbaker.com\/fr\/marques\/baker-lifestyle\/opera-garden-fabric\/#primaryimage"},"image":{"@id":"https:\/\/www.gpjbaker.com\/fr\/marques\/baker-lifestyle\/opera-garden-fabric\/#primaryimage"},"thumbnailUrl":"https:\/\/www.gpjbaker.com\/wp-content\/uploads\/2016\/03\/col-opera-garden.jpg","datePublished":"2016-03-07T17:17:10+00:00","dateModified":"2025-09-08T17:50:26+00:00","breadcrumb":{"@id":"https:\/\/www.gpjbaker.com\/fr\/marques\/baker-lifestyle\/opera-garden-fabric\/#breadcrumb"},"inLanguage":"fr-FR","potentialAction":[{"@type":"ReadAction","target":["https:\/\/www.gpjbaker.com\/fr\/marques\/baker-lifestyle\/opera-garden-fabric\/"]}]},{"@type":"ImageObject","inLanguage":"fr-FR","@id":"https:\/\/www.gpjbaker.com\/fr\/marques\/baker-lifestyle\/opera-garden-fabric\/#primaryimage","url":"https:\/\/www.gpjbaker.com\/wp-content\/uploads\/2016\/03\/col-opera-garden.jpg","contentUrl":"https:\/\/www.gpjbaker.com\/wp-content\/uploads\/2016\/03\/col-opera-garden.jpg","width":400,"height":255,"caption":"Elle c\u00e9l\u00e8bre l'harmonie entre la musique et la nature avec des imprim\u00e9s fantaisistes et spirituels sur \u00e9toffes et papiers peints"},{"@type":"BreadcrumbList","@id":"https:\/\/www.gpjbaker.com\/fr\/marques\/baker-lifestyle\/opera-garden-fabric\/#breadcrumb","itemListElement":[{"@type":"ListItem","position":1,"name":"Home","item":"https:\/\/www.gpjbaker.com\/fr\/"},{"@type":"ListItem","position":2,"name":"Marques","item":"https:\/\/www.gpjbaker.com\/fr\/marques\/"},{"@type":"ListItem","position":3,"name":"Baker Lifestyle","item":"https:\/\/www.gpjbaker.com\/fr\/marques\/baker-lifestyle\/"},{"@type":"ListItem","position":4,"name":"Opera Garden Fabric"}]},{"@type":"WebSite","@id":"https:\/\/www.gpjbaker.com\/#website","url":"https:\/\/www.gpjbaker.com\/","name":"G P &amp; J Baker","description":"","potentialAction":[{"@type":"SearchAction","target":{"@type":"EntryPoint","urlTemplate":"https:\/\/www.gpjbaker.com\/?s={search_term_string}"},"query-input":{"@type":"PropertyValueSpecification","valueRequired":true,"valueName":"search_term_string"}}],"inLanguage":"fr-FR"}]}},"_links":{"self":[{"href":"https:\/\/www.gpjbaker.com\/fr\/wp-json\/wp\/v2\/pages\/5258","targetHints":{"allow":["GET"]}}],"collection":[{"href":"https:\/\/www.gpjbaker.com\/fr\/wp-json\/wp\/v2\/pages"}],"about":[{"href":"https:\/\/www.gpjbaker.com\/fr\/wp-json\/wp\/v2\/types\/page"}],"author":[{"embeddable":true,"href":"https:\/\/www.gpjbaker.com\/fr\/wp-json\/wp\/v2\/users\/1"}],"replies":[{"embeddable":true,"href":"https:\/\/www.gpjbaker.com\/fr\/wp-json\/wp\/v2\/comments?post=5258"}],"version-history":[{"count":1,"href":"https:\/\/www.gpjbaker.com\/fr\/wp-json\/wp\/v2\/pages\/5258\/revisions"}],"predecessor-version":[{"id":6145,"href":"https:\/\/www.gpjbaker.com\/fr\/wp-json\/wp\/v2\/pages\/5258\/revisions\/6145"}],"up":[{"embeddable":true,"href":"https:\/\/www.gpjbaker.com\/fr\/wp-json\/wp\/v2\/pages\/5290"}],"wp:featuredmedia":[{"embeddable":true,"href":"https:\/\/www.gpjbaker.com\/fr\/wp-json\/wp\/v2\/media\/5560"}],"wp:attachment":[{"href":"https:\/\/www.gpjbaker.com\/fr\/wp-json\/wp\/v2\/media?parent=5258"}],"curies":[{"name":"wp","href":"https:\/\/api.w.org\/{rel}","templated":true}]}}