{"id":5251,"date":"2016-03-07T17:02:33","date_gmt":"2016-03-07T22:02:33","guid":{"rendered":"http:\/\/gpjbaker.com\/fr\/?page_id=5251"},"modified":"2025-09-08T14:41:02","modified_gmt":"2025-09-08T19:41:02","slug":"variation","status":"publish","type":"page","link":"https:\/\/www.gpjbaker.com\/fr\/marques\/threads\/variation\/","title":{"rendered":"Variation"},"content":{"rendered":"<div class=\"wpb-content-wrapper\">[vc_row full_width=&#8221;1&#8243;][vc_column][vc_column_text]Ces superbes collections proposent d&#8217;\u00e9l\u00e9gantes broderies tr\u00e8s contemporaines, de superbes \u00e9toffes ainsi qu&#8217;une ligne de papiers peints uniques qui illustrent la philosophie de Threads, aux cr\u00e9ations subtiles et au luxe discret. Avec la gamme unique de cette collection sophistiqu\u00e9e, aux figures g\u00e9om\u00e9triques et aux courbes sinueuses brod\u00e9es sur de beaux coton, lin et toile de jute, sont associ\u00e9s des fils m\u00e9tallis\u00e9s pour apporter une touche urbaine sophistiqu\u00e9e. Les rev\u00eatements muraux Variation, aux tonalit\u00e9s neutres et lumineuses et aux textures peintes constituent une toile de fond contemporaine \u00e0 l&#8217;\u00e9l\u00e9gance raffin\u00e9e de Threads.[\/vc_column_text][vc_raw_js]JTNDc2NyaXB0JTIwdHlwZSUzRCUyMnRleHQlMkZqYXZhc2NyaXB0JTIyJTNFJTIwJTBBJTBBdmFyJTIwc2VhcmNoVVJMJTIwJTNEJTIwJTIyc29ydCUzRERBVEUlMjZ1c2UlM0RNdWx0aXB1cnBvc2UlMkNVcGhvbHN0ZXJ5JTJDQ3VydGFpbnMlMjZjb2xsZWN0aW9uJTNEVmFyaWF0aW9uJTIyJTNCJTBBJTBBJTNDJTJGc2NyaXB0JTNF[\/vc_raw_js][\/vc_column][\/vc_row]<\/div>","protected":false},"excerpt":{"rendered":"[vc_row full_width=&#8221;1&#8243;][vc_column][vc_column_text]Ces superbes collections proposent d&#8217;\u00e9l\u00e9gantes broderies tr\u00e8s contemporaines, de superbes \u00e9toffes ainsi qu&#8217;une ligne de papiers peints uniques qui illustrent la philosophie de Threads, aux cr\u00e9ations subtiles et au luxe discret. Avec la gamme unique de cette collection sophistiqu\u00e9e, aux figures g\u00e9om\u00e9triques et aux courbes sinueuses brod\u00e9es sur de beaux coton, lin et toile&#8230; <a class=\"view-article\" href=\"https:\/\/www.gpjbaker.com\/fr\/marques\/threads\/variation\/\">Voir l&#8217;article<\/a>","protected":false},"author":1,"featured_media":6443,"parent":5289,"menu_order":1,"comment_status":"closed","ping_status":"closed","template":"template-collections.php","meta":{"footnotes":""},"class_list":["post-5251","page","type-page","status-publish","has-post-thumbnail","hentry","page_language-fr"],"yoast_head":"<!-- This site is optimized with the Yoast SEO plugin v26.8 - https:\/\/yoast.com\/product\/yoast-seo-wordpress\/ -->\n<title>Variation - G P &amp; J Baker<\/title>\n<meta name=\"robots\" content=\"index, follow, max-snippet:-1, max-image-preview:large, max-video-preview:-1\" \/>\n<link rel=\"canonical\" href=\"https:\/\/www.gpjbaker.com\/fr\/marques\/threads\/variation\/\" \/>\n<meta property=\"og:locale\" content=\"fr_FR\" \/>\n<meta property=\"og:type\" content=\"article\" \/>\n<meta property=\"og:title\" content=\"Variation - G P &amp; J Baker\" \/>\n<meta property=\"og:description\" content=\"[vc_row full_width=&#8221;1&#8243;][vc_column][vc_column_text]Ces superbes collections proposent d&#8217;\u00e9l\u00e9gantes broderies tr\u00e8s contemporaines, de superbes \u00e9toffes ainsi qu&#8217;une ligne de papiers peints uniques qui illustrent la philosophie de Threads, aux cr\u00e9ations subtiles et au luxe discret. Avec la gamme unique de cette collection sophistiqu\u00e9e, aux figures g\u00e9om\u00e9triques et aux courbes sinueuses brod\u00e9es sur de beaux coton, lin et toile... Voir l&#039;article\" \/>\n<meta property=\"og:url\" content=\"https:\/\/www.gpjbaker.com\/fr\/marques\/threads\/variation\/\" \/>\n<meta property=\"og:site_name\" content=\"G P &amp; J Baker\" \/>\n<meta property=\"article:modified_time\" content=\"2025-09-08T19:41:02+00:00\" \/>\n<meta property=\"og:image\" content=\"https:\/\/www.gpjbaker.com\/wp-content\/uploads\/2015\/10\/col-variation.jpg\" \/>\n\t<meta property=\"og:image:width\" content=\"400\" \/>\n\t<meta property=\"og:image:height\" content=\"255\" \/>\n\t<meta property=\"og:image:type\" content=\"image\/jpeg\" \/>\n<meta name=\"twitter:card\" content=\"summary_large_image\" \/>\n<meta name=\"twitter:label1\" content=\"Est. reading time\" \/>\n\t<meta name=\"twitter:data1\" content=\"1 minute\" \/>\n<script type=\"application\/ld+json\" class=\"yoast-schema-graph\">{\"@context\":\"https:\/\/schema.org\",\"@graph\":[{\"@type\":\"WebPage\",\"@id\":\"https:\/\/www.gpjbaker.com\/fr\/marques\/threads\/variation\/\",\"url\":\"https:\/\/www.gpjbaker.com\/fr\/marques\/threads\/variation\/\",\"name\":\"Variation - G P &amp; J Baker\",\"isPartOf\":{\"@id\":\"https:\/\/www.gpjbaker.com\/#website\"},\"primaryImageOfPage\":{\"@id\":\"https:\/\/www.gpjbaker.com\/fr\/marques\/threads\/variation\/#primaryimage\"},\"image\":{\"@id\":\"https:\/\/www.gpjbaker.com\/fr\/marques\/threads\/variation\/#primaryimage\"},\"thumbnailUrl\":\"https:\/\/www.gpjbaker.com\/wp-content\/uploads\/2015\/10\/col-variation.jpg\",\"datePublished\":\"2016-03-07T22:02:33+00:00\",\"dateModified\":\"2025-09-08T19:41:02+00:00\",\"breadcrumb\":{\"@id\":\"https:\/\/www.gpjbaker.com\/fr\/marques\/threads\/variation\/#breadcrumb\"},\"inLanguage\":\"fr-FR\",\"potentialAction\":[{\"@type\":\"ReadAction\",\"target\":[\"https:\/\/www.gpjbaker.com\/fr\/marques\/threads\/variation\/\"]}]},{\"@type\":\"ImageObject\",\"inLanguage\":\"fr-FR\",\"@id\":\"https:\/\/www.gpjbaker.com\/fr\/marques\/threads\/variation\/#primaryimage\",\"url\":\"https:\/\/www.gpjbaker.com\/wp-content\/uploads\/2015\/10\/col-variation.jpg\",\"contentUrl\":\"https:\/\/www.gpjbaker.com\/wp-content\/uploads\/2015\/10\/col-variation.jpg\",\"width\":400,\"height\":255,\"caption\":\"Des broderies tr\u00e8s contemporaines, d'\u00e9l\u00e9gantes \u00e9toffes et de superbes lignes de rev\u00eatements muraux\"},{\"@type\":\"BreadcrumbList\",\"@id\":\"https:\/\/www.gpjbaker.com\/fr\/marques\/threads\/variation\/#breadcrumb\",\"itemListElement\":[{\"@type\":\"ListItem\",\"position\":1,\"name\":\"Home\",\"item\":\"https:\/\/www.gpjbaker.com\/fr\/\"},{\"@type\":\"ListItem\",\"position\":2,\"name\":\"Marques\",\"item\":\"https:\/\/www.gpjbaker.com\/fr\/marques\/\"},{\"@type\":\"ListItem\",\"position\":3,\"name\":\"Threads\",\"item\":\"https:\/\/www.gpjbaker.com\/fr\/marques\/threads\/\"},{\"@type\":\"ListItem\",\"position\":4,\"name\":\"Variation\"}]},{\"@type\":\"WebSite\",\"@id\":\"https:\/\/www.gpjbaker.com\/#website\",\"url\":\"https:\/\/www.gpjbaker.com\/\",\"name\":\"G P &amp; J Baker\",\"description\":\"\",\"potentialAction\":[{\"@type\":\"SearchAction\",\"target\":{\"@type\":\"EntryPoint\",\"urlTemplate\":\"https:\/\/www.gpjbaker.com\/?s={search_term_string}\"},\"query-input\":{\"@type\":\"PropertyValueSpecification\",\"valueRequired\":true,\"valueName\":\"search_term_string\"}}],\"inLanguage\":\"fr-FR\"}]}<\/script>\n<!-- \/ Yoast SEO plugin. -->","yoast_head_json":{"title":"Variation - G P &amp; J Baker","robots":{"index":"index","follow":"follow","max-snippet":"max-snippet:-1","max-image-preview":"max-image-preview:large","max-video-preview":"max-video-preview:-1"},"canonical":"https:\/\/www.gpjbaker.com\/fr\/marques\/threads\/variation\/","og_locale":"fr_FR","og_type":"article","og_title":"Variation - G P &amp; J Baker","og_description":"[vc_row full_width=&#8221;1&#8243;][vc_column][vc_column_text]Ces superbes collections proposent d&#8217;\u00e9l\u00e9gantes broderies tr\u00e8s contemporaines, de superbes \u00e9toffes ainsi qu&#8217;une ligne de papiers peints uniques qui illustrent la philosophie de Threads, aux cr\u00e9ations subtiles et au luxe discret. Avec la gamme unique de cette collection sophistiqu\u00e9e, aux figures g\u00e9om\u00e9triques et aux courbes sinueuses brod\u00e9es sur de beaux coton, lin et toile... Voir l'article","og_url":"https:\/\/www.gpjbaker.com\/fr\/marques\/threads\/variation\/","og_site_name":"G P &amp; J Baker","article_modified_time":"2025-09-08T19:41:02+00:00","og_image":[{"width":400,"height":255,"url":"https:\/\/www.gpjbaker.com\/wp-content\/uploads\/2015\/10\/col-variation.jpg","type":"image\/jpeg"}],"twitter_card":"summary_large_image","twitter_misc":{"Est. reading time":"1 minute"},"schema":{"@context":"https:\/\/schema.org","@graph":[{"@type":"WebPage","@id":"https:\/\/www.gpjbaker.com\/fr\/marques\/threads\/variation\/","url":"https:\/\/www.gpjbaker.com\/fr\/marques\/threads\/variation\/","name":"Variation - G P &amp; J Baker","isPartOf":{"@id":"https:\/\/www.gpjbaker.com\/#website"},"primaryImageOfPage":{"@id":"https:\/\/www.gpjbaker.com\/fr\/marques\/threads\/variation\/#primaryimage"},"image":{"@id":"https:\/\/www.gpjbaker.com\/fr\/marques\/threads\/variation\/#primaryimage"},"thumbnailUrl":"https:\/\/www.gpjbaker.com\/wp-content\/uploads\/2015\/10\/col-variation.jpg","datePublished":"2016-03-07T22:02:33+00:00","dateModified":"2025-09-08T19:41:02+00:00","breadcrumb":{"@id":"https:\/\/www.gpjbaker.com\/fr\/marques\/threads\/variation\/#breadcrumb"},"inLanguage":"fr-FR","potentialAction":[{"@type":"ReadAction","target":["https:\/\/www.gpjbaker.com\/fr\/marques\/threads\/variation\/"]}]},{"@type":"ImageObject","inLanguage":"fr-FR","@id":"https:\/\/www.gpjbaker.com\/fr\/marques\/threads\/variation\/#primaryimage","url":"https:\/\/www.gpjbaker.com\/wp-content\/uploads\/2015\/10\/col-variation.jpg","contentUrl":"https:\/\/www.gpjbaker.com\/wp-content\/uploads\/2015\/10\/col-variation.jpg","width":400,"height":255,"caption":"Des broderies tr\u00e8s contemporaines, d'\u00e9l\u00e9gantes \u00e9toffes et de superbes lignes de rev\u00eatements muraux"},{"@type":"BreadcrumbList","@id":"https:\/\/www.gpjbaker.com\/fr\/marques\/threads\/variation\/#breadcrumb","itemListElement":[{"@type":"ListItem","position":1,"name":"Home","item":"https:\/\/www.gpjbaker.com\/fr\/"},{"@type":"ListItem","position":2,"name":"Marques","item":"https:\/\/www.gpjbaker.com\/fr\/marques\/"},{"@type":"ListItem","position":3,"name":"Threads","item":"https:\/\/www.gpjbaker.com\/fr\/marques\/threads\/"},{"@type":"ListItem","position":4,"name":"Variation"}]},{"@type":"WebSite","@id":"https:\/\/www.gpjbaker.com\/#website","url":"https:\/\/www.gpjbaker.com\/","name":"G P &amp; J Baker","description":"","potentialAction":[{"@type":"SearchAction","target":{"@type":"EntryPoint","urlTemplate":"https:\/\/www.gpjbaker.com\/?s={search_term_string}"},"query-input":{"@type":"PropertyValueSpecification","valueRequired":true,"valueName":"search_term_string"}}],"inLanguage":"fr-FR"}]}},"_links":{"self":[{"href":"https:\/\/www.gpjbaker.com\/fr\/wp-json\/wp\/v2\/pages\/5251","targetHints":{"allow":["GET"]}}],"collection":[{"href":"https:\/\/www.gpjbaker.com\/fr\/wp-json\/wp\/v2\/pages"}],"about":[{"href":"https:\/\/www.gpjbaker.com\/fr\/wp-json\/wp\/v2\/types\/page"}],"author":[{"embeddable":true,"href":"https:\/\/www.gpjbaker.com\/fr\/wp-json\/wp\/v2\/users\/1"}],"replies":[{"embeddable":true,"href":"https:\/\/www.gpjbaker.com\/fr\/wp-json\/wp\/v2\/comments?post=5251"}],"version-history":[{"count":1,"href":"https:\/\/www.gpjbaker.com\/fr\/wp-json\/wp\/v2\/pages\/5251\/revisions"}],"predecessor-version":[{"id":6053,"href":"https:\/\/www.gpjbaker.com\/fr\/wp-json\/wp\/v2\/pages\/5251\/revisions\/6053"}],"up":[{"embeddable":true,"href":"https:\/\/www.gpjbaker.com\/fr\/wp-json\/wp\/v2\/pages\/5289"}],"wp:featuredmedia":[{"embeddable":true,"href":"https:\/\/www.gpjbaker.com\/fr\/wp-json\/wp\/v2\/media\/6443"}],"wp:attachment":[{"href":"https:\/\/www.gpjbaker.com\/fr\/wp-json\/wp\/v2\/media?parent=5251"}],"curies":[{"name":"wp","href":"https:\/\/api.w.org\/{rel}","templated":true}]}}