{"id":5247,"date":"2016-03-07T12:23:36","date_gmt":"2016-03-07T17:23:36","guid":{"rendered":"http:\/\/gpjbaker.com\/fr\/?page_id=5247"},"modified":"2025-09-11T15:54:17","modified_gmt":"2025-09-11T20:54:17","slug":"maisonnette","status":"publish","type":"page","link":"https:\/\/www.gpjbaker.com\/fr\/marques\/brunschwig-fils\/maisonnette\/","title":{"rendered":"Maisonnette"},"content":{"rendered":"<div class=\"wpb-content-wrapper\">[vc_row full_width=&#8221;1&#8243;][vc_column][vc_column_text]Les merveilleux imprim\u00e9s, \u00e9toffes luxueuses et broderies sophistiqu\u00e9es de la collection Maisonnette de Brunschwig &amp; Fils s&#8217;associent harmonieusement pour cr\u00e9er des int\u00e9rieurs \u00e9clatants qui semblent avoir \u00e9t\u00e9 constitu\u00e9s au fil du temps. Cette collection emprunte son nom \u00e0 une pr\u00e9c\u00e9dente collection, datant des ann\u00e9es soixante, et propose une gamme de motifs d&#8217;inspiration ethnique, classique et contemporain dont beaucoup d&#8217;entre eux proviennent des dessins d&#8217;archive de Brunschwig &amp; Fils et ont \u00e9t\u00e9 revisit\u00e9s avec de nouvelles associations de styles et de coloris. Maisonnette, en s&#8217;inspirant d&#8217;un h\u00e9ritage de motifs exceptionnels de grande qualit\u00e9, offre des possibilit\u00e9s illimit\u00e9es d&#8217;associer diff\u00e9rents \u00e9l\u00e9ments classiques et de nouveaux motifs, en ajoutant ainsi une touche contemporaine \u00e0 des int\u00e9rieurs sophistiqu\u00e9s.[\/vc_column_text][vc_raw_js]JTNDc2NyaXB0JTIwdHlwZSUzRCUyMnRleHQlMkZqYXZhc2NyaXB0JTIyJTNFJTIwJTBBJTBBdmFyJTIwc2VhcmNoVVJMJTIwJTNEJTIwJTIyc29ydCUzRERBVEUlMjZ1c2UlM0RNdWx0aXB1cnBvc2UlMkNVcGhvbHN0ZXJ5JTJDQ3VydGFpbnMlMjZjb2xsZWN0aW9uJTNETWFpc29ubmV0dGUlMjIlM0IlMEElMEElM0MlMkZzY3JpcHQlM0UlMEE=[\/vc_raw_js][\/vc_column][\/vc_row]<\/div>","protected":false},"excerpt":{"rendered":"[vc_row full_width=&#8221;1&#8243;][vc_column][vc_column_text]Les merveilleux imprim\u00e9s, \u00e9toffes luxueuses et broderies sophistiqu\u00e9es de la collection Maisonnette de Brunschwig &amp; Fils s&#8217;associent harmonieusement pour cr\u00e9er des int\u00e9rieurs \u00e9clatants qui semblent avoir \u00e9t\u00e9 constitu\u00e9s au fil du temps. Cette collection emprunte son nom \u00e0 une pr\u00e9c\u00e9dente collection, datant des ann\u00e9es soixante, et propose une gamme de motifs d&#8217;inspiration ethnique, classique&#8230; <a class=\"view-article\" href=\"https:\/\/www.gpjbaker.com\/fr\/marques\/brunschwig-fils\/maisonnette\/\">Voir l&#8217;article<\/a>","protected":false},"author":1,"featured_media":5524,"parent":5288,"menu_order":5,"comment_status":"closed","ping_status":"closed","template":"template-collections.php","meta":{"footnotes":""},"class_list":["post-5247","page","type-page","status-publish","has-post-thumbnail","hentry","page_language-fr"],"yoast_head":"<!-- This site is optimized with the Yoast SEO plugin v26.8 - https:\/\/yoast.com\/product\/yoast-seo-wordpress\/ -->\n<title>Maisonnette - G P &amp; J Baker<\/title>\n<meta name=\"robots\" content=\"index, follow, max-snippet:-1, max-image-preview:large, max-video-preview:-1\" \/>\n<link rel=\"canonical\" href=\"https:\/\/www.gpjbaker.com\/fr\/marques\/brunschwig-fils\/maisonnette\/\" \/>\n<meta property=\"og:locale\" content=\"fr_FR\" \/>\n<meta property=\"og:type\" content=\"article\" \/>\n<meta property=\"og:title\" content=\"Maisonnette - G P &amp; J Baker\" \/>\n<meta property=\"og:description\" content=\"[vc_row full_width=&#8221;1&#8243;][vc_column][vc_column_text]Les merveilleux imprim\u00e9s, \u00e9toffes luxueuses et broderies sophistiqu\u00e9es de la collection Maisonnette de Brunschwig &amp; Fils s&#8217;associent harmonieusement pour cr\u00e9er des int\u00e9rieurs \u00e9clatants qui semblent avoir \u00e9t\u00e9 constitu\u00e9s au fil du temps. Cette collection emprunte son nom \u00e0 une pr\u00e9c\u00e9dente collection, datant des ann\u00e9es soixante, et propose une gamme de motifs d&#8217;inspiration ethnique, classique... Voir l&#039;article\" \/>\n<meta property=\"og:url\" content=\"https:\/\/www.gpjbaker.com\/fr\/marques\/brunschwig-fils\/maisonnette\/\" \/>\n<meta property=\"og:site_name\" content=\"G P &amp; J Baker\" \/>\n<meta property=\"article:modified_time\" content=\"2025-09-11T20:54:17+00:00\" \/>\n<meta property=\"og:image\" content=\"https:\/\/www.gpjbaker.com\/wp-content\/uploads\/2016\/03\/maissonette_thumb.jpg\" \/>\n\t<meta property=\"og:image:width\" content=\"400\" \/>\n\t<meta property=\"og:image:height\" content=\"260\" \/>\n\t<meta property=\"og:image:type\" content=\"image\/jpeg\" \/>\n<meta name=\"twitter:card\" content=\"summary_large_image\" \/>\n<meta name=\"twitter:label1\" content=\"Est. reading time\" \/>\n\t<meta name=\"twitter:data1\" content=\"1 minute\" \/>\n<script type=\"application\/ld+json\" class=\"yoast-schema-graph\">{\"@context\":\"https:\/\/schema.org\",\"@graph\":[{\"@type\":\"WebPage\",\"@id\":\"https:\/\/www.gpjbaker.com\/fr\/marques\/brunschwig-fils\/maisonnette\/\",\"url\":\"https:\/\/www.gpjbaker.com\/fr\/marques\/brunschwig-fils\/maisonnette\/\",\"name\":\"Maisonnette - G P &amp; J Baker\",\"isPartOf\":{\"@id\":\"https:\/\/www.gpjbaker.com\/#website\"},\"primaryImageOfPage\":{\"@id\":\"https:\/\/www.gpjbaker.com\/fr\/marques\/brunschwig-fils\/maisonnette\/#primaryimage\"},\"image\":{\"@id\":\"https:\/\/www.gpjbaker.com\/fr\/marques\/brunschwig-fils\/maisonnette\/#primaryimage\"},\"thumbnailUrl\":\"https:\/\/www.gpjbaker.com\/wp-content\/uploads\/2016\/03\/maissonette_thumb.jpg\",\"datePublished\":\"2016-03-07T17:23:36+00:00\",\"dateModified\":\"2025-09-11T20:54:17+00:00\",\"breadcrumb\":{\"@id\":\"https:\/\/www.gpjbaker.com\/fr\/marques\/brunschwig-fils\/maisonnette\/#breadcrumb\"},\"inLanguage\":\"fr-FR\",\"potentialAction\":[{\"@type\":\"ReadAction\",\"target\":[\"https:\/\/www.gpjbaker.com\/fr\/marques\/brunschwig-fils\/maisonnette\/\"]}]},{\"@type\":\"ImageObject\",\"inLanguage\":\"fr-FR\",\"@id\":\"https:\/\/www.gpjbaker.com\/fr\/marques\/brunschwig-fils\/maisonnette\/#primaryimage\",\"url\":\"https:\/\/www.gpjbaker.com\/wp-content\/uploads\/2016\/03\/maissonette_thumb.jpg\",\"contentUrl\":\"https:\/\/www.gpjbaker.com\/wp-content\/uploads\/2016\/03\/maissonette_thumb.jpg\",\"width\":400,\"height\":260,\"caption\":\"Des motifs ethniques, traditionnels ou contemporains r\u00e9interpr\u00e9t\u00e9s, provenant des collections de Brunschwig &amp; Fils des derni\u00e8res d\u00e9cennies\"},{\"@type\":\"BreadcrumbList\",\"@id\":\"https:\/\/www.gpjbaker.com\/fr\/marques\/brunschwig-fils\/maisonnette\/#breadcrumb\",\"itemListElement\":[{\"@type\":\"ListItem\",\"position\":1,\"name\":\"Home\",\"item\":\"https:\/\/www.gpjbaker.com\/fr\/\"},{\"@type\":\"ListItem\",\"position\":2,\"name\":\"Marques\",\"item\":\"https:\/\/www.gpjbaker.com\/fr\/marques\/\"},{\"@type\":\"ListItem\",\"position\":3,\"name\":\"Brunschwig &#038; Fils\",\"item\":\"https:\/\/www.gpjbaker.com\/fr\/marques\/brunschwig-fils\/\"},{\"@type\":\"ListItem\",\"position\":4,\"name\":\"Maisonnette\"}]},{\"@type\":\"WebSite\",\"@id\":\"https:\/\/www.gpjbaker.com\/#website\",\"url\":\"https:\/\/www.gpjbaker.com\/\",\"name\":\"G P &amp; J Baker\",\"description\":\"\",\"potentialAction\":[{\"@type\":\"SearchAction\",\"target\":{\"@type\":\"EntryPoint\",\"urlTemplate\":\"https:\/\/www.gpjbaker.com\/?s={search_term_string}\"},\"query-input\":{\"@type\":\"PropertyValueSpecification\",\"valueRequired\":true,\"valueName\":\"search_term_string\"}}],\"inLanguage\":\"fr-FR\"}]}<\/script>\n<!-- \/ Yoast SEO plugin. -->","yoast_head_json":{"title":"Maisonnette - G P &amp; J Baker","robots":{"index":"index","follow":"follow","max-snippet":"max-snippet:-1","max-image-preview":"max-image-preview:large","max-video-preview":"max-video-preview:-1"},"canonical":"https:\/\/www.gpjbaker.com\/fr\/marques\/brunschwig-fils\/maisonnette\/","og_locale":"fr_FR","og_type":"article","og_title":"Maisonnette - G P &amp; J Baker","og_description":"[vc_row full_width=&#8221;1&#8243;][vc_column][vc_column_text]Les merveilleux imprim\u00e9s, \u00e9toffes luxueuses et broderies sophistiqu\u00e9es de la collection Maisonnette de Brunschwig &amp; Fils s&#8217;associent harmonieusement pour cr\u00e9er des int\u00e9rieurs \u00e9clatants qui semblent avoir \u00e9t\u00e9 constitu\u00e9s au fil du temps. Cette collection emprunte son nom \u00e0 une pr\u00e9c\u00e9dente collection, datant des ann\u00e9es soixante, et propose une gamme de motifs d&#8217;inspiration ethnique, classique... Voir l'article","og_url":"https:\/\/www.gpjbaker.com\/fr\/marques\/brunschwig-fils\/maisonnette\/","og_site_name":"G P &amp; J Baker","article_modified_time":"2025-09-11T20:54:17+00:00","og_image":[{"width":400,"height":260,"url":"https:\/\/www.gpjbaker.com\/wp-content\/uploads\/2016\/03\/maissonette_thumb.jpg","type":"image\/jpeg"}],"twitter_card":"summary_large_image","twitter_misc":{"Est. reading time":"1 minute"},"schema":{"@context":"https:\/\/schema.org","@graph":[{"@type":"WebPage","@id":"https:\/\/www.gpjbaker.com\/fr\/marques\/brunschwig-fils\/maisonnette\/","url":"https:\/\/www.gpjbaker.com\/fr\/marques\/brunschwig-fils\/maisonnette\/","name":"Maisonnette - G P &amp; J Baker","isPartOf":{"@id":"https:\/\/www.gpjbaker.com\/#website"},"primaryImageOfPage":{"@id":"https:\/\/www.gpjbaker.com\/fr\/marques\/brunschwig-fils\/maisonnette\/#primaryimage"},"image":{"@id":"https:\/\/www.gpjbaker.com\/fr\/marques\/brunschwig-fils\/maisonnette\/#primaryimage"},"thumbnailUrl":"https:\/\/www.gpjbaker.com\/wp-content\/uploads\/2016\/03\/maissonette_thumb.jpg","datePublished":"2016-03-07T17:23:36+00:00","dateModified":"2025-09-11T20:54:17+00:00","breadcrumb":{"@id":"https:\/\/www.gpjbaker.com\/fr\/marques\/brunschwig-fils\/maisonnette\/#breadcrumb"},"inLanguage":"fr-FR","potentialAction":[{"@type":"ReadAction","target":["https:\/\/www.gpjbaker.com\/fr\/marques\/brunschwig-fils\/maisonnette\/"]}]},{"@type":"ImageObject","inLanguage":"fr-FR","@id":"https:\/\/www.gpjbaker.com\/fr\/marques\/brunschwig-fils\/maisonnette\/#primaryimage","url":"https:\/\/www.gpjbaker.com\/wp-content\/uploads\/2016\/03\/maissonette_thumb.jpg","contentUrl":"https:\/\/www.gpjbaker.com\/wp-content\/uploads\/2016\/03\/maissonette_thumb.jpg","width":400,"height":260,"caption":"Des motifs ethniques, traditionnels ou contemporains r\u00e9interpr\u00e9t\u00e9s, provenant des collections de Brunschwig &amp; Fils des derni\u00e8res d\u00e9cennies"},{"@type":"BreadcrumbList","@id":"https:\/\/www.gpjbaker.com\/fr\/marques\/brunschwig-fils\/maisonnette\/#breadcrumb","itemListElement":[{"@type":"ListItem","position":1,"name":"Home","item":"https:\/\/www.gpjbaker.com\/fr\/"},{"@type":"ListItem","position":2,"name":"Marques","item":"https:\/\/www.gpjbaker.com\/fr\/marques\/"},{"@type":"ListItem","position":3,"name":"Brunschwig &#038; Fils","item":"https:\/\/www.gpjbaker.com\/fr\/marques\/brunschwig-fils\/"},{"@type":"ListItem","position":4,"name":"Maisonnette"}]},{"@type":"WebSite","@id":"https:\/\/www.gpjbaker.com\/#website","url":"https:\/\/www.gpjbaker.com\/","name":"G P &amp; J Baker","description":"","potentialAction":[{"@type":"SearchAction","target":{"@type":"EntryPoint","urlTemplate":"https:\/\/www.gpjbaker.com\/?s={search_term_string}"},"query-input":{"@type":"PropertyValueSpecification","valueRequired":true,"valueName":"search_term_string"}}],"inLanguage":"fr-FR"}]}},"_links":{"self":[{"href":"https:\/\/www.gpjbaker.com\/fr\/wp-json\/wp\/v2\/pages\/5247","targetHints":{"allow":["GET"]}}],"collection":[{"href":"https:\/\/www.gpjbaker.com\/fr\/wp-json\/wp\/v2\/pages"}],"about":[{"href":"https:\/\/www.gpjbaker.com\/fr\/wp-json\/wp\/v2\/types\/page"}],"author":[{"embeddable":true,"href":"https:\/\/www.gpjbaker.com\/fr\/wp-json\/wp\/v2\/users\/1"}],"replies":[{"embeddable":true,"href":"https:\/\/www.gpjbaker.com\/fr\/wp-json\/wp\/v2\/comments?post=5247"}],"version-history":[{"count":1,"href":"https:\/\/www.gpjbaker.com\/fr\/wp-json\/wp\/v2\/pages\/5247\/revisions"}],"predecessor-version":[{"id":6236,"href":"https:\/\/www.gpjbaker.com\/fr\/wp-json\/wp\/v2\/pages\/5247\/revisions\/6236"}],"up":[{"embeddable":true,"href":"https:\/\/www.gpjbaker.com\/fr\/wp-json\/wp\/v2\/pages\/5288"}],"wp:featuredmedia":[{"embeddable":true,"href":"https:\/\/www.gpjbaker.com\/fr\/wp-json\/wp\/v2\/media\/5524"}],"wp:attachment":[{"href":"https:\/\/www.gpjbaker.com\/fr\/wp-json\/wp\/v2\/media?parent=5247"}],"curies":[{"name":"wp","href":"https:\/\/api.w.org\/{rel}","templated":true}]}}