{"id":5246,"date":"2016-03-07T13:40:44","date_gmt":"2016-03-07T18:40:44","guid":{"rendered":"http:\/\/gpjbaker.com\/fr\/?page_id=5246"},"modified":"2025-09-11T15:51:16","modified_gmt":"2025-09-11T20:51:16","slug":"tresors-de-jouy","status":"publish","type":"page","link":"https:\/\/www.gpjbaker.com\/fr\/marques\/brunschwig-fils\/tresors-de-jouy\/","title":{"rendered":"Tresors de Jouy"},"content":{"rendered":"<div class=\"wpb-content-wrapper\">[vc_row full_width=&#8221;1&#8243;][vc_column][vc_column_text]Tr\u00e9sors de Jouy s&#8217;inspire de la beaut\u00e9 et du savoir-faire des imprim\u00e9s en Toiles de Jouy en proposant une large collection de charmantes \u00e9toffes rustiques qui caract\u00e9risent le style Proven\u00e7al. Ces gracieux imprim\u00e9s, cr\u00e9\u00e9s au 18\u00e8me si\u00e8cle, repr\u00e9sentent le plus souvent de romantiques sc\u00e8nes champ\u00eatres. La manufacture de Christophe-Philippe Oberkampf \u00e0 Jouy-en-Josas, un petit hameau pr\u00e8s de Versailles, fabriquait les plus belles toiles dont est tir\u00e9 le nom. Tr\u00e9sors de Jouy, qui nourrit une vraie passion pour les motifs champ\u00eatres fran\u00e7ais, c\u00e9l\u00e8bre ces cr\u00e9ations tr\u00e8s anciennes ainsi que la manufacture qui les a rendues c\u00e9l\u00e8bres.[\/vc_column_text][vc_raw_js]JTNDc2NyaXB0JTIwdHlwZSUzRCUyMnRleHQlMkZqYXZhc2NyaXB0JTIyJTNFJTIwJTBBJTBBdmFyJTIwc2VhcmNoVVJMJTIwJTNEJTIwJTIyc29ydCUzRERBVEUlMjZ1c2UlM0RNdWx0aXB1cnBvc2UlMkNVcGhvbHN0ZXJ5JTJDQ3VydGFpbnMlMjZjb2xsZWN0aW9uJTNEVHJlc29ycyUyMERlJTIwSm91eSUyMiUzQiUwQSUwQSUzQyUyRnNjcmlwdCUzRSUwQQ==[\/vc_raw_js][\/vc_column][\/vc_row]<\/div>","protected":false},"excerpt":{"rendered":"[vc_row full_width=&#8221;1&#8243;][vc_column][vc_column_text]Tr\u00e9sors de Jouy s&#8217;inspire de la beaut\u00e9 et du savoir-faire des imprim\u00e9s en Toiles de Jouy en proposant une large collection de charmantes \u00e9toffes rustiques qui caract\u00e9risent le style Proven\u00e7al. Ces gracieux imprim\u00e9s, cr\u00e9\u00e9s au 18\u00e8me si\u00e8cle, repr\u00e9sentent le plus souvent de romantiques sc\u00e8nes champ\u00eatres. La manufacture de Christophe-Philippe Oberkampf \u00e0 Jouy-en-Josas, un petit&#8230; <a class=\"view-article\" href=\"https:\/\/www.gpjbaker.com\/fr\/marques\/brunschwig-fils\/tresors-de-jouy\/\">Voir l&#8217;article<\/a>","protected":false},"author":1,"featured_media":5580,"parent":5288,"menu_order":5,"comment_status":"closed","ping_status":"closed","template":"template-collections.php","meta":{"footnotes":""},"class_list":["post-5246","page","type-page","status-publish","has-post-thumbnail","hentry","page_language-fr"],"yoast_head":"<!-- This site is optimized with the Yoast SEO plugin v26.8 - https:\/\/yoast.com\/product\/yoast-seo-wordpress\/ -->\n<title>Tresors de Jouy - G P &amp; J Baker<\/title>\n<meta name=\"robots\" content=\"index, follow, max-snippet:-1, max-image-preview:large, max-video-preview:-1\" \/>\n<link rel=\"canonical\" href=\"https:\/\/www.gpjbaker.com\/fr\/marques\/brunschwig-fils\/tresors-de-jouy\/\" \/>\n<meta property=\"og:locale\" content=\"fr_FR\" \/>\n<meta property=\"og:type\" content=\"article\" \/>\n<meta property=\"og:title\" content=\"Tresors de Jouy - G P &amp; J Baker\" \/>\n<meta property=\"og:description\" content=\"[vc_row full_width=&#8221;1&#8243;][vc_column][vc_column_text]Tr\u00e9sors de Jouy s&#8217;inspire de la beaut\u00e9 et du savoir-faire des imprim\u00e9s en Toiles de Jouy en proposant une large collection de charmantes \u00e9toffes rustiques qui caract\u00e9risent le style Proven\u00e7al. Ces gracieux imprim\u00e9s, cr\u00e9\u00e9s au 18\u00e8me si\u00e8cle, repr\u00e9sentent le plus souvent de romantiques sc\u00e8nes champ\u00eatres. La manufacture de Christophe-Philippe Oberkampf \u00e0 Jouy-en-Josas, un petit... Voir l&#039;article\" \/>\n<meta property=\"og:url\" content=\"https:\/\/www.gpjbaker.com\/fr\/marques\/brunschwig-fils\/tresors-de-jouy\/\" \/>\n<meta property=\"og:site_name\" content=\"G P &amp; J Baker\" \/>\n<meta property=\"article:modified_time\" content=\"2025-09-11T20:51:16+00:00\" \/>\n<meta property=\"og:image\" content=\"https:\/\/www.gpjbaker.com\/wp-content\/uploads\/2016\/03\/col-tresors-de-jouy_thumb.jpg\" \/>\n\t<meta property=\"og:image:width\" content=\"400\" \/>\n\t<meta property=\"og:image:height\" content=\"260\" \/>\n\t<meta property=\"og:image:type\" content=\"image\/jpeg\" \/>\n<meta name=\"twitter:card\" content=\"summary_large_image\" \/>\n<meta name=\"twitter:label1\" content=\"Est. reading time\" \/>\n\t<meta name=\"twitter:data1\" content=\"1 minute\" \/>\n<script type=\"application\/ld+json\" class=\"yoast-schema-graph\">{\"@context\":\"https:\/\/schema.org\",\"@graph\":[{\"@type\":\"WebPage\",\"@id\":\"https:\/\/www.gpjbaker.com\/fr\/marques\/brunschwig-fils\/tresors-de-jouy\/\",\"url\":\"https:\/\/www.gpjbaker.com\/fr\/marques\/brunschwig-fils\/tresors-de-jouy\/\",\"name\":\"Tresors de Jouy - G P &amp; J Baker\",\"isPartOf\":{\"@id\":\"https:\/\/www.gpjbaker.com\/#website\"},\"primaryImageOfPage\":{\"@id\":\"https:\/\/www.gpjbaker.com\/fr\/marques\/brunschwig-fils\/tresors-de-jouy\/#primaryimage\"},\"image\":{\"@id\":\"https:\/\/www.gpjbaker.com\/fr\/marques\/brunschwig-fils\/tresors-de-jouy\/#primaryimage\"},\"thumbnailUrl\":\"https:\/\/www.gpjbaker.com\/wp-content\/uploads\/2016\/03\/col-tresors-de-jouy_thumb.jpg\",\"datePublished\":\"2016-03-07T18:40:44+00:00\",\"dateModified\":\"2025-09-11T20:51:16+00:00\",\"breadcrumb\":{\"@id\":\"https:\/\/www.gpjbaker.com\/fr\/marques\/brunschwig-fils\/tresors-de-jouy\/#breadcrumb\"},\"inLanguage\":\"fr-FR\",\"potentialAction\":[{\"@type\":\"ReadAction\",\"target\":[\"https:\/\/www.gpjbaker.com\/fr\/marques\/brunschwig-fils\/tresors-de-jouy\/\"]}]},{\"@type\":\"ImageObject\",\"inLanguage\":\"fr-FR\",\"@id\":\"https:\/\/www.gpjbaker.com\/fr\/marques\/brunschwig-fils\/tresors-de-jouy\/#primaryimage\",\"url\":\"https:\/\/www.gpjbaker.com\/wp-content\/uploads\/2016\/03\/col-tresors-de-jouy_thumb.jpg\",\"contentUrl\":\"https:\/\/www.gpjbaker.com\/wp-content\/uploads\/2016\/03\/col-tresors-de-jouy_thumb.jpg\",\"width\":400,\"height\":260,\"caption\":\"C\u00e9l\u00e8bre la beaut\u00e9 et le savoir-faire des toiles traditionnelles dans ces collections de tissus et papiers peints\"},{\"@type\":\"BreadcrumbList\",\"@id\":\"https:\/\/www.gpjbaker.com\/fr\/marques\/brunschwig-fils\/tresors-de-jouy\/#breadcrumb\",\"itemListElement\":[{\"@type\":\"ListItem\",\"position\":1,\"name\":\"Home\",\"item\":\"https:\/\/www.gpjbaker.com\/fr\/\"},{\"@type\":\"ListItem\",\"position\":2,\"name\":\"Marques\",\"item\":\"https:\/\/www.gpjbaker.com\/fr\/marques\/\"},{\"@type\":\"ListItem\",\"position\":3,\"name\":\"Brunschwig &#038; Fils\",\"item\":\"https:\/\/www.gpjbaker.com\/fr\/marques\/brunschwig-fils\/\"},{\"@type\":\"ListItem\",\"position\":4,\"name\":\"Tresors de Jouy\"}]},{\"@type\":\"WebSite\",\"@id\":\"https:\/\/www.gpjbaker.com\/#website\",\"url\":\"https:\/\/www.gpjbaker.com\/\",\"name\":\"G P &amp; J Baker\",\"description\":\"\",\"potentialAction\":[{\"@type\":\"SearchAction\",\"target\":{\"@type\":\"EntryPoint\",\"urlTemplate\":\"https:\/\/www.gpjbaker.com\/?s={search_term_string}\"},\"query-input\":{\"@type\":\"PropertyValueSpecification\",\"valueRequired\":true,\"valueName\":\"search_term_string\"}}],\"inLanguage\":\"fr-FR\"}]}<\/script>\n<!-- \/ Yoast SEO plugin. -->","yoast_head_json":{"title":"Tresors de Jouy - G P &amp; J Baker","robots":{"index":"index","follow":"follow","max-snippet":"max-snippet:-1","max-image-preview":"max-image-preview:large","max-video-preview":"max-video-preview:-1"},"canonical":"https:\/\/www.gpjbaker.com\/fr\/marques\/brunschwig-fils\/tresors-de-jouy\/","og_locale":"fr_FR","og_type":"article","og_title":"Tresors de Jouy - G P &amp; J Baker","og_description":"[vc_row full_width=&#8221;1&#8243;][vc_column][vc_column_text]Tr\u00e9sors de Jouy s&#8217;inspire de la beaut\u00e9 et du savoir-faire des imprim\u00e9s en Toiles de Jouy en proposant une large collection de charmantes \u00e9toffes rustiques qui caract\u00e9risent le style Proven\u00e7al. Ces gracieux imprim\u00e9s, cr\u00e9\u00e9s au 18\u00e8me si\u00e8cle, repr\u00e9sentent le plus souvent de romantiques sc\u00e8nes champ\u00eatres. La manufacture de Christophe-Philippe Oberkampf \u00e0 Jouy-en-Josas, un petit... Voir l'article","og_url":"https:\/\/www.gpjbaker.com\/fr\/marques\/brunschwig-fils\/tresors-de-jouy\/","og_site_name":"G P &amp; J Baker","article_modified_time":"2025-09-11T20:51:16+00:00","og_image":[{"width":400,"height":260,"url":"https:\/\/www.gpjbaker.com\/wp-content\/uploads\/2016\/03\/col-tresors-de-jouy_thumb.jpg","type":"image\/jpeg"}],"twitter_card":"summary_large_image","twitter_misc":{"Est. reading time":"1 minute"},"schema":{"@context":"https:\/\/schema.org","@graph":[{"@type":"WebPage","@id":"https:\/\/www.gpjbaker.com\/fr\/marques\/brunschwig-fils\/tresors-de-jouy\/","url":"https:\/\/www.gpjbaker.com\/fr\/marques\/brunschwig-fils\/tresors-de-jouy\/","name":"Tresors de Jouy - G P &amp; J Baker","isPartOf":{"@id":"https:\/\/www.gpjbaker.com\/#website"},"primaryImageOfPage":{"@id":"https:\/\/www.gpjbaker.com\/fr\/marques\/brunschwig-fils\/tresors-de-jouy\/#primaryimage"},"image":{"@id":"https:\/\/www.gpjbaker.com\/fr\/marques\/brunschwig-fils\/tresors-de-jouy\/#primaryimage"},"thumbnailUrl":"https:\/\/www.gpjbaker.com\/wp-content\/uploads\/2016\/03\/col-tresors-de-jouy_thumb.jpg","datePublished":"2016-03-07T18:40:44+00:00","dateModified":"2025-09-11T20:51:16+00:00","breadcrumb":{"@id":"https:\/\/www.gpjbaker.com\/fr\/marques\/brunschwig-fils\/tresors-de-jouy\/#breadcrumb"},"inLanguage":"fr-FR","potentialAction":[{"@type":"ReadAction","target":["https:\/\/www.gpjbaker.com\/fr\/marques\/brunschwig-fils\/tresors-de-jouy\/"]}]},{"@type":"ImageObject","inLanguage":"fr-FR","@id":"https:\/\/www.gpjbaker.com\/fr\/marques\/brunschwig-fils\/tresors-de-jouy\/#primaryimage","url":"https:\/\/www.gpjbaker.com\/wp-content\/uploads\/2016\/03\/col-tresors-de-jouy_thumb.jpg","contentUrl":"https:\/\/www.gpjbaker.com\/wp-content\/uploads\/2016\/03\/col-tresors-de-jouy_thumb.jpg","width":400,"height":260,"caption":"C\u00e9l\u00e8bre la beaut\u00e9 et le savoir-faire des toiles traditionnelles dans ces collections de tissus et papiers peints"},{"@type":"BreadcrumbList","@id":"https:\/\/www.gpjbaker.com\/fr\/marques\/brunschwig-fils\/tresors-de-jouy\/#breadcrumb","itemListElement":[{"@type":"ListItem","position":1,"name":"Home","item":"https:\/\/www.gpjbaker.com\/fr\/"},{"@type":"ListItem","position":2,"name":"Marques","item":"https:\/\/www.gpjbaker.com\/fr\/marques\/"},{"@type":"ListItem","position":3,"name":"Brunschwig &#038; Fils","item":"https:\/\/www.gpjbaker.com\/fr\/marques\/brunschwig-fils\/"},{"@type":"ListItem","position":4,"name":"Tresors de Jouy"}]},{"@type":"WebSite","@id":"https:\/\/www.gpjbaker.com\/#website","url":"https:\/\/www.gpjbaker.com\/","name":"G P &amp; J Baker","description":"","potentialAction":[{"@type":"SearchAction","target":{"@type":"EntryPoint","urlTemplate":"https:\/\/www.gpjbaker.com\/?s={search_term_string}"},"query-input":{"@type":"PropertyValueSpecification","valueRequired":true,"valueName":"search_term_string"}}],"inLanguage":"fr-FR"}]}},"_links":{"self":[{"href":"https:\/\/www.gpjbaker.com\/fr\/wp-json\/wp\/v2\/pages\/5246","targetHints":{"allow":["GET"]}}],"collection":[{"href":"https:\/\/www.gpjbaker.com\/fr\/wp-json\/wp\/v2\/pages"}],"about":[{"href":"https:\/\/www.gpjbaker.com\/fr\/wp-json\/wp\/v2\/types\/page"}],"author":[{"embeddable":true,"href":"https:\/\/www.gpjbaker.com\/fr\/wp-json\/wp\/v2\/users\/1"}],"replies":[{"embeddable":true,"href":"https:\/\/www.gpjbaker.com\/fr\/wp-json\/wp\/v2\/comments?post=5246"}],"version-history":[{"count":1,"href":"https:\/\/www.gpjbaker.com\/fr\/wp-json\/wp\/v2\/pages\/5246\/revisions"}],"predecessor-version":[{"id":6055,"href":"https:\/\/www.gpjbaker.com\/fr\/wp-json\/wp\/v2\/pages\/5246\/revisions\/6055"}],"up":[{"embeddable":true,"href":"https:\/\/www.gpjbaker.com\/fr\/wp-json\/wp\/v2\/pages\/5288"}],"wp:featuredmedia":[{"embeddable":true,"href":"https:\/\/www.gpjbaker.com\/fr\/wp-json\/wp\/v2\/media\/5580"}],"wp:attachment":[{"href":"https:\/\/www.gpjbaker.com\/fr\/wp-json\/wp\/v2\/media?parent=5246"}],"curies":[{"name":"wp","href":"https:\/\/api.w.org\/{rel}","templated":true}]}}