{"id":5243,"date":"2016-03-07T14:56:24","date_gmt":"2016-03-07T19:56:24","guid":{"rendered":"http:\/\/gpjbaker.com\/fr\/?page_id=5243"},"modified":"2025-09-08T14:45:39","modified_gmt":"2025-09-08T19:45:39","slug":"kelly-wearstler","status":"publish","type":"page","link":"https:\/\/www.gpjbaker.com\/fr\/marques\/lee-jofa\/kelly-wearstler\/","title":{"rendered":"Kelly Wearstler"},"content":{"rendered":"<div class=\"wpb-content-wrapper\">[vc_row full_width=&#8221;1&#8243;][vc_column][vc_column_text]Dans cette deuxi\u00e8me collaboration avec Groundworks, Kelly Wearstler a cr\u00e9\u00e9 une collection de tissus audacieux et inspir\u00e9s qui montrent son engouement pour des mat\u00e9riaux naturels et des motifs graphiques aux couleurs exceptionnelles. La collection propose des motifs naturels et stylis\u00e9s tout simplement \u00e9l\u00e9gants ainsi que des imprim\u00e9s audacieux devenus la signature de Kelly Wearstler.[\/vc_column_text][vc_raw_js]JTNDc2NyaXB0JTIwdHlwZSUzRCUyMnRleHQlMkZqYXZhc2NyaXB0JTIyJTNFJTIwJTBBJTBBdmFyJTIwc2VhcmNoVVJMJTIwJTNEJTIwJTIyc29ydCUzRERBVEUlMjZ1c2UlM0RNdWx0aXB1cnBvc2UlMkNVcGhvbHN0ZXJ5JTJDQ3VydGFpbnMlMjZjb2xsZWN0aW9uJTNES2VsbHklMjBXZWFyc3RsZXIlMjBJaSUyMiUzQiUwQSUwQSUzQyUyRnNjcmlwdCUzRQ==[\/vc_raw_js][\/vc_column][\/vc_row]<\/div>","protected":false},"excerpt":{"rendered":"[vc_row full_width=&#8221;1&#8243;][vc_column][vc_column_text]Dans cette deuxi\u00e8me collaboration avec Groundworks, Kelly Wearstler a cr\u00e9\u00e9 une collection de tissus audacieux et inspir\u00e9s qui montrent son engouement pour des mat\u00e9riaux naturels et des motifs graphiques aux couleurs exceptionnelles. La collection propose des motifs naturels et stylis\u00e9s tout simplement \u00e9l\u00e9gants ainsi que des imprim\u00e9s audacieux devenus la signature de Kelly Wearstler.[\/vc_column_text][vc_raw_js]JTNDc2NyaXB0JTIwdHlwZSUzRCUyMnRleHQlMkZqYXZhc2NyaXB0JTIyJTNFJTIwJTBBJTBBdmFyJTIwc2VhcmNoVVJMJTIwJTNEJTIwJTIyc29ydCUzRERBVEUlMjZ1c2UlM0RNdWx0aXB1cnBvc2UlMkNVcGhvbHN0ZXJ5JTJDQ3VydGFpbnMlMjZjb2xsZWN0aW9uJTNES2VsbHklMjBXZWFyc3RsZXIlMjBJaSUyMiUzQiUwQSUwQSUzQyUyRnNjcmlwdCUzRQ==[\/vc_raw_js][\/vc_column][\/vc_row]","protected":false},"author":1,"featured_media":5588,"parent":5287,"menu_order":17,"comment_status":"closed","ping_status":"closed","template":"template-collections.php","meta":{"footnotes":""},"class_list":["post-5243","page","type-page","status-publish","has-post-thumbnail","hentry","page_language-fr"],"yoast_head":"<!-- This site is optimized with the Yoast SEO plugin v26.8 - https:\/\/yoast.com\/product\/yoast-seo-wordpress\/ -->\n<title>Kelly Wearstler - G P &amp; J Baker<\/title>\n<meta name=\"robots\" content=\"index, follow, max-snippet:-1, max-image-preview:large, max-video-preview:-1\" \/>\n<link rel=\"canonical\" href=\"https:\/\/www.gpjbaker.com\/fr\/marques\/lee-jofa\/kelly-wearstler\/\" \/>\n<meta property=\"og:locale\" content=\"fr_FR\" \/>\n<meta property=\"og:type\" content=\"article\" \/>\n<meta property=\"og:title\" content=\"Kelly Wearstler - G P &amp; J Baker\" \/>\n<meta property=\"og:description\" content=\"[vc_row full_width=&#8221;1&#8243;][vc_column][vc_column_text]Dans cette deuxi\u00e8me collaboration avec Groundworks, Kelly Wearstler a cr\u00e9\u00e9 une collection de tissus audacieux et inspir\u00e9s qui montrent son engouement pour des mat\u00e9riaux naturels et des motifs graphiques aux couleurs exceptionnelles. La collection propose des motifs naturels et stylis\u00e9s tout simplement \u00e9l\u00e9gants ainsi que des imprim\u00e9s audacieux devenus la signature de Kelly Wearstler.[\/vc_column_text][vc_raw_js]JTNDc2NyaXB0JTIwdHlwZSUzRCUyMnRleHQlMkZqYXZhc2NyaXB0JTIyJTNFJTIwJTBBJTBBdmFyJTIwc2VhcmNoVVJMJTIwJTNEJTIwJTIyc29ydCUzRERBVEUlMjZ1c2UlM0RNdWx0aXB1cnBvc2UlMkNVcGhvbHN0ZXJ5JTJDQ3VydGFpbnMlMjZjb2xsZWN0aW9uJTNES2VsbHklMjBXZWFyc3RsZXIlMjBJaSUyMiUzQiUwQSUwQSUzQyUyRnNjcmlwdCUzRQ==[\/vc_raw_js][\/vc_column][\/vc_row]\" \/>\n<meta property=\"og:url\" content=\"https:\/\/www.gpjbaker.com\/fr\/marques\/lee-jofa\/kelly-wearstler\/\" \/>\n<meta property=\"og:site_name\" content=\"G P &amp; J Baker\" \/>\n<meta property=\"article:modified_time\" content=\"2025-09-08T19:45:39+00:00\" \/>\n<meta property=\"og:image\" content=\"https:\/\/www.gpjbaker.com\/wp-content\/uploads\/2016\/03\/kelly-wearstler_thumb-e1447358013631.jpg\" \/>\n\t<meta property=\"og:image:width\" content=\"400\" \/>\n\t<meta property=\"og:image:height\" content=\"260\" \/>\n\t<meta property=\"og:image:type\" content=\"image\/jpeg\" \/>\n<meta name=\"twitter:card\" content=\"summary_large_image\" \/>\n<meta name=\"twitter:label1\" content=\"Est. reading time\" \/>\n\t<meta name=\"twitter:data1\" content=\"1 minute\" \/>\n<script type=\"application\/ld+json\" class=\"yoast-schema-graph\">{\"@context\":\"https:\/\/schema.org\",\"@graph\":[{\"@type\":\"WebPage\",\"@id\":\"https:\/\/www.gpjbaker.com\/fr\/marques\/lee-jofa\/kelly-wearstler\/\",\"url\":\"https:\/\/www.gpjbaker.com\/fr\/marques\/lee-jofa\/kelly-wearstler\/\",\"name\":\"Kelly Wearstler - G P &amp; J Baker\",\"isPartOf\":{\"@id\":\"https:\/\/www.gpjbaker.com\/#website\"},\"primaryImageOfPage\":{\"@id\":\"https:\/\/www.gpjbaker.com\/fr\/marques\/lee-jofa\/kelly-wearstler\/#primaryimage\"},\"image\":{\"@id\":\"https:\/\/www.gpjbaker.com\/fr\/marques\/lee-jofa\/kelly-wearstler\/#primaryimage\"},\"thumbnailUrl\":\"https:\/\/www.gpjbaker.com\/wp-content\/uploads\/2016\/03\/kelly-wearstler_thumb-e1447358013631.jpg\",\"datePublished\":\"2016-03-07T19:56:24+00:00\",\"dateModified\":\"2025-09-08T19:45:39+00:00\",\"breadcrumb\":{\"@id\":\"https:\/\/www.gpjbaker.com\/fr\/marques\/lee-jofa\/kelly-wearstler\/#breadcrumb\"},\"inLanguage\":\"fr-FR\",\"potentialAction\":[{\"@type\":\"ReadAction\",\"target\":[\"https:\/\/www.gpjbaker.com\/fr\/marques\/lee-jofa\/kelly-wearstler\/\"]}]},{\"@type\":\"ImageObject\",\"inLanguage\":\"fr-FR\",\"@id\":\"https:\/\/www.gpjbaker.com\/fr\/marques\/lee-jofa\/kelly-wearstler\/#primaryimage\",\"url\":\"https:\/\/www.gpjbaker.com\/wp-content\/uploads\/2016\/03\/kelly-wearstler_thumb-e1447358013631.jpg\",\"contentUrl\":\"https:\/\/www.gpjbaker.com\/wp-content\/uploads\/2016\/03\/kelly-wearstler_thumb-e1447358013631.jpg\",\"width\":400,\"height\":260,\"caption\":\"Kelly Wearstler a cr\u00e9\u00e9 une collection de tissus audacieux et inspir\u00e9s qui montrent son engouement pour des mat\u00e9riaux naturels et des motifs graphiques aux couleurs exceptionnelles.\"},{\"@type\":\"BreadcrumbList\",\"@id\":\"https:\/\/www.gpjbaker.com\/fr\/marques\/lee-jofa\/kelly-wearstler\/#breadcrumb\",\"itemListElement\":[{\"@type\":\"ListItem\",\"position\":1,\"name\":\"Home\",\"item\":\"https:\/\/www.gpjbaker.com\/fr\/\"},{\"@type\":\"ListItem\",\"position\":2,\"name\":\"Marques\",\"item\":\"https:\/\/www.gpjbaker.com\/fr\/marques\/\"},{\"@type\":\"ListItem\",\"position\":3,\"name\":\"Lee Jofa\",\"item\":\"https:\/\/www.gpjbaker.com\/fr\/marques\/lee-jofa\/\"},{\"@type\":\"ListItem\",\"position\":4,\"name\":\"Kelly Wearstler\"}]},{\"@type\":\"WebSite\",\"@id\":\"https:\/\/www.gpjbaker.com\/#website\",\"url\":\"https:\/\/www.gpjbaker.com\/\",\"name\":\"G P &amp; J Baker\",\"description\":\"\",\"potentialAction\":[{\"@type\":\"SearchAction\",\"target\":{\"@type\":\"EntryPoint\",\"urlTemplate\":\"https:\/\/www.gpjbaker.com\/?s={search_term_string}\"},\"query-input\":{\"@type\":\"PropertyValueSpecification\",\"valueRequired\":true,\"valueName\":\"search_term_string\"}}],\"inLanguage\":\"fr-FR\"}]}<\/script>\n<!-- \/ Yoast SEO plugin. -->","yoast_head_json":{"title":"Kelly Wearstler - G P &amp; J Baker","robots":{"index":"index","follow":"follow","max-snippet":"max-snippet:-1","max-image-preview":"max-image-preview:large","max-video-preview":"max-video-preview:-1"},"canonical":"https:\/\/www.gpjbaker.com\/fr\/marques\/lee-jofa\/kelly-wearstler\/","og_locale":"fr_FR","og_type":"article","og_title":"Kelly Wearstler - G P &amp; J Baker","og_description":"[vc_row full_width=&#8221;1&#8243;][vc_column][vc_column_text]Dans cette deuxi\u00e8me collaboration avec Groundworks, Kelly Wearstler a cr\u00e9\u00e9 une collection de tissus audacieux et inspir\u00e9s qui montrent son engouement pour des mat\u00e9riaux naturels et des motifs graphiques aux couleurs exceptionnelles. La collection propose des motifs naturels et stylis\u00e9s tout simplement \u00e9l\u00e9gants ainsi que des imprim\u00e9s audacieux devenus la signature de Kelly Wearstler.[\/vc_column_text][vc_raw_js]JTNDc2NyaXB0JTIwdHlwZSUzRCUyMnRleHQlMkZqYXZhc2NyaXB0JTIyJTNFJTIwJTBBJTBBdmFyJTIwc2VhcmNoVVJMJTIwJTNEJTIwJTIyc29ydCUzRERBVEUlMjZ1c2UlM0RNdWx0aXB1cnBvc2UlMkNVcGhvbHN0ZXJ5JTJDQ3VydGFpbnMlMjZjb2xsZWN0aW9uJTNES2VsbHklMjBXZWFyc3RsZXIlMjBJaSUyMiUzQiUwQSUwQSUzQyUyRnNjcmlwdCUzRQ==[\/vc_raw_js][\/vc_column][\/vc_row]","og_url":"https:\/\/www.gpjbaker.com\/fr\/marques\/lee-jofa\/kelly-wearstler\/","og_site_name":"G P &amp; J Baker","article_modified_time":"2025-09-08T19:45:39+00:00","og_image":[{"width":400,"height":260,"url":"https:\/\/www.gpjbaker.com\/wp-content\/uploads\/2016\/03\/kelly-wearstler_thumb-e1447358013631.jpg","type":"image\/jpeg"}],"twitter_card":"summary_large_image","twitter_misc":{"Est. reading time":"1 minute"},"schema":{"@context":"https:\/\/schema.org","@graph":[{"@type":"WebPage","@id":"https:\/\/www.gpjbaker.com\/fr\/marques\/lee-jofa\/kelly-wearstler\/","url":"https:\/\/www.gpjbaker.com\/fr\/marques\/lee-jofa\/kelly-wearstler\/","name":"Kelly Wearstler - G P &amp; J Baker","isPartOf":{"@id":"https:\/\/www.gpjbaker.com\/#website"},"primaryImageOfPage":{"@id":"https:\/\/www.gpjbaker.com\/fr\/marques\/lee-jofa\/kelly-wearstler\/#primaryimage"},"image":{"@id":"https:\/\/www.gpjbaker.com\/fr\/marques\/lee-jofa\/kelly-wearstler\/#primaryimage"},"thumbnailUrl":"https:\/\/www.gpjbaker.com\/wp-content\/uploads\/2016\/03\/kelly-wearstler_thumb-e1447358013631.jpg","datePublished":"2016-03-07T19:56:24+00:00","dateModified":"2025-09-08T19:45:39+00:00","breadcrumb":{"@id":"https:\/\/www.gpjbaker.com\/fr\/marques\/lee-jofa\/kelly-wearstler\/#breadcrumb"},"inLanguage":"fr-FR","potentialAction":[{"@type":"ReadAction","target":["https:\/\/www.gpjbaker.com\/fr\/marques\/lee-jofa\/kelly-wearstler\/"]}]},{"@type":"ImageObject","inLanguage":"fr-FR","@id":"https:\/\/www.gpjbaker.com\/fr\/marques\/lee-jofa\/kelly-wearstler\/#primaryimage","url":"https:\/\/www.gpjbaker.com\/wp-content\/uploads\/2016\/03\/kelly-wearstler_thumb-e1447358013631.jpg","contentUrl":"https:\/\/www.gpjbaker.com\/wp-content\/uploads\/2016\/03\/kelly-wearstler_thumb-e1447358013631.jpg","width":400,"height":260,"caption":"Kelly Wearstler a cr\u00e9\u00e9 une collection de tissus audacieux et inspir\u00e9s qui montrent son engouement pour des mat\u00e9riaux naturels et des motifs graphiques aux couleurs exceptionnelles."},{"@type":"BreadcrumbList","@id":"https:\/\/www.gpjbaker.com\/fr\/marques\/lee-jofa\/kelly-wearstler\/#breadcrumb","itemListElement":[{"@type":"ListItem","position":1,"name":"Home","item":"https:\/\/www.gpjbaker.com\/fr\/"},{"@type":"ListItem","position":2,"name":"Marques","item":"https:\/\/www.gpjbaker.com\/fr\/marques\/"},{"@type":"ListItem","position":3,"name":"Lee Jofa","item":"https:\/\/www.gpjbaker.com\/fr\/marques\/lee-jofa\/"},{"@type":"ListItem","position":4,"name":"Kelly Wearstler"}]},{"@type":"WebSite","@id":"https:\/\/www.gpjbaker.com\/#website","url":"https:\/\/www.gpjbaker.com\/","name":"G P &amp; J Baker","description":"","potentialAction":[{"@type":"SearchAction","target":{"@type":"EntryPoint","urlTemplate":"https:\/\/www.gpjbaker.com\/?s={search_term_string}"},"query-input":{"@type":"PropertyValueSpecification","valueRequired":true,"valueName":"search_term_string"}}],"inLanguage":"fr-FR"}]}},"_links":{"self":[{"href":"https:\/\/www.gpjbaker.com\/fr\/wp-json\/wp\/v2\/pages\/5243","targetHints":{"allow":["GET"]}}],"collection":[{"href":"https:\/\/www.gpjbaker.com\/fr\/wp-json\/wp\/v2\/pages"}],"about":[{"href":"https:\/\/www.gpjbaker.com\/fr\/wp-json\/wp\/v2\/types\/page"}],"author":[{"embeddable":true,"href":"https:\/\/www.gpjbaker.com\/fr\/wp-json\/wp\/v2\/users\/1"}],"replies":[{"embeddable":true,"href":"https:\/\/www.gpjbaker.com\/fr\/wp-json\/wp\/v2\/comments?post=5243"}],"version-history":[{"count":1,"href":"https:\/\/www.gpjbaker.com\/fr\/wp-json\/wp\/v2\/pages\/5243\/revisions"}],"predecessor-version":[{"id":6231,"href":"https:\/\/www.gpjbaker.com\/fr\/wp-json\/wp\/v2\/pages\/5243\/revisions\/6231"}],"up":[{"embeddable":true,"href":"https:\/\/www.gpjbaker.com\/fr\/wp-json\/wp\/v2\/pages\/5287"}],"wp:featuredmedia":[{"embeddable":true,"href":"https:\/\/www.gpjbaker.com\/fr\/wp-json\/wp\/v2\/media\/5588"}],"wp:attachment":[{"href":"https:\/\/www.gpjbaker.com\/fr\/wp-json\/wp\/v2\/media?parent=5243"}],"curies":[{"name":"wp","href":"https:\/\/api.w.org\/{rel}","templated":true}]}}