{"id":5238,"date":"2016-03-07T14:39:24","date_gmt":"2016-03-07T19:39:24","guid":{"rendered":"http:\/\/gpjbaker.com\/fr\/?page_id=5238"},"modified":"2025-09-09T12:35:13","modified_gmt":"2025-09-09T17:35:13","slug":"barclay-buteras-retreat-and-bungalow","status":"publish","type":"page","link":"https:\/\/www.gpjbaker.com\/fr\/marques\/kravet\/barclay-buteras-retreat-and-bungalow\/","title":{"rendered":"Barclay Butera&#8217;s Retreat and Bungalow"},"content":{"rendered":"<div class=\"wpb-content-wrapper\">[vc_row full_width=&#8221;1&#8243;][vc_column][vc_column_text]Le designer Barclay Butera est bien connu pour ses cr\u00e9ations qui expriment la quintessence du style am\u00e9ricain avec une touche de c\u00f4te ouest. Les imprim\u00e9s tr\u00e8s \u00e9l\u00e9gants de Butera pour Retreat proposent des teintes d\u00e9lav\u00e9es, aux tonalit\u00e9s neutres, douces et sereines ; parfaites pour cr\u00e9er un environnement confortable et calme. Bungalow allie l&#8217;\u00e9l\u00e9gance \u00e0 la fantaisie chic \u00e0 des couleurs explosives, ultra modernes, fra\u00eeches, et amusantes. Ses imprim\u00e9s, \u00e9toffes et toiles de lin refl\u00e8tent le style informel et \u00e9clatant de Butera ; des aspirations accessibles et toujours chaleureuses.[\/vc_column_text][vc_raw_js]JTNDc2NyaXB0JTIwdHlwZSUzRCUyMnRleHQlMkZqYXZhc2NyaXB0JTIyJTNFJTIwdmFyJTIwc2VhcmNoVVJMJTIwJTNEJTIwJTIyc29ydCUzRERBVEUlMjZ1c2UlM0RNdWx0aXB1cnBvc2UlMkNVcGhvbHN0ZXJ5JTJDQ3VydGFpbnMlMjZjb2xsZWN0aW9uJTNEQmFyY2xheSUyMEJ1dGVyYSUyMENvbGxlY3Rpb24lMjBJaSUyMiUzQiUzQyUyRnNjcmlwdCUzRQ==[\/vc_raw_js][\/vc_column][\/vc_row]<\/div>","protected":false},"excerpt":{"rendered":"[vc_row full_width=&#8221;1&#8243;][vc_column][vc_column_text]Le designer Barclay Butera est bien connu pour ses cr\u00e9ations qui expriment la quintessence du style am\u00e9ricain avec une touche de c\u00f4te ouest. Les imprim\u00e9s tr\u00e8s \u00e9l\u00e9gants de Butera pour Retreat proposent des teintes d\u00e9lav\u00e9es, aux tonalit\u00e9s neutres, douces et sereines ; parfaites pour cr\u00e9er un environnement confortable et calme. Bungalow allie l&#8217;\u00e9l\u00e9gance \u00e0&#8230; <a class=\"view-article\" href=\"https:\/\/www.gpjbaker.com\/fr\/marques\/kravet\/barclay-buteras-retreat-and-bungalow\/\">Voir l&#8217;article<\/a>","protected":false},"author":1,"featured_media":5573,"parent":5291,"menu_order":7,"comment_status":"closed","ping_status":"closed","template":"template-collections.php","meta":{"footnotes":""},"class_list":["post-5238","page","type-page","status-publish","has-post-thumbnail","hentry","page_language-fr"],"yoast_head":"<!-- This site is optimized with the Yoast SEO plugin v26.8 - https:\/\/yoast.com\/product\/yoast-seo-wordpress\/ -->\n<title>Barclay Butera&#039;s Retreat and Bungalow - G P &amp; J Baker<\/title>\n<meta name=\"robots\" content=\"index, follow, max-snippet:-1, max-image-preview:large, max-video-preview:-1\" \/>\n<link rel=\"canonical\" href=\"https:\/\/www.gpjbaker.com\/fr\/marques\/kravet\/barclay-buteras-retreat-and-bungalow\/\" \/>\n<meta property=\"og:locale\" content=\"fr_FR\" \/>\n<meta property=\"og:type\" content=\"article\" \/>\n<meta property=\"og:title\" content=\"Barclay Butera&#039;s Retreat and Bungalow - G P &amp; J Baker\" \/>\n<meta property=\"og:description\" content=\"[vc_row full_width=&#8221;1&#8243;][vc_column][vc_column_text]Le designer Barclay Butera est bien connu pour ses cr\u00e9ations qui expriment la quintessence du style am\u00e9ricain avec une touche de c\u00f4te ouest. Les imprim\u00e9s tr\u00e8s \u00e9l\u00e9gants de Butera pour Retreat proposent des teintes d\u00e9lav\u00e9es, aux tonalit\u00e9s neutres, douces et sereines ; parfaites pour cr\u00e9er un environnement confortable et calme. Bungalow allie l&#8217;\u00e9l\u00e9gance \u00e0... Voir l&#039;article\" \/>\n<meta property=\"og:url\" content=\"https:\/\/www.gpjbaker.com\/fr\/marques\/kravet\/barclay-buteras-retreat-and-bungalow\/\" \/>\n<meta property=\"og:site_name\" content=\"G P &amp; J Baker\" \/>\n<meta property=\"article:modified_time\" content=\"2025-09-09T17:35:13+00:00\" \/>\n<meta property=\"og:image\" content=\"https:\/\/www.gpjbaker.com\/wp-content\/uploads\/2016\/03\/barclay_butera_thumb.jpg\" \/>\n\t<meta property=\"og:image:width\" content=\"393\" \/>\n\t<meta property=\"og:image:height\" content=\"255\" \/>\n\t<meta property=\"og:image:type\" content=\"image\/jpeg\" \/>\n<meta name=\"twitter:card\" content=\"summary_large_image\" \/>\n<meta name=\"twitter:label1\" content=\"Est. reading time\" \/>\n\t<meta name=\"twitter:data1\" content=\"1 minute\" \/>\n<script type=\"application\/ld+json\" class=\"yoast-schema-graph\">{\"@context\":\"https:\/\/schema.org\",\"@graph\":[{\"@type\":\"WebPage\",\"@id\":\"https:\/\/www.gpjbaker.com\/fr\/marques\/kravet\/barclay-buteras-retreat-and-bungalow\/\",\"url\":\"https:\/\/www.gpjbaker.com\/fr\/marques\/kravet\/barclay-buteras-retreat-and-bungalow\/\",\"name\":\"Barclay Butera's Retreat and Bungalow - G P &amp; J Baker\",\"isPartOf\":{\"@id\":\"https:\/\/www.gpjbaker.com\/#website\"},\"primaryImageOfPage\":{\"@id\":\"https:\/\/www.gpjbaker.com\/fr\/marques\/kravet\/barclay-buteras-retreat-and-bungalow\/#primaryimage\"},\"image\":{\"@id\":\"https:\/\/www.gpjbaker.com\/fr\/marques\/kravet\/barclay-buteras-retreat-and-bungalow\/#primaryimage\"},\"thumbnailUrl\":\"https:\/\/www.gpjbaker.com\/wp-content\/uploads\/2016\/03\/barclay_butera_thumb.jpg\",\"datePublished\":\"2016-03-07T19:39:24+00:00\",\"dateModified\":\"2025-09-09T17:35:13+00:00\",\"breadcrumb\":{\"@id\":\"https:\/\/www.gpjbaker.com\/fr\/marques\/kravet\/barclay-buteras-retreat-and-bungalow\/#breadcrumb\"},\"inLanguage\":\"fr-FR\",\"potentialAction\":[{\"@type\":\"ReadAction\",\"target\":[\"https:\/\/www.gpjbaker.com\/fr\/marques\/kravet\/barclay-buteras-retreat-and-bungalow\/\"]}]},{\"@type\":\"ImageObject\",\"inLanguage\":\"fr-FR\",\"@id\":\"https:\/\/www.gpjbaker.com\/fr\/marques\/kravet\/barclay-buteras-retreat-and-bungalow\/#primaryimage\",\"url\":\"https:\/\/www.gpjbaker.com\/wp-content\/uploads\/2016\/03\/barclay_butera_thumb.jpg\",\"contentUrl\":\"https:\/\/www.gpjbaker.com\/wp-content\/uploads\/2016\/03\/barclay_butera_thumb.jpg\",\"width\":393,\"height\":255,\"caption\":\"Des imprim\u00e9s ultra-modernes, frais et pleins d'esprit, des \u00e9toffes et du lin dans des tons sobres et neutres ou dans des coloris tr\u00e8s vifs\"},{\"@type\":\"BreadcrumbList\",\"@id\":\"https:\/\/www.gpjbaker.com\/fr\/marques\/kravet\/barclay-buteras-retreat-and-bungalow\/#breadcrumb\",\"itemListElement\":[{\"@type\":\"ListItem\",\"position\":1,\"name\":\"Home\",\"item\":\"https:\/\/www.gpjbaker.com\/fr\/\"},{\"@type\":\"ListItem\",\"position\":2,\"name\":\"Marques\",\"item\":\"https:\/\/www.gpjbaker.com\/fr\/marques\/\"},{\"@type\":\"ListItem\",\"position\":3,\"name\":\"Kravet\",\"item\":\"https:\/\/www.gpjbaker.com\/fr\/marques\/kravet\/\"},{\"@type\":\"ListItem\",\"position\":4,\"name\":\"Barclay Butera&#8217;s Retreat and Bungalow\"}]},{\"@type\":\"WebSite\",\"@id\":\"https:\/\/www.gpjbaker.com\/#website\",\"url\":\"https:\/\/www.gpjbaker.com\/\",\"name\":\"G P &amp; J Baker\",\"description\":\"\",\"potentialAction\":[{\"@type\":\"SearchAction\",\"target\":{\"@type\":\"EntryPoint\",\"urlTemplate\":\"https:\/\/www.gpjbaker.com\/?s={search_term_string}\"},\"query-input\":{\"@type\":\"PropertyValueSpecification\",\"valueRequired\":true,\"valueName\":\"search_term_string\"}}],\"inLanguage\":\"fr-FR\"}]}<\/script>\n<!-- \/ Yoast SEO plugin. -->","yoast_head_json":{"title":"Barclay Butera's Retreat and Bungalow - G P &amp; J Baker","robots":{"index":"index","follow":"follow","max-snippet":"max-snippet:-1","max-image-preview":"max-image-preview:large","max-video-preview":"max-video-preview:-1"},"canonical":"https:\/\/www.gpjbaker.com\/fr\/marques\/kravet\/barclay-buteras-retreat-and-bungalow\/","og_locale":"fr_FR","og_type":"article","og_title":"Barclay Butera's Retreat and Bungalow - G P &amp; J Baker","og_description":"[vc_row full_width=&#8221;1&#8243;][vc_column][vc_column_text]Le designer Barclay Butera est bien connu pour ses cr\u00e9ations qui expriment la quintessence du style am\u00e9ricain avec une touche de c\u00f4te ouest. Les imprim\u00e9s tr\u00e8s \u00e9l\u00e9gants de Butera pour Retreat proposent des teintes d\u00e9lav\u00e9es, aux tonalit\u00e9s neutres, douces et sereines ; parfaites pour cr\u00e9er un environnement confortable et calme. Bungalow allie l&#8217;\u00e9l\u00e9gance \u00e0... Voir l'article","og_url":"https:\/\/www.gpjbaker.com\/fr\/marques\/kravet\/barclay-buteras-retreat-and-bungalow\/","og_site_name":"G P &amp; J Baker","article_modified_time":"2025-09-09T17:35:13+00:00","og_image":[{"width":393,"height":255,"url":"https:\/\/www.gpjbaker.com\/wp-content\/uploads\/2016\/03\/barclay_butera_thumb.jpg","type":"image\/jpeg"}],"twitter_card":"summary_large_image","twitter_misc":{"Est. reading time":"1 minute"},"schema":{"@context":"https:\/\/schema.org","@graph":[{"@type":"WebPage","@id":"https:\/\/www.gpjbaker.com\/fr\/marques\/kravet\/barclay-buteras-retreat-and-bungalow\/","url":"https:\/\/www.gpjbaker.com\/fr\/marques\/kravet\/barclay-buteras-retreat-and-bungalow\/","name":"Barclay Butera's Retreat and Bungalow - G P &amp; J Baker","isPartOf":{"@id":"https:\/\/www.gpjbaker.com\/#website"},"primaryImageOfPage":{"@id":"https:\/\/www.gpjbaker.com\/fr\/marques\/kravet\/barclay-buteras-retreat-and-bungalow\/#primaryimage"},"image":{"@id":"https:\/\/www.gpjbaker.com\/fr\/marques\/kravet\/barclay-buteras-retreat-and-bungalow\/#primaryimage"},"thumbnailUrl":"https:\/\/www.gpjbaker.com\/wp-content\/uploads\/2016\/03\/barclay_butera_thumb.jpg","datePublished":"2016-03-07T19:39:24+00:00","dateModified":"2025-09-09T17:35:13+00:00","breadcrumb":{"@id":"https:\/\/www.gpjbaker.com\/fr\/marques\/kravet\/barclay-buteras-retreat-and-bungalow\/#breadcrumb"},"inLanguage":"fr-FR","potentialAction":[{"@type":"ReadAction","target":["https:\/\/www.gpjbaker.com\/fr\/marques\/kravet\/barclay-buteras-retreat-and-bungalow\/"]}]},{"@type":"ImageObject","inLanguage":"fr-FR","@id":"https:\/\/www.gpjbaker.com\/fr\/marques\/kravet\/barclay-buteras-retreat-and-bungalow\/#primaryimage","url":"https:\/\/www.gpjbaker.com\/wp-content\/uploads\/2016\/03\/barclay_butera_thumb.jpg","contentUrl":"https:\/\/www.gpjbaker.com\/wp-content\/uploads\/2016\/03\/barclay_butera_thumb.jpg","width":393,"height":255,"caption":"Des imprim\u00e9s ultra-modernes, frais et pleins d'esprit, des \u00e9toffes et du lin dans des tons sobres et neutres ou dans des coloris tr\u00e8s vifs"},{"@type":"BreadcrumbList","@id":"https:\/\/www.gpjbaker.com\/fr\/marques\/kravet\/barclay-buteras-retreat-and-bungalow\/#breadcrumb","itemListElement":[{"@type":"ListItem","position":1,"name":"Home","item":"https:\/\/www.gpjbaker.com\/fr\/"},{"@type":"ListItem","position":2,"name":"Marques","item":"https:\/\/www.gpjbaker.com\/fr\/marques\/"},{"@type":"ListItem","position":3,"name":"Kravet","item":"https:\/\/www.gpjbaker.com\/fr\/marques\/kravet\/"},{"@type":"ListItem","position":4,"name":"Barclay Butera&#8217;s Retreat and Bungalow"}]},{"@type":"WebSite","@id":"https:\/\/www.gpjbaker.com\/#website","url":"https:\/\/www.gpjbaker.com\/","name":"G P &amp; J Baker","description":"","potentialAction":[{"@type":"SearchAction","target":{"@type":"EntryPoint","urlTemplate":"https:\/\/www.gpjbaker.com\/?s={search_term_string}"},"query-input":{"@type":"PropertyValueSpecification","valueRequired":true,"valueName":"search_term_string"}}],"inLanguage":"fr-FR"}]}},"_links":{"self":[{"href":"https:\/\/www.gpjbaker.com\/fr\/wp-json\/wp\/v2\/pages\/5238","targetHints":{"allow":["GET"]}}],"collection":[{"href":"https:\/\/www.gpjbaker.com\/fr\/wp-json\/wp\/v2\/pages"}],"about":[{"href":"https:\/\/www.gpjbaker.com\/fr\/wp-json\/wp\/v2\/types\/page"}],"author":[{"embeddable":true,"href":"https:\/\/www.gpjbaker.com\/fr\/wp-json\/wp\/v2\/users\/1"}],"replies":[{"embeddable":true,"href":"https:\/\/www.gpjbaker.com\/fr\/wp-json\/wp\/v2\/comments?post=5238"}],"version-history":[{"count":1,"href":"https:\/\/www.gpjbaker.com\/fr\/wp-json\/wp\/v2\/pages\/5238\/revisions"}],"predecessor-version":[{"id":6219,"href":"https:\/\/www.gpjbaker.com\/fr\/wp-json\/wp\/v2\/pages\/5238\/revisions\/6219"}],"up":[{"embeddable":true,"href":"https:\/\/www.gpjbaker.com\/fr\/wp-json\/wp\/v2\/pages\/5291"}],"wp:featuredmedia":[{"embeddable":true,"href":"https:\/\/www.gpjbaker.com\/fr\/wp-json\/wp\/v2\/media\/5573"}],"wp:attachment":[{"href":"https:\/\/www.gpjbaker.com\/fr\/wp-json\/wp\/v2\/media?parent=5238"}],"curies":[{"name":"wp","href":"https:\/\/api.w.org\/{rel}","templated":true}]}}